{"id":16424,"date":"2026-02-28T09:45:49","date_gmt":"2026-02-28T09:45:49","guid":{"rendered":"https:\/\/amannforg.com\/?post_type=product&#038;p=16424"},"modified":"2026-03-13T11:21:48","modified_gmt":"2026-03-13T11:21:48","slug":"erazer-scout-17-e1-173-fhd-144hz-core-5-210h-16-1tb-ssd-rtx5050-win11-md62758","status":"publish","type":"product","link":"https:\/\/amannforg.com\/de\/produkt\/erazer-scout-17-e1-173-fhd-144hz-core-5-210h-16-1tb-ssd-rtx5050-win11-md62758\/","title":{"rendered":"Erazer Scout 17 E1 17,3&#8243; FHD 144Hz Core 5 210H 16\/1TB SSD RTX5050 Win11 MD62758"},"content":{"rendered":"<p class=\"mb-l\">\n<div class=\"titlepage\">\n<h2 class=\"text-h3 mb-l\">Erazer Scout 17 E1 17,3&#8243; FHD 144Hz <\/h2>\n<\/div>\n<p>Core 5 210H<\/p>\n<div class=\"titlepage\">\n<h2 class=\"text-h3 mb-l\"> 16\/1TB SSD RTX5050 Win11 MD62758<\/h2>\n<\/div>\n<p class=\"mb-l\">.<\/p>\n<p class=\"mb-l\">\n<div class=\"titlepage\">\n<h2 class=\"text-h3 mb-l\">Mattes 43,9 cm (17,3\u2019\u2019) LED-Backlight-Display mit IPS-Technologie, 144 Hz und einer Full HD Aufl\u00f6sung von 1.920 x 1.080 Pixeln<\/h2>\n<\/div>\n<p class=\"mb-l\">\n<div class=\"titlepage\">\n<h2 class=\"text-h3 mb-l\">Full HD-Display<\/h2>\n<\/div>\n<p class=\"mb-l\">Auf dem hochaufl\u00f6senden Full HD-Display siehst Du einfach mehr als Deine Gegner. Die matte Oberfl\u00e4che reduziert Spiegelungen und der Bildschirm zeigt Spiele sehr detail- und kontrastreich sowie mit satten Farben an.<\/p>\n<p class=\"mb-l\">\n<div class=\"titlepage\">\n<h2 class=\"text-h3 mb-l\">NVIDIA\u00ae GeForce RTX\u2122 5050 Laptop GPU<\/h2>\n<\/div>\n<p class=\"mb-l\">\n<div class=\"titlepage\">\n<h2 class=\"text-h3 mb-l\">Leistung und Effizienz f\u00fcr anspruchsvolle Gamer<\/h2>\n<\/div>\n<p class=\"mb-l\">Die NVIDIA RTX 5050 bietet dir fortschrittliche Grafiktechnologie und hohe Energieeffizienz und richtet sich an Gamer wie dich, die maximale Leistung suchen. Mit der NVIDIA Backwell-Architektur erlebst du beeindruckende Raytracing-Effekte und fl\u00fcssiges Gameplay in hohen Aufl\u00f6sungen.<\/p>\n<p class=\"mb-l\">Dank der effizienten Architektur liefert dir die RTX 5050 starke Performance bei geringem Stromverbrauch. Realistisches Raytracing und NVIDIA DLSS 4.0 sorgen daf\u00fcr, dass du in eine immersive Spielerfahrung mit hoher Bildqualit\u00e4t und fl\u00fcssigen Framerates eintauchst.<\/p>\n<p class=\"mb-l\">Die RTX 5050 ist genau auf die Anforderungen moderner Spiele abgestimmt. Du genie\u00dft ruckelfreies Gaming selbst bei hohen Grafikeinstellungen und erlebst ein dynamisches Spielerlebnis mit beeindruckender Detailtiefe. Mit ihrer schnellen Rechenleistung und fortschrittlichen Technologie erm\u00f6glicht sie dir, jedes Spiel in voller Pracht zu erleben und in virtuelle Welten einzutauchen wie nie zuvor.<\/p>\n<p class=\"mb-l\">\n<div class=\"titlepage\">\n<h2 class=\"text-h3 mb-l\">1 TB PCIe SSD<\/h2>\n<\/div>\n<p class=\"mb-l\">\n<div class=\"titlepage\">\n<h2 class=\"text-h3 mb-l\">Schnell und Leistungsstark<\/h2>\n<\/div>\n<p class=\"mb-l\">Die SSD mit 1 TB sorgt daf\u00fcr, dass Deine Spiele und Dein System schneller starten. Au\u00dferdem verk\u00fcrzen sich die Ladezeiten, sodass Du direkt loslegen kannst, ohne auf den Ladebalken zu warten.<\/p>\n<p class=\"mb-l\">\n<div class=\"titlepage\">\n<h2 class=\"text-h3 mb-l\">16 GB DDR5 RAM<\/h2>\n<\/div>\n<p class=\"mb-l\">\n<div class=\"titlepage\">\n<h2 class=\"text-h3 mb-l\">Mehr Performance mit DDR5<\/h2>\n<\/div>\n<p class=\"mb-l\">Der DDR5-Arbeitsspeicher macht Dein Laptop fit f\u00fcr die Zukunft und Dich fit f\u00fcrs Siegertreppchen. Mit einer deutlich h\u00f6heren Taktfrequenz l\u00e4uft Dein System einfach runder und Ladezeiten werden ebenso effizient ausgeschaltet wie Deine Gegenspieler.Backlit-Keyboard mit einstellbaren Farben<\/p>\n<p class=\"mb-l\">Perfekt f\u00fcr Spieler und alle, die es bunt m\u00f6gen: Die Hintergrundbeleuchtung taucht die Tastatur dieses Notebooks in eine von 15 w\u00e4hlbaren Farben. So sind beste Atmosph\u00e4re nach Wunsch und volle \u00dcbersicht auch im Dunkeln garantiert.<\/p>\n<p class=\"mb-l\">\n<div class=\"titlepage\">\n<h2 class=\"text-h3 mb-l\">Extrem schmaler Displayrahmen<\/h2>\n<\/div>\n<p class=\"mb-l\">\n<div class=\"titlepage\">\n<h2 class=\"text-h3 mb-l\">Schmaler ist st\u00e4rker<\/h2>\n<\/div>\n<p class=\"mb-l\">Durch den besonders schmalen Display-Rahmen bietet Dir dieses MEDION ERAZER Gaming-Notebook ein absolut packendes Spielerlebnis. Das Display wirkt gr\u00f6\u00dfer und Du tauchst ganz ohne Ablenkung noch intensiver in Deine Gaming-Welten ein. So konzentrierst Du Dich auch in hitzigen Gefechten voll auf das Wichtigste und sammelst mit dem edlen Geh\u00e4use satte Extrapunkte f\u00fcr starken Stil.<\/p>\n<p class=\"mb-l\">\n<div class=\"titlepage\">\n<h2 class=\"text-h3 mb-l\">Intel\u00ae Wi-Fi 6E mit integrierter Bluetooth\u00ae Funktion<\/h2>\n<\/div>\n<p class=\"mb-l\">\n<div class=\"titlepage\">\n<h2 class=\"text-h3 mb-l\">Grenzenloser Spielspa\u00df<\/h2>\n<\/div>\n<p class=\"mb-l\">Genie\u00dfe packende Gaming-Momente auch ohne Kabel! Durch die integrierte Intel Wi-Fi 6E Technologie spielst Du drahtlos auf h\u00f6chstem Niveau. Rasante Downloads, stabile Serververbindung, niedrige Latenzen, hohe Sicherheit \u2013 so machen spontane Gaming-Sessions wieder Spa\u00df!<\/p>\n<p class=\"mb-l\">\n<div class=\"titlepage\">\n<h2 class=\"text-h3 mb-l\">Optimierte K\u00fchlung<\/h2>\n<\/div>\n<p class=\"mb-l\">\n<div class=\"titlepage\">\n<h2 class=\"text-h3 mb-l\">Coole Performance f\u00fcr hei\u00dfe Action<\/h2>\n<\/div>\n<p class=\"mb-l\">F\u00fcr Gaming-Performance auf dem h\u00f6chsten Niveau kommt es auf jedes Detail an. Das wissen wir ebenso wie Du und legen deshalb auch auf die K\u00fchlung unserer MEDION ERAZER Gaming-Notebooks gro\u00dfen Wert. Mit der starken Leistung von speziell angepassten Heatpipes und steuerbaren L\u00fcftern bleiben Deine Komponenten auch in hitzigen Situationen auf optimaler Temperatur und spielen immer ganz vorne mit.<\/p>\n<p class=\"mb-l\">\n<div class=\"titlepage\">\n<h2 class=\"text-h3 mb-l\">NVIDIA DLSS<\/h2>\n<\/div>\n<p class=\"mb-l\">NVIDIA DLSS (Deep Learning Super Sampling) ist eine bahnbrechende KI-RenderingbTechnologie, die mit dedizierten Tensor Core-KI-Prozessoren auf GeForce RTX\u2122-GPUs die Grafikleistung erh\u00f6ht. DLSS nutzt die Leistung eines neuronalen Netzes f\u00fcr Deep Learning, um die Frameraten zu steigern und sch\u00f6ne, scharfe Bilder f\u00fcr deine Spiele zu generieren.<\/p>\n<p class=\"mb-l\">\n<div class=\"titlepage\">\n<h2 class=\"text-h3 mb-l\">RAYTRACING<\/h2>\n<\/div>\n<p class=\"mb-l\">Rytracing ist das Nonplusultra der Spielgrafik. Dabei wird das physikalische Verhalten des Lichts simuliert, um selbst bei den grafisch komplexesten Spielen Echtzeit-Rendering in Kinoqualit\u00e4t zu erm\u00f6glichen. Nur die RTX-Plattform von NVIDIA verf\u00fcgt \u00fcber dedizierte KI Recheneinheiten f\u00fcr Raytracing und Tensor, die gro\u00dfartige Technologien mit bahnbrechender Geschwindigkeit erm\u00f6glichen. Erlebe die gr\u00f6\u00dften Blockbuster von heute wie niemals zuvor. RTX. It\u2019s On<\/p>\n<li class=\"mb-m\">\n<div class=\"flex flex-col m:flex-row gap-s m:gap-xl\">\n<div class=\"text-h3 min-w-[244px] max-w-[244px]\">Arbeitsspeicher (RAM)<\/div>\n<div class=\"flex flex-col gap-s\"><span class=\"\"><\/p>\n<ul class=\"flex flex-col gap-s\">\n<li class=\"ml-3xs pl-[15px] relative before:absolute before:w-[8px] before:h-[8px] before:bg-dark before:top-[8px] before:left-0 before:rounded-full\">Arbeitsspeicher in GB: 16 GB<\/li>\n<li class=\"ml-3xs pl-[15px] relative before:absolute before:w-[8px] before:h-[8px] before:bg-dark before:top-[8px] before:left-0 before:rounded-full\">RAM-Steckpl\u00e4tze frei: 0 St<\/li>\n<li class=\"ml-3xs pl-[15px] relative before:absolute before:w-[8px] before:h-[8px] before:bg-dark before:top-[8px] before:left-0 before:rounded-full\">RAM-Steckpl\u00e4tze gesamt: 2 St<\/li>\n<li class=\"ml-3xs pl-[15px] relative before:absolute before:w-[8px] before:h-[8px] before:bg-dark before:top-[8px] before:left-0 before:rounded-full\">Arbeitsspeicher-Typ: DDR5-5600<\/li>\n<li class=\"ml-3xs pl-[15px] relative before:absolute before:w-[8px] before:h-[8px] before:bg-dark before:top-[8px] before:left-0 before:rounded-full\">Arbeitspeicher-Taktung: 5600 MHz<\/li>\n<\/ul>\n<p><\/span><\/div>\n<\/div>\n<\/li>\n<li class=\"mb-m\">\n<div class=\"flex flex-col m:flex-row gap-s m:gap-xl\">\n<div class=\"text-h3 min-w-[244px] max-w-[244px]\">Display<\/div>\n<div class=\"flex flex-col gap-s\"><span class=\"\"><\/p>\n<ul class=\"flex flex-col gap-s\">\n<li class=\"ml-3xs pl-[15px] relative before:absolute before:w-[8px] before:h-[8px] before:bg-dark before:top-[8px] before:left-0 before:rounded-full\">Displaygr\u00f6\u00dfe in cm: 43.9 cm<\/li>\n<li class=\"ml-3xs pl-[15px] relative before:absolute before:w-[8px] before:h-[8px] before:bg-dark before:top-[8px] before:left-0 before:rounded-full\">Displaygr\u00f6\u00dfe in Zoll: 17.3 Zoll<\/li>\n<li class=\"ml-3xs pl-[15px] relative before:absolute before:w-[8px] before:h-[8px] before:bg-dark before:top-[8px] before:left-0 before:rounded-full\">Aufl\u00f6sung: 1920 x 1080<\/li>\n<li class=\"ml-3xs pl-[15px] relative before:absolute before:w-[8px] before:h-[8px] before:bg-dark before:top-[8px] before:left-0 before:rounded-full\">HD Status: Full HD<\/li>\n<li class=\"ml-3xs pl-[15px] relative before:absolute before:w-[8px] before:h-[8px] before:bg-dark before:top-[8px] before:left-0 before:rounded-full\">Displaytechnologie: IPS<\/li>\n<li class=\"ml-3xs pl-[15px] relative before:absolute before:w-[8px] before:h-[8px] before:bg-dark before:top-[8px] before:left-0 before:rounded-full\">Hintergrundbeleuchtung: LED<\/li>\n<li class=\"ml-3xs pl-[15px] relative before:absolute before:w-[8px] before:h-[8px] before:bg-dark before:top-[8px] before:left-0 before:rounded-full\">Displayoberfl\u00e4che: entspiegelt<\/li>\n<li class=\"ml-3xs pl-[15px] relative before:absolute before:w-[8px] before:h-[8px] before:bg-dark before:top-[8px] before:left-0 before:rounded-full\">Frequenz: 144 Hz<\/li>\n<\/ul>\n<p><\/span><\/div>\n<\/div>\n<\/li>\n<li class=\"mb-m\">\n<div class=\"flex flex-col m:flex-row gap-s m:gap-xl\">\n<div class=\"text-h3 min-w-[244px] max-w-[244px]\">Prozessor<\/div>\n<div class=\"flex flex-col gap-s\"><span class=\"\"><\/p>\n<ul class=\"flex flex-col gap-s\">\n<li class=\"ml-3xs pl-[15px] relative before:absolute before:w-[8px] before:h-[8px] before:bg-dark before:top-[8px] before:left-0 before:rounded-full\">Prozessorhersteller: Intel<\/li>\n<li class=\"ml-3xs pl-[15px] relative before:absolute before:w-[8px] before:h-[8px] before:bg-dark before:top-[8px] before:left-0 before:rounded-full\">Prozessormodell: Core 5<\/li>\n<li class=\"ml-3xs pl-[15px] relative before:absolute before:w-[8px] before:h-[8px] before:bg-dark before:top-[8px] before:left-0 before:rounded-full\">Prozessortyp: 210H<\/li>\n<li class=\"ml-3xs pl-[15px] relative before:absolute before:w-[8px] before:h-[8px] before:bg-dark before:top-[8px] before:left-0 before:rounded-full\">Kerne (gesamt): 8 St<\/li>\n<li class=\"ml-3xs pl-[15px] relative before:absolute before:w-[8px] before:h-[8px] before:bg-dark before:top-[8px] before:left-0 before:rounded-full\">Minimaler Takt: 2.20 GHz<\/li>\n<li class=\"ml-3xs pl-[15px] relative before:absolute before:w-[8px] before:h-[8px] before:bg-dark before:top-[8px] before:left-0 before:rounded-full\">Maximaler Takt: 4.80 GHz<\/li>\n<li class=\"ml-3xs pl-[15px] relative before:absolute before:w-[8px] before:h-[8px] before:bg-dark before:top-[8px] before:left-0 before:rounded-full\">TDP: 45 W<\/li>\n<li class=\"ml-3xs pl-[15px] relative before:absolute before:w-[8px] before:h-[8px] before:bg-dark before:top-[8px] before:left-0 before:rounded-full\">Cache: 12 MB<\/li>\n<\/ul>\n<p><\/span><\/div>\n<\/div>\n<\/li>\n<li class=\"mb-m\">\n<div class=\"flex flex-col m:flex-row gap-s m:gap-xl\">\n<div class=\"text-h3 min-w-[244px] max-w-[244px]\">Grafik<\/div>\n<div class=\"flex flex-col gap-s\"><span class=\"\"><\/p>\n<ul class=\"flex flex-col gap-s\">\n<li class=\"ml-3xs pl-[15px] relative before:absolute before:w-[8px] before:h-[8px] before:bg-dark before:top-[8px] before:left-0 before:rounded-full\">Grafikchiphersteller: NVIDIA<\/li>\n<li class=\"ml-3xs pl-[15px] relative before:absolute before:w-[8px] before:h-[8px] before:bg-dark before:top-[8px] before:left-0 before:rounded-full\">Grafikchip: GeForce RTX 5050<\/li>\n<li class=\"ml-3xs pl-[15px] relative before:absolute before:w-[8px] before:h-[8px] before:bg-dark before:top-[8px] before:left-0 before:rounded-full\">Grafiktyp: Dediziert<\/li>\n<li class=\"ml-3xs pl-[15px] relative before:absolute before:w-[8px] before:h-[8px] before:bg-dark before:top-[8px] before:left-0 before:rounded-full\">dedizierter Grafikspeicher: 8192 MB<\/li>\n<li class=\"ml-3xs pl-[15px] relative before:absolute before:w-[8px] before:h-[8px] before:bg-dark before:top-[8px] before:left-0 before:rounded-full\">Grafikspeichertyp: GDDR7<\/li>\n<\/ul>\n<p><\/span><\/div>\n<\/div>\n<\/li>\n<li class=\"mb-m\">\n<div class=\"flex flex-col m:flex-row gap-s m:gap-xl\">\n<div class=\"text-h3 min-w-[244px] max-w-[244px]\">Speicher<\/div>\n<div class=\"flex flex-col gap-s\"><span class=\"\"><\/p>\n<ul class=\"flex flex-col gap-s\">\n<li class=\"ml-3xs pl-[15px] relative before:absolute before:w-[8px] before:h-[8px] before:bg-dark before:top-[8px] before:left-0 before:rounded-full\">Massenspeicher-Bauart: SSD<\/li>\n<li class=\"ml-3xs pl-[15px] relative before:absolute before:w-[8px] before:h-[8px] before:bg-dark before:top-[8px] before:left-0 before:rounded-full\">Gesamtkapazit\u00e4t Massenspeicher: 1024 GB<\/li>\n<\/ul>\n<p><\/span><\/div>\n<\/div>\n<\/li>\n<li class=\"mb-m\">\n<div class=\"flex flex-col m:flex-row gap-s m:gap-xl\">\n<div class=\"text-h3 min-w-[244px] max-w-[244px]\">Betriebssystem<\/div>\n<div class=\"flex flex-col gap-s\"><span class=\"\"><\/p>\n<ul class=\"flex flex-col gap-s\">\n<li class=\"ml-3xs pl-[15px] relative before:absolute before:w-[8px] before:h-[8px] before:bg-dark before:top-[8px] before:left-0 before:rounded-full\">Betriebssystemversion: 64 Bit<\/li>\n<li class=\"ml-3xs pl-[15px] relative before:absolute before:w-[8px] before:h-[8px] before:bg-dark before:top-[8px] before:left-0 before:rounded-full\">Betriebssystem: Windows 11<\/li>\n<\/ul>\n<p><\/span><\/div>\n<\/div>\n<\/li>\n<li class=\"mb-m\">\n<div class=\"flex flex-col m:flex-row gap-s m:gap-xl\">\n<div class=\"text-h3 min-w-[244px] max-w-[244px]\">externe Anschl\u00fcsse<\/div>\n<div class=\"flex flex-col gap-s\"><span class=\"\"><\/p>\n<ul class=\"flex flex-col gap-s\">\n<li class=\"ml-3xs pl-[15px] relative before:absolute before:w-[8px] before:h-[8px] before:bg-dark before:top-[8px] before:left-0 before:rounded-full\">Anzahl MiniDisplayport: 1 St<\/li>\n<li class=\"ml-3xs pl-[15px] relative before:absolute before:w-[8px] before:h-[8px] before:bg-dark before:top-[8px] before:left-0 before:rounded-full\">Anzahl HDMI: 1 St<\/li>\n<li class=\"ml-3xs pl-[15px] relative before:absolute before:w-[8px] before:h-[8px] before:bg-dark before:top-[8px] before:left-0 before:rounded-full\">USB-Typ: <\/li>\n<div class=\"itemizedlist\">\n<ul class=\"flex flex-col gap-s\">\n<li class=\"ml-3xs pl-[15px] relative before:absolute before:w-[8px] before:h-[8px] before:bg-dark before:top-[8px] before:left-0 before:rounded-full\">USB 3.0<\/li>\n<li class=\"ml-3xs pl-[15px] relative before:absolute before:w-[8px] before:h-[8px] before:bg-dark before:top-[8px] before:left-0 before:rounded-full\">USB 3.1 Typ C<\/li>\n<\/ul>\n<\/div>\n<li class=\"ml-3xs pl-[15px] relative before:absolute before:w-[8px] before:h-[8px] before:bg-dark before:top-[8px] before:left-0 before:rounded-full\">Anzahl USB 2.0: 1 St<\/li>\n<li class=\"ml-3xs pl-[15px] relative before:absolute before:w-[8px] before:h-[8px] before:bg-dark before:top-[8px] before:left-0 before:rounded-full\">Anzahl USB 3.0: 1 St<\/li>\n<li class=\"ml-3xs pl-[15px] relative before:absolute before:w-[8px] before:h-[8px] before:bg-dark before:top-[8px] before:left-0 before:rounded-full\">Anzahl USB 3.2: 2 St<\/li>\n<li class=\"ml-3xs pl-[15px] relative before:absolute before:w-[8px] before:h-[8px] before:bg-dark before:top-[8px] before:left-0 before:rounded-full\">Anzahl USB-C: 1 St<\/li>\n<li class=\"ml-3xs pl-[15px] relative before:absolute before:w-[8px] before:h-[8px] before:bg-dark before:top-[8px] before:left-0 before:rounded-full\">Audio-Eing\u00e4nge: Mic-In<\/li>\n<li class=\"ml-3xs pl-[15px] relative before:absolute before:w-[8px] before:h-[8px] before:bg-dark before:top-[8px] before:left-0 before:rounded-full\">Audio-Ausg\u00e4nge: Kopfh\u00f6rer-Ausgang<\/li>\n<li class=\"ml-3xs pl-[15px] relative before:absolute before:w-[8px] before:h-[8px] before:bg-dark before:top-[8px] before:left-0 before:rounded-full\">ext. Anschl\u00fcsse: <\/li>\n<div class=\"itemizedlist\">\n<ul class=\"flex flex-col gap-s\">\n<li class=\"ml-3xs pl-[15px] relative before:absolute before:w-[8px] before:h-[8px] before:bg-dark before:top-[8px] before:left-0 before:rounded-full\">1 Gbit LAN<\/li>\n<li class=\"ml-3xs pl-[15px] relative before:absolute before:w-[8px] before:h-[8px] before:bg-dark before:top-[8px] before:left-0 before:rounded-full\">HDMI<\/li>\n<li class=\"ml-3xs pl-[15px] relative before:absolute before:w-[8px] before:h-[8px] before:bg-dark before:top-[8px] before:left-0 before:rounded-full\">LAN<\/li>\n<\/ul>\n<\/div>\n<\/ul>\n<p><\/span><\/div>\n<\/div>\n<\/li>\n<li class=\"mb-m\">\n<div class=\"flex flex-col m:flex-row gap-s m:gap-xl\">\n<div class=\"text-h3 min-w-[244px] max-w-[244px]\">Kabellose Konnektivit\u00e4t<\/div>\n<div class=\"flex flex-col gap-s\"><span class=\"\"><\/p>\n<ul class=\"flex flex-col gap-s\">\n<li class=\"ml-3xs pl-[15px] relative before:absolute before:w-[8px] before:h-[8px] before:bg-dark before:top-[8px] before:left-0 before:rounded-full\">Kabellose \u00dcbertragungsm\u00f6glichkeiten: <\/li>\n<div class=\"itemizedlist\">\n<ul class=\"flex flex-col gap-s\">\n<li class=\"ml-3xs pl-[15px] relative before:absolute before:w-[8px] before:h-[8px] before:bg-dark before:top-[8px] before:left-0 before:rounded-full\">WLAN<\/li>\n<li class=\"ml-3xs pl-[15px] relative before:absolute before:w-[8px] before:h-[8px] before:bg-dark before:top-[8px] before:left-0 before:rounded-full\">Bluetooth<\/li>\n<\/ul>\n<\/div>\n<li class=\"ml-3xs pl-[15px] relative before:absolute before:w-[8px] before:h-[8px] before:bg-dark before:top-[8px] before:left-0 before:rounded-full\">Mobilfunkstandard: Nein<\/li>\n<li class=\"ml-3xs pl-[15px] relative before:absolute before:w-[8px] before:h-[8px] before:bg-dark before:top-[8px] before:left-0 before:rounded-full\">WLAN Standard: Wi-Fi 6E<\/li>\n<li class=\"ml-3xs pl-[15px] relative before:absolute before:w-[8px] before:h-[8px] before:bg-dark before:top-[8px] before:left-0 before:rounded-full\">WLAN Frequenzband: <\/li>\n<div class=\"itemizedlist\">\n<ul class=\"flex flex-col gap-s\">\n<li class=\"ml-3xs pl-[15px] relative before:absolute before:w-[8px] before:h-[8px] before:bg-dark before:top-[8px] before:left-0 before:rounded-full\">2,4 GHz<\/li>\n<li class=\"ml-3xs pl-[15px] relative before:absolute before:w-[8px] before:h-[8px] before:bg-dark before:top-[8px] before:left-0 before:rounded-full\">5 GHz<\/li>\n<li class=\"ml-3xs pl-[15px] relative before:absolute before:w-[8px] before:h-[8px] before:bg-dark before:top-[8px] before:left-0 before:rounded-full\">6 GHz<\/li>\n<\/ul>\n<\/div>\n<li class=\"ml-3xs pl-[15px] relative before:absolute before:w-[8px] before:h-[8px] before:bg-dark before:top-[8px] before:left-0 before:rounded-full\">Bluetooth Typ: 5.3<\/li>\n<\/ul>\n<p><\/span><\/div>\n<\/div>\n<\/li>\n<li class=\"mb-m\">\n<div class=\"flex flex-col m:flex-row gap-s m:gap-xl\">\n<div class=\"text-h3 min-w-[244px] max-w-[244px]\">Anzahl GB-LAN Ports (1000 Mbit\/s)<\/div>\n<div class=\"flex flex-col gap-s\"><span class=\"\"><\/p>\n<ul class=\"flex flex-col gap-s\">\n<li class=\"ml-3xs pl-[15px] relative before:absolute before:w-[8px] before:h-[8px] before:bg-dark before:top-[8px] before:left-0 before:rounded-full\">1 St<\/li>\n<\/ul>\n<p><\/span><\/div>\n<\/div>\n<\/li>\n<li class=\"mb-m\">\n<div class=\"flex flex-col m:flex-row gap-s m:gap-xl\">\n<div class=\"text-h3 min-w-[244px] max-w-[244px]\">Eingabeger\u00e4te<\/div>\n<div class=\"flex flex-col gap-s\"><span class=\"\"><\/p>\n<ul class=\"flex flex-col gap-s\">\n<li class=\"ml-3xs pl-[15px] relative before:absolute before:w-[8px] before:h-[8px] before:bg-dark before:top-[8px] before:left-0 before:rounded-full\">Eingabeger\u00e4te: Webcam<\/li>\n<li class=\"ml-3xs pl-[15px] relative before:absolute before:w-[8px] before:h-[8px] before:bg-dark before:top-[8px] before:left-0 before:rounded-full\">Tastaturlayout: Deutsch<\/li>\n<li class=\"ml-3xs pl-[15px] relative before:absolute before:w-[8px] before:h-[8px] before:bg-dark before:top-[8px] before:left-0 before:rounded-full\">Sonderfunktionen Tastatur: Tastaturbeleuchtung<\/li>\n<\/ul>\n<p><\/span><\/div>\n<\/div>\n<\/li>\n<li class=\"mb-m\">\n<div class=\"flex flex-col m:flex-row gap-s m:gap-xl\">\n<div class=\"text-h3 min-w-[244px] max-w-[244px]\">Abmessungen \/ Gewicht<\/div>\n<div class=\"flex flex-col gap-s\"><span class=\"\"><\/p>\n<ul class=\"flex flex-col gap-s\">\n<li class=\"ml-3xs pl-[15px] relative before:absolute before:w-[8px] before:h-[8px] before:bg-dark before:top-[8px] before:left-0 before:rounded-full\">Breite: 396 mm<\/li>\n<li class=\"ml-3xs pl-[15px] relative before:absolute before:w-[8px] before:h-[8px] before:bg-dark before:top-[8px] before:left-0 before:rounded-full\">H\u00f6he: 35 mm<\/li>\n<li class=\"ml-3xs pl-[15px] relative before:absolute before:w-[8px] before:h-[8px] before:bg-dark before:top-[8px] before:left-0 before:rounded-full\">Tiefe: 276 mm<\/li>\n<\/ul>\n<p><\/span><\/div>\n<\/div>\n<\/li>\n<li class=\"mb-m\">\n<div class=\"flex flex-col m:flex-row gap-s m:gap-xl\">\n<div class=\"text-h3 min-w-[244px] max-w-[244px]\">Energieversorgung<\/div>\n<div class=\"flex flex-col gap-s\"><span class=\"\"><\/p>\n<ul class=\"flex flex-col gap-s\">\n<li class=\"ml-3xs pl-[15px] relative before:absolute before:w-[8px] before:h-[8px] before:bg-dark before:top-[8px] before:left-0 before:rounded-full\">Akku \/ Batteriechemie: Lithium-Ionen<\/li>\n<li class=\"ml-3xs pl-[15px] relative before:absolute before:w-[8px] before:h-[8px] before:bg-dark before:top-[8px] before:left-0 before:rounded-full\">Akku-\/ Batterie-Kapazit\u00e4t in Wh: 53 Wh<\/li>\n<\/ul>\n<p><\/span><\/div>\n<\/div>\n<\/li>\n<li class=\"mb-m\">\n<div class=\"flex flex-col m:flex-row gap-s m:gap-xl\">\n<div class=\"text-h3 min-w-[244px] max-w-[244px]\">Farbe<\/div>\n<div class=\"flex flex-col gap-s\"><span class=\"\"><\/p>\n<ul class=\"flex flex-col gap-s\">\n<li class=\"ml-3xs pl-[15px] relative before:absolute before:w-[8px] before:h-[8px] before:bg-dark before:top-[8px] before:left-0 before:rounded-full\">Schwarz<\/li>\n<\/ul>\n<p><\/span><\/div>\n<\/div>\n<\/li>\n<li class=\"mb-m\">\n<div class=\"flex flex-col m:flex-row gap-s m:gap-xl\">\n<div class=\"text-h3 min-w-[244px] max-w-[244px]\">Feature<\/div>\n<div class=\"flex flex-col gap-s\"><span class=\"\"><\/p>\n<ul class=\"flex flex-col gap-s\">\n<li class=\"ml-3xs pl-[15px] relative before:absolute before:w-[8px] before:h-[8px] before:bg-dark before:top-[8px] before:left-0 before:rounded-full\">Produkttyp: <\/li>\n<div class=\"itemizedlist\">\n<ul class=\"flex flex-col gap-s\">\n<li class=\"ml-3xs pl-[15px] relative before:absolute before:w-[8px] before:h-[8px] before:bg-dark before:top-[8px] before:left-0 before:rounded-full\">Gaming-Notebook<\/li>\n<li class=\"ml-3xs pl-[15px] relative before:absolute before:w-[8px] before:h-[8px] before:bg-dark before:top-[8px] before:left-0 before:rounded-full\">Multimedia-Notebook<\/li>\n<\/ul>\n<\/div>\n<li class=\"ml-3xs pl-[15px] relative before:absolute before:w-[8px] before:h-[8px] before:bg-dark before:top-[8px] before:left-0 before:rounded-full\">Webcam: HD-Webcam<\/li>\n<\/ul>\n<p><\/span><\/div>\n<\/div>\n<\/li>\n<li class=\"mb-m\">\n<div class=\"flex flex-col m:flex-row gap-s m:gap-xl\">\n<div class=\"text-h3 min-w-[244px] max-w-[244px]\">Anwendungsgebiet<\/div>\n<div class=\"flex flex-col gap-s\"><span class=\"\"><\/p>\n<ul class=\"flex flex-col gap-s\">\n<li class=\"ml-3xs pl-[15px] relative before:absolute before:w-[8px] before:h-[8px] before:bg-dark before:top-[8px] before:left-0 before:rounded-full\">Gaming<\/li>\n<\/ul>\n<p><\/span><\/div>\n<\/div>\n<\/li>\n","protected":false},"excerpt":{"rendered":"<li class=\"bullet-list-item\">Intel Core 5 210H Prozessor, 8 Kerne (bis zu 4.80 GHz)<\/li>\n<li class=\"bullet-list-item\">43.9 cm (17.3&#8243;) IPS Display (Full HD, 144 Hz)<\/li>\n<li class=\"bullet-list-item\">GeForce RTX 5050 (8 GB), 16 GB RAM, 1024 GB SSD<\/li>\n<li class=\"bullet-list-item\">Wi-Fi 6E, 1 x HDMI, 1 x USB3.0<\/li>\n<li class=\"bullet-list-item\">Windows 11<\/li>\n<p> Herstellernummer 30039743<\/p>","protected":false},"featured_media":43212,"comment_status":"open","ping_status":"closed","template":"","meta":{"_monsterinsights_skip_tracking":false,"_monsterinsights_sitenote_active":false,"_monsterinsights_sitenote_note":"","_monsterinsights_sitenote_category":0,"_uf_show_specific_survey":0,"_uf_disable_surveys":false},"product_brand":[],"product_cat":[447],"product_tag":[],"models":[],"years":[],"class_list":{"0":"post-16424","1":"product","2":"type-product","3":"status-publish","4":"has-post-thumbnail","6":"product_cat-notebooks","8":"first","9":"instock","10":"sale","11":"featured","12":"shipping-taxable","13":"purchasable","14":"product-type-simple"},"aioseo_notices":[],"acf":[],"_links":{"self":[{"href":"https:\/\/amannforg.com\/de\/wp-json\/wp\/v2\/product\/16424","targetHints":{"allow":["GET"]}}],"collection":[{"href":"https:\/\/amannforg.com\/de\/wp-json\/wp\/v2\/product"}],"about":[{"href":"https:\/\/amannforg.com\/de\/wp-json\/wp\/v2\/types\/product"}],"replies":[{"embeddable":true,"href":"https:\/\/amannforg.com\/de\/wp-json\/wp\/v2\/comments?post=16424"}],"version-history":[{"count":1,"href":"https:\/\/amannforg.com\/de\/wp-json\/wp\/v2\/product\/16424\/revisions"}],"predecessor-version":[{"id":57328,"href":"https:\/\/amannforg.com\/de\/wp-json\/wp\/v2\/product\/16424\/revisions\/57328"}],"wp:featuredmedia":[{"embeddable":true,"href":"https:\/\/amannforg.com\/de\/wp-json\/wp\/v2\/media\/43212"}],"wp:attachment":[{"href":"https:\/\/amannforg.com\/de\/wp-json\/wp\/v2\/media?parent=16424"}],"wp:term":[{"taxonomy":"product_brand","embeddable":true,"href":"https:\/\/amannforg.com\/de\/wp-json\/wp\/v2\/product_brand?post=16424"},{"taxonomy":"product_cat","embeddable":true,"href":"https:\/\/amannforg.com\/de\/wp-json\/wp\/v2\/product_cat?post=16424"},{"taxonomy":"product_tag","embeddable":true,"href":"https:\/\/amannforg.com\/de\/wp-json\/wp\/v2\/product_tag?post=16424"},{"taxonomy":"models","embeddable":true,"href":"https:\/\/amannforg.com\/de\/wp-json\/wp\/v2\/models?post=16424"},{"taxonomy":"years","embeddable":true,"href":"https:\/\/amannforg.com\/de\/wp-json\/wp\/v2\/years?post=16424"}],"curies":[{"name":"wp","href":"https:\/\/api.w.org\/{rel}","templated":true}]}}