{"id":16957,"date":"2026-02-28T11:04:35","date_gmt":"2026-02-28T11:04:35","guid":{"rendered":"https:\/\/amannforg.com\/?post_type=product&#038;p=16957"},"modified":"2026-03-13T11:28:56","modified_gmt":"2026-03-13T11:28:56","slug":"lenovo-ideapad-5-2-in-1-14irh9-83kx000sge-14-wuxga-oled-i7-13620h-16gb-1tb-win11","status":"publish","type":"product","link":"https:\/\/amannforg.com\/de\/produkt\/lenovo-ideapad-5-2-in-1-14irh9-83kx000sge-14-wuxga-oled-i7-13620h-16gb-1tb-win11\/","title":{"rendered":"Lenovo IdeaPad 5 2-in-1 14IRH9 83KX000SGE 14&#8243; WUXGA OLED i7-13620H 16GB\/1TB Win11"},"content":{"rendered":"<div class=\"titlepage\">\n<h2 class=\"text-h3 mb-l\">Performance ohne Grenzen<\/h2>\n<\/div>\n<div class=\"article\"> <\/div>\n<p class=\"mb-l\">\n<div class=\"article\"> <\/div>\n<\/p>\n<p class=\"mb-l\">\n<div class=\"article\">Entfalten Sie Ihre Leidenschaft und Kreativit\u00e4t mit einer unvergleichlichen Leistung auf dem Lenovo IdeaPad 5 2-in-1 Gen 9 Notebook mit AMD Ryzen\u2122 Prozessoren. Egal, ob Sie Videos streamen, Multimedia-Content erstellen oder ein Arbeitsprojekt angehen, es bietet eine \u00fcberragende Leistung und Effizienz f\u00fcr alles, was Sie in Angriff nehmen. Au\u00dferdem sorgt die AMD Radeon\u2122 Grafik f\u00fcr gestochen scharfe, detaillierte Bilder und erweckt Ihre Lieblingssendungen oder -spiele zum Leben. <\/div>\n<\/p>\n<p class=\"mb-l\">\n<div class=\"article\"> <\/div>\n<\/p>\n<p><span class=\"bold\">Feinste Details sehen wie nie zuvor<\/span><\/p>\n<p class=\"mb-l\">\n<div class=\"article\"> <\/div>\n<\/p>\n<p class=\"mb-l\">\n<div class=\"article\">Optimieren Sie Ihr Seherlebnis auf dem 40cm (16&#8243;)-Notebook IdeaPad 5 2-in-1 Gen 9. Es hat ein schlankes Profil mit schmalen Rahmen. Auf der gro\u00dfen Bildschirmfl\u00e4che k\u00f6nnen Sie in lebendige Details eintauchen, die Ihre Sinne wie nie zuvor fesseln werden. Au\u00dferdem k\u00f6nnen Sie sich auf die pr\u00e4zise Farbgenauigkeit und die ausgezeichneten Farbkontraste freuen, die die dunkelsten Dunkelheiten und hellsten Highlights hervorheben. Dar\u00fcber hinaus werden Sie das T\u00dcV Rheinland Certified Low Blue Light zu sch\u00e4tzen wissen, das bedeutet, dass Ihre Augen auch bei langen Computersessions nicht mehr \u00fcberanstrengt werden.<\/div>\n<\/p>\n<p class=\"mb-l\"><span class=\"bold\">360-Grad-Flexibilit\u00e4t \u2013 auch unterwegs<\/span><\/p>\n<div class=\"article\">Das Notebook IdeaPad 5 2-in-1 Gen 9 ist der Inbegriff der Vielseitigkeit. Das 360-Grad-Scharnier passt sich jeder Aufgabe an, f\u00fcr einfaches Schreiben, Tippen, Streamen oder Zusammenarbeiten. Sie k\u00f6nnen in jedem Winkel ergonomisch tippen und flexibel zwischen Notebook-, Tablet-, Zelt- oder Standmodus wechseln \u2013 je nachdem, was Sie zum Arbeiten oder Spielen ben\u00f6tigen. Es ist in zwei eleganten Farben erh\u00e4ltlich \u2013 Luna Grey und Cosmic Blue, um jede Stimmung und jeden Stil zu unterstreichen.<\/div>\n<p class=\"mb-l\">\n<div class=\"article\"> <\/div>\n<\/p>\n<p class=\"mb-l\"><span class=\"bold\">Nahtlose Konnektivit\u00e4t, unbegrenzte Kreativit\u00e4t<\/span><\/p>\n<p class=\"mb-l\">\n<div class=\"article\"> <\/div>\n<\/p>\n<p class=\"mb-l\">\n<div class=\"article\">Beschleunigen Sie Ihren Kreativit\u00e4ts- und Arbeitsprozess mit nahtloser Daten\u00fcbertragung, stabiler Konnektivit\u00e4t und einem schnell ladenden Akku. Das Notebook IdeaPad 5 2-in-1 Gen 9 erm\u00f6glicht die schnelle, sichere Anmeldung mit einem einzigen Touch-Fingerabdrucksensor sowie kristallklare Videoanrufe mit einer hochaufl\u00f6senden Kamera. Au\u00dferdem ist es mit einer mechanischen Webcam-Abdeckung ausgestattet, die bequem abgeschaltet werden kann. Endlose M\u00f6glichkeiten, damit Sie mehr tun und mehr genie\u00dfen k\u00f6nnen<\/div>\n<p>.<\/p>\n<p class=\"mb-l\">\n<div class=\"article\"> <\/div>\n<\/p>\n<li class=\"mb-m\">\n<div class=\"flex flex-col m:flex-row gap-s m:gap-xl\">\n<div class=\"text-h3 min-w-[244px] max-w-[244px]\">Prozessor<\/div>\n<div class=\"flex flex-col gap-s\"><span class=\"ml-3xs pl-[15px] relative before:absolute before:w-[8px] before:h-[8px] before:bg-dark before:top-[8px] before:left-0 before:rounded-full\">Intel\u00ae Core\u2122 i7-13620H Prozessor (Quad-Core)<\/span><span class=\"ml-3xs pl-[15px] relative before:absolute before:w-[8px] before:h-[8px] before:bg-dark before:top-[8px] before:left-0 before:rounded-full\">2,4 GHz mit Turbo-Boost bis zu 4,9 GHz, 24 MB Cache<\/span><\/div>\n<\/div>\n<\/li>\n<li class=\"mb-m\">\n<div class=\"flex flex-col m:flex-row gap-s m:gap-xl\">\n<div class=\"text-h3 min-w-[244px] max-w-[244px]\">Arbeitsspeicher<\/div>\n<div class=\"flex flex-col gap-s\"><span class=\"ml-3xs pl-[15px] relative before:absolute before:w-[8px] before:h-[8px] before:bg-dark before:top-[8px] before:left-0 before:rounded-full\">16 GB LPDDR5x-5200 SO-DIMM, fest verl\u00f6tet<\/span><\/div>\n<\/div>\n<\/li>\n<li class=\"mb-m\">\n<div class=\"flex flex-col m:flex-row gap-s m:gap-xl\">\n<div class=\"text-h3 min-w-[244px] max-w-[244px]\">Festplatte<\/div>\n<div class=\"flex flex-col gap-s\"><span class=\"ml-3xs pl-[15px] relative before:absolute before:w-[8px] before:h-[8px] before:bg-dark before:top-[8px] before:left-0 before:rounded-full\">1TB SSD M.2 2242 PCIe\u00ae 4.0&#215;4 NVMe\u00ae<\/span><\/div>\n<\/div>\n<\/li>\n<li class=\"mb-m\">\n<div class=\"flex flex-col m:flex-row gap-s m:gap-xl\">\n<div class=\"text-h3 min-w-[244px] max-w-[244px]\">Laufwerk<\/div>\n<div class=\"flex flex-col gap-s\"><span class=\"ml-3xs pl-[15px] relative before:absolute before:w-[8px] before:h-[8px] before:bg-dark before:top-[8px] before:left-0 before:rounded-full\">Dieses Ger\u00e4t verf\u00fcgt \u00fcber kein optisches Laufwerk.<\/span><span class=\"ml-3xs pl-[15px] relative before:absolute before:w-[8px] before:h-[8px] before:bg-dark before:top-[8px] before:left-0 before:rounded-full\">Passende Laufwerke und Brenner finden Sie hier oder als Zubeh\u00f6r an diesem Artikel.<\/span><\/div>\n<\/div>\n<\/li>\n<li class=\"mb-m\">\n<div class=\"flex flex-col m:flex-row gap-s m:gap-xl\">\n<div class=\"text-h3 min-w-[244px] max-w-[244px]\">Display<\/div>\n<div class=\"flex flex-col gap-s\"><span class=\"ml-3xs pl-[15px] relative before:absolute before:w-[8px] before:h-[8px] before:bg-dark before:top-[8px] before:left-0 before:rounded-full\">35,6 cm (14 Zoll) WUXGA (1920&#215;1200) OLED Touch-Display<\/span><span class=\"ml-3xs pl-[15px] relative before:absolute before:w-[8px] before:h-[8px] before:bg-dark before:top-[8px] before:left-0 before:rounded-full\">1.920 x 1.200 Pixel, (16:10) Widescreen<\/span><span class=\"ml-3xs pl-[15px] relative before:absolute before:w-[8px] before:h-[8px] before:bg-dark before:top-[8px] before:left-0 before:rounded-full\">gl\u00e4nzendes OLED Display f\u00fcr brillante Farben<\/span><span class=\"ml-3xs pl-[15px] relative before:absolute before:w-[8px] before:h-[8px] before:bg-dark before:top-[8px] before:left-0 before:rounded-full\">400 nits<\/span><span class=\"ml-3xs pl-[15px] relative before:absolute before:w-[8px] before:h-[8px] before:bg-dark before:top-[8px] before:left-0 before:rounded-full\">Webcam FHD 1080p mit Privacy Shutter (Abdeckung)<\/span><\/div>\n<\/div>\n<\/li>\n<li class=\"mb-m\">\n<div class=\"flex flex-col m:flex-row gap-s m:gap-xl\">\n<div class=\"text-h3 min-w-[244px] max-w-[244px]\">Grafik<\/div>\n<div class=\"flex flex-col gap-s\"><span class=\"ml-3xs pl-[15px] relative before:absolute before:w-[8px] before:h-[8px] before:bg-dark before:top-[8px] before:left-0 before:rounded-full\">Intel UHD Grafik<\/span><span class=\"ml-3xs pl-[15px] relative before:absolute before:w-[8px] before:h-[8px] before:bg-dark before:top-[8px] before:left-0 before:rounded-full\">Shared VRAM<\/span><span class=\"ml-3xs pl-[15px] relative before:absolute before:w-[8px] before:h-[8px] before:bg-dark before:top-[8px] before:left-0 before:rounded-full\">2x USB-C\u00ae (USB 10Gbps \/ USB 3.2 Gen 2), with USB PD 3.1 and DisplayPort\u2122 1.4<\/span><span class=\"ml-3xs pl-[15px] relative before:absolute before:w-[8px] before:h-[8px] before:bg-dark before:top-[8px] before:left-0 before:rounded-full\">1x HDMI\u00ae 1.4b<\/span><\/div>\n<\/div>\n<\/li>\n<li class=\"mb-m\">\n<div class=\"flex flex-col m:flex-row gap-s m:gap-xl\">\n<div class=\"text-h3 min-w-[244px] max-w-[244px]\">Sound<\/div>\n<div class=\"flex flex-col gap-s\"><span class=\"ml-3xs pl-[15px] relative before:absolute before:w-[8px] before:h-[8px] before:bg-dark before:top-[8px] before:left-0 before:rounded-full\">HD Audio, 2 Lautsprecher mit Dolby Audio je 2W<\/span><\/div>\n<\/div>\n<\/li>\n<li class=\"mb-m\">\n<div class=\"flex flex-col m:flex-row gap-s m:gap-xl\">\n<div class=\"text-h3 min-w-[244px] max-w-[244px]\">Kommunikation<\/div>\n<div class=\"flex flex-col gap-s\"><span class=\"ml-3xs pl-[15px] relative before:absolute before:w-[8px] before:h-[8px] before:bg-dark before:top-[8px] before:left-0 before:rounded-full\">Wireless LAN 802.11 ax<\/span><span class=\"ml-3xs pl-[15px] relative before:absolute before:w-[8px] before:h-[8px] before:bg-dark before:top-[8px] before:left-0 before:rounded-full\">Bluetooth 5.2<\/span><\/div>\n<\/div>\n<\/li>\n<li class=\"mb-m\">\n<div class=\"flex flex-col m:flex-row gap-s m:gap-xl\">\n<div class=\"text-h3 min-w-[244px] max-w-[244px]\">Schnittstellen<\/div>\n<div class=\"flex flex-col gap-s\"><span class=\"ml-3xs pl-[15px] relative before:absolute before:w-[8px] before:h-[8px] before:bg-dark before:top-[8px] before:left-0 before:rounded-full\">1x USB-A (USB 5Gbps \/ USB 3.2 Gen 1)<\/span><span class=\"ml-3xs pl-[15px] relative before:absolute before:w-[8px] before:h-[8px] before:bg-dark before:top-[8px] before:left-0 before:rounded-full\">1x USB-A (USB 5Gbps \/ USB 3.2 Gen 1), Always On<\/span><span class=\"ml-3xs pl-[15px] relative before:absolute before:w-[8px] before:h-[8px] before:bg-dark before:top-[8px] before:left-0 before:rounded-full\">2x USB-C\u00ae (USB 10Gbps \/ USB 3.2 Gen 2), with USB PD 3.1 and DisplayPort\u2122 1.4<\/span><span class=\"ml-3xs pl-[15px] relative before:absolute before:w-[8px] before:h-[8px] before:bg-dark before:top-[8px] before:left-0 before:rounded-full\">1x HDMI\u00ae 1.4b<\/span><span class=\"ml-3xs pl-[15px] relative before:absolute before:w-[8px] before:h-[8px] before:bg-dark before:top-[8px] before:left-0 before:rounded-full\">1x Headphone \/ microphone combo jack (3.5mm)<\/span><span class=\"ml-3xs pl-[15px] relative before:absolute before:w-[8px] before:h-[8px] before:bg-dark before:top-[8px] before:left-0 before:rounded-full\">1x microSD card reader<\/span><\/div>\n<\/div>\n<\/li>\n<li class=\"mb-m\">\n<div class=\"flex flex-col m:flex-row gap-s m:gap-xl\">\n<div class=\"text-h3 min-w-[244px] max-w-[244px]\">Card Reader<\/div>\n<div class=\"flex flex-col gap-s\"><span class=\"ml-3xs pl-[15px] relative before:absolute before:w-[8px] before:h-[8px] before:bg-dark before:top-[8px] before:left-0 before:rounded-full\">microSD Card Reader<\/span><\/div>\n<\/div>\n<\/li>\n<li class=\"mb-m\">\n<div class=\"flex flex-col m:flex-row gap-s m:gap-xl\">\n<div class=\"text-h3 min-w-[244px] max-w-[244px]\">Eingabekomponenten<\/div>\n<div class=\"flex flex-col gap-s\"><span class=\"ml-3xs pl-[15px] relative before:absolute before:w-[8px] before:h-[8px] before:bg-dark before:top-[8px] before:left-0 before:rounded-full\">Deutsche Tastatur mit Hintergrundbeleuchtung<\/span><span class=\"ml-3xs pl-[15px] relative before:absolute before:w-[8px] before:h-[8px] before:bg-dark before:top-[8px] before:left-0 before:rounded-full\">Touchpad<\/span><span class=\"ml-3xs pl-[15px] relative before:absolute before:w-[8px] before:h-[8px] before:bg-dark before:top-[8px] before:left-0 before:rounded-full\">Fingerprint<\/span><span class=\"ml-3xs pl-[15px] relative before:absolute before:w-[8px] before:h-[8px] before:bg-dark before:top-[8px] before:left-0 before:rounded-full\">Sofern nicht anders angegeben, werden Notebooks mit deutschem Tastaturlayout (QWERTZ) geliefert. Die Produktbilder k\u00f6nnen ein abweichendes Layout zeigen.<\/span><\/div>\n<\/div>\n<\/li>\n<li class=\"mb-m\">\n<div class=\"flex flex-col m:flex-row gap-s m:gap-xl\">\n<div class=\"text-h3 min-w-[244px] max-w-[244px]\">Akku<\/div>\n<div class=\"flex flex-col gap-s\"><span class=\"ml-3xs pl-[15px] relative before:absolute before:w-[8px] before:h-[8px] before:bg-dark before:top-[8px] before:left-0 before:rounded-full\">Bis zu 10 Stunden Akkulaufzeit (4-Zellen Li-ion, 52,5 Wh), Schnellladefunktion<\/span><\/div>\n<\/div>\n<\/li>\n<li class=\"mb-m\">\n<div class=\"flex flex-col m:flex-row gap-s m:gap-xl\">\n<div class=\"text-h3 min-w-[244px] max-w-[244px]\">Netzteil<\/div>\n<div class=\"flex flex-col gap-s\"><span class=\"ml-3xs pl-[15px] relative before:absolute before:w-[8px] before:h-[8px] before:bg-dark before:top-[8px] before:left-0 before:rounded-full\">65W USB-C\u00ae (3-pin)<\/span><\/div>\n<\/div>\n<\/li>\n<li class=\"mb-m\">\n<div class=\"flex flex-col m:flex-row gap-s m:gap-xl\">\n<div class=\"text-h3 min-w-[244px] max-w-[244px]\">Betriebssystem<\/div>\n<div class=\"flex flex-col gap-s\"><span class=\"ml-3xs pl-[15px] relative before:absolute before:w-[8px] before:h-[8px] before:bg-dark before:top-[8px] before:left-0 before:rounded-full\">Microsoft Windows 11 Home 64 Bit<\/span><\/div>\n<\/div>\n<\/li>\n<li class=\"mb-m\">\n<div class=\"flex flex-col m:flex-row gap-s m:gap-xl\">\n<div class=\"text-h3 min-w-[244px] max-w-[244px]\">Abmessungen (B x H x T)<\/div>\n<div class=\"flex flex-col gap-s\"><span class=\"ml-3xs pl-[15px] relative before:absolute before:w-[8px] before:h-[8px] before:bg-dark before:top-[8px] before:left-0 before:rounded-full\">322 x 20 x 218 mm<\/span><\/div>\n<\/div>\n<\/li>\n<li class=\"mb-m\">\n<div class=\"flex flex-col m:flex-row gap-s m:gap-xl\">\n<div class=\"text-h3 min-w-[244px] max-w-[244px]\">Gewicht<\/div>\n<div class=\"flex flex-col gap-s\"><span class=\"ml-3xs pl-[15px] relative before:absolute before:w-[8px] before:h-[8px] before:bg-dark before:top-[8px] before:left-0 before:rounded-full\">1,5 kg<\/span><\/div>\n<\/div>\n<\/li>\n<li class=\"mb-m\">\n<div class=\"flex flex-col m:flex-row gap-s m:gap-xl\">\n<div class=\"text-h3 min-w-[244px] max-w-[244px]\">Besonderheiten<\/div>\n<div class=\"flex flex-col gap-s\"><span class=\"ml-3xs pl-[15px] relative before:absolute before:w-[8px] before:h-[8px] before:bg-dark before:top-[8px] before:left-0 before:rounded-full\">Kamera-Abdeckung<\/span><span class=\"ml-3xs pl-[15px] relative before:absolute before:w-[8px] before:h-[8px] before:bg-dark before:top-[8px] before:left-0 before:rounded-full\">Fingerprint<\/span><span class=\"ml-3xs pl-[15px] relative before:absolute before:w-[8px] before:h-[8px] before:bg-dark before:top-[8px] before:left-0 before:rounded-full\">Schmaler Displayrahmen<\/span><span class=\"ml-3xs pl-[15px] relative before:absolute before:w-[8px] before:h-[8px] before:bg-dark before:top-[8px] before:left-0 before:rounded-full\">Rapid Charge Schnell-Ladefunktion<\/span><span class=\"ml-3xs pl-[15px] relative before:absolute before:w-[8px] before:h-[8px] before:bg-dark before:top-[8px] before:left-0 before:rounded-full\">Kann auf vier verschiedene Arten benutzt werden: Notebook-Mode, Stand-Mode, Tablet-Mode und Tent-Mode<\/span><span class=\"ml-3xs pl-[15px] relative before:absolute before:w-[8px] before:h-[8px] before:bg-dark before:top-[8px] before:left-0 before:rounded-full\">20 mm d\u00fcnn<\/span><span class=\"ml-3xs pl-[15px] relative before:absolute before:w-[8px] before:h-[8px] before:bg-dark before:top-[8px] before:left-0 before:rounded-full\">Schnelles WiFi 6<\/span><span class=\"ml-3xs pl-[15px] relative before:absolute before:w-[8px] before:h-[8px] before:bg-dark before:top-[8px] before:left-0 before:rounded-full\">Neuester Intel Prozessor der 13. Generation<\/span><span class=\"ml-3xs pl-[15px] relative before:absolute before:w-[8px] before:h-[8px] before:bg-dark before:top-[8px] before:left-0 before:rounded-full\">Flip-to-Boot<\/span><\/div>\n<\/div>\n<\/li>\n<li class=\"mb-m\">\n<div class=\"flex flex-col m:flex-row gap-s m:gap-xl\">\n<div class=\"text-h3 min-w-[244px] max-w-[244px]\">Lieferumfang<\/div>\n<div class=\"flex flex-col gap-s\"><span class=\"ml-3xs pl-[15px] relative before:absolute before:w-[8px] before:h-[8px] before:bg-dark before:top-[8px] before:left-0 before:rounded-full\">Notebook, Netzteil<\/span><\/div>\n<\/div>\n<\/li>\n","protected":false},"excerpt":{"rendered":"<li class=\"bullet-list-item\">Intel\u00ae Core\u2122 i7-13620H Prozessor (bis zu 4,7 GHz), 10-Core<\/li>\n<li class=\"bullet-list-item\">35,6 cm (14&#8243;) WUXGA 16:10 Touch Display (gl\u00e4nzend), Webcam<\/li>\n<li class=\"bullet-list-item\">16 GB RAM, 1TB SSD, Fingerprint<\/li>\n<li class=\"bullet-list-item\">Intel Iris Xe Grafik, HDMI, WLAN-ax, BT<\/li>\n<li class=\"bullet-list-item\">Windows 11 Home 64 Bit, Akkulaufzeit bis 10 h, 1,5 kg<\/li>\n<p> Herstellernummer 83KX000SGE<\/p>","protected":false},"featured_media":43298,"comment_status":"open","ping_status":"closed","template":"","meta":{"_monsterinsights_skip_tracking":false,"_monsterinsights_sitenote_active":false,"_monsterinsights_sitenote_note":"","_monsterinsights_sitenote_category":0,"_uf_show_specific_survey":0,"_uf_disable_surveys":false},"product_brand":[],"product_cat":[447],"product_tag":[],"models":[],"years":[],"class_list":{"0":"post-16957","1":"product","2":"type-product","3":"status-publish","4":"has-post-thumbnail","6":"product_cat-notebooks","8":"first","9":"instock","10":"sale","11":"featured","12":"shipping-taxable","13":"purchasable","14":"product-type-simple"},"aioseo_notices":[],"acf":[],"_links":{"self":[{"href":"https:\/\/amannforg.com\/de\/wp-json\/wp\/v2\/product\/16957","targetHints":{"allow":["GET"]}}],"collection":[{"href":"https:\/\/amannforg.com\/de\/wp-json\/wp\/v2\/product"}],"about":[{"href":"https:\/\/amannforg.com\/de\/wp-json\/wp\/v2\/types\/product"}],"replies":[{"embeddable":true,"href":"https:\/\/amannforg.com\/de\/wp-json\/wp\/v2\/comments?post=16957"}],"version-history":[{"count":1,"href":"https:\/\/amannforg.com\/de\/wp-json\/wp\/v2\/product\/16957\/revisions"}],"predecessor-version":[{"id":57343,"href":"https:\/\/amannforg.com\/de\/wp-json\/wp\/v2\/product\/16957\/revisions\/57343"}],"wp:featuredmedia":[{"embeddable":true,"href":"https:\/\/amannforg.com\/de\/wp-json\/wp\/v2\/media\/43298"}],"wp:attachment":[{"href":"https:\/\/amannforg.com\/de\/wp-json\/wp\/v2\/media?parent=16957"}],"wp:term":[{"taxonomy":"product_brand","embeddable":true,"href":"https:\/\/amannforg.com\/de\/wp-json\/wp\/v2\/product_brand?post=16957"},{"taxonomy":"product_cat","embeddable":true,"href":"https:\/\/amannforg.com\/de\/wp-json\/wp\/v2\/product_cat?post=16957"},{"taxonomy":"product_tag","embeddable":true,"href":"https:\/\/amannforg.com\/de\/wp-json\/wp\/v2\/product_tag?post=16957"},{"taxonomy":"models","embeddable":true,"href":"https:\/\/amannforg.com\/de\/wp-json\/wp\/v2\/models?post=16957"},{"taxonomy":"years","embeddable":true,"href":"https:\/\/amannforg.com\/de\/wp-json\/wp\/v2\/years?post=16957"}],"curies":[{"name":"wp","href":"https:\/\/api.w.org\/{rel}","templated":true}]}}