{"id":17951,"date":"2026-02-28T11:11:51","date_gmt":"2026-02-28T11:11:51","guid":{"rendered":"https:\/\/amannforg.com\/?post_type=product&#038;p=17951"},"modified":"2026-03-13T11:29:08","modified_gmt":"2026-03-13T11:29:08","slug":"apple-ipad-air-13-2025-wi-fi-256-gb-space-grau-mcnn4ty-a","status":"publish","type":"product","link":"https:\/\/amannforg.com\/de\/produkt\/apple-ipad-air-13-2025-wi-fi-256-gb-space-grau-mcnn4ty-a\/","title":{"rendered":"Apple iPad Air 13&#8243; 2025 Wi-Fi 256 GB Space Grau MCNN4TY\/A"},"content":{"rendered":"<div class=\"titlepage\">\n<h2 class=\"text-h3 mb-l\">iPad Air. Denk gr\u00f6\u00dfer.<\/h2>\n<\/div>\n<p class=\"mb-l\">Das 13&#8243; iPad Air.<i>1<\/i> Entwickelt f\u00fcr Apple Intelligence.<i>2<\/i> Mit der Power des ultraschnellen Apple M3 Chip. Es hat ein beeindruckendes Liquid Retina Display, eine 12MP Center Stage Frontkamera f\u00fcr noch bessere Videoanrufe und superschnelles WLAN 6E<i>3<\/i>. Und es ist mit dem Apple Pencil Pro, dem Magic Keyboard und dem Smart Folio kompatibel. So kannst du mehrere Aufgaben gleichzeitig erledigen, lernen, arbeiten, spielen und kreativ sein \u2013egal, wo du gerade bist.<\/p>\n<p class=\"mb-l\">13&#8243; LIQUID RETINA DISPLAY \u2013 Das fantastische Liquid Retina Display kommt mit fortschrittlichen Technologien wie einem gro\u00dfen P3 Farbraum, True Tone und einer \u00e4u\u00dferst geringen Spiegelung. Dadurch sieht alles absolut brillant aus.<i>1<\/i><\/p>\n<p class=\"mb-l\">ENTWICKELT F\u00dcR APPLE INTELLIGENCE \u2013 Apple Intelligence ist dein pers\u00f6nliches Intelligenz System und hilft dir, etwas zu schreiben, dich auszudr\u00fccken und Aufgaben m\u00fchelos zu erledigen. Und mit tief in das iPad integriertem revolution\u00e4rem Datenschutz kannst du ganz beruhigt sein, dass niemand auf deine Daten zugreifen kann \u2212 auch nicht Apple.<i>2 <\/i>(Apple Intelligence auf Deutsch kommt Anfang April 2025)<\/p>\n<p class=\"mb-l\">PERFORMANCE UND SPEICHERPLATZ \u2013 M3 ist ein leistungsstarker Chip, der f\u00fcr Apple Intelligence entwickelt wurde und gro\u00dfartige Performance erm\u00f6glicht, f\u00fcr fortschrittliche Kreativ- und Produktaufgaben, grafikintensive Games und fl\u00fcssiges Multitasking. Und mit der Batterie f\u00fcr den ganzen Tag kannst du immer und \u00fcberall weiterarbeiten und spielen.<i>5<\/i> W\u00e4hle bis zu 1 TB Speicher, je nachdem, wie viel Platz du f\u00fcr Apps, Musik, Filme und mehr brauchst.<i>6<\/i><\/p>\n<p class=\"mb-l\">PADOS + APPS \u2013 iPadOS macht das iPad noch produktiver, intuitiver und vielseitiger. Mit iPadOS lassen sich mehrere Apps gleichzeitig ausf\u00fchren. Und mit dem Apple Pencil kann mit Kritzeln in jedes Textfeld geschrieben werden, und Fotos lassen sich damit bearbeiten und teilen. Stage Manager macht Multitasking ganz einfach mit anpassbaren, \u00fcberlappenden Apps und Unterst\u00fctzung f\u00fcr ein externes Display. Das iPad Air kommt mit wichtigen Apps wie Safari, Nachrichten und Keynote. Und im App Store sind \u00fcber eine Million mehr Apps erh\u00e4ltlich, die speziell f\u00fcr das iPad entwickelt wurden.<\/p>\n<p class=\"mb-l\">APPLE PENCIL UND MAGIC KEYBOARD \u2013 Der Apple Pencil Pro macht aus deinem iPad Air eine immersive Leinwand f\u00fcr Zeichnungen und das beste Ger\u00e4t f\u00fcr Notizen. Der Apple Pencil (USB\u2011C) ist mit dem iPad Air auch kompatibel. Das Magic Keyboard f\u00fcr das iPad Air ist perfekt zum Tippen, hat ein integriertes Trackpad und eine Reihe mit 14 Funktionstasten. Und wenn du unterwegs bist, ist es zus\u00e4tzlich ein sch\u00fctzendes Cover. Zubeh\u00f6r ist separat erh\u00e4ltlich.<\/p>\n<p class=\"mb-l\">FORTSCHRITTLICHE KAMERAS \u2013 Das iPad Air hat eine 12MP Center Stage Frontkamera, die perfekt ist f\u00fcr Videoanrufe und Selfies. Die 12 MP Weitwinkel-R\u00fcckkamera mit True Tone Blitz ist ideal, um Dokumente zu scannen und Fotos und 4K Videos aufzunehmen.<\/p>\n<p class=\"mb-l\">KONNEKTIVIT\u00c4T \u2013 WLAN 6E erm\u00f6glicht schnelle drahtlose Verbindungen.<i>3<\/i> So kannst du von fast \u00fcberall aus arbeiten und Fotos, Dokumente und gro\u00dfe Videodateien schnell \u00fcbertragen. Externe Displays und mehr kannst du mit dem USB\u2011C Anschluss anschlie\u00dfen.<\/p>\n<p class=\"mb-l\">MIT TOUCH ID ENTSPERREN UND BEZAHLEN \u2013 Touch ID ist in der oberen Taste integriert. So kannst du per Fingerabdruck dein iPad Air entsperren, dich bei Apps anmelden und immer sicher mit Apple Pay bezahlen.<\/p>\n<p><i>Rechtliche Hinweise<\/i><i>Zubeh\u00f6r separat erh\u00e4ltlich und \u00c4nderungen an der Verf\u00fcgbarkeit vorbehalten. Die Kompatibilit\u00e4t variiert je nach Generation. Apps sind im App Store erh\u00e4ltlich. \u00c4nderungen an der Titelverf\u00fcgbarkeit vorbehalten. Software von anderen Anbietern ist separat erh\u00e4ltlich.<\/i><i>1Das Display hat gerundete Ecken. Als Rechteck gemessen betr\u00e4gt die Diagonale 12,9&#8243; (32,78 cm) beim 13&#8243; iPad Air. Der tats\u00e4chlich sichtbare Displaybereich ist kleiner.<\/i><i>2Apple Intelligence ist in der Betaversion als iPadOS 18 Update auf dem iPad mini (A17 Pro) und iPad Modellen mit M1 und neuer verf\u00fcgbar, wenn Siri und die Ger\u00e4tesprache auf Englisch (Australien, Kanada, Irland, Neuseeland, S\u00fcdafrika, Gro\u00dfbritannien oder USA) eingestellt sind. Zus\u00e4tzliche Features sowie die Unterst\u00fctzung f\u00fcr Chinesisch (Vereinfacht), Englisch (Indien, Singapur), Franz\u00f6sisch, Deutsch, Italienisch, Japanisch, Koreanisch, Portugiesisch (Brasilien) und Spanisch kommen Anfang April. Weitere Sprachen kommen im Laufe des Jahres dazu, darunter Vietnamesisch. Einige Features sind u. U. nicht in allen Regionen oder Sprachen verf\u00fcgbar.<\/i><i>Apple Intelligence erfordert iPadOS 18.1 oder neuer.<\/i><i>3WLAN 6E ist verf\u00fcgbar in L\u00e4ndern und Regionen, in denen es unterst\u00fctzt wird.<\/i><i>4Datentarif erforderlich. 5G ist in ausgew\u00e4hlten L\u00e4ndern und \u00fcber ausgew\u00e4hlte Anbieter verf\u00fcgbar. Die Geschwindigkeit kann je nach Standort und Anbieter variieren. N\u00e4here Informationen zur 5G Unterst\u00fctzung gibt es beim jeweiligen Mobilfunkanbieter und auf apple.com\/de\/ipad\/cellular.<\/i><i>5Die Batterielaufzeit variiert abh\u00e4ngig von Verwendung und Konfiguration. Weitere Infos unter apple.com\/de\/batteries.<\/i><i>6Der verf\u00fcgbare Speicherplatz ist geringer und h\u00e4ngt von vielen Faktoren ab. Die Speicherkapazit\u00e4t kann sich abh\u00e4ngig von Softwareversion, Einstellungen und iPad Modell \u00e4ndern. 1 GB = 1 Milliarde Byte und 1 TB = 1 Billion Byte. Die tats\u00e4chlich formatierte Kapazit\u00e4t ist geringer.<\/i>  <\/p>\n<li class=\"mb-m\">\n<div class=\"flex flex-col m:flex-row gap-s m:gap-xl\">\n<div class=\"text-h3 min-w-[244px] max-w-[244px]\">Stromversorgung<\/div>\n<div class=\"flex flex-col gap-s\"><span class=\"\"><\/p>\n<ul class=\"flex flex-col gap-s\">\n<li class=\"ml-3xs pl-[15px] relative before:absolute before:w-[8px] before:h-[8px] before:bg-dark before:top-[8px] before:left-0 before:rounded-full\">Maximal unterst\u00fctze Ladeleistung: 45 W<\/li>\n<li class=\"ml-3xs pl-[15px] relative before:absolute before:w-[8px] before:h-[8px] before:bg-dark before:top-[8px] before:left-0 before:rounded-full\">Minimal unterst\u00fctzte Ladeleistung: 15 W<\/li>\n<li class=\"ml-3xs pl-[15px] relative before:absolute before:w-[8px] before:h-[8px] before:bg-dark before:top-[8px] before:left-0 before:rounded-full\">Unterst\u00fctzt USB-PD (Power Delivery): USB PD 3.1<\/li>\n<\/ul>\n<p><\/span><\/div>\n<\/div>\n<\/li>\n<li class=\"mb-m\">\n<div class=\"flex flex-col m:flex-row gap-s m:gap-xl\">\n<div class=\"text-h3 min-w-[244px] max-w-[244px]\">Display<\/div>\n<div class=\"flex flex-col gap-s\"><span class=\"\"><\/p>\n<ul class=\"flex flex-col gap-s\">\n<li class=\"ml-3xs pl-[15px] relative before:absolute before:w-[8px] before:h-[8px] before:bg-dark before:top-[8px] before:left-0 before:rounded-full\">Displaygr\u00f6\u00dfe in cm: 32.78 cm<\/li>\n<li class=\"ml-3xs pl-[15px] relative before:absolute before:w-[8px] before:h-[8px] before:bg-dark before:top-[8px] before:left-0 before:rounded-full\">Displaygr\u00f6\u00dfe in Zoll: 12.9 Zoll<\/li>\n<li class=\"ml-3xs pl-[15px] relative before:absolute before:w-[8px] before:h-[8px] before:bg-dark before:top-[8px] before:left-0 before:rounded-full\">Aufl\u00f6sung: 2732 x 2048<\/li>\n<li class=\"ml-3xs pl-[15px] relative before:absolute before:w-[8px] before:h-[8px] before:bg-dark before:top-[8px] before:left-0 before:rounded-full\">Displaytechnologie: IPS<\/li>\n<li class=\"ml-3xs pl-[15px] relative before:absolute before:w-[8px] before:h-[8px] before:bg-dark before:top-[8px] before:left-0 before:rounded-full\">Paneltyp: Liquid Retina<\/li>\n<li class=\"ml-3xs pl-[15px] relative before:absolute before:w-[8px] before:h-[8px] before:bg-dark before:top-[8px] before:left-0 before:rounded-full\">Hintergrundbeleuchtung: LED<\/li>\n<li class=\"ml-3xs pl-[15px] relative before:absolute before:w-[8px] before:h-[8px] before:bg-dark before:top-[8px] before:left-0 before:rounded-full\">Frequenz: 60 Hz<\/li>\n<li class=\"ml-3xs pl-[15px] relative before:absolute before:w-[8px] before:h-[8px] before:bg-dark before:top-[8px] before:left-0 before:rounded-full\">Eingabem\u00f6glichkeiten: <\/li>\n<div class=\"itemizedlist\">\n<ul class=\"flex flex-col gap-s\">\n<li class=\"ml-3xs pl-[15px] relative before:absolute before:w-[8px] before:h-[8px] before:bg-dark before:top-[8px] before:left-0 before:rounded-full\">Digitizer \/ Stylus-Support<\/li>\n<li class=\"ml-3xs pl-[15px] relative before:absolute before:w-[8px] before:h-[8px] before:bg-dark before:top-[8px] before:left-0 before:rounded-full\">Touch<\/li>\n<\/ul>\n<\/div>\n<\/ul>\n<p><\/span><\/div>\n<\/div>\n<\/li>\n<li class=\"mb-m\">\n<div class=\"flex flex-col m:flex-row gap-s m:gap-xl\">\n<div class=\"text-h3 min-w-[244px] max-w-[244px]\">Speicher<\/div>\n<div class=\"flex flex-col gap-s\"><span class=\"\"><\/p>\n<ul class=\"flex flex-col gap-s\">\n<li class=\"ml-3xs pl-[15px] relative before:absolute before:w-[8px] before:h-[8px] before:bg-dark before:top-[8px] before:left-0 before:rounded-full\">Arbeitsspeicher in GB: 8 GB<\/li>\n<li class=\"ml-3xs pl-[15px] relative before:absolute before:w-[8px] before:h-[8px] before:bg-dark before:top-[8px] before:left-0 before:rounded-full\">interner Speicher: 256 GB<\/li>\n<\/ul>\n<p><\/span><\/div>\n<\/div>\n<\/li>\n<li class=\"mb-m\">\n<div class=\"flex flex-col m:flex-row gap-s m:gap-xl\">\n<div class=\"text-h3 min-w-[244px] max-w-[244px]\">Prozessor<\/div>\n<div class=\"flex flex-col gap-s\"><span class=\"\"><\/p>\n<ul class=\"flex flex-col gap-s\">\n<li class=\"ml-3xs pl-[15px] relative before:absolute before:w-[8px] before:h-[8px] before:bg-dark before:top-[8px] before:left-0 before:rounded-full\">Prozessorhersteller: Apple<\/li>\n<li class=\"ml-3xs pl-[15px] relative before:absolute before:w-[8px] before:h-[8px] before:bg-dark before:top-[8px] before:left-0 before:rounded-full\">Prozessortyp: M3<\/li>\n<li class=\"ml-3xs pl-[15px] relative before:absolute before:w-[8px] before:h-[8px] before:bg-dark before:top-[8px] before:left-0 before:rounded-full\">Kerne (gesamt): 8 St<\/li>\n<li class=\"ml-3xs pl-[15px] relative before:absolute before:w-[8px] before:h-[8px] before:bg-dark before:top-[8px] before:left-0 before:rounded-full\">Prozessor-Eigenschaften: 64-bit-Architektur<\/li>\n<\/ul>\n<p><\/span><\/div>\n<\/div>\n<\/li>\n<li class=\"mb-m\">\n<div class=\"flex flex-col m:flex-row gap-s m:gap-xl\">\n<div class=\"text-h3 min-w-[244px] max-w-[244px]\">Grafikchip<\/div>\n<div class=\"flex flex-col gap-s\"><span class=\"\"><\/p>\n<ul class=\"flex flex-col gap-s\">\n<li class=\"ml-3xs pl-[15px] relative before:absolute before:w-[8px] before:h-[8px] before:bg-dark before:top-[8px] before:left-0 before:rounded-full\">M3 &#8211; 9 Core GPU<\/li>\n<\/ul>\n<p><\/span><\/div>\n<\/div>\n<\/li>\n<li class=\"mb-m\">\n<div class=\"flex flex-col m:flex-row gap-s m:gap-xl\">\n<div class=\"text-h3 min-w-[244px] max-w-[244px]\">Betriebssystem<\/div>\n<div class=\"flex flex-col gap-s\"><span class=\"\"><\/p>\n<ul class=\"flex flex-col gap-s\">\n<li class=\"ml-3xs pl-[15px] relative before:absolute before:w-[8px] before:h-[8px] before:bg-dark before:top-[8px] before:left-0 before:rounded-full\">Betriebssystemversion: iPadOS 18<\/li>\n<li class=\"ml-3xs pl-[15px] relative before:absolute before:w-[8px] before:h-[8px] before:bg-dark before:top-[8px] before:left-0 before:rounded-full\">Betriebssystem: iPadOS<\/li>\n<\/ul>\n<p><\/span><\/div>\n<\/div>\n<\/li>\n<li class=\"mb-m\">\n<div class=\"flex flex-col m:flex-row gap-s m:gap-xl\">\n<div class=\"text-h3 min-w-[244px] max-w-[244px]\">Video \/ Kamera<\/div>\n<div class=\"flex flex-col gap-s\"><span class=\"\"><\/p>\n<ul class=\"flex flex-col gap-s\">\n<li class=\"ml-3xs pl-[15px] relative before:absolute before:w-[8px] before:h-[8px] before:bg-dark before:top-[8px] before:left-0 before:rounded-full\">Aufl\u00f6sung Hauptkamera: 12 MP<\/li>\n<li class=\"ml-3xs pl-[15px] relative before:absolute before:w-[8px] before:h-[8px] before:bg-dark before:top-[8px] before:left-0 before:rounded-full\">Frontkamera: 12 MP<\/li>\n<\/ul>\n<p><\/span><\/div>\n<\/div>\n<\/li>\n<li class=\"mb-m\">\n<div class=\"flex flex-col m:flex-row gap-s m:gap-xl\">\n<div class=\"text-h3 min-w-[244px] max-w-[244px]\">Kabellose Konnektivit\u00e4t<\/div>\n<div class=\"flex flex-col gap-s\"><span class=\"\"><\/p>\n<ul class=\"flex flex-col gap-s\">\n<li class=\"ml-3xs pl-[15px] relative before:absolute before:w-[8px] before:h-[8px] before:bg-dark before:top-[8px] before:left-0 before:rounded-full\">Kabellose \u00dcbertragungsm\u00f6glichkeiten: <\/li>\n<div class=\"itemizedlist\">\n<ul class=\"flex flex-col gap-s\">\n<li class=\"ml-3xs pl-[15px] relative before:absolute before:w-[8px] before:h-[8px] before:bg-dark before:top-[8px] before:left-0 before:rounded-full\">Bluetooth<\/li>\n<li class=\"ml-3xs pl-[15px] relative before:absolute before:w-[8px] before:h-[8px] before:bg-dark before:top-[8px] before:left-0 before:rounded-full\">WLAN<\/li>\n<\/ul>\n<\/div>\n<li class=\"ml-3xs pl-[15px] relative before:absolute before:w-[8px] before:h-[8px] before:bg-dark before:top-[8px] before:left-0 before:rounded-full\">Mobilfunkstandard: Nein<\/li>\n<li class=\"ml-3xs pl-[15px] relative before:absolute before:w-[8px] before:h-[8px] before:bg-dark before:top-[8px] before:left-0 before:rounded-full\">WLAN Standard: Wi-Fi 6<\/li>\n<li class=\"ml-3xs pl-[15px] relative before:absolute before:w-[8px] before:h-[8px] before:bg-dark before:top-[8px] before:left-0 before:rounded-full\">WLAN Frequenzband: <\/li>\n<div class=\"itemizedlist\">\n<ul class=\"flex flex-col gap-s\">\n<li class=\"ml-3xs pl-[15px] relative before:absolute before:w-[8px] before:h-[8px] before:bg-dark before:top-[8px] before:left-0 before:rounded-full\">2,4 GHz<\/li>\n<li class=\"ml-3xs pl-[15px] relative before:absolute before:w-[8px] before:h-[8px] before:bg-dark before:top-[8px] before:left-0 before:rounded-full\">5 GHz<\/li>\n<\/ul>\n<\/div>\n<li class=\"ml-3xs pl-[15px] relative before:absolute before:w-[8px] before:h-[8px] before:bg-dark before:top-[8px] before:left-0 before:rounded-full\">Bluetooth Typ: 5.3<\/li>\n<\/ul>\n<p><\/span><\/div>\n<\/div>\n<\/li>\n<li class=\"mb-m\">\n<div class=\"flex flex-col m:flex-row gap-s m:gap-xl\">\n<div class=\"text-h3 min-w-[244px] max-w-[244px]\">externe Anschl\u00fcsse<\/div>\n<div class=\"flex flex-col gap-s\"><span class=\"\"><\/p>\n<ul class=\"flex flex-col gap-s\">\n<li class=\"ml-3xs pl-[15px] relative before:absolute before:w-[8px] before:h-[8px] before:bg-dark before:top-[8px] before:left-0 before:rounded-full\">Anzahl USB 3.0: 1 St<\/li>\n<li class=\"ml-3xs pl-[15px] relative before:absolute before:w-[8px] before:h-[8px] before:bg-dark before:top-[8px] before:left-0 before:rounded-full\">ext. Anschl\u00fcsse: USB 3.0<\/li>\n<\/ul>\n<p><\/span><\/div>\n<\/div>\n<\/li>\n<li class=\"mb-m\">\n<div class=\"flex flex-col m:flex-row gap-s m:gap-xl\">\n<div class=\"text-h3 min-w-[244px] max-w-[244px]\">Akku \/ Batterie<\/div>\n<div class=\"flex flex-col gap-s\"><span class=\"\"><\/p>\n<ul class=\"flex flex-col gap-s\">\n<li class=\"ml-3xs pl-[15px] relative before:absolute before:w-[8px] before:h-[8px] before:bg-dark before:top-[8px] before:left-0 before:rounded-full\">maximale Akkulaufzeit: 10 h<\/li>\n<li class=\"ml-3xs pl-[15px] relative before:absolute before:w-[8px] before:h-[8px] before:bg-dark before:top-[8px] before:left-0 before:rounded-full\">Akku-Eigenschaften: fest verbaut<\/li>\n<\/ul>\n<p><\/span><\/div>\n<\/div>\n<\/li>\n<li class=\"mb-m\">\n<div class=\"flex flex-col m:flex-row gap-s m:gap-xl\">\n<div class=\"text-h3 min-w-[244px] max-w-[244px]\">Farbe \/ Material<\/div>\n<div class=\"flex flex-col gap-s\"><span class=\"\"><\/p>\n<ul class=\"flex flex-col gap-s\">\n<li class=\"ml-3xs pl-[15px] relative before:absolute before:w-[8px] before:h-[8px] before:bg-dark before:top-[8px] before:left-0 before:rounded-full\">Farbbezeichnung (Hersteller): Space Grey<\/li>\n<li class=\"ml-3xs pl-[15px] relative before:absolute before:w-[8px] before:h-[8px] before:bg-dark before:top-[8px] before:left-0 before:rounded-full\">Farbe: Grau<\/li>\n<li class=\"ml-3xs pl-[15px] relative before:absolute before:w-[8px] before:h-[8px] before:bg-dark before:top-[8px] before:left-0 before:rounded-full\">Material: Aluminium<\/li>\n<\/ul>\n<p><\/span><\/div>\n<\/div>\n<\/li>\n<li class=\"mb-m\">\n<div class=\"flex flex-col m:flex-row gap-s m:gap-xl\">\n<div class=\"text-h3 min-w-[244px] max-w-[244px]\">Abmessungen \/ Gewicht<\/div>\n<div class=\"flex flex-col gap-s\"><span class=\"\"><\/p>\n<ul class=\"flex flex-col gap-s\">\n<li class=\"ml-3xs pl-[15px] relative before:absolute before:w-[8px] before:h-[8px] before:bg-dark before:top-[8px] before:left-0 before:rounded-full\">Breite: 214.9 mm<\/li>\n<li class=\"ml-3xs pl-[15px] relative before:absolute before:w-[8px] before:h-[8px] before:bg-dark before:top-[8px] before:left-0 before:rounded-full\">H\u00f6he: 280.6 mm<\/li>\n<li class=\"ml-3xs pl-[15px] relative before:absolute before:w-[8px] before:h-[8px] before:bg-dark before:top-[8px] before:left-0 before:rounded-full\">Tiefe: 6.1 mm<\/li>\n<li class=\"ml-3xs pl-[15px] relative before:absolute before:w-[8px] before:h-[8px] before:bg-dark before:top-[8px] before:left-0 before:rounded-full\">Gewicht: 0.616 kg<\/li>\n<\/ul>\n<p><\/span><\/div>\n<\/div>\n<\/li>\n<li class=\"mb-m\">\n<div class=\"flex flex-col m:flex-row gap-s m:gap-xl\">\n<div class=\"text-h3 min-w-[244px] max-w-[244px]\">Sensoren<\/div>\n<div class=\"flex flex-col gap-s\"><span class=\"\"><\/p>\n<ul class=\"flex flex-col gap-s\">\n<li class=\"ml-3xs pl-[15px] relative before:absolute before:w-[8px] before:h-[8px] before:bg-dark before:top-[8px] before:left-0 before:rounded-full\">Bewegungssensor<\/li>\n<li class=\"ml-3xs pl-[15px] relative before:absolute before:w-[8px] before:h-[8px] before:bg-dark before:top-[8px] before:left-0 before:rounded-full\">Gyrosensor<\/li>\n<\/ul>\n<p><\/span><\/div>\n<\/div>\n<\/li>\n<li class=\"mb-m\">\n<div class=\"flex flex-col m:flex-row gap-s m:gap-xl\">\n<div class=\"text-h3 min-w-[244px] max-w-[244px]\">Lieferumfang<\/div>\n<div class=\"flex flex-col gap-s\"><span class=\"\"><\/p>\n<ul class=\"flex flex-col gap-s\">\n<li class=\"ml-3xs pl-[15px] relative before:absolute before:w-[8px] before:h-[8px] before:bg-dark before:top-[8px] before:left-0 before:rounded-full\">Lieferumfang: 1.0m USB-C Ladekabel<\/li>\n<li class=\"ml-3xs pl-[15px] relative before:absolute before:w-[8px] before:h-[8px] before:bg-dark before:top-[8px] before:left-0 before:rounded-full\">Netzteil: separat erh\u00e4ltlich<\/li>\n<\/ul>\n<p><\/span><\/div>\n<\/div>\n<\/li>\n<li class=\"mb-m\">\n<div class=\"flex flex-col m:flex-row gap-s m:gap-xl\">\n<div class=\"text-h3 min-w-[244px] max-w-[244px]\">Produktserie<\/div>\n<div class=\"flex flex-col gap-s\"><span class=\"\"><\/p>\n<ul class=\"flex flex-col gap-s\">\n<li class=\"ml-3xs pl-[15px] relative before:absolute before:w-[8px] before:h-[8px] before:bg-dark before:top-[8px] before:left-0 before:rounded-full\">iPad Air<\/li>\n<\/ul>\n<p><\/span><\/div>\n<\/div>\n<\/li>\n<li class=\"mb-m\">\n<div class=\"flex flex-col m:flex-row gap-s m:gap-xl\">\n<div class=\"text-h3 min-w-[244px] max-w-[244px]\">Energieeffizienzklasse<\/div>\n<div class=\"flex flex-col gap-s\"><span class=\"\"><\/p>\n<ul class=\"flex flex-col gap-s\">\n<li class=\"ml-3xs pl-[15px] relative before:absolute before:w-[8px] before:h-[8px] before:bg-dark before:top-[8px] before:left-0 before:rounded-full\">G<\/li>\n<\/ul>\n<p><\/span><\/div>\n<\/div>\n<\/li>\n","protected":false},"excerpt":{"rendered":"<li class=\"bullet-list-item\">32.78 cm (12.9 Zoll) Liquid Retina Display (2732 x 2048, 60 Hz)<\/li>\n<li class=\"bullet-list-item\">Apple M3 Prozessor (8-Core), 8 GB RAM<\/li>\n<li class=\"bullet-list-item\">256 GB interner Speicher<\/li>\n<li class=\"bullet-list-item\">12 MP Hauptkamera, 12 MP Frontkamera<\/li>\n<li class=\"bullet-list-item\">WLAN Wi-Fi 6, BT 5.3<\/li>\n<p> Herstellernummer MCNN4TY\/A<\/p>","protected":false},"featured_media":43689,"comment_status":"open","ping_status":"closed","template":"","meta":{"_monsterinsights_skip_tracking":false,"_monsterinsights_sitenote_active":false,"_monsterinsights_sitenote_note":"","_monsterinsights_sitenote_category":0,"_uf_show_specific_survey":0,"_uf_disable_surveys":false},"product_brand":[],"product_cat":[450],"product_tag":[],"models":[],"years":[],"class_list":{"0":"post-17951","1":"product","2":"type-product","3":"status-publish","4":"has-post-thumbnail","6":"product_cat-tablets","8":"first","9":"instock","10":"sale","11":"featured","12":"shipping-taxable","13":"purchasable","14":"product-type-simple"},"aioseo_notices":[],"acf":[],"_links":{"self":[{"href":"https:\/\/amannforg.com\/de\/wp-json\/wp\/v2\/product\/17951","targetHints":{"allow":["GET"]}}],"collection":[{"href":"https:\/\/amannforg.com\/de\/wp-json\/wp\/v2\/product"}],"about":[{"href":"https:\/\/amannforg.com\/de\/wp-json\/wp\/v2\/types\/product"}],"replies":[{"embeddable":true,"href":"https:\/\/amannforg.com\/de\/wp-json\/wp\/v2\/comments?post=17951"}],"version-history":[{"count":1,"href":"https:\/\/amannforg.com\/de\/wp-json\/wp\/v2\/product\/17951\/revisions"}],"predecessor-version":[{"id":57430,"href":"https:\/\/amannforg.com\/de\/wp-json\/wp\/v2\/product\/17951\/revisions\/57430"}],"wp:featuredmedia":[{"embeddable":true,"href":"https:\/\/amannforg.com\/de\/wp-json\/wp\/v2\/media\/43689"}],"wp:attachment":[{"href":"https:\/\/amannforg.com\/de\/wp-json\/wp\/v2\/media?parent=17951"}],"wp:term":[{"taxonomy":"product_brand","embeddable":true,"href":"https:\/\/amannforg.com\/de\/wp-json\/wp\/v2\/product_brand?post=17951"},{"taxonomy":"product_cat","embeddable":true,"href":"https:\/\/amannforg.com\/de\/wp-json\/wp\/v2\/product_cat?post=17951"},{"taxonomy":"product_tag","embeddable":true,"href":"https:\/\/amannforg.com\/de\/wp-json\/wp\/v2\/product_tag?post=17951"},{"taxonomy":"models","embeddable":true,"href":"https:\/\/amannforg.com\/de\/wp-json\/wp\/v2\/models?post=17951"},{"taxonomy":"years","embeddable":true,"href":"https:\/\/amannforg.com\/de\/wp-json\/wp\/v2\/years?post=17951"}],"curies":[{"name":"wp","href":"https:\/\/api.w.org\/{rel}","templated":true}]}}