{"id":17963,"date":"2026-02-28T11:11:54","date_gmt":"2026-02-28T11:11:54","guid":{"rendered":"https:\/\/amannforg.com\/?post_type=product&#038;p=17963"},"modified":"2026-03-07T16:24:59","modified_gmt":"2026-03-07T16:24:59","slug":"samsung-galaxy-tab-a11-sm-x236-wifi-5g-128gb-grau-android-16-tablet-enterprise-edition","status":"publish","type":"product","link":"https:\/\/amannforg.com\/de\/produkt\/samsung-galaxy-tab-a11-sm-x236-wifi-5g-128gb-grau-android-16-tablet-enterprise-edition\/","title":{"rendered":"Samsung GALAXY Tab A11+ SM-X236 WiFi 5G 128GB grau Android 16 Tablet Enterprise Edition"},"content":{"rendered":"<div class=\"titlepage\">\n<h2 class=\"text-h3 mb-l\">Gro\u00dfes Entertainment trifft intelligente Funktionen<\/h2>\n<\/div>\n<p>Enterprise Edition inkl. 3 Jahre Herstellergarantie (A), 7 Jahre Update-Support und 1 Jahr Knox Suite<\/p>\n<div class=\"titlepage\">\n<h2 class=\"text-h3 mb-l\">Highlights<\/h2>\n<\/div>\n<div class=\"itemizedlist\">\n<ul class=\"bullet-list\">\n<li class=\"bullet-list-item\">Eintauchen &amp; Genie\u00dfen: Fl\u00fcssige Bilder dank 90 Hz Bildwiederholrate, satter Sound \u00fcber Quad-Lautsprecher &amp; 25W-Schnellladen <sup>1<\/sup> f\u00fcr Entertainment ohne Kompromisse<\/li>\n<li class=\"bullet-list-item\">Erlebe AI: Smarte Funktionen direkt auf deinem Tablet mit Google Gemini 2 &amp; Circle to Search mit Google <sup>3 <\/sup>.<\/li>\n<li class=\"bullet-list-item\">Smart notiert: Notizen einfach erstellen &amp; organisieren mit Samsung Notes<\/li>\n<li class=\"bullet-list-item\">Flexibel verbunden: Erweitere deine PC-Arbeitsfl\u00e4che mit dem Galaxy Tab A11+ als zweiten Bildschirm und binde es nahtlos in dein Samsung Galaxy Ecosystem ein<\/li>\n<\/ul>\n<\/div>\n<p>Das Galaxy Tab A11+ bietet ein mitrei\u00dfendes Entertainment-Erlebnis f\u00fcr alle, die ein Upgrade zum Smartphone-Format suchen.Ob fesselndes Streaming, entspanntes Browsen oder packende Gaming-Session: Auf dem gro\u00dfen 90-Hz-Display kannst du deine Inhalte \u00fcbersichtlich und fl\u00fcssig zu genie\u00dfen, auch unterwegs. Der kraftvolle Quad-Lautsprecher mit sattem Dolby-Atmos-Sound liefert die passende Klangkulisse und zieht dich mitten ins Geschehen. Und wenn der ausdauernde Akku nach vielen Stunden neue Energie ben\u00f6tigt, sorgt die 25W-Schnellladefunktion <sup>1<\/sup> daf\u00fcr, dass du schnell bereit f\u00fcr den n\u00e4chsten Serienmarathon oder eine weitere Runde Gaming bist.Doch das Galaxy Tab A11+ kann mehr als unterhalten: Mit Google Gemini 2 und Circle to Search mit Google <sup>3<\/sup> hast du smarte AI-Funktionen direkt griffbereit. Erledige Aufgaben, finde Informationen und organisiere deinen Alltag \u2013 bequem und ohne st\u00e4ndig zwischen Apps wechseln zu m\u00fcssen. Mit Samsung Notes kannst du zudem alles, was dir gerade einf\u00e4llt, notieren, strukturieren und jederzeit wieder abrufen. F\u00fcr noch mehr \u00dcberblick l\u00e4sst sich das Galaxy Tab A11+ flexibel einbinden: Nutze es als erweiterte Anzeigefl\u00e4che neben deinem gro\u00dfen Bildschirm und integriere es in dein Samsung Galaxy Ecosystem, damit all deine Galaxy Ger\u00e4te nahtlos zusammenarbeiten k\u00f6nnen.Entdecke mit dem Galaxy Tab A11+ einen Allrounder f\u00fcr deinen Tag, der Entertainment, Produktivit\u00e4t und smarte Unterst\u00fctzung in einem Ger\u00e4t vereint<\/p>\n<div class=\"titlepage\">\n<h2 class=\"text-h3 mb-l\">Performance, die Schritt h\u00e4lt<\/h2>\n<\/div>\n<p>Ob Surfen im Internet, Serienmarathon oder Gaming-Session: Das Galaxy Tab A11+ macht vieles von dem mit, was du gerade vorhast. Der starke Prozessor sorgt daf\u00fcr, dass Apps fl\u00fcssig laufen und dein Multitasking reibungslos funktioniert.So kannst du ein Referat bearbeiten, nebenbei E-Mails checken und deine Playlist genie\u00dfen. Der ausdauernde Akku h\u00e4lt dir \u00fcber viele Stunden den R\u00fccken frei. Und dank der 25W-Schnellladefunktion\u00b9 bist du in kurzer Zeit wieder startklar \u2013 1,6-mal schneller als beim Vorg\u00e4ngermodell Galaxy Tab A9+.Auch wenn kein WLAN verf\u00fcgbar ist, bleibst du flexibel dank 5G-Unterst\u00fctzung. Genie\u00dfe fl\u00fcssiges Streaming w\u00e4hrend der Fahrt im Bus, lade in der Cafeteria gro\u00dfe Dateien in kurzer Zeit herunter oder starte im Park einen Videocall mit deinen Freunden.Produktivit\u00e4t in deiner HandMit dem Galaxy Tab A11+ hast du ein Tool an der Hand, um produktiv sein zu k\u00f6nnen. Ob schnelle Notizen, kreative Einf\u00e4lle oder To-Do-Listen: Dank Samsung Notes kannst du deine Ideen spontan festhalten, \u00fcbersichtlich anordnen und darauf zugreifen \u2013 egal, wo du bist.Du brauchst mehr Struktur bei deinen Aufgaben? Mit einem Wisch nach unten aktivierst du Samsung DeX und verwandelst dein Galaxy Tab A11+ in eine PC-\u00e4hnliche Arbeitsumgebung. Mehrere Fenster gleichzeitig \u00f6ffnen, Inhalte einfach verschieben oder Dokumente parallel bearbeiten \u2013 so komfortabel ist die Arbeit auf dem Galaxy Tab A11+.F\u00fcr noch mehr Platz und \u00dcberblick kannst du dein Galaxy Tab A11+ mit deinem gro\u00dfen Bildschirm verbinden und als zus\u00e4tzliche Anzeigefl\u00e4che verwenden. Ob zu Hause oder unterwegs: Das Galaxy Tab A11+ passt sich flexibel deinem Workflow an.<\/p>\n<div class=\"titlepage\">\n<h2 class=\"text-h3 mb-l\">Dein smartes Tab-Erlebnis<\/h2>\n<\/div>\n<p>Sichere dir smarte Unterst\u00fctzung jetzt auch auf einem Tablet der A-Serie: Google Gemini\u00b2 und Circle to Search mit Google\u00b3 bringen die M\u00f6glichkeiten von AI direkt auf dein Galaxy Tab A11+.Google Gemini ist dein cleverer Assistent auch f\u00fcr komplexe Aufgaben \u2013 und auf Knopfdruck startklar. Lege Notizen oder Termine per Sprachbefehl an, starte Google-Suchen und versende die Ergebnisse per Chat, ohne zwischen Apps wechseln zu m\u00fcssen. Du kannst auch deinen Bildschirm mit Gemini teilen, etwa um ein komplexes PDF zusammenfassen zu lassen, ein Kochrezept auf die gew\u00fcnschte Personenzahl anzupassen oder mehrere Produkte beim Online-Shoppen miteinander zu vergleichen.Mit Circle to Search mit Google funktioniert die Suche nach Informationen im Handumdrehen: Einfach ein Objekt, Produkt oder einen Begriff auf dem Bildschirm einkreisen \u2013 schon bekommst du die passenden Infos \u00fcbersichtlich auf dem gro\u00dfen Display deines Galaxy Tab A11+ pr\u00e4sentiert. Schnell, praktisch und intuitiv \u2013 so f\u00fchlt sich ein smartes Tablet-Erlebnis an.<\/p>\n<div class=\"titlepage\">\n<h2 class=\"text-h3 mb-l\">Entertainment mit Stil<\/h2>\n<\/div>\n<p>Du willst dich in eine neue Serie vertiefen oder beim Gaming alles um dich herum vergessen? Auf dem Galaxy Tab A11+ kannst du tief in deine Inhalte eintauchen. Das 90-Hz-Display sorgt f\u00fcr fl\u00fcssige Bewegungen in deinen Streams und Games sowie f\u00fcr sanftes Scrollen durch deine Inhalte. Den passenden Sound liefern die vier Lautsprecher mit Dolby Atmos. Lass dich von dem satten und ausgewogenen Klang mitten ins Geschehen ziehen.Auch optisch \u00fcberzeugt das Galaxy Tab A11+ auf ganzer Linie: Das Design ist angelehnt an den Flagship-Look der Galaxy S-Serie. Das schlanke Geh\u00e4use in Gray und Silver erinnert durch seine klare Linienf\u00fchrung, die seitliche Anordnung der Bedientasten und das markante Kameradesign an ein Smartphone. Sichere dir ein modernes Tablet, das mit seinem edlen Touch \u00fcberall eine gute Figur macht.<sub>*1) Nur mit optional erh\u00e4ltlichem Schnellladeadapter verf\u00fcgbar. <\/sub><sub>*2) Google Gemini Live erfordert eine Internetverbindung und die Anmeldung bei einem Google Konto. Die Verf\u00fcgbarkeit des Dienstes kann je nach Land, Sprache und Ger\u00e4temodell variieren. Die Funktionen k\u00f6nnen je nach Abonnement und individuellen Einstellungen bzw. installierten Programmen variieren, und die Ergebnisse k\u00f6nnen sich unterscheiden. Kompatibel mit bestimmten Funktionen und Konten. Nur verf\u00fcgbar f\u00fcr Nutzerinnen, die mindestens 18 Jahre alt sind. Keine Gew\u00e4hr f\u00fcr Genauigkeit, Vollst\u00e4ndigkeit oder Zuverl\u00e4ssigkeit der AI-Ergebnisse. <\/sub><sub>*3) Google ist eine Marke von Google LLC. Die Verf\u00fcgbarkeit von Suchfunktionalit\u00e4ten und unterst\u00fctzten Apps kann je nach Land, Sprache und Ger\u00e4temodell variieren. Eine Internetverbindung ist erforderlich. Nutzerinnen m\u00fcssen m\u00f6glicherweise Android und die Google App auf die neueste Version aktualisieren. Funktioniert nur mit kompatiblen Apps und Oberfl\u00e4chen. Suchergebnisse k\u00f6nnen je nach visuellen \u00dcbereinstimmungen variieren. Die Genauigkeit der Ergebnisse wird nicht garantiert. Wenn das Smartphone stummgeschaltet ist oder die Musik \u00fcber Kopfh\u00f6rer abgespielt wird, kann sie nicht identifiziert werden. Suchergebnisse k\u00f6nnen je nach Audio-\u00dcbereinstimmungen variieren.<\/sub>A.  Es gelten die Samsung Garantiebedingungen: https:\/\/www.samsung.com\/de\/support\/warranty  <\/p>\n<li class=\"mb-m\">\n<div class=\"flex flex-col m:flex-row gap-s m:gap-xl\">\n<div class=\"text-h3 min-w-[244px] max-w-[244px]\">Anzahl Lautsprecher<\/div>\n<div class=\"flex flex-col gap-s\"><span class=\"\"><\/p>\n<ul class=\"flex flex-col gap-s\">\n<li class=\"ml-3xs pl-[15px] relative before:absolute before:w-[8px] before:h-[8px] before:bg-dark before:top-[8px] before:left-0 before:rounded-full\">4 St<\/li>\n<\/ul>\n<p><\/span><\/div>\n<\/div>\n<\/li>\n<li class=\"mb-m\">\n<div class=\"flex flex-col m:flex-row gap-s m:gap-xl\">\n<div class=\"text-h3 min-w-[244px] max-w-[244px]\">Energieversorgung<\/div>\n<div class=\"flex flex-col gap-s\"><span class=\"\"><\/p>\n<ul class=\"flex flex-col gap-s\">\n<li class=\"ml-3xs pl-[15px] relative before:absolute before:w-[8px] before:h-[8px] before:bg-dark before:top-[8px] before:left-0 before:rounded-full\">Akku-\/ Batterie-Kapazit\u00e4t in mAh: 7040 mAh<\/li>\n<li class=\"ml-3xs pl-[15px] relative before:absolute before:w-[8px] before:h-[8px] before:bg-dark before:top-[8px] before:left-0 before:rounded-full\">Ladefunktionen: Schnellladung<\/li>\n<li class=\"ml-3xs pl-[15px] relative before:absolute before:w-[8px] before:h-[8px] before:bg-dark before:top-[8px] before:left-0 before:rounded-full\">Akku-Eigenschaften: fest verbaut<\/li>\n<li class=\"ml-3xs pl-[15px] relative before:absolute before:w-[8px] before:h-[8px] before:bg-dark before:top-[8px] before:left-0 before:rounded-full\">Akku-\/Batterie-Technologie: Lithium-Ionen<\/li>\n<li class=\"ml-3xs pl-[15px] relative before:absolute before:w-[8px] before:h-[8px] before:bg-dark before:top-[8px] before:left-0 before:rounded-full\">Minimal unterst\u00fctzte Ladeleistung: 10 W<\/li>\n<li class=\"ml-3xs pl-[15px] relative before:absolute before:w-[8px] before:h-[8px] before:bg-dark before:top-[8px] before:left-0 before:rounded-full\">Maximal unterst\u00fctze Ladeleistung: 25 W<\/li>\n<li class=\"ml-3xs pl-[15px] relative before:absolute before:w-[8px] before:h-[8px] before:bg-dark before:top-[8px] before:left-0 before:rounded-full\">Unterst\u00fctzt USB-PD (Power Delivery): USB PD<\/li>\n<\/ul>\n<p><\/span><\/div>\n<\/div>\n<\/li>\n<li class=\"mb-m\">\n<div class=\"flex flex-col m:flex-row gap-s m:gap-xl\">\n<div class=\"text-h3 min-w-[244px] max-w-[244px]\">Display<\/div>\n<div class=\"flex flex-col gap-s\"><span class=\"\"><\/p>\n<ul class=\"flex flex-col gap-s\">\n<li class=\"ml-3xs pl-[15px] relative before:absolute before:w-[8px] before:h-[8px] before:bg-dark before:top-[8px] before:left-0 before:rounded-full\">Displaygr\u00f6\u00dfe in cm: 27.82 cm<\/li>\n<li class=\"ml-3xs pl-[15px] relative before:absolute before:w-[8px] before:h-[8px] before:bg-dark before:top-[8px] before:left-0 before:rounded-full\">Displaygr\u00f6\u00dfe in Zoll: 11 Zoll<\/li>\n<li class=\"ml-3xs pl-[15px] relative before:absolute before:w-[8px] before:h-[8px] before:bg-dark before:top-[8px] before:left-0 before:rounded-full\">Aufl\u00f6sung: 1920 x 1200<\/li>\n<li class=\"ml-3xs pl-[15px] relative before:absolute before:w-[8px] before:h-[8px] before:bg-dark before:top-[8px] before:left-0 before:rounded-full\">PPI Pixeldichte: 207 PPI<\/li>\n<li class=\"ml-3xs pl-[15px] relative before:absolute before:w-[8px] before:h-[8px] before:bg-dark before:top-[8px] before:left-0 before:rounded-full\">Displaytechnologie: LCD<\/li>\n<li class=\"ml-3xs pl-[15px] relative before:absolute before:w-[8px] before:h-[8px] before:bg-dark before:top-[8px] before:left-0 before:rounded-full\">Hintergrundbeleuchtung: LED<\/li>\n<li class=\"ml-3xs pl-[15px] relative before:absolute before:w-[8px] before:h-[8px] before:bg-dark before:top-[8px] before:left-0 before:rounded-full\">Displayoberfl\u00e4che: gl\u00e4nzend<\/li>\n<li class=\"ml-3xs pl-[15px] relative before:absolute before:w-[8px] before:h-[8px] before:bg-dark before:top-[8px] before:left-0 before:rounded-full\">Frequenz: 90 Hz<\/li>\n<li class=\"ml-3xs pl-[15px] relative before:absolute before:w-[8px] before:h-[8px] before:bg-dark before:top-[8px] before:left-0 before:rounded-full\">Helligkeit: 480 Nit<\/li>\n<li class=\"ml-3xs pl-[15px] relative before:absolute before:w-[8px] before:h-[8px] before:bg-dark before:top-[8px] before:left-0 before:rounded-full\">Farbtiefe: 24 Bit<\/li>\n<\/ul>\n<p><\/span><\/div>\n<\/div>\n<\/li>\n<li class=\"mb-m\">\n<div class=\"flex flex-col m:flex-row gap-s m:gap-xl\">\n<div class=\"text-h3 min-w-[244px] max-w-[244px]\">Speicher<\/div>\n<div class=\"flex flex-col gap-s\"><span class=\"\"><\/p>\n<ul class=\"flex flex-col gap-s\">\n<li class=\"ml-3xs pl-[15px] relative before:absolute before:w-[8px] before:h-[8px] before:bg-dark before:top-[8px] before:left-0 before:rounded-full\">Arbeitsspeicher in GB: 6 GB<\/li>\n<li class=\"ml-3xs pl-[15px] relative before:absolute before:w-[8px] before:h-[8px] before:bg-dark before:top-[8px] before:left-0 before:rounded-full\">interner Speicher: 128 GB<\/li>\n<\/ul>\n<p><\/span><\/div>\n<\/div>\n<\/li>\n<li class=\"mb-m\">\n<div class=\"flex flex-col m:flex-row gap-s m:gap-xl\">\n<div class=\"text-h3 min-w-[244px] max-w-[244px]\">Prozessor<\/div>\n<div class=\"flex flex-col gap-s\"><span class=\"\"><\/p>\n<ul class=\"flex flex-col gap-s\">\n<li class=\"ml-3xs pl-[15px] relative before:absolute before:w-[8px] before:h-[8px] before:bg-dark before:top-[8px] before:left-0 before:rounded-full\">Prozessorhersteller: MediaTek<\/li>\n<li class=\"ml-3xs pl-[15px] relative before:absolute before:w-[8px] before:h-[8px] before:bg-dark before:top-[8px] before:left-0 before:rounded-full\">Prozessortyp: MT8775<\/li>\n<li class=\"ml-3xs pl-[15px] relative before:absolute before:w-[8px] before:h-[8px] before:bg-dark before:top-[8px] before:left-0 before:rounded-full\">Kerne (gesamt): 8 St<\/li>\n<li class=\"ml-3xs pl-[15px] relative before:absolute before:w-[8px] before:h-[8px] before:bg-dark before:top-[8px] before:left-0 before:rounded-full\">Minimaler Takt: 2.5 GHz<\/li>\n<li class=\"ml-3xs pl-[15px] relative before:absolute before:w-[8px] before:h-[8px] before:bg-dark before:top-[8px] before:left-0 before:rounded-full\">Prozessor-Eigenschaften: 64-bit-Architektur<\/li>\n<\/ul>\n<p><\/span><\/div>\n<\/div>\n<\/li>\n<li class=\"mb-m\">\n<div class=\"flex flex-col m:flex-row gap-s m:gap-xl\">\n<div class=\"text-h3 min-w-[244px] max-w-[244px]\">Betriebssystem<\/div>\n<div class=\"flex flex-col gap-s\"><span class=\"\"><\/p>\n<ul class=\"flex flex-col gap-s\">\n<li class=\"ml-3xs pl-[15px] relative before:absolute before:w-[8px] before:h-[8px] before:bg-dark before:top-[8px] before:left-0 before:rounded-full\">Betriebssystemversion: 16<\/li>\n<li class=\"ml-3xs pl-[15px] relative before:absolute before:w-[8px] before:h-[8px] before:bg-dark before:top-[8px] before:left-0 before:rounded-full\">Betriebssystem: Android<\/li>\n<\/ul>\n<p><\/span><\/div>\n<\/div>\n<\/li>\n<li class=\"mb-m\">\n<div class=\"flex flex-col m:flex-row gap-s m:gap-xl\">\n<div class=\"text-h3 min-w-[244px] max-w-[244px]\">Video \/ Kamera<\/div>\n<div class=\"flex flex-col gap-s\"><span class=\"\"><\/p>\n<ul class=\"flex flex-col gap-s\">\n<li class=\"ml-3xs pl-[15px] relative before:absolute before:w-[8px] before:h-[8px] before:bg-dark before:top-[8px] before:left-0 before:rounded-full\">Aufl\u00f6sung Hauptkamera: 8 MP<\/li>\n<li class=\"ml-3xs pl-[15px] relative before:absolute before:w-[8px] before:h-[8px] before:bg-dark before:top-[8px] before:left-0 before:rounded-full\">Kameratyp Hauptkamera: Weitwinkelobjektiv<\/li>\n<li class=\"ml-3xs pl-[15px] relative before:absolute before:w-[8px] before:h-[8px] before:bg-dark before:top-[8px] before:left-0 before:rounded-full\">Frontkamera: 5 MP<\/li>\n<li class=\"ml-3xs pl-[15px] relative before:absolute before:w-[8px] before:h-[8px] before:bg-dark before:top-[8px] before:left-0 before:rounded-full\">Kameratyp Frontkamera: 1\/5.0\u201c Sensor, F2.2 Blende<\/li>\n<\/ul>\n<p><\/span><\/div>\n<\/div>\n<\/li>\n<li class=\"mb-m\">\n<div class=\"flex flex-col m:flex-row gap-s m:gap-xl\">\n<div class=\"text-h3 min-w-[244px] max-w-[244px]\">Kabellose Konnektivit\u00e4t<\/div>\n<div class=\"flex flex-col gap-s\"><span class=\"\"><\/p>\n<ul class=\"flex flex-col gap-s\">\n<li class=\"ml-3xs pl-[15px] relative before:absolute before:w-[8px] before:h-[8px] before:bg-dark before:top-[8px] before:left-0 before:rounded-full\">Kabellose \u00dcbertragungsm\u00f6glichkeiten: <\/li>\n<div class=\"itemizedlist\">\n<ul class=\"flex flex-col gap-s\">\n<li class=\"ml-3xs pl-[15px] relative before:absolute before:w-[8px] before:h-[8px] before:bg-dark before:top-[8px] before:left-0 before:rounded-full\">WLAN<\/li>\n<li class=\"ml-3xs pl-[15px] relative before:absolute before:w-[8px] before:h-[8px] before:bg-dark before:top-[8px] before:left-0 before:rounded-full\">Bluetooth<\/li>\n<li class=\"ml-3xs pl-[15px] relative before:absolute before:w-[8px] before:h-[8px] before:bg-dark before:top-[8px] before:left-0 before:rounded-full\">Mobiles Internet<\/li>\n<\/ul>\n<\/div>\n<li class=\"ml-3xs pl-[15px] relative before:absolute before:w-[8px] before:h-[8px] before:bg-dark before:top-[8px] before:left-0 before:rounded-full\">Mobilfunkstandard: 5G<\/li>\n<li class=\"ml-3xs pl-[15px] relative before:absolute before:w-[8px] before:h-[8px] before:bg-dark before:top-[8px] before:left-0 before:rounded-full\">WLAN Standard: Wi-Fi 5<\/li>\n<li class=\"ml-3xs pl-[15px] relative before:absolute before:w-[8px] before:h-[8px] before:bg-dark before:top-[8px] before:left-0 before:rounded-full\">WLAN Frequenzband: <\/li>\n<div class=\"itemizedlist\">\n<ul class=\"flex flex-col gap-s\">\n<li class=\"ml-3xs pl-[15px] relative before:absolute before:w-[8px] before:h-[8px] before:bg-dark before:top-[8px] before:left-0 before:rounded-full\">2,4 GHz<\/li>\n<li class=\"ml-3xs pl-[15px] relative before:absolute before:w-[8px] before:h-[8px] before:bg-dark before:top-[8px] before:left-0 before:rounded-full\">5 GHz<\/li>\n<\/ul>\n<\/div>\n<li class=\"ml-3xs pl-[15px] relative before:absolute before:w-[8px] before:h-[8px] before:bg-dark before:top-[8px] before:left-0 before:rounded-full\">Bluetooth Typ: 5.1<\/li>\n<li class=\"ml-3xs pl-[15px] relative before:absolute before:w-[8px] before:h-[8px] before:bg-dark before:top-[8px] before:left-0 before:rounded-full\">Bluetooth Besonderheiten: aptX<\/li>\n<\/ul>\n<p><\/span><\/div>\n<\/div>\n<\/li>\n<li class=\"mb-m\">\n<div class=\"flex flex-col m:flex-row gap-s m:gap-xl\">\n<div class=\"text-h3 min-w-[244px] max-w-[244px]\">externe Anschl\u00fcsse<\/div>\n<div class=\"flex flex-col gap-s\"><span class=\"\"><\/p>\n<ul class=\"flex flex-col gap-s\">\n<li class=\"ml-3xs pl-[15px] relative before:absolute before:w-[8px] before:h-[8px] before:bg-dark before:top-[8px] before:left-0 before:rounded-full\">USB-Typ: <\/li>\n<div class=\"itemizedlist\">\n<ul class=\"flex flex-col gap-s\">\n<li class=\"ml-3xs pl-[15px] relative before:absolute before:w-[8px] before:h-[8px] before:bg-dark before:top-[8px] before:left-0 before:rounded-full\">USB 2.0<\/li>\n<li class=\"ml-3xs pl-[15px] relative before:absolute before:w-[8px] before:h-[8px] before:bg-dark before:top-[8px] before:left-0 before:rounded-full\">USB-C<\/li>\n<\/ul>\n<\/div>\n<li class=\"ml-3xs pl-[15px] relative before:absolute before:w-[8px] before:h-[8px] before:bg-dark before:top-[8px] before:left-0 before:rounded-full\">Anzahl USB-C: 1 St<\/li>\n<\/ul>\n<p><\/span><\/div>\n<\/div>\n<\/li>\n<li class=\"mb-m\">\n<div class=\"flex flex-col m:flex-row gap-s m:gap-xl\">\n<div class=\"text-h3 min-w-[244px] max-w-[244px]\">Farbe<\/div>\n<div class=\"flex flex-col gap-s\"><span class=\"\"><\/p>\n<ul class=\"flex flex-col gap-s\">\n<li class=\"ml-3xs pl-[15px] relative before:absolute before:w-[8px] before:h-[8px] before:bg-dark before:top-[8px] before:left-0 before:rounded-full\">Grau<\/li>\n<\/ul>\n<p><\/span><\/div>\n<\/div>\n<\/li>\n<li class=\"mb-m\">\n<div class=\"flex flex-col m:flex-row gap-s m:gap-xl\">\n<div class=\"text-h3 min-w-[244px] max-w-[244px]\">Abmessungen \/ Gewicht<\/div>\n<div class=\"flex flex-col gap-s\"><span class=\"\"><\/p>\n<ul class=\"flex flex-col gap-s\">\n<li class=\"ml-3xs pl-[15px] relative before:absolute before:w-[8px] before:h-[8px] before:bg-dark before:top-[8px] before:left-0 before:rounded-full\">Breite: 168.7 mm<\/li>\n<li class=\"ml-3xs pl-[15px] relative before:absolute before:w-[8px] before:h-[8px] before:bg-dark before:top-[8px] before:left-0 before:rounded-full\">H\u00f6he: 257.1 mm<\/li>\n<li class=\"ml-3xs pl-[15px] relative before:absolute before:w-[8px] before:h-[8px] before:bg-dark before:top-[8px] before:left-0 before:rounded-full\">Tiefe: 6.9 mm<\/li>\n<li class=\"ml-3xs pl-[15px] relative before:absolute before:w-[8px] before:h-[8px] before:bg-dark before:top-[8px] before:left-0 before:rounded-full\">Gewicht: 0.477 kg<\/li>\n<\/ul>\n<p><\/span><\/div>\n<\/div>\n<\/li>\n<li class=\"mb-m\">\n<div class=\"flex flex-col m:flex-row gap-s m:gap-xl\">\n<div class=\"text-h3 min-w-[244px] max-w-[244px]\">Technische Eigenschaften<\/div>\n<div class=\"flex flex-col gap-s\"><span class=\"\"><\/p>\n<ul class=\"flex flex-col gap-s\">\n<li class=\"ml-3xs pl-[15px] relative before:absolute before:w-[8px] before:h-[8px] before:bg-dark before:top-[8px] before:left-0 before:rounded-full\">Ortung: <\/li>\n<div class=\"itemizedlist\">\n<ul class=\"flex flex-col gap-s\">\n<li class=\"ml-3xs pl-[15px] relative before:absolute before:w-[8px] before:h-[8px] before:bg-dark before:top-[8px] before:left-0 before:rounded-full\">GPS<\/li>\n<li class=\"ml-3xs pl-[15px] relative before:absolute before:w-[8px] before:h-[8px] before:bg-dark before:top-[8px] before:left-0 before:rounded-full\">GLONASS<\/li>\n<li class=\"ml-3xs pl-[15px] relative before:absolute before:w-[8px] before:h-[8px] before:bg-dark before:top-[8px] before:left-0 before:rounded-full\">Galileo<\/li>\n<li class=\"ml-3xs pl-[15px] relative before:absolute before:w-[8px] before:h-[8px] before:bg-dark before:top-[8px] before:left-0 before:rounded-full\">Baidu<\/li>\n<li class=\"ml-3xs pl-[15px] relative before:absolute before:w-[8px] before:h-[8px] before:bg-dark before:top-[8px] before:left-0 before:rounded-full\">QZSS<\/li>\n<\/ul>\n<\/div>\n<li class=\"ml-3xs pl-[15px] relative before:absolute before:w-[8px] before:h-[8px] before:bg-dark before:top-[8px] before:left-0 before:rounded-full\">Staub-\/Wasser-Schutz: IP52<\/li>\n<\/ul>\n<p><\/span><\/div>\n<\/div>\n<\/li>\n<li class=\"mb-m\">\n<div class=\"flex flex-col m:flex-row gap-s m:gap-xl\">\n<div class=\"text-h3 min-w-[244px] max-w-[244px]\">Lieferumfang<\/div>\n<div class=\"flex flex-col gap-s\"><span class=\"\"><\/p>\n<ul class=\"flex flex-col gap-s\">\n<li class=\"ml-3xs pl-[15px] relative before:absolute before:w-[8px] before:h-[8px] before:bg-dark before:top-[8px] before:left-0 before:rounded-full\">Lieferumfang: Ladekabel<\/li>\n<li class=\"ml-3xs pl-[15px] relative before:absolute before:w-[8px] before:h-[8px] before:bg-dark before:top-[8px] before:left-0 before:rounded-full\">Netzteil: separat erh\u00e4ltlich<\/li>\n<\/ul>\n<p><\/span><\/div>\n<\/div>\n<\/li>\n<li class=\"mb-m\">\n<div class=\"flex flex-col m:flex-row gap-s m:gap-xl\">\n<div class=\"text-h3 min-w-[244px] max-w-[244px]\">Energieeffizienzklasse<\/div>\n<div class=\"flex flex-col gap-s\"><span class=\"\"><\/p>\n<ul class=\"flex flex-col gap-s\">\n<li class=\"ml-3xs pl-[15px] relative before:absolute before:w-[8px] before:h-[8px] before:bg-dark before:top-[8px] before:left-0 before:rounded-full\">E<\/li>\n<\/ul>\n<p><\/span><\/div>\n<\/div>\n<\/li>\n","protected":false},"excerpt":{"rendered":"<li class=\"bullet-list-item\">27.82 cm (11 Zoll) LCD Display (1920 x 1200, 90 Hz)<\/li>\n<li class=\"bullet-list-item\">MediaTek MT8775 Prozessor (8-Core, bis 2.5 GHz), 6 GB RAM<\/li>\n<li class=\"bullet-list-item\">128 GB interner Speicher<\/li>\n<li class=\"bullet-list-item\">8 MP Hauptkamera, 5 MP Frontkamera<\/li>\n<li class=\"bullet-list-item\">5G, WLAN Wi-Fi 5, BT 5.1<\/li>\n<p> Herstellernummer SM-X236BZAREEB<\/p>","protected":false},"featured_media":43758,"comment_status":"open","ping_status":"closed","template":"","meta":{"_monsterinsights_skip_tracking":false,"_monsterinsights_sitenote_active":false,"_monsterinsights_sitenote_note":"","_monsterinsights_sitenote_category":0,"_uf_show_specific_survey":0,"_uf_disable_surveys":false},"product_brand":[],"product_cat":[450],"product_tag":[],"models":[],"years":[],"class_list":{"0":"post-17963","1":"product","2":"type-product","3":"status-publish","4":"has-post-thumbnail","6":"product_cat-tablets","8":"first","9":"instock","10":"sale","11":"shipping-taxable","12":"purchasable","13":"product-type-simple"},"aioseo_notices":[],"acf":[],"_links":{"self":[{"href":"https:\/\/amannforg.com\/de\/wp-json\/wp\/v2\/product\/17963","targetHints":{"allow":["GET"]}}],"collection":[{"href":"https:\/\/amannforg.com\/de\/wp-json\/wp\/v2\/product"}],"about":[{"href":"https:\/\/amannforg.com\/de\/wp-json\/wp\/v2\/types\/product"}],"replies":[{"embeddable":true,"href":"https:\/\/amannforg.com\/de\/wp-json\/wp\/v2\/comments?post=17963"}],"version-history":[{"count":1,"href":"https:\/\/amannforg.com\/de\/wp-json\/wp\/v2\/product\/17963\/revisions"}],"predecessor-version":[{"id":57433,"href":"https:\/\/amannforg.com\/de\/wp-json\/wp\/v2\/product\/17963\/revisions\/57433"}],"wp:featuredmedia":[{"embeddable":true,"href":"https:\/\/amannforg.com\/de\/wp-json\/wp\/v2\/media\/43758"}],"wp:attachment":[{"href":"https:\/\/amannforg.com\/de\/wp-json\/wp\/v2\/media?parent=17963"}],"wp:term":[{"taxonomy":"product_brand","embeddable":true,"href":"https:\/\/amannforg.com\/de\/wp-json\/wp\/v2\/product_brand?post=17963"},{"taxonomy":"product_cat","embeddable":true,"href":"https:\/\/amannforg.com\/de\/wp-json\/wp\/v2\/product_cat?post=17963"},{"taxonomy":"product_tag","embeddable":true,"href":"https:\/\/amannforg.com\/de\/wp-json\/wp\/v2\/product_tag?post=17963"},{"taxonomy":"models","embeddable":true,"href":"https:\/\/amannforg.com\/de\/wp-json\/wp\/v2\/models?post=17963"},{"taxonomy":"years","embeddable":true,"href":"https:\/\/amannforg.com\/de\/wp-json\/wp\/v2\/years?post=17963"}],"curies":[{"name":"wp","href":"https:\/\/api.w.org\/{rel}","templated":true}]}}