{"id":18070,"date":"2026-02-28T11:12:22","date_gmt":"2026-02-28T11:12:22","guid":{"rendered":"https:\/\/amannforg.com\/?post_type=product&#038;p=18070"},"modified":"2026-03-07T16:25:01","modified_gmt":"2026-03-07T16:25:01","slug":"samsung-galaxy-tab-s9-x716b-ee-5g-128gb-graphite-android-13-0-tablet","status":"publish","type":"product","link":"https:\/\/amannforg.com\/de\/produkt\/samsung-galaxy-tab-s9-x716b-ee-5g-128gb-graphite-android-13-0-tablet\/","title":{"rendered":"Samsung GALAXY Tab S9 X716B EE 5G 128GB graphite Android 13.0 Tablet"},"content":{"rendered":"<div class=\"article\">\n<div class=\"titlepage\">\n<h2 class=\"text-h3 mb-l\">Samsung GALAXY Tab S9 X716B EE 5G 128GB graphite Android 13.0 Tablet<\/h2>\n<\/div><\/div>\n<p class=\"mb-l\">\n<div class=\"article\"><span class=\"bold\">See great. Be great. F\u00fcr alle, die Gro\u00dfes vorhaben.<\/span> <\/div>\n<\/p>\n<p class=\"mb-l\">\n<div class=\"article\">Du schaust dir viele Posts, Reels und Stories an und l\u00e4sst dich davon f\u00fcr deinen eigenen kreativen Content inspirieren? Mit dem Galaxy Tab S9+ \/ Tab S9 kommst du ganz einfach von der Inspiration zur Kreation. Erlebe deine Inhalte auf dem 31,50 cm \/ 12,4 Zoll1 bzw. 27,81 cm \/ 11,0 Zoll1 gro\u00dfen Dynamic AMOLED-Display mit bis zu 120 Hz in brillanter Bildqualit\u00e4t \u2013 und greife danach zum S Pen, um deine eigenen Ideen gro\u00df herauszubringen. Halte mit Produktivit\u00e4ts-Apps wie Samsung Notes im Handumdrehen spontane Geistesblitze fest, kommentiere Dokumente oder wandle Notizen in Text um. Beim freien Skizzieren, Zeichnen und Colorieren in diversen Zeichen-Apps kannst du den K\u00fcnstler in dir erwecken. Und das, wo immer du dich gerade inspiriert f\u00fchlst. Dein Galaxy Tab S9+ \/ S9 hat ein staub- und wassergesch\u00fctztes Geh\u00e4use aus robustem Amor Aluminum und IP68-Zertifizierung2, damit es dich bei Wind und Wetter begleiten kann. Als Teil des Galaxy Ecoystems verbindet sich dein Galaxy Tab auch gerne mit deinem Galaxy Smartphone, etwa um Fotos oder Videos per Drag &amp; Drop zu \u00fcbertragen. Wenn es mal Zeit f\u00fcr eine Kreativpause wird, entspanne dich einfach beim Serien-Streaming oder deinem Lieblingsgame. Der starke Prozessor und der ausdauernde Akku bringen genug Power mit, damit du dich stundenlang in actionreiche Abenteuer st\u00fcrzen kannst. Mit diversen Covern und Protector Screens kannst du dein Galaxy Tab S9+ \/ Tab S9 \u00fcbrigens noch besser auf deine Bed\u00fcrfnisse ausrichten.<\/div>\n<\/p>\n<div class=\"article\">\n<div class=\"formalpara\">\n<div class=\"titlepage\">\n<h2 class=\"text-h3 mb-l\">Highlights:<\/h2>\n<\/div><\/div>\n<\/div>\n<div class=\"itemizedlist\">\n<ul class=\"bullet-list\">\n<li class=\"bullet-list-item\"> <\/li>\n<\/ul>\n<\/div>\n<p class=\"mb-l\">\n<div class=\"article\">\n<div class=\"formalpara\">Dynamic AMOLED-Display: brillantes Seherlebnis auch bei Sonnenschein<\/div>\n<\/div>\n<div class=\"itemizedlist\">\n<ul class=\"bullet-list\">\n<li class=\"bullet-list-item\"> <\/li>\n<\/ul>\n<\/div>\n<p class=\"mb-l\">\n<div class=\"article\">\n<div class=\"formalpara\">Inklusive S Pen: All deine kreativen Ideen &amp; Skizzen schnell zum Leben erweckt<\/div>\n<\/div>\n<div class=\"itemizedlist\">\n<ul class=\"bullet-list\">\n<li class=\"bullet-list-item\"> <\/li>\n<\/ul>\n<\/div>\n<p class=\"mb-l\">\n<div class=\"article\">\n<div class=\"formalpara\">Gut gesch\u00fctzt: IP68-Zertifizierung2 sch\u00fctzt vor Wasser und Staub bei Wind und Wetter<\/div>\n<\/div>\n<div class=\"itemizedlist\">\n<ul class=\"bullet-list\">\n<li class=\"bullet-list-item\"> <\/li>\n<\/ul>\n<\/div>\n<p class=\"mb-l\">\n<div class=\"article\">\n<div class=\"formalpara\">Starke Performance: Leistungsstarker Prozessor f\u00fcr ultimativen Gaming-Spa\u00df<\/div>\n<\/div>\n<div class=\"article\">\n<div class=\"formalpara\">\n<div class=\"titlepage\">\n<h2 class=\"text-h3 mb-l\">Hellauf begeisternd<\/h2>\n<\/div><\/div>\n<\/div>\n<p class=\"mb-l\">\n<div class=\"article\">\n<div class=\"formalpara\">Du bist auf der Suche nach neuen Inspirationen? Genie\u00dfe auf dem 31,50 cm \/ 12,4 Zoll1 gro\u00dfen Display des Galaxy S9+ \/ auf dem 27,81 cm \/ 11,0 Zoll1 gro\u00dfen Display des Galaxy Tab S9 alles, was deiner Kreativit\u00e4t frische Impulse geben kann. Ob Feeds, Stories, Video-Tutorials oder Spielfilme: Die Dynamic AMOLED-Technologie bringt Inhalte mit hoher Helligkeit, starken Kontrasten, tiefen Schwarzwerten und lebendigen Farben intensiv zu Geltung \u2013 und das selbst bei Sonnenschein. Gleichzeitig sch\u00fctzt das Display vor sch\u00e4dlichem Blaulicht, damit du lange konzentriert bleiben und deine Augen schonen kannst.<\/div>\n<\/div>\n<div class=\"article\">\n<div class=\"formalpara\">\n<div class=\"titlepage\">\n<h2 class=\"text-h3 mb-l\">Lass deiner Kreativit\u00e4t freien Lauf<\/h2>\n<\/div><\/div>\n<\/div>\n<p class=\"mb-l\">\n<div class=\"article\">\n<div class=\"formalpara\">Du zeichnest gerne Animes? Oder entwirfst Modeskizzen? Oder verleihst deinen Videoclips den letzten Schliff? Egal was dir Spa\u00df macht, der im Lieferumfang enthaltene S Pen verwandelt dein Galaxy Tab S9 Ultra \/ S9+ \/ S9 im Handumdrehen in eine digitale Leinwand, auf der du deine kreativen Ideen realisieren kannst. Dank der pr\u00e4zisen Druckspitze mit geringer Latenz geht dir das Schreiben, Skizzieren, Zeichnen und Bearbeiten von Fotos und Videos in diversen Kreativit\u00e4ts-Apps schwungvoll von der Hand. Zum Aufladen und Aufbewahren heftest du den magnetischen S Pen ganz einfach an die R\u00fcckseite deines Galaxy Tab S9 Ultra \/ S9+ \/ S9 und los geht\u2019s. Ein noch besseres Zeichenerlebnis kann dir \u00fcbrigens der optional erh\u00e4ltliche \u201eS Pen Creator Edition\u201c bieten. Daf\u00fcr sorgen ein angepasster Neigungswinkel von 40\u00b0 auf 60\u00b0, zwei verschiedene mitgelieferte Stiftspitzen und ein rutschfester Griff. Einfach mal ausprobieren.<\/div>\n<\/div>\n<div class=\"article\">\n<div class=\"formalpara\">\n<div class=\"titlepage\">\n<h2 class=\"text-h3 mb-l\">Gar nicht wasserscheu<\/h2>\n<\/div><\/div>\n<\/div>\n<p class=\"mb-l\">\n<div class=\"article\">\n<div class=\"formalpara\">Nimm dein Galaxy Tab S9 Ultra \/ S9+ \/ S9 mit an alle Orte, die dich inspirieren, motivieren oder entspannen. Gedanken um die \u00e4u\u00dferen Bedingungen oder das Wetter brauchst du dir dabei keine machen. Wo viele Mobilger\u00e4te schon bei ein paar Regentropfen in der Tasche verschwinden w\u00fcrden, zeigt sich dein Galaxy Tab S9 Ultra \/ S9+ \/ S9 auch einem starken Regenguss, einer spr\u00fchenden Wasserfont\u00e4ne oder einem umgekippten Wasserglas gewachsen. Dank IP68-Zertifizierung2 ist das Ger\u00e4t nicht nur staubdicht, sondern auch gegen das Eindringen von Wasser gesch\u00fctzt. Da verliert selbst ein kurzer Sturz ins k\u00fchle Nass seinen Schrecken.<\/div>\n<\/div>\n<div class=\"article\">\n<div class=\"formalpara\">\n<div class=\"titlepage\">\n<h2 class=\"text-h3 mb-l\">Von Null auf Nervenkitzel<\/h2>\n<\/div><\/div>\n<\/div>\n<p class=\"mb-l\">\n<div class=\"article\">\n<div class=\"formalpara\">Mit dem Galaxy Tab S9 Ultra \/ S9+ \/ S9 bist du im Alltag auf der \u00dcberholspur. Vor allem dein Gameplay kann von der Power des grafikstarken \u201eSnapdragon 8 Gen 2 for Galaxy\u201c-Prozessors profitieren. Genie\u00dfe auch unterwegs ein Gaming-Erlebnis fast wie auf der Konsole und tauche tief in deine Spielwelten ein. Dank Ray Tracing in Echtzeit werden Schatten und Reflexionen in 3D-Umgebungen beeindruckend realistisch dargestellt. Die adaptive bis zu 120 Hz-Bildwiederholrate des Displays sorgt daf\u00fcr, dass rasante Action nicht ins Stocken ger\u00e4t. Und f\u00fcr m\u00f6glichst langen Gaming-Spa\u00df geht der Prozessor effizient mit Energie um und schont den Akku.<\/div>\n<\/div>\n<div class=\"article\">\n<div class=\"formalpara\">\n<div class=\"titlepage\">\n<h2 class=\"text-h3 mb-l\">Galaxy Enterprise Edition &#8211; Perfekt f\u00fcr Ihr Unternehmen<\/h2>\n<\/div><\/div>\n<\/div>\n<p class=\"mb-l\">\n<div class=\"article\">\n<div class=\"formalpara\">Einfache Einrichtung, mehr Kontrolle und Schutz, um ihre Gesch\u00e4fte immer und \u00fcberall am Laufen zu halten.<\/div>\n<\/div>\n<p class=\"mb-l\">\n<div class=\"article\">Ihre Vorteile<\/div>\n<\/p>\n<p class=\"mb-l\">\n<div class=\"article\">Samsung Enterprise Edition ist ein innovatives L\u00f6sungspaket aus leistungsstarker Hardware, smarter Software und erweiterten Garantie- und Update-Leistungen. Es erf\u00fcllt in allen zentralen Bereichen die gesteigerten Anforderungen, die Unternehmen an ihre Business-Ger\u00e4te stellen: Sicherheit, Leistung, flexible Anpassungsm\u00f6glichkeiten und effizientes Ger\u00e4temanagement.<\/div>\n<\/p>\n<div class=\"itemizedlist\">\n<ul class=\"bullet-list\">\n<li class=\"bullet-list-item\"> <\/li>\n<\/ul>\n<\/div>\n<p class=\"mb-l\">\n<div class=\"article\">2 Jahre Marktverf\u00fcgbarkeit und 3 Jahre Standardgarantie<\/div>\n<\/p>\n<div class=\"itemizedlist\">\n<ul class=\"bullet-list\">\n<li class=\"bullet-list-item\"> <\/li>\n<\/ul>\n<\/div>\n<p class=\"mb-l\">\n<div class=\"article\">Inkl. 1-j\u00e4hrige Knox Suite Lizenz f\u00fcr Sicherheit und Verwaltung<\/div>\n<\/p>\n<div class=\"itemizedlist\">\n<ul class=\"bullet-list\">\n<li class=\"bullet-list-item\"> <\/li>\n<\/ul>\n<\/div>\n<p class=\"mb-l\">\n<div class=\"article\">Bis zu 5 Jahren garantierte und regelm\u00e4\u00dfige Sicherheitsupdates<\/div>\n<\/p>\n<li class=\"mb-m\">\n<div class=\"flex flex-col m:flex-row gap-s m:gap-xl\">\n<div class=\"text-h3 min-w-[244px] max-w-[244px]\">Prozessor<\/div>\n<div class=\"flex flex-col gap-s\"><span class=\"ml-3xs pl-[15px] relative before:absolute before:w-[8px] before:h-[8px] before:bg-dark before:top-[8px] before:left-0 before:rounded-full\">3,36 GHz Qualcomm-Snapdragon 8 Gen 2 (SM8550) Octa-Core-Prozessor<\/span><span class=\"ml-3xs pl-[15px] relative before:absolute before:w-[8px] before:h-[8px] before:bg-dark before:top-[8px] before:left-0 before:rounded-full\">64-bit-Architektur<\/span><\/div>\n<\/div>\n<\/li>\n<li class=\"mb-m\">\n<div class=\"flex flex-col m:flex-row gap-s m:gap-xl\">\n<div class=\"text-h3 min-w-[244px] max-w-[244px]\">Speicher<\/div>\n<div class=\"flex flex-col gap-s\"><span class=\"ml-3xs pl-[15px] relative before:absolute before:w-[8px] before:h-[8px] before:bg-dark before:top-[8px] before:left-0 before:rounded-full\">8 GB Arbeitsspeicher<\/span><span class=\"ml-3xs pl-[15px] relative before:absolute before:w-[8px] before:h-[8px] before:bg-dark before:top-[8px] before:left-0 before:rounded-full\">128 GB interner Speicher<\/span><span class=\"ml-3xs pl-[15px] relative before:absolute before:w-[8px] before:h-[8px] before:bg-dark before:top-[8px] before:left-0 before:rounded-full\">Maximale Speichererweiterung um 1 TB (micro SD)<\/span><\/div>\n<\/div>\n<\/li>\n<li class=\"mb-m\">\n<div class=\"flex flex-col m:flex-row gap-s m:gap-xl\">\n<div class=\"text-h3 min-w-[244px] max-w-[244px]\">Display<\/div>\n<div class=\"flex flex-col gap-s\"><span class=\"ml-3xs pl-[15px] relative before:absolute before:w-[8px] before:h-[8px] before:bg-dark before:top-[8px] before:left-0 before:rounded-full\">Gr\u00f6\u00dfe: 27,81 cm \/ 11\u201c (volles Rechteck), 27,62 cm \/ 10,9\u201c (innerhalb Abrundungen)<\/span><span class=\"ml-3xs pl-[15px] relative before:absolute before:w-[8px] before:h-[8px] before:bg-dark before:top-[8px] before:left-0 before:rounded-full\">Technologie: Dynamic-AMOLED<\/span><span class=\"ml-3xs pl-[15px] relative before:absolute before:w-[8px] before:h-[8px] before:bg-dark before:top-[8px] before:left-0 before:rounded-full\">Bildwiederholrate: Standard (60 Hz) \/ Adaptiv (bis zu 120 Hz)<\/span><span class=\"ml-3xs pl-[15px] relative before:absolute before:w-[8px] before:h-[8px] before:bg-dark before:top-[8px] before:left-0 before:rounded-full\">Aufl\u00f6sung: 2.560 x 1.600 Pixel (WQXGA)<\/span><span class=\"ml-3xs pl-[15px] relative before:absolute before:w-[8px] before:h-[8px] before:bg-dark before:top-[8px] before:left-0 before:rounded-full\">Pixeldichte: 275 ppi<\/span><span class=\"ml-3xs pl-[15px] relative before:absolute before:w-[8px] before:h-[8px] before:bg-dark before:top-[8px] before:left-0 before:rounded-full\">Max. Helligkeit: 420 Nits<\/span><span class=\"ml-3xs pl-[15px] relative before:absolute before:w-[8px] before:h-[8px] before:bg-dark before:top-[8px] before:left-0 before:rounded-full\">Farben: 16 Millionen<\/span><span class=\"ml-3xs pl-[15px] relative before:absolute before:w-[8px] before:h-[8px] before:bg-dark before:top-[8px] before:left-0 before:rounded-full\">Besonderheiten: Dark Mode, Adaptive Helligkeit, Augenkomfort, Bildschirmschoner, Bildschirmzoom, Bildschirmrecorder, Multitouch, Seiten-Paneele, Symbolleiste<\/span><\/div>\n<\/div>\n<\/li>\n<li class=\"mb-m\">\n<div class=\"flex flex-col m:flex-row gap-s m:gap-xl\">\n<div class=\"text-h3 min-w-[244px] max-w-[244px]\">Kamera<\/div>\n<div class=\"flex flex-col gap-s\"><span class=\"ml-3xs pl-[15px] relative before:absolute before:w-[8px] before:h-[8px] before:bg-dark before:top-[8px] before:left-0 before:rounded-full\">13 Megapixel Kamera<\/span><span class=\"ml-3xs pl-[15px] relative before:absolute before:w-[8px] before:h-[8px] before:bg-dark before:top-[8px] before:left-0 before:rounded-full\">12,0 Megapixel Frontkamera<\/span><span class=\"ml-3xs pl-[15px] relative before:absolute before:w-[8px] before:h-[8px] before:bg-dark before:top-[8px] before:left-0 before:rounded-full\">Maximale Video-Aufl\u00f6sung: 3840 x 2160<\/span><span class=\"ml-3xs pl-[15px] relative before:absolute before:w-[8px] before:h-[8px] before:bg-dark before:top-[8px] before:left-0 before:rounded-full\">Funktionen: Videostabilisierung, Auto. HDR, HEIF-Bilder, Serienbilder, GIF erstellen, Schwebender Ausl\u00f6ser, 360-Audioaufnahme, Videos mit hoher Effizienz, Wasserzeichen, Filter, Bixby Vision, AR-Zone<\/span><\/div>\n<\/div>\n<\/li>\n<li class=\"mb-m\">\n<div class=\"flex flex-col m:flex-row gap-s m:gap-xl\">\n<div class=\"text-h3 min-w-[244px] max-w-[244px]\">Kommunikation<\/div>\n<div class=\"flex flex-col gap-s\"><span class=\"ml-3xs pl-[15px] relative before:absolute before:w-[8px] before:h-[8px] before:bg-dark before:top-[8px] before:left-0 before:rounded-full\">WLAN 802.11 a\/b\/g (2,4 GHz), Wi-Fi 4, 5, 6 (2,4 GHz + 5 GHz), Wi-Fi 6E (6 GHz), HE160, MIMO, 1024-QAM, Wi-Fi Direct, Hotspot 2.0<\/span><span class=\"ml-3xs pl-[15px] relative before:absolute before:w-[8px] before:h-[8px] before:bg-dark before:top-[8px] before:left-0 before:rounded-full\">Bluetooth: 5.3<\/span><span class=\"ml-3xs pl-[15px] relative before:absolute before:w-[8px] before:h-[8px] before:bg-dark before:top-[8px] before:left-0 before:rounded-full\">5G, LTE<\/span><\/div>\n<\/div>\n<\/li>\n<li class=\"mb-m\">\n<div class=\"flex flex-col m:flex-row gap-s m:gap-xl\">\n<div class=\"text-h3 min-w-[244px] max-w-[244px]\">Schnittstellen<\/div>\n<div class=\"flex flex-col gap-s\"><span class=\"ml-3xs pl-[15px] relative before:absolute before:w-[8px] before:h-[8px] before:bg-dark before:top-[8px] before:left-0 before:rounded-full\">USB-C<\/span><span class=\"ml-3xs pl-[15px] relative before:absolute before:w-[8px] before:h-[8px] before:bg-dark before:top-[8px] before:left-0 before:rounded-full\">USB 3.2<\/span><span class=\"ml-3xs pl-[15px] relative before:absolute before:w-[8px] before:h-[8px] before:bg-dark before:top-[8px] before:left-0 before:rounded-full\">1 Anschluss<\/span><span class=\"ml-3xs pl-[15px] relative before:absolute before:w-[8px] before:h-[8px] before:bg-dark before:top-[8px] before:left-0 before:rounded-full\">micro SD<\/span><\/div>\n<\/div>\n<\/li>\n<li class=\"mb-m\">\n<div class=\"flex flex-col m:flex-row gap-s m:gap-xl\">\n<div class=\"text-h3 min-w-[244px] max-w-[244px]\">Ortung &amp; Sensoren<\/div>\n<div class=\"flex flex-col gap-s\"><span class=\"ml-3xs pl-[15px] relative before:absolute before:w-[8px] before:h-[8px] before:bg-dark before:top-[8px] before:left-0 before:rounded-full\">GPS, Glonass, Beidou, Galileo, QZSS<\/span><\/div>\n<\/div>\n<\/li>\n<li class=\"mb-m\">\n<div class=\"flex flex-col m:flex-row gap-s m:gap-xl\">\n<div class=\"text-h3 min-w-[244px] max-w-[244px]\">Akku &amp; Laufzeiten<\/div>\n<div class=\"flex flex-col gap-s\"><span class=\"ml-3xs pl-[15px] relative before:absolute before:w-[8px] before:h-[8px] before:bg-dark before:top-[8px] before:left-0 before:rounded-full\">Leistung: 8400 mAh<\/span><\/div>\n<\/div>\n<\/li>\n<li class=\"mb-m\">\n<div class=\"flex flex-col m:flex-row gap-s m:gap-xl\">\n<div class=\"text-h3 min-w-[244px] max-w-[244px]\">Betriebssystem<\/div>\n<div class=\"flex flex-col gap-s\"><span class=\"ml-3xs pl-[15px] relative before:absolute before:w-[8px] before:h-[8px] before:bg-dark before:top-[8px] before:left-0 before:rounded-full\">Android 13.0<\/span><\/div>\n<\/div>\n<\/li>\n<li class=\"mb-m\">\n<div class=\"flex flex-col m:flex-row gap-s m:gap-xl\">\n<div class=\"text-h3 min-w-[244px] max-w-[244px]\">Abmessungen (H x B x T)<\/div>\n<div class=\"flex flex-col gap-s\"><span class=\"ml-3xs pl-[15px] relative before:absolute before:w-[8px] before:h-[8px] before:bg-dark before:top-[8px] before:left-0 before:rounded-full\">165,8 x 254,3 x 5,9 mm<\/span><\/div>\n<\/div>\n<\/li>\n<li class=\"mb-m\">\n<div class=\"flex flex-col m:flex-row gap-s m:gap-xl\">\n<div class=\"text-h3 min-w-[244px] max-w-[244px]\">Gewicht<\/div>\n<div class=\"flex flex-col gap-s\"><span class=\"ml-3xs pl-[15px] relative before:absolute before:w-[8px] before:h-[8px] before:bg-dark before:top-[8px] before:left-0 before:rounded-full\">498 g<\/span><\/div>\n<\/div>\n<\/li>\n<li class=\"mb-m\">\n<div class=\"flex flex-col m:flex-row gap-s m:gap-xl\">\n<div class=\"text-h3 min-w-[244px] max-w-[244px]\">Farbe<\/div>\n<div class=\"flex flex-col gap-s\"><span class=\"ml-3xs pl-[15px] relative before:absolute before:w-[8px] before:h-[8px] before:bg-dark before:top-[8px] before:left-0 before:rounded-full\">graphit<\/span><\/div>\n<\/div>\n<\/li>\n<li class=\"mb-m\">\n<div class=\"flex flex-col m:flex-row gap-s m:gap-xl\">\n<div class=\"text-h3 min-w-[244px] max-w-[244px]\">Lieferumfang<\/div>\n<div class=\"flex flex-col gap-s\"><span class=\"ml-3xs pl-[15px] relative before:absolute before:w-[8px] before:h-[8px] before:bg-dark before:top-[8px] before:left-0 before:rounded-full\">Ladekabel<\/span><\/div>\n<\/div>\n<\/li>\n","protected":false},"excerpt":{"rendered":"<li class=\"bullet-list-item\">27,8 cm (11,0 Zoll) WQXGA Display mit 2560 x 1600 Pixeln<\/li>\n<li class=\"bullet-list-item\">3,36 GHz Qualcomm-Snapdragon 8 Gen 2 (SM8550) Octa-Core-Prozessor<\/li>\n<li class=\"bullet-list-item\">8 GB Arbeitsspeicher, 128 GB interner Speicher, max. Speichererweiteru<\/li>\n<li class=\"bullet-list-item\">13 MP Kamera, 12,0 MP Frontkamera, Video 3840 x 2160<\/li>\n<li class=\"bullet-list-item\">WLAN, BT 5.3, 5G, USB-C, 498 g<\/li>\n<p> Herstellernummer SM-X716BZAAEEB<\/p>","protected":false},"featured_media":43817,"comment_status":"open","ping_status":"closed","template":"","meta":{"_monsterinsights_skip_tracking":false,"_monsterinsights_sitenote_active":false,"_monsterinsights_sitenote_note":"","_monsterinsights_sitenote_category":0,"_uf_show_specific_survey":0,"_uf_disable_surveys":false},"product_brand":[],"product_cat":[450],"product_tag":[],"models":[],"years":[],"class_list":{"0":"post-18070","1":"product","2":"type-product","3":"status-publish","4":"has-post-thumbnail","6":"product_cat-tablets","8":"first","9":"instock","10":"sale","11":"shipping-taxable","12":"purchasable","13":"product-type-simple"},"aioseo_notices":[],"acf":[],"_links":{"self":[{"href":"https:\/\/amannforg.com\/de\/wp-json\/wp\/v2\/product\/18070","targetHints":{"allow":["GET"]}}],"collection":[{"href":"https:\/\/amannforg.com\/de\/wp-json\/wp\/v2\/product"}],"about":[{"href":"https:\/\/amannforg.com\/de\/wp-json\/wp\/v2\/types\/product"}],"replies":[{"embeddable":true,"href":"https:\/\/amannforg.com\/de\/wp-json\/wp\/v2\/comments?post=18070"}],"version-history":[{"count":1,"href":"https:\/\/amannforg.com\/de\/wp-json\/wp\/v2\/product\/18070\/revisions"}],"predecessor-version":[{"id":57445,"href":"https:\/\/amannforg.com\/de\/wp-json\/wp\/v2\/product\/18070\/revisions\/57445"}],"wp:featuredmedia":[{"embeddable":true,"href":"https:\/\/amannforg.com\/de\/wp-json\/wp\/v2\/media\/43817"}],"wp:attachment":[{"href":"https:\/\/amannforg.com\/de\/wp-json\/wp\/v2\/media?parent=18070"}],"wp:term":[{"taxonomy":"product_brand","embeddable":true,"href":"https:\/\/amannforg.com\/de\/wp-json\/wp\/v2\/product_brand?post=18070"},{"taxonomy":"product_cat","embeddable":true,"href":"https:\/\/amannforg.com\/de\/wp-json\/wp\/v2\/product_cat?post=18070"},{"taxonomy":"product_tag","embeddable":true,"href":"https:\/\/amannforg.com\/de\/wp-json\/wp\/v2\/product_tag?post=18070"},{"taxonomy":"models","embeddable":true,"href":"https:\/\/amannforg.com\/de\/wp-json\/wp\/v2\/models?post=18070"},{"taxonomy":"years","embeddable":true,"href":"https:\/\/amannforg.com\/de\/wp-json\/wp\/v2\/years?post=18070"}],"curies":[{"name":"wp","href":"https:\/\/api.w.org\/{rel}","templated":true}]}}