{"id":21563,"date":"2026-02-28T11:41:39","date_gmt":"2026-02-28T11:41:39","guid":{"rendered":"https:\/\/amannforg.com\/?post_type=product&#038;p=21563"},"modified":"2026-03-07T16:25:17","modified_gmt":"2026-03-07T16:25:17","slug":"apple-magic-keyboard-fur-ipad-air-11-m3-2025-uk-schwarz","status":"publish","type":"product","link":"https:\/\/amannforg.com\/de\/produkt\/apple-magic-keyboard-fur-ipad-air-11-m3-2025-uk-schwarz\/","title":{"rendered":"Apple Magic Keyboard f\u00fcr iPad Air 11&#8243; (M3) 2025 UK schwarz"},"content":{"rendered":"<div class=\"titlepage\">\n<h2 class=\"text-h3 mb-l\">Magic Keyboard f\u00fcr 11&#8243; iPad Air (M3)<\/h2>\n<\/div>\n<p>Das Magic Keyboard ist der perfekte Begleiter f\u00fcr das iPad Air. Es hat ein schlankes, mobiles Design und sorgt f\u00fcr ein angenehmes Tippen. Und du hast ein Track\u00adpad, um ganz pr\u00e4zise zu arbeiten. Die Tastatur hat eine Reihe mit 14 Funktions\u00adtasten, einen USB\u2011C Anschluss zum Pass\u2011Through Laden sowie einen Schutz f\u00fcr die Vorder\u2011 und R\u00fcck\u00adseite deines iPad. Das frei\u00adschwebende Design l\u00e4sst sich stufenlos an mehrere Betrachtungs\u00adwinkel an\u00adpassen und ein gro\u00dfes Track\u00adpad aus Glas gibt dir neue M\u00f6glich\u00adkeiten, mit iPadOS zu arbeiten.<\/p>\n<div class=\"titlepage\">\n<h2 class=\"text-h3 mb-l\">Features<\/h2>\n<\/div>\n<p>F\u00fcr einen perfekten Betrachtungs\u00adwinkel l\u00e4sst sich das mobile, frei\u00adschwebende Design stufenlos anpassen.Das gro\u00dfe Trackpad aus Glas ist reaktions\u00adschnell und intuitiv bedienbar.Die Reihe mit 14 Funktions\u00adtasten l\u00e4sst dich auf die Helligkeit des Displays, die Laut\u00adst\u00e4rke und andere Features zugreifen.Komfortables Tippen mit einem Scheren\u00admechanismus mit 1 mm Tastenhub.Gemacht f\u00fcr Multi-Touch Gesten und den Cursor in iPadOS.USB\u2011C Anschluss zum Laden des iPad Air. Dadurch ist der Anschluss am iPad frei f\u00fcr anderes Zubeh\u00f6r.L\u00e4sst sich in ein Case falten, das Vorder\u2011 und R\u00fcckseite sch\u00fctzt, wenn du mit dem iPad Air unterwegs bist.<\/p>\n<div class=\"titlepage\">\n<h2 class=\"text-h3 mb-l\">Systemvoraussetzungen<\/h2>\n<\/div>\n<p>iPadOS 18.3 oder neuer<\/p>\n<div class=\"titlepage\">\n<h2 class=\"text-h3 mb-l\">Kompatibilit\u00e4t<\/h2>\n<\/div>\n<p>11&#8243; iPad Air (M3)11&#8243; iPad Air (M2)iPad Air (5. Generation)iPad Air (4. Generation)  <\/p>\n<li class=\"mb-m\">\n<div class=\"flex flex-col m:flex-row gap-s m:gap-xl\">\n<div class=\"text-h3 min-w-[244px] max-w-[244px]\">Eingabeger\u00e4te<\/div>\n<div class=\"flex flex-col gap-s\"><span class=\"\"><\/p>\n<ul class=\"flex flex-col gap-s\">\n<li class=\"ml-3xs pl-[15px] relative before:absolute before:w-[8px] before:h-[8px] before:bg-dark before:top-[8px] before:left-0 before:rounded-full\">Tastaturlayout: englisch UK<\/li>\n<li class=\"ml-3xs pl-[15px] relative before:absolute before:w-[8px] before:h-[8px] before:bg-dark before:top-[8px] before:left-0 before:rounded-full\">Sonderfunktionen Tastatur: Integriertes TouchPad<\/li>\n<\/ul>\n<p><\/span><\/div>\n<\/div>\n<\/li>\n<li class=\"mb-m\">\n<div class=\"flex flex-col m:flex-row gap-s m:gap-xl\">\n<div class=\"text-h3 min-w-[244px] max-w-[244px]\">Anwendungsgebiet<\/div>\n<div class=\"flex flex-col gap-s\"><span class=\"\"><\/p>\n<ul class=\"flex flex-col gap-s\">\n<li class=\"ml-3xs pl-[15px] relative before:absolute before:w-[8px] before:h-[8px] before:bg-dark before:top-[8px] before:left-0 before:rounded-full\">Unterwegs<\/li>\n<\/ul>\n<p><\/span><\/div>\n<\/div>\n<\/li>\n<li class=\"mb-m\">\n<div class=\"flex flex-col m:flex-row gap-s m:gap-xl\">\n<div class=\"text-h3 min-w-[244px] max-w-[244px]\">Farbe<\/div>\n<div class=\"flex flex-col gap-s\"><span class=\"\"><\/p>\n<ul class=\"flex flex-col gap-s\">\n<li class=\"ml-3xs pl-[15px] relative before:absolute before:w-[8px] before:h-[8px] before:bg-dark before:top-[8px] before:left-0 before:rounded-full\">Schwarz<\/li>\n<\/ul>\n<p><\/span><\/div>\n<\/div>\n<\/li>\n<li class=\"mb-m\">\n<div class=\"flex flex-col m:flex-row gap-s m:gap-xl\">\n<div class=\"text-h3 min-w-[244px] max-w-[244px]\">Strom-\/ Ladeanschluss<\/div>\n<div class=\"flex flex-col gap-s\"><span class=\"\"><\/p>\n<ul class=\"flex flex-col gap-s\">\n<li class=\"ml-3xs pl-[15px] relative before:absolute before:w-[8px] before:h-[8px] before:bg-dark before:top-[8px] before:left-0 before:rounded-full\">SmartConnect<\/li>\n<\/ul>\n<p><\/span><\/div>\n<\/div>\n<\/li>\n<li class=\"mb-m\">\n<div class=\"flex flex-col m:flex-row gap-s m:gap-xl\">\n<div class=\"text-h3 min-w-[244px] max-w-[244px]\">Zubeh\u00f6rkompatibilit\u00e4t<\/div>\n<div class=\"flex flex-col gap-s\"><span class=\"\"><\/p>\n<ul class=\"flex flex-col gap-s\">\n<li class=\"ml-3xs pl-[15px] relative before:absolute before:w-[8px] before:h-[8px] before:bg-dark before:top-[8px] before:left-0 before:rounded-full\">11&#8243; iPad Air (M2)<\/li>\n<li class=\"ml-3xs pl-[15px] relative before:absolute before:w-[8px] before:h-[8px] before:bg-dark before:top-[8px] before:left-0 before:rounded-full\">11&#8243; iPad Air (M3)<\/li>\n<li class=\"ml-3xs pl-[15px] relative before:absolute before:w-[8px] before:h-[8px] before:bg-dark before:top-[8px] before:left-0 before:rounded-full\">iPad Air (5. Generation)<\/li>\n<li class=\"ml-3xs pl-[15px] relative before:absolute before:w-[8px] before:h-[8px] before:bg-dark before:top-[8px] before:left-0 before:rounded-full\">iPad Air (4. Generation)<\/li>\n<\/ul>\n<p><\/span><\/div>\n<\/div>\n<\/li>\n<li class=\"mb-m\">\n<div class=\"flex flex-col m:flex-row gap-s m:gap-xl\">\n<div class=\"text-h3 min-w-[244px] max-w-[244px]\">Anschlussart<\/div>\n<div class=\"flex flex-col gap-s\"><span class=\"\"><\/p>\n<ul class=\"flex flex-col gap-s\">\n<li class=\"ml-3xs pl-[15px] relative before:absolute before:w-[8px] before:h-[8px] before:bg-dark before:top-[8px] before:left-0 before:rounded-full\">kabellos<\/li>\n<\/ul>\n<p><\/span><\/div>\n<\/div>\n<\/li>\n","protected":false},"excerpt":{"rendered":"<li class=\"bullet-list-item\">Anwendungsbereich: Unterwegs, <\/li>\n<li class=\"bullet-list-item\">Anschlussart: kabellos, Technologie: , Reichweite: N\/Am<\/li>\n<li class=\"bullet-list-item\">Tastaturlayout: englisch UK<\/li>\n<li class=\"bullet-list-item\">Farbe: Schwarz, Gewicht: 0g; H\u00f6he: mm; Breite: mm; Tiefe: mm<\/li>\n<li class=\"bullet-list-item\">Kompatibilit\u00e4t: <\/li>\n<p> Herstellernummer MGYX4B\/A<\/p>","protected":false},"featured_media":44209,"comment_status":"open","ping_status":"closed","template":"","meta":{"_monsterinsights_skip_tracking":false,"_monsterinsights_sitenote_active":false,"_monsterinsights_sitenote_note":"","_monsterinsights_sitenote_category":0,"_uf_show_specific_survey":0,"_uf_disable_surveys":false},"product_brand":[],"product_cat":[453],"product_tag":[],"models":[],"years":[],"class_list":{"0":"post-21563","1":"product","2":"type-product","3":"status-publish","4":"has-post-thumbnail","6":"product_cat-zubehor-notebooks","8":"first","9":"instock","10":"sale","11":"shipping-taxable","12":"purchasable","13":"product-type-simple"},"aioseo_notices":[],"acf":[],"_links":{"self":[{"href":"https:\/\/amannforg.com\/de\/wp-json\/wp\/v2\/product\/21563","targetHints":{"allow":["GET"]}}],"collection":[{"href":"https:\/\/amannforg.com\/de\/wp-json\/wp\/v2\/product"}],"about":[{"href":"https:\/\/amannforg.com\/de\/wp-json\/wp\/v2\/types\/product"}],"replies":[{"embeddable":true,"href":"https:\/\/amannforg.com\/de\/wp-json\/wp\/v2\/comments?post=21563"}],"version-history":[{"count":1,"href":"https:\/\/amannforg.com\/de\/wp-json\/wp\/v2\/product\/21563\/revisions"}],"predecessor-version":[{"id":57534,"href":"https:\/\/amannforg.com\/de\/wp-json\/wp\/v2\/product\/21563\/revisions\/57534"}],"wp:featuredmedia":[{"embeddable":true,"href":"https:\/\/amannforg.com\/de\/wp-json\/wp\/v2\/media\/44209"}],"wp:attachment":[{"href":"https:\/\/amannforg.com\/de\/wp-json\/wp\/v2\/media?parent=21563"}],"wp:term":[{"taxonomy":"product_brand","embeddable":true,"href":"https:\/\/amannforg.com\/de\/wp-json\/wp\/v2\/product_brand?post=21563"},{"taxonomy":"product_cat","embeddable":true,"href":"https:\/\/amannforg.com\/de\/wp-json\/wp\/v2\/product_cat?post=21563"},{"taxonomy":"product_tag","embeddable":true,"href":"https:\/\/amannforg.com\/de\/wp-json\/wp\/v2\/product_tag?post=21563"},{"taxonomy":"models","embeddable":true,"href":"https:\/\/amannforg.com\/de\/wp-json\/wp\/v2\/models?post=21563"},{"taxonomy":"years","embeddable":true,"href":"https:\/\/amannforg.com\/de\/wp-json\/wp\/v2\/years?post=21563"}],"curies":[{"name":"wp","href":"https:\/\/api.w.org\/{rel}","templated":true}]}}