{"id":21644,"date":"2026-02-28T11:41:55","date_gmt":"2026-02-28T11:41:55","guid":{"rendered":"https:\/\/amannforg.com\/?post_type=product&#038;p=21644"},"modified":"2026-03-13T11:31:28","modified_gmt":"2026-03-13T11:31:28","slug":"wacom-cintiq-16-fhd-interactive-pen-display-396cm-156","status":"publish","type":"product","link":"https:\/\/amannforg.com\/de\/produkt\/wacom-cintiq-16-fhd-interactive-pen-display-396cm-156\/","title":{"rendered":"Wacom Cintiq 16 FHD Interactive Pen Display 39,6cm\/15,6&#8243;"},"content":{"rendered":"<div class=\"article\">\n<div class=\"titlepage\">\n<h2 class=\"text-h3 mb-l\">Wacom Cintiq 16 FHD Interactive Pen Display 39,6cm\/15,6<\/h2>\n<\/div>\n<div class=\"formalpara\">\n<div class=\"titlepage\">\n<h2 class=\"text-h3 mb-l\">Make it on a Wacom Cintiq!<\/h2>\n<\/div>\n<p class=\"mb-l\">Das Wacom Cintiq ist eine neue Klasse von Kreativ-Stift-Display mit optimierten Funktionen f\u00fcr junge Kreative. Lebendige Farben, scharfe Details in HD und ergonomisches Design in Verbindung mit dem superreaktiven Pro Pen 2 erm\u00f6glichen ein ganz nat\u00fcrliches Zeichengef\u00fchl und sorgen daf\u00fcr, dass du deine kreativen Ideen und Illustrationen weiter perfektionieren kannst.<\/p>\n<\/p><\/div>\n<div class=\"formalpara\">\n<div class=\"titlepage\">\n<h2 class=\"text-h3 mb-l\">Kreiere direkt auf dem Bildschirm<\/h2>\n<\/div>\n<p class=\"mb-l\">Das Wacom Cintiq verbindet Stift und Display zu einem nahtlosen Erlebnis, das sich vollkommen nat\u00fcrlich anf\u00fchlt. Der Wacom Pro Pen 2 verf\u00fcgt \u00fcber 8.192 Druckempfindlichkeitsstufen und eine niedrige Aktivierungsschwelle, damit er auch die sanftesten Striche mit dem Stift erkennt. Er bietet eine hohe Pr\u00e4zision und Kontrolle und reagiert sofort auf jede Bewegung und auf die Neigung deiner Hand.<\/p>\n<\/p><\/div>\n<div class=\"formalpara\">\n<div class=\"titlepage\">\n<h2 class=\"text-h3 mb-l\">Ein Stift, der dich weiterbringt<\/h2>\n<\/div>\n<p class=\"mb-l\">Der Wacom Pro Pen 2 sieht nicht nur aus wie ein gew\u00f6hnlicher Stift, er f\u00fchlt sich auch so an, sodass dukeine neuen Techniken erlernen musst, um deine Ideen zum Leben erwecken zu k\u00f6nnen. Der Wacom Pro Pen 2 bietet Pr\u00e4zision und Kontrolle \u2013 mit 8.192 Druckempfindlichkeitsstufen, niedriger Aktivierungsschwelle und Neigungserkennung. Kein Aufladen erforderlich \u2013 dank der EMR-Technologie (elektromagnetische Resonanz) bezieht der Stift seine Energie \u00fcber dein Wacom Cintiq. Liegt gut in der Hand \u2013 dank ausgewogenem Gewicht, gummiertem Griff und gut erreichbaren Seitenschaltern. Einfacher Zugriff auf die Shortcuts in deiner Lieblingssoftware \u2013 \u00fcber die programmierbarenSeitenschalter des Stiftes.<\/p>\n<\/p><\/div>\n<div class=\"formalpara\">\n<div class=\"titlepage\">\n<h2 class=\"text-h3 mb-l\">Ein Display, das ganz auf Kreativit\u00e4t ausgelegt ist<\/h2>\n<\/div>\n<p class=\"mb-l\">Der Wacom Pro Pen 2 und das schlanke Display des Cintiq sind ein perfektes Team und speziell daf\u00fcr konzipiert, dir beim kreativen Arbeiten mehr Komfort und Produktivit\u00e4t zu erm\u00f6glichen. Keine st\u00f6renden Reflexionen beim Arbeiten \u2013 dank der Entspiegelungsbeschichtung auf der Bildschirmoberfl\u00e4che. Dank der reduzierten Parallaxe wird der Cursor genau dort angezeigt, wo du ihn haben willst. Du kannst dich bei jedem neuen Projekt auf das Wacom Cintiq verlassen \u2013 dank der strapazierf\u00e4higen, kratzfesten Materialien. Gelange schnell in die perfekte Position \u2013 das Wacom Cintiq 16 verf\u00fcgt \u00fcber ausklappbare F\u00fc\u00dfe, mit denen du so arbeiten kannst, wie du m\u00f6chtest. Ein optionaler Standfu\u00df erm\u00f6glicht sogar noch flexiblere und ergonomischere Positionen. Im Lieferumfang des Wacom Cintiq 22 enthalten ist ein Standfu\u00df, \u00fcber den du deine bevorzugte Arbeitshaltung einnehmen und ganz bequem arbeiten kannst. Erkenne jedes Detail deiner Arbeit das Full-HD-Display mit 1.920 x 1.080 Pixeln liefert dir die n\u00f6tige Sch\u00e4rfe. Passe deine Arbeitsweise noch weiter an deine Bed\u00fcrfnisse an \u2013 das Wacom Cintiq ist mit einer ganzen Reihe von Wacom Stiften kompatibel, die als Zubeh\u00f6r erh\u00e4ltlich sind.<\/p>\n<\/p><\/div>\n<div class=\"formalpara\">\n<div class=\"titlepage\">\n<h2 class=\"text-h3 mb-l\">Eine Form, zwei Gr\u00f6\u00dfen<\/h2>\n<\/div>\n<p class=\"mb-l\">Dieses branchenf\u00fchrende Stift-Display wurde entwickelt, um die Bed\u00fcrfnisse angehender Kreativ-Profis zu erf\u00fcllen, die ihre Arbeit weiter perfektionieren wollen. Das Cintiq 16 ist perfekt f\u00fcr unterwegs, w\u00e4hrend das Cintiq 22 (Cyberport Artikel 4S01-05F) mehr Platz f\u00fcr eine gro\u00dfz\u00fcgige Strichf\u00fchrung bietet. Brauchst du eine gr\u00f6\u00dfere Zeichen-fl\u00e4che oder ein kompakteres Display? Mit seiner fortschrittlichen Leistung und seinen intuitiven Tools erschlie\u00dft dir das Wacom Cintiq ganz neue kreative Dimensionen.<\/p>\n<\/p><\/div>\n<div class=\"formalpara\">\n<div class=\"titlepage\">\n<h2 class=\"text-h3 mb-l\">Technische Daten<\/h2>\n<\/div>\n<p class=\"mb-l\">\n<div class=\"itemizedlist\">\n<ul class=\"bullet-list\">\n<li class=\"bullet-list-item\">\n<p class=\"mb-l\">Modellnummer: DTK1660K0A<\/p>\n<\/li>\n<li class=\"bullet-list-item\">\n<p class=\"mb-l\">Displaygr\u00f6\u00dfe\/Au\ufb02\u00f6sung: 39,6 cm \/ 1.920 x 1.080 (Full HD)<\/p>\n<\/li>\n<li class=\"bullet-list-item\">\n<p class=\"mb-l\">Aktive Fl\u00e4che: 344 x 194 mm<\/p>\n<\/li>\n<li class=\"bullet-list-item\">\n<p class=\"mb-l\">Gr\u00f6\u00dfe: 422 x 285 x 24.5 mm<\/p>\n<\/li>\n<li class=\"bullet-list-item\">\n<p class=\"mb-l\">Gewicht: 1,9 kg ohne Standfu\u00df<\/p>\n<\/li>\n<li class=\"bullet-list-item\">\n<p class=\"mb-l\">Farbleistung: 72% NTSC (CIE1931) Standard \/ 96% sRGB (CIE 1931) Standard<\/p>\n<\/li>\n<li class=\"bullet-list-item\">\n<p class=\"mb-l\">Blickwinkel: 178\/178 (Standard)<\/p>\n<\/li>\n<li class=\"bullet-list-item\">\n<p class=\"mb-l\">Kontrastverh\u00e4ltnis: 1.000:1 (Standard)<\/p>\n<\/li>\n<li class=\"bullet-list-item\">\n<p class=\"mb-l\">Reaktionsrate : 22 ms<\/p>\n<\/li>\n<li class=\"bullet-list-item\">\n<p class=\"mb-l\">LeistungsaufnahmeEingeschaltet (Max.): 48 W Standby-Modus: 0,5 W oder weniger (ohne angeschlossenes USB-Kabel) Ausgeschaltet: 0,5 W oder weniger<\/p>\n<\/li>\n<li class=\"bullet-list-item\">\n<p class=\"mb-l\">Seitenverh\u00e4ltnis\/Helligkeit: 16:9 \/ 210 cd\/m2 (Standard)<\/p>\n<\/li>\n<li class=\"bullet-list-item\">\n<p class=\"mb-l\">Farbtemperatur\/Standardfarbe: 9.300 K, 6.500 K, 5.000 K, Custom RGB<\/p>\n<\/li>\n<li class=\"bullet-list-item\">\n<p class=\"mb-l\">Verbindung: 3-in-1 cable (with HDMI 1.4, USB 2.0 and AC adapter)<\/p>\n<\/li>\n<li class=\"bullet-list-item\">\n<p class=\"mb-l\">Stift: Batteriefreier Pro Pen 2 mit 2 anpassbaren Seitenschaltern und 8.192 Druckstufen in Stiftspitze und Radierer (patentierte elektromagnetische Resonanztechnologie)<\/p>\n<\/li>\n<li class=\"bullet-list-item\">\n<p class=\"mb-l\">Stift-Neigungserkennung\/Umfang \u00b160 Stufen \/ 60 Grad<\/p>\n<\/li>\n<li class=\"bullet-list-item\">\n<p class=\"mb-l\">ExpressKey\u2122-Fernbedienung (optional)17 anpassbare, anwendungsspezi\ufb01sche ExpressKeys, Touch Ring, Rocker Ring\/Home Button, Pr\u00e4zisionsmodus, Displaywechsel, Radialmen\u00fc und dediziertes Verschieben, Scrollen, Zoomen, Pinselgr\u00f6\u00dfe<\/p>\n<\/li>\n<li class=\"bullet-list-item\">\n<p class=\"mb-l\">Standfu\u00dfe: Integrierte klappbare Beine f\u00fcr 19\u00b0 Winkel; optional verstellbarer St\u00e4nder f\u00fcr 19\u00b0\u201368\u00b0 Winkel<\/p>\n<\/li>\n<li class=\"bullet-list-item\">\n<p class=\"mb-l\">Sicherheit: Schlitz f\u00fcr Kensington\u00ae-Sicherheitsschloss (Schloss separat erh\u00e4ltlich)<\/p>\n<\/li>\n<li class=\"bullet-list-item\">\n<p class=\"mb-l\">Produktivit\u00e4tsfunktionen: Zeitsparende Bildschirmeinstellungen; ExpressKeys\u2122, Touch Ring auf optionaler ExpressKey\u2122-Fernbedienung<\/p>\n<\/li>\n<li class=\"bullet-list-item\">\n<p class=\"mb-l\">Ergonomie: F\u00fcr Rechts- und Linksh\u00e4nder; verstellbarer Standfu\u00df im Lieferumfang enthalten; Wacom Pro Pen 2 mit bequemem, ergonomischem Griff<\/p>\n<\/li>\n<\/ul>\n<\/div>\n<\/p><\/div>\n<div class=\"formalpara\">\n<div class=\"titlepage\">\n<h2 class=\"text-h3 mb-l\">Systemvoraussetzungen<\/h2>\n<\/div>\n<p class=\"mb-l\">\n<div class=\"itemizedlist\">\n<ul class=\"bullet-list\">\n<li class=\"bullet-list-item\">\n<p class=\"mb-l\">Windows\u00ae 7 oder h\u00f6her (aktuelles Service Pack\/aktueller Build)<\/p>\n<\/li>\n<li class=\"bullet-list-item\">\n<p class=\"mb-l\">Mac OS\u00ae X 10.12 oder h\u00f6her (neueste Aktualisierung); Internetzugang zum Herunterladen von Treibern<\/p>\n<\/li>\n<\/ul>\n<\/div>\n<\/p><\/div>\n<div class=\"formalpara\">\n<div class=\"titlepage\">\n<h2 class=\"text-h3 mb-l\">Lieferumfang<\/h2>\n<\/div>\n<p class=\"mb-l\">\n<div class=\"itemizedlist\">\n<ul class=\"bullet-list\">\n<li class=\"bullet-list-item\">\n<p class=\"mb-l\">Wacom Cintiq 16 Stift-DisplayWacom Cintiq 16 Stift-Display<\/p>\n<\/li>\n<li class=\"bullet-list-item\">\n<p class=\"mb-l\">Wacom Pro Pen 2<\/p>\n<\/li>\n<li class=\"bullet-list-item\">\n<p class=\"mb-l\">abnehmbarer Stifthalter mit 3 Ersatzspitzen (Standard) und Spitzenentfernungswerkzeug, 3-in-1-Kabel (1,8 m)<\/p>\n<\/li>\n<li class=\"bullet-list-item\">\n<p class=\"mb-l\">Netzteil (12 V, 3 A, 36 W)<\/p>\n<\/li>\n<li class=\"bullet-list-item\">\n<p class=\"mb-l\">Netzkabel (1,8 m)<\/p>\n<\/li>\n<li class=\"bullet-list-item\">\n<p class=\"mb-l\">Kurzanleitung<\/p>\n<\/li>\n<li class=\"bullet-list-item\">\n<p class=\"mb-l\">Garantiekarte (nur Japan, Asien-Pazifik, China)<\/p>\n<\/li>\n<li class=\"bullet-list-item\">\n<p class=\"mb-l\">Richtlinienblatt<\/p>\n<\/li>\n<\/ul>\n<\/div>\n<\/p><\/div>\n<\/p><\/div>\n<li class=\"mb-m\">\n<div class=\"flex flex-col m:flex-row gap-s m:gap-xl\">\n<div class=\"text-h3 min-w-[244px] max-w-[244px]\">Energieeffizienzklasse<\/div>\n<div class=\"flex flex-col gap-s\"><span class=\"ml-3xs pl-[15px] relative before:absolute before:w-[8px] before:h-[8px] before:bg-dark before:top-[8px] before:left-0 before:rounded-full\">E auf einer Skala von A (sehr effizient) bis G (weniger effizient)<\/span><\/div>\n<\/div>\n<\/li>\n<li class=\"mb-m\">\n<div class=\"flex flex-col m:flex-row gap-s m:gap-xl\">\n<div class=\"text-h3 min-w-[244px] max-w-[244px]\">Technische Daten<\/div>\n<div class=\"flex flex-col gap-s\"><span class=\"ml-3xs pl-[15px] relative before:absolute before:w-[8px] before:h-[8px] before:bg-dark before:top-[8px] before:left-0 before:rounded-full\">Modellnummer DTK-1660<\/span><span class=\"ml-3xs pl-[15px] relative before:absolute before:w-[8px] before:h-[8px] before:bg-dark before:top-[8px] before:left-0 before:rounded-full\">Display-Gr\u00f6\u00dfe\/Aufl\u00f6sung 39,6 cm \/ 1.920 x 1.080 (Full HD)<\/span><span class=\"ml-3xs pl-[15px] relative before:absolute before:w-[8px] before:h-[8px] before:bg-dark before:top-[8px] before:left-0 before:rounded-full\">Aktive Fl\u00e4che 344 x 194 mm<\/span><span class=\"ml-3xs pl-[15px] relative before:absolute before:w-[8px] before:h-[8px] before:bg-dark before:top-[8px] before:left-0 before:rounded-full\">Gr\u00f6\u00dfe 422 x 285 x 24,5 mm<\/span><span class=\"ml-3xs pl-[15px] relative before:absolute before:w-[8px] before:h-[8px] before:bg-dark before:top-[8px] before:left-0 before:rounded-full\">Gewicht 1,9 kg ohne optionalen Standfu\u00df<\/span><span class=\"ml-3xs pl-[15px] relative before:absolute before:w-[8px] before:h-[8px] before:bg-dark before:top-[8px] before:left-0 before:rounded-full\">Farbleistung 72 % NTSC (CIE1931) Standard<\/span><span class=\"ml-3xs pl-[15px] relative before:absolute before:w-[8px] before:h-[8px] before:bg-dark before:top-[8px] before:left-0 before:rounded-full\">Blickwinkel 176\/176 (Standard)<\/span><span class=\"ml-3xs pl-[15px] relative before:absolute before:w-[8px] before:h-[8px] before:bg-dark before:top-[8px] before:left-0 before:rounded-full\">Kontrastverh\u00e4ltnis 1.000:1<\/span><span class=\"ml-3xs pl-[15px] relative before:absolute before:w-[8px] before:h-[8px] before:bg-dark before:top-[8px] before:left-0 before:rounded-full\">Reaktionsrate 25 ms<\/span><span class=\"ml-3xs pl-[15px] relative before:absolute before:w-[8px] before:h-[8px] before:bg-dark before:top-[8px] before:left-0 before:rounded-full\">Leistungsaufnahme Eingeschaltet (Max.): Eingeschaltet (Max.): 27 W<\/span><span class=\"ml-3xs pl-[15px] relative before:absolute before:w-[8px] before:h-[8px] before:bg-dark before:top-[8px] before:left-0 before:rounded-full\">Standby-Modus: 0,5 W oder weniger (ohne angeschlossenes USB-Kabel)<\/span><span class=\"ml-3xs pl-[15px] relative before:absolute before:w-[8px] before:h-[8px] before:bg-dark before:top-[8px] before:left-0 before:rounded-full\">Ausgeschaltet: 0,5 W oder weniger<\/span><span class=\"ml-3xs pl-[15px] relative before:absolute before:w-[8px] before:h-[8px] before:bg-dark before:top-[8px] before:left-0 before:rounded-full\">Seitenverh\u00e4ltnis \/ Helligkeit 16:9 \/ 210 cd\/m2 (Standard)<\/span><span class=\"ml-3xs pl-[15px] relative before:absolute before:w-[8px] before:h-[8px] before:bg-dark before:top-[8px] before:left-0 before:rounded-full\">Farbtemperatur\/Anpassung 9.300 K, 6.500 K, 5.000 K, Custom RGB<\/span><span class=\"ml-3xs pl-[15px] relative before:absolute before:w-[8px] before:h-[8px] before:bg-dark before:top-[8px] before:left-0 before:rounded-full\">Konnektivit\u00e4t 3-in-1-Kabel (mit HDMI 1.4-, USB 2.0- und AC-Anschluss)<\/span><span class=\"ml-3xs pl-[15px] relative before:absolute before:w-[8px] before:h-[8px] before:bg-dark before:top-[8px] before:left-0 before:rounded-full\">Stift Batteriefreier Pro Pen 2 mit 2 anpassbaren Seitenschaltern und 8.192 Druckstufen in Stiftspitze und Radierer (patentierte elektromagnetische Resonanztechnologie)<\/span><span class=\"ml-3xs pl-[15px] relative before:absolute before:w-[8px] before:h-[8px] before:bg-dark before:top-[8px] before:left-0 before:rounded-full\">Stift-Neigungserkennung\/Umfang Stift-Neigungserkennung\/Winkel \u00b160 Stufen\/60 Grad<\/span><span class=\"ml-3xs pl-[15px] relative before:absolute before:w-[8px] before:h-[8px] before:bg-dark before:top-[8px] before:left-0 before:rounded-full\">17 anpassbare, anwendungsspezifische ExpressKeys, Touch Ring, Rocker Ring\/Home Button, Pr\u00e4zisionsmodus, Displaywechsel, Radialmen\u00fc und dediziertes Verschieben,<\/span><span class=\"ml-3xs pl-[15px] relative before:absolute before:w-[8px] before:h-[8px] before:bg-dark before:top-[8px] before:left-0 before:rounded-full\">Scrollen, Zoomen, Pinselgr\u00f6\u00dfe<\/span><span class=\"ml-3xs pl-[15px] relative before:absolute before:w-[8px] before:h-[8px] before:bg-dark before:top-[8px] before:left-0 before:rounded-full\">Standfu\u00df Integrierte, ausklappbare F\u00fc\u00dfe f\u00fcr Neigung bis 19\u00b0; optionaler verstellbarer Standfu\u00df<\/span><span class=\"ml-3xs pl-[15px] relative before:absolute before:w-[8px] before:h-[8px] before:bg-dark before:top-[8px] before:left-0 before:rounded-full\">f\u00fcr Neigung von 19\u00b0 bis 68\u00b0<\/span><span class=\"ml-3xs pl-[15px] relative before:absolute before:w-[8px] before:h-[8px] before:bg-dark before:top-[8px] before:left-0 before:rounded-full\">Sicherheit Schlitz f\u00fcr Kensington\u00ae-Sicherheitsschloss (Schloss separat erh\u00e4ltlich)<\/span><span class=\"ml-3xs pl-[15px] relative before:absolute before:w-[8px] before:h-[8px] before:bg-dark before:top-[8px] before:left-0 before:rounded-full\">Produktivit\u00e4tsfunktionen Zeitsparende Bildschirmeinstellungen; ExpressKeys\u2122, Touch Ring f\u00fcr optionale ExpressKey\u2122-Fernbedienung<\/span><span class=\"ml-3xs pl-[15px] relative before:absolute before:w-[8px] before:h-[8px] before:bg-dark before:top-[8px] before:left-0 before:rounded-full\">F\u00fcr Rechts- und Linksh\u00e4nder; integrierte, ausklappbare F\u00fc\u00dfe; optionaler verstellbarer<\/span><span class=\"ml-3xs pl-[15px] relative before:absolute before:w-[8px] before:h-[8px] before:bg-dark before:top-[8px] before:left-0 before:rounded-full\">Standfu\u00df erh\u00e4ltlich; Wacom Pro Pen 2 mit bequemem, ergonomischem Griff<\/span><\/div>\n<\/div>\n<\/li>\n<li class=\"mb-m\">\n<div class=\"flex flex-col m:flex-row gap-s m:gap-xl\">\n<div class=\"text-h3 min-w-[244px] max-w-[244px]\">Systemvoraussetzungen<\/div>\n<div class=\"flex flex-col gap-s\"><span class=\"ml-3xs pl-[15px] relative before:absolute before:w-[8px] before:h-[8px] before:bg-dark before:top-[8px] before:left-0 before:rounded-full\">Windows 7 oder h\u00f6her (neuestes Servicepack\/neuester Build)<\/span><span class=\"ml-3xs pl-[15px] relative before:absolute before:w-[8px] before:h-[8px] before:bg-dark before:top-[8px] before:left-0 before:rounded-full\">Mac OS\u00ae X 10.12 oder h\u00f6her (neuestes Update)<\/span><span class=\"ml-3xs pl-[15px] relative before:absolute before:w-[8px] before:h-[8px] before:bg-dark before:top-[8px] before:left-0 before:rounded-full\">Internetzugang zum Herunterladen der Treiber<\/span><\/div>\n<\/div>\n<\/li>\n<li class=\"mb-m\">\n<div class=\"flex flex-col m:flex-row gap-s m:gap-xl\">\n<div class=\"text-h3 min-w-[244px] max-w-[244px]\">Lieferumfang<\/div>\n<div class=\"flex flex-col gap-s\"><span class=\"ml-3xs pl-[15px] relative before:absolute before:w-[8px] before:h-[8px] before:bg-dark before:top-[8px] before:left-0 before:rounded-full\">Wacom Cintiq 16 Stift-Display<\/span><span class=\"ml-3xs pl-[15px] relative before:absolute before:w-[8px] before:h-[8px] before:bg-dark before:top-[8px] before:left-0 before:rounded-full\">Wacom Pro Pen 2<\/span><span class=\"ml-3xs pl-[15px] relative before:absolute before:w-[8px] before:h-[8px] before:bg-dark before:top-[8px] before:left-0 before:rounded-full\">abnehmbarer Stifthalter mit 3 Ersatzspitzen (Standard) und Werkzeug zum Entfernen der Stiftspitzen<\/span><span class=\"ml-3xs pl-[15px] relative before:absolute before:w-[8px] before:h-[8px] before:bg-dark before:top-[8px] before:left-0 before:rounded-full\">3-in-1-Kabel (1,8 m)<\/span><span class=\"ml-3xs pl-[15px] relative before:absolute before:w-[8px] before:h-[8px] before:bg-dark before:top-[8px] before:left-0 before:rounded-full\">Netzteil (12 V, 3 A, 36 W)<\/span><span class=\"ml-3xs pl-[15px] relative before:absolute before:w-[8px] before:h-[8px] before:bg-dark before:top-[8px] before:left-0 before:rounded-full\">Netzkabel (1,8 m)<\/span><span class=\"ml-3xs pl-[15px] relative before:absolute before:w-[8px] before:h-[8px] before:bg-dark before:top-[8px] before:left-0 before:rounded-full\">Schnellstartanleitung<\/span><span class=\"ml-3xs pl-[15px] relative before:absolute before:w-[8px] before:h-[8px] before:bg-dark before:top-[8px] before:left-0 before:rounded-full\">Garantiekarte (nur Japan, China und asiatisch-pazifischer Raum)<\/span><span class=\"ml-3xs pl-[15px] relative before:absolute before:w-[8px] before:h-[8px] before:bg-dark before:top-[8px] before:left-0 before:rounded-full\">regulatorische Hinweise<\/span><\/div>\n<\/div>\n<\/li>\n","protected":false},"excerpt":{"rendered":"<li class=\"bullet-list-item\">Energieeffizienzklasse: E<\/li>\n<li class=\"bullet-list-item\">Sch\u00e4rfere Details, intensivere Farben<\/li>\n<li class=\"bullet-list-item\">4 individuell belegbare Expresskeys<\/li>\n<li class=\"bullet-list-item\">Zwei Formate. Endlose M\u00f6glichkeiten<\/li>\n<li class=\"bullet-list-item\">1920 x 1080 Pixel<\/li>\n<p> Herstellernummer DTK1660K0B<\/p>","protected":false},"featured_media":44221,"comment_status":"open","ping_status":"closed","template":"","meta":{"_monsterinsights_skip_tracking":false,"_monsterinsights_sitenote_active":false,"_monsterinsights_sitenote_note":"","_monsterinsights_sitenote_category":0,"_uf_show_specific_survey":0,"_uf_disable_surveys":false},"product_brand":[],"product_cat":[453],"product_tag":[],"models":[],"years":[],"class_list":{"0":"post-21644","1":"product","2":"type-product","3":"status-publish","4":"has-post-thumbnail","6":"product_cat-zubehor-notebooks","8":"first","9":"instock","10":"sale","11":"featured","12":"shipping-taxable","13":"purchasable","14":"product-type-simple"},"aioseo_notices":[],"acf":[],"_links":{"self":[{"href":"https:\/\/amannforg.com\/de\/wp-json\/wp\/v2\/product\/21644","targetHints":{"allow":["GET"]}}],"collection":[{"href":"https:\/\/amannforg.com\/de\/wp-json\/wp\/v2\/product"}],"about":[{"href":"https:\/\/amannforg.com\/de\/wp-json\/wp\/v2\/types\/product"}],"replies":[{"embeddable":true,"href":"https:\/\/amannforg.com\/de\/wp-json\/wp\/v2\/comments?post=21644"}],"version-history":[{"count":1,"href":"https:\/\/amannforg.com\/de\/wp-json\/wp\/v2\/product\/21644\/revisions"}],"predecessor-version":[{"id":57536,"href":"https:\/\/amannforg.com\/de\/wp-json\/wp\/v2\/product\/21644\/revisions\/57536"}],"wp:featuredmedia":[{"embeddable":true,"href":"https:\/\/amannforg.com\/de\/wp-json\/wp\/v2\/media\/44221"}],"wp:attachment":[{"href":"https:\/\/amannforg.com\/de\/wp-json\/wp\/v2\/media?parent=21644"}],"wp:term":[{"taxonomy":"product_brand","embeddable":true,"href":"https:\/\/amannforg.com\/de\/wp-json\/wp\/v2\/product_brand?post=21644"},{"taxonomy":"product_cat","embeddable":true,"href":"https:\/\/amannforg.com\/de\/wp-json\/wp\/v2\/product_cat?post=21644"},{"taxonomy":"product_tag","embeddable":true,"href":"https:\/\/amannforg.com\/de\/wp-json\/wp\/v2\/product_tag?post=21644"},{"taxonomy":"models","embeddable":true,"href":"https:\/\/amannforg.com\/de\/wp-json\/wp\/v2\/models?post=21644"},{"taxonomy":"years","embeddable":true,"href":"https:\/\/amannforg.com\/de\/wp-json\/wp\/v2\/years?post=21644"}],"curies":[{"name":"wp","href":"https:\/\/api.w.org\/{rel}","templated":true}]}}