{"id":23930,"date":"2026-02-28T15:40:24","date_gmt":"2026-02-28T15:40:24","guid":{"rendered":"https:\/\/amannforg.com\/?post_type=product&#038;p=23930"},"modified":"2026-03-07T16:25:22","modified_gmt":"2026-03-07T16:25:22","slug":"eaton-5px-gen2-5px3000irt2ug2-usv-3000va-rack-2x-c19-8x-c13-uberspannungsschutz","status":"publish","type":"product","link":"https:\/\/amannforg.com\/de\/produkt\/eaton-5px-gen2-5px3000irt2ug2-usv-3000va-rack-2x-c19-8x-c13-uberspannungsschutz\/","title":{"rendered":"Eaton 5PX Gen2 5PX3000IRT2UG2 USV, 3000VA, Rack, 2x C19, 8x C13, \u00dcberspannungsschutz"},"content":{"rendered":"<div class=\"article\">\n<div class=\"titlepage\">\n<h2 class=\"text-h3 mb-l\">EATON 5PX Gen2 USV<\/h2>\n<\/div>\n<div class=\"formalpara\">\n<div class=\"titlepage\">\n<h2 class=\"text-h3 mb-l\">Hervorragende Effizienz, Verwaltbarkeit und Energiemessungsfunktionen f\u00fcr IT-Manager<\/h2>\n<\/div><\/div>\n<div class=\"formalpara\">\n<div class=\"titlepage\">\n<h2 class=\"text-h3 mb-l\">Performance und Effizienz<\/h2>\n<\/div>\n<p class=\"mb-l\">\n<div class=\"itemizedlist\">\n<ul class=\"bullet-list\">\n<li class=\"bullet-list-item\">\n<p class=\"mb-l\">Eaton 5PX Gen 2 liefert den Leistungsfaktor Eins (W=VA) Da sie 11 % mehr Leistung hat als andere USV Systeme, kann sie mehr Server sch\u00fctzen.<\/p>\n<\/li>\n<li class=\"bullet-list-item\">\n<p class=\"mb-l\">Der 5PX Gen2 ist Energy Star 2.0-zertifiziert und bietet die beste Effizienz seiner Klasse, um den Energieverbrauch und die K\u00fchlkosten zu senken. <\/p>\n<\/li>\n<li class=\"bullet-list-item\">\n<p class=\"mb-l\">Im Batteriebetrieb liefert die 5PX ein hochwertiges Ausgangssignal f\u00fcr alle angeschlossenen empfindlichen Ger\u00e4te, wie z. B. aktive PFC-Server (Power Factor Corrected: Blindleistungskompensation).<\/p>\n<\/li>\n<li class=\"bullet-list-item\">\n<p class=\"mb-l\">Jede 5PX Gen2 Batteriekonfiguration bietet das beste Gr\u00f6\u00dfe\/Laufzeit-Verh\u00e4ltnis.<\/p>\n<\/li>\n<\/ul>\n<\/div>\n<\/p><\/div>\n<div class=\"formalpara\">\n<div class=\"titlepage\">\n<h2 class=\"text-h3 mb-l\">Management und Cybersicherheit<\/h2>\n<\/div>\n<p class=\"mb-l\">\n<div class=\"itemizedlist\">\n<ul class=\"bullet-list\">\n<li class=\"bullet-list-item\">\n<p class=\"mb-l\">Das innovative grafische LCD-Display zeigt alle Betriebsinformationen auf einen Blick an. Auch Inbetriebnahme und Konfiguration sind einfacher.<\/p>\n<\/li>\n<li class=\"bullet-list-item\">\n<p class=\"mb-l\">Zusammen mit 5PX Gen2 erm\u00f6glicht die Eaton Gigabit-Netzwerkmanagementkarte (separat erh\u00e4ltlich) sowohl USV-Einstellungen als auch Firmware-Upgrades aus der Ferne und sorgt damit f\u00fcr eine einfache Bereitstellung (Flottenmanagement) und reduzierte Wartungskosten. <\/p>\n<\/li>\n<li class=\"bullet-list-item\">\n<p class=\"mb-l\">Die 5PX Gen2 kann den Energieverbrauch bis auf die Ebene der schaltbaren Steckdosengruppen messen. Die Kilowattstunden k\u00f6nnen mit der LCD-Anzeige oder der Intelligent Power Software von Eaton kontrolliert werden.<\/p>\n<\/li>\n<li class=\"bullet-list-item\">\n<p class=\"mb-l\">Die Intelligent Power Software von Eaton l\u00e4sst sich nahtlos in f\u00fchrende Virtualisierungs- und Cloud-Speicher-Umgebungen integrieren. <\/p>\n<\/li>\n<\/ul>\n<\/div>\n<\/p><\/div>\n<div class=\"formalpara\">\n<div class=\"titlepage\">\n<h2 class=\"text-h3 mb-l\">Flexibilit\u00e4t und Verf\u00fcgbarkeit<\/h2>\n<\/div>\n<p class=\"mb-l\">\n<div class=\"itemizedlist\">\n<ul class=\"bullet-list\">\n<li class=\"bullet-list-item\">\n<p class=\"mb-l\">Die 5PX Gen2 2200 VA und 3000 VA sind im RT2U-Format (optimiert f\u00fcr die Rack-Montage) oder RT3U (f\u00fcr Tower-Installation oder Racks mit geringer Tiefe) erh\u00e4ltlich. <\/p>\n<\/li>\n<li class=\"bullet-list-item\">\n<p class=\"mb-l\">Sockel- und Schienenbaus\u00e4tze sind bei allen Modellen im Lieferumfang enthalten.<\/p>\n<\/li>\n<li class=\"bullet-list-item\">\n<p class=\"mb-l\">Die Lastsegmentsteuerung der 5PX Gen2 erm\u00f6glicht die priorisierte Abschaltung unkritischer Anlagen, so wird die \u00dcberbr\u00fcckungszeit der Batterien f\u00fcr kritische Ger\u00e4te (2 Gruppen) maximiert. <\/p>\n<\/li>\n<li class=\"bullet-list-item\">\n<p class=\"mb-l\">Die ABM\u00ae-Technologie nutzt eine dreistufige Ladetechnik, die den Zustand der Batterie optimiert und ihre Lebensdauer um bis zu 50 % verl\u00e4ngert.<\/p>\n<\/li>\n<li class=\"bullet-list-item\">\n<p class=\"mb-l\">Um die Stromverf\u00fcgbarkeit zu erh\u00f6hen, k\u00f6nnen bis zu vier externe, im laufenden Betrieb austauschbare Akkumodule hinzugef\u00fcgt werden<\/p>\n<\/li>\n<\/ul>\n<\/div>\n<\/p><\/div>\n<\/p><\/div>\n<li class=\"mb-m\">\n<div class=\"flex flex-col m:flex-row gap-s m:gap-xl\">\n<div class=\"text-h3 min-w-[244px] max-w-[244px]\">Leistung<\/div>\n<div class=\"flex flex-col gap-s\"><span class=\"ml-3xs pl-[15px] relative before:absolute before:w-[8px] before:h-[8px] before:bg-dark before:top-[8px] before:left-0 before:rounded-full\">Nennleistung: 3000 W<\/span><span class=\"ml-3xs pl-[15px] relative before:absolute before:w-[8px] before:h-[8px] before:bg-dark before:top-[8px] before:left-0 before:rounded-full\">Scheinleistung: 3000 VA<\/span><\/div>\n<\/div>\n<\/li>\n<li class=\"mb-m\">\n<div class=\"flex flex-col m:flex-row gap-s m:gap-xl\">\n<div class=\"text-h3 min-w-[244px] max-w-[244px]\">\u00dcberbr\u00fcckungszeitraum<\/div>\n<div class=\"flex flex-col gap-s\"><span class=\"ml-3xs pl-[15px] relative before:absolute before:w-[8px] before:h-[8px] before:bg-dark before:top-[8px] before:left-0 before:rounded-full\">\u00dcberbr\u00fcckungszeit: 68 min bei 300 Watt \u00a6 39 min bei 500 Watts \u00a6 23 min bei 800 Watts \u00a6 13 min bei 1200 Watts \u00a6 7 min bei 2500 Watts<\/span><\/div>\n<\/div>\n<\/li>\n<li class=\"mb-m\">\n<div class=\"flex flex-col m:flex-row gap-s m:gap-xl\">\n<div class=\"text-h3 min-w-[244px] max-w-[244px]\">Ausg\u00e4nge<\/div>\n<div class=\"flex flex-col gap-s\"><span class=\"ml-3xs pl-[15px] relative before:absolute before:w-[8px] before:h-[8px] before:bg-dark before:top-[8px] before:left-0 before:rounded-full\">8 Kaltger\u00e4te-Steckdose(n)<\/span><span class=\"ml-3xs pl-[15px] relative before:absolute before:w-[8px] before:h-[8px] before:bg-dark before:top-[8px] before:left-0 before:rounded-full\">2x C19 Steckdosen<\/span><span class=\"ml-3xs pl-[15px] relative before:absolute before:w-[8px] before:h-[8px] before:bg-dark before:top-[8px] before:left-0 before:rounded-full\">10 batteriegepufferte Steckdose(n)<\/span><\/div>\n<\/div>\n<\/li>\n<li class=\"mb-m\">\n<div class=\"flex flex-col m:flex-row gap-s m:gap-xl\">\n<div class=\"text-h3 min-w-[244px] max-w-[244px]\">Abmessungen (HxBxT)<\/div>\n<div class=\"flex flex-col gap-s\"><span class=\"ml-3xs pl-[15px] relative before:absolute before:w-[8px] before:h-[8px] before:bg-dark before:top-[8px] before:left-0 before:rounded-full\">H\u00f6he: 86 mm<\/span><span class=\"ml-3xs pl-[15px] relative before:absolute before:w-[8px] before:h-[8px] before:bg-dark before:top-[8px] before:left-0 before:rounded-full\">Breite: 603 mm<\/span><span class=\"ml-3xs pl-[15px] relative before:absolute before:w-[8px] before:h-[8px] before:bg-dark before:top-[8px] before:left-0 before:rounded-full\">Tiefe: 438 mm<\/span><\/div>\n<\/div>\n<\/li>\n<li class=\"mb-m\">\n<div class=\"flex flex-col m:flex-row gap-s m:gap-xl\">\n<div class=\"text-h3 min-w-[244px] max-w-[244px]\">Gewicht<\/div>\n<div class=\"flex flex-col gap-s\"><span class=\"ml-3xs pl-[15px] relative before:absolute before:w-[8px] before:h-[8px] before:bg-dark before:top-[8px] before:left-0 before:rounded-full\">Gewicht in kg: 31,7<\/span><\/div>\n<\/div>\n<\/li>\n<li class=\"mb-m\">\n<div class=\"flex flex-col m:flex-row gap-s m:gap-xl\">\n<div class=\"text-h3 min-w-[244px] max-w-[244px]\">Anzeigen<\/div>\n<div class=\"flex flex-col gap-s\"><span class=\"ml-3xs pl-[15px] relative before:absolute before:w-[8px] before:h-[8px] before:bg-dark before:top-[8px] before:left-0 before:rounded-full\">Multilinguales Grafik-LCD Display<\/span><\/div>\n<\/div>\n<\/li>\n<li class=\"mb-m\">\n<div class=\"flex flex-col m:flex-row gap-s m:gap-xl\">\n<div class=\"text-h3 min-w-[244px] max-w-[244px]\">Schnittstellen<\/div>\n<div class=\"flex flex-col gap-s\"><span class=\"ml-3xs pl-[15px] relative before:absolute before:w-[8px] before:h-[8px] before:bg-dark before:top-[8px] before:left-0 before:rounded-full\">USB-Port (HID-konform)|serieller Anschluss RS-232|Mini-Klemmleiste f\u00fcr Remote On\/Off und Remote Power Off|Mini-Klemmleiste f\u00fcr Ausgangsrelais|Kontakte (3 Ausg\u00e4nge, 1 Eingang, optocoupler, DB9)<\/span><\/div>\n<\/div>\n<\/li>\n<li class=\"mb-m\">\n<div class=\"flex flex-col m:flex-row gap-s m:gap-xl\">\n<div class=\"text-h3 min-w-[244px] max-w-[244px]\">Besonderheiten<\/div>\n<div class=\"flex flex-col gap-s\"><span class=\"ml-3xs pl-[15px] relative before:absolute before:w-[8px] before:h-[8px] before:bg-dark before:top-[8px] before:left-0 before:rounded-full\">Automatische Spannungsregelung (Automatic Voltage Regulation\/AVR)|Energieeffizienz, Reduzierung von Energie- und K\u00fchlkosten|Reiner Sinusausgang|Bietet mehr Wirkleistung (Watt) zum Schutz von mehr Ger\u00e4ten mit einem Unity-Leistungsfaktor (VA=W)|LCD-Display f\u00fcr Echtzeitdaten zu Status und Messwerten|Lange Backup-Zeit mit bis zu 4 optionalen EBMs|Energieverbrauchsmessung bis hinunter zu den steuerbaren Ausgangsgruppen|Vielseitiges Produkt f\u00fcr Rack- oder Tower-Installation|1 Steckplatz f\u00fcr optionale Kommunikationskarte (Netzwerkmanagementkarte, Relaiskarte oder Netzwerk- und Industriekarte)|Mit virtuellen Umgebungen (VMware, Hyper-V, Citrix Xen, Redhat) kompatibel|1 USB-Anschluss + 1 serielle Schnittstelle<\/span><\/div>\n<\/div>\n<\/li>\n<li class=\"mb-m\">\n<div class=\"flex flex-col m:flex-row gap-s m:gap-xl\">\n<div class=\"text-h3 min-w-[244px] max-w-[244px]\">Lieferumfang<\/div>\n<div class=\"flex flex-col gap-s\"><span class=\"ml-3xs pl-[15px] relative before:absolute before:w-[8px] before:h-[8px] before:bg-dark before:top-[8px] before:left-0 before:rounded-full\">Eingangskabel<\/span><span class=\"ml-3xs pl-[15px] relative before:absolute before:w-[8px] before:h-[8px] before:bg-dark before:top-[8px] before:left-0 before:rounded-full\">Rackmount-Kit<\/span><span class=\"ml-3xs pl-[15px] relative before:absolute before:w-[8px] before:h-[8px] before:bg-dark before:top-[8px] before:left-0 before:rounded-full\">(2) Standf\u00fc\u00dfe f\u00fcr Tower-Verwendung<\/span><span class=\"ml-3xs pl-[15px] relative before:absolute before:w-[8px] before:h-[8px] before:bg-dark before:top-[8px] before:left-0 before:rounded-full\">Kabelverriegelung<\/span><span class=\"ml-3xs pl-[15px] relative before:absolute before:w-[8px] before:h-[8px] before:bg-dark before:top-[8px] before:left-0 before:rounded-full\">USB-Kabel<\/span><span class=\"ml-3xs pl-[15px] relative before:absolute before:w-[8px] before:h-[8px] before:bg-dark before:top-[8px] before:left-0 before:rounded-full\">Serielles Kabel<\/span><span class=\"ml-3xs pl-[15px] relative before:absolute before:w-[8px] before:h-[8px] before:bg-dark before:top-[8px] before:left-0 before:rounded-full\">(2) IEC-IEC Kabel<\/span><span class=\"ml-3xs pl-[15px] relative before:absolute before:w-[8px] before:h-[8px] before:bg-dark before:top-[8px] before:left-0 before:rounded-full\">Schnellstartanleitung<\/span><span class=\"ml-3xs pl-[15px] relative before:absolute before:w-[8px] before:h-[8px] before:bg-dark before:top-[8px] before:left-0 before:rounded-full\">Sicherheitshinweise,<\/span><\/div>\n<\/div>\n<\/li>\n","protected":false},"excerpt":{"rendered":"<li class=\"bullet-list-item\">grafische LCD-Anzeige liefert Informationen zum USV-Status<\/li>\n<li class=\"bullet-list-item\">8x Kaltger\u00e4te-Anschl\u00fcsse C13, 2x C19, in 2 Gruppen steuerbar<\/li>\n<li class=\"bullet-list-item\">98% Energieeffizienz, bis zu 50min \u00dcberbr\u00fcckungszeit<\/li>\n<li class=\"bullet-list-item\">auswechselbare Blei-S\u00e4ure-Batterien,<\/li>\n<li class=\"bullet-list-item\">Steckplatz f\u00fcr optionale Kommunikationskarte<\/li>\n<p> Herstellernummer 5PX3000IRT2UG2<\/p>","protected":false},"featured_media":0,"comment_status":"open","ping_status":"closed","template":"","meta":{"_monsterinsights_skip_tracking":false,"_monsterinsights_sitenote_active":false,"_monsterinsights_sitenote_note":"","_monsterinsights_sitenote_category":0,"_uf_show_specific_survey":0,"_uf_disable_surveys":false},"product_brand":[],"product_cat":[459],"product_tag":[],"models":[],"years":[],"class_list":{"0":"post-23930","1":"product","2":"type-product","3":"status-publish","5":"product_cat-akkus-batterien-usv","7":"first","8":"instock","9":"sale","10":"shipping-taxable","11":"purchasable","12":"product-type-simple"},"aioseo_notices":[],"acf":[],"_links":{"self":[{"href":"https:\/\/amannforg.com\/de\/wp-json\/wp\/v2\/product\/23930","targetHints":{"allow":["GET"]}}],"collection":[{"href":"https:\/\/amannforg.com\/de\/wp-json\/wp\/v2\/product"}],"about":[{"href":"https:\/\/amannforg.com\/de\/wp-json\/wp\/v2\/types\/product"}],"replies":[{"embeddable":true,"href":"https:\/\/amannforg.com\/de\/wp-json\/wp\/v2\/comments?post=23930"}],"version-history":[{"count":1,"href":"https:\/\/amannforg.com\/de\/wp-json\/wp\/v2\/product\/23930\/revisions"}],"predecessor-version":[{"id":57564,"href":"https:\/\/amannforg.com\/de\/wp-json\/wp\/v2\/product\/23930\/revisions\/57564"}],"wp:attachment":[{"href":"https:\/\/amannforg.com\/de\/wp-json\/wp\/v2\/media?parent=23930"}],"wp:term":[{"taxonomy":"product_brand","embeddable":true,"href":"https:\/\/amannforg.com\/de\/wp-json\/wp\/v2\/product_brand?post=23930"},{"taxonomy":"product_cat","embeddable":true,"href":"https:\/\/amannforg.com\/de\/wp-json\/wp\/v2\/product_cat?post=23930"},{"taxonomy":"product_tag","embeddable":true,"href":"https:\/\/amannforg.com\/de\/wp-json\/wp\/v2\/product_tag?post=23930"},{"taxonomy":"models","embeddable":true,"href":"https:\/\/amannforg.com\/de\/wp-json\/wp\/v2\/models?post=23930"},{"taxonomy":"years","embeddable":true,"href":"https:\/\/amannforg.com\/de\/wp-json\/wp\/v2\/years?post=23930"}],"curies":[{"name":"wp","href":"https:\/\/api.w.org\/{rel}","templated":true}]}}