{"id":24969,"date":"2026-02-28T16:22:13","date_gmt":"2026-02-28T16:22:13","guid":{"rendered":"https:\/\/amannforg.com\/?post_type=product&#038;p=24969"},"modified":"2026-03-13T11:31:17","modified_gmt":"2026-03-13T11:31:17","slug":"benq-th685p-dlp-full-hd-beamer-169-3500-ansi-lumen-hdmi-vga-usb-ls","status":"publish","type":"product","link":"https:\/\/amannforg.com\/de\/produkt\/benq-th685p-dlp-full-hd-beamer-169-3500-ansi-lumen-hdmi-vga-usb-ls\/","title":{"rendered":"BenQ TH685P DLP Full HD Beamer 16:9 3500 ANSI Lumen HDMI\/VGA\/USB LS"},"content":{"rendered":"<div class=\"article\">\n<div class=\"titlepage\">\n<h2 class=\"text-h3 mb-l\">BenQ TH685P DLP Full HD Beamer 16:9 3500 ANSI Lumen HDMI\/VGA\/USB LS<\/h2>\n<\/div>\n<div class=\"formalpara\">\n<div class=\"titlepage\">\n<h2 class=\"text-h3 mb-l\">Vollgas geben und mit ganzer Kraft dabei sein!<\/h2>\n<\/div>\n<p class=\"mb-l\">Der TH685P wurde f\u00fcr ultimatives Gaming entwickelt \u2013 mit einem besonders niedrigen Input Lag \u2013damit du deine Videospiele in Echtzeit erleben kannst. Atemberaubende 1080p HDR Grafik und 3.500 ANSI Lumen Helligkeit sorgen selbst bei Tageslicht f\u00fcr intensive Action. Der atemberaubende Sound l\u00e4sst dich in ein episches Gameplay eintauchen, wie du es vorher noch nie gesehen hast.<\/p>\n<\/p><\/div>\n<div class=\"formalpara\">\n<div class=\"titlepage\">\n<h2 class=\"text-h3 mb-l\">Bist du bereit?<\/h2>\n<\/div>\n<p class=\"mb-l\">Projizierte Bilder in FULL HD 1080p, hyperrealistische Kontraste und Details dank HDR, werden dein bisheriges Gameplay \u00fcbertreffen. Zusammen mit dem TH685P und deiner Lieblingsvideospielkonsole kannst du dein Team zum Sieg f\u00fchren.<\/p>\n<\/p><\/div>\n<div class=\"formalpara\">\n<div class=\"titlepage\">\n<h2 class=\"text-h3 mb-l\">Geringer Input Lag<\/h2>\n<\/div>\n<p class=\"mb-l\">Eine Low Input Lag kann dir in einem knappen NBA Spiel den entscheidenden Vorteil verschaffen. Die geringe Eingabeverz\u00f6gerung beim TH685P von nur 8 ms wird f\u00fcr ein reibungsloses Gameplay in virtueller Echtzeit sorgen. Dies ist besonders f\u00fcr rasante Sportarten sowie reaktionskritische Shooter und Kampfarenen hervorragend.<\/p>\n<\/p><\/div>\n<div class=\"formalpara\">\n<div class=\"titlepage\">\n<h2 class=\"text-h3 mb-l\">Profitiere vom exklusiven Game Mode<\/h2>\n<\/div>\n<p class=\"mb-l\">Der Game Mode des TH685P erm\u00f6glicht eine pr\u00e4zise Bildoptimierung, indem er dunkle und schattige Szenen unabh\u00e4ngig vom Umgebungslicht m\u00f6glichst deutlich darstellt und dir hilft, in das n\u00e4chste Level aufzusteigen.<\/p>\n<\/p><\/div>\n<div class=\"formalpara\">\n<div class=\"titlepage\">\n<h2 class=\"text-h3 mb-l\">H\u00f6re jeden Schritt deines Feindes<\/h2>\n<\/div>\n<p class=\"mb-l\">Der integrierte 5-Watt-Lautsprecher des TH685P hebt mit dem fein abgestimmten Game Sound Mode jedes Ger\u00e4usch in FPS hervor. Mit physikalischer Akustik und Psychoakustik liefert der TH685P einen pr\u00e4zisen und verfeinerten Klang.<\/p>\n<\/p><\/div>\n<div class=\"formalpara\">\n<div class=\"titlepage\">\n<h2 class=\"text-h3 mb-l\">Erlebe deine Sammlung neu<\/h2>\n<\/div>\n<p class=\"mb-l\">Die Spiele von heute bieten lebendige und anschauliche Erlebnisse mit Produktionsniveaus, die es mit Hollywood Blockbustern aufnehmen k\u00f6nnen. Verpasse nicht die audiovisuelle Wirkung von Spielen in Lebensgr\u00f6\u00dfe mit einer epischen B\u00fchne f\u00fcr jedes Lieblingsspiel in deiner Sammlung, egal ob du den Helden in RPGs, den Rennfahrer in Sportspielen oder einen Teamkollegen in Koop-Spielen spielst.<\/p>\n<\/p><\/div>\n<div class=\"formalpara\">\n<div class=\"titlepage\">\n<h2 class=\"text-h3 mb-l\">M\u00f6gen die Spiele beginnen<\/h2>\n<\/div>\n<p class=\"mb-l\">Alles, was du f\u00fcr atemberaubende Gameplay- und Kinoerlebnisse brauchst, auch bei hellem Umgebungslicht. Spiele auf der Sony PS4, PS5, Nintendo Switch, Xbox One X oder Google Stadia. Mit dem TH685P kann die Aufregung beginnen!<\/p>\n<\/p><\/div>\n<div class=\"formalpara\">\n<div class=\"titlepage\">\n<h2 class=\"text-h3 mb-l\">Erwecke deinen Gaming Room zum Leben<\/h2>\n<\/div>\n<p class=\"mb-l\">F\u00fchle dich in deinem Zimmer wie in einem echten Stadion! Der TH685P ist in Sekundenschnelle aufgebaut und verwandelt jeden Raum in deine private E-Sport-Arena.<\/p>\n<\/p><\/div>\n<div class=\"formalpara\">\n<div class=\"titlepage\">\n<h2 class=\"text-h3 mb-l\">1,3-facher Zoom f\u00fcr flexible Projektionsdistanzen<\/h2>\n<\/div>\n<p class=\"mb-l\">Der TH685P erm\u00f6glicht unterschiedliche Zollgr\u00f6\u00dfen \u2013 auch in kleineren R\u00e4umen.<\/p>\n<\/p><\/div>\n<div class=\"formalpara\">\n<div class=\"titlepage\">\n<h2 class=\"text-h3 mb-l\">Digitale Linsenverschiebung f\u00fcr variable Projektionsh\u00f6hen<\/h2>\n<\/div>\n<p class=\"mb-l\">Der digitale vertikale Lensshift des TH685P passt perfekt in jeden Raum mit einer dynamischen Auswahl an Projektionsh\u00f6hen.<\/p>\n<\/p><\/div>\n<div class=\"formalpara\">\n<div class=\"titlepage\">\n<h2 class=\"text-h3 mb-l\">Automatische vertikale Trapezkorrektur f\u00fcr perfekte Ausrichtung<\/h2>\n<\/div>\n<p class=\"mb-l\">Die automatische vertikale Trapezkorrektur sorgt f\u00fcr ein professionelles, quadratisches Bild und erleichtert die Projektion von ideal ausgerichteten Bildern aus einer Vielzahl von Positionen.<\/p>\n<\/p><\/div>\n<\/p><\/div>\n<li class=\"mb-m\">\n<div class=\"flex flex-col m:flex-row gap-s m:gap-xl\">\n<div class=\"text-h3 min-w-[244px] max-w-[244px]\">Allgemeine Daten<\/div>\n<div class=\"flex flex-col gap-s\"><span class=\"ml-3xs pl-[15px] relative before:absolute before:w-[8px] before:h-[8px] before:bg-dark before:top-[8px] before:left-0 before:rounded-full\">Projektionsart: DLP<\/span><span class=\"ml-3xs pl-[15px] relative before:absolute before:w-[8px] before:h-[8px] before:bg-dark before:top-[8px] before:left-0 before:rounded-full\">Einsatzbereich: Heimkino<\/span><span class=\"ml-3xs pl-[15px] relative before:absolute before:w-[8px] before:h-[8px] before:bg-dark before:top-[8px] before:left-0 before:rounded-full\">Aufl\u00f6sung: 1.920&#215;1.080 Full HD<\/span><span class=\"ml-3xs pl-[15px] relative before:absolute before:w-[8px] before:h-[8px] before:bg-dark before:top-[8px] before:left-0 before:rounded-full\">Format nativ: 16:9<\/span><span class=\"ml-3xs pl-[15px] relative before:absolute before:w-[8px] before:h-[8px] before:bg-dark before:top-[8px] before:left-0 before:rounded-full\">Helligkeit: 3500 ANSI Lumen<\/span><span class=\"ml-3xs pl-[15px] relative before:absolute before:w-[8px] before:h-[8px] before:bg-dark before:top-[8px] before:left-0 before:rounded-full\">Kontrast: 10.000:1<\/span><span class=\"ml-3xs pl-[15px] relative before:absolute before:w-[8px] before:h-[8px] before:bg-dark before:top-[8px] before:left-0 before:rounded-full\">Ger\u00e4uschentwicklung: 35db<\/span><span class=\"ml-3xs pl-[15px] relative before:absolute before:w-[8px] before:h-[8px] before:bg-dark before:top-[8px] before:left-0 before:rounded-full\">Lampenlebensdauer: 4000 Stunden<\/span><\/div>\n<\/div>\n<\/li>\n<li class=\"mb-m\">\n<div class=\"flex flex-col m:flex-row gap-s m:gap-xl\">\n<div class=\"text-h3 min-w-[244px] max-w-[244px]\">Anschl\u00fcsse<\/div>\n<div class=\"flex flex-col gap-s\"><span class=\"ml-3xs pl-[15px] relative before:absolute before:w-[8px] before:h-[8px] before:bg-dark before:top-[8px] before:left-0 before:rounded-full\">HDMI Anschl\u00fcsse: 2<\/span><span class=\"ml-3xs pl-[15px] relative before:absolute before:w-[8px] before:h-[8px] before:bg-dark before:top-[8px] before:left-0 before:rounded-full\">USB Anschl\u00fcsse: 1<\/span><span class=\"ml-3xs pl-[15px] relative before:absolute before:w-[8px] before:h-[8px] before:bg-dark before:top-[8px] before:left-0 before:rounded-full\">VGA Anschluss integriert<\/span><span class=\"ml-3xs pl-[15px] relative before:absolute before:w-[8px] before:h-[8px] before:bg-dark before:top-[8px] before:left-0 before:rounded-full\">Audio Out Anschluss<\/span><\/div>\n<\/div>\n<\/li>\n<li class=\"mb-m\">\n<div class=\"flex flex-col m:flex-row gap-s m:gap-xl\">\n<div class=\"text-h3 min-w-[244px] max-w-[244px]\">Besonderheiten<\/div>\n<div class=\"flex flex-col gap-s\"><span class=\"ml-3xs pl-[15px] relative before:absolute before:w-[8px] before:h-[8px] before:bg-dark before:top-[8px] before:left-0 before:rounded-full\">Lautsprecher 1x 5 Watt<\/span><\/div>\n<\/div>\n<\/li>\n<li class=\"mb-m\">\n<div class=\"flex flex-col m:flex-row gap-s m:gap-xl\">\n<div class=\"text-h3 min-w-[244px] max-w-[244px]\">Sonstiges<\/div>\n<div class=\"flex flex-col gap-s\"><span class=\"ml-3xs pl-[15px] relative before:absolute before:w-[8px] before:h-[8px] before:bg-dark before:top-[8px] before:left-0 before:rounded-full\">Abmessung:<\/span><span class=\"ml-3xs pl-[15px] relative before:absolute before:w-[8px] before:h-[8px] before:bg-dark before:top-[8px] before:left-0 before:rounded-full\">Breite: 313mm<\/span><span class=\"ml-3xs pl-[15px] relative before:absolute before:w-[8px] before:h-[8px] before:bg-dark before:top-[8px] before:left-0 before:rounded-full\">H\u00f6he: 225mm<\/span><span class=\"ml-3xs pl-[15px] relative before:absolute before:w-[8px] before:h-[8px] before:bg-dark before:top-[8px] before:left-0 before:rounded-full\">Tiefe: 110mm<\/span><span class=\"ml-3xs pl-[15px] relative before:absolute before:w-[8px] before:h-[8px] before:bg-dark before:top-[8px] before:left-0 before:rounded-full\">Gewicht: 2790 g<\/span><span class=\"ml-3xs pl-[15px] relative before:absolute before:w-[8px] before:h-[8px] before:bg-dark before:top-[8px] before:left-0 before:rounded-full\">Stromverbrauch Standard: 300W<\/span><span class=\"ml-3xs pl-[15px] relative before:absolute before:w-[8px] before:h-[8px] before:bg-dark before:top-[8px] before:left-0 before:rounded-full\">Stromverbrauch Eco: k.A.<\/span><span class=\"ml-3xs pl-[15px] relative before:absolute before:w-[8px] before:h-[8px] before:bg-dark before:top-[8px] before:left-0 before:rounded-full\">Garantie: 24 Monate<\/span><\/div>\n<\/div>\n<\/li>\n<li class=\"mb-m\">\n<div class=\"flex flex-col m:flex-row gap-s m:gap-xl\">\n<div class=\"text-h3 min-w-[244px] max-w-[244px]\">Lieferumfang<\/div>\n<div class=\"flex flex-col gap-s\"><span class=\"ml-3xs pl-[15px] relative before:absolute before:w-[8px] before:h-[8px] before:bg-dark before:top-[8px] before:left-0 before:rounded-full\">Handbuch<\/span><span class=\"ml-3xs pl-[15px] relative before:absolute before:w-[8px] before:h-[8px] before:bg-dark before:top-[8px] before:left-0 before:rounded-full\">Stromkabel<\/span><span class=\"ml-3xs pl-[15px] relative before:absolute before:w-[8px] before:h-[8px] before:bg-dark before:top-[8px] before:left-0 before:rounded-full\">Fernbedienung<\/span><span class=\"ml-3xs pl-[15px] relative before:absolute before:w-[8px] before:h-[8px] before:bg-dark before:top-[8px] before:left-0 before:rounded-full\">Signalkabel<\/span><\/div>\n<\/div>\n<\/li>\n","protected":false},"excerpt":{"rendered":"<li class=\"bullet-list-item\">DLP Projektor<\/li>\n<li class=\"bullet-list-item\">Aufl\u00f6sung: 1.920&#215;1.080 Full HD, 3500 ANSI Lumen, Kontrast: 10.000:1<\/li>\n<li class=\"bullet-list-item\">HDMI, USB, VGA, Audio Out<\/li>\n<li class=\"bullet-list-item\">Lautsprecher<\/li>\n<li class=\"bullet-list-item\">24 Monate Herstellergarantie<\/li>\n<p> Herstellernummer 9H.JL877.14E<\/p>","protected":false},"featured_media":44416,"comment_status":"open","ping_status":"closed","template":"","meta":{"_monsterinsights_skip_tracking":false,"_monsterinsights_sitenote_active":false,"_monsterinsights_sitenote_note":"","_monsterinsights_sitenote_category":0,"_uf_show_specific_survey":0,"_uf_disable_surveys":false},"product_brand":[],"product_cat":[460],"product_tag":[],"models":[],"years":[],"class_list":{"0":"post-24969","1":"product","2":"type-product","3":"status-publish","4":"has-post-thumbnail","6":"product_cat-beamer","8":"first","9":"instock","10":"sale","11":"featured","12":"shipping-taxable","13":"purchasable","14":"product-type-simple"},"aioseo_notices":[],"acf":[],"_links":{"self":[{"href":"https:\/\/amannforg.com\/de\/wp-json\/wp\/v2\/product\/24969","targetHints":{"allow":["GET"]}}],"collection":[{"href":"https:\/\/amannforg.com\/de\/wp-json\/wp\/v2\/product"}],"about":[{"href":"https:\/\/amannforg.com\/de\/wp-json\/wp\/v2\/types\/product"}],"replies":[{"embeddable":true,"href":"https:\/\/amannforg.com\/de\/wp-json\/wp\/v2\/comments?post=24969"}],"version-history":[{"count":1,"href":"https:\/\/amannforg.com\/de\/wp-json\/wp\/v2\/product\/24969\/revisions"}],"predecessor-version":[{"id":57585,"href":"https:\/\/amannforg.com\/de\/wp-json\/wp\/v2\/product\/24969\/revisions\/57585"}],"wp:featuredmedia":[{"embeddable":true,"href":"https:\/\/amannforg.com\/de\/wp-json\/wp\/v2\/media\/44416"}],"wp:attachment":[{"href":"https:\/\/amannforg.com\/de\/wp-json\/wp\/v2\/media?parent=24969"}],"wp:term":[{"taxonomy":"product_brand","embeddable":true,"href":"https:\/\/amannforg.com\/de\/wp-json\/wp\/v2\/product_brand?post=24969"},{"taxonomy":"product_cat","embeddable":true,"href":"https:\/\/amannforg.com\/de\/wp-json\/wp\/v2\/product_cat?post=24969"},{"taxonomy":"product_tag","embeddable":true,"href":"https:\/\/amannforg.com\/de\/wp-json\/wp\/v2\/product_tag?post=24969"},{"taxonomy":"models","embeddable":true,"href":"https:\/\/amannforg.com\/de\/wp-json\/wp\/v2\/models?post=24969"},{"taxonomy":"years","embeddable":true,"href":"https:\/\/amannforg.com\/de\/wp-json\/wp\/v2\/years?post=24969"}],"curies":[{"name":"wp","href":"https:\/\/api.w.org\/{rel}","templated":true}]}}