{"id":24981,"date":"2026-02-28T16:22:16","date_gmt":"2026-02-28T16:22:16","guid":{"rendered":"https:\/\/amannforg.com\/?post_type=product&#038;p=24981"},"modified":"2026-03-13T11:31:18","modified_gmt":"2026-03-13T11:31:18","slug":"optoma-4k400stx-dlp-4k-uhd-projektor-4000-lumen-hdmi-usb-weis","status":"publish","type":"product","link":"https:\/\/amannforg.com\/de\/produkt\/optoma-4k400stx-dlp-4k-uhd-projektor-4000-lumen-hdmi-usb-weis\/","title":{"rendered":"Optoma 4K400STx DLP 4K UHD Projektor 4000 Lumen HDMI\/USB Wei\u00df"},"content":{"rendered":"<div class=\"titlepage\">\n<h2 class=\"text-h3 mb-l\">Optoma 4K400STx<\/h2>\n<\/div>\n<div class=\"titlepage\">\n<h2 class=\"text-h3 mb-l\">Heller True 4K UHD Short-Throw-Projektor f\u00fcr Klassenzimmer und Konferenzr\u00e4ume<\/h2>\n<\/div>\n<p class=\"mb-l\">Entdecken Sie die Kurzdistanz-Version des 4K400x, wenn Sie ein gro\u00dfes Bild in einem kleineren Raum ben\u00f6tigen.<\/p>\n<p class=\"mb-l\">Machen Sie Ihr Klassenzimmer oder Ihren Besprechungsraum zukunftssicher mit diesem lichtstarken True 4K UHD Kurzdistanz-Projektor. Der 4K400STx liefert satte Bilder in jeder Umgebung, selbst wenn eine vollst\u00e4ndige Kontrolle des Umgebungslichts nicht m\u00f6glich ist.<\/p>\n<p class=\"mb-l\">Dieser Projektor verf\u00fcgt \u00fcber zwei HDMI-Anschl\u00fcsse, Audioanschl\u00fcsse, USB f\u00fcr die Stromversorgung von 5-V-Ger\u00e4ten, einen 12-V-Trigger und eine RS232-Schnittstelle zur Integration in Ihre vorhandene Steuerungsl\u00f6sung.<\/p>\n<p class=\"mb-l\">\n<div class=\"article\">\n<div class=\"formalpara\">\n<div class=\"titlepage\">\n<h2 class=\"text-h3 mb-l\">Features<\/h2>\n<\/div>\n<\/div>\n<\/div>\n<p class=\"mb-l\">Echte 4K UHD Aufl\u00f6sung<\/p>\n<p class=\"mb-l\">HDR und HLG kompatibel<\/p>\n<p class=\"mb-l\">Kurzdistanz-Projektion<\/p>\n<p class=\"mb-l\">100-Zoll- gro\u00dfes Bild aus etwas mehr als einem Meter Entfernung<\/p>\n<p class=\"mb-l\">Helle Bilder auch bei Tageslicht<\/p>\n<p class=\"mb-l\">4000 Lumen f\u00fcr helle Bilder in jedem Umfeld<\/p>\n<p class=\"mb-l\">Umfangreiche Anschlussm\u00f6glichkeiten<\/p>\n<p class=\"mb-l\">Zwei HDMI-Anschl\u00fcsse, Audioanschl\u00fcsse, USB-Stromversorgung, 12V-Trigger und RS232<\/p>\n<p class=\"mb-l\">\n<div class=\"titlepage\">\n<h2 class=\"text-h3 mb-l\">Kurzdistanzprojektion<\/h2>\n<\/div>\n<p class=\"mb-l\">Dieser Projektor kann aus einer kurzen Entfernung gro\u00dfe Bilder projizieren, das heisst, Sie k\u00f6nnen aus knapp einem Meter Entfernung ein bis zu 100 Zoll gro\u00dfes Bild erzielen.<\/p>\n<p class=\"mb-l\">\n<div class=\"titlepage\">\n<h2 class=\"text-h3 mb-l\">True 4K UHD Aufl\u00f6sung<\/h2>\n<\/div>\n<p class=\"mb-l\">Die Ultra HD 4K-Aufl\u00f6sung liefert sch\u00e4rfere, naturgetreue Bilder und sattere Farben &#8211; so k\u00f6nnen Sie n\u00e4her an der Leinwand sitzen und ein noch intensiveres Erlebnis genie\u00dfen.<\/p>\n<p class=\"mb-l\">\n<div class=\"titlepage\">\n<h2 class=\"text-h3 mb-l\">HDR and HLG kompatibel<\/h2>\n<\/div>\n<p class=\"mb-l\">Unterst\u00fctz sowohl HDR10 als auch Hybrid Log Gamma (HLG) HDR-Inhalte. Mit diesem Optoma Projektor k\u00f6nnen Sie viel mehr Details und Texturen sehen. Objekte sehen solider und lebensechter aus und die zus\u00e4tzlichen Details schaffen ein gr\u00f6\u00dferes Gef\u00fchl von Tiefe.<\/p>\n<p class=\"mb-l\">\n<div class=\"titlepage\">\n<h2 class=\"text-h3 mb-l\">Licht an Film ab!<\/h2>\n<\/div>\n<p class=\"mb-l\">Dieser vielseitige Projektor kombiniert hohe Helligkeit und lebendige Farben f\u00fcr naturgetreue Bilder in jeder Umgebung*. Hinterlassen Sie einen bleibenden Eindruck mit gr\u00f6\u00dferen und kr\u00e4ftigeren Pr\u00e4sentationen zu jeder Tageszeit.<\/p>\n<p class=\"mb-l\">\n<div class=\"titlepage\">\n<h2 class=\"text-h3 mb-l\">Bildmodus f\u00fcr Golfsimulation<\/h2>\n<\/div>\n<p class=\"mb-l\">Der Bildmodus f\u00fcr Golfsimulationen liefert naturgetreue Gr\u00fcn- und Blaut\u00f6ne und beeindruckende Details, selbst bei heller Beleuchtung. Sorgf\u00e4ltig entwickelt, um eine optimale Farbabstufung f\u00fcr Golfsimulations-Setups zu bieten.<\/p>\n<p class=\"mb-l\">\n<div class=\"titlepage\">\n<h2 class=\"text-h3 mb-l\">Duale HDMI Eing\u00e4nge<\/h2>\n<\/div>\n<p class=\"mb-l\">Spielen Sie Spiele, streamen Sie Videos und teilen Sie Fotos auf dem gro\u00dfen Screen bequem zu Hause. Dank der dualen HDMI Eing\u00e4nge k\u00f6nnen Sie Ihre Spielekonsole, Set-Top-Box, Laptop, PC, Blu-ray-Player oder Media Streamer mit einem einzigen Kabel einfach anschlie\u00dfen. Durch den Anschluss eines HDMI-Dongles wie Google Chromecast\u2122, Amazon Fire TV, Apple TV\u2122 oder Roku\u00ae-Stick k\u00f6nnen Sie das Ger\u00e4t sogar in einen smarten Projektor verwandeln.<\/p>\n<p class=\"mb-l\">\n<div class=\"titlepage\">\n<h2 class=\"text-h3 mb-l\">Amazing Colour<\/h2>\n<\/div>\n<p class=\"mb-l\">Optoma Projektoren liefern zuverl\u00e4ssige Farbperformance f\u00fcr jeden Content und jede Umgebung. Von akkuraten sRGB Farben bis hin zu gestochen scharfen Pr\u00e4sentationen &#8211; wir haben den Displaymodus, der zu Ihren Anspr\u00fcchen passt.<\/p>\n<p class=\"mb-l\">\n<div class=\"titlepage\">\n<h2 class=\"text-h3 mb-l\">Colour Management System (CMS)<\/h2>\n<\/div>\n<p class=\"mb-l\">Zeigen Sie mit diesem Feature lebensechte Farben. Es bietet die M\u00f6glichkeit die Farben f\u00fcr optimale Pr\u00e4zision genau einzustellen.<\/p>\n<p class=\"mb-l\">\n<div class=\"titlepage\">\n<h2 class=\"text-h3 mb-l\">ISF Modi<\/h2>\n<\/div>\n<p class=\"mb-l\">Dieses Feature erlaubt das Speichern der von einem ISF-Techniker kalibrierten Tag und Nacht Modi.<\/p>\n<p class=\"mb-l\">\n<div class=\"titlepage\">\n<h2 class=\"text-h3 mb-l\">Eingebauter Lautsprecher<\/h2>\n<\/div>\n<p class=\"mb-l\">Vervollst\u00e4ndigen Sie Ihr Heimkinoerlebnis mit dem praktischen eingebauten Lautsprecher. Er liefert einen super Sound und Sie sparen sich Zeit und Aufwand f\u00fcr zus\u00e4tzliche Boxen.<\/p>\n<p class=\"mb-l\">\n<div class=\"titlepage\">\n<h2 class=\"text-h3 mb-l\">USB Power<\/h2>\n<\/div>\n<p class=\"mb-l\">Nutzen Sie USB-Power zur Stromversogung eines HDMI Dongles, wie zum Beispiel Google Chromecast.<\/p>\n<p class=\"mb-l\">\n<div class=\"titlepage\">\n<h2 class=\"text-h3 mb-l\">Horizontale Keystone Korrektur und Four Corner Adjustment<\/h2>\n<\/div>\n<p class=\"mb-l\">Egal ob horizontale, vertikale Trapezkorrektor oder Four Corner Adjustment f\u00fcr gleichm\u00e4\u00dfige Bilder &#8211; dieser Projektor kann beides. Er eignet sich also auch f\u00fcr au\u00dfergew\u00f6hnliche Platzierungen mit unebenen W\u00e4nden oder \u00e4hnlichem.<\/p>\n<p class=\"mb-l\">\n<div class=\"titlepage\">\n<h2 class=\"text-h3 mb-l\">Beleuchtete Fernbedienung<\/h2>\n<\/div>\n<p class=\"mb-l\">Unsere hintergrundbeleuchteten Fernbedienungen sind mit dezenten wei\u00dfen LEDs ausgestattet, damit die Tasten auch im Dunkeln gut sichtbar und bedienbar sind.<\/p>\n<p class=\"mb-l\">\n<div class=\"titlepage\">\n<h2 class=\"text-h3 mb-l\">Lieferumfang<\/h2>\n<\/div>\n<p class=\"mb-l\">Beamer<\/p>\n<p class=\"mb-l\">AC-Netzkabel<\/p>\n<p class=\"mb-l\">Fernbedienung inkl. 2x AAA-Batterien<\/p>\n<p class=\"mb-l\">Schnellstart-Benutzerhandbuch<\/p>\n<li class=\"mb-m\">\n<div class=\"flex flex-col m:flex-row gap-s m:gap-xl\">\n<div class=\"text-h3 min-w-[244px] max-w-[244px]\">Audio<\/div>\n<div class=\"flex flex-col gap-s\"><span class=\"\"><\/p>\n<ul class=\"flex flex-col gap-s\">\n<li class=\"ml-3xs pl-[15px] relative before:absolute before:w-[8px] before:h-[8px] before:bg-dark before:top-[8px] before:left-0 before:rounded-full\">Lautsprecherleistung: 10 W<\/li>\n<li class=\"ml-3xs pl-[15px] relative before:absolute before:w-[8px] before:h-[8px] before:bg-dark before:top-[8px] before:left-0 before:rounded-full\">Anzahl Lautsprecher: 1 St<\/li>\n<li class=\"ml-3xs pl-[15px] relative before:absolute before:w-[8px] before:h-[8px] before:bg-dark before:top-[8px] before:left-0 before:rounded-full\">Video-Standards: 4K\/UHD Upscaling<\/li>\n<\/ul>\n<p><\/span><\/div>\n<\/div>\n<\/li>\n<li class=\"mb-m\">\n<div class=\"flex flex-col m:flex-row gap-s m:gap-xl\">\n<div class=\"text-h3 min-w-[244px] max-w-[244px]\">Beamer<\/div>\n<div class=\"flex flex-col gap-s\"><span class=\"\"><\/p>\n<ul class=\"flex flex-col gap-s\">\n<li class=\"ml-3xs pl-[15px] relative before:absolute before:w-[8px] before:h-[8px] before:bg-dark before:top-[8px] before:left-0 before:rounded-full\">Projektionstechnik: DLP<\/li>\n<li class=\"ml-3xs pl-[15px] relative before:absolute before:w-[8px] before:h-[8px] before:bg-dark before:top-[8px] before:left-0 before:rounded-full\">Projektionsabstand min.: 40 cm<\/li>\n<li class=\"ml-3xs pl-[15px] relative before:absolute before:w-[8px] before:h-[8px] before:bg-dark before:top-[8px] before:left-0 before:rounded-full\">Projektionsabstand max.: 330 cm<\/li>\n<li class=\"ml-3xs pl-[15px] relative before:absolute before:w-[8px] before:h-[8px] before:bg-dark before:top-[8px] before:left-0 before:rounded-full\">Projektionsadiagonale min.: 93 cm<\/li>\n<li class=\"ml-3xs pl-[15px] relative before:absolute before:w-[8px] before:h-[8px] before:bg-dark before:top-[8px] before:left-0 before:rounded-full\">Projektionsadiagonale max.: 763 cm<\/li>\n<li class=\"ml-3xs pl-[15px] relative before:absolute before:w-[8px] before:h-[8px] before:bg-dark before:top-[8px] before:left-0 before:rounded-full\">Lichtquelle: Lampe<\/li>\n<li class=\"ml-3xs pl-[15px] relative before:absolute before:w-[8px] before:h-[8px] before:bg-dark before:top-[8px] before:left-0 before:rounded-full\">Helligkeit in ANSI Lumen (Standard): 4000 lm<\/li>\n<\/ul>\n<p><\/span><\/div>\n<\/div>\n<\/li>\n<li class=\"mb-m\">\n<div class=\"flex flex-col m:flex-row gap-s m:gap-xl\">\n<div class=\"text-h3 min-w-[244px] max-w-[244px]\">Display<\/div>\n<div class=\"flex flex-col gap-s\"><span class=\"\"><\/p>\n<ul class=\"flex flex-col gap-s\">\n<li class=\"ml-3xs pl-[15px] relative before:absolute before:w-[8px] before:h-[8px] before:bg-dark before:top-[8px] before:left-0 before:rounded-full\">Aufl\u00f6sung: 3840 x 2160<\/li>\n<li class=\"ml-3xs pl-[15px] relative before:absolute before:w-[8px] before:h-[8px] before:bg-dark before:top-[8px] before:left-0 before:rounded-full\">HD Status: 4K (UHD)<\/li>\n<li class=\"ml-3xs pl-[15px] relative before:absolute before:w-[8px] before:h-[8px] before:bg-dark before:top-[8px] before:left-0 before:rounded-full\">Bildformat: 16:9<\/li>\n<li class=\"ml-3xs pl-[15px] relative before:absolute before:w-[8px] before:h-[8px] before:bg-dark before:top-[8px] before:left-0 before:rounded-full\">Displayeigenschaften: 3D<\/li>\n<\/ul>\n<p><\/span><\/div>\n<\/div>\n<\/li>\n<li class=\"mb-m\">\n<div class=\"flex flex-col m:flex-row gap-s m:gap-xl\">\n<div class=\"text-h3 min-w-[244px] max-w-[244px]\">Lieferumfang<\/div>\n<div class=\"flex flex-col gap-s\"><span class=\"\"><\/p>\n<ul class=\"flex flex-col gap-s\">\n<li class=\"ml-3xs pl-[15px] relative before:absolute before:w-[8px] before:h-[8px] before:bg-dark before:top-[8px] before:left-0 before:rounded-full\">Fernbedienung<\/li>\n<li class=\"ml-3xs pl-[15px] relative before:absolute before:w-[8px] before:h-[8px] before:bg-dark before:top-[8px] before:left-0 before:rounded-full\">Stromkabel<\/li>\n<li class=\"ml-3xs pl-[15px] relative before:absolute before:w-[8px] before:h-[8px] before:bg-dark before:top-[8px] before:left-0 before:rounded-full\">Handbuch<\/li>\n<\/ul>\n<p><\/span><\/div>\n<\/div>\n<\/li>\n<li class=\"mb-m\">\n<div class=\"flex flex-col m:flex-row gap-s m:gap-xl\">\n<div class=\"text-h3 min-w-[244px] max-w-[244px]\">Einsatzbereich<\/div>\n<div class=\"flex flex-col gap-s\"><span class=\"\"><\/p>\n<ul class=\"flex flex-col gap-s\">\n<li class=\"ml-3xs pl-[15px] relative before:absolute before:w-[8px] before:h-[8px] before:bg-dark before:top-[8px] before:left-0 before:rounded-full\">Office<\/li>\n<\/ul>\n<p><\/span><\/div>\n<\/div>\n<\/li>\n<li class=\"mb-m\">\n<div class=\"flex flex-col m:flex-row gap-s m:gap-xl\">\n<div class=\"text-h3 min-w-[244px] max-w-[244px]\">Standardverbrauch<\/div>\n<div class=\"flex flex-col gap-s\"><span class=\"\"><\/p>\n<ul class=\"flex flex-col gap-s\">\n<li class=\"ml-3xs pl-[15px] relative before:absolute before:w-[8px] before:h-[8px] before:bg-dark before:top-[8px] before:left-0 before:rounded-full\">320 W<\/li>\n<\/ul>\n<p><\/span><\/div>\n<\/div>\n<\/li>\n<li class=\"mb-m\">\n<div class=\"flex flex-col m:flex-row gap-s m:gap-xl\">\n<div class=\"text-h3 min-w-[244px] max-w-[244px]\">Farbe<\/div>\n<div class=\"flex flex-col gap-s\"><span class=\"\"><\/p>\n<ul class=\"flex flex-col gap-s\">\n<li class=\"ml-3xs pl-[15px] relative before:absolute before:w-[8px] before:h-[8px] before:bg-dark before:top-[8px] before:left-0 before:rounded-full\">Wei\u00df<\/li>\n<\/ul>\n<p><\/span><\/div>\n<\/div>\n<\/li>\n<li class=\"mb-m\">\n<div class=\"flex flex-col m:flex-row gap-s m:gap-xl\">\n<div class=\"text-h3 min-w-[244px] max-w-[244px]\">externe Anschl\u00fcsse<\/div>\n<div class=\"flex flex-col gap-s\"><span class=\"\"><\/p>\n<ul class=\"flex flex-col gap-s\">\n<li class=\"ml-3xs pl-[15px] relative before:absolute before:w-[8px] before:h-[8px] before:bg-dark before:top-[8px] before:left-0 before:rounded-full\">Anzahl HDMI: 2 St<\/li>\n<li class=\"ml-3xs pl-[15px] relative before:absolute before:w-[8px] before:h-[8px] before:bg-dark before:top-[8px] before:left-0 before:rounded-full\">Anzahl USB 2.0: 1 St<\/li>\n<li class=\"ml-3xs pl-[15px] relative before:absolute before:w-[8px] before:h-[8px] before:bg-dark before:top-[8px] before:left-0 before:rounded-full\">Audio-Ausg\u00e4nge: Audio Out<\/li>\n<li class=\"ml-3xs pl-[15px] relative before:absolute before:w-[8px] before:h-[8px] before:bg-dark before:top-[8px] before:left-0 before:rounded-full\">ext. Anschl\u00fcsse: <\/li>\n<div class=\"itemizedlist\">\n<ul class=\"flex flex-col gap-s\">\n<li class=\"ml-3xs pl-[15px] relative before:absolute before:w-[8px] before:h-[8px] before:bg-dark before:top-[8px] before:left-0 before:rounded-full\">RS232 (seriell)<\/li>\n<li class=\"ml-3xs pl-[15px] relative before:absolute before:w-[8px] before:h-[8px] before:bg-dark before:top-[8px] before:left-0 before:rounded-full\">HDMI<\/li>\n<li class=\"ml-3xs pl-[15px] relative before:absolute before:w-[8px] before:h-[8px] before:bg-dark before:top-[8px] before:left-0 before:rounded-full\">USB<\/li>\n<\/ul>\n<\/div>\n<\/ul>\n<p><\/span><\/div>\n<\/div>\n<\/li>\n<li class=\"mb-m\">\n<div class=\"flex flex-col m:flex-row gap-s m:gap-xl\">\n<div class=\"text-h3 min-w-[244px] max-w-[244px]\">Abmessungen \/ Gewicht<\/div>\n<div class=\"flex flex-col gap-s\"><span class=\"\"><\/p>\n<ul class=\"flex flex-col gap-s\">\n<li class=\"ml-3xs pl-[15px] relative before:absolute before:w-[8px] before:h-[8px] before:bg-dark before:top-[8px] before:left-0 before:rounded-full\">Breite: 315 mm<\/li>\n<li class=\"ml-3xs pl-[15px] relative before:absolute before:w-[8px] before:h-[8px] before:bg-dark before:top-[8px] before:left-0 before:rounded-full\">H\u00f6he: 118 mm<\/li>\n<li class=\"ml-3xs pl-[15px] relative before:absolute before:w-[8px] before:h-[8px] before:bg-dark before:top-[8px] before:left-0 before:rounded-full\">Tiefe: 270 mm<\/li>\n<li class=\"ml-3xs pl-[15px] relative before:absolute before:w-[8px] before:h-[8px] before:bg-dark before:top-[8px] before:left-0 before:rounded-full\">Gewicht: 3.98 kg<\/li>\n<\/ul>\n<p><\/span><\/div>\n<\/div>\n<\/li>\n<li class=\"mb-m\">\n<div class=\"flex flex-col m:flex-row gap-s m:gap-xl\">\n<div class=\"text-h3 min-w-[244px] max-w-[244px]\">Technische Eigenschaften<\/div>\n<div class=\"flex flex-col gap-s\"><span class=\"\"><\/p>\n<ul class=\"flex flex-col gap-s\">\n<li class=\"ml-3xs pl-[15px] relative before:absolute before:w-[8px] before:h-[8px] before:bg-dark before:top-[8px] before:left-0 before:rounded-full\">Ger\u00e4uschentwicklung: 28 dB<\/li>\n<li class=\"ml-3xs pl-[15px] relative before:absolute before:w-[8px] before:h-[8px] before:bg-dark before:top-[8px] before:left-0 before:rounded-full\">Lampenlebensdauer: 15000 h<\/li>\n<\/ul>\n<p><\/span><\/div>\n<\/div>\n<\/li>\n","protected":false},"excerpt":{"rendered":"<li class=\"bullet-list-item\">DLP Lampe Beamer<\/li>\n<li class=\"bullet-list-item\">Aufl\u00f6sung: 3840 x 2160, 16:9 Format, Bildgr\u00f6\u00dfe bis 763 cm<\/li>\n<li class=\"bullet-list-item\">Standardmodus: 4000 ANSI Lumen, 15000 Lampenlebensdauer, Lautst\u00e4rke ca.28 dB<\/li>\n<li class=\"bullet-list-item\">2x HDMI, 1x USB2.0<\/li>\n<li class=\"bullet-list-item\">Ma\u00dfe: 315 mm B x118 mm H x270 mm T, 3.98 kg<\/li>\n<p> Herstellernummer E9PV7KJ01EZ2<\/p>","protected":false},"featured_media":44422,"comment_status":"open","ping_status":"closed","template":"","meta":{"_monsterinsights_skip_tracking":false,"_monsterinsights_sitenote_active":false,"_monsterinsights_sitenote_note":"","_monsterinsights_sitenote_category":0,"_uf_show_specific_survey":0,"_uf_disable_surveys":false},"product_brand":[],"product_cat":[460],"product_tag":[],"models":[],"years":[],"class_list":{"0":"post-24981","1":"product","2":"type-product","3":"status-publish","4":"has-post-thumbnail","6":"product_cat-beamer","8":"first","9":"instock","10":"sale","11":"featured","12":"shipping-taxable","13":"purchasable","14":"product-type-simple"},"aioseo_notices":[],"acf":[],"_links":{"self":[{"href":"https:\/\/amannforg.com\/de\/wp-json\/wp\/v2\/product\/24981","targetHints":{"allow":["GET"]}}],"collection":[{"href":"https:\/\/amannforg.com\/de\/wp-json\/wp\/v2\/product"}],"about":[{"href":"https:\/\/amannforg.com\/de\/wp-json\/wp\/v2\/types\/product"}],"replies":[{"embeddable":true,"href":"https:\/\/amannforg.com\/de\/wp-json\/wp\/v2\/comments?post=24981"}],"version-history":[{"count":1,"href":"https:\/\/amannforg.com\/de\/wp-json\/wp\/v2\/product\/24981\/revisions"}],"predecessor-version":[{"id":57586,"href":"https:\/\/amannforg.com\/de\/wp-json\/wp\/v2\/product\/24981\/revisions\/57586"}],"wp:featuredmedia":[{"embeddable":true,"href":"https:\/\/amannforg.com\/de\/wp-json\/wp\/v2\/media\/44422"}],"wp:attachment":[{"href":"https:\/\/amannforg.com\/de\/wp-json\/wp\/v2\/media?parent=24981"}],"wp:term":[{"taxonomy":"product_brand","embeddable":true,"href":"https:\/\/amannforg.com\/de\/wp-json\/wp\/v2\/product_brand?post=24981"},{"taxonomy":"product_cat","embeddable":true,"href":"https:\/\/amannforg.com\/de\/wp-json\/wp\/v2\/product_cat?post=24981"},{"taxonomy":"product_tag","embeddable":true,"href":"https:\/\/amannforg.com\/de\/wp-json\/wp\/v2\/product_tag?post=24981"},{"taxonomy":"models","embeddable":true,"href":"https:\/\/amannforg.com\/de\/wp-json\/wp\/v2\/models?post=24981"},{"taxonomy":"years","embeddable":true,"href":"https:\/\/amannforg.com\/de\/wp-json\/wp\/v2\/years?post=24981"}],"curies":[{"name":"wp","href":"https:\/\/api.w.org\/{rel}","templated":true}]}}