{"id":25085,"date":"2026-02-28T16:22:58","date_gmt":"2026-02-28T16:22:58","guid":{"rendered":"https:\/\/amannforg.com\/?post_type=product&#038;p=25085"},"modified":"2026-03-13T11:31:10","modified_gmt":"2026-03-13T11:31:10","slug":"ergotron-trace-monitorhalterung-mit-patentierter-cf-technologie-weis-bis-98kg","status":"publish","type":"product","link":"https:\/\/amannforg.com\/de\/produkt\/ergotron-trace-monitorhalterung-mit-patentierter-cf-technologie-weis-bis-98kg\/","title":{"rendered":"Ergotron TRACE\u2122 Monitorhalterung mit patentierter CF-Technologie wei\u00df bis 9,8Kg"},"content":{"rendered":"<div class=\"article\">\n<div class=\"titlepage\">\n<h2 class=\"text-h3 mb-l\">TRACE\u2122 Monitorhalterung mit patentierter CF-Technologie wei\u00df bis 9.8Kg<\/h2>\n<\/div>\n<div class=\"formalpara\">\n<div class=\"titlepage\">\n<h2 class=\"text-h3 mb-l\">Monitorhalterung f\u00fcr 2 Monitore<\/h2>\n<\/div><\/div>\n<p class=\"mb-l\">Der Ergotron TRACE Schreibtisch Doppel Monitorhalter tr\u00e4gt Bildschirme mit jeweils bis zu 27 Zoll Gr\u00f6\u00dfe und 9,8 kg (max. 4,9 kg pro Bildschirm) Gesamtgewicht. Auf Wunsch l\u00e4sst sich die modulare 2-fach Monitorhalterung mithilfe eines Umbau-Kits (47-110-224) zu einem Einzel Monitorhalter umbauen. Zudem erm\u00f6glicht der gro\u00dfe Schwenkbereich Nutzer:innen aus den Bereichen wie beispielsweise Architektur, Grafik oder Ingenieurswesen eine sehr flexible Arbeitsweise f\u00fcr Pr\u00e4sentationen und Kollaborationen am Arbeitsplatz.<\/p>\n<p class=\"mb-l\">Mit der Bewegung auf der SPUR bleiben &#8211; Die Ergotron TRACE Tischhalterung f\u00fcr 2 Monitore in Wei\u00df sticht sowohl durch das neuartige Design als auch ihre agile Anpassung an ergonomische, flexible Arbeitspl\u00e4tze \/ Schreibtische sofort ins Auge. Die Doppel Monitor Tischhalterung ist um \u219130\u00b0 \/ \u21935\u00b0 neigbar sowie um 360 Grad drehbar, so k\u00f6nnen die Bildschirme m\u00fchelos vom Querformat ins Hochformat und umgekehrt wechseln. Eine Tischklemme sorgt f\u00fcr die stabile Befestigung am Schreibtisch bzw. an der Arbeitsplatte mit einer max. Tischst\u00e4rke von 65 mm. Alternativ ist als Zubeh\u00f6r eine flache Tischklemme sowie ein Montage-Kit f\u00fcr eine Bohrschraubbefestigung verf\u00fcgbar. Durch die Constant Force Technologie sind die horizontale und vertikale Bewegungen des Tischhalters f\u00fcr 2 Monitore geradlienig, vor allem bei geringem Kraftaufwand und gleichm\u00e4\u00dfiger Kraftverteilung.<\/p>\n<div class=\"formalpara\">\n<div class=\"titlepage\">\n<h2 class=\"text-h3 mb-l\">Technische Details Ergotron TRACE Tisch Monitorhalterung (45-631-216)<\/h2>\n<\/div><\/div>\n<div class=\"itemizedlist\">\n<ul class=\"bullet-list\">\n<li class=\"bullet-list-item\">\n<p class=\"mb-l\">Farbe: wei\u00df<\/p>\n<\/li>\n<li class=\"bullet-list-item\">\n<p class=\"mb-l\">Anzahl Monitore: 2<\/p>\n<\/li>\n<li class=\"bullet-list-item\">\n<p class=\"mb-l\">Bildschirmgr\u00f6\u00dfen: max. 27 Zoll pro Monitor<\/p>\n<\/li>\n<li class=\"bullet-list-item\">\n<p class=\"mb-l\">Tragkraft: 3,7 \u2013 9,8 kg<\/p>\n<\/li>\n<li class=\"bullet-list-item\">\n<p class=\"mb-l\">VESA Standard: 75&#215;75, 100&#215;100 mm<\/p>\n<\/li>\n<li class=\"bullet-list-item\">\n<p class=\"mb-l\">H\u00f6henverstellbar: 280 mm<\/p>\n<\/li>\n<li class=\"bullet-list-item\">\n<p class=\"mb-l\">Tiefenverstellbar: 381 mm<\/p>\n<\/li>\n<li class=\"bullet-list-item\">\n<p class=\"mb-l\">Neigbar: 30\u00b0 \/ 5\u00b0<\/p>\n<\/li>\n<li class=\"bullet-list-item\">\n<p class=\"mb-l\">Schwenkbar: 240 Grad<\/p>\n<\/li>\n<li class=\"bullet-list-item\">\n<p class=\"mb-l\">Drehbar: 360\u00b0 (Pivot)<\/p>\n<\/li>\n<li class=\"bullet-list-item\">\n<p class=\"mb-l\">Befestigungsart: Tischklemme<\/p>\n<\/li>\n<li class=\"bullet-list-item\">\n<p class=\"mb-l\">Max. Tischst\u00e4rke: 65 mm<\/p>\n<\/li>\n<li class=\"bullet-list-item\">\n<p class=\"mb-l\">Integriertes Kabelmanagement<\/p>\n<\/li>\n<\/ul>\n<\/div><\/div>\n<li class=\"mb-m\">\n<div class=\"flex flex-col m:flex-row gap-s m:gap-xl\">\n<div class=\"text-h3 min-w-[244px] max-w-[244px]\">Befestigungsarten<\/div>\n<div class=\"flex flex-col gap-s\"><span class=\"\"><\/p>\n<ul class=\"flex flex-col gap-s\">\n<li class=\"ml-3xs pl-[15px] relative before:absolute before:w-[8px] before:h-[8px] before:bg-dark before:top-[8px] before:left-0 before:rounded-full\">Wandhalterung<\/li>\n<\/ul>\n<p><\/span><\/div>\n<\/div>\n<\/li>\n<li class=\"mb-m\">\n<div class=\"flex flex-col m:flex-row gap-s m:gap-xl\">\n<div class=\"text-h3 min-w-[244px] max-w-[244px]\">Zubeh\u00f6rkompabilit\u00e4t<\/div>\n<div class=\"flex flex-col gap-s\"><span class=\"\"><\/p>\n<ul class=\"flex flex-col gap-s\">\n<li class=\"ml-3xs pl-[15px] relative before:absolute before:w-[8px] before:h-[8px] before:bg-dark before:top-[8px] before:left-0 before:rounded-full\">Pr\u00fcfen Sie vor dem kauf die Kompatibilit\u00e4t anhand des Handbuches \/ Zubeh\u00f6rliste Ihres Hauptproduktes.<\/li>\n<\/ul>\n<p><\/span><\/div>\n<\/div>\n<\/li>\n","protected":false},"excerpt":{"rendered":"<li class=\"bullet-list-item\">Original Ergotron Zubeh\u00f6rartikel<\/li>\n<li class=\"bullet-list-item\">Herstellerteilenummer \/ SKU: 45-631-216<\/li>\n<li class=\"bullet-list-item\">EAN: 0698833083712<\/li>\n<li class=\"bullet-list-item\">Pr\u00fcfen Sie vor dem kauf die Kompatibilit\u00e4t anhand des Handbuches \/ Zubeh\u00f6rliste Ihres Hauptproduktes.<\/li>\n<p> Herstellernummer 45-631-216<\/p>","protected":false},"featured_media":44476,"comment_status":"open","ping_status":"closed","template":"","meta":{"_monsterinsights_skip_tracking":false,"_monsterinsights_sitenote_active":false,"_monsterinsights_sitenote_note":"","_monsterinsights_sitenote_category":0,"_uf_show_specific_survey":0,"_uf_disable_surveys":false},"product_brand":[],"product_cat":[460],"product_tag":[],"models":[],"years":[],"class_list":{"0":"post-25085","1":"product","2":"type-product","3":"status-publish","4":"has-post-thumbnail","6":"product_cat-beamer","8":"first","9":"instock","10":"sale","11":"featured","12":"shipping-taxable","13":"purchasable","14":"product-type-simple"},"aioseo_notices":[],"acf":[],"_links":{"self":[{"href":"https:\/\/amannforg.com\/de\/wp-json\/wp\/v2\/product\/25085","targetHints":{"allow":["GET"]}}],"collection":[{"href":"https:\/\/amannforg.com\/de\/wp-json\/wp\/v2\/product"}],"about":[{"href":"https:\/\/amannforg.com\/de\/wp-json\/wp\/v2\/types\/product"}],"replies":[{"embeddable":true,"href":"https:\/\/amannforg.com\/de\/wp-json\/wp\/v2\/comments?post=25085"}],"version-history":[{"count":1,"href":"https:\/\/amannforg.com\/de\/wp-json\/wp\/v2\/product\/25085\/revisions"}],"predecessor-version":[{"id":57596,"href":"https:\/\/amannforg.com\/de\/wp-json\/wp\/v2\/product\/25085\/revisions\/57596"}],"wp:featuredmedia":[{"embeddable":true,"href":"https:\/\/amannforg.com\/de\/wp-json\/wp\/v2\/media\/44476"}],"wp:attachment":[{"href":"https:\/\/amannforg.com\/de\/wp-json\/wp\/v2\/media?parent=25085"}],"wp:term":[{"taxonomy":"product_brand","embeddable":true,"href":"https:\/\/amannforg.com\/de\/wp-json\/wp\/v2\/product_brand?post=25085"},{"taxonomy":"product_cat","embeddable":true,"href":"https:\/\/amannforg.com\/de\/wp-json\/wp\/v2\/product_cat?post=25085"},{"taxonomy":"product_tag","embeddable":true,"href":"https:\/\/amannforg.com\/de\/wp-json\/wp\/v2\/product_tag?post=25085"},{"taxonomy":"models","embeddable":true,"href":"https:\/\/amannforg.com\/de\/wp-json\/wp\/v2\/models?post=25085"},{"taxonomy":"years","embeddable":true,"href":"https:\/\/amannforg.com\/de\/wp-json\/wp\/v2\/years?post=25085"}],"curies":[{"name":"wp","href":"https:\/\/api.w.org\/{rel}","templated":true}]}}