{"id":25092,"date":"2026-02-28T16:23:01","date_gmt":"2026-02-28T16:23:01","guid":{"rendered":"https:\/\/amannforg.com\/?post_type=product&#038;p=25092"},"modified":"2026-03-13T11:31:11","modified_gmt":"2026-03-13T11:31:11","slug":"ergotron-lcd-schwenkarm-serie-400-grau-bis-ca-38-zoll-max-104kg-45-007-099","status":"publish","type":"product","link":"https:\/\/amannforg.com\/de\/produkt\/ergotron-lcd-schwenkarm-serie-400-grau-bis-ca-38-zoll-max-104kg-45-007-099\/","title":{"rendered":"Ergotron LCD Schwenkarm Serie 400 grau bis ca 38 Zoll max 10,4kg (45-007-099)"},"content":{"rendered":"<div class=\"article\">\n<div class=\"titlepage\">\n<h2 class=\"text-h3 mb-l\">ERGOTRON LCD Schwenkarm Serie 400 grau bis ca 38 Zoll max 10,4kg<\/h2>\n<\/div>\n<p class=\"mb-l\">Der Serie 400 ARM ist mittels Gasfeder stufenlos verstellbar und verf\u00fcgt \u00fcber eine interne Kabelf\u00fchrung. Dieser Arm l\u00e4\u00dft sich an jeder vertikalen Oberfl\u00e4che montieren. Die robuste Konstruktion und der 180\u00ba gro\u00dfe Schwenkradius machen ihn zu einer idealen L\u00f6sung f\u00fcr nahezu jede Arbeitsumgebung.<\/p>\n<div class=\"itemizedlist\">\n<ul class=\"bullet-list\">\n<li class=\"bullet-list-item\">\n<p class=\"mb-l\">f\u00fcr Displays bis ca 38 Zoll<\/p>\n<\/li>\n<li class=\"bullet-list-item\">\n<p class=\"mb-l\">bis 10,4 Kg belastbar<\/p>\n<\/li>\n<li class=\"bullet-list-item\">\n<p class=\"mb-l\">Neigung 180\u00b0<\/p>\n<\/li>\n<li class=\"bullet-list-item\">\n<p class=\"mb-l\">Schwenkung 360\u00b0<\/p>\n<\/li>\n<li class=\"bullet-list-item\">\n<p class=\"mb-l\">Drehung 360\u00b0<\/p>\n<\/li>\n<\/ul>\n<\/div>\n<p class=\"mb-l\">Verwenden Sie das Display-Gewicht und das VESA-Lochmuster, um die Kompatibilit\u00e4t zu bestimmen, d. h. die angegebene Bildschirmgr\u00f6\u00dfe kann \u00fcberschritten werden, solange das Display-Gewicht die Tragf\u00e4higkeit nicht \u00fcbersteigt<\/p>\n<\/p><\/div>\n<li class=\"mb-m\">\n<div class=\"flex flex-col m:flex-row gap-s m:gap-xl\">\n<div class=\"text-h3 min-w-[244px] max-w-[244px]\">Befestigungsarten<\/div>\n<div class=\"flex flex-col gap-s\"><span class=\"\"><\/p>\n<ul class=\"flex flex-col gap-s\">\n<li class=\"ml-3xs pl-[15px] relative before:absolute before:w-[8px] before:h-[8px] before:bg-dark before:top-[8px] before:left-0 before:rounded-full\">Wandhalterung<\/li>\n<\/ul>\n<p><\/span><\/div>\n<\/div>\n<\/li>\n<li class=\"mb-m\">\n<div class=\"flex flex-col m:flex-row gap-s m:gap-xl\">\n<div class=\"text-h3 min-w-[244px] max-w-[244px]\">Zubeh\u00f6rkompabilit\u00e4t<\/div>\n<div class=\"flex flex-col gap-s\"><span class=\"\"><\/p>\n<ul class=\"flex flex-col gap-s\">\n<li class=\"ml-3xs pl-[15px] relative before:absolute before:w-[8px] before:h-[8px] before:bg-dark before:top-[8px] before:left-0 before:rounded-full\">Pr\u00fcfen Sie vor dem kauf die Kompatibilit\u00e4t anhand des Handbuches \/ Zubeh\u00f6rliste Ihres Hauptproduktes.<\/li>\n<\/ul>\n<p><\/span><\/div>\n<\/div>\n<\/li>\n","protected":false},"excerpt":{"rendered":"<li class=\"bullet-list-item\">Original Ergotron Zubeh\u00f6rartikel<\/li>\n<li class=\"bullet-list-item\">Herstellerteilenummer \/ SKU: 45-007-099<\/li>\n<li class=\"bullet-list-item\">EAN: 0698833000931<\/li>\n<li class=\"bullet-list-item\">Pr\u00fcfen Sie vor dem kauf die Kompatibilit\u00e4t anhand des Handbuches \/ Zubeh\u00f6rliste Ihres Hauptproduktes.<\/li>\n<p> Herstellernummer 45-007-099<\/p>","protected":false},"featured_media":0,"comment_status":"open","ping_status":"closed","template":"","meta":{"_monsterinsights_skip_tracking":false,"_monsterinsights_sitenote_active":false,"_monsterinsights_sitenote_note":"","_monsterinsights_sitenote_category":0,"_uf_show_specific_survey":0,"_uf_disable_surveys":false},"product_brand":[],"product_cat":[460],"product_tag":[],"models":[],"years":[],"class_list":{"0":"post-25092","1":"product","2":"type-product","3":"status-publish","5":"product_cat-beamer","7":"first","8":"instock","9":"sale","10":"featured","11":"shipping-taxable","12":"purchasable","13":"product-type-simple"},"aioseo_notices":[],"acf":[],"_links":{"self":[{"href":"https:\/\/amannforg.com\/de\/wp-json\/wp\/v2\/product\/25092","targetHints":{"allow":["GET"]}}],"collection":[{"href":"https:\/\/amannforg.com\/de\/wp-json\/wp\/v2\/product"}],"about":[{"href":"https:\/\/amannforg.com\/de\/wp-json\/wp\/v2\/types\/product"}],"replies":[{"embeddable":true,"href":"https:\/\/amannforg.com\/de\/wp-json\/wp\/v2\/comments?post=25092"}],"version-history":[{"count":1,"href":"https:\/\/amannforg.com\/de\/wp-json\/wp\/v2\/product\/25092\/revisions"}],"predecessor-version":[{"id":57597,"href":"https:\/\/amannforg.com\/de\/wp-json\/wp\/v2\/product\/25092\/revisions\/57597"}],"wp:attachment":[{"href":"https:\/\/amannforg.com\/de\/wp-json\/wp\/v2\/media?parent=25092"}],"wp:term":[{"taxonomy":"product_brand","embeddable":true,"href":"https:\/\/amannforg.com\/de\/wp-json\/wp\/v2\/product_brand?post=25092"},{"taxonomy":"product_cat","embeddable":true,"href":"https:\/\/amannforg.com\/de\/wp-json\/wp\/v2\/product_cat?post=25092"},{"taxonomy":"product_tag","embeddable":true,"href":"https:\/\/amannforg.com\/de\/wp-json\/wp\/v2\/product_tag?post=25092"},{"taxonomy":"models","embeddable":true,"href":"https:\/\/amannforg.com\/de\/wp-json\/wp\/v2\/models?post=25092"},{"taxonomy":"years","embeddable":true,"href":"https:\/\/amannforg.com\/de\/wp-json\/wp\/v2\/years?post=25092"}],"curies":[{"name":"wp","href":"https:\/\/api.w.org\/{rel}","templated":true}]}}