{"id":25227,"date":"2026-02-28T16:23:55","date_gmt":"2026-02-28T16:23:55","guid":{"rendered":"https:\/\/amannforg.com\/?post_type=product&#038;p=25227"},"modified":"2026-03-07T16:28:54","modified_gmt":"2026-03-07T16:28:54","slug":"lg-cinebeam-hu810pw-forte-4k-laserprojektor-2700-lumen-hdmi-usb-wlan-webos","status":"publish","type":"product","link":"https:\/\/amannforg.com\/de\/produkt\/lg-cinebeam-hu810pw-forte-4k-laserprojektor-2700-lumen-hdmi-usb-wlan-webos\/","title":{"rendered":"LG CineBeam HU810PW Forte 4K Laserprojektor 2700 Lumen HDMI\/USB WLAN webOS"},"content":{"rendered":"<div class=\"article\">\n<div class=\"formalpara\">\n<div class=\"titlepage\">\n<h2 class=\"text-h3 mb-l\"> <span class=\"bold\">LG CineBeam HU810PW Forte | Laserbeamer mit 4K UHD-Aufl\u00f6sung<\/span> <\/h2>\n<\/div><\/div>\n<p class=\"mb-l\">Optimale Qualit\u00e4t f\u00fcr jedes Bild und jede Umgebung<\/p>\n<p class=\"mb-l\">Allround-Heimkino-Projektor, der Ihre R\u00e4umlichkeiten und die Art des Films ber\u00fccksichtigt<\/p>\n<p class=\"mb-l\">Laserprojektor mit Real 4K UHD<\/p>\n<p class=\"mb-l\">Herausragende Bildqualit\u00e4t<\/p>\n<p class=\"mb-l\">Dank 8,3 Megapixeln und der 4K-UHD-Lasertechnologie liefert LG CineBeam einwandfreie Pr\u00e4zision und Detailgenauigkeit bis zu einem 300 Zoll gro\u00dfen Bildschirm. Mit einem Schwarzwert von 2.000.000:1 im Kontrastverh\u00e4ltnis kann er selbst tiefes Schwarz darstellen. Dank des gro\u00dfen Farbraums von 97% von DCI-P3 werden Farben pr\u00e4zise wiedergegeben.<\/p>\n<p class=\"mb-l\">Iris-Modus<\/p>\n<p class=\"mb-l\">Entwickelt f\u00fcr helle und dunkle Umgebungen<\/p>\n<p class=\"mb-l\">Abh\u00e4ngig von den Lichtverh\u00e4ltnissen der Betrachtungsumgebung k\u00f6nnen Sie den Iris-Modus \u00e4ndern.<\/p>\n<p class=\"mb-l\">Dunkler-Raum-Modus<\/p>\n<p class=\"mb-l\">Optimierte Helligkeit f\u00fcr dunkle R\u00e4ume. Empfohlene Wei\u00dfhelligkeit + niedrigster (bester) Schwarzwert mit min. Blenden\u00f6ffnung.<\/p>\n<p class=\"mb-l\">Heller-Raum-Modus<\/p>\n<p class=\"mb-l\">Wei\u00df und Schwarz werden zusammen hochgefahren, wodurch das Bild mit der max. Blenden\u00f6ffnung der Iris gut sichtbar und lebendig wird.<\/p>\n<p class=\"mb-l\">Adaptiver Kontrast<\/p>\n<p class=\"mb-l\">Passt die Laserleistung an die Szene an<\/p>\n<p class=\"mb-l\">Der adaptive Kontrast verleiht dem Bild mehr Tiefe, indem die Laserleistung adaptiv an das Bild angepasst wird, um ein hohes Kontrastverh\u00e4ltnis zu erzielen. Helle Szenen erscheinen heller, w\u00e4hrend dunkle Szenen mit tiefen Schwarzt\u00f6nen und Schattendetails detailliert wiedergegeben werden.<\/p>\n<p class=\"mb-l\">Filmmaker Mode<\/p>\n<p class=\"mb-l\">Sp\u00fcren Sie die Emotionen des urspr\u00fcnglichen Inhaltserstellers<\/p>\n<p class=\"mb-l\">Im Filmmaker Mode werden die Bewegungsgl\u00e4ttung und andere Videoverarbeitungseinstellungen deaktiviert. So kann die Absicht des Urhebers authentisch und genau wiedergegeben werden.<\/p>\n<p class=\"mb-l\">Deckt HDR 10, dynamisches Tonmapping, HLG und HGiG ab<\/p>\n<p class=\"mb-l\">HDR 10 verbessert die Bildqualit\u00e4t, indem helle Bildteile aufgehellt und dunkle Bildteile dunkler dargestellt und dabei die Details des dunklen Bereichs genutzt werden. Er ist also mit fast allen HDR-Industriestandards kompatibel.<\/p>\n<p class=\"mb-l\">webOS 5.0<\/p>\n<p class=\"mb-l\">Die clevere Art, auf Inhalte zuzugreifen<\/p>\n<p class=\"mb-l\">Dank webOS 5.0 k\u00f6nnen Sie \u00fcber Ihr WLAN-Netzwerk auf eine Vielzahl von Fernsehsendungen und Filmen zugreifen. Auch k\u00f6nnen Sie Videoinhalte \u00fcber integrierte Apps wie YouTube, Amazon Prime und die Disney-App genie\u00dfen.<\/p>\n<p class=\"mb-l\">Linsenverstellung und 1,6-facher Zoom<\/p>\n<p class=\"mb-l\">Flexible und einfache Installation<\/p>\n<p class=\"mb-l\">Dank der Linsenverstellung (Lens Shift; H: \u00b124 %, V: \u00b160 %) und des 1,6-fachen Zooms k\u00f6nnen Sie diesen Projektor praktisch \u00fcberall aufstellen und die gew\u00fcnschte, an den jeweiligen Standort angepasste Gr\u00f6\u00dfe der Anzeige exakt einstellen.<\/p>\n<p class=\"mb-l\">eARC<\/p>\n<p class=\"mb-l\">eARC bietet bis zu 32 Audiokan\u00e4le, einschlie\u00dflich eines unkomprimierten 8-Kanal-Datenstroms mit 24 Bit\/192 kHz und einer Geschwindigkeit von bis zu 38 Mbit\/s.<\/p>\n<p class=\"mb-l\">HDMI 2.1<\/p>\n<p class=\"mb-l\">Der Projektor zeigt hochaufl\u00f6sende und detailreiche Bilder \u00fcber eine HDMI-2.1-Verbindung an und kann 10-Bit-Bilder mit 444RGB-Spezifikationen ausgeben.<\/p>\n<p class=\"mb-l\">AirPlay + Miracast\u00ae + Bluetooth<\/p>\n<p class=\"mb-l\">Fortschrittliche Drahtlosverbindung<\/p>\n<p class=\"mb-l\">Sie k\u00f6nnen den Bildschirm und den Ton bequem mit AirPlay (f\u00fcr iOS-Ger\u00e4te), Screen Share (f\u00fcr drahtlose Miracast\u00ae unterst\u00fctzende Ger\u00e4te) und per Bluetooth-Kopplung freigeben.<\/p>\n<div class=\"formalpara\">\n<div class=\"titlepage\">\n<h2 class=\"text-h3 mb-l\"> <span class=\"bold\">Features<\/span> <\/h2>\n<\/div>\n<p class=\"mb-l\">\n<div class=\"itemizedlist\">\n<ul class=\"bullet-list\">\n<li class=\"bullet-list-item\">\n<p class=\"mb-l\">Laserprojektor mit 4K UHD und 8,3 Megapixeln<\/p>\n<\/li>\n<li class=\"bullet-list-item\">\n<p class=\"mb-l\">DCI-P3-Doppellaser mit 97% (rot und blau)<\/p>\n<\/li>\n<li class=\"bullet-list-item\">\n<p class=\"mb-l\">Helligkeitsoptimierung<\/p>\n<\/li>\n<li class=\"bullet-list-item\">\n<p class=\"mb-l\">Filmmaker Mode<\/p>\n<\/li>\n<li class=\"bullet-list-item\">\n<p class=\"mb-l\">Linsenverstellung: H \u00b124 %, V \u00b160 %\/1,6-fach-Zoom<\/p>\n<\/li>\n<li class=\"bullet-list-item\">\n<p class=\"mb-l\">webOS 5.0\/AirPlay<\/p>\n<\/li>\n<\/ul>\n<\/div>\n<\/p><\/div>\n<\/p><\/div>\n<li class=\"mb-m\">\n<div class=\"flex flex-col m:flex-row gap-s m:gap-xl\">\n<div class=\"text-h3 min-w-[244px] max-w-[244px]\">Allgemeine Daten<\/div>\n<div class=\"flex flex-col gap-s\"><span class=\"ml-3xs pl-[15px] relative before:absolute before:w-[8px] before:h-[8px] before:bg-dark before:top-[8px] before:left-0 before:rounded-full\">Projektionsart: Laser<\/span><span class=\"ml-3xs pl-[15px] relative before:absolute before:w-[8px] before:h-[8px] before:bg-dark before:top-[8px] before:left-0 before:rounded-full\">Einsatzbereich: Professional<\/span><span class=\"ml-3xs pl-[15px] relative before:absolute before:w-[8px] before:h-[8px] before:bg-dark before:top-[8px] before:left-0 before:rounded-full\">Aufl\u00f6sung: 3.840&#215;2.160 4K (Ultra HD)<\/span><span class=\"ml-3xs pl-[15px] relative before:absolute before:w-[8px] before:h-[8px] before:bg-dark before:top-[8px] before:left-0 before:rounded-full\">Format nativ: 16:9<\/span><span class=\"ml-3xs pl-[15px] relative before:absolute before:w-[8px] before:h-[8px] before:bg-dark before:top-[8px] before:left-0 before:rounded-full\">Helligkeit: 2700 ANSI Lumen<\/span><span class=\"ml-3xs pl-[15px] relative before:absolute before:w-[8px] before:h-[8px] before:bg-dark before:top-[8px] before:left-0 before:rounded-full\">Diagonale min.: 100cm<\/span><span class=\"ml-3xs pl-[15px] relative before:absolute before:w-[8px] before:h-[8px] before:bg-dark before:top-[8px] before:left-0 before:rounded-full\">Diagonale max.: 760cm<\/span><span class=\"ml-3xs pl-[15px] relative before:absolute before:w-[8px] before:h-[8px] before:bg-dark before:top-[8px] before:left-0 before:rounded-full\">Lampenlebensdauer: 20000 Stunden<\/span><\/div>\n<\/div>\n<\/li>\n<li class=\"mb-m\">\n<div class=\"flex flex-col m:flex-row gap-s m:gap-xl\">\n<div class=\"text-h3 min-w-[244px] max-w-[244px]\">Anschl\u00fcsse<\/div>\n<div class=\"flex flex-col gap-s\"><span class=\"ml-3xs pl-[15px] relative before:absolute before:w-[8px] before:h-[8px] before:bg-dark before:top-[8px] before:left-0 before:rounded-full\">HDMI Anschl\u00fcsse: 3<\/span><span class=\"ml-3xs pl-[15px] relative before:absolute before:w-[8px] before:h-[8px] before:bg-dark before:top-[8px] before:left-0 before:rounded-full\">USB Anschl\u00fcsse: 2<\/span><span class=\"ml-3xs pl-[15px] relative before:absolute before:w-[8px] before:h-[8px] before:bg-dark before:top-[8px] before:left-0 before:rounded-full\">Bluetooth Anschluss integriert<\/span><span class=\"ml-3xs pl-[15px] relative before:absolute before:w-[8px] before:h-[8px] before:bg-dark before:top-[8px] before:left-0 before:rounded-full\">WLAN Anschluss integriert<\/span><span class=\"ml-3xs pl-[15px] relative before:absolute before:w-[8px] before:h-[8px] before:bg-dark before:top-[8px] before:left-0 before:rounded-full\">Audio In Anschluss<\/span><span class=\"ml-3xs pl-[15px] relative before:absolute before:w-[8px] before:h-[8px] before:bg-dark before:top-[8px] before:left-0 before:rounded-full\">Audio Out Anschluss<\/span><\/div>\n<\/div>\n<\/li>\n<li class=\"mb-m\">\n<div class=\"flex flex-col m:flex-row gap-s m:gap-xl\">\n<div class=\"text-h3 min-w-[244px] max-w-[244px]\">Sonstiges<\/div>\n<div class=\"flex flex-col gap-s\"><span class=\"ml-3xs pl-[15px] relative before:absolute before:w-[8px] before:h-[8px] before:bg-dark before:top-[8px] before:left-0 before:rounded-full\">Abmessung:<\/span><span class=\"ml-3xs pl-[15px] relative before:absolute before:w-[8px] before:h-[8px] before:bg-dark before:top-[8px] before:left-0 before:rounded-full\">Breite: 335mm<\/span><span class=\"ml-3xs pl-[15px] relative before:absolute before:w-[8px] before:h-[8px] before:bg-dark before:top-[8px] before:left-0 before:rounded-full\">H\u00f6he: 410mm<\/span><span class=\"ml-3xs pl-[15px] relative before:absolute before:w-[8px] before:h-[8px] before:bg-dark before:top-[8px] before:left-0 before:rounded-full\">Tiefe: 145mm<\/span><span class=\"ml-3xs pl-[15px] relative before:absolute before:w-[8px] before:h-[8px] before:bg-dark before:top-[8px] before:left-0 before:rounded-full\">Gewicht: 11200 g<\/span><span class=\"ml-3xs pl-[15px] relative before:absolute before:w-[8px] before:h-[8px] before:bg-dark before:top-[8px] before:left-0 before:rounded-full\">Stromverbrauch Standard: 250W<\/span><span class=\"ml-3xs pl-[15px] relative before:absolute before:w-[8px] before:h-[8px] before:bg-dark before:top-[8px] before:left-0 before:rounded-full\">Stromverbrauch Eco: k.A.<\/span><span class=\"ml-3xs pl-[15px] relative before:absolute before:w-[8px] before:h-[8px] before:bg-dark before:top-[8px] before:left-0 before:rounded-full\">Garantie: 36 Monate<\/span><span class=\"ml-3xs pl-[15px] relative before:absolute before:w-[8px] before:h-[8px] before:bg-dark before:top-[8px] before:left-0 before:rounded-full\">Garantie-Art: Pick-up&amp;Return<\/span><\/div>\n<\/div>\n<\/li>\n<li class=\"mb-m\">\n<div class=\"flex flex-col m:flex-row gap-s m:gap-xl\">\n<div class=\"text-h3 min-w-[244px] max-w-[244px]\">Besonderheiten<\/div>\n<div class=\"flex flex-col gap-s\"><span class=\"ml-3xs pl-[15px] relative before:absolute before:w-[8px] before:h-[8px] before:bg-dark before:top-[8px] before:left-0 before:rounded-full\">Lautsprecher 2x 5 Watt<\/span><span class=\"ml-3xs pl-[15px] relative before:absolute before:w-[8px] before:h-[8px] before:bg-dark before:top-[8px] before:left-0 before:rounded-full\">KeyStone vorhanden<\/span><\/div>\n<\/div>\n<\/li>\n<li class=\"mb-m\">\n<div class=\"flex flex-col m:flex-row gap-s m:gap-xl\">\n<div class=\"text-h3 min-w-[244px] max-w-[244px]\">Lieferumfang<\/div>\n<div class=\"flex flex-col gap-s\"><span class=\"ml-3xs pl-[15px] relative before:absolute before:w-[8px] before:h-[8px] before:bg-dark before:top-[8px] before:left-0 before:rounded-full\">Handbuch<\/span><span class=\"ml-3xs pl-[15px] relative before:absolute before:w-[8px] before:h-[8px] before:bg-dark before:top-[8px] before:left-0 before:rounded-full\">Stromkabel<\/span><span class=\"ml-3xs pl-[15px] relative before:absolute before:w-[8px] before:h-[8px] before:bg-dark before:top-[8px] before:left-0 before:rounded-full\">Fernbedienung<\/span><\/div>\n<\/div>\n<\/li>\n","protected":false},"excerpt":{"rendered":"<li class=\"bullet-list-item\">Laser Projektor<\/li>\n<li class=\"bullet-list-item\">Aufl\u00f6sung: 3.840&#215;2.160 4K (Ultra HD), 2700 ANSI Lumen, <\/li>\n<li class=\"bullet-list-item\">HDMI, USB, WLAN, Audio In, Audio Out, <\/li>\n<li class=\"bullet-list-item\">Lautsprecher, Bluetooth, KeyStone, <\/li>\n<li class=\"bullet-list-item\">36 Monate Herstellergarantie<\/li>\n<p> Herstellernummer HU810PW<\/p>","protected":false},"featured_media":44580,"comment_status":"open","ping_status":"closed","template":"","meta":{"_monsterinsights_skip_tracking":false,"_monsterinsights_sitenote_active":false,"_monsterinsights_sitenote_note":"","_monsterinsights_sitenote_category":0,"_uf_show_specific_survey":0,"_uf_disable_surveys":false},"product_brand":[],"product_cat":[460],"product_tag":[],"models":[],"years":[],"class_list":{"0":"post-25227","1":"product","2":"type-product","3":"status-publish","4":"has-post-thumbnail","6":"product_cat-beamer","8":"first","9":"instock","10":"sale","11":"shipping-taxable","12":"purchasable","13":"product-type-simple"},"aioseo_notices":[],"acf":[],"_links":{"self":[{"href":"https:\/\/amannforg.com\/de\/wp-json\/wp\/v2\/product\/25227","targetHints":{"allow":["GET"]}}],"collection":[{"href":"https:\/\/amannforg.com\/de\/wp-json\/wp\/v2\/product"}],"about":[{"href":"https:\/\/amannforg.com\/de\/wp-json\/wp\/v2\/types\/product"}],"replies":[{"embeddable":true,"href":"https:\/\/amannforg.com\/de\/wp-json\/wp\/v2\/comments?post=25227"}],"version-history":[{"count":1,"href":"https:\/\/amannforg.com\/de\/wp-json\/wp\/v2\/product\/25227\/revisions"}],"predecessor-version":[{"id":57618,"href":"https:\/\/amannforg.com\/de\/wp-json\/wp\/v2\/product\/25227\/revisions\/57618"}],"wp:featuredmedia":[{"embeddable":true,"href":"https:\/\/amannforg.com\/de\/wp-json\/wp\/v2\/media\/44580"}],"wp:attachment":[{"href":"https:\/\/amannforg.com\/de\/wp-json\/wp\/v2\/media?parent=25227"}],"wp:term":[{"taxonomy":"product_brand","embeddable":true,"href":"https:\/\/amannforg.com\/de\/wp-json\/wp\/v2\/product_brand?post=25227"},{"taxonomy":"product_cat","embeddable":true,"href":"https:\/\/amannforg.com\/de\/wp-json\/wp\/v2\/product_cat?post=25227"},{"taxonomy":"product_tag","embeddable":true,"href":"https:\/\/amannforg.com\/de\/wp-json\/wp\/v2\/product_tag?post=25227"},{"taxonomy":"models","embeddable":true,"href":"https:\/\/amannforg.com\/de\/wp-json\/wp\/v2\/models?post=25227"},{"taxonomy":"years","embeddable":true,"href":"https:\/\/amannforg.com\/de\/wp-json\/wp\/v2\/years?post=25227"}],"curies":[{"name":"wp","href":"https:\/\/api.w.org\/{rel}","templated":true}]}}