{"id":27506,"date":"2026-03-03T08:20:36","date_gmt":"2026-03-03T08:20:36","guid":{"rendered":"https:\/\/amannforg.com\/?post_type=product&#038;p=27506"},"modified":"2026-03-13T11:31:00","modified_gmt":"2026-03-13T11:31:00","slug":"razer-blackshark-v3-pro-niko-edition-kabelloses-gaming-headset-pc-series-hybrid-anc-2-4ghz-bluetooth-usb-c-3-5-mm-klinke","status":"publish","type":"product","link":"https:\/\/amannforg.com\/de\/produkt\/razer-blackshark-v3-pro-niko-edition-kabelloses-gaming-headset-pc-series-hybrid-anc-2-4ghz-bluetooth-usb-c-3-5-mm-klinke\/","title":{"rendered":"Razer Blackshark V3 Pro NiKo Edition, Kabelloses Gaming Headset | PC-Series, Hybrid ANC, 2.4Ghz, Bluetooth, USB-C, 3.5 mm Klinke"},"content":{"rendered":"<p class=\"mb-l\">\n<div class=\"titlepage\">\n<h2 class=\"text-h3 mb-l\">FOR THE PRO | Razer BlackShark V3 Pro<\/h2>\n<\/div>\n<p class=\"mb-l\">Das esports-Headset, auf das sich die Profis verlassen, wird f\u00fcr die ultimative Dominanz weiterentwickelt. Mit dem Razer BlackShark V3 Pro, unserem fortschrittlichsten kabellosen ANC-Esports-Headset, bist du der Konkurrenz immer einen Schritt voraus. Mit der branchenf\u00fchrenden drahtlosen Technologie mit extrem niedriger Latenz und einem Vollband-Mikrofon ist der Sieg so gut wie sicher.<\/p>\n<p class=\"mb-l\">\n<div class=\"titlepage\">\n<h2 class=\"text-h3 mb-l\">Key Features<\/h2>\n<\/div>\n<div class=\"itemizedlist\">\n<ul class=\"bullet-list\">\n<li class=\"bullet-list-item\"><i>Razer\u2122 HyperSpeed Wireless Gen-2 &#8211; Branchenf\u00fchrende Geschwindigkeit und Zuverl\u00e4ssigkeit:<\/i> \u00dcbertrumpfe die Konkurrenz mit der schnellsten kabellosen Technologie, die f\u00fcr eine extrem niedrige Latenz von nur 10 ms optimiert ist und nahezu sofortigen Klang liefert. Perfekt f\u00fcr packende Spiele und sekundengenaue Entscheidungen.<\/li>\n<li class=\"bullet-list-item\"><i>Razer\u2122 TriForce Titanium 50 mm Drivers Gen-2 f\u00fcr kraftvollen, ultrapr\u00e4zisen Wettbewerbsklang:<\/i> Die auf verbesserte Klarheit und Positionsleistung abgestimmten Gen-2-Treiber verf\u00fcgen \u00fcber eine reaktionsschnelle, titanbeschichtete Membran, die Schritte und akustische Signale mit erstaunlicher Detailtreue wiedergibt.<\/li>\n<li class=\"bullet-list-item\"><i>Abnehmbares Razer\u2122 HyperClear Full Band 12 mm Mic f\u00fcr unvergleichliche Sprachaufnahme- und \u00dcbertragungsqualit\u00e4t:<\/i> Mit seiner gro\u00dfen 12-mm-Kapsel nimmt dieses Vollbereichsmikrofon der n\u00e4chsten Generation jedes Detail Ihrer Gespr\u00e4che klar und deutlich auf und unterdr\u00fcckt mit seinem unidirektionalen Aufnahmemuster effektiv Hintergrundger\u00e4usche.<\/li>\n<li class=\"bullet-list-item\"><i>Hybrid Active Noise Cancellation f\u00fcr h\u00f6chste Konzentration ohne Ablenkung:<\/i> Bleiben Sie in der Spur und blenden Sie alle Ablenkungen aus &#8211; mit der fortschrittlichen hybriden Ger\u00e4uschunterdr\u00fcckung (ANC), gepaart mit der hervorragenden Ger\u00e4uschisolierung der schwenkbaren Ohrmuscheln und den Hybrid-Ohrpolstern aus Memory-Schaumstoff, die eine perfekte Abdichtung bilden.<\/li>\n<li class=\"bullet-list-item\"><i>Razer\u2122 TriForce Bio-Cellulose 50 mm Drivers Gen-2 f\u00fcr den klarsten, saubersten Klang der Liga:<\/i> Die auf verbesserte Klarheit und Positionsleistung abgestimmten Gen-2-Treiber verf\u00fcgen \u00fcber eine einzigartige Bio-Zellulose-Membran, die einen nat\u00fcrlichen, kraftvollen Klang liefert &#8211; h\u00f6ren Sie jeden Schritt mit absoluter Pr\u00e4zision.<\/li>\n<li class=\"bullet-list-item\"><i>4 Konnektivit\u00e4tsmodi gleichzeitig 2,4 GHz &amp; Bluetooth | USB C | 3,5 mm:<\/i> Verschaffen Sie sich einen Wettbewerbsvorteil beim Spielen auf PC, Konsole oder Handy. Mischen Sie gleichzeitig 2,4-GHz- und Bluetooth-Audio auf 2 Ger\u00e4ten, oder bleiben Sie f\u00fcr Non-Stop-Gaming mit USB-C oder 3,5 mm angeschlossen.<\/li>\n<li class=\"bullet-list-item\"><i>THX Spatial Audio f\u00fcr punktgenauen 3D-Positionssound:<\/i> Erreichen Sie ultimatives Wettbewerbsbewusstsein durch eine erweiterte Klangb\u00fchne. Aktivieren Sie 7.1.4-Surround-Sound und genie\u00dfen Sie pr\u00e4zises Overhead-Audio mit einer verbesserten Engine, die von den neuesten r\u00e4umlichen Algorithmen angetrieben wird.<\/li>\n<li class=\"bullet-list-item\"><i>Pro-Tuned FPS-Profile und anpassbare EQs f\u00fcr optimale Wettbewerbs-Audioeinstellungen:<\/i> Verbessern Sie Ihren Audiovorteil mit spielspezifischen EQ-Profilen, die mit Razers Esports-Champions pr\u00e4zise abgestimmt wurden. Erstelle deinen eigenen EQ, speichere ihn auf dem Headset und sei jederzeit bereit f\u00fcr den Wettkampf.<\/li>\n<\/ul>\n<\/div>\n<p class=\"mb-l\">\n<div class=\"titlepage\">\n<h2 class=\"text-h3 mb-l\">RAZER SYNAPSE<\/h2>\n<\/div>\n<p class=\"mb-l\">Herzlichen Gl\u00fcckwunsch, dass Sie Ihr Razer BlackShark V3 angeschlossen haben. Jetzt k\u00f6nnen Sie Ihren Wettbewerbsvorteil mit den folgenden Funktionen maximieren:<\/p>\n<div class=\"itemizedlist\">\n<ul class=\"bullet-list\">\n<li class=\"bullet-list-item\"><i>Aktivieren<\/i> Sie THX Spatial Audio f\u00fcr punktgenauen 3D-Positionssound<\/li>\n<li class=\"bullet-list-item\"><i>Profitieren<\/i> Sie von professionell abgestimmten Audioprofilen f\u00fcr wettbewerbsf\u00e4hige FPS-Spiele<\/li>\n<li class=\"bullet-list-item\"><i>Greifen<\/i> Sie auf erweiterte Mikrofon- und Audioverbesserungen f\u00fcr zus\u00e4tzliche Anpassungen zu<\/li>\n<\/ul>\n<\/div>\n<li class=\"mb-m\">\n<div class=\"flex flex-col m:flex-row gap-s m:gap-xl\">\n<div class=\"text-h3 min-w-[244px] max-w-[244px]\">Netzteil<\/div>\n<div class=\"flex flex-col gap-s\"><span class=\"\"><\/p>\n<ul class=\"flex flex-col gap-s\">\n<li class=\"ml-3xs pl-[15px] relative before:absolute before:w-[8px] before:h-[8px] before:bg-dark before:top-[8px] before:left-0 before:rounded-full\">separat erh\u00e4ltlich<\/li>\n<\/ul>\n<p><\/span><\/div>\n<\/div>\n<\/li>\n<li class=\"mb-m\">\n<div class=\"flex flex-col m:flex-row gap-s m:gap-xl\">\n<div class=\"text-h3 min-w-[244px] max-w-[244px]\">Einsatzbereich<\/div>\n<div class=\"flex flex-col gap-s\"><span class=\"\"><\/p>\n<ul class=\"flex flex-col gap-s\">\n<li class=\"ml-3xs pl-[15px] relative before:absolute before:w-[8px] before:h-[8px] before:bg-dark before:top-[8px] before:left-0 before:rounded-full\">Anwenderklasse: Profis<\/li>\n<li class=\"ml-3xs pl-[15px] relative before:absolute before:w-[8px] before:h-[8px] before:bg-dark before:top-[8px] before:left-0 before:rounded-full\">Anwendungsgebiet: Gaming<\/li>\n<\/ul>\n<p><\/span><\/div>\n<\/div>\n<\/li>\n<li class=\"mb-m\">\n<div class=\"flex flex-col m:flex-row gap-s m:gap-xl\">\n<div class=\"text-h3 min-w-[244px] max-w-[244px]\">Betriebssystem<\/div>\n<div class=\"flex flex-col gap-s\"><span class=\"\"><\/p>\n<ul class=\"flex flex-col gap-s\">\n<li class=\"ml-3xs pl-[15px] relative before:absolute before:w-[8px] before:h-[8px] before:bg-dark before:top-[8px] before:left-0 before:rounded-full\">Windows 11<\/li>\n<\/ul>\n<p><\/span><\/div>\n<\/div>\n<\/li>\n<li class=\"mb-m\">\n<div class=\"flex flex-col m:flex-row gap-s m:gap-xl\">\n<div class=\"text-h3 min-w-[244px] max-w-[244px]\">Farbe \/ Material<\/div>\n<div class=\"flex flex-col gap-s\"><span class=\"\"><\/p>\n<ul class=\"flex flex-col gap-s\">\n<li class=\"ml-3xs pl-[15px] relative before:absolute before:w-[8px] before:h-[8px] before:bg-dark before:top-[8px] before:left-0 before:rounded-full\">Ohrpolstermaterial: Schaum<\/li>\n<li class=\"ml-3xs pl-[15px] relative before:absolute before:w-[8px] before:h-[8px] before:bg-dark before:top-[8px] before:left-0 before:rounded-full\">Farbe: Grau<\/li>\n<\/ul>\n<p><\/span><\/div>\n<\/div>\n<\/li>\n<li class=\"mb-m\">\n<div class=\"flex flex-col m:flex-row gap-s m:gap-xl\">\n<div class=\"text-h3 min-w-[244px] max-w-[244px]\">Energieversorgung<\/div>\n<div class=\"flex flex-col gap-s\"><span class=\"\"><\/p>\n<ul class=\"flex flex-col gap-s\">\n<li class=\"ml-3xs pl-[15px] relative before:absolute before:w-[8px] before:h-[8px] before:bg-dark before:top-[8px] before:left-0 before:rounded-full\">Strom-\/ Ladeanschluss: USB-C<\/li>\n<li class=\"ml-3xs pl-[15px] relative before:absolute before:w-[8px] before:h-[8px] before:bg-dark before:top-[8px] before:left-0 before:rounded-full\">Besonderheiten: Schnelladefunktion<\/li>\n<li class=\"ml-3xs pl-[15px] relative before:absolute before:w-[8px] before:h-[8px] before:bg-dark before:top-[8px] before:left-0 before:rounded-full\">Akku-\/ Batterietyp: fest verbaut<\/li>\n<li class=\"ml-3xs pl-[15px] relative before:absolute before:w-[8px] before:h-[8px] before:bg-dark before:top-[8px] before:left-0 before:rounded-full\">Akku \/ Batteriechemie: Lithium-Ionen<\/li>\n<li class=\"ml-3xs pl-[15px] relative before:absolute before:w-[8px] before:h-[8px] before:bg-dark before:top-[8px] before:left-0 before:rounded-full\">Minimal unterst\u00fctzte Ladeleistung: 3 W<\/li>\n<li class=\"ml-3xs pl-[15px] relative before:absolute before:w-[8px] before:h-[8px] before:bg-dark before:top-[8px] before:left-0 before:rounded-full\">Maximal unterst\u00fctze Ladeleistung: 15 W<\/li>\n<li class=\"ml-3xs pl-[15px] relative before:absolute before:w-[8px] before:h-[8px] before:bg-dark before:top-[8px] before:left-0 before:rounded-full\">Unterst\u00fctzt USB-PD (Power Delivery): USB PD<\/li>\n<li class=\"ml-3xs pl-[15px] relative before:absolute before:w-[8px] before:h-[8px] before:bg-dark before:top-[8px] before:left-0 before:rounded-full\">maximale Gespr\u00e4chszeit: 70 h<\/li>\n<\/ul>\n<p><\/span><\/div>\n<\/div>\n<\/li>\n<li class=\"mb-m\">\n<div class=\"flex flex-col m:flex-row gap-s m:gap-xl\">\n<div class=\"text-h3 min-w-[244px] max-w-[244px]\">ext. Anschl\u00fcsse<\/div>\n<div class=\"flex flex-col gap-s\"><span class=\"\"><\/p>\n<ul class=\"flex flex-col gap-s\">\n<li class=\"ml-3xs pl-[15px] relative before:absolute before:w-[8px] before:h-[8px] before:bg-dark before:top-[8px] before:left-0 before:rounded-full\">USB-C<\/li>\n<li class=\"ml-3xs pl-[15px] relative before:absolute before:w-[8px] before:h-[8px] before:bg-dark before:top-[8px] before:left-0 before:rounded-full\">2,4Ghz<\/li>\n<li class=\"ml-3xs pl-[15px] relative before:absolute before:w-[8px] before:h-[8px] before:bg-dark before:top-[8px] before:left-0 before:rounded-full\">Bluetooth<\/li>\n<li class=\"ml-3xs pl-[15px] relative before:absolute before:w-[8px] before:h-[8px] before:bg-dark before:top-[8px] before:left-0 before:rounded-full\">Kopfh\u00f6rer-Anschluss<\/li>\n<\/ul>\n<p><\/span><\/div>\n<\/div>\n<\/li>\n<li class=\"mb-m\">\n<div class=\"flex flex-col m:flex-row gap-s m:gap-xl\">\n<div class=\"text-h3 min-w-[244px] max-w-[244px]\">Headsets \/ Kopfh\u00f6rer<\/div>\n<div class=\"flex flex-col gap-s\"><span class=\"\"><\/p>\n<ul class=\"flex flex-col gap-s\">\n<li class=\"ml-3xs pl-[15px] relative before:absolute before:w-[8px] before:h-[8px] before:bg-dark before:top-[8px] before:left-0 before:rounded-full\">Treiber-Typ: Dynamisch<\/li>\n<li class=\"ml-3xs pl-[15px] relative before:absolute before:w-[8px] before:h-[8px] before:bg-dark before:top-[8px] before:left-0 before:rounded-full\">Treiber-Gr\u00f6\u00dfe: 50 mm<\/li>\n<li class=\"ml-3xs pl-[15px] relative before:absolute before:w-[8px] before:h-[8px] before:bg-dark before:top-[8px] before:left-0 before:rounded-full\">Impedanz Kopfh\u00f6rer: 32 Ohm<\/li>\n<li class=\"ml-3xs pl-[15px] relative before:absolute before:w-[8px] before:h-[8px] before:bg-dark before:top-[8px] before:left-0 before:rounded-full\">\u00dcbertragungsbereich von: 12 Hz<\/li>\n<li class=\"ml-3xs pl-[15px] relative before:absolute before:w-[8px] before:h-[8px] before:bg-dark before:top-[8px] before:left-0 before:rounded-full\">\u00dcbertragungsbereich bis: 28.000 Hz<\/li>\n<li class=\"ml-3xs pl-[15px] relative before:absolute before:w-[8px] before:h-[8px] before:bg-dark before:top-[8px] before:left-0 before:rounded-full\">Trageform: Kopfb\u00fcgel beidseitig<\/li>\n<li class=\"ml-3xs pl-[15px] relative before:absolute before:w-[8px] before:h-[8px] before:bg-dark before:top-[8px] before:left-0 before:rounded-full\">Ankopplung an das Ohr: ohrumschliessend<\/li>\n<li class=\"ml-3xs pl-[15px] relative before:absolute before:w-[8px] before:h-[8px] before:bg-dark before:top-[8px] before:left-0 before:rounded-full\">Micro-\u00dcbertragungsbereich von: 20 Hz<\/li>\n<li class=\"ml-3xs pl-[15px] relative before:absolute before:w-[8px] before:h-[8px] before:bg-dark before:top-[8px] before:left-0 before:rounded-full\">Micro-\u00dcbertragungsbereich bis: 20000 Hz<\/li>\n<li class=\"ml-3xs pl-[15px] relative before:absolute before:w-[8px] before:h-[8px] before:bg-dark before:top-[8px] before:left-0 before:rounded-full\">Richtcharakteristik: unidirektional<\/li>\n<li class=\"ml-3xs pl-[15px] relative before:absolute before:w-[8px] before:h-[8px] before:bg-dark before:top-[8px] before:left-0 before:rounded-full\">Headsetbesonderheiten: <\/li>\n<div class=\"itemizedlist\">\n<ul class=\"flex flex-col gap-s\">\n<li class=\"ml-3xs pl-[15px] relative before:absolute before:w-[8px] before:h-[8px] before:bg-dark before:top-[8px] before:left-0 before:rounded-full\">Flexibler Mikrofonarm<\/li>\n<li class=\"ml-3xs pl-[15px] relative before:absolute before:w-[8px] before:h-[8px] before:bg-dark before:top-[8px] before:left-0 before:rounded-full\">Stereo Sound<\/li>\n<li class=\"ml-3xs pl-[15px] relative before:absolute before:w-[8px] before:h-[8px] before:bg-dark before:top-[8px] before:left-0 before:rounded-full\">Integrierte Lautst\u00e4rkeregelung<\/li>\n<li class=\"ml-3xs pl-[15px] relative before:absolute before:w-[8px] before:h-[8px] before:bg-dark before:top-[8px] before:left-0 before:rounded-full\">Mic Rauschunterdr\u00fcckung<\/li>\n<li class=\"ml-3xs pl-[15px] relative before:absolute before:w-[8px] before:h-[8px] before:bg-dark before:top-[8px] before:left-0 before:rounded-full\">Klare Stimmwiedergabe<\/li>\n<li class=\"ml-3xs pl-[15px] relative before:absolute before:w-[8px] before:h-[8px] before:bg-dark before:top-[8px] before:left-0 before:rounded-full\">Mic abnehmbar<\/li>\n<li class=\"ml-3xs pl-[15px] relative before:absolute before:w-[8px] before:h-[8px] before:bg-dark before:top-[8px] before:left-0 before:rounded-full\">aktives Noise-Cancelling<\/li>\n<\/ul>\n<\/div>\n<\/ul>\n<p><\/span><\/div>\n<\/div>\n<\/li>\n<li class=\"mb-m\">\n<div class=\"flex flex-col m:flex-row gap-s m:gap-xl\">\n<div class=\"text-h3 min-w-[244px] max-w-[244px]\">Gewicht<\/div>\n<div class=\"flex flex-col gap-s\"><span class=\"\"><\/p>\n<ul class=\"flex flex-col gap-s\">\n<li class=\"ml-3xs pl-[15px] relative before:absolute before:w-[8px] before:h-[8px] before:bg-dark before:top-[8px] before:left-0 before:rounded-full\">0.367 kg<\/li>\n<\/ul>\n<p><\/span><\/div>\n<\/div>\n<\/li>\n<li class=\"mb-m\">\n<div class=\"flex flex-col m:flex-row gap-s m:gap-xl\">\n<div class=\"text-h3 min-w-[244px] max-w-[244px]\">Herstellergarantie<\/div>\n<div class=\"flex flex-col gap-s\"><span class=\"\"><\/p>\n<ul class=\"flex flex-col gap-s\">\n<li class=\"ml-3xs pl-[15px] relative before:absolute before:w-[8px] before:h-[8px] before:bg-dark before:top-[8px] before:left-0 before:rounded-full\">24 Monate<\/li>\n<\/ul>\n<p><\/span><\/div>\n<\/div>\n<\/li>\n<li class=\"mb-m\">\n<div class=\"flex flex-col m:flex-row gap-s m:gap-xl\">\n<div class=\"text-h3 min-w-[244px] max-w-[244px]\">Kabellose Konnektivit\u00e4t<\/div>\n<div class=\"flex flex-col gap-s\"><span class=\"\"><\/p>\n<ul class=\"flex flex-col gap-s\">\n<li class=\"ml-3xs pl-[15px] relative before:absolute before:w-[8px] before:h-[8px] before:bg-dark before:top-[8px] before:left-0 before:rounded-full\">Anschlussart: <\/li>\n<div class=\"itemizedlist\">\n<ul class=\"flex flex-col gap-s\">\n<li class=\"ml-3xs pl-[15px] relative before:absolute before:w-[8px] before:h-[8px] before:bg-dark before:top-[8px] before:left-0 before:rounded-full\">kabelgebunden<\/li>\n<li class=\"ml-3xs pl-[15px] relative before:absolute before:w-[8px] before:h-[8px] before:bg-dark before:top-[8px] before:left-0 before:rounded-full\">kabellos<\/li>\n<\/ul>\n<\/div>\n<li class=\"ml-3xs pl-[15px] relative before:absolute before:w-[8px] before:h-[8px] before:bg-dark before:top-[8px] before:left-0 before:rounded-full\">Kabellose \u00dcbertragungsm\u00f6glichkeiten: <\/li>\n<div class=\"itemizedlist\">\n<ul class=\"flex flex-col gap-s\">\n<li class=\"ml-3xs pl-[15px] relative before:absolute before:w-[8px] before:h-[8px] before:bg-dark before:top-[8px] before:left-0 before:rounded-full\">Funk<\/li>\n<li class=\"ml-3xs pl-[15px] relative before:absolute before:w-[8px] before:h-[8px] before:bg-dark before:top-[8px] before:left-0 before:rounded-full\">Bluetooth<\/li>\n<\/ul>\n<\/div>\n<li class=\"ml-3xs pl-[15px] relative before:absolute before:w-[8px] before:h-[8px] before:bg-dark before:top-[8px] before:left-0 before:rounded-full\">Bluetooth Typ: 5.3<\/li>\n<\/ul>\n<p><\/span><\/div>\n<\/div>\n<\/li>\n<li class=\"mb-m\">\n<div class=\"flex flex-col m:flex-row gap-s m:gap-xl\">\n<div class=\"text-h3 min-w-[244px] max-w-[244px]\">Kompatibilit\u00e4t<\/div>\n<div class=\"flex flex-col gap-s\"><span class=\"\"><\/p>\n<ul class=\"flex flex-col gap-s\">\n<li class=\"ml-3xs pl-[15px] relative before:absolute before:w-[8px] before:h-[8px] before:bg-dark before:top-[8px] before:left-0 before:rounded-full\">PC<\/li>\n<\/ul>\n<p><\/span><\/div>\n<\/div>\n<\/li>\n","protected":false},"excerpt":{"rendered":"<li class=\"bullet-list-item\">kabelgebundenkabelloses Headset, Trageform: Kopfb\u00fcgel beidseitig<\/li>\n<li class=\"bullet-list-item\">ohrumschliessend (Over-Ear), Ohrpolster aus Schaum<\/li>\n<li class=\"bullet-list-item\">Anschluss \u00fcber USB-C2,4GhzBluetoothKopfh\u00f6rer-Anschluss, Bluetooth 5.3<\/li>\n<p> Herstellernummer RZ04-05401200-R3M1<\/p>","protected":false},"featured_media":44609,"comment_status":"open","ping_status":"closed","template":"","meta":{"_monsterinsights_skip_tracking":false,"_monsterinsights_sitenote_active":false,"_monsterinsights_sitenote_note":"","_monsterinsights_sitenote_category":0,"_uf_show_specific_survey":0,"_uf_disable_surveys":false},"product_brand":[],"product_cat":[465],"product_tag":[],"models":[],"years":[],"class_list":{"0":"post-27506","1":"product","2":"type-product","3":"status-publish","4":"has-post-thumbnail","6":"product_cat-gaming-headsets","8":"first","9":"instock","10":"sale","11":"featured","12":"shipping-taxable","13":"purchasable","14":"product-type-simple"},"aioseo_notices":[],"acf":[],"_links":{"self":[{"href":"https:\/\/amannforg.com\/de\/wp-json\/wp\/v2\/product\/27506","targetHints":{"allow":["GET"]}}],"collection":[{"href":"https:\/\/amannforg.com\/de\/wp-json\/wp\/v2\/product"}],"about":[{"href":"https:\/\/amannforg.com\/de\/wp-json\/wp\/v2\/types\/product"}],"replies":[{"embeddable":true,"href":"https:\/\/amannforg.com\/de\/wp-json\/wp\/v2\/comments?post=27506"}],"version-history":[{"count":1,"href":"https:\/\/amannforg.com\/de\/wp-json\/wp\/v2\/product\/27506\/revisions"}],"predecessor-version":[{"id":57623,"href":"https:\/\/amannforg.com\/de\/wp-json\/wp\/v2\/product\/27506\/revisions\/57623"}],"wp:featuredmedia":[{"embeddable":true,"href":"https:\/\/amannforg.com\/de\/wp-json\/wp\/v2\/media\/44609"}],"wp:attachment":[{"href":"https:\/\/amannforg.com\/de\/wp-json\/wp\/v2\/media?parent=27506"}],"wp:term":[{"taxonomy":"product_brand","embeddable":true,"href":"https:\/\/amannforg.com\/de\/wp-json\/wp\/v2\/product_brand?post=27506"},{"taxonomy":"product_cat","embeddable":true,"href":"https:\/\/amannforg.com\/de\/wp-json\/wp\/v2\/product_cat?post=27506"},{"taxonomy":"product_tag","embeddable":true,"href":"https:\/\/amannforg.com\/de\/wp-json\/wp\/v2\/product_tag?post=27506"},{"taxonomy":"models","embeddable":true,"href":"https:\/\/amannforg.com\/de\/wp-json\/wp\/v2\/models?post=27506"},{"taxonomy":"years","embeddable":true,"href":"https:\/\/amannforg.com\/de\/wp-json\/wp\/v2\/years?post=27506"}],"curies":[{"name":"wp","href":"https:\/\/api.w.org\/{rel}","templated":true}]}}