{"id":28229,"date":"2026-03-03T08:27:17","date_gmt":"2026-03-03T08:27:17","guid":{"rendered":"https:\/\/amannforg.com\/?post_type=product&#038;p=28229"},"modified":"2026-03-07T16:28:56","modified_gmt":"2026-03-07T16:28:56","slug":"neat-frame-all-in-one-15-touch-display-fur-fokus-raum-open-space-losungen","status":"publish","type":"product","link":"https:\/\/amannforg.com\/de\/produkt\/neat-frame-all-in-one-15-touch-display-fur-fokus-raum-open-space-losungen\/","title":{"rendered":"Neat Frame | All-In-One 15&#8243; Touch-Display f\u00fcr Fokus-Raum- &#038; Open-Space L\u00f6sungen"},"content":{"rendered":"<div class=\"article\">\n<div class=\"titlepage\">\n<h2 class=\"text-h3 mb-l\">A beautiful way to meet.<\/h2>\n<\/div>\n<p class=\"mb-l\">Neat Frame ist das erste hochformatige All-in-One-Videoger\u00e4t f\u00fcr Zoom und Microsoft Teams, das \u00fcberall einsetzbar ist. Es wurde speziell entwickelt, um den zahlreichen neuen Arbeitsstilen und -r\u00e4umen gerecht zu werden, die Unternehmen und Mitarbeiter jetzt annehmen.<\/p>\n<p class=\"mb-l\">Es handelt sich um ein \u00e4u\u00dferst praktisches Touchscreen-Ger\u00e4t, das nicht nur f\u00fcr die Arbeit von zu Hause oder einem beliebigen B\u00fcro aus attraktiv ist, sondern auch f\u00fcr Hot Desking, Sprungr\u00e4ume, Einzelhandelsumgebungen oder als virtuelle Empfangsdame und alle m\u00f6glichen anderen neuen und spannenden Anwendungen.<\/p>\n<div class=\"formalpara\">\n<div class=\"titlepage\">\n<h2 class=\"text-h3 mb-l\">PLATZSPAREND &amp; CLEVER IN DER NUTZUNG.<\/h2>\n<\/div>\n<p class=\"mb-l\">Neat Frame ist unglaublich einfach einzurichten und zu verwenden, bietet eine hervorragende audiovisuelle Qualit\u00e4t und gibt Ihren Laptop oder Desktop-Computer f\u00fcr die Arbeit frei, so dass sich Meetings weniger wie ein Jonglieren zwischen Gespr\u00e4chen, Zuh\u00f6ren und dem Hin- und Herschieben von Fenstern mit verschiedenen Inhalten anf\u00fchlen. Mit anderen Worten, es entschlackt Ihr PC-Layout sowie Ihren Schreibtisch oder \u00e4hnliche Arbeitsfl\u00e4chen.<\/p>\n<\/p><\/div>\n<p class=\"mb-l\">Mehr noch: Neat Frame verf\u00fcgt \u00fcber alle Funktionen gro\u00dfer Unternehmensl\u00f6sungen und nimmt dennoch nur wenig Platz in Anspruch. Dar\u00fcber hinaus k\u00f6nnen Sie Neat Frame dank eines subtil integrierten Griffs an der R\u00fcckseite leicht von Raum zu Raum bewegen, je nach Ihren individuellen Bed\u00fcrfnissen oder Vorlieben.<\/p>\n<div class=\"formalpara\">\n<div class=\"titlepage\">\n<h2 class=\"text-h3 mb-l\">SEHE GUT AUS, F\u00dcHL DICH WOHL UND SEI IN BESTFORM.<\/h2>\n<\/div>\n<p class=\"mb-l\">Mit seiner perfekt platzierten, hochaufl\u00f6senden Weitwinkelkamera erm\u00f6glicht Neat Frame eine direkte Kommunikation auf Augenh\u00f6he f\u00fcr eine nat\u00fcrlichere und realistischere Interaktion. Dar\u00fcber hinaus bietet das helle digitale Display kristallklare Bilder in einer Vielzahl von Umgebungen, so dass Sie sicher sein k\u00f6nnen, dass das Ger\u00e4t Sie und andere immer in sch\u00f6nen und detaillierten Bildern darstellt. Neat Frame bietet Ihnen also die M\u00f6glichkeit, immer gut auszusehen, sich gut zu f\u00fchlen und sich von Ihrer besten Seite zu zeigen, ganz gleich, wie und wo Sie sich treffen oder interagieren m\u00f6chten. Gleichzeitig bietet es Ihnen ein optimiertes Layout von Personen und Inhalten mit Touch-Steuerung, das beides in den Vordergrund r\u00fcckt, indem es mehr Bildschirmfl\u00e4che ausf\u00fcllt und \u00fcberfl\u00fcssige schwarze Bereiche reduziert.<\/p>\n<\/p><\/div>\n<div class=\"formalpara\">\n<div class=\"titlepage\">\n<h2 class=\"text-h3 mb-l\">MEHR AUDIO, WENIGER ABLENKUNG.<\/h2>\n<\/div>\n<p class=\"mb-l\">Neat Frame verf\u00fcgt \u00fcber eine fortschrittliche Audioverarbeitung, die die menschliche Stimmaufnahme verbessert und ablenkende Ger\u00e4usche beseitigt. Dazu geh\u00f6ren statische Ger\u00e4usche wie ein Ventilator oder ein Staubsauger oder andere dynamische Ger\u00e4usche wie das Tippen auf der Tastatur oder eine knisternde Chipst\u00fcte. Au\u00dferdem werden verst\u00fcmmelte &#8220;Doppelgespr\u00e4che&#8221;, bei denen zwei Personen gleichzeitig sprechen, eliminiert, so dass Ihre Gespr\u00e4che nat\u00fcrlicher verlaufen k\u00f6nnen.<\/p>\n<\/p><\/div>\n<div class=\"formalpara\">\n<div class=\"titlepage\">\n<h2 class=\"text-h3 mb-l\">GES\u00dcNDERE UND SICHERE MEETINGS.<\/h2>\n<\/div>\n<p class=\"mb-l\">Das bedeutet, dass Sie aufstehen k\u00f6nnen, um sich die Beine zu vertreten, oder sich frei bewegen k\u00f6nnen, um Ihr Wohlbefinden zu steigern, w\u00e4hrend Sie ganz in Ihr Meeting vertieft sind. In der Folge bleiben Sie l\u00e4nger energiegeladen, konzentriert und produktiv, was die Leistungsf\u00e4higkeit und den Umsatz des Unternehmens steigert. Schlie\u00dflich beseitigt Neat dank unserer sicheren Einzweck-Hardware-Ger\u00e4te Komplexit\u00e4t und Bedrohungen. Sie m\u00fcssen sich also nicht mehr um Passw\u00f6rter und Patches k\u00fcmmern. Au\u00dferdem k\u00f6nnen Sie alle aktuellen Upgrades mit nur einem Klick installieren.<\/p>\n<\/p><\/div>\n<div class=\"formalpara\">\n<div class=\"titlepage\">\n<h2 class=\"text-h3 mb-l\">EINFACH BESSERE UND BESSERE MEETING R\u00c4UME.<\/h2>\n<\/div>\n<p class=\"mb-l\">Dank Neat Sense* k\u00f6nnen Unternehmen mit Neat-Ger\u00e4ten ihren Mitarbeitern erhebliche gesundheitliche Vorteile bieten. Neat Sense hilft Ihnen bei der Steuerung und \u00dcberwachung der Luftqualit\u00e4t und der Luftfeuchtigkeit (eine gesunde Luftfeuchtigkeit in Innenr\u00e4umen liegt zwischen 30-50 %). <\/p>\n<\/p><\/div>\n<p class=\"mb-l\"> <span class=\"bold\">Neat Frame vereint leistungsstarke Technologie in einem kompakten und praktischen Meeting-Ger\u00e4t, mit dem Sie Ihren Computer f\u00fcr andere Aufgaben freimachen k\u00f6nnen. Au\u00dferdem k\u00f6nnen Sie es mit einem Microsoft Teams Calling Plan oder einem Zoom Phone-Konto als Tischtelefon verwenden.<\/span> <\/p>\n<div class=\"formalpara\">\n<div class=\"titlepage\">\n<h2 class=\"text-h3 mb-l\">neat.pulse<\/h2>\n<\/div>\n<p class=\"mb-l\"> <span class=\"bold\">Seelenfrieden im Handumdrehen.<\/span> <\/p>\n<\/p><\/div>\n<p class=\"mb-l\">Neat Pulse ist ein Full-Service-Angebot, bei dem Sie w\u00e4hlen k\u00f6nnen, welche Anwendungen auf Ihren Neat-Ger\u00e4ten ausgef\u00fchrt werden sollen, und das Ihnen die vollst\u00e4ndige Kontrolle \u00fcber Ihre Ger\u00e4tebereitstellung, erstklassigen Support und erweiterte Garantie bietet.<\/p>\n<\/p><\/div>\n<li class=\"mb-m\">\n<div class=\"flex flex-col m:flex-row gap-s m:gap-xl\">\n<div class=\"text-h3 min-w-[244px] max-w-[244px]\">neat.pulse Service<\/div>\n<div class=\"flex flex-col gap-s\"><span class=\"\"><\/p>\n<div class=\"itemizedlist\">\n<ul class=\"flex flex-col gap-s\">\n<li class=\"ml-3xs pl-[15px] relative before:absolute before:w-[8px] before:h-[8px] before:bg-dark before:top-[8px] before:left-0 before:rounded-full\"><span class=\"\">Neat Pulse ist ein Full-Service-Angebot, bei dem Sie w\u00e4hlen k\u00f6nnen, welche Anwendungen auf Ihren Neat-Ger\u00e4ten ausgef\u00fchrt werden sollen, und das Ihnen die vollst\u00e4ndige Kontrolle \u00fcber Ihre Ger\u00e4tebereitstellung, erstklassigen Support und erweiterte Garantie bietet.<\/span><\/li>\n<\/ul>\n<\/div>\n<p><\/span><\/div>\n<\/div>\n<\/li>\n<li class=\"mb-m\">\n<div class=\"flex flex-col m:flex-row gap-s m:gap-xl\">\n<div class=\"text-h3 min-w-[244px] max-w-[244px]\">Allgemeine Daten<\/div>\n<div class=\"flex flex-col gap-s\"><span class=\"\"><\/p>\n<div class=\"itemizedlist\">\n<ul class=\"flex flex-col gap-s\">\n<li class=\"ml-3xs pl-[15px] relative before:absolute before:w-[8px] before:h-[8px] before:bg-dark before:top-[8px] before:left-0 before:rounded-full\">15,6-Zoll kapazitiver Multi-Touch-LED-Bildschirm<\/li>\n<li class=\"ml-3xs pl-[15px] relative before:absolute before:w-[8px] before:h-[8px] before:bg-dark before:top-[8px] before:left-0 before:rounded-full\">450 NITS Bildschirm<\/li>\n<li class=\"ml-3xs pl-[15px] relative before:absolute before:w-[8px] before:h-[8px] before:bg-dark before:top-[8px] before:left-0 before:rounded-full\">Aufl\u00f6sung 1080&#215;1920, 60Hz<\/li>\n<li class=\"ml-3xs pl-[15px] relative before:absolute before:w-[8px] before:h-[8px] before:bg-dark before:top-[8px] before:left-0 before:rounded-full\">Seitenverh\u00e4ltnis 9:16<\/li>\n<li class=\"ml-3xs pl-[15px] relative before:absolute before:w-[8px] before:h-[8px] before:bg-dark before:top-[8px] before:left-0 before:rounded-full\">Antireflexions- und Anti-Fingerprint-Beschichtung<\/li>\n<li class=\"ml-3xs pl-[15px] relative before:absolute before:w-[8px] before:h-[8px] before:bg-dark before:top-[8px] before:left-0 before:rounded-full\">Kamera-LED<\/li>\n<li class=\"ml-3xs pl-[15px] relative before:absolute before:w-[8px] before:h-[8px] before:bg-dark before:top-[8px] before:left-0 before:rounded-full\">System-LED<\/li>\n<li class=\"ml-3xs pl-[15px] relative before:absolute before:w-[8px] before:h-[8px] before:bg-dark before:top-[8px] before:left-0 before:rounded-full\">Umgebungslichtsensor<\/li>\n<li class=\"ml-3xs pl-[15px] relative before:absolute before:w-[8px] before:h-[8px] before:bg-dark before:top-[8px] before:left-0 before:rounded-full\">Tiefensensor (Lichtlaufzeit VGA 60\u00b0 Sichtfeld)<\/li>\n<li class=\"ml-3xs pl-[15px] relative before:absolute before:w-[8px] before:h-[8px] before:bg-dark before:top-[8px] before:left-0 before:rounded-full\">Temperatursensor (*)<\/li>\n<li class=\"ml-3xs pl-[15px] relative before:absolute before:w-[8px] before:h-[8px] before:bg-dark before:top-[8px] before:left-0 before:rounded-full\">Luftfeuchtigkeitssensor (*)<\/li>\n<li class=\"ml-3xs pl-[15px] relative before:absolute before:w-[8px] before:h-[8px] before:bg-dark before:top-[8px] before:left-0 before:rounded-full\">Luftqualit\u00e4tssensor (*)<\/li>\n<li class=\"ml-3xs pl-[15px] relative before:absolute before:w-[8px] before:h-[8px] before:bg-dark before:top-[8px] before:left-0 before:rounded-full\">Stativhalterung (1\/4-20 UNC-Gewinde)<\/li>\n<li class=\"ml-3xs pl-[15px] relative before:absolute before:w-[8px] before:h-[8px] before:bg-dark before:top-[8px] before:left-0 before:rounded-full\">Sichtschutzblende<\/li>\n<li class=\"ml-3xs pl-[15px] relative before:absolute before:w-[8px] before:h-[8px] before:bg-dark before:top-[8px] before:left-0 before:rounded-full\"><span class=\"\">* Funktion wird von Microsoft Teams nicht unterst\u00fctzt<\/span><\/li>\n<\/ul>\n<\/div>\n<p><\/span><\/div>\n<\/div>\n<\/li>\n<li class=\"mb-m\">\n<div class=\"flex flex-col m:flex-row gap-s m:gap-xl\">\n<div class=\"text-h3 min-w-[244px] max-w-[244px]\">Video<\/div>\n<div class=\"flex flex-col gap-s\"><span class=\"\"><\/p>\n<div class=\"itemizedlist\">\n<ul class=\"flex flex-col gap-s\">\n<li class=\"ml-3xs pl-[15px] relative before:absolute before:w-[8px] before:h-[8px] before:bg-dark before:top-[8px] before:left-0 before:rounded-full\">4-facher Digitalzoom<\/li>\n<li class=\"ml-3xs pl-[15px] relative before:absolute before:w-[8px] before:h-[8px] before:bg-dark before:top-[8px] before:left-0 before:rounded-full\">50MP-Aufl\u00f6sung<\/li>\n<li class=\"ml-3xs pl-[15px] relative before:absolute before:w-[8px] before:h-[8px] before:bg-dark before:top-[8px] before:left-0 before:rounded-full\">113\u00b0 horizontales Sichtfeld<\/li>\n<li class=\"ml-3xs pl-[15px] relative before:absolute before:w-[8px] before:h-[8px] before:bg-dark before:top-[8px] before:left-0 before:rounded-full\">Automatischer Personenausschnitt<\/li>\n<li class=\"ml-3xs pl-[15px] relative before:absolute before:w-[8px] before:h-[8px] before:bg-dark before:top-[8px] before:left-0 before:rounded-full\">Hardware-beschleunigte Videokodierung und -dekodierung<\/li>\n<li class=\"ml-3xs pl-[15px] relative before:absolute before:w-[8px] before:h-[8px] before:bg-dark before:top-[8px] before:left-0 before:rounded-full\">Korrektur von Verzerrungen<\/li>\n<li class=\"ml-3xs pl-[15px] relative before:absolute before:w-[8px] before:h-[8px] before:bg-dark before:top-[8px] before:left-0 before:rounded-full\">Rauschunterdr\u00fcckung<\/li>\n<li class=\"ml-3xs pl-[15px] relative before:absolute before:w-[8px] before:h-[8px] before:bg-dark before:top-[8px] before:left-0 before:rounded-full\">Korrektur der chromatischen Aberration<\/li>\n<li class=\"ml-3xs pl-[15px] relative before:absolute before:w-[8px] before:h-[8px] before:bg-dark before:top-[8px] before:left-0 before:rounded-full\">Automatischer Wei\u00dfabgleich und Farbkorrektur<\/li>\n<li class=\"ml-3xs pl-[15px] relative before:absolute before:w-[8px] before:h-[8px] before:bg-dark before:top-[8px] before:left-0 before:rounded-full\">Videoaufl\u00f6sung f\u00fcr Menschen: Bis zu 1080p \/ 30<\/li>\n<li class=\"ml-3xs pl-[15px] relative before:absolute before:w-[8px] before:h-[8px] before:bg-dark before:top-[8px] before:left-0 before:rounded-full\">Videoaufl\u00f6sung f\u00fcr Inhalte: 720p \/ 60, 1080p \/ 30<\/li>\n<\/ul>\n<\/div>\n<p><\/span><\/div>\n<\/div>\n<\/li>\n<li class=\"mb-m\">\n<div class=\"flex flex-col m:flex-row gap-s m:gap-xl\">\n<div class=\"text-h3 min-w-[244px] max-w-[244px]\">Audio<\/div>\n<div class=\"flex flex-col gap-s\"><span class=\"\"><\/p>\n<div class=\"itemizedlist\">\n<ul class=\"flex flex-col gap-s\">\n<li class=\"ml-3xs pl-[15px] relative before:absolute before:w-[8px] before:h-[8px] before:bg-dark before:top-[8px] before:left-0 before:rounded-full\">Zwei-Wege-Lautsprechersystem mit minimaler Verzerrung<\/li>\n<li class=\"ml-3xs pl-[15px] relative before:absolute before:w-[8px] before:h-[8px] before:bg-dark before:top-[8px] before:left-0 before:rounded-full\">1 Nachf\u00fchrmikrofon<\/li>\n<li class=\"ml-3xs pl-[15px] relative before:absolute before:w-[8px] before:h-[8px] before:bg-dark before:top-[8px] before:left-0 before:rounded-full\">3 Beamforming-Mikrofone, die in einem End-Fire-Array angeordnet sind<\/li>\n<li class=\"ml-3xs pl-[15px] relative before:absolute before:w-[8px] before:h-[8px] before:bg-dark before:top-[8px] before:left-0 before:rounded-full\">Unterst\u00fctzung f\u00fcr kabelgebundene und kabellose Kopfh\u00f6rer<\/li>\n<li class=\"ml-3xs pl-[15px] relative before:absolute before:w-[8px] before:h-[8px] before:bg-dark before:top-[8px] before:left-0 before:rounded-full\">Hardware-beschleunigte Audioverarbeitung<\/li>\n<li class=\"ml-3xs pl-[15px] relative before:absolute before:w-[8px] before:h-[8px] before:bg-dark before:top-[8px] before:left-0 before:rounded-full\">Echounterdr\u00fcckung<\/li>\n<li class=\"ml-3xs pl-[15px] relative before:absolute before:w-[8px] before:h-[8px] before:bg-dark before:top-[8px] before:left-0 before:rounded-full\">Rauschunterdr\u00fcckung<\/li>\n<li class=\"ml-3xs pl-[15px] relative before:absolute before:w-[8px] before:h-[8px] before:bg-dark before:top-[8px] before:left-0 before:rounded-full\">Automatische Steuerung der Verst\u00e4rkung<\/li>\n<li class=\"ml-3xs pl-[15px] relative before:absolute before:w-[8px] before:h-[8px] before:bg-dark before:top-[8px] before:left-0 before:rounded-full\">Nachhallunterdr\u00fcckung<\/li>\n<\/ul>\n<\/div>\n<p><\/span><\/div>\n<\/div>\n<\/li>\n<li class=\"mb-m\">\n<div class=\"flex flex-col m:flex-row gap-s m:gap-xl\">\n<div class=\"text-h3 min-w-[244px] max-w-[244px]\">Elektrische und umwelttechnische Anforderungen<\/div>\n<div class=\"flex flex-col gap-s\"><span class=\"\"><\/p>\n<div class=\"itemizedlist\">\n<ul class=\"flex flex-col gap-s\">\n<li class=\"ml-3xs pl-[15px] relative before:absolute before:w-[8px] before:h-[8px] before:bg-dark before:top-[8px] before:left-0 before:rounded-full\">100-240V ~ 50\/60Hz 2,5A<\/li>\n<li class=\"ml-3xs pl-[15px] relative before:absolute before:w-[8px] before:h-[8px] before:bg-dark before:top-[8px] before:left-0 before:rounded-full\">Betriebsumgebungstemperatur: 32\u00b0 bis 95\u00b0 F (0\u00b0 &#8211; 35\u00b0 C)<\/li>\n<li class=\"ml-3xs pl-[15px] relative before:absolute before:w-[8px] before:h-[8px] before:bg-dark before:top-[8px] before:left-0 before:rounded-full\">Lagertemperatur: -4\u00b0 bis 140\u00b0 F (-20\u00b0 bis 60\u00b0 C)<\/li>\n<li class=\"ml-3xs pl-[15px] relative before:absolute before:w-[8px] before:h-[8px] before:bg-dark before:top-[8px] before:left-0 before:rounded-full\">Relative Luftfeuchtigkeit: 10% bis 90%<\/li>\n<li class=\"ml-3xs pl-[15px] relative before:absolute before:w-[8px] before:h-[8px] before:bg-dark before:top-[8px] before:left-0 before:rounded-full\">Netzwerk-Standby: 8 W<\/li>\n<li class=\"ml-3xs pl-[15px] relative before:absolute before:w-[8px] before:h-[8px] before:bg-dark before:top-[8px] before:left-0 before:rounded-full\">Eingebaute Stromversorgung<\/li>\n<li class=\"ml-3xs pl-[15px] relative before:absolute before:w-[8px] before:h-[8px] before:bg-dark before:top-[8px] before:left-0 before:rounded-full\">Leistungsaufnahme: Leerlauf 10W, Im Gespr\u00e4ch 14-16W, Bildschirm im Leerlauf aus: 3,5W<\/li>\n<\/ul>\n<\/div>\n<p><\/span><\/div>\n<\/div>\n<\/li>\n<li class=\"mb-m\">\n<div class=\"flex flex-col m:flex-row gap-s m:gap-xl\">\n<div class=\"text-h3 min-w-[244px] max-w-[244px]\">Netzwerk &amp; Anschl\u00fcsse<\/div>\n<div class=\"flex flex-col gap-s\"><span class=\"\"><\/p>\n<div class=\"itemizedlist\">\n<ul class=\"flex flex-col gap-s\">\n<li class=\"ml-3xs pl-[15px] relative before:absolute before:w-[8px] before:h-[8px] before:bg-dark before:top-[8px] before:left-0 before:rounded-full\">WiFi<\/li>\n<li class=\"ml-3xs pl-[15px] relative before:absolute before:w-[8px] before:h-[8px] before:bg-dark before:top-[8px] before:left-0 before:rounded-full\">Bluetooth<\/li>\n<li class=\"ml-3xs pl-[15px] relative before:absolute before:w-[8px] before:h-[8px] before:bg-dark before:top-[8px] before:left-0 before:rounded-full\">AC Power (internes Netzteil)<\/li>\n<li class=\"ml-3xs pl-[15px] relative before:absolute before:w-[8px] before:h-[8px] before:bg-dark before:top-[8px] before:left-0 before:rounded-full\">USB-C<\/li>\n<li class=\"ml-3xs pl-[15px] relative before:absolute before:w-[8px] before:h-[8px] before:bg-dark before:top-[8px] before:left-0 before:rounded-full\">4-Pin-Minibuchse<\/li>\n<\/ul>\n<\/div>\n<p><\/span><\/div>\n<\/div>\n<\/li>\n<li class=\"mb-m\">\n<div class=\"flex flex-col m:flex-row gap-s m:gap-xl\">\n<div class=\"text-h3 min-w-[244px] max-w-[244px]\">Abma\u00dfe &amp; Gewicht Neat Frame<\/div>\n<div class=\"flex flex-col gap-s\"><span class=\"\"><\/p>\n<div class=\"itemizedlist\">\n<ul class=\"flex flex-col gap-s\">\n<li class=\"ml-3xs pl-[15px] relative before:absolute before:w-[8px] before:h-[8px] before:bg-dark before:top-[8px] before:left-0 before:rounded-full\">Breite: 222,5 mm<\/li>\n<li class=\"ml-3xs pl-[15px] relative before:absolute before:w-[8px] before:h-[8px] before:bg-dark before:top-[8px] before:left-0 before:rounded-full\">H\u00f6he: 445 mm<\/li>\n<li class=\"ml-3xs pl-[15px] relative before:absolute before:w-[8px] before:h-[8px] before:bg-dark before:top-[8px] before:left-0 before:rounded-full\">Tiefe: 111,2 mm<\/li>\n<li class=\"ml-3xs pl-[15px] relative before:absolute before:w-[8px] before:h-[8px] before:bg-dark before:top-[8px] before:left-0 before:rounded-full\">Gewicht: 3,45 kg<\/li>\n<\/ul>\n<\/div>\n<p><\/span><\/div>\n<\/div>\n<\/li>\n<li class=\"mb-m\">\n<div class=\"flex flex-col m:flex-row gap-s m:gap-xl\">\n<div class=\"text-h3 min-w-[244px] max-w-[244px]\">Lieferumfang<\/div>\n<div class=\"flex flex-col gap-s\"><span class=\"\"><\/p>\n<div class=\"itemizedlist\">\n<ul class=\"flex flex-col gap-s\">\n<li class=\"ml-3xs pl-[15px] relative before:absolute before:w-[8px] before:h-[8px] before:bg-dark before:top-[8px] before:left-0 before:rounded-full\">1x Neat Frame<\/li>\n<li class=\"ml-3xs pl-[15px] relative before:absolute before:w-[8px] before:h-[8px] before:bg-dark before:top-[8px] before:left-0 before:rounded-full\">Netzkabel 3 Meter<\/li>\n<\/ul>\n<\/div>\n<p><\/span><\/div>\n<\/div>\n<\/li>\n<li class=\"mb-m\">\n<div class=\"flex flex-col m:flex-row gap-s m:gap-xl\">\n<div class=\"text-h3 min-w-[244px] max-w-[244px]\">Wichtige Anforderungen<\/div>\n<div class=\"flex flex-col gap-s\"><span class=\"\"><\/p>\n<div class=\"itemizedlist\">\n<ul class=\"flex flex-col gap-s\">\n<li class=\"ml-3xs pl-[15px] relative before:absolute before:w-[8px] before:h-[8px] before:bg-dark before:top-[8px] before:left-0 before:rounded-full\">Internetverbindung<\/li>\n<li class=\"ml-3xs pl-[15px] relative before:absolute before:w-[8px] before:h-[8px] before:bg-dark before:top-[8px] before:left-0 before:rounded-full\">Lizenz f\u00fcr Zoom Rooms oder Microsoft Teams<\/li>\n<\/ul>\n<\/div>\n<p><\/span><\/div>\n<\/div>\n<\/li>\n","protected":false},"excerpt":{"rendered":"<li class=\"bullet-list-item\">15,6\u2033 Full HD Multi-Touch-LED-Display <\/li>\n<li class=\"bullet-list-item\">Helligkeit 450 Nits<\/li>\n<li class=\"bullet-list-item\">113\u00b0 Sichtfeld Weitwinkelkamera + 50 MP + 4x Digitaler Zoom<\/li>\n<li class=\"bullet-list-item\">Bluetooth und Klinken-Verbindung f\u00fcr Headsets<\/li>\n<li class=\"bullet-list-item\">Hoch- und Tieftonlautsprecher<\/li>\n<p> Herstellernummer NEATFRAME-SE<\/p>","protected":false},"featured_media":44628,"comment_status":"open","ping_status":"closed","template":"","meta":{"_monsterinsights_skip_tracking":false,"_monsterinsights_sitenote_active":false,"_monsterinsights_sitenote_note":"","_monsterinsights_sitenote_category":0,"_uf_show_specific_survey":0,"_uf_disable_surveys":false},"product_brand":[],"product_cat":[466],"product_tag":[],"models":[],"years":[],"class_list":{"0":"post-28229","1":"product","2":"type-product","3":"status-publish","4":"has-post-thumbnail","6":"product_cat-videokonferenztechnik","8":"first","9":"instock","10":"sale","11":"shipping-taxable","12":"purchasable","13":"product-type-simple"},"aioseo_notices":[],"acf":[],"_links":{"self":[{"href":"https:\/\/amannforg.com\/de\/wp-json\/wp\/v2\/product\/28229","targetHints":{"allow":["GET"]}}],"collection":[{"href":"https:\/\/amannforg.com\/de\/wp-json\/wp\/v2\/product"}],"about":[{"href":"https:\/\/amannforg.com\/de\/wp-json\/wp\/v2\/types\/product"}],"replies":[{"embeddable":true,"href":"https:\/\/amannforg.com\/de\/wp-json\/wp\/v2\/comments?post=28229"}],"version-history":[{"count":1,"href":"https:\/\/amannforg.com\/de\/wp-json\/wp\/v2\/product\/28229\/revisions"}],"predecessor-version":[{"id":57627,"href":"https:\/\/amannforg.com\/de\/wp-json\/wp\/v2\/product\/28229\/revisions\/57627"}],"wp:featuredmedia":[{"embeddable":true,"href":"https:\/\/amannforg.com\/de\/wp-json\/wp\/v2\/media\/44628"}],"wp:attachment":[{"href":"https:\/\/amannforg.com\/de\/wp-json\/wp\/v2\/media?parent=28229"}],"wp:term":[{"taxonomy":"product_brand","embeddable":true,"href":"https:\/\/amannforg.com\/de\/wp-json\/wp\/v2\/product_brand?post=28229"},{"taxonomy":"product_cat","embeddable":true,"href":"https:\/\/amannforg.com\/de\/wp-json\/wp\/v2\/product_cat?post=28229"},{"taxonomy":"product_tag","embeddable":true,"href":"https:\/\/amannforg.com\/de\/wp-json\/wp\/v2\/product_tag?post=28229"},{"taxonomy":"models","embeddable":true,"href":"https:\/\/amannforg.com\/de\/wp-json\/wp\/v2\/models?post=28229"},{"taxonomy":"years","embeddable":true,"href":"https:\/\/amannforg.com\/de\/wp-json\/wp\/v2\/years?post=28229"}],"curies":[{"name":"wp","href":"https:\/\/api.w.org\/{rel}","templated":true}]}}