{"id":28315,"date":"2026-03-03T08:27:46","date_gmt":"2026-03-03T08:27:46","guid":{"rendered":"https:\/\/amannforg.com\/?post_type=product&#038;p=28315"},"modified":"2026-03-07T16:28:57","modified_gmt":"2026-03-07T16:28:57","slug":"logitech-logi-dock-focus-room-kit-uc-version-videokonferenzlosung","status":"publish","type":"product","link":"https:\/\/amannforg.com\/de\/produkt\/logitech-logi-dock-focus-room-kit-uc-version-videokonferenzlosung\/","title":{"rendered":"Logitech Logi Dock Focus Room Kit (UC-Version) &#8211; Videokonferenzl\u00f6sung"},"content":{"rendered":"<div class=\"article\">\n<div class=\"titlepage\">\n<h2 class=\"text-h3 mb-l\">EIN KABEL, PROFESSIONELLE MEETINGS<\/h2>\n<\/div>\n<p class=\"mb-l\"> <span class=\"bold\">Starten Sie in einem Fokus-Raum im Handumdrehen ein Meeting, indem Sie einfach ein Notebook verbinden.<\/span> <\/p>\n<div class=\"formalpara\">\n<div class=\"titlepage\">\n<h2 class=\"text-h3 mb-l\">SOFORTIGE MEETINGS DANK SOFORT EINSATZBEREITER L\u00d6SUNG<\/h2>\n<\/div><\/div>\n<p class=\"mb-l\"> <span class=\"bold\">Verbinden und an Online-Meetings teilnehmen<\/span> <\/p>\n<p class=\"mb-l\">Das Logi Dock Fokus-Raum-Kit erm\u00f6glicht Videozusammenarbeit in Konferenzr\u00e4umen, Fokus-R\u00e4umen und Telefonzellen. Es m\u00fcssen keine Treiber installiert werden. Sie verbinden einfach ein einziges USB-C-Kabel mit Ihrem Notebook1Logi Dock funktioniert mit Notebooks, die USB-C mit DisplayPort Alt-Modus unterst\u00fctzen, um sofort mit professioneller Audio- und Videoqualit\u00e4t an Meetings teilzunehmen. \u00dcber diese Verbindung kann das Notebook gleichzeitig mit bis zu 100 Watt versorgt werden.<\/p>\n<p class=\"mb-l\"> <span class=\"bold\">Bedienelemente f\u00fcr Konferenzteilnahme per Tastendruck<\/span> <\/p>\n<p class=\"mb-l\">Logi Dock ist in f\u00fchrende Videokonferenzplattformen integriert und erm\u00f6glicht es Teilnehmern, mit einer einzigen Ber\u00fchrung Audio und Video zu steuern sowie an Meetings teilzunehmen.2F\u00fcr die Kalenderintegration mit Google Calendar und Office 365 sowie f\u00fcr die One-Touch-Funktion f\u00fcr die Konferenzteilnahme ist die Logi Tune Desktop-App erforderlich. Ermutigen Sie Ihre Mitarbeiter, Logi Tune herunterzuladen, um von einer optimierten Meeting-Erfahrung zu profitieren.<\/p>\n<p class=\"mb-l\"> <span class=\"bold\">Klarer Ton<\/span> <\/p>\n<p class=\"mb-l\">Logi Dock ist eine All-in-one-Docking-Station mit integrierter Freisprecheinrichtung. Sechs Beamforming-Mikrofone erfassen Ihre Stimme kristallklar, und von Audioexperten abgestimmte Lautsprecher sorgen f\u00fcr eine klare Audiowiedergabe.<\/p>\n<p class=\"mb-l\"> <span class=\"bold\">Professionelles Video<\/span> <\/p>\n<p class=\"mb-l\">Brio l\u00e4sst Menschen nat\u00fcrlich aussehen \u2013 selbst bei schlechten Lichtverh\u00e4ltnissen. RightLight 3 und HDR-Technologie (High Dynamic Range) kompensieren schlechte Lichtverh\u00e4ltnisse. Mit dem 5-fachen HD-Zoom in klarer 4K-Aufl\u00f6sung k\u00f6nnen Sie heran- oder herauszoomen, um Nahaufnahmen zu machen und echte, interaktive Verbindungen herzustellen.<\/p>\n<div class=\"formalpara\">\n<div class=\"titlepage\">\n<h2 class=\"text-h3 mb-l\">EINFACHE INSTALLATION<\/h2>\n<\/div><\/div>\n<div class=\"formalpara\">\n<div class=\"titlepage\">\n<h2 class=\"text-h3 mb-l\">Kabelmanagement<\/h2>\n<\/div>\n<p class=\"mb-l\">\n<div class=\"itemizedlist\">\n<ul class=\"bullet-list\">\n<li class=\"bullet-list-item\">\n<p class=\"mb-l\">Sorgen Sie f\u00fcr saubere, zuverl\u00e4ssige Installationen von Logi Dock mit sicherer Kabelf\u00fchrung<\/p>\n<\/li>\n<\/ul>\n<\/div>\n<\/p><\/div>\n<div class=\"formalpara\">\n<div class=\"titlepage\">\n<h2 class=\"text-h3 mb-l\">Sichere Montage<\/h2>\n<\/div>\n<p class=\"mb-l\">\n<div class=\"itemizedlist\">\n<ul class=\"bullet-list\">\n<li class=\"bullet-list-item\">\n<p class=\"mb-l\">Nutzen Sie die zahlreiche M\u00f6glichkeiten f\u00fcr die Tischmontage, um Logi Dock schnell und einfach in allen Ihren Fokus-R\u00e4umen oder -Kabinen bereitzustellen<\/p>\n<\/li>\n<\/ul>\n<\/div>\n<\/p><\/div>\n<div class=\"formalpara\">\n<div class=\"titlepage\">\n<h2 class=\"text-h3 mb-l\">Einfache Verbindung<\/h2>\n<\/div>\n<p class=\"mb-l\">\n<div class=\"itemizedlist\">\n<ul class=\"bullet-list\">\n<li class=\"bullet-list-item\">\n<p class=\"mb-l\">Verbinden Sie Logi Dock ganz einfach mithilfe des mitgelieferten USB-C-zu-Ethernet-Adapters mit kabelgebundenen Netzwerken \u2013 f\u00fcr eine dauerhaft zuverl\u00e4ssige und sichere Netzwerkverbindung<\/p>\n<\/li>\n<\/ul>\n<\/div>\n<\/p><\/div>\n<p class=\"mb-l\"> <span class=\"bold\">EINSATZBEREIT<\/span> <\/p>\n<p class=\"mb-l\">Das Logi Dock Fokus-Raum-Kit funktioniert nahtlos mit g\u00e4ngigen Telefonie-Anwendungen auf den meisten Plattformen und Betriebssystemen. Die im Kit enthaltenen Produkte sind f\u00fcr den Unternehmenseinsatz zertifiziert (z. B. f\u00fcr Microsoft Teams, Zoom, Google Meet oder Google Voice) und funktionieren mit anderen g\u00e4ngigen Anwendungen wie Cisco Webex, BlueJeans und GoTo Meeting. Die Nutzung ist f\u00fcr die Mitarbeiter ganz einfach, sodass die IT-Abteilung weniger belastet wird.<\/p>\n<p class=\"mb-l\"> <span class=\"bold\">LEISTUNGSOPTIMIERUNG MIT LOGI TUNE<\/span> <\/p>\n<p class=\"mb-l\">F\u00fcr eine wirklich optimale Leistung k\u00f6nnen Mitarbeiter die Logi Tune Desktop-App nutzen. Diese App k\u00f6nnen sie selbst herunterladen, oder die IT-Abteilung kann diese App auf ihren Laptops bereitstellen. Mit Logi Tune k\u00f6nnen Benutzer Einstellungen f\u00fcr die Webcam und Logi Dock anpassen und speichern sowie die Kalenderintegration nutzen*, um sofort an Meetings teilzunehmen und Audio und Kamera per Tastendruck zu steuern.<\/p>\n<p class=\"mb-l\"> <sup>*F\u00fcr die Kalenderintegration ist die Logi Tune Desktop-App erforderlich, die Office 365 und Google Calendar unterst\u00fctzt.<\/sup> <\/p>\n<\/p><\/div>\n<li class=\"mb-m\">\n<div class=\"flex flex-col m:flex-row gap-s m:gap-xl\">\n<div class=\"text-h3 min-w-[244px] max-w-[244px]\">Dockingstation<\/div>\n<div class=\"flex flex-col gap-s\"><span class=\"\"><\/p>\n<div class=\"itemizedlist\">\n<ul class=\"flex flex-col gap-s\">\n<li class=\"ml-3xs pl-[15px] relative before:absolute before:w-[8px] before:h-[8px] before:bg-dark before:top-[8px] before:left-0 before:rounded-full\">Stromversorgung: Bis zu 100 W f\u00fcr Aufladungen<\/li>\n<li class=\"ml-3xs pl-[15px] relative before:absolute before:w-[8px] before:h-[8px] before:bg-dark before:top-[8px] before:left-0 before:rounded-full\">Sicherheits-Slot-Typ: Kensington-Sicherheits-Slot<\/li>\n<li class=\"ml-3xs pl-[15px] relative before:absolute before:w-[8px] before:h-[8px] before:bg-dark before:top-[8px] before:left-0 before:rounded-full\"><span class=\"\">Anschl\u00fcsse:<\/span><\/li>\n<li class=\"ml-3xs pl-[15px] relative before:absolute before:w-[8px] before:h-[8px] before:bg-dark before:top-[8px] before:left-0 before:rounded-full\">1x HDMI v. 2.0 (unterst\u00fctzt bis zu 4K, d. h. 3840 x 2160 bei 60 Hz HDR)<\/li>\n<li class=\"ml-3xs pl-[15px] relative before:absolute before:w-[8px] before:h-[8px] before:bg-dark before:top-[8px] before:left-0 before:rounded-full\">1 x DisplayPort 1.4 (unterst\u00fctzt bis zu 4K, d. h. 3840 x 2160 bei 60 Hz HDR)<\/li>\n<li class=\"ml-3xs pl-[15px] relative before:absolute before:w-[8px] before:h-[8px] before:bg-dark before:top-[8px] before:left-0 before:rounded-full\">2x USB-A (1x USB 3.1 Gen 1 (5 Gbit\/s) mit 4,5 W Ladespannung, 1x USB 3.1 Gen 1 (5 Gbit\/s) mit 7,5 W Schnellladespannung (Anschl\u00fcsse markiert mit &#8220;Blitzsymbol&#8221;))<\/li>\n<li class=\"ml-3xs pl-[15px] relative before:absolute before:w-[8px] before:h-[8px] before:bg-dark before:top-[8px] before:left-0 before:rounded-full\">3x USB-C (2x USB 3.1 Gen 1 (5 Gbit\/s) mit 4,5 W Ladespannung, 1x USB 3.1 Gen 1 (5 Gbit\/s) mit 7,5 W Schnellladespannung (Anschl\u00fcsse markiert mit )<\/li>\n<li class=\"ml-3xs pl-[15px] relative before:absolute before:w-[8px] before:h-[8px] before:bg-dark before:top-[8px] before:left-0 before:rounded-full\">1x USB-C Upstream<\/li>\n<li class=\"ml-3xs pl-[15px] relative before:absolute before:w-[8px] before:h-[8px] before:bg-dark before:top-[8px] before:left-0 before:rounded-full\">1x Wechselstrom (230 W, 19,5 V))<\/li>\n<\/ul>\n<\/div>\n<p><\/span><\/div>\n<\/div>\n<\/li>\n<li class=\"mb-m\">\n<div class=\"flex flex-col m:flex-row gap-s m:gap-xl\">\n<div class=\"text-h3 min-w-[244px] max-w-[244px]\">Kamera<\/div>\n<div class=\"flex flex-col gap-s\"><span class=\"\"><\/p>\n<div class=\"itemizedlist\">\n<ul class=\"flex flex-col gap-s\">\n<li class=\"ml-3xs pl-[15px] relative before:absolute before:w-[8px] before:h-[8px] before:bg-dark before:top-[8px] before:left-0 before:rounded-full\">Aufl\u00f6sung: 4K (Ultra HD) mit 30 Bildern pro Sekunde, 1080p mit 30 oder 60 Bildern pro Sekunde, 720p mit 30, 60 oder 90 Bildern pro Sekunde<\/li>\n<li class=\"ml-3xs pl-[15px] relative before:absolute before:w-[8px] before:h-[8px] before:bg-dark before:top-[8px] before:left-0 before:rounded-full\">Zoom: Digitaler 5-fach-Zoom in Full HD<\/li>\n<li class=\"ml-3xs pl-[15px] relative before:absolute before:w-[8px] before:h-[8px] before:bg-dark before:top-[8px] before:left-0 before:rounded-full\">Diagonales Sichtfeld: 90\u00b0 Horizontales Sichtfeld: 82,1\u00b0<\/li>\n<li class=\"ml-3xs pl-[15px] relative before:absolute before:w-[8px] before:h-[8px] before:bg-dark before:top-[8px] before:left-0 before:rounded-full\">Vertikales Sichtfeld: 52,2\u00b0<\/li>\n<\/ul>\n<\/div>\n<p><\/span><\/div>\n<\/div>\n<\/li>\n<li class=\"mb-m\">\n<div class=\"flex flex-col m:flex-row gap-s m:gap-xl\">\n<div class=\"text-h3 min-w-[244px] max-w-[244px]\">Audio<\/div>\n<div class=\"flex flex-col gap-s\"><span class=\"\"><\/p>\n<div class=\"itemizedlist\">\n<ul class=\"flex flex-col gap-s\">\n<li class=\"ml-3xs pl-[15px] relative before:absolute before:w-[8px] before:h-[8px] before:bg-dark before:top-[8px] before:left-0 before:rounded-full\">Lautsprecher: Frequenzbereich: 60 Hz\u201320 kHz, Lautsprechergr\u00f6\u00dfe: 2 x 55 mm<\/li>\n<li class=\"ml-3xs pl-[15px] relative before:absolute before:w-[8px] before:h-[8px] before:bg-dark before:top-[8px] before:left-0 before:rounded-full\">Mikrofone: Beamforming-Mikrofon-Array mit sechs Mikrofonen, Frequenzbereich: 65 Hz\u20138 kHz<\/li>\n<\/ul>\n<\/div>\n<p><\/span><\/div>\n<\/div>\n<\/li>\n<li class=\"mb-m\">\n<div class=\"flex flex-col m:flex-row gap-s m:gap-xl\">\n<div class=\"text-h3 min-w-[244px] max-w-[244px]\">Systemvoraussetzungen<\/div>\n<div class=\"flex flex-col gap-s\"><span class=\"\"><\/p>\n<div class=\"itemizedlist\">\n<ul class=\"flex flex-col gap-s\">\n<li class=\"ml-3xs pl-[15px] relative before:absolute before:w-[8px] before:h-[8px] before:bg-dark before:top-[8px] before:left-0 before:rounded-full\"><span class=\"\">Betriebssysteme:<\/span> Funktioniert mit Computern mit Windows 10 oder h\u00f6her, macOS 11 oder h\u00f6her oder Chrome \u00fcber USB-C mit ALT-Modus sowie mit Bluetooth-f\u00e4higen iOS- oder Android-Ger\u00e4ten.<\/li>\n<li class=\"ml-3xs pl-[15px] relative before:absolute before:w-[8px] before:h-[8px] before:bg-dark before:top-[8px] before:left-0 before:rounded-full\"><span class=\"\">Software-Download:<\/span> Laden Sie die Logi Tune Desktop-App herunter, um die Kalenderintegration, die One-Touch-Funktion f\u00fcr die Konferenzteilnahme und individuelle Anpassungsoptionen zu nutzen.<\/li>\n<\/ul>\n<\/div>\n<p><\/span><\/div>\n<\/div>\n<\/li>\n<li class=\"mb-m\">\n<div class=\"flex flex-col m:flex-row gap-s m:gap-xl\">\n<div class=\"text-h3 min-w-[244px] max-w-[244px]\">Zertifizierungen &amp; Kompatibilit\u00e4t<\/div>\n<div class=\"flex flex-col gap-s\"><span class=\"\"><\/p>\n<div class=\"itemizedlist\">\n<ul class=\"flex flex-col gap-s\">\n<li class=\"ml-3xs pl-[15px] relative before:absolute before:w-[8px] before:h-[8px] before:bg-dark before:top-[8px] before:left-0 before:rounded-full\">Die im Kit enthaltenen Produkte sind f\u00fcr Microsoft Teams, Zoom, Google Meet und Google Voice zertifiziert. Funktioniert mit g\u00e4ngigen Anrufanwendungen.<\/li>\n<\/ul>\n<\/div>\n<p><\/span><\/div>\n<\/div>\n<\/li>\n<li class=\"mb-m\">\n<div class=\"flex flex-col m:flex-row gap-s m:gap-xl\">\n<div class=\"text-h3 min-w-[244px] max-w-[244px]\">Abmessungen<\/div>\n<div class=\"flex flex-col gap-s\"><span class=\"\"><\/p>\n<div class=\"itemizedlist\">\n<ul class=\"flex flex-col gap-s\">\n<li class=\"ml-3xs pl-[15px] relative before:absolute before:w-[8px] before:h-[8px] before:bg-dark before:top-[8px] before:left-0 before:rounded-full\"><span class=\"\">Logi Dock mit Montagehalterung:<\/span> H\u00f6he 88 mm, Breite 160 mm, Tiefe 207 mm, Kabell\u00e4nge 1 m, Gewicht: 1,095 kg<\/li>\n<li class=\"ml-3xs pl-[15px] relative before:absolute before:w-[8px] before:h-[8px] before:bg-dark before:top-[8px] before:left-0 before:rounded-full\"><span class=\"\">Brio Webcam:<\/span> H\u00f6he 27 mm, Breite 102 mm, Tiefe 27 mm, Kabell\u00e4nge: 2,2 m, Gewicht: 63 g<\/li>\n<\/ul>\n<\/div>\n<p><\/span><\/div>\n<\/div>\n<\/li>\n<li class=\"mb-m\">\n<div class=\"flex flex-col m:flex-row gap-s m:gap-xl\">\n<div class=\"text-h3 min-w-[244px] max-w-[244px]\">Paketinhalt<\/div>\n<div class=\"flex flex-col gap-s\"><span class=\"\"><\/p>\n<div class=\"itemizedlist\">\n<ul class=\"flex flex-col gap-s\">\n<li class=\"ml-3xs pl-[15px] relative before:absolute before:w-[8px] before:h-[8px] before:bg-dark before:top-[8px] before:left-0 before:rounded-full\">Logi Dock mit Montagehalterung<\/li>\n<li class=\"ml-3xs pl-[15px] relative before:absolute before:w-[8px] before:h-[8px] before:bg-dark before:top-[8px] before:left-0 before:rounded-full\">Netzteil<\/li>\n<li class=\"ml-3xs pl-[15px] relative before:absolute before:w-[8px] before:h-[8px] before:bg-dark before:top-[8px] before:left-0 before:rounded-full\">AC-Netzkabel<\/li>\n<li class=\"ml-3xs pl-[15px] relative before:absolute before:w-[8px] before:h-[8px] before:bg-dark before:top-[8px] before:left-0 before:rounded-full\">Kabel USB-C auf USB-C<\/li>\n<li class=\"ml-3xs pl-[15px] relative before:absolute before:w-[8px] before:h-[8px] before:bg-dark before:top-[8px] before:left-0 before:rounded-full\">USB-C-Kabelf\u00fchrungsschlaufe<\/li>\n<li class=\"ml-3xs pl-[15px] relative before:absolute before:w-[8px] before:h-[8px] before:bg-dark before:top-[8px] before:left-0 before:rounded-full\">Adapter USB-C auf Ethernet<\/li>\n<li class=\"ml-3xs pl-[15px] relative before:absolute before:w-[8px] before:h-[8px] before:bg-dark before:top-[8px] before:left-0 before:rounded-full\">Material f\u00fcr die Wandmontage<\/li>\n<li class=\"ml-3xs pl-[15px] relative before:absolute before:w-[8px] before:h-[8px] before:bg-dark before:top-[8px] before:left-0 before:rounded-full\">Brio Webcam mit Universal-Montageclip<\/li>\n<li class=\"ml-3xs pl-[15px] relative before:absolute before:w-[8px] before:h-[8px] before:bg-dark before:top-[8px] before:left-0 before:rounded-full\">Kabel USB-A auf USB-C<\/li>\n<li class=\"ml-3xs pl-[15px] relative before:absolute before:w-[8px] before:h-[8px] before:bg-dark before:top-[8px] before:left-0 before:rounded-full\">Abnehmbare Abdeckblende<\/li>\n<li class=\"ml-3xs pl-[15px] relative before:absolute before:w-[8px] before:h-[8px] before:bg-dark before:top-[8px] before:left-0 before:rounded-full\">Bedienungsanleitung<\/li>\n<\/ul>\n<\/div>\n<p><\/span><\/div>\n<\/div>\n<\/li>\n","protected":false},"excerpt":{"rendered":"<li class=\"bullet-list-item\">Videokonferenzl\u00f6sung f\u00fcr Fokus-R\u00e4ume<\/li>\n<li class=\"bullet-list-item\">Verbindet bis zu f\u00fcnf USB-Peripherieger\u00e4te und bis zu zwei Monitore<\/li>\n<li class=\"bullet-list-item\">100 Watt PD<\/li>\n<li class=\"bullet-list-item\">Einfache Bedienelemente f\u00fcr Meetings mit visuellen Benachrichtigungen<\/li>\n<li class=\"bullet-list-item\">Zertifizierung: Microsoft Teams, Google Meet und Zoom<\/li>\n<p> Herstellernummer 991-000452<\/p>","protected":false},"featured_media":44676,"comment_status":"open","ping_status":"closed","template":"","meta":{"_monsterinsights_skip_tracking":false,"_monsterinsights_sitenote_active":false,"_monsterinsights_sitenote_note":"","_monsterinsights_sitenote_category":0,"_uf_show_specific_survey":0,"_uf_disable_surveys":false},"product_brand":[],"product_cat":[466],"product_tag":[],"models":[],"years":[],"class_list":{"0":"post-28315","1":"product","2":"type-product","3":"status-publish","4":"has-post-thumbnail","6":"product_cat-videokonferenztechnik","8":"first","9":"instock","10":"sale","11":"shipping-taxable","12":"purchasable","13":"product-type-simple"},"aioseo_notices":[],"acf":[],"_links":{"self":[{"href":"https:\/\/amannforg.com\/de\/wp-json\/wp\/v2\/product\/28315","targetHints":{"allow":["GET"]}}],"collection":[{"href":"https:\/\/amannforg.com\/de\/wp-json\/wp\/v2\/product"}],"about":[{"href":"https:\/\/amannforg.com\/de\/wp-json\/wp\/v2\/types\/product"}],"replies":[{"embeddable":true,"href":"https:\/\/amannforg.com\/de\/wp-json\/wp\/v2\/comments?post=28315"}],"version-history":[{"count":1,"href":"https:\/\/amannforg.com\/de\/wp-json\/wp\/v2\/product\/28315\/revisions"}],"predecessor-version":[{"id":57635,"href":"https:\/\/amannforg.com\/de\/wp-json\/wp\/v2\/product\/28315\/revisions\/57635"}],"wp:featuredmedia":[{"embeddable":true,"href":"https:\/\/amannforg.com\/de\/wp-json\/wp\/v2\/media\/44676"}],"wp:attachment":[{"href":"https:\/\/amannforg.com\/de\/wp-json\/wp\/v2\/media?parent=28315"}],"wp:term":[{"taxonomy":"product_brand","embeddable":true,"href":"https:\/\/amannforg.com\/de\/wp-json\/wp\/v2\/product_brand?post=28315"},{"taxonomy":"product_cat","embeddable":true,"href":"https:\/\/amannforg.com\/de\/wp-json\/wp\/v2\/product_cat?post=28315"},{"taxonomy":"product_tag","embeddable":true,"href":"https:\/\/amannforg.com\/de\/wp-json\/wp\/v2\/product_tag?post=28315"},{"taxonomy":"models","embeddable":true,"href":"https:\/\/amannforg.com\/de\/wp-json\/wp\/v2\/models?post=28315"},{"taxonomy":"years","embeddable":true,"href":"https:\/\/amannforg.com\/de\/wp-json\/wp\/v2\/years?post=28315"}],"curies":[{"name":"wp","href":"https:\/\/api.w.org\/{rel}","templated":true}]}}