{"id":28437,"date":"2026-03-03T08:28:47","date_gmt":"2026-03-03T08:28:47","guid":{"rendered":"https:\/\/amannforg.com\/?post_type=product&#038;p=28437"},"modified":"2026-03-13T11:30:28","modified_gmt":"2026-03-13T11:30:28","slug":"owl-labs-whiteboard-owl-kamera-erfordert-die-meeting-owl-3-oder-pro","status":"publish","type":"product","link":"https:\/\/amannforg.com\/de\/produkt\/owl-labs-whiteboard-owl-kamera-erfordert-die-meeting-owl-3-oder-pro\/","title":{"rendered":"OWL LABS Whiteboard Owl Kamera (Erfordert die Meeting Owl 3 oder Pro)"},"content":{"rendered":"<div class=\"article\">\n<div class=\"titlepage\">\n<h2 class=\"text-h3 mb-l\">OWL LABS Whiteboard Owl Kamera (Erfordert die Meeting Owl 3 oder Pro)<\/h2>\n<\/div>\n<p class=\"mb-l\"> <span class=\"bold\">Unsere spezielle Whiteboard-Kamera l\u00e4sst sich mit der Meeting Owl Pro oder 3 koppeln, damit externe Teilnehmende das Whiteboard im Raum problemlos sehen k\u00f6nnen.<\/span> <\/p>\n<div class=\"formalpara\">\n<div class=\"titlepage\">\n<h2 class=\"text-h3 mb-l\">Immer die beste Sicht \u2013 ganz egal, ob vor Ort oder remote.<\/h2>\n<\/div>\n<p class=\"mb-l\">Jetzt k\u00f6nnen Sie Zusammenarbeit live erleben, unabh\u00e4ngig davon, wo Sie sich befinden.<\/p>\n<\/p><\/div>\n<div class=\"formalpara\">\n<div class=\"titlepage\">\n<h2 class=\"text-h3 mb-l\">Verbesserte Erfahrung mit intelligenter Software<\/h2>\n<\/div>\n<p class=\"mb-l\"> <span class=\"bold\">Whiteboard optimieren<\/span> <\/p>\n<\/p><\/div>\n<div class=\"itemizedlist\">\n<ul class=\"bullet-list\">\n<li class=\"bullet-list-item\">\n<p class=\"mb-l\">Die pr\u00e4sentierende Person wird transparent dargestellt, damit das Board immer zu sehen ist<\/p>\n<\/li>\n<li class=\"bullet-list-item\">\n<p class=\"mb-l\">Blendungen und Schatten werden reduziert, damit das komplette Whiteboard sichtbar ist<\/p>\n<\/li>\n<li class=\"bullet-list-item\">\n<p class=\"mb-l\">Qualitativ hochwertigere Grafiken mit h\u00f6hrerem Kontrast und besserer S\u00e4ttigung<\/p>\n<\/li>\n<\/ul>\n<\/div>\n<div class=\"formalpara\">\n<div class=\"titlepage\">\n<h2 class=\"text-h3 mb-l\">F\u00fcr R\u00e4ume jeder Form und Gr\u00f6\u00dfe entwickelt<\/h2>\n<\/div>\n<p class=\"mb-l\"> <span class=\"bold\">Flexible Einrichtung<\/span> <\/p>\n<\/p><\/div>\n<div class=\"itemizedlist\">\n<ul class=\"bullet-list\">\n<li class=\"bullet-list-item\">\n<p class=\"mb-l\">Funktioniert f\u00fcr Whiteboards mit einer Gr\u00f6\u00dfe von bis zu 6m x 4,5m bei einem Abstand von 4,90m<\/p>\n<\/li>\n<li class=\"bullet-list-item\">\n<p class=\"mb-l\">Wandmontage mit Trockenbauschrauben und D\u00fcbeln oder Haftstreifen<\/p>\n<\/li>\n<li class=\"bullet-list-item\">\n<p class=\"mb-l\">Deckenmontage oder Befestigung auf einem Stativ f\u00fcr mehr Flexibilit\u00e4t in gr\u00f6\u00dferen R\u00e4umen<\/p>\n<\/li>\n<\/ul>\n<\/div>\n<div class=\"formalpara\">\n<div class=\"titlepage\">\n<h2 class=\"text-h3 mb-l\">Was ist in der Box?<\/h2>\n<\/div>\n<p class=\"mb-l\">\n<div class=\"itemizedlist\">\n<ul class=\"bullet-list\">\n<li class=\"bullet-list-item\">\n<p class=\"mb-l\">Whiteboard Owl<\/p>\n<\/li>\n<li class=\"bullet-list-item\">\n<p class=\"mb-l\">Netzkabel<\/p>\n<\/li>\n<li class=\"bullet-list-item\">\n<p class=\"mb-l\">2 magnetische Whiteboard-Tags<\/p>\n<\/li>\n<li class=\"bullet-list-item\">\n<p class=\"mb-l\">Schnellbauschrauben und D\u00fcbel<\/p>\n<\/li>\n<li class=\"bullet-list-item\">\n<p class=\"mb-l\">2 Haftstreifen<\/p>\n<\/li>\n<li class=\"bullet-list-item\">\n<p class=\"mb-l\">Kurzanleitung<\/p>\n<\/li>\n<\/ul>\n<\/div>\n<\/p><\/div>\n<p class=\"mb-l\"> <span class=\"bold\">Technische Daten<\/span> <\/p>\n<div class=\"formalpara\">\n<div class=\"titlepage\">\n<h2 class=\"text-h3 mb-l\">KAMERA<\/h2>\n<\/div>\n<p class=\"mb-l\">\n<div class=\"itemizedlist\">\n<ul class=\"bullet-list\">\n<li class=\"bullet-list-item\">\n<p class=\"mb-l\">Pixelaufl\u00f6sung: 4208 x 3120<\/p>\n<\/li>\n<li class=\"bullet-list-item\">\n<p class=\"mb-l\">Horizontales Sichtfeld: 68\u00b0<\/p>\n<\/li>\n<li class=\"bullet-list-item\">\n<p class=\"mb-l\">Ausgabeaufl\u00f6sung: 1080p<\/p>\n<\/li>\n<\/ul>\n<\/div>\n<\/p><\/div>\n<div class=\"formalpara\">\n<div class=\"titlepage\">\n<h2 class=\"text-h3 mb-l\">MASSE<\/h2>\n<\/div>\n<p class=\"mb-l\">\n<div class=\"itemizedlist\">\n<ul class=\"bullet-list\">\n<li class=\"bullet-list-item\">\n<p class=\"mb-l\">Gr\u00f6\u00dfe (H x B): 13 cm x 13,5 cm<\/p>\n<\/li>\n<li class=\"bullet-list-item\">\n<p class=\"mb-l\">Gewicht: 0,35 kg<\/p>\n<\/li>\n<\/ul>\n<\/div>\n<\/p><\/div>\n<div class=\"formalpara\">\n<div class=\"titlepage\">\n<h2 class=\"text-h3 mb-l\">VERBINDUNG<\/h2>\n<\/div>\n<p class=\"mb-l\">\n<div class=\"itemizedlist\">\n<ul class=\"bullet-list\">\n<li class=\"bullet-list-item\">\n<p class=\"mb-l\">WLAN<\/p>\n<\/li>\n<\/ul>\n<\/div>\n<\/p><\/div>\n<div class=\"formalpara\">\n<div class=\"titlepage\">\n<h2 class=\"text-h3 mb-l\">KOMPATIBILIT\u00c4T<\/h2>\n<\/div>\n<p class=\"mb-l\">\n<div class=\"itemizedlist\">\n<ul class=\"bullet-list\">\n<li class=\"bullet-list-item\">\n<p class=\"mb-l\">Videokonferenzen: Zoom, Google Hangouts, Slack, GoToMeeting, Microsoft Teams und mehr<\/p>\n<\/li>\n<li class=\"bullet-list-item\">\n<p class=\"mb-l\">Whiteboards: Whiteboards (nicht aus Glas) mit einer Gr\u00f6\u00dfe von bis zu 4,5 x 6m<\/p>\n<\/li>\n<\/ul>\n<\/div>\n<\/p><\/div>\n<div class=\"formalpara\">\n<div class=\"titlepage\">\n<h2 class=\"text-h3 mb-l\">VORAUSSETZUNGEN<\/h2>\n<\/div>\n<p class=\"mb-l\">\n<div class=\"itemizedlist\">\n<ul class=\"bullet-list\">\n<li class=\"bullet-list-item\">\n<p class=\"mb-l\">Meeting Owl 3 oder Meeting Owl Pro<\/p>\n<\/li>\n<li class=\"bullet-list-item\">\n<p class=\"mb-l\">Magnetisches Whiteboard<\/p>\n<\/li>\n<\/ul>\n<\/div>\n<\/p><\/div>\n<div class=\"formalpara\">\n<div class=\"titlepage\">\n<h2 class=\"text-h3 mb-l\">EINRICHTUNG<\/h2>\n<\/div>\n<p class=\"mb-l\">\n<div class=\"itemizedlist\">\n<ul class=\"bullet-list\">\n<li class=\"bullet-list-item\">\n<p class=\"mb-l\">Platzierung: 2\u20135 Meter vom Whiteboard entfernt<\/p>\n<\/li>\n<li class=\"bullet-list-item\">\n<p class=\"mb-l\">Befestigungsm\u00f6glichkeiten: Wandmontage, auf einem Stativ oder Deckenmontage<\/p>\n<\/li>\n<\/ul>\n<\/div>\n<\/p><\/div>\n<div class=\"formalpara\">\n<div class=\"titlepage\">\n<h2 class=\"text-h3 mb-l\">AKTIVIERUNG<\/h2>\n<\/div>\n<p class=\"mb-l\">\n<div class=\"itemizedlist\">\n<ul class=\"bullet-list\">\n<li class=\"bullet-list-item\">\n<p class=\"mb-l\">Umdrehen des magnetischen Tags<\/p>\n<\/li>\n<li class=\"bullet-list-item\">\n<p class=\"mb-l\">Meeting Owl-App<\/p>\n<\/li>\n<\/ul>\n<\/div>\n<\/p><\/div>\n<div class=\"formalpara\">\n<div class=\"titlepage\">\n<h2 class=\"text-h3 mb-l\">SOFTWARE<\/h2>\n<\/div>\n<p class=\"mb-l\">\n<div class=\"itemizedlist\">\n<ul class=\"bullet-list\">\n<li class=\"bullet-list-item\">\n<p class=\"mb-l\">Whiteboard-Verbesserung: Verbessert automatisch die Sichtbarkeit des Whiteboards durch erh\u00f6hte Klarheit, reduzierte Blendung und Entfernen von Schatten<\/p>\n<\/li>\n<li class=\"bullet-list-item\">\n<p class=\"mb-l\">Transparenz der vortragenden Person: Die vortragenden Personen werden transparent dargestellt, so dass externe Teilnehmende die Inhalte auf dem Whiteboard jederzeit sehen k\u00f6nnen<\/p>\n<\/li>\n<\/ul>\n<\/div>\n<\/p><\/div>\n<div class=\"formalpara\">\n<div class=\"titlepage\">\n<h2 class=\"text-h3 mb-l\">STROMVERSORGUNG<\/h2>\n<\/div>\n<p class=\"mb-l\">\n<div class=\"itemizedlist\">\n<ul class=\"bullet-list\">\n<li class=\"bullet-list-item\">\n<p class=\"mb-l\">AC-Eingang: 100\u2013240 V, 50\/60 Hz, 0,5 A<\/p>\n<\/li>\n<li class=\"bullet-list-item\">\n<p class=\"mb-l\">DC-Ausgang: 12 V, 1 A<\/p>\n<\/li>\n<\/ul>\n<\/div>\n<\/p><\/div>\n<div class=\"formalpara\">\n<div class=\"titlepage\">\n<h2 class=\"text-h3 mb-l\">SICHERHEIT<\/h2>\n<\/div>\n<p class=\"mb-l\">\n<div class=\"itemizedlist\">\n<ul class=\"bullet-list\">\n<li class=\"bullet-list-item\">\n<p class=\"mb-l\">Whiteboard-Bilder: Die Bilder von Whiteboard Capture sind nur bis zu 2 Stunden nach Beendigung des Meetings mit einem eindeutigen Passcode f\u00fcr jedes Meeting zug\u00e4nglich.<\/p>\n<\/li>\n<li class=\"bullet-list-item\">\n<p class=\"mb-l\">Software-Updates: Drahtlose Software-Updates werden von den sicheren Servern von Owl Labs heruntergeladen.<\/p>\n<\/li>\n<\/ul>\n<\/div>\n<\/p><\/div>\n<\/p><\/div>\n<li class=\"mb-m\">\n<div class=\"flex flex-col m:flex-row gap-s m:gap-xl\">\n<div class=\"text-h3 min-w-[244px] max-w-[244px]\">Ger\u00e4tetyp<\/div>\n<div class=\"flex flex-col gap-s\"><span class=\"ml-3xs pl-[15px] relative before:absolute before:w-[8px] before:h-[8px] before:bg-dark before:top-[8px] before:left-0 before:rounded-full\">Konferenz-Kamera<\/span><\/div>\n<\/div>\n<\/li>\n","protected":false},"excerpt":{"rendered":"<li class=\"bullet-list-item\">Erfordert die Meeting Owl 3 oder Pro<\/li>\n<li class=\"bullet-list-item\">Kamera Pixelaufl\u00f6sung: 4208 x 3120<\/li>\n<li class=\"bullet-list-item\">Horizontales Sichtfeld: 68\u00b0<\/li>\n<li class=\"bullet-list-item\">Ausgabeaufl\u00f6sung: 1080p <\/li>\n<li class=\"bullet-list-item\">Verbindung via Wlan<\/li>\n<p> Herstellernummer WBC100-2000<\/p>","protected":false},"featured_media":44704,"comment_status":"open","ping_status":"closed","template":"","meta":{"_monsterinsights_skip_tracking":false,"_monsterinsights_sitenote_active":false,"_monsterinsights_sitenote_note":"","_monsterinsights_sitenote_category":0,"_uf_show_specific_survey":0,"_uf_disable_surveys":false},"product_brand":[],"product_cat":[466],"product_tag":[],"models":[],"years":[],"class_list":{"0":"post-28437","1":"product","2":"type-product","3":"status-publish","4":"has-post-thumbnail","6":"product_cat-videokonferenztechnik","8":"first","9":"instock","10":"sale","11":"featured","12":"shipping-taxable","13":"purchasable","14":"product-type-simple"},"aioseo_notices":[],"acf":[],"_links":{"self":[{"href":"https:\/\/amannforg.com\/de\/wp-json\/wp\/v2\/product\/28437","targetHints":{"allow":["GET"]}}],"collection":[{"href":"https:\/\/amannforg.com\/de\/wp-json\/wp\/v2\/product"}],"about":[{"href":"https:\/\/amannforg.com\/de\/wp-json\/wp\/v2\/types\/product"}],"replies":[{"embeddable":true,"href":"https:\/\/amannforg.com\/de\/wp-json\/wp\/v2\/comments?post=28437"}],"version-history":[{"count":1,"href":"https:\/\/amannforg.com\/de\/wp-json\/wp\/v2\/product\/28437\/revisions"}],"predecessor-version":[{"id":57640,"href":"https:\/\/amannforg.com\/de\/wp-json\/wp\/v2\/product\/28437\/revisions\/57640"}],"wp:featuredmedia":[{"embeddable":true,"href":"https:\/\/amannforg.com\/de\/wp-json\/wp\/v2\/media\/44704"}],"wp:attachment":[{"href":"https:\/\/amannforg.com\/de\/wp-json\/wp\/v2\/media?parent=28437"}],"wp:term":[{"taxonomy":"product_brand","embeddable":true,"href":"https:\/\/amannforg.com\/de\/wp-json\/wp\/v2\/product_brand?post=28437"},{"taxonomy":"product_cat","embeddable":true,"href":"https:\/\/amannforg.com\/de\/wp-json\/wp\/v2\/product_cat?post=28437"},{"taxonomy":"product_tag","embeddable":true,"href":"https:\/\/amannforg.com\/de\/wp-json\/wp\/v2\/product_tag?post=28437"},{"taxonomy":"models","embeddable":true,"href":"https:\/\/amannforg.com\/de\/wp-json\/wp\/v2\/models?post=28437"},{"taxonomy":"years","embeddable":true,"href":"https:\/\/amannforg.com\/de\/wp-json\/wp\/v2\/years?post=28437"}],"curies":[{"name":"wp","href":"https:\/\/api.w.org\/{rel}","templated":true}]}}