{"id":28488,"date":"2026-03-03T08:29:10","date_gmt":"2026-03-03T08:29:10","guid":{"rendered":"https:\/\/amannforg.com\/?post_type=product&#038;p=28488"},"modified":"2026-03-13T11:35:45","modified_gmt":"2026-03-13T11:35:45","slug":"neat-adaptive-mount-wandhalterung-neat-board-50","status":"publish","type":"product","link":"https:\/\/amannforg.com\/de\/produkt\/neat-adaptive-mount-wandhalterung-neat-board-50\/","title":{"rendered":"Neat Adaptive Mount (Wandhalterung) | Neat Board 50"},"content":{"rendered":"<p class=\"mb-l\">\n<div class=\"titlepage\">\n<h2 class=\"text-h3 mb-l\">ADAPTIVE MOUNT | Neat Board 50<\/h2>\n<\/div>\n<p class=\"mb-l\">Mit der anpassungsf\u00e4higen Halterung k\u00f6nnen Sie das Neat Board 50 eng an der Wand positionieren, so dass Ihre Raumintegrationen intelligenter aussehen und Sie das Ger\u00e4t f\u00fcr eine optimale Nutzung und Ansicht nach oben oder unten bewegen k\u00f6nnen.<\/p>","protected":false},"excerpt":{"rendered":"<li class=\"bullet-list-item\">Zubeh\u00f6rkomponente &#8211; Neat Adaptive Wandhalterung<\/li>\n<li class=\"bullet-list-item\">Kompatibel mit dem Neat Board 50<\/li>\n<p> Herstellernummer NEATBOARD50-ADAPTIVEMOUNT<\/p>","protected":false},"featured_media":44745,"comment_status":"open","ping_status":"closed","template":"","meta":{"_monsterinsights_skip_tracking":false,"_monsterinsights_sitenote_active":false,"_monsterinsights_sitenote_note":"","_monsterinsights_sitenote_category":0,"_uf_show_specific_survey":0,"_uf_disable_surveys":false},"product_brand":[],"product_cat":[466],"product_tag":[],"models":[],"years":[],"class_list":{"0":"post-28488","1":"product","2":"type-product","3":"status-publish","4":"has-post-thumbnail","6":"product_cat-videokonferenztechnik","8":"first","9":"instock","10":"sale","11":"featured","12":"shipping-taxable","13":"purchasable","14":"product-type-simple"},"aioseo_notices":[],"acf":[],"_links":{"self":[{"href":"https:\/\/amannforg.com\/de\/wp-json\/wp\/v2\/product\/28488","targetHints":{"allow":["GET"]}}],"collection":[{"href":"https:\/\/amannforg.com\/de\/wp-json\/wp\/v2\/product"}],"about":[{"href":"https:\/\/amannforg.com\/de\/wp-json\/wp\/v2\/types\/product"}],"replies":[{"embeddable":true,"href":"https:\/\/amannforg.com\/de\/wp-json\/wp\/v2\/comments?post=28488"}],"version-history":[{"count":1,"href":"https:\/\/amannforg.com\/de\/wp-json\/wp\/v2\/product\/28488\/revisions"}],"predecessor-version":[{"id":57648,"href":"https:\/\/amannforg.com\/de\/wp-json\/wp\/v2\/product\/28488\/revisions\/57648"}],"wp:featuredmedia":[{"embeddable":true,"href":"https:\/\/amannforg.com\/de\/wp-json\/wp\/v2\/media\/44745"}],"wp:attachment":[{"href":"https:\/\/amannforg.com\/de\/wp-json\/wp\/v2\/media?parent=28488"}],"wp:term":[{"taxonomy":"product_brand","embeddable":true,"href":"https:\/\/amannforg.com\/de\/wp-json\/wp\/v2\/product_brand?post=28488"},{"taxonomy":"product_cat","embeddable":true,"href":"https:\/\/amannforg.com\/de\/wp-json\/wp\/v2\/product_cat?post=28488"},{"taxonomy":"product_tag","embeddable":true,"href":"https:\/\/amannforg.com\/de\/wp-json\/wp\/v2\/product_tag?post=28488"},{"taxonomy":"models","embeddable":true,"href":"https:\/\/amannforg.com\/de\/wp-json\/wp\/v2\/models?post=28488"},{"taxonomy":"years","embeddable":true,"href":"https:\/\/amannforg.com\/de\/wp-json\/wp\/v2\/years?post=28488"}],"curies":[{"name":"wp","href":"https:\/\/api.w.org\/{rel}","templated":true}]}}