{"id":29895,"date":"2026-03-03T12:34:54","date_gmt":"2026-03-03T12:34:54","guid":{"rendered":"https:\/\/amannforg.com\/?post_type=product&#038;p=29895"},"modified":"2026-03-07T16:29:04","modified_gmt":"2026-03-07T16:29:04","slug":"sony-playstation-5-slim-disc-edition-1000-gb","status":"publish","type":"product","link":"https:\/\/amannforg.com\/de\/produkt\/sony-playstation-5-slim-disc-edition-1000-gb\/","title":{"rendered":"Sony PlayStation 5 Slim | Disc Edition | 1000 GB"},"content":{"rendered":"<div class=\"article\">\n<p class=\"mb-l\"> <span class=\"bold\">Die PS5-Konsole er\u00f6ffnet v\u00f6llig neue Gaming-M\u00f6glichkeiten, die du so nie erwartet h\u00e4ttest.<\/span> <\/p>\n<p class=\"mb-l\">Freue dich auf blitzschnelles Laden mit einer ultraschnellen SSD, eine realistischere Spielerfahrung durch haptisches Feedback, adaptive Trigger-Tasten und 3D-Audio sowie eine v\u00f6llig neue Generation unglaublicher PlayStation-Spiele.<\/p>\n<p class=\"mb-l\"> <span class=\"bold\">\u00dcberw\u00e4ltigende Geschwindigkeit<\/span> <\/p>\n<p class=\"mb-l\">Nutze die Leistung der speziell entwickelten CPU, GPU und SSD mit integriertem I\/O und erlebe, wie diese PlayStation-Konsole die Gaming-Welt revolutioniert.<\/p>\n<p class=\"mb-l\"> <span class=\"bold\">Einzigartige Spiele<\/span> <\/p>\n<p class=\"mb-l\">Lass dich von der unglaublichen Grafik in den Bann ziehen und erlebe die neuen Funktionen der PS5.<\/p>\n<div class=\"itemizedlist\">\n<ul class=\"bullet-list\">\n<li class=\"bullet-list-item\">\n<p class=\"mb-l\"> <span class=\"bold\">Schlankes Design<\/span> <\/p>\n<\/li>\n<\/ul>\n<\/div>\n<p class=\"mb-l\">Mit PS5\u00ae erhalten die Spieler eine leistungsstarke Gaming-Technologie in einem schlanken und kompakten Konsolendesign.<\/p>\n<div class=\"itemizedlist\">\n<ul class=\"bullet-list\">\n<li class=\"bullet-list-item\">\n<p class=\"mb-l\"> <span class=\"bold\">1 TB Speicher<\/span> <\/p>\n<\/li>\n<\/ul>\n<\/div>\n<p class=\"mb-l\">Mit dem integrierten 1 TB gro\u00dfen SSD-Speicher haben Sie Ihre Lieblingsspiele stets griff- und spielbereit.***<\/p>\n<div class=\"itemizedlist\">\n<ul class=\"bullet-list\">\n<li class=\"bullet-list-item\">\n<p class=\"mb-l\"> <span class=\"bold\">Ultraschnelle SSD<\/span> <\/p>\n<\/li>\n<\/ul>\n<\/div>\n<p class=\"mb-l\">Hole aus deinen Gaming-Sessions mit nahezu sofortigem Laden installierter PS5\u2122-Spiele das Optimum heraus.<\/p>\n<div class=\"itemizedlist\">\n<ul class=\"bullet-list\">\n<li class=\"bullet-list-item\">\n<p class=\"mb-l\"> <span class=\"bold\">Integriertes I\/O<\/span> <\/p>\n<\/li>\n<\/ul>\n<\/div>\n<p class=\"mb-l\">Dank der benutzerdefinierten Integration der Systeme der PS5\u2122-Konsole k\u00f6nnen Entwickler Daten so schnell von der SSD abrufen, dass sie Spiele auf ganz neue Weise designen k\u00f6nnen.<\/p>\n<div class=\"itemizedlist\">\n<ul class=\"bullet-list\">\n<li class=\"bullet-list-item\">\n<p class=\"mb-l\"> <span class=\"bold\">Raytracing<\/span> <\/p>\n<\/li>\n<\/ul>\n<\/div>\n<p class=\"mb-l\">Tauche ein in Welten mit einem neuen Realismus, in denen Lichtstrahlen einzeln simuliert werden, um lebensechte Schatten und Reflexionen in unterst\u00fctzten PS5\u2122-Spielen zu erzeugen.<\/p>\n<div class=\"itemizedlist\">\n<ul class=\"bullet-list\">\n<li class=\"bullet-list-item\">\n<p class=\"mb-l\"> <span class=\"bold\">4K-TV-Gaming<\/span> <\/p>\n<\/li>\n<\/ul>\n<\/div>\n<p class=\"mb-l\">Spiele deine Lieblingsspiele f\u00fcr PS5\u2122 auf deinem Fernseher in atemberaubendem 4K.<\/p>\n<div class=\"itemizedlist\">\n<ul class=\"bullet-list\">\n<li class=\"bullet-list-item\">\n<p class=\"mb-l\"> <span class=\"bold\">Bis zu 120 Bilder pro Sekunde mit 120 Hz<\/span> <\/p>\n<\/li>\n<\/ul>\n<\/div>\n<p class=\"mb-l\">Genie\u00dfe fl\u00fcssiges Gameplay mit einer hohen Bildfrequenz von bis zu 120 Bildern pro Sekunde f\u00fcr kompatible Spiele, die eine 120 Hz-Ausgabe auf 4K-Displays unterst\u00fctzen.<\/p>\n<div class=\"itemizedlist\">\n<ul class=\"bullet-list\">\n<li class=\"bullet-list-item\">\n<p class=\"mb-l\"> <span class=\"bold\">HDR-Technologie<\/span> <\/p>\n<\/li>\n<\/ul>\n<\/div>\n<p class=\"mb-l\">Mit einem HDR-Fernseher bieten unterst\u00fctzte PS5\u2122-Spiele eine unglaublich lebendige und lebensechte Farbpalette.<\/p>\n<div class=\"itemizedlist\">\n<ul class=\"bullet-list\">\n<li class=\"bullet-list-item\">\n<p class=\"mb-l\"> <span class=\"bold\">Tempest 3D AudioTech<\/span> <\/p>\n<\/li>\n<\/ul>\n<\/div>\n<p class=\"mb-l\">Tauche ein in Klanglandschaften, in denen es sich anf\u00fchlt, als ob der Sound aus allen Richtungen kommt. Mit Tempest 3D AudioTech*** erwacht deine Umgebung in unterst\u00fctzten Spielen \u00fcber Kopfh\u00f6rer oder TV-Lautsprecher zum Leben.<\/p>\n<div class=\"itemizedlist\">\n<ul class=\"bullet-list\">\n<li class=\"bullet-list-item\">\n<p class=\"mb-l\"> <span class=\"bold\">Haptisches Feedback<\/span> <\/p>\n<\/li>\n<\/ul>\n<\/div>\n<p class=\"mb-l\">Erlebe haptisches Feedback \u00fcber den DualSense\u2122 Wireless-Controller in ausgew\u00e4hlten PS5\u2122-Titeln und sp\u00fcre die Auswirkungen deiner Spielaktionen durch dynamisches sensorisches Feedback.<\/p>\n<div class=\"itemizedlist\">\n<ul class=\"bullet-list\">\n<li class=\"bullet-list-item\">\n<p class=\"mb-l\"> <span class=\"bold\">Adaptive Trigger-Tasten<\/span> <\/p>\n<\/li>\n<\/ul>\n<\/div>\n<p class=\"mb-l\">Mach dich mit den immersiven adaptiven Trigger-Tasten vertraut, die dynamische Widerstandslevel bieten und damit die physischen Auswirkungen von In-Game-Aktivit\u00e4ten in ausgew\u00e4hlten PS5\u2122-Spielen simulieren.<\/p>\n<div class=\"itemizedlist\">\n<ul class=\"bullet-list\">\n<li class=\"bullet-list-item\">\n<p class=\"mb-l\"> <span class=\"bold\">ASTRO&#8217;s PLAYROOM\u00ae im Lieferumfang enthalten<\/span> <\/p>\n<\/li>\n<\/ul>\n<\/div>\n<p class=\"mb-l\">Entdecken Sie vier Welten, von denen jede ein innovatives Gameplay unter Verwendung der vielseitigen Funktionen des DualSense\u00ae Wireless-Controllers unter Beweis stellt. Dieses Spiel ist f\u00fcr alle PS5\u00ae-Konsolenbenutzer im Lieferumfang enthalten.<\/p>\n<div class=\"itemizedlist\">\n<ul class=\"bullet-list\">\n<li class=\"bullet-list-item\">\n<p class=\"mb-l\"> <span class=\"bold\">Abw\u00e4rtskompatibilit\u00e4t und Game Boost<\/span> <\/p>\n<\/li>\n<\/ul>\n<\/div>\n<p class=\"mb-l\">Mit der PS5\u00ae-Konsole k\u00f6nnen mehr als 4.000 Spiele f\u00fcr PS4\u00ae gespielt werden. Mit der Game Boost-Funktion profitieren Sie zudem von schnelleren und fl\u00fcssigeren Bildfrequenzen in einigen der besten Spiele der PS4-Konsole.<\/p>\n<\/p><\/div>\n<li class=\"mb-m\">\n<div class=\"flex flex-col m:flex-row gap-s m:gap-xl\">\n<div class=\"text-h3 min-w-[244px] max-w-[244px]\">Prozessor<\/div>\n<div class=\"flex flex-col gap-s\"><span class=\"ml-3xs pl-[15px] relative before:absolute before:w-[8px] before:h-[8px] before:bg-dark before:top-[8px] before:left-0 before:rounded-full\">AMD Ryzen &#8220;Zen 2&#8221; mit 8 Kernen \/ 16 Threads<\/span><\/div>\n<\/div>\n<\/li>\n<li class=\"mb-m\">\n<div class=\"flex flex-col m:flex-row gap-s m:gap-xl\">\n<div class=\"text-h3 min-w-[244px] max-w-[244px]\">RAM<\/div>\n<div class=\"flex flex-col gap-s\"><span class=\"ml-3xs pl-[15px] relative before:absolute before:w-[8px] before:h-[8px] before:bg-dark before:top-[8px] before:left-0 before:rounded-full\">16 GB GDDR6<\/span><\/div>\n<\/div>\n<\/li>\n<li class=\"mb-m\">\n<div class=\"flex flex-col m:flex-row gap-s m:gap-xl\">\n<div class=\"text-h3 min-w-[244px] max-w-[244px]\">Festplatte<\/div>\n<div class=\"flex flex-col gap-s\"><span class=\"ml-3xs pl-[15px] relative before:absolute before:w-[8px] before:h-[8px] before:bg-dark before:top-[8px] before:left-0 before:rounded-full\">1024 GB<\/span><\/div>\n<\/div>\n<\/li>\n","protected":false},"excerpt":{"rendered":"<li class=\"bullet-list-item\">HDR-Technologie <\/li>\n<li class=\"bullet-list-item\">Tempest 3D AudioTech <\/li>\n<li class=\"bullet-list-item\">4K-TV-Gaming <\/li>\n<li class=\"bullet-list-item\">Bis zu 120 Bilder pro Sekunde mit 120 Hz<\/li>\n<li class=\"bullet-list-item\">E-Chassis<\/li>\n<p> Herstellernummer 1000049741<\/p>","protected":false},"featured_media":44896,"comment_status":"open","ping_status":"closed","template":"","meta":{"_monsterinsights_skip_tracking":false,"_monsterinsights_sitenote_active":false,"_monsterinsights_sitenote_note":"","_monsterinsights_sitenote_category":0,"_uf_show_specific_survey":0,"_uf_disable_surveys":false},"product_brand":[],"product_cat":[470],"product_tag":[],"models":[],"years":[],"class_list":{"0":"post-29895","1":"product","2":"type-product","3":"status-publish","4":"has-post-thumbnail","6":"product_cat-playstation","8":"first","9":"instock","10":"sale","11":"shipping-taxable","12":"purchasable","13":"product-type-simple"},"aioseo_notices":[],"acf":[],"_links":{"self":[{"href":"https:\/\/amannforg.com\/de\/wp-json\/wp\/v2\/product\/29895","targetHints":{"allow":["GET"]}}],"collection":[{"href":"https:\/\/amannforg.com\/de\/wp-json\/wp\/v2\/product"}],"about":[{"href":"https:\/\/amannforg.com\/de\/wp-json\/wp\/v2\/types\/product"}],"replies":[{"embeddable":true,"href":"https:\/\/amannforg.com\/de\/wp-json\/wp\/v2\/comments?post=29895"}],"version-history":[{"count":1,"href":"https:\/\/amannforg.com\/de\/wp-json\/wp\/v2\/product\/29895\/revisions"}],"predecessor-version":[{"id":57679,"href":"https:\/\/amannforg.com\/de\/wp-json\/wp\/v2\/product\/29895\/revisions\/57679"}],"wp:featuredmedia":[{"embeddable":true,"href":"https:\/\/amannforg.com\/de\/wp-json\/wp\/v2\/media\/44896"}],"wp:attachment":[{"href":"https:\/\/amannforg.com\/de\/wp-json\/wp\/v2\/media?parent=29895"}],"wp:term":[{"taxonomy":"product_brand","embeddable":true,"href":"https:\/\/amannforg.com\/de\/wp-json\/wp\/v2\/product_brand?post=29895"},{"taxonomy":"product_cat","embeddable":true,"href":"https:\/\/amannforg.com\/de\/wp-json\/wp\/v2\/product_cat?post=29895"},{"taxonomy":"product_tag","embeddable":true,"href":"https:\/\/amannforg.com\/de\/wp-json\/wp\/v2\/product_tag?post=29895"},{"taxonomy":"models","embeddable":true,"href":"https:\/\/amannforg.com\/de\/wp-json\/wp\/v2\/models?post=29895"},{"taxonomy":"years","embeddable":true,"href":"https:\/\/amannforg.com\/de\/wp-json\/wp\/v2\/years?post=29895"}],"curies":[{"name":"wp","href":"https:\/\/api.w.org\/{rel}","templated":true}]}}