{"id":29930,"date":"2026-03-03T12:35:06","date_gmt":"2026-03-03T12:35:06","guid":{"rendered":"https:\/\/amannforg.com\/?post_type=product&#038;p=29930"},"modified":"2026-03-07T16:29:04","modified_gmt":"2026-03-07T16:29:04","slug":"nintendo-switch-2-inkl-mario-kart-world","status":"publish","type":"product","link":"https:\/\/amannforg.com\/de\/produkt\/nintendo-switch-2-inkl-mario-kart-world\/","title":{"rendered":"Nintendo Switch 2 (inkl. Mario Kart World)"},"content":{"rendered":"<div class=\"titlepage\">\n<h2 class=\"text-h3 mb-l\">Nintendo Switch 2<\/h2>\n<\/div>\n<p>Die Nintendo Switch 2 definiert das mobile Gaming neu und hebt das Spielerlebnis auf ein ganz neues Level. Mit revolution\u00e4ren Neuerungen in Grafik und Performance kombiniert sie die Flexibilit\u00e4t eines Handhelds mit der Power eines station\u00e4ren Systems.4K-Aufl\u00f6sungDie Nintendo Switch 2 liefert kann bis zu 4K-Aufl\u00f6sungen anzeigen, die jedes Detail zum Leben erweckt und deine Spiele in eine neue Dimension katapultiert.Bis zu 120 FramesDank modernster Hardware erm\u00f6glicht die Konsole fl\u00fcssiges Gameplay mit bis zu 120 Bildern pro Sekunde (in 1080p) \u2013 ideal f\u00fcr actionreiche Spiele und schnelle Reaktionen.Verbesserte KonsoleDie Nintendo Switch 2 hat eine verbesserte Grafik, besseren Sound, hat einen gr\u00f6\u00dferen Bildhschirm mit HDR-Support und ein eingebautes Mikrofon um mit Freunden gemeinsame zu spielen, auch von der heimisch Couch aus.256 GB SpeicherMit einem leistungsstarken Prozessor und einem erweiterten Speicher bietet die Nintendo Switch 2 schnelle Ladezeiten und gen\u00fcgend Platz f\u00fcr deine Lieblingsspiele und zus\u00e4tzlichen Content. Der Speicher ist erweiterbarMobil oder am TVOb unterwegs oder zuhause am gro\u00dfen Fernseher \u2013 die Nintendo Switch 2 passt sich deinem Lebensstil an und bietet dir \u00fcberall ein optimales Gaming-Erlebnis.Die Nintendo Switch 2 \u00fcberzeugt mit einem Mix aus hoher Aufl\u00f6sung, bis zu 120 FPS und einer Reihe weiterer Innovationen, die das Gaming-Erlebnis auf ein neues Level heben. Mit optimierter Grafik, schnellen Ladezeiten und der M\u00f6glichkeit, sie sowohl mobil als auch am TV zu nutzen, ist sie die ideale Wahl f\u00fcr Gamer und Familien, die moderne Technik und Flexibilit\u00e4t sch\u00e4tzen.  <\/p>\n<li class=\"mb-m\">\n<div class=\"flex flex-col m:flex-row gap-s m:gap-xl\">\n<div class=\"text-h3 min-w-[244px] max-w-[244px]\">Gr\u00f6\u00dfe<\/div>\n<div class=\"flex flex-col gap-s\"><span class=\"ml-3xs pl-[15px] relative before:absolute before:w-[8px] before:h-[8px] before:bg-dark before:top-[8px] before:left-0 before:rounded-full\">220 mm x 220 mm x 107 mm<\/span><\/div>\n<\/div>\n<\/li>\n<li class=\"mb-m\">\n<div class=\"flex flex-col m:flex-row gap-s m:gap-xl\">\n<div class=\"text-h3 min-w-[244px] max-w-[244px]\">Gewicht<\/div>\n<div class=\"flex flex-col gap-s\"><span class=\"ml-3xs pl-[15px] relative before:absolute before:w-[8px] before:h-[8px] before:bg-dark before:top-[8px] before:left-0 before:rounded-full\">1,7kg<\/span><\/div>\n<\/div>\n<\/li>\n<li class=\"mb-m\">\n<div class=\"flex flex-col m:flex-row gap-s m:gap-xl\">\n<div class=\"text-h3 min-w-[244px] max-w-[244px]\">Bildschirm<\/div>\n<div class=\"flex flex-col gap-s\"><span class=\"ml-3xs pl-[15px] relative before:absolute before:w-[8px] before:h-[8px] before:bg-dark before:top-[8px] before:left-0 before:rounded-full\">Kapazitiver Touchscreen \/ 7,9-Zoll-LCD \/ Aufl\u00f6sung: 1920 x 1080<\/span><\/div>\n<\/div>\n<\/li>\n<li class=\"mb-m\">\n<div class=\"flex flex-col m:flex-row gap-s m:gap-xl\">\n<div class=\"text-h3 min-w-[244px] max-w-[244px]\">Systemspeicher<\/div>\n<div class=\"flex flex-col gap-s\"><span class=\"ml-3xs pl-[15px] relative before:absolute before:w-[8px] before:h-[8px] before:bg-dark before:top-[8px] before:left-0 before:rounded-full\">256 GB<\/span><span class=\"ml-3xs pl-[15px] relative before:absolute before:w-[8px] before:h-[8px] before:bg-dark before:top-[8px] before:left-0 before:rounded-full\">Du kannst den Speicherplatz deiner Konsole mit kompatiblen microSD Cards (separat erh\u00e4ltlich) erweitern.<\/span><span class=\"ml-3xs pl-[15px] relative before:absolute before:w-[8px] before:h-[8px] before:bg-dark before:top-[8px] before:left-0 before:rounded-full\">Hinweis: Ein Teil des internen Speicherplatzes ist f\u00fcr das Betriebssystem reserviert.<\/span><\/div>\n<\/div>\n<\/li>\n<li class=\"mb-m\">\n<div class=\"flex flex-col m:flex-row gap-s m:gap-xl\">\n<div class=\"text-h3 min-w-[244px] max-w-[244px]\">Lieferumfang<\/div>\n<div class=\"flex flex-col gap-s\"><span class=\"ml-3xs pl-[15px] relative before:absolute before:w-[8px] before:h-[8px] before:bg-dark before:top-[8px] before:left-0 before:rounded-full\">Nintendo Switch 2 Konsole<\/span><span class=\"ml-3xs pl-[15px] relative before:absolute before:w-[8px] before:h-[8px] before:bg-dark before:top-[8px] before:left-0 before:rounded-full\">Switch 2 Station<\/span><span class=\"ml-3xs pl-[15px] relative before:absolute before:w-[8px] before:h-[8px] before:bg-dark before:top-[8px] before:left-0 before:rounded-full\">2 Joy-Con 2 Controller<\/span><span class=\"ml-3xs pl-[15px] relative before:absolute before:w-[8px] before:h-[8px] before:bg-dark before:top-[8px] before:left-0 before:rounded-full\">2 Joy-Con 2 Handgelenksschlaufen<\/span><span class=\"ml-3xs pl-[15px] relative before:absolute before:w-[8px] before:h-[8px] before:bg-dark before:top-[8px] before:left-0 before:rounded-full\">Joy-Con 2 Halterung<\/span><span class=\"ml-3xs pl-[15px] relative before:absolute before:w-[8px] before:h-[8px] before:bg-dark before:top-[8px] before:left-0 before:rounded-full\">HDMI-Kabel<\/span><span class=\"ml-3xs pl-[15px] relative before:absolute before:w-[8px] before:h-[8px] before:bg-dark before:top-[8px] before:left-0 before:rounded-full\">Netzteil<\/span><span class=\"ml-3xs pl-[15px] relative before:absolute before:w-[8px] before:h-[8px] before:bg-dark before:top-[8px] before:left-0 before:rounded-full\">Mario Kart World (digital)<\/span><\/div>\n<\/div>\n<\/li>\n","protected":false},"excerpt":{"rendered":"<li class=\"bullet-list-item\">gro\u00dfer 7,9 Zoll Multi-Touch-Display mit HDR und bis zu 120 Frames<\/li>\n<li class=\"bullet-list-item\">256 GB Speicher, erweiterbar<\/li>\n<li class=\"bullet-list-item\">am TV bis zu 4K-Aufl\u00f6sung, mobil Full-HD-Aufl\u00f6sung<\/li>\n<li class=\"bullet-list-item\">inkl. 2 Joycons &amp; Dockingstation<\/li>\n<li class=\"bullet-list-item\">inkl. Mario Kart World (digital)<\/li>\n<p> Herstellernummer 10015920<\/p>","protected":false},"featured_media":44900,"comment_status":"open","ping_status":"closed","template":"","meta":{"_monsterinsights_skip_tracking":false,"_monsterinsights_sitenote_active":false,"_monsterinsights_sitenote_note":"","_monsterinsights_sitenote_category":0,"_uf_show_specific_survey":0,"_uf_disable_surveys":false},"product_brand":[],"product_cat":[471],"product_tag":[],"models":[],"years":[],"class_list":{"0":"post-29930","1":"product","2":"type-product","3":"status-publish","4":"has-post-thumbnail","6":"product_cat-nintendo","8":"first","9":"instock","10":"sale","11":"shipping-taxable","12":"purchasable","13":"product-type-simple"},"aioseo_notices":[],"acf":[],"_links":{"self":[{"href":"https:\/\/amannforg.com\/de\/wp-json\/wp\/v2\/product\/29930","targetHints":{"allow":["GET"]}}],"collection":[{"href":"https:\/\/amannforg.com\/de\/wp-json\/wp\/v2\/product"}],"about":[{"href":"https:\/\/amannforg.com\/de\/wp-json\/wp\/v2\/types\/product"}],"replies":[{"embeddable":true,"href":"https:\/\/amannforg.com\/de\/wp-json\/wp\/v2\/comments?post=29930"}],"version-history":[{"count":1,"href":"https:\/\/amannforg.com\/de\/wp-json\/wp\/v2\/product\/29930\/revisions"}],"predecessor-version":[{"id":57680,"href":"https:\/\/amannforg.com\/de\/wp-json\/wp\/v2\/product\/29930\/revisions\/57680"}],"wp:featuredmedia":[{"embeddable":true,"href":"https:\/\/amannforg.com\/de\/wp-json\/wp\/v2\/media\/44900"}],"wp:attachment":[{"href":"https:\/\/amannforg.com\/de\/wp-json\/wp\/v2\/media?parent=29930"}],"wp:term":[{"taxonomy":"product_brand","embeddable":true,"href":"https:\/\/amannforg.com\/de\/wp-json\/wp\/v2\/product_brand?post=29930"},{"taxonomy":"product_cat","embeddable":true,"href":"https:\/\/amannforg.com\/de\/wp-json\/wp\/v2\/product_cat?post=29930"},{"taxonomy":"product_tag","embeddable":true,"href":"https:\/\/amannforg.com\/de\/wp-json\/wp\/v2\/product_tag?post=29930"},{"taxonomy":"models","embeddable":true,"href":"https:\/\/amannforg.com\/de\/wp-json\/wp\/v2\/models?post=29930"},{"taxonomy":"years","embeddable":true,"href":"https:\/\/amannforg.com\/de\/wp-json\/wp\/v2\/years?post=29930"}],"curies":[{"name":"wp","href":"https:\/\/api.w.org\/{rel}","templated":true}]}}