{"id":30571,"date":"2026-03-03T12:38:23","date_gmt":"2026-03-03T12:38:23","guid":{"rendered":"https:\/\/amannforg.com\/?post_type=product&#038;p=30571"},"modified":"2026-03-07T16:29:05","modified_gmt":"2026-03-07T16:29:05","slug":"fractal-refine-gaming-chair-mesh-light-hellgrau-synchro-tilt-mechanismus-ruckenlehne-mit-integrierter-lordosenstutze","status":"publish","type":"product","link":"https:\/\/amannforg.com\/de\/produkt\/fractal-refine-gaming-chair-mesh-light-hellgrau-synchro-tilt-mechanismus-ruckenlehne-mit-integrierter-lordosenstutze\/","title":{"rendered":"Fractal Refine Gaming Chair Mesh Light\/ Hellgrau | Synchro-Tilt Mechanismus, Ru\u0308ckenlehne mit integrierter Lordosenstu\u0308tze"},"content":{"rendered":"<p class=\"mb-l\">\n<div class=\"titlepage\">\n<h2 class=\"text-h3 mb-l\">Refine | Experience gaming comfort<\/h2>\n<\/div>\n<p class=\"mb-l\">Der Fractal Refine Gaming-Stuhl wurde entwickelt, um dir eine bequeme, individuell anpassbare Basis zu bieten, von der aus du dich voll und ganz auf das perfekte Spielerlebnis einlassen kannst. Inspiriert von skandinavischem M\u00f6beldesign, forschungsbasierter Ergonomie und modernen Gaming-Trends vereint Refine den ergonomischen Komfort hochwertiger Bu\u0308rostu\u0308hle mit intuitiven Bedienelementen und einer \u00c4sthetik, die deiner Gaming-Station stilvolle Eleganz verleiht.<\/p>\n<p class=\"mb-l\">\n<div class=\"titlepage\">\n<h2 class=\"text-h3 mb-l\">Key Features<\/h2>\n<\/div>\n<div class=\"itemizedlist\">\n<ul class=\"bullet-list\">\n<li class=\"bullet-list-item\"><i>Anhaltenden Komfort<\/i> dank bequemer Schaumpolsterung oder flexiblem Mesh-Gewebe an Sitzfl\u00e4che und Ru\u0308ckenlehne, sowie einer Nackenstu\u0308tze mit Memory-Foam<\/li>\n<li class=\"bullet-list-item\"><i>Verleihe deiner Gaming-Station<\/i> durch das cleane, aber dynamische Design mit Stoff-, Mesh- oder Alcantara-Bezug mehr Eleganz<\/li>\n<li class=\"bullet-list-item\"><i>Ergonomisches Zuru\u0308cklehnen<\/i> dank Synchro-Tilt Mechanismus und einer Neigungsfunktion mit einstellbarem Widerstand<\/li>\n<li class=\"bullet-list-item\"><i>Finde deine perfekte K\u00f6rperhaltung<\/i> mit 4D Armlehnen, der h\u00f6henverstellbaren Nackenstu\u0308tze, sowie der in der H\u00f6he und Tiefe verstellbaren Sitzfl\u00e4che<\/li>\n<li class=\"bullet-list-item\"><i>Fu\u0308r optimalen, ergonomischen Komfort<\/i> kann die integrierte Lordosenstu\u0308tze in der H\u00f6he und Tiefe angepasst werden<\/li>\n<li class=\"bullet-list-item\"><i>Langlebige Konstruktion<\/i> mit widerstandsf\u00e4higen Materialien, einem glasfaserverst\u00e4rktem Rahmen und robustem Fu\u00dfkreuz aus Aluminium<\/li>\n<li class=\"bullet-list-item\"><i>Leichtg\u00e4ngige, nabenlose Rollen<\/i> aus speziellem Material, das St\u00f6\u00dfe absorbiert, die Lautst\u00e4rke reduziert und die Oberfl\u00e4che des Bodens schont<\/li>\n<\/ul>\n<\/div>\n<li class=\"mb-m\">\n<div class=\"flex flex-col m:flex-row gap-s m:gap-xl\">\n<div class=\"text-h3 min-w-[244px] max-w-[244px]\">Spezifikationen<\/div>\n<div class=\"flex flex-col gap-s\"><span class=\"ml-3xs pl-[15px] relative before:absolute before:w-[8px] before:h-[8px] before:bg-dark before:top-[8px] before:left-0 before:rounded-full\">Rahmen Glasfaserverst\u00e4rkter (20-30%) PP\/PA Kunststoff<\/span><span class=\"ml-3xs pl-[15px] relative before:absolute before:w-[8px] before:h-[8px] before:bg-dark before:top-[8px] before:left-0 before:rounded-full\">Sitz Fabric: Kaltschaum | Mesh: Mesh<\/span><span class=\"ml-3xs pl-[15px] relative before:absolute before:w-[8px] before:h-[8px] before:bg-dark before:top-[8px] before:left-0 before:rounded-full\">R\u00fcckenlehne Fabric: Kaltschaum | Mesh: Mesh<\/span><span class=\"ml-3xs pl-[15px] relative before:absolute before:w-[8px] before:h-[8px] before:bg-dark before:top-[8px] before:left-0 before:rounded-full\">Nackenst\u00fctze Memory-Foam<\/span><span class=\"ml-3xs pl-[15px] relative before:absolute before:w-[8px] before:h-[8px] before:bg-dark before:top-[8px] before:left-0 before:rounded-full\">Fu\u00dfkreuz Aluminium<\/span><span class=\"ml-3xs pl-[15px] relative before:absolute before:w-[8px] before:h-[8px] before:bg-dark before:top-[8px] before:left-0 before:rounded-full\">Rollen Nabenlose 65 mm Rollen mit weichem PU Kunststoff<\/span><span class=\"ml-3xs pl-[15px] relative before:absolute before:w-[8px] before:h-[8px] before:bg-dark before:top-[8px] before:left-0 before:rounded-full\">Gasdruckfeder 120 mm Klasse 4<\/span><span class=\"ml-3xs pl-[15px] relative before:absolute before:w-[8px] before:h-[8px] before:bg-dark before:top-[8px] before:left-0 before:rounded-full\">Mechanismus Synchro-tilt<\/span><span class=\"ml-3xs pl-[15px] relative before:absolute before:w-[8px] before:h-[8px] before:bg-dark before:top-[8px] before:left-0 before:rounded-full\">Armlehnen Aluminium-Mechanismus mit Stahlhalterung und Kunststoffabdeckung<\/span><span class=\"ml-3xs pl-[15px] relative before:absolute before:w-[8px] before:h-[8px] before:bg-dark before:top-[8px] before:left-0 before:rounded-full\">Armpolster Weicher PU Schaum mit TPU Abdeckung<\/span><span class=\"ml-3xs pl-[15px] relative before:absolute before:w-[8px] before:h-[8px] before:bg-dark before:top-[8px] before:left-0 before:rounded-full\">Lordosenst\u00fctze H\u00f6hen- und tiefenverstellbar<\/span><span class=\"ml-3xs pl-[15px] relative before:absolute before:w-[8px] before:h-[8px] before:bg-dark before:top-[8px] before:left-0 before:rounded-full\">Bezug Mesh: Nylon verst\u00e4rktes Mesh-Gewebe, Fabric: Gewebter, nicht-organischer Stoff, Alcantara\u00ae: Alcantara\u00ae<\/span><\/div>\n<\/div>\n<\/li>\n<li class=\"mb-m\">\n<div class=\"flex flex-col m:flex-row gap-s m:gap-xl\">\n<div class=\"text-h3 min-w-[244px] max-w-[244px]\">Einstellungen<\/div>\n<div class=\"flex flex-col gap-s\"><span class=\"ml-3xs pl-[15px] relative before:absolute before:w-[8px] before:h-[8px] before:bg-dark before:top-[8px] before:left-0 before:rounded-full\">Sitz H\u00f6he (Abstand zum Boden) Fabric: 475 mm \u2013 595 mm | Mesh: 490 mm \u2013 610 mm<\/span><span class=\"ml-3xs pl-[15px] relative before:absolute before:w-[8px] before:h-[8px] before:bg-dark before:top-[8px] before:left-0 before:rounded-full\">Sitztiefe Fabric: 425 mm \u2013 480 mm | Mesh: 450 mm \u2013 505 mm<\/span><span class=\"ml-3xs pl-[15px] relative before:absolute before:w-[8px] before:h-[8px] before:bg-dark before:top-[8px] before:left-0 before:rounded-full\">Armlehnen H\u00f6he (Abstand zum Sitz) Fabric: 160 mm \u2013 270 mm | Mesh: 145 mm \u2013 255 mm<\/span><span class=\"ml-3xs pl-[15px] relative before:absolute before:w-[8px] before:h-[8px] before:bg-dark before:top-[8px] before:left-0 before:rounded-full\">Armlehnen Abstand Fabric: 420 mm \u2013 560 mm | Mesh: 430 mm \u2013 560 mm<\/span><span class=\"ml-3xs pl-[15px] relative before:absolute before:w-[8px] before:h-[8px] before:bg-dark before:top-[8px] before:left-0 before:rounded-full\">Armlehnen Rotation \u00b115\u00b0<\/span><span class=\"ml-3xs pl-[15px] relative before:absolute before:w-[8px] before:h-[8px] before:bg-dark before:top-[8px] before:left-0 before:rounded-full\">Armlehnen Tiefenverstellbarkeit 60 mm<\/span><span class=\"ml-3xs pl-[15px] relative before:absolute before:w-[8px] before:h-[8px] before:bg-dark before:top-[8px] before:left-0 before:rounded-full\">Lordosenst\u00fctze H\u00f6henverstellbarkeit 110 mm<\/span><span class=\"ml-3xs pl-[15px] relative before:absolute before:w-[8px] before:h-[8px] before:bg-dark before:top-[8px] before:left-0 before:rounded-full\">Lordosenst\u00fctze Tiefenverstellbarkeit 20 mm<\/span><span class=\"ml-3xs pl-[15px] relative before:absolute before:w-[8px] before:h-[8px] before:bg-dark before:top-[8px] before:left-0 before:rounded-full\">Max Neigungswinkel 125\u00b0 (~130\u00b0 Unter Belastung)<\/span><span class=\"ml-3xs pl-[15px] relative before:absolute before:w-[8px] before:h-[8px] before:bg-dark before:top-[8px] before:left-0 before:rounded-full\">Mechanismus Neigungsfunktion Donati Dynamic<\/span><span class=\"ml-3xs pl-[15px] relative before:absolute before:w-[8px] before:h-[8px] before:bg-dark before:top-[8px] before:left-0 before:rounded-full\">Neigungsverh\u00e4ltnis R\u00fcckenlehne\/Sitz 2:1<\/span><span class=\"ml-3xs pl-[15px] relative before:absolute before:w-[8px] before:h-[8px] before:bg-dark before:top-[8px] before:left-0 before:rounded-full\">Fixierung der R\u00fcckenlehne in geneigter Position 13<\/span><span class=\"ml-3xs pl-[15px] relative before:absolute before:w-[8px] before:h-[8px] before:bg-dark before:top-[8px] before:left-0 before:rounded-full\">Freie Neigungsfunktion Ja<\/span><span class=\"ml-3xs pl-[15px] relative before:absolute before:w-[8px] before:h-[8px] before:bg-dark before:top-[8px] before:left-0 before:rounded-full\">Nackenst\u00fctze H\u00f6henverstellbarkeit 120 mm<\/span><\/div>\n<\/div>\n<\/li>\n<li class=\"mb-m\">\n<div class=\"flex flex-col m:flex-row gap-s m:gap-xl\">\n<div class=\"text-h3 min-w-[244px] max-w-[244px]\">Abmessungen<\/div>\n<div class=\"flex flex-col gap-s\"><span class=\"ml-3xs pl-[15px] relative before:absolute before:w-[8px] before:h-[8px] before:bg-dark before:top-[8px] before:left-0 before:rounded-full\">Nackenst\u00fctze Breite 210 mm<\/span><span class=\"ml-3xs pl-[15px] relative before:absolute before:w-[8px] before:h-[8px] before:bg-dark before:top-[8px] before:left-0 before:rounded-full\">Nackenst\u00fctze Tiefe 80 mm<\/span><span class=\"ml-3xs pl-[15px] relative before:absolute before:w-[8px] before:h-[8px] before:bg-dark before:top-[8px] before:left-0 before:rounded-full\">Nackenst\u00fctze H\u00f6he 185 mm<\/span><span class=\"ml-3xs pl-[15px] relative before:absolute before:w-[8px] before:h-[8px] before:bg-dark before:top-[8px] before:left-0 before:rounded-full\">Lordosenst\u00fctze Pad H\u00f6he 110 mm<\/span><span class=\"ml-3xs pl-[15px] relative before:absolute before:w-[8px] before:h-[8px] before:bg-dark before:top-[8px] before:left-0 before:rounded-full\">Lordosenst\u00fctze Pad Breite 260 mm<\/span><span class=\"ml-3xs pl-[15px] relative before:absolute before:w-[8px] before:h-[8px] before:bg-dark before:top-[8px] before:left-0 before:rounded-full\">Sitz Breite Fabric: 540 mm | Mesh: 550 mm<\/span><span class=\"ml-3xs pl-[15px] relative before:absolute before:w-[8px] before:h-[8px] before:bg-dark before:top-[8px] before:left-0 before:rounded-full\">Sitz Tiefe Fabric: 460 mm | Mesh: 465 mm<\/span><span class=\"ml-3xs pl-[15px] relative before:absolute before:w-[8px] before:h-[8px] before:bg-dark before:top-[8px] before:left-0 before:rounded-full\">Sitzfl\u00e4che Breite (Naht zu Naht) 435 mm<\/span><span class=\"ml-3xs pl-[15px] relative before:absolute before:w-[8px] before:h-[8px] before:bg-dark before:top-[8px] before:left-0 before:rounded-full\">Armauflage L\u00e4nge 250 mm<\/span><span class=\"ml-3xs pl-[15px] relative before:absolute before:w-[8px] before:h-[8px] before:bg-dark before:top-[8px] before:left-0 before:rounded-full\">Armauflage Breite 110 mm<\/span><span class=\"ml-3xs pl-[15px] relative before:absolute before:w-[8px] before:h-[8px] before:bg-dark before:top-[8px] before:left-0 before:rounded-full\">R\u00fcckenlehne H\u00f6he (Abstand zum Boden) 1340 mm \u2013 1465 mm<\/span><span class=\"ml-3xs pl-[15px] relative before:absolute before:w-[8px] before:h-[8px] before:bg-dark before:top-[8px] before:left-0 before:rounded-full\">R\u00fcckenlehne H\u00f6he (Abstand zum Sitz) Fabric: 875 mm | Mesh: 860 mm<\/span><span class=\"ml-3xs pl-[15px] relative before:absolute before:w-[8px] before:h-[8px] before:bg-dark before:top-[8px] before:left-0 before:rounded-full\">R\u00fcckenlehne Breite 530 mm<\/span><span class=\"ml-3xs pl-[15px] relative before:absolute before:w-[8px] before:h-[8px] before:bg-dark before:top-[8px] before:left-0 before:rounded-full\">Rollen Gr\u00f6\u00dfe 65 mm<\/span><span class=\"ml-3xs pl-[15px] relative before:absolute before:w-[8px] before:h-[8px] before:bg-dark before:top-[8px] before:left-0 before:rounded-full\">Fu\u00dfkreuz Durchmesser 700 mm<\/span><\/div>\n<\/div>\n<\/li>\n<li class=\"mb-m\">\n<div class=\"flex flex-col m:flex-row gap-s m:gap-xl\">\n<div class=\"text-h3 min-w-[244px] max-w-[244px]\">Allgemein<\/div>\n<div class=\"flex flex-col gap-s\"><span class=\"ml-3xs pl-[15px] relative before:absolute before:w-[8px] before:h-[8px] before:bg-dark before:top-[8px] before:left-0 before:rounded-full\">Zertifikate Bifma X5.1, EN1335-1 , BS5852 OR CAL TB 117 + EN1021-1\/-2<\/span><span class=\"ml-3xs pl-[15px] relative before:absolute before:w-[8px] before:h-[8px] before:bg-dark before:top-[8px] before:left-0 before:rounded-full\">Maximalbelastung 125 kg<\/span><span class=\"ml-3xs pl-[15px] relative before:absolute before:w-[8px] before:h-[8px] before:bg-dark before:top-[8px] before:left-0 before:rounded-full\">Empfohlene K\u00f6rpergr\u00f6\u00dfe 1,65 m \u2013 2,0 m<\/span><span class=\"ml-3xs pl-[15px] relative before:absolute before:w-[8px] before:h-[8px] before:bg-dark before:top-[8px] before:left-0 before:rounded-full\">Empfohlene Gewicht 60 kg \u2013 125 kg<\/span><span class=\"ml-3xs pl-[15px] relative before:absolute before:w-[8px] before:h-[8px] before:bg-dark before:top-[8px] before:left-0 before:rounded-full\">Gewicht Produkt 25,7 kg (Alcantara\u00ae: 25,8 kg)<\/span><span class=\"ml-3xs pl-[15px] relative before:absolute before:w-[8px] before:h-[8px] before:bg-dark before:top-[8px] before:left-0 before:rounded-full\">Gewicht Paket 35,7 kg (Alcantara\u00ae: 35,8 kg<\/span><span class=\"ml-3xs pl-[15px] relative before:absolute before:w-[8px] before:h-[8px] before:bg-dark before:top-[8px] before:left-0 before:rounded-full\">Abmessungen Paket (LxBxH) 107x68x39 cm<\/span><span class=\"ml-3xs pl-[15px] relative before:absolute before:w-[8px] before:h-[8px] before:bg-dark before:top-[8px] before:left-0 before:rounded-full\">Lieferumfang Sitzfl\u00e4che mit Synchro-Tilt Mechanismus R\u00fcckenlehne mit integrierter Lordosenst\u00fctze Fu\u00dfkreuz Nackenst\u00fctze Accessory Box (gro\u00df) Quick Start Guide Vorwort der Designer + Umschlag<\/span><\/div>\n<\/div>\n<\/li>\n","protected":false},"excerpt":{"rendered":"<li class=\"bullet-list-item\">Anhaltenden Komfort dank bequemer Schaumpolsterung oder flexiblem Mesh-Gewebe<\/li>\n<li class=\"bullet-list-item\">Ergonomisches Zur\u00fccklehnen dank Synchro-Tilt Mechanismus<\/li>\n<li class=\"bullet-list-item\">Finde deine perfekte K\u00f6rperhaltung mit 4D Armlehnen<\/li>\n<li class=\"bullet-list-item\">Integrierte, in H\u00f6he und Tiefe anpassbare Lordosenst\u00fctze<\/li>\n<li class=\"bullet-list-item\">Langlebige Konstruktion mit widerstandsf\u00e4higen Materialien<\/li>\n<p> Herstellernummer FD-CH-RE1M-02<\/p>","protected":false},"featured_media":44918,"comment_status":"open","ping_status":"closed","template":"","meta":{"_monsterinsights_skip_tracking":false,"_monsterinsights_sitenote_active":false,"_monsterinsights_sitenote_note":"","_monsterinsights_sitenote_category":0,"_uf_show_specific_survey":0,"_uf_disable_surveys":false},"product_brand":[],"product_cat":[473],"product_tag":[],"models":[],"years":[],"class_list":{"0":"post-30571","1":"product","2":"type-product","3":"status-publish","4":"has-post-thumbnail","6":"product_cat-gaming-stuhle","8":"first","9":"instock","10":"sale","11":"shipping-taxable","12":"purchasable","13":"product-type-simple"},"aioseo_notices":[],"acf":[],"_links":{"self":[{"href":"https:\/\/amannforg.com\/de\/wp-json\/wp\/v2\/product\/30571","targetHints":{"allow":["GET"]}}],"collection":[{"href":"https:\/\/amannforg.com\/de\/wp-json\/wp\/v2\/product"}],"about":[{"href":"https:\/\/amannforg.com\/de\/wp-json\/wp\/v2\/types\/product"}],"replies":[{"embeddable":true,"href":"https:\/\/amannforg.com\/de\/wp-json\/wp\/v2\/comments?post=30571"}],"version-history":[{"count":1,"href":"https:\/\/amannforg.com\/de\/wp-json\/wp\/v2\/product\/30571\/revisions"}],"predecessor-version":[{"id":57683,"href":"https:\/\/amannforg.com\/de\/wp-json\/wp\/v2\/product\/30571\/revisions\/57683"}],"wp:featuredmedia":[{"embeddable":true,"href":"https:\/\/amannforg.com\/de\/wp-json\/wp\/v2\/media\/44918"}],"wp:attachment":[{"href":"https:\/\/amannforg.com\/de\/wp-json\/wp\/v2\/media?parent=30571"}],"wp:term":[{"taxonomy":"product_brand","embeddable":true,"href":"https:\/\/amannforg.com\/de\/wp-json\/wp\/v2\/product_brand?post=30571"},{"taxonomy":"product_cat","embeddable":true,"href":"https:\/\/amannforg.com\/de\/wp-json\/wp\/v2\/product_cat?post=30571"},{"taxonomy":"product_tag","embeddable":true,"href":"https:\/\/amannforg.com\/de\/wp-json\/wp\/v2\/product_tag?post=30571"},{"taxonomy":"models","embeddable":true,"href":"https:\/\/amannforg.com\/de\/wp-json\/wp\/v2\/models?post=30571"},{"taxonomy":"years","embeddable":true,"href":"https:\/\/amannforg.com\/de\/wp-json\/wp\/v2\/years?post=30571"}],"curies":[{"name":"wp","href":"https:\/\/api.w.org\/{rel}","templated":true}]}}