{"id":31145,"date":"2026-03-03T12:41:26","date_gmt":"2026-03-03T12:41:26","guid":{"rendered":"https:\/\/amannforg.com\/?post_type=product&#038;p=31145"},"modified":"2026-03-13T11:37:09","modified_gmt":"2026-03-13T11:37:09","slug":"aoc-agon-pro-ag326ud-31-5-zoll-4k-uhd-qd-oled-169-165-hz-gaming-monitor","status":"publish","type":"product","link":"https:\/\/amannforg.com\/de\/produkt\/aoc-agon-pro-ag326ud-31-5-zoll-4k-uhd-qd-oled-169-165-hz-gaming-monitor\/","title":{"rendered":"AOC AGON Pro AG326UD 31.5 Zoll 4K (UHD) QD-OLED 16:9 165 Hz Gaming Monitor"},"content":{"rendered":"<div class=\"titlepage\">\n<h2 class=\"text-h3 mb-l\">AOC AGON Pro AG326UD 80cm (31,5&#8243;) 4K UHD OLED Gaming Monitor 16:9 HDMI\/DP\/USB 165Hz 0,03ms Sync<\/h2>\n<\/div>\n<p>AG326UD ist ein 31,5-Zoll-UHD-Monitor mit QD-OLED-Technologie f\u00fcr lebendige Farben und tiefe Kontraste. Die blitzschnelle Bildwiederholfrequenz von 165 Hz sorgt f\u00fcr eine extrem fl\u00fcssige, verz\u00f6gerungsfreie Darstellung, die f\u00fcr eSports entscheidend ist. Das VESA-zertifizierte HDR TrueBlack HDR400 verbessert das Gaming mit atemberaubender Helligkeit, w\u00e4hrend AdaptiveSync und HDMI 2.1 Bildschirmrisse eliminieren und fortschrittliche Konnektivit\u00e4t bieten. Kreativprofis profitieren von der pr\u00e4zisen Farbwiedergabe und den HDR-Funktionen f\u00fcr Grafikdesign. Mit seinem ergonomischen Design, einem vielseitigen USB-Hub und einer Garantie gegen Einbrennen ist das AG326UD die erste Wahl, wenn es darum geht, beim Gaming und bei kreativen Projekten Legendenstatus zu erreichen.<\/p>\n<div class=\"itemizedlist\">\n<ul class=\"bullet-list\">\n<li class=\"bullet-list-item\">\n<div class=\"article\">Bildschirmgr\u00f6\u00dfe (Zoll): 31.5 <\/div>\n<\/li>\n<li class=\"bullet-list-item\">\n<div class=\"article\">Panelaufl\u00f6sung: <\/div>\n<p>3840&#215;2160<\/li>\n<li class=\"bullet-list-item\">\n<div class=\"article\">Panel-Typ: <\/div>\n<p>QD &#8211; OLED<\/li>\n<li class=\"bullet-list-item\">\n<div class=\"article\">Sync-Technologie (VRR): Adaptive sync<\/div>\n<\/li>\n<li class=\"bullet-list-item\">\n<div class=\"article\">Bildwiederholrate: 165 Hz<\/div>\n<\/li>\n<li class=\"bullet-list-item\">\n<div class=\"article\">Reaktionszeit MPRT: 0,03 ms<\/div>\n<\/li>\n<li class=\"bullet-list-item\">\n<div class=\"article\">HDR (High Dynamic Range): <\/div>\n<p>VESA Certified DisplayHDR\u2122 True Black 400<\/li>\n<li class=\"bullet-list-item\">Konnektivit\u00e4t: USB Hub, USB Downstream<\/li>\n<li class=\"bullet-list-item\">\n<div class=\"article\">H\u00f6henverstellung (mm): 150mm <\/div>\n<\/li>\n<\/ul>\n<\/div>\n<p><i><\/p>\n<div class=\"titlepage\">\n<h2 class=\"text-h3 mb-l\">IHR POTENZIAL FREISETZEN<\/h2>\n<\/div>\n<p><\/i><\/p>\n<p class=\"mb-l\">Erzielen Sie hervorragende Leistung mit dem 31,5-Zoll-UHD-QD-OLED-Monitor mit einer Aufl\u00f6sung von 3840 x 2160 Pixeln, einer Bildwiederholfrequenz von 165 Hz und VESA-zertifiziertem HDR TrueBlack HDR400. Es bietet eine atemberaubende Grafik und erstklassige Leistung.<\/p>\n<p><i><\/p>\n<div class=\"titlepage\">\n<h2 class=\"text-h3 mb-l\">QD-OLED-Panel<\/h2>\n<\/div>\n<p><\/i>Stellen Sie sich einen Bildschirm vor, der so lebendig und hell ist, dass es sich anf\u00fchlt, als w\u00fcrde man durch ein Fenster schauen und nicht auf einen Monitor. Die brillante Mischung aus zwei fortschrittlichen Bildschirmtypen: OLED, bekannt f\u00fcr atemberaubende Kontraste mit echtem Schwarz und satten Farben, und Quantum Dots, winzige Partikel, die unglaublich reines Licht ausstrahlen. Au\u00dferdem kann der Bildschirm sehr hell werden, ohne dass die Farbqualit\u00e4t verloren geht, sodass auch in gut beleuchteten R\u00e4umen alles gut zur Geltung kommt. Im Wesentlichen nutzt QD-OLED die besten Teile von OLED und verbessert sie mit Quantum Dots noch besser, sodass Sie ein so lebensechtes Bild erhalten, dass Sie vergessen werden, dass Sie auf einen Bildschirm schauen!<i><\/p>\n<div class=\"titlepage\">\n<h2 class=\"text-h3 mb-l\">UHD (4K)-Aufl\u00f6sung<\/h2>\n<\/div>\n<p><\/i>Die 4K-Ultra-High-Definition-Aufl\u00f6sung (3840 x 2160) liefert eine gestochen scharfe Bildqualit\u00e4t und erm\u00f6glicht es Benutzern, mehr auf dem Bildschirm gleichzeitig zu sehen. Dies bietet mehr \u201ePlatz\u201c auf dem Bildschirm und zeigt mehr Details f\u00fcr sch\u00e4rfere und brillantere Bilder. Ganz gleich, ob Sie an dem n\u00e4chsten sch\u00f6nen Foto oder Design arbeiten oder es einfach nur f\u00fcr die Produktivit\u00e4t nutzen, Benutzer werden \u00fcber das echte, gestochen scharfe Bild staunen, das nur ein UHD-Display bieten kann.<i><\/p>\n<div class=\"titlepage\">\n<h2 class=\"text-h3 mb-l\">165Hz Bildwiederholraten<\/h2>\n<\/div>\n<p><\/i>Bei einer Wiederholfrequenz von 165 Hz (gut das Doppelte des Industriestandards von 60 Hz) k\u00f6nnen Spiele butterweich gespielt werden. Nutzen Sie das Potenzial Ihrer Grafikkarte. Vergessen Sie Verzerrungen und Bewegungsunsch\u00e4rfe. F\u00fchlen Sie, wie Ihre Reflexe und die Action eine Einheit bilden. Schauen Sie niemals zur\u00fcck.<i><\/p>\n<div class=\"titlepage\">\n<h2 class=\"text-h3 mb-l\">VON DER VESA (Video Electronics Standards Association) ZERTIFIZERTES DISPLAY HDR\u2122 TRUE BLACK 400<\/h2>\n<\/div>\n<p><\/i>Das DisplayHDR\u2122 True Black 400 sorgt f\u00fcr tiefere, genauere Schwarzwerte und macht Ihr Seherlebnis reicher und intensiver. Keine verwaschenen dunklen Szenen mehr in Filmen und Spielen. Mit TrueBlack400 erleben Sie eine realistischere visuelle Reise.<i><\/p>\n<div class=\"titlepage\">\n<h2 class=\"text-h3 mb-l\">H\u00f6henverstellbarer St\u00e4nder<\/h2>\n<\/div>\n<p><\/i>Ihr Wohlbefinden ist uns wichtig. Deshalb bietet dieser Monitor M\u00f6glichkeiten zur H\u00f6heneinstellung, die Ihnen helfen, beim Arbeiten, Spielen oder Ansehen von Videos die perfekte Position zu finden. Das Anpassen Ihres AOC-Monitors an Ihre Bed\u00fcrfnisse hilft Ihnen nicht nur dabei, M\u00fcdigkeit zu reduzieren und Ihren K\u00f6rper gesund zu halten. Es hilft Ihnen und Ihrem Team letztendlich auch dabei, bei der Arbeit bessere Ergebnisse erzielen.<i><\/p>\n<div class=\"titlepage\">\n<h2 class=\"text-h3 mb-l\">E-Sport Monitorst\u00e4nder<\/h2>\n<\/div>\n<p><\/i>Unser neuer St\u00e4nder. Gemeinsam mit eSports-Profis entwickelt, erm\u00f6glicht es Ihnen, den freien Platz f\u00fcr all Ihre Peripherieger\u00e4te zu maximieren. Die Basis des Monitors ist so konzipiert, dass sie den Platzbedarf Ihres Monitors auf Ihrem Schreibtisch reduziert und es Ihnen sogar erm\u00f6glicht, Ihre Tastatur oben aufzulegen. Der St\u00e4nder enth\u00e4lt ein Kabelmanagement, um Ihren Schreibtisch sauber zu halten. Egal in welchem Genre Sie antreten, wir m\u00f6chten, dass Sie sich wie ein Profi f\u00fchlen.<i><\/p>\n<div class=\"titlepage\">\n<h2 class=\"text-h3 mb-l\">Adaptive sync<\/h2>\n<\/div>\n<p><\/i>Adaptive Sync richtet die vertikale Bildwiederholfrequenz Ihres Monitors an der von Ihrer GPU gelieferte Bildwiederholfrequenz aus und sorgt so f\u00fcr ein noch fl\u00fcssigeres Gaming-Erlebnis, da Stottern, Rei\u00dfen und Ruckeln der Bilder vermieden werden. Diese Funktion ist auch bei der Wiedergabe von Videos und anderen visuellen Medien n\u00fctzlich, um eine reibungslose Unterhaltung zu gew\u00e4hrleisten.<i><\/p>\n<div class=\"titlepage\">\n<h2 class=\"text-h3 mb-l\">BREITE FARBSKALA<\/h2>\n<\/div>\n<p><\/i>Wenn Sie Fotos, Videos oder Spiele genie\u00dfen, sollten Ihre Bildschirminhalte so realistisch wie m\u00f6glich aussehen. Aus diesem Grund ist dieses Display mit der Wide Color Gamut-Technologie ausger\u00fcstet, so dass es deutlich mehr Farben anzeigen kann als herk\u00f6mmliche Monitore. Erreicht wird dies durch eine spezielle Hardware-L\u00f6sung, nicht durch blo\u00dfe Software-Anpassungen. Das Ergebnis sind lebensechte Bilder mit feinsten Details, die durch die breitere Farbpalette sichtbar werden.<i><\/p>\n<div class=\"titlepage\">\n<h2 class=\"text-h3 mb-l\">HDMI 2.1<\/h2>\n<\/div>\n<p><\/i>Der neueste Standard in der HDMI-Technologie sorgt f\u00fcr h\u00f6here Bildwiederholraten und Aufl\u00f6sungen. Das \u00f6ffnet nicht nur neue T\u00fcren f\u00fcr das Anzeigen von Inhalten, sondern auch f\u00fcr Gamer: Dank HDMI 2.1 k\u00f6nnen die Konsolen der n\u00e4chsten Generation ihre maximale Leistung erreichen.<i><\/p>\n<div class=\"titlepage\">\n<h2 class=\"text-h3 mb-l\">USB Hub<\/h2>\n<\/div>\n<p><\/i>Der in den AOC-Monitoren integrierte USB-Hub sorgt f\u00fcr Benutzerfreundlichkeit und Zweckm\u00e4\u00dfigkeit auf Ihrem Schreibtisch. Die seitlichen Anschl\u00fcsse sind leicht erreichbar, auch wenn Sie diese nicht sehen; Sie vergeuden keine Zeit mehr, auf der R\u00fcckseite des PCs nach einem freien USB-Anschluss zu suchen.  <\/p>\n<li class=\"mb-m\">\n<div class=\"flex flex-col m:flex-row gap-s m:gap-xl\">\n<div class=\"text-h3 min-w-[244px] max-w-[244px]\">Strom-\/ Ladeanschluss<\/div>\n<div class=\"flex flex-col gap-s\"><span class=\"\"><\/p>\n<ul class=\"flex flex-col gap-s\">\n<li class=\"ml-3xs pl-[15px] relative before:absolute before:w-[8px] before:h-[8px] before:bg-dark before:top-[8px] before:left-0 before:rounded-full\">Schukostecker (Typ F, CEE 7\/4)<\/li>\n<\/ul>\n<p><\/span><\/div>\n<\/div>\n<\/li>\n<li class=\"mb-m\">\n<div class=\"flex flex-col m:flex-row gap-s m:gap-xl\">\n<div class=\"text-h3 min-w-[244px] max-w-[244px]\">Zertifikate \/ Garantie<\/div>\n<div class=\"flex flex-col gap-s\"><span class=\"\"><\/p>\n<ul class=\"flex flex-col gap-s\">\n<li class=\"ml-3xs pl-[15px] relative before:absolute before:w-[8px] before:h-[8px] before:bg-dark before:top-[8px] before:left-0 before:rounded-full\">Energieeffizienzklasse: G<\/li>\n<li class=\"ml-3xs pl-[15px] relative before:absolute before:w-[8px] before:h-[8px] before:bg-dark before:top-[8px] before:left-0 before:rounded-full\">gewichteter Energieverbrauch 1000h: 33 kWh<\/li>\n<\/ul>\n<p><\/span><\/div>\n<\/div>\n<\/li>\n<li class=\"mb-m\">\n<div class=\"flex flex-col m:flex-row gap-s m:gap-xl\">\n<div class=\"text-h3 min-w-[244px] max-w-[244px]\">Display<\/div>\n<div class=\"flex flex-col gap-s\"><span class=\"\"><\/p>\n<ul class=\"flex flex-col gap-s\">\n<li class=\"ml-3xs pl-[15px] relative before:absolute before:w-[8px] before:h-[8px] before:bg-dark before:top-[8px] before:left-0 before:rounded-full\">Displaygr\u00f6\u00dfe in cm: 80.0 cm<\/li>\n<li class=\"ml-3xs pl-[15px] relative before:absolute before:w-[8px] before:h-[8px] before:bg-dark before:top-[8px] before:left-0 before:rounded-full\">Displaygr\u00f6\u00dfe in Zoll: 31.5 Zoll<\/li>\n<li class=\"ml-3xs pl-[15px] relative before:absolute before:w-[8px] before:h-[8px] before:bg-dark before:top-[8px] before:left-0 before:rounded-full\">Aufl\u00f6sung: 3840 x 2160<\/li>\n<li class=\"ml-3xs pl-[15px] relative before:absolute before:w-[8px] before:h-[8px] before:bg-dark before:top-[8px] before:left-0 before:rounded-full\">HD Status: 4K (UHD)<\/li>\n<li class=\"ml-3xs pl-[15px] relative before:absolute before:w-[8px] before:h-[8px] before:bg-dark before:top-[8px] before:left-0 before:rounded-full\">Bildformat: 16:9<\/li>\n<li class=\"ml-3xs pl-[15px] relative before:absolute before:w-[8px] before:h-[8px] before:bg-dark before:top-[8px] before:left-0 before:rounded-full\">Displaytechnologie: OLED<\/li>\n<li class=\"ml-3xs pl-[15px] relative before:absolute before:w-[8px] before:h-[8px] before:bg-dark before:top-[8px] before:left-0 before:rounded-full\">Paneltyp: QD-OLED<\/li>\n<li class=\"ml-3xs pl-[15px] relative before:absolute before:w-[8px] before:h-[8px] before:bg-dark before:top-[8px] before:left-0 before:rounded-full\">Hintergrundbeleuchtung: selbstleuchtend<\/li>\n<li class=\"ml-3xs pl-[15px] relative before:absolute before:w-[8px] before:h-[8px] before:bg-dark before:top-[8px] before:left-0 before:rounded-full\">Betrachtungswinkel h\/v: 178\u00b0\/178\u00b0<\/li>\n<li class=\"ml-3xs pl-[15px] relative before:absolute before:w-[8px] before:h-[8px] before:bg-dark before:top-[8px] before:left-0 before:rounded-full\">Displayoberfl\u00e4che: entspiegelt<\/li>\n<li class=\"ml-3xs pl-[15px] relative before:absolute before:w-[8px] before:h-[8px] before:bg-dark before:top-[8px] before:left-0 before:rounded-full\">Kontrast (statisch): 1500000:1<\/li>\n<li class=\"ml-3xs pl-[15px] relative before:absolute before:w-[8px] before:h-[8px] before:bg-dark before:top-[8px] before:left-0 before:rounded-full\">Frequenz: 165 Hz<\/li>\n<li class=\"ml-3xs pl-[15px] relative before:absolute before:w-[8px] before:h-[8px] before:bg-dark before:top-[8px] before:left-0 before:rounded-full\">Reaktionszeit: 0.03 ms<\/li>\n<li class=\"ml-3xs pl-[15px] relative before:absolute before:w-[8px] before:h-[8px] before:bg-dark before:top-[8px] before:left-0 before:rounded-full\">Helligkeit: 250 Nit<\/li>\n<li class=\"ml-3xs pl-[15px] relative before:absolute before:w-[8px] before:h-[8px] before:bg-dark before:top-[8px] before:left-0 before:rounded-full\">unterst\u00fctzte HDR-Standards: HDR True Black 400<\/li>\n<li class=\"ml-3xs pl-[15px] relative before:absolute before:w-[8px] before:h-[8px] before:bg-dark before:top-[8px] before:left-0 before:rounded-full\">Farbtiefe: 10bit<\/li>\n<li class=\"ml-3xs pl-[15px] relative before:absolute before:w-[8px] before:h-[8px] before:bg-dark before:top-[8px] before:left-0 before:rounded-full\">Farbraumabdeckung DCI-P3: 99 %<\/li>\n<li class=\"ml-3xs pl-[15px] relative before:absolute before:w-[8px] before:h-[8px] before:bg-dark before:top-[8px] before:left-0 before:rounded-full\">weitere Displayfunktionen: PiP Mode (Picture-in-Picture)<\/li>\n<\/ul>\n<p><\/span><\/div>\n<\/div>\n<\/li>\n<li class=\"mb-m\">\n<div class=\"flex flex-col m:flex-row gap-s m:gap-xl\">\n<div class=\"text-h3 min-w-[244px] max-w-[244px]\">externe Anschl\u00fcsse<\/div>\n<div class=\"flex flex-col gap-s\"><span class=\"\"><\/p>\n<ul class=\"flex flex-col gap-s\">\n<li class=\"ml-3xs pl-[15px] relative before:absolute before:w-[8px] before:h-[8px] before:bg-dark before:top-[8px] before:left-0 before:rounded-full\">Anzahl Displayport: 1 St<\/li>\n<li class=\"ml-3xs pl-[15px] relative before:absolute before:w-[8px] before:h-[8px] before:bg-dark before:top-[8px] before:left-0 before:rounded-full\">Anzahl HDMI: 2 St<\/li>\n<li class=\"ml-3xs pl-[15px] relative before:absolute before:w-[8px] before:h-[8px] before:bg-dark before:top-[8px] before:left-0 before:rounded-full\">HDMI-Standard: HDMI 2.1<\/li>\n<li class=\"ml-3xs pl-[15px] relative before:absolute before:w-[8px] before:h-[8px] before:bg-dark before:top-[8px] before:left-0 before:rounded-full\">USB-Typ: USB 3.0<\/li>\n<li class=\"ml-3xs pl-[15px] relative before:absolute before:w-[8px] before:h-[8px] before:bg-dark before:top-[8px] before:left-0 before:rounded-full\">Anzahl USB 3.0: 3 St<\/li>\n<li class=\"ml-3xs pl-[15px] relative before:absolute before:w-[8px] before:h-[8px] before:bg-dark before:top-[8px] before:left-0 before:rounded-full\">Audio-Ausg\u00e4nge: Audio-Ausgang<\/li>\n<li class=\"ml-3xs pl-[15px] relative before:absolute before:w-[8px] before:h-[8px] before:bg-dark before:top-[8px] before:left-0 before:rounded-full\">ext. Anschl\u00fcsse: <\/li>\n<div class=\"itemizedlist\">\n<ul class=\"flex flex-col gap-s\">\n<li class=\"ml-3xs pl-[15px] relative before:absolute before:w-[8px] before:h-[8px] before:bg-dark before:top-[8px] before:left-0 before:rounded-full\">HDMI<\/li>\n<li class=\"ml-3xs pl-[15px] relative before:absolute before:w-[8px] before:h-[8px] before:bg-dark before:top-[8px] before:left-0 before:rounded-full\">Displayport<\/li>\n<\/ul>\n<\/div>\n<\/ul>\n<p><\/span><\/div>\n<\/div>\n<\/li>\n<li class=\"mb-m\">\n<div class=\"flex flex-col m:flex-row gap-s m:gap-xl\">\n<div class=\"text-h3 min-w-[244px] max-w-[244px]\">Befestigungen<\/div>\n<div class=\"flex flex-col gap-s\"><span class=\"\"><\/p>\n<ul class=\"flex flex-col gap-s\">\n<li class=\"ml-3xs pl-[15px] relative before:absolute before:w-[8px] before:h-[8px] before:bg-dark before:top-[8px] before:left-0 before:rounded-full\">Befestigungsarten: belegt durch Standfuss<\/li>\n<li class=\"ml-3xs pl-[15px] relative before:absolute before:w-[8px] before:h-[8px] before:bg-dark before:top-[8px] before:left-0 before:rounded-full\">VESA Norm: 100 x 100 mm<\/li>\n<\/ul>\n<p><\/span><\/div>\n<\/div>\n<\/li>\n<li class=\"mb-m\">\n<div class=\"flex flex-col m:flex-row gap-s m:gap-xl\">\n<div class=\"text-h3 min-w-[244px] max-w-[244px]\">Technische Eigenschaften<\/div>\n<div class=\"flex flex-col gap-s\"><span class=\"\"><\/p>\n<ul class=\"flex flex-col gap-s\">\n<li class=\"ml-3xs pl-[15px] relative before:absolute before:w-[8px] before:h-[8px] before:bg-dark before:top-[8px] before:left-0 before:rounded-full\">sonstige Eigenschaften: <\/li>\n<div class=\"itemizedlist\">\n<ul class=\"flex flex-col gap-s\">\n<li class=\"ml-3xs pl-[15px] relative before:absolute before:w-[8px] before:h-[8px] before:bg-dark before:top-[8px] before:left-0 before:rounded-full\">Slim Bezel<\/li>\n<li class=\"ml-3xs pl-[15px] relative before:absolute before:w-[8px] before:h-[8px] before:bg-dark before:top-[8px] before:left-0 before:rounded-full\">Standby-Modus<\/li>\n<li class=\"ml-3xs pl-[15px] relative before:absolute before:w-[8px] before:h-[8px] before:bg-dark before:top-[8px] before:left-0 before:rounded-full\">Picture in Picture<\/li>\n<\/ul>\n<\/div>\n<li class=\"ml-3xs pl-[15px] relative before:absolute before:w-[8px] before:h-[8px] before:bg-dark before:top-[8px] before:left-0 before:rounded-full\">Ergonomie: <\/li>\n<div class=\"itemizedlist\">\n<ul class=\"flex flex-col gap-s\">\n<li class=\"ml-3xs pl-[15px] relative before:absolute before:w-[8px] before:h-[8px] before:bg-dark before:top-[8px] before:left-0 before:rounded-full\">Pivotfunktion<\/li>\n<li class=\"ml-3xs pl-[15px] relative before:absolute before:w-[8px] before:h-[8px] before:bg-dark before:top-[8px] before:left-0 before:rounded-full\">neigbar<\/li>\n<li class=\"ml-3xs pl-[15px] relative before:absolute before:w-[8px] before:h-[8px] before:bg-dark before:top-[8px] before:left-0 before:rounded-full\">schwenkbar<\/li>\n<\/ul>\n<\/div>\n<li class=\"ml-3xs pl-[15px] relative before:absolute before:w-[8px] before:h-[8px] before:bg-dark before:top-[8px] before:left-0 before:rounded-full\">H\u00f6henverstellbar bis: 150 mm<\/li>\n<\/ul>\n<p><\/span><\/div>\n<\/div>\n<\/li>\n<li class=\"mb-m\">\n<div class=\"flex flex-col m:flex-row gap-s m:gap-xl\">\n<div class=\"text-h3 min-w-[244px] max-w-[244px]\">Farbe<\/div>\n<div class=\"flex flex-col gap-s\"><span class=\"\"><\/p>\n<ul class=\"flex flex-col gap-s\">\n<li class=\"ml-3xs pl-[15px] relative before:absolute before:w-[8px] before:h-[8px] before:bg-dark before:top-[8px] before:left-0 before:rounded-full\">Schwarz<\/li>\n<\/ul>\n<p><\/span><\/div>\n<\/div>\n<\/li>\n<li class=\"mb-m\">\n<div class=\"flex flex-col m:flex-row gap-s m:gap-xl\">\n<div class=\"text-h3 min-w-[244px] max-w-[244px]\">Lieferumfang<\/div>\n<div class=\"flex flex-col gap-s\"><span class=\"\"><\/p>\n<ul class=\"flex flex-col gap-s\">\n<li class=\"ml-3xs pl-[15px] relative before:absolute before:w-[8px] before:h-[8px] before:bg-dark before:top-[8px] before:left-0 before:rounded-full\">Signalkabel<\/li>\n<li class=\"ml-3xs pl-[15px] relative before:absolute before:w-[8px] before:h-[8px] before:bg-dark before:top-[8px] before:left-0 before:rounded-full\">Stromkabel<\/li>\n<li class=\"ml-3xs pl-[15px] relative before:absolute before:w-[8px] before:h-[8px] before:bg-dark before:top-[8px] before:left-0 before:rounded-full\">Benutzerhandbuch<\/li>\n<li class=\"ml-3xs pl-[15px] relative before:absolute before:w-[8px] before:h-[8px] before:bg-dark before:top-[8px] before:left-0 before:rounded-full\">Handbuch<\/li>\n<\/ul>\n<p><\/span><\/div>\n<\/div>\n<\/li>\n<li class=\"mb-m\">\n<div class=\"flex flex-col m:flex-row gap-s m:gap-xl\">\n<div class=\"text-h3 min-w-[244px] max-w-[244px]\">Audio<\/div>\n<div class=\"flex flex-col gap-s\"><span class=\"\"><\/p>\n<ul class=\"flex flex-col gap-s\">\n<li class=\"ml-3xs pl-[15px] relative before:absolute before:w-[8px] before:h-[8px] before:bg-dark before:top-[8px] before:left-0 before:rounded-full\">Lautsprecherleistung: 8 W<\/li>\n<li class=\"ml-3xs pl-[15px] relative before:absolute before:w-[8px] before:h-[8px] before:bg-dark before:top-[8px] before:left-0 before:rounded-full\">Anzahl Lautsprecher: 2 St<\/li>\n<\/ul>\n<p><\/span><\/div>\n<\/div>\n<\/li>\n<li class=\"mb-m\">\n<div class=\"flex flex-col m:flex-row gap-s m:gap-xl\">\n<div class=\"text-h3 min-w-[244px] max-w-[244px]\">Abmessungen \/ Gewicht<\/div>\n<div class=\"flex flex-col gap-s\"><span class=\"\"><\/p>\n<ul class=\"flex flex-col gap-s\">\n<li class=\"ml-3xs pl-[15px] relative before:absolute before:w-[8px] before:h-[8px] before:bg-dark before:top-[8px] before:left-0 before:rounded-full\">Breite: 713.3 mm<\/li>\n<li class=\"ml-3xs pl-[15px] relative before:absolute before:w-[8px] before:h-[8px] before:bg-dark before:top-[8px] before:left-0 before:rounded-full\">H\u00f6he: 485.9 mm<\/li>\n<li class=\"ml-3xs pl-[15px] relative before:absolute before:w-[8px] before:h-[8px] before:bg-dark before:top-[8px] before:left-0 before:rounded-full\">Tiefe: 420.8 mm<\/li>\n<li class=\"ml-3xs pl-[15px] relative before:absolute before:w-[8px] before:h-[8px] before:bg-dark before:top-[8px] before:left-0 before:rounded-full\">Gewicht: 10.2 kg<\/li>\n<\/ul>\n<p><\/span><\/div>\n<\/div>\n<\/li>\n","protected":false},"excerpt":{"rendered":"<li class=\"bullet-list-item\">Energieeffizienzklasse: G<\/li>\n<li class=\"bullet-list-item\">80.0 cm (31.5 Zoll), 3840 x 2160 (4K (UHD), 16:9)<\/li>\n<li class=\"bullet-list-item\">OLED-Panel (QD-OLED), entspiegelt, 165 Hz, HDR True Black 400, 0.03 ms (GtG)<\/li>\n<li class=\"bullet-list-item\">1x DP, 2x HDMI 2.1, 3x USB 3.0<\/li>\n<li class=\"bullet-list-item\">h\u00f6henverstellbar, neigbar, Pivot, VESA 100 x 100 mm<\/li>\n<p> Herstellernummer AG326UD<\/p>","protected":false},"featured_media":44983,"comment_status":"open","ping_status":"closed","template":"","meta":{"_monsterinsights_skip_tracking":false,"_monsterinsights_sitenote_active":false,"_monsterinsights_sitenote_note":"","_monsterinsights_sitenote_category":0,"_uf_show_specific_survey":0,"_uf_disable_surveys":false},"product_brand":[],"product_cat":[474],"product_tag":[],"models":[],"years":[],"class_list":{"0":"post-31145","1":"product","2":"type-product","3":"status-publish","4":"has-post-thumbnail","6":"product_cat-gaming-monitore","8":"first","9":"instock","10":"sale","11":"featured","12":"shipping-taxable","13":"purchasable","14":"product-type-simple"},"aioseo_notices":[],"acf":[],"_links":{"self":[{"href":"https:\/\/amannforg.com\/de\/wp-json\/wp\/v2\/product\/31145","targetHints":{"allow":["GET"]}}],"collection":[{"href":"https:\/\/amannforg.com\/de\/wp-json\/wp\/v2\/product"}],"about":[{"href":"https:\/\/amannforg.com\/de\/wp-json\/wp\/v2\/types\/product"}],"replies":[{"embeddable":true,"href":"https:\/\/amannforg.com\/de\/wp-json\/wp\/v2\/comments?post=31145"}],"version-history":[{"count":1,"href":"https:\/\/amannforg.com\/de\/wp-json\/wp\/v2\/product\/31145\/revisions"}],"predecessor-version":[{"id":57694,"href":"https:\/\/amannforg.com\/de\/wp-json\/wp\/v2\/product\/31145\/revisions\/57694"}],"wp:featuredmedia":[{"embeddable":true,"href":"https:\/\/amannforg.com\/de\/wp-json\/wp\/v2\/media\/44983"}],"wp:attachment":[{"href":"https:\/\/amannforg.com\/de\/wp-json\/wp\/v2\/media?parent=31145"}],"wp:term":[{"taxonomy":"product_brand","embeddable":true,"href":"https:\/\/amannforg.com\/de\/wp-json\/wp\/v2\/product_brand?post=31145"},{"taxonomy":"product_cat","embeddable":true,"href":"https:\/\/amannforg.com\/de\/wp-json\/wp\/v2\/product_cat?post=31145"},{"taxonomy":"product_tag","embeddable":true,"href":"https:\/\/amannforg.com\/de\/wp-json\/wp\/v2\/product_tag?post=31145"},{"taxonomy":"models","embeddable":true,"href":"https:\/\/amannforg.com\/de\/wp-json\/wp\/v2\/models?post=31145"},{"taxonomy":"years","embeddable":true,"href":"https:\/\/amannforg.com\/de\/wp-json\/wp\/v2\/years?post=31145"}],"curies":[{"name":"wp","href":"https:\/\/api.w.org\/{rel}","templated":true}]}}