{"id":32931,"date":"2026-03-03T13:04:14","date_gmt":"2026-03-03T13:04:14","guid":{"rendered":"https:\/\/amannforg.com\/?post_type=product&#038;p=32931"},"modified":"2026-03-13T11:36:37","modified_gmt":"2026-03-13T11:36:37","slug":"32gb-2x16gb-crucial-ddr5-6400-cl32-pro-overclocking-ram-arbeitsspeicher-kit-2","status":"publish","type":"product","link":"https:\/\/amannforg.com\/de\/produkt\/32gb-2x16gb-crucial-ddr5-6400-cl32-pro-overclocking-ram-arbeitsspeicher-kit-2\/","title":{"rendered":"32GB (2x16GB) Crucial DDR5-6400 CL32 Pro Overclocking RAM Arbeitsspeicher Kit"},"content":{"rendered":"<p><span class=\"bold\">Crucial Pro Overclocking 32GB Kit (16GBx2) DDR5-6400 UDIMM Schwarz<\/span>Crucial DDR5 Pro Speicher verf\u00fcgt \u00fcber eine beeindruckende Geschwindigkeit und enorme Bandbreite, wie sie zur Unterst\u00fctzung von Multi-Core-CPUs der n\u00e4chsten Generation erforderlich sind. Dar\u00fcber hinaus entf\u00e4llt der Zwang, sich mit \u00dcbertakten, Latenzoptimierung, der Jagd nach Dies und LEDs auseinandersetzen zu m\u00fcssen.DDR5 Pro Speicher zum \u00dcbertaktenBringen Sie die Leistung auf die n\u00e4chste Stufe mit der enormen Geschwindigkeit und Bandbreite von Crucial\u00ae DDR5 Pro Speicher: Overclocking Edition. Mobilisieren Sie die Leistung niedriger Latenz, um noch schneller zu werden und den n\u00e4chsten Sieg zu sichern, anstatt sich \u00fcber Leistungsengp\u00e4sse zu \u00e4rgern. Unser leistungsstarker DDR5 Pro Speicher zum \u00dcbertakten unterst\u00fctzt Multi-Core-CPUs der n\u00e4chsten Generation sowie Intel\u00ae XMP 3.0 und AMD EXPO\u21221 auf jedem Modul.Cooles Look-and-FeelUnser DDR5 Pro Speicher zum \u00dcbertakten verf\u00fcgt \u00fcber einen K\u00fchlk\u00f6rper und sein Design ist an die Origami-Kunst angelehnt \u2013 f\u00fcr eine coole Haptik und einen \u00e4sthetischen Gewinn f\u00fcr jeden Rig.Beschleunigte LeistungNiedrigere LatenzH\u00f6here Bildraten pro SekundeReibungsloseres GamingIdeal f\u00fcr AAA-Spiele.Kompatibilit\u00e4t<\/p>\n<div class=\"itemizedlist\">\n<ul class=\"bullet-list\">\n<li class=\"bullet-list-item\">Funktioniert mit Intel\u00ae Core Desktop-CPUs der 12\u201314. Generation<\/li>\n<li class=\"bullet-list-item\">Funktioniert mit den Desktop-CPUs AMD Ryzen\u2122 7000 Series und h\u00f6her<\/li>\n<li class=\"bullet-list-item\">Unterst\u00fctzt Intel XMP 3.0 sowie AMD EXPO<\/li>\n<\/ul>\n<\/div>\n<li class=\"mb-m\">\n<div class=\"flex flex-col m:flex-row gap-s m:gap-xl\">\n<div class=\"text-h3 min-w-[244px] max-w-[244px]\">Speicherbauart<\/div>\n<div class=\"flex flex-col gap-s\"><span class=\"\"><\/p>\n<ul class=\"flex flex-col gap-s\">\n<li class=\"ml-3xs pl-[15px] relative before:absolute before:w-[8px] before:h-[8px] before:bg-dark before:top-[8px] before:left-0 before:rounded-full\">288-pin<\/li>\n<\/ul>\n<p><\/span><\/div>\n<\/div>\n<\/li>\n<li class=\"mb-m\">\n<div class=\"flex flex-col m:flex-row gap-s m:gap-xl\">\n<div class=\"text-h3 min-w-[244px] max-w-[244px]\">Farbe<\/div>\n<div class=\"flex flex-col gap-s\"><span class=\"\"><\/p>\n<ul class=\"flex flex-col gap-s\">\n<li class=\"ml-3xs pl-[15px] relative before:absolute before:w-[8px] before:h-[8px] before:bg-dark before:top-[8px] before:left-0 before:rounded-full\">Schwarz<\/li>\n<\/ul>\n<p><\/span><\/div>\n<\/div>\n<\/li>\n<li class=\"mb-m\">\n<div class=\"flex flex-col m:flex-row gap-s m:gap-xl\">\n<div class=\"text-h3 min-w-[244px] max-w-[244px]\">Arbeitsspeicher (RAM)<\/div>\n<div class=\"flex flex-col gap-s\"><span class=\"\"><\/p>\n<ul class=\"flex flex-col gap-s\">\n<li class=\"ml-3xs pl-[15px] relative before:absolute before:w-[8px] before:h-[8px] before:bg-dark before:top-[8px] before:left-0 before:rounded-full\">Arbeitsspeicher in GB: 32 GB<\/li>\n<li class=\"ml-3xs pl-[15px] relative before:absolute before:w-[8px] before:h-[8px] before:bg-dark before:top-[8px] before:left-0 before:rounded-full\">Anzahl Module: 2 St<\/li>\n<li class=\"ml-3xs pl-[15px] relative before:absolute before:w-[8px] before:h-[8px] before:bg-dark before:top-[8px] before:left-0 before:rounded-full\">Kapazit\u00e4t je Modul: 16 GB<\/li>\n<li class=\"ml-3xs pl-[15px] relative before:absolute before:w-[8px] before:h-[8px] before:bg-dark before:top-[8px] before:left-0 before:rounded-full\">Arbeitsspeicher-Typ: DDR5 RAM<\/li>\n<li class=\"ml-3xs pl-[15px] relative before:absolute before:w-[8px] before:h-[8px] before:bg-dark before:top-[8px] before:left-0 before:rounded-full\">PIN Anzahl: 288 PIN<\/li>\n<li class=\"ml-3xs pl-[15px] relative before:absolute before:w-[8px] before:h-[8px] before:bg-dark before:top-[8px] before:left-0 before:rounded-full\">Arbeitspeicher-Taktung: 6400 MHz<\/li>\n<li class=\"ml-3xs pl-[15px] relative before:absolute before:w-[8px] before:h-[8px] before:bg-dark before:top-[8px] before:left-0 before:rounded-full\">CAS Latenz: CAS Latency (CL) 32<\/li>\n<\/ul>\n<p><\/span><\/div>\n<\/div>\n<\/li>\n","protected":false},"excerpt":{"rendered":"<li class=\"bullet-list-item\">DDR5 RAM, 6400 MHz<\/li>\n<li class=\"bullet-list-item\">32 GB,  Module: 2<\/li>\n<li class=\"bullet-list-item\">CAS Latency (CL) 32<\/li>\n<li class=\"bullet-list-item\">Anschluss: 288-pin<\/li>\n<p> Herstellernummer CP2K16G64C32U5B<\/p>","protected":false},"featured_media":45115,"comment_status":"open","ping_status":"closed","template":"","meta":{"_monsterinsights_skip_tracking":false,"_monsterinsights_sitenote_active":false,"_monsterinsights_sitenote_note":"","_monsterinsights_sitenote_category":0,"_uf_show_specific_survey":0,"_uf_disable_surveys":false},"product_brand":[],"product_cat":[476],"product_tag":[],"models":[],"years":[],"class_list":{"0":"post-32931","1":"product","2":"type-product","3":"status-publish","4":"has-post-thumbnail","6":"product_cat-gaming-komponenten","8":"first","9":"instock","10":"sale","11":"featured","12":"shipping-taxable","13":"purchasable","14":"product-type-simple"},"aioseo_notices":[],"acf":[],"_links":{"self":[{"href":"https:\/\/amannforg.com\/de\/wp-json\/wp\/v2\/product\/32931","targetHints":{"allow":["GET"]}}],"collection":[{"href":"https:\/\/amannforg.com\/de\/wp-json\/wp\/v2\/product"}],"about":[{"href":"https:\/\/amannforg.com\/de\/wp-json\/wp\/v2\/types\/product"}],"replies":[{"embeddable":true,"href":"https:\/\/amannforg.com\/de\/wp-json\/wp\/v2\/comments?post=32931"}],"version-history":[{"count":1,"href":"https:\/\/amannforg.com\/de\/wp-json\/wp\/v2\/product\/32931\/revisions"}],"predecessor-version":[{"id":57718,"href":"https:\/\/amannforg.com\/de\/wp-json\/wp\/v2\/product\/32931\/revisions\/57718"}],"wp:featuredmedia":[{"embeddable":true,"href":"https:\/\/amannforg.com\/de\/wp-json\/wp\/v2\/media\/45115"}],"wp:attachment":[{"href":"https:\/\/amannforg.com\/de\/wp-json\/wp\/v2\/media?parent=32931"}],"wp:term":[{"taxonomy":"product_brand","embeddable":true,"href":"https:\/\/amannforg.com\/de\/wp-json\/wp\/v2\/product_brand?post=32931"},{"taxonomy":"product_cat","embeddable":true,"href":"https:\/\/amannforg.com\/de\/wp-json\/wp\/v2\/product_cat?post=32931"},{"taxonomy":"product_tag","embeddable":true,"href":"https:\/\/amannforg.com\/de\/wp-json\/wp\/v2\/product_tag?post=32931"},{"taxonomy":"models","embeddable":true,"href":"https:\/\/amannforg.com\/de\/wp-json\/wp\/v2\/models?post=32931"},{"taxonomy":"years","embeddable":true,"href":"https:\/\/amannforg.com\/de\/wp-json\/wp\/v2\/years?post=32931"}],"curies":[{"name":"wp","href":"https:\/\/api.w.org\/{rel}","templated":true}]}}