{"id":35448,"date":"2026-03-03T13:22:45","date_gmt":"2026-03-03T13:22:45","guid":{"rendered":"https:\/\/amannforg.com\/?post_type=product&#038;p=35448"},"modified":"2026-03-13T11:36:21","modified_gmt":"2026-03-13T11:36:21","slug":"fairphone-5-5g-dual-sim-8gb-256gb-transparent-android-14-smartphone","status":"publish","type":"product","link":"https:\/\/amannforg.com\/de\/produkt\/fairphone-5-5g-dual-sim-8gb-256gb-transparent-android-14-smartphone\/","title":{"rendered":"Fairphone 5 5G Dual-SIM 8GB\/256GB transparent Android 14 Smartphone"},"content":{"rendered":"<div class=\"article\">\n<div class=\"titlepage\">\n<h2 class=\"text-h3 mb-l\">Fairphone 5 5G Dual-SIM 8GB\/256GB transparent Android 14 Smartphone<\/h2>\n<\/div><\/div>\n<p class=\"mb-l\">\n<div class=\"article\"><span class=\"bold\">F\u00fcr dich entwickelt<\/span> <\/div>\n<\/p>\n<p class=\"mb-l\">\n<div class=\"article\">Der beste Weg den \u00f6kologischen Fu\u00dfabdruck deines Smartphones zu reduzieren ist eine lange Nutzung: Deshalb setzt sich Fairphone f\u00fcr langlebige, qualitativ hochwertige Produkte ein.<\/div>\n<\/p>\n<div class=\"article\">\n<div class=\"formalpara\">\n<div class=\"titlepage\">\n<h2 class=\"text-h3 mb-l\">Zukunftssichere Leistung<\/h2>\n<\/div><\/div>\n<\/div>\n<p class=\"mb-l\">\n<div class=\"article\">\n<div class=\"formalpara\">Das Fairphone 5 ist nicht nur heute schnell. Sondern wird es bis 2031 bleiben. Ja, richtig gelesen: 2031! Dies ist dem einzigartigen, langlebigen Acht-Kern-Prozessor zu verdanken, der mindestens 8 Jahre lang Software-Updates erh\u00e4lt. <\/div>\n<\/div>\n<div class=\"article\">\n<div class=\"formalpara\">\n<div class=\"titlepage\">\n<h2 class=\"text-h3 mb-l\">5 Jahre Garantie<\/h2>\n<\/div><\/div>\n<\/div>\n<p class=\"mb-l\">\n<div class=\"article\">\n<div class=\"formalpara\">Fairphone legt gro\u00dfen Wert auf die lange Lebensdauer seiner Ger\u00e4te. Und wie k\u00f6nnten sie das besser beweisen als mit einer erweiterten Garantie? Deshalb wird jedes Fairphone 5 mit einer 5-Jahres-Garantie geliefert, die du nach dem Kauf nur noch aktivieren musst. Die Allgemeinen Gesch\u00e4ftsbedingungen f\u00fcr die Garantie findest du unter fairphone.com\/warranty <\/div>\n<\/div>\n<div class=\"article\">\n<div class=\"formalpara\">\n<div class=\"titlepage\">\n<h2 class=\"text-h3 mb-l\">Einfach zu reparieren<\/h2>\n<\/div><\/div>\n<\/div>\n<p class=\"mb-l\">\n<div class=\"article\">\n<div class=\"formalpara\">Ist dir schon einmal ein Display kaputtgegangen und die Reparatur war so teuer, dass du lieber ein neues Ger\u00e4t gekauft hast? Dieses Problem wirst du mit dem Fairphone nicht haben, denn es besteht aus Modulen die als Ersatzteile einzeln erh\u00e4ltlich sind. Bei uns kein Problem, denn das Fairphone besteht aus Modulen, die als Ersatzteile einzeln erh\u00e4ltlich sind. Ein Sprung im Display? Hol dir einen Ersatz f\u00fcr weniger als 80 \u20ac! Wird die Batterie immer schw\u00e4cher? F\u00fcr nur 26 \u20ac bekommst du eine neue! <\/div>\n<\/div>\n<p class=\"mb-l\">\n<div class=\"article\">Die Reparatur f\u00fchrst du im Handumdrehen selbst durch. <\/div>\n<\/p>\n<p class=\"mb-l\">\n<div class=\"article\">Und das T\u00fcpfelchen auf dem i: Fairphone stellt einfache Tutorials auf seinem Youtube-Kanal, zur Verf\u00fcgung, die dich dabei unterst\u00fctzen.<\/div>\n<\/p>\n<p class=\"mb-l\">\n<div class=\"article\"><span class=\"bold\">Fair produziert<\/span> <\/div>\n<\/p>\n<p class=\"mb-l\">\n<div class=\"article\">Wei\u00dft du, was sich in deinem Smartphone befindet? Ein Smartphone besteht aus \u00fcber 50 verschiedenen Materialien, darunter seltene und edle Metalle. Diese Materialien stammen aus verschiedenen L\u00e4ndern der Welt. Bei ihrem Abbau wird oft die Umwelt gesch\u00e4digt und es herrschen schlechte Arbeitsbedingungen. Darum m\u00f6chte Fairphone Dinge anders handhaben. <\/div>\n<\/p>\n<div class=\"article\">\n<div class=\"formalpara\">\n<div class=\"titlepage\">\n<h2 class=\"text-h3 mb-l\">Faire und recycelte Materialien<\/h2>\n<\/div><\/div>\n<\/div>\n<p class=\"mb-l\">\n<div class=\"article\">\n<div class=\"formalpara\">Fairphone m\u00f6chte die Beschaffung verbessern und konzentriert sich dabei auf 14 Materialien. <\/div>\n<\/div>\n<p class=\"mb-l\">\n<div class=\"article\">Diese Materialien bezieht Fairphone auf faire und nachhaltige Weise (z. B. Fairtrade-Gold, IRMA-Lithium und recyceltes Aluminium, seltene Erden und Kupfer) oder kompensiert seinen Verbrauch mit einer Pr\u00e4mie f\u00fcr fairen Abbau (faire Gold-, Silber- und Kobalt-Credits). Insgesamt werden 70 % der genannten Materialien fair beschafft. <\/div>\n<\/p>\n<div class=\"article\">\n<div class=\"formalpara\">\n<div class=\"titlepage\">\n<h2 class=\"text-h3 mb-l\">Mit Respekt f\u00fcr Menschen produziert<\/h2>\n<\/div><\/div>\n<\/div>\n<p class=\"mb-l\">\n<div class=\"article\">\n<div class=\"formalpara\">Gemeinsam mit seinen Zulieferern schafft Fairphone bessere Arbeitsbedingungen, indem Arbeitskr\u00e4fte in den Fabriken existenzsichernde L\u00f6hne erhalten und in ihrem Arbeitsumfeld eine Mitsprache haben. Der Hersteller des Fairphone 5 ist nach SA8000 zertifiziert, einem der h\u00f6chsten Standards f\u00fcr sichere und menschenw\u00fcrdige Arbeitsbedingungen.<\/div>\n<\/div>\n<div class=\"article\">\n<div class=\"formalpara\">\n<div class=\"titlepage\">\n<h2 class=\"text-h3 mb-l\">Klimabewusst produziert<\/h2>\n<\/div><\/div>\n<\/div>\n<p class=\"mb-l\">\n<div class=\"article\">\n<div class=\"formalpara\">Mehr als 70 % des CO2-Fu\u00dfabdrucks eines neuen Smartphones entf\u00e4llt auf seine Herstellung. Daher entwickelt Fairphone Produkte, die lange halten, um Kohlenstoffemissionen zu reduzieren oder zu vermeiden. Au\u00dferdem verwendet Fairphone recycelte Materialien und investiert in Projekte, bei denen die Erde und die Menschen an erster Stelle stehen. Bei den ausgew\u00e4hlten Gold-Standard-zertifizierten Projekten werden die Kohlenstoffemissionen durch Energieeffizienzma\u00dfnahmen gesenkt, die in Gemeinden in Uganda und der Demokratischen Republik Kongo ergriffen werden. Der Beitrag von Fairphone entspricht der Klimabelastung, die durch die Herstellung, den Transport und die Abfallbehandlung des verkauften Fairphone 5 entsteht.<\/div>\n<\/div>\n<p class=\"mb-l\">\n<div class=\"article\"><span class=\"bold\">Technische Details<\/span> <\/div>\n<\/p>\n<p class=\"mb-l\">\n<div class=\"article\">Mit allen Funktionen, die du brauchst<\/div>\n<\/p>\n<p class=\"mb-l\">\n<div class=\"article\">Schnell, leistungsstark, zuverl\u00e4ssig \u2013 \u00fcber viele Jahre. <\/div>\n<\/p>\n<div class=\"article\">\n<div class=\"formalpara\">\n<div class=\"titlepage\">\n<h2 class=\"text-h3 mb-l\">Intuitives Android 14<\/h2>\n<\/div>\n<\/div>\n<\/div>\n<p class=\"mb-l\">\n<div class=\"article\">\n<div class=\"formalpara\">Eine hochmoderne Benutzeroberfl\u00e4che, die du selbst anpassen und steuern kannst. Mit zus\u00e4tzlicher Sicherheit. Und ganz ohne Bloatware \u2013 so sauber, wie Android nur sein kann. F\u00fcr ein ganz pers\u00f6nliches Erlebnis. <\/div>\n<\/div>\n<div class=\"article\">\n<div class=\"formalpara\">\n<div class=\"titlepage\">\n<h2 class=\"text-h3 mb-l\">Riesiger, erweiterbarer Speicher<\/h2>\n<\/div><\/div>\n<\/div>\n<p class=\"mb-l\">\n<div class=\"article\">\n<div class=\"formalpara\">Bis zu 2 TB erweiterbarer SD-Kartenspeicher f\u00fcr alles, was du behalten m\u00f6chtest. Fotos und Videos aus vielen Jahren, Millionen von Dokumenten. Immer bei dir. <\/div>\n<\/div>\n<div class=\"article\">\n<div class=\"formalpara\">\n<div class=\"titlepage\">\n<h2 class=\"text-h3 mb-l\">Superschnelles 5G<\/h2>\n<\/div><\/div>\n<\/div>\n<p class=\"mb-l\">\n<div class=\"article\">\n<div class=\"formalpara\">Profitiere jetzt von 5G-Geschwindigkeit. F\u00fcr Videoanrufe mit Freunden und Familie in HD, nahtloses Musik-Streaming und spannende Filme &#8211; auch unterwegs. Superschnell, auch in der Zukunft. <\/div>\n<\/div>\n<div class=\"article\">\n<div class=\"formalpara\">\n<div class=\"titlepage\">\n<h2 class=\"text-h3 mb-l\">Dual-SIM<\/h2>\n<\/div><\/div>\n<\/div>\n<p class=\"mb-l\">\n<div class=\"article\">\n<div class=\"formalpara\">Mit der Dual-SIM-Funktionalit\u00e4t bist du rundum flexibel. Nutze eine SIM-Karte f\u00fcr deine Arbeit und eine e-SIM f\u00fcr dein Privatleben, oder bleibe mit Angeh\u00f6rigen im Ausland in Kontakt. Du entscheidest selbst.<\/div>\n<\/div>\n<div class=\"article\">\n<div class=\"formalpara\">\n<div class=\"titlepage\">\n<h2 class=\"text-h3 mb-l\">Ganzt\u00e4gige Batterielaufzeit<\/h2>\n<\/div><\/div>\n<\/div>\n<p class=\"mb-l\">\n<div class=\"article\">\n<div class=\"formalpara\">Ganzt\u00e4gige Leistung (4200 mAh) und Schnellladen gehen Hand in Hand. Au\u00dferdem l\u00e4sst sich die Batterie bei Bedarf leicht austauschen, damit dir nie der Saft ausgeht.<\/div>\n<\/div>\n<div class=\"itemizedlist\">\n<ul class=\"bullet-list\">\n<li class=\"bullet-list-item\">\n<div class=\"article\">32 Stunden t\u00e4gliche Nutzung<\/div>\n<\/li>\n<\/ul>\n<\/div>\n<div class=\"itemizedlist\">\n<ul class=\"bullet-list\">\n<li class=\"bullet-list-item\">\n<div class=\"article\">Aufladen auf 50 % in x Minuten und auf 100 % in x Minuten<\/div>\n<\/li>\n<\/ul>\n<\/div>\n<div class=\"itemizedlist\">\n<ul class=\"bullet-list\">\n<li class=\"bullet-list-item\">\n<div class=\"article\">16 Stunden kontinuierliche Video-Wiedergabe<\/div>\n<\/li>\n<\/ul>\n<\/div>\n<div class=\"itemizedlist\">\n<ul class=\"bullet-list\">\n<li class=\"bullet-list-item\">\n<div class=\"article\">10 Stunden Gaming ohne Pause<\/div>\n<\/li>\n<\/ul>\n<\/div>\n<div class=\"article\">\n<div class=\"formalpara\">\n<div class=\"titlepage\">\n<h2 class=\"text-h3 mb-l\">Premium-Dual-Objektive<\/h2>\n<\/div><\/div>\n<\/div>\n<p class=\"mb-l\">\n<div class=\"article\">\n<div class=\"formalpara\">Diese (Ultra-)Weitwinkelobjektive mit 50 Megapixeln haben es in sich: Sie sind schnell, scharf, zuverl\u00e4ssig und jederzeit einsatzbereit.<\/div>\n<\/div>\n<div class=\"article\">\n<div class=\"formalpara\">\n<div class=\"titlepage\">\n<h2 class=\"text-h3 mb-l\">Noch tollere Selfies<\/h2>\n<\/div><\/div>\n<\/div>\n<p class=\"mb-l\">\n<div class=\"article\">\n<div class=\"formalpara\">Brauchst du eine Selfie-Kamera, mit der du dich vor jeder Kulisse bestens in Szene setzen kannst? Dann ist dieses 50-Megapixel-Objektiv genau das Richtige.<\/div>\n<\/div>\n<div class=\"article\">\n<div class=\"formalpara\">\n<div class=\"titlepage\">\n<h2 class=\"text-h3 mb-l\">Atemberaubende Videos | Deine Welt in 4K<\/h2>\n<\/div><\/div>\n<\/div>\n<div class=\"itemizedlist\">\n<ul class=\"bullet-list\">\n<li class=\"bullet-list-item\">\n<div class=\"article\">\n<div class=\"formalpara\">Bis zu 4K Aufl\u00f6sung<\/div>\n<\/div>\n<\/li>\n<\/ul>\n<\/div>\n<div class=\"itemizedlist\">\n<ul class=\"bullet-list\">\n<li class=\"bullet-list-item\">\n<div class=\"article\">\n<div class=\"formalpara\">Bis zu 240 Bilder pro Sekunde<\/div>\n<\/div>\n<\/li>\n<\/ul>\n<\/div>\n<div class=\"itemizedlist\">\n<ul class=\"bullet-list\">\n<li class=\"bullet-list-item\">\n<div class=\"article\">\n<div class=\"formalpara\">HDR-Videos<\/div>\n<\/div>\n<\/li>\n<\/ul>\n<\/div>\n<div class=\"itemizedlist\">\n<ul class=\"bullet-list\">\n<li class=\"bullet-list-item\">\n<div class=\"article\">\n<div class=\"formalpara\">Wackelfreie Handheld-Videos<\/div>\n<\/div>\n<\/li>\n<\/ul>\n<\/div>\n<li class=\"mb-m\">\n<div class=\"flex flex-col m:flex-row gap-s m:gap-xl\">\n<div class=\"text-h3 min-w-[244px] max-w-[244px]\">Prozessor<\/div>\n<div class=\"flex flex-col gap-s\"><span class=\"ml-3xs pl-[15px] relative before:absolute before:w-[8px] before:h-[8px] before:bg-dark before:top-[8px] before:left-0 before:rounded-full\">2,7 GHz Qualcomm QCM6490 Octa-Core-Prozessor<\/span><\/div>\n<\/div>\n<\/li>\n<li class=\"mb-m\">\n<div class=\"flex flex-col m:flex-row gap-s m:gap-xl\">\n<div class=\"text-h3 min-w-[244px] max-w-[244px]\">Speicher<\/div>\n<div class=\"flex flex-col gap-s\"><span class=\"ml-3xs pl-[15px] relative before:absolute before:w-[8px] before:h-[8px] before:bg-dark before:top-[8px] before:left-0 before:rounded-full\">8 GB Arbeitsspeicher<\/span><span class=\"ml-3xs pl-[15px] relative before:absolute before:w-[8px] before:h-[8px] before:bg-dark before:top-[8px] before:left-0 before:rounded-full\">256 GB interner Speicher<\/span><span class=\"ml-3xs pl-[15px] relative before:absolute before:w-[8px] before:h-[8px] before:bg-dark before:top-[8px] before:left-0 before:rounded-full\">bis zu 2 TB Speichererweiterung m\u00f6glich<\/span><\/div>\n<\/div>\n<\/li>\n<li class=\"mb-m\">\n<div class=\"flex flex-col m:flex-row gap-s m:gap-xl\">\n<div class=\"text-h3 min-w-[244px] max-w-[244px]\">Display<\/div>\n<div class=\"flex flex-col gap-s\"><span class=\"ml-3xs pl-[15px] relative before:absolute before:w-[8px] before:h-[8px] before:bg-dark before:top-[8px] before:left-0 before:rounded-full\">16,4 cm (6,47 Zoll) pOLED Display<\/span><span class=\"ml-3xs pl-[15px] relative before:absolute before:w-[8px] before:h-[8px] before:bg-dark before:top-[8px] before:left-0 before:rounded-full\">mit 1224 x 2770 Pixel und 459 ppi<\/span><span class=\"ml-3xs pl-[15px] relative before:absolute before:w-[8px] before:h-[8px] before:bg-dark before:top-[8px] before:left-0 before:rounded-full\">Anzahl Farben: 16,7 Mio.<\/span><\/div>\n<\/div>\n<\/li>\n<li class=\"mb-m\">\n<div class=\"flex flex-col m:flex-row gap-s m:gap-xl\">\n<div class=\"text-h3 min-w-[244px] max-w-[244px]\">Kamera<\/div>\n<div class=\"flex flex-col gap-s\"><span class=\"ml-3xs pl-[15px] relative before:absolute before:w-[8px] before:h-[8px] before:bg-dark before:top-[8px] before:left-0 before:rounded-full\">50 Megapixel Hauptkamera<\/span><span class=\"ml-3xs pl-[15px] relative before:absolute before:w-[8px] before:h-[8px] before:bg-dark before:top-[8px] before:left-0 before:rounded-full\">Dual-Kamera<\/span><span class=\"ml-3xs pl-[15px] relative before:absolute before:w-[8px] before:h-[8px] before:bg-dark before:top-[8px] before:left-0 before:rounded-full\">Aufl\u00f6sung 2. Kamera: 50 Megapixel<\/span><span class=\"ml-3xs pl-[15px] relative before:absolute before:w-[8px] before:h-[8px] before:bg-dark before:top-[8px] before:left-0 before:rounded-full\">50 Megapixel Frontkamera<\/span><span class=\"ml-3xs pl-[15px] relative before:absolute before:w-[8px] before:h-[8px] before:bg-dark before:top-[8px] before:left-0 before:rounded-full\">Optische Bildstabilisierung<\/span><span class=\"ml-3xs pl-[15px] relative before:absolute before:w-[8px] before:h-[8px] before:bg-dark before:top-[8px] before:left-0 before:rounded-full\">Weitwinkelobjektiv<\/span><span class=\"ml-3xs pl-[15px] relative before:absolute before:w-[8px] before:h-[8px] before:bg-dark before:top-[8px] before:left-0 before:rounded-full\">Blende: f\/2.2<\/span><span class=\"ml-3xs pl-[15px] relative before:absolute before:w-[8px] before:h-[8px] before:bg-dark before:top-[8px] before:left-0 before:rounded-full\">Fotolicht der Hauptkamera: Single-LED<\/span><span class=\"ml-3xs pl-[15px] relative before:absolute before:w-[8px] before:h-[8px] before:bg-dark before:top-[8px] before:left-0 before:rounded-full\">Maximale Video-Aufl\u00f6sung (Hauptkamera): 3840 x 2160 (4K)<\/span><span class=\"ml-3xs pl-[15px] relative before:absolute before:w-[8px] before:h-[8px] before:bg-dark before:top-[8px] before:left-0 before:rounded-full\">Maximale Video-Aufl\u00f6sung (Frontkamera): 3840 x 2160 (4K)<\/span><\/div>\n<\/div>\n<\/li>\n<li class=\"mb-m\">\n<div class=\"flex flex-col m:flex-row gap-s m:gap-xl\">\n<div class=\"text-h3 min-w-[244px] max-w-[244px]\">Kommunikation<\/div>\n<div class=\"flex flex-col gap-s\"><span class=\"ml-3xs pl-[15px] relative before:absolute before:w-[8px] before:h-[8px] before:bg-dark before:top-[8px] before:left-0 before:rounded-full\">GSM: Quad-Band (850\/900\/1800\/1900)<\/span><span class=\"ml-3xs pl-[15px] relative before:absolute before:w-[8px] before:h-[8px] before:bg-dark before:top-[8px] before:left-0 before:rounded-full\">UMTS\/HSPA: Band 850\/900\/1700\/1900\/2100<\/span><span class=\"ml-3xs pl-[15px] relative before:absolute before:w-[8px] before:h-[8px] before:bg-dark before:top-[8px] before:left-0 before:rounded-full\">LTE Band: ja<\/span><span class=\"ml-3xs pl-[15px] relative before:absolute before:w-[8px] before:h-[8px] before:bg-dark before:top-[8px] before:left-0 before:rounded-full\">unterst\u00fctzt 5G-Mobilfunkstandard<\/span><span class=\"ml-3xs pl-[15px] relative before:absolute before:w-[8px] before:h-[8px] before:bg-dark before:top-[8px] before:left-0 before:rounded-full\">WLAN 802.11 a\/b\/g\/n\/ac\/ax<\/span><span class=\"ml-3xs pl-[15px] relative before:absolute before:w-[8px] before:h-[8px] before:bg-dark before:top-[8px] before:left-0 before:rounded-full\">Bluetooth: 5.2 LE<\/span><span class=\"ml-3xs pl-[15px] relative before:absolute before:w-[8px] before:h-[8px] before:bg-dark before:top-[8px] before:left-0 before:rounded-full\">NFC<\/span><\/div>\n<\/div>\n<\/li>\n<li class=\"mb-m\">\n<div class=\"flex flex-col m:flex-row gap-s m:gap-xl\">\n<div class=\"text-h3 min-w-[244px] max-w-[244px]\">Schnittstellen<\/div>\n<div class=\"flex flex-col gap-s\"><span class=\"ml-3xs pl-[15px] relative before:absolute before:w-[8px] before:h-[8px] before:bg-dark before:top-[8px] before:left-0 before:rounded-full\">USB-Standard: USB 3.0<\/span><span class=\"ml-3xs pl-[15px] relative before:absolute before:w-[8px] before:h-[8px] before:bg-dark before:top-[8px] before:left-0 before:rounded-full\">USB-Typ-C<\/span><span class=\"ml-3xs pl-[15px] relative before:absolute before:w-[8px] before:h-[8px] before:bg-dark before:top-[8px] before:left-0 before:rounded-full\">Kopfh\u00f6rer-Anschluss: \u00fcber Adapter<\/span><\/div>\n<\/div>\n<\/li>\n<li class=\"mb-m\">\n<div class=\"flex flex-col m:flex-row gap-s m:gap-xl\">\n<div class=\"text-h3 min-w-[244px] max-w-[244px]\">Ortung &amp; Sensoren<\/div>\n<div class=\"flex flex-col gap-s\"><span class=\"ml-3xs pl-[15px] relative before:absolute before:w-[8px] before:h-[8px] before:bg-dark before:top-[8px] before:left-0 before:rounded-full\">GPS-Ortung<\/span><span class=\"ml-3xs pl-[15px] relative before:absolute before:w-[8px] before:h-[8px] before:bg-dark before:top-[8px] before:left-0 before:rounded-full\">Gyrosensor<\/span><span class=\"ml-3xs pl-[15px] relative before:absolute before:w-[8px] before:h-[8px] before:bg-dark before:top-[8px] before:left-0 before:rounded-full\">Bewegungssensor<\/span><span class=\"ml-3xs pl-[15px] relative before:absolute before:w-[8px] before:h-[8px] before:bg-dark before:top-[8px] before:left-0 before:rounded-full\">Digitaler Kompass<\/span><span class=\"ml-3xs pl-[15px] relative before:absolute before:w-[8px] before:h-[8px] before:bg-dark before:top-[8px] before:left-0 before:rounded-full\">N\u00e4herungssensor<\/span><span class=\"ml-3xs pl-[15px] relative before:absolute before:w-[8px] before:h-[8px] before:bg-dark before:top-[8px] before:left-0 before:rounded-full\">Fingerabdrucksensor<\/span><\/div>\n<\/div>\n<\/li>\n<li class=\"mb-m\">\n<div class=\"flex flex-col m:flex-row gap-s m:gap-xl\">\n<div class=\"text-h3 min-w-[244px] max-w-[244px]\">Akku &amp; Laufzeiten<\/div>\n<div class=\"flex flex-col gap-s\"><span class=\"ml-3xs pl-[15px] relative before:absolute before:w-[8px] before:h-[8px] before:bg-dark before:top-[8px] before:left-0 before:rounded-full\">Akkutyp: Lithium-Ionen<\/span><span class=\"ml-3xs pl-[15px] relative before:absolute before:w-[8px] before:h-[8px] before:bg-dark before:top-[8px] before:left-0 before:rounded-full\">Leistung: 4200 mAh<\/span><span class=\"ml-3xs pl-[15px] relative before:absolute before:w-[8px] before:h-[8px] before:bg-dark before:top-[8px] before:left-0 before:rounded-full\">Wechselbarer Akku<\/span><span class=\"ml-3xs pl-[15px] relative before:absolute before:w-[8px] before:h-[8px] before:bg-dark before:top-[8px] before:left-0 before:rounded-full\">Gespr\u00e4chszeit: 38 h<\/span><span class=\"ml-3xs pl-[15px] relative before:absolute before:w-[8px] before:h-[8px] before:bg-dark before:top-[8px] before:left-0 before:rounded-full\">Standbyzeit: 450 h<\/span><span class=\"ml-3xs pl-[15px] relative before:absolute before:w-[8px] before:h-[8px] before:bg-dark before:top-[8px] before:left-0 before:rounded-full\">Quick Charge<\/span><span class=\"ml-3xs pl-[15px] relative before:absolute before:w-[8px] before:h-[8px] before:bg-dark before:top-[8px] before:left-0 before:rounded-full\">50%ige Aufladung in 20 Minuten mit einem 30W-Ladeger\u00e4t<\/span><\/div>\n<\/div>\n<\/li>\n<li class=\"mb-m\">\n<div class=\"flex flex-col m:flex-row gap-s m:gap-xl\">\n<div class=\"text-h3 min-w-[244px] max-w-[244px]\">Betriebssystem<\/div>\n<div class=\"flex flex-col gap-s\"><span class=\"ml-3xs pl-[15px] relative before:absolute before:w-[8px] before:h-[8px] before:bg-dark before:top-[8px] before:left-0 before:rounded-full\">Android 13.0<\/span><\/div>\n<\/div>\n<\/li>\n<li class=\"mb-m\">\n<div class=\"flex flex-col m:flex-row gap-s m:gap-xl\">\n<div class=\"text-h3 min-w-[244px] max-w-[244px]\">Allgemeine Daten<\/div>\n<div class=\"flex flex-col gap-s\"><span class=\"ml-3xs pl-[15px] relative before:absolute before:w-[8px] before:h-[8px] before:bg-dark before:top-[8px] before:left-0 before:rounded-full\">Farbe: transparent<\/span><span class=\"ml-3xs pl-[15px] relative before:absolute before:w-[8px] before:h-[8px] before:bg-dark before:top-[8px] before:left-0 before:rounded-full\">Gewicht: 212 g<\/span><span class=\"ml-3xs pl-[15px] relative before:absolute before:w-[8px] before:h-[8px] before:bg-dark before:top-[8px] before:left-0 before:rounded-full\">Abmessungen (H x B x T): 161,6 mm x 75,8 mm x 9,6 mm<\/span><span class=\"ml-3xs pl-[15px] relative before:absolute before:w-[8px] before:h-[8px] before:bg-dark before:top-[8px] before:left-0 before:rounded-full\">SIM-Karte: nanoSIM<\/span><span class=\"ml-3xs pl-[15px] relative before:absolute before:w-[8px] before:h-[8px] before:bg-dark before:top-[8px] before:left-0 before:rounded-full\">Dual-SIM-Funktion, SIM-Typ: eSIM<\/span><\/div>\n<\/div>\n<\/li>\n<li class=\"mb-m\">\n<div class=\"flex flex-col m:flex-row gap-s m:gap-xl\">\n<div class=\"text-h3 min-w-[244px] max-w-[244px]\">Lieferumfang<\/div>\n<div class=\"flex flex-col gap-s\"><span class=\"ml-3xs pl-[15px] relative before:absolute before:w-[8px] before:h-[8px] before:bg-dark before:top-[8px] before:left-0 before:rounded-full\">Fairphone 5<\/span><span class=\"ml-3xs pl-[15px] relative before:absolute before:w-[8px] before:h-[8px] before:bg-dark before:top-[8px] before:left-0 before:rounded-full\">Quick-Start-Guide<\/span><\/div>\n<\/div>\n<\/li>\n<li class=\"mb-m\">\n<div class=\"flex flex-col m:flex-row gap-s m:gap-xl\">\n<div class=\"text-h3 min-w-[244px] max-w-[244px]\">Besonderheiten<\/div>\n<div class=\"flex flex-col gap-s\"><span class=\"ml-3xs pl-[15px] relative before:absolute before:w-[8px] before:h-[8px] before:bg-dark before:top-[8px] before:left-0 before:rounded-full\">IP55<\/p>\n<div class=\"itemizedlist\">\n<ul class=\"flex flex-col gap-s\">\n<li class=\"ml-3xs pl-[15px] relative before:absolute before:w-[8px] before:h-[8px] before:bg-dark before:top-[8px] before:left-0 before:rounded-full\"><span class=\"\">5 Jahre Garantie:<\/span> F\u00fcr Langlebigkeit gemacht, \u00fcber viele Jahre supported.<\/li>\n<li class=\"ml-3xs pl-[15px] relative before:absolute before:w-[8px] before:h-[8px] before:bg-dark before:top-[8px] before:left-0 before:rounded-full\"><span class=\"\">Fairtrade Gold:<\/span> Wir sind das erste und einzige Smartphone-Unternehmen mit dieser Zertifizierung.<\/li>\n<li class=\"ml-3xs pl-[15px] relative before:absolute before:w-[8px] before:h-[8px] before:bg-dark before:top-[8px] before:left-0 before:rounded-full\"><span class=\"\">5G und zukunftsf\u00e4hige Features:<\/span> Duale Kamera, Android\u2122 11 und ein leistungsstarker Prozessor.<\/li>\n<li class=\"ml-3xs pl-[15px] relative before:absolute before:w-[8px] before:h-[8px] before:bg-dark before:top-[8px] before:left-0 before:rounded-full\"><span class=\"\">Elektronik-M\u00fcll neutral:<\/span> F\u00fcr jedes von uns verkaufte Telefon recyceln wir die gleiche Menge an Elektrom\u00fcll<\/li>\n<li class=\"ml-3xs pl-[15px] relative before:absolute before:w-[8px] before:h-[8px] before:bg-dark before:top-[8px] before:left-0 before:rounded-full\"><span class=\"\">TCO certified:<\/span> Nachhaltig \u00fcber den gesamten Lebenszyklus, zertifiziert durch tco.<\/li>\n<\/ul>\n<\/div>\n<p><\/span><\/div>\n<\/div>\n<\/li>\n","protected":false},"excerpt":{"rendered":"<li class=\"bullet-list-item\">Farbe: transparent<\/li>\n<li class=\"bullet-list-item\">2,7 GHz Qualcomm QCM6490 Octa-Core-Prozessor<\/li>\n<li class=\"bullet-list-item\">50 Megapixel Hauptkamera mit optischer Bildstabilisierung<\/li>\n<li class=\"bullet-list-item\">16,4 cm (6,47 Zoll) pOLED Display mit 1224 x 2770 Pixel<\/li>\n<li class=\"bullet-list-item\">256 GB interner Speicher, Wassergesch\u00fctzt, Android 13.0<\/li>\n<p> Herstellernummer F5FPHN-2TL-EU1<\/p>","protected":false},"featured_media":45249,"comment_status":"open","ping_status":"closed","template":"","meta":{"_monsterinsights_skip_tracking":false,"_monsterinsights_sitenote_active":false,"_monsterinsights_sitenote_note":"","_monsterinsights_sitenote_category":0,"_uf_show_specific_survey":0,"_uf_disable_surveys":false},"product_brand":[],"product_cat":[481],"product_tag":[],"models":[],"years":[],"class_list":{"0":"post-35448","1":"product","2":"type-product","3":"status-publish","4":"has-post-thumbnail","6":"product_cat-smartphones","8":"first","9":"instock","10":"sale","11":"featured","12":"shipping-taxable","13":"purchasable","14":"product-type-simple"},"aioseo_notices":[],"acf":[],"_links":{"self":[{"href":"https:\/\/amannforg.com\/de\/wp-json\/wp\/v2\/product\/35448","targetHints":{"allow":["GET"]}}],"collection":[{"href":"https:\/\/amannforg.com\/de\/wp-json\/wp\/v2\/product"}],"about":[{"href":"https:\/\/amannforg.com\/de\/wp-json\/wp\/v2\/types\/product"}],"replies":[{"embeddable":true,"href":"https:\/\/amannforg.com\/de\/wp-json\/wp\/v2\/comments?post=35448"}],"version-history":[{"count":1,"href":"https:\/\/amannforg.com\/de\/wp-json\/wp\/v2\/product\/35448\/revisions"}],"predecessor-version":[{"id":57745,"href":"https:\/\/amannforg.com\/de\/wp-json\/wp\/v2\/product\/35448\/revisions\/57745"}],"wp:featuredmedia":[{"embeddable":true,"href":"https:\/\/amannforg.com\/de\/wp-json\/wp\/v2\/media\/45249"}],"wp:attachment":[{"href":"https:\/\/amannforg.com\/de\/wp-json\/wp\/v2\/media?parent=35448"}],"wp:term":[{"taxonomy":"product_brand","embeddable":true,"href":"https:\/\/amannforg.com\/de\/wp-json\/wp\/v2\/product_brand?post=35448"},{"taxonomy":"product_cat","embeddable":true,"href":"https:\/\/amannforg.com\/de\/wp-json\/wp\/v2\/product_cat?post=35448"},{"taxonomy":"product_tag","embeddable":true,"href":"https:\/\/amannforg.com\/de\/wp-json\/wp\/v2\/product_tag?post=35448"},{"taxonomy":"models","embeddable":true,"href":"https:\/\/amannforg.com\/de\/wp-json\/wp\/v2\/models?post=35448"},{"taxonomy":"years","embeddable":true,"href":"https:\/\/amannforg.com\/de\/wp-json\/wp\/v2\/years?post=35448"}],"curies":[{"name":"wp","href":"https:\/\/api.w.org\/{rel}","templated":true}]}}