{"id":37674,"date":"2026-03-03T23:10:42","date_gmt":"2026-03-03T23:10:42","guid":{"rendered":"https:\/\/amannforg.com\/?post_type=product&#038;p=37674"},"modified":"2026-03-13T11:38:20","modified_gmt":"2026-03-13T11:38:20","slug":"wiim-sound-lite-twin-pack-weiss-smart-speaker-hi-res-multiroom-lautsprecher-set","status":"publish","type":"product","link":"https:\/\/amannforg.com\/de\/produkt\/wiim-sound-lite-twin-pack-weiss-smart-speaker-hi-res-multiroom-lautsprecher-set\/","title":{"rendered":"WiiM Sound LITE Twin Pack weiss Smart Speaker Hi-Res Multiroom Lautsprecher-Set"},"content":{"rendered":"<p class=\"mb-l\">\n<div class=\"titlepage\">\n<h2 class=\"text-h3 mb-l\">WiiM Sound Lite<\/h2>\n<\/div>\n<p class=\"mb-l\">Der WiiM Sound Lite ist ein kompakter, hochaufl\u00f6sender Smart-Lautsprecher f\u00fcr Musikfans, die sich Sound in Studioqualit\u00e4t, Streaming \u00fcber offene Plattformen und Erweiterbarkeit f\u00fcr das ganze Haus w\u00fcnschen \u2013 ohne Dis-play am Ger\u00e4t oder mitgelieferte Sprachfernbedienung. Er bietet eine Wiedergabe mit bis zu 24 Bit\/192 kHz, eine Spitzenleistung von 100 Watt, AI RoomFit\u2122-Raumkorrektur und nahtloses Casting von Deinen Lieblings-Apps.<\/p>\n<p class=\"mb-l\">\n<div class=\"titlepage\">\n<h2 class=\"text-h3 mb-l\">Verdoppeln. Echtes Stereo. Gr\u00f6\u00dfere B\u00fchne<\/h2>\n<\/div>\n<p class=\"mb-l\">Kopple zwei WiiM Sound Lite f\u00fcr dedizierte L\/R-Kan\u00e4le \u2013 breitere B\u00fchne, klarere Vocals, punktgenaue Abbildung. Einrichtung mit wenigen Tipps in der WiiM Home App.<\/p>\n<p class=\"mb-l\">\n<div class=\"titlepage\">\n<h2 class=\"text-h3 mb-l\">Kompakter Hi-Res-Smart-Speaker f\u00fcr echten Klanggenuss<\/h2>\n<\/div>\n<p class=\"mb-l\">Der WiiM Sound Lite bringt erstklassige Streaming-Performance und beeindruckenden Hi-Res-Sound in einem schlanken, minimalistischen Lautsprecher zusammen. Ob als Einzelger\u00e4t, im Stereo-Duo oder als Teil eines Multiroom-Setups \u2013 dieser kompakte Smart Speaker passt in jede Wohnumgebung und liefert kraftvollen, detailreichen Klang aus einem puristischen Design ohne Display oder separate Fernbedienung.<\/p>\n<p class=\"mb-l\">\n<div class=\"titlepage\">\n<h2 class=\"text-h3 mb-l\">Hi-Res-Audio f\u00fcr jeden Raum<\/h2>\n<\/div>\n<p class=\"mb-l\">Mit Unterst\u00fctzung f\u00fcr hochaufl\u00f6senden Sound bis 24\u2009Bit \/ 192\u2009kHz, einem pr\u00e4zise abgestimmten 2-Wege-Akustiksystem und intelligenter AI RoomFit\u2122-Raumkorrektur liefert der Sound Lite ein ausgewogenes, dynamisches Klangbild \u2013 von sattem Bass bis klaren H\u00f6hen.<\/p>\n<p class=\"mb-l\">\n<div class=\"titlepage\">\n<h2 class=\"text-h3 mb-l\">\u00dcberall Musik streamen, wie du willst<\/h2>\n<\/div>\n<p class=\"mb-l\">Genie\u00dfe Musik direkt aus \u00fcber 20 Streaming-Diensten oder castest drahtlos mit Chromecast, Spotify Connect, TIDAL Connect, DLNA und mehr. Ob \u00fcber Wi-Fi 6E, Bluetooth 5.3 oder kabelgebunden \u00fcber Ethernet oder AUX \u2013 du hast volle Flexibilit\u00e4t bei der Quelle deiner Wahl.<\/p>\n<p>Der WiiM Sound Lite ist die sinnvoll reduzierte Variante des ersten vollst\u00e4ndig von WiiM entwickelten Smart-Lautsprechers und vereint hochaufl\u00f6sendes Musik-Streaming, automatische Raumkorrektur und echtes Multiroom-Audio in einem kompakten Full-Range-System. Er f\u00fcgt sich nahtlos in das bestehende WiiM-\u00d6kosystem ein und bietet dieselbe klangliche und technische Basis, f\u00fcr die WiiM mit seinen Streamern und Verst\u00e4rkern bekannt ist.Mit 24-Bit\/192-kHz-High-Res-Audio, einer Gesamtleistung von 100 Watt sowie einer Treiberbest\u00fcckung mit einem 10-cm-Tief-Mittelt\u00f6ner und zwei Hocht\u00f6nern liefert der WiiM Sound Lite ein ausgewogenes, dynamisches Klangbild mit druckvollem Bass und klaren Details. Die integrierte automatische Raumkorrektur analysiert die akustischen Gegebenheiten und passt den Klang optimal an den Aufstellungsort an. F\u00fcr individuelle Anpassungen stehen ein 10-Band-EQ, ein parametrischer Equalizer sowie 24 Klangprofile zur Verf\u00fcgung.Dank Wi-Fi 6E, Bluetooth 5.3, Chromecast, Spotify Connect, TIDAL Connect, DLNA, Alexa Cast sowie \u00fcber 20 integrierten Musikdiensten in der WiiM Home App l\u00e4sst sich Musik flexibel streamen \u2013 einzeln, als Stereo-Paar oder innerhalb eines Multiroom-Systems. Der WiiM Sound Lite unterst\u00fctzt Google-Cast-Gruppen, Alexa-Multiroom sowie WiiM-Multiroom und integriert sich damit nahtlos in unterschiedliche Streaming-Plattformen und Smart-Home-Umgebungen.Die Bedienung erfolgt vollst\u00e4ndig \u00fcber die WiiM Home App oder per Sprachsteuerung mit Alexa oder Google Assistant. Der WiiM Sound Lite verzichtet bewusst auf ein integriertes Display und eine separate Fernbedienung und setzt stattdessen auf eine schlanke, app-zentrierte Steuerung. In Kombination mit einem WiiM-Verst\u00e4rker mit HDMI-ARC, wie dem WiiM Amp Ultra, l\u00e4sst sich der Lautsprecher zudem in ein erweitertes Heimkino- oder Multiroom-Setup integrieren.Regelm\u00e4\u00dfige Firmware-Updates erweitern den Funktionsumfang kontinuierlich und stellen sicher, dass der WiiM Sound Lite langfristig technisch aktuell bleibt.  <\/p>\n<li class=\"mb-m\">\n<div class=\"flex flex-col m:flex-row gap-s m:gap-xl\">\n<div class=\"text-h3 min-w-[244px] max-w-[244px]\">Anschl\u00fcsse<\/div>\n<div class=\"flex flex-col gap-s\"><span class=\"ml-3xs pl-[15px] relative before:absolute before:w-[8px] before:h-[8px] before:bg-dark before:top-[8px] before:left-0 before:rounded-full\">Aux In<\/span><\/div>\n<\/div>\n<\/li>\n<li class=\"mb-m\">\n<div class=\"flex flex-col m:flex-row gap-s m:gap-xl\">\n<div class=\"text-h3 min-w-[244px] max-w-[244px]\">Kommunikation<\/div>\n<div class=\"flex flex-col gap-s\"><span class=\"ml-3xs pl-[15px] relative before:absolute before:w-[8px] before:h-[8px] before:bg-dark before:top-[8px] before:left-0 before:rounded-full\">WLAN<\/span><span class=\"ml-3xs pl-[15px] relative before:absolute before:w-[8px] before:h-[8px] before:bg-dark before:top-[8px] before:left-0 before:rounded-full\">Bluetooth<\/span><\/div>\n<\/div>\n<\/li>\n<li class=\"mb-m\">\n<div class=\"flex flex-col m:flex-row gap-s m:gap-xl\">\n<div class=\"text-h3 min-w-[244px] max-w-[244px]\">Abmessungen<\/div>\n<div class=\"flex flex-col gap-s\"><span class=\"ml-3xs pl-[15px] relative before:absolute before:w-[8px] before:h-[8px] before:bg-dark before:top-[8px] before:left-0 before:rounded-full\">Breite: 447 mm<\/span><span class=\"ml-3xs pl-[15px] relative before:absolute before:w-[8px] before:h-[8px] before:bg-dark before:top-[8px] before:left-0 before:rounded-full\">H\u00f6he: 255 mm<\/span><span class=\"ml-3xs pl-[15px] relative before:absolute before:w-[8px] before:h-[8px] before:bg-dark before:top-[8px] before:left-0 before:rounded-full\">Tiefe: 24 mm<\/span><span class=\"ml-3xs pl-[15px] relative before:absolute before:w-[8px] before:h-[8px] before:bg-dark before:top-[8px] before:left-0 before:rounded-full\">Gewicht: 7,8kg<\/span><\/div>\n<\/div>\n<\/li>\n<li class=\"mb-m\">\n<div class=\"flex flex-col m:flex-row gap-s m:gap-xl\">\n<div class=\"text-h3 min-w-[244px] max-w-[244px]\">Lieferumfang<\/div>\n<div class=\"flex flex-col gap-s\"><span class=\"ml-3xs pl-[15px] relative before:absolute before:w-[8px] before:h-[8px] before:bg-dark before:top-[8px] before:left-0 before:rounded-full\">1 x JBL Authentics 500<\/span><span class=\"ml-3xs pl-[15px] relative before:absolute before:w-[8px] before:h-[8px] before:bg-dark before:top-[8px] before:left-0 before:rounded-full\">1 x Netzkabel<\/span><span class=\"ml-3xs pl-[15px] relative before:absolute before:w-[8px] before:h-[8px] before:bg-dark before:top-[8px] before:left-0 before:rounded-full\">1 x Kurzanleitung<\/span><span class=\"ml-3xs pl-[15px] relative before:absolute before:w-[8px] before:h-[8px] before:bg-dark before:top-[8px] before:left-0 before:rounded-full\">1 x Sicherheitsdatenblatt<\/span><span class=\"ml-3xs pl-[15px] relative before:absolute before:w-[8px] before:h-[8px] before:bg-dark before:top-[8px] before:left-0 before:rounded-full\">1 x Garantieschein<\/span><\/div>\n<\/div>\n<\/li>\n<li class=\"mb-m\">\n<div class=\"flex flex-col m:flex-row gap-s m:gap-xl\">\n<div class=\"text-h3 min-w-[244px] max-w-[244px]\">Technische Daten<\/div>\n<div class=\"flex flex-col gap-s\"><span class=\"ml-3xs pl-[15px] relative before:absolute before:w-[8px] before:h-[8px] before:bg-dark before:top-[8px] before:left-0 before:rounded-full\">Ausgangsleistung: 270 W<\/span><span class=\"ml-3xs pl-[15px] relative before:absolute before:w-[8px] before:h-[8px] before:bg-dark before:top-[8px] before:left-0 before:rounded-full\">Frequenzbereich 40 Hz \u2013 20 kHz<\/span><\/div>\n<\/div>\n<\/li>\n","protected":false},"excerpt":{"rendered":"<li class=\"bullet-list-item\">Bluetooth Speaker inkl. WLAN und Bluetooth<\/li>\n<li class=\"bullet-list-item\">Sprachsteuerung integriert<\/li>\n<li class=\"bullet-list-item\">Intuitive Bedienelemente und JBL One App <\/li>\n<li class=\"bullet-list-item\">Multi-Room-Wiedergabe <\/li>\n<li class=\"bullet-list-item\">Automatische Selbstoptimierungsfunktion <\/li>\n<p> Herstellernummer LPWISNDLTPW<\/p>","protected":false},"featured_media":45696,"comment_status":"open","ping_status":"closed","template":"","meta":{"_monsterinsights_skip_tracking":false,"_monsterinsights_sitenote_active":false,"_monsterinsights_sitenote_note":"","_monsterinsights_sitenote_category":0,"_uf_show_specific_survey":0,"_uf_disable_surveys":false},"product_brand":[],"product_cat":[491],"product_tag":[],"models":[],"years":[],"class_list":{"0":"post-37674","1":"product","2":"type-product","3":"status-publish","4":"has-post-thumbnail","6":"product_cat-multiroom-systeme","8":"first","9":"instock","10":"sale","11":"featured","12":"shipping-taxable","13":"purchasable","14":"product-type-simple"},"aioseo_notices":[],"acf":[],"_links":{"self":[{"href":"https:\/\/amannforg.com\/de\/wp-json\/wp\/v2\/product\/37674","targetHints":{"allow":["GET"]}}],"collection":[{"href":"https:\/\/amannforg.com\/de\/wp-json\/wp\/v2\/product"}],"about":[{"href":"https:\/\/amannforg.com\/de\/wp-json\/wp\/v2\/types\/product"}],"replies":[{"embeddable":true,"href":"https:\/\/amannforg.com\/de\/wp-json\/wp\/v2\/comments?post=37674"}],"version-history":[{"count":1,"href":"https:\/\/amannforg.com\/de\/wp-json\/wp\/v2\/product\/37674\/revisions"}],"predecessor-version":[{"id":57868,"href":"https:\/\/amannforg.com\/de\/wp-json\/wp\/v2\/product\/37674\/revisions\/57868"}],"wp:featuredmedia":[{"embeddable":true,"href":"https:\/\/amannforg.com\/de\/wp-json\/wp\/v2\/media\/45696"}],"wp:attachment":[{"href":"https:\/\/amannforg.com\/de\/wp-json\/wp\/v2\/media?parent=37674"}],"wp:term":[{"taxonomy":"product_brand","embeddable":true,"href":"https:\/\/amannforg.com\/de\/wp-json\/wp\/v2\/product_brand?post=37674"},{"taxonomy":"product_cat","embeddable":true,"href":"https:\/\/amannforg.com\/de\/wp-json\/wp\/v2\/product_cat?post=37674"},{"taxonomy":"product_tag","embeddable":true,"href":"https:\/\/amannforg.com\/de\/wp-json\/wp\/v2\/product_tag?post=37674"},{"taxonomy":"models","embeddable":true,"href":"https:\/\/amannforg.com\/de\/wp-json\/wp\/v2\/models?post=37674"},{"taxonomy":"years","embeddable":true,"href":"https:\/\/amannforg.com\/de\/wp-json\/wp\/v2\/years?post=37674"}],"curies":[{"name":"wp","href":"https:\/\/api.w.org\/{rel}","templated":true}]}}