{"id":37813,"date":"2026-03-03T23:12:10","date_gmt":"2026-03-03T23:12:10","guid":{"rendered":"https:\/\/amannforg.com\/?post_type=product&#038;p=37813"},"modified":"2026-03-13T11:42:00","modified_gmt":"2026-03-13T11:42:00","slug":"denon-avc-x3800h-9-2-av-receiver-schwarz-8k-3d-audio-dolby-atmos-heos-imax","status":"publish","type":"product","link":"https:\/\/amannforg.com\/de\/produkt\/denon-avc-x3800h-9-2-av-receiver-schwarz-8k-3d-audio-dolby-atmos-heos-imax\/","title":{"rendered":"Denon AVC-X3800H 9.2 AV Receiver Schwarz &#8211; 8K 3D-Audio Dolby Atmos HEOS IMAX"},"content":{"rendered":"<div class=\"article\">\n<div class=\"titlepage\">\n<h2 class=\"text-h3 mb-l\">9.2-Kanal 8K AV-Verst\u00e4rker mit 3D-Audio, HEOS Built-in und Sprachsteuerung<\/h2>\n<\/div>\n<p class=\"mb-l\">Mit neun Verst\u00e4rkerkan\u00e4len, bis zu vier unabh\u00e4ngigen Subwoofern, Dolby Atmos und DTS:X sowie IMAX Enhanced und Auro-3D f\u00fcllt der AVC-X3800H auch gr\u00f6\u00dfere Wohnbereiche mit kinoreifem Sound. Erleben Sie faszinierende 8K-Videoqualit\u00e4t, streamen Sie Online-Musik \u00fcber HEOS\u00ae Built-in und \u00fcbertragen Sie sie in andere R\u00e4ume.<\/p>\n<p class=\"mb-l\"> <span class=\"bold\">Highlights:<\/span> <\/p>\n<div class=\"formalpara\">\n<div class=\"titlepage\">\n<h2 class=\"text-h3 mb-l\">Packender 3D-Sound<\/h2>\n<\/div><\/div>\n<p class=\"mb-l\">Dank raumf\u00fcllendem Sound sind Sie mittendrin statt nur dabei.<\/p>\n<div class=\"formalpara\">\n<div class=\"titlepage\">\n<h2 class=\"text-h3 mb-l\">Umfassende Anpassungsm\u00f6glichkeiten<\/h2>\n<\/div><\/div>\n<p class=\"mb-l\">Anhand zahlreicher Konfigurationsoptionen l\u00e4sst sich das Ger\u00e4t optimal an die jeweiligen Raumgegebenheiten anpassen.<\/p>\n<div class=\"formalpara\">\n<div class=\"titlepage\">\n<h2 class=\"text-h3 mb-l\">8K-f\u00e4hig<\/h2>\n<\/div><\/div>\n<p class=\"mb-l\">Erleben Sie ausgezeichnete Videoqualit\u00e4t dank neuester 8K-Technologie.<\/p>\n<div class=\"formalpara\">\n<div class=\"titlepage\">\n<h2 class=\"text-h3 mb-l\">Raumakustik-Optimierung<\/h2>\n<\/div><\/div>\n<p class=\"mb-l\">Verbesserte Performance mit den Raumkorrektur-Systemen Audyssey (installiert) oder Dirac Live (optional).<\/p>\n<div class=\"formalpara\">\n<div class=\"titlepage\">\n<h2 class=\"text-h3 mb-l\"> <span class=\"bold\">DAS ULTIMATIVE HEIMKINOERLEBNIS &#8211; VORBEREITET F\u00dcR 8K<\/span> <\/h2>\n<\/div>\n<p class=\"mb-l\">Der AVC-X3700H bietet das ultimative Heimkinoerlebnis mit 8K\/60Hz Pass-through und Upscaling, 4K\/120Hz Pass-through f\u00fcr Gaming und Unterst\u00fctzung f\u00fcr die neuesten HDMI-Spezifikationen. Mit dem neuen AVC-X3700H k\u00f6nnen Sie das beste 4K-Heimkino von heute aufbauen und haben die Gewissheit, dass Ihr AV-Verst\u00e4rker 8K-f\u00e4hig ist, wenn Sie es sind. Genie\u00dfen Sie 3D-Audio und Video in h\u00f6chster Qualit\u00e4t, selbst f\u00fcr die anspruchsvollsten Unterhaltungsanforderungen.<\/p>\n<\/p><\/div>\n<div class=\"formalpara\">\n<div class=\"titlepage\">\n<h2 class=\"text-h3 mb-l\">LEISTUNGSSTARKER 9-KANAL-VERST\u00c4RKER<\/h2>\n<\/div>\n<p class=\"mb-l\">Der AVC-X3700H ist mit diskreten Hochstromverst\u00e4rkern auf allen Kan\u00e4len ausgestattet und liefert eine hohe Leistung von 180W pro Kanal, um jederzeit ein dynamisches und pr\u00e4zises Unterhaltungserlebnis zu gew\u00e4hrleisten. Verbessern Sie Ihr Heimkino-Entertainment.<\/p>\n<\/p><\/div>\n<div class=\"formalpara\">\n<div class=\"titlepage\">\n<h2 class=\"text-h3 mb-l\">VOLLE 3D-AUDIO-UNTERST\u00dcTZUNG<\/h2>\n<\/div>\n<p class=\"mb-l\">Mit Dolby Atmos, Dolby Atmos Height Virtualization Technology, DTS:X, DTS Virtual:X und IMAX Enhanced tauchen Sie in 3D-Audio ein. Der AVC-X3700H verf\u00fcgt \u00fcber eine 9-Kanal-Verst\u00e4rkung und kann bis zu 11.2 Kan\u00e4le verarbeiten. F\u00fcgen Sie einen 2-Kanal-Leistungsverst\u00e4rker Ihrer Wahl hinzu, f\u00fcr eine 7.2.4- oder 9.2.2-Lautsprecherkonfiguration und erweitern Sie Ihr 3D-Audio-Erlebnis.<\/p>\n<\/p><\/div>\n<div class=\"formalpara\">\n<div class=\"titlepage\">\n<h2 class=\"text-h3 mb-l\">F\u00dcR 8K ULTRA HD GER\u00dcSTET<\/h2>\n<\/div>\n<p class=\"mb-l\">Mit dem neuen AVC-X3700H k\u00f6nnen Sie Ihre gesamte Unterhaltung mit der neuesten verf\u00fcgbaren Technologie genie\u00dfen und Ihre Filme in unvergleichlicher Klarheit ansehen. Genie\u00dfen Sie Ihre Filme in 8K mit 8K\/60Hz-Pass-Through und Upscaling sowie mit den neuesten Technologien, wie Dynamic HDR oder auch Quick Media Switching (QMS), welches zur Eliminierung von Schwarzbildern beim Wechsel zwischen Inhalten verwendet wird.<\/p>\n<\/p><\/div>\n<div class=\"formalpara\">\n<div class=\"titlepage\">\n<h2 class=\"text-h3 mb-l\">Audyssey Raumkalibrierung<\/h2>\n<\/div>\n<p class=\"mb-l\">Mit dem mitgelieferten Messmikrofon analysiert MultEQ XT32 die Wiedergabemerkmale der einzelnen Lautsprecher (einschlie\u00dflich der Subwoofer) und erstellt pr\u00e4zise digitale Filter, mit denen f\u00fcr die einzelnen Kan\u00e4le geeignete Frequenzg\u00e4nge und Zeiteinstellungen festgelegt werden. In der Audyssey MultEQ Editor-App (separat erh\u00e4ltlich) k\u00f6nnen versierte Benutzer weitere Einstellungen und Anpassungen vornehmen. Die App ist sowohl f\u00fcr iOS als auch Android verf\u00fcgbar.<\/p>\n<\/p><\/div>\n<div class=\"formalpara\">\n<div class=\"titlepage\">\n<h2 class=\"text-h3 mb-l\">GAMING DER N\u00c4CHSTEN GENERATION<\/h2>\n<\/div>\n<p class=\"mb-l\">Mit den neuesten Verbesserungen im HDMI-Standard bringt der neue AVC-X3700H Ihre Games auf das n\u00e4chste Level. Genie\u00dfen Sie Games mit 4K\/120Hz-Pass-Through und Upscaling sowie Variable Refresh Rate (VRR), Quick Frame Transport (QFT) und Auto Low Latency Mode (ALLM). Damit werden Verz\u00f6gerungen, Ruckeln und Br\u00fcche im Bild reduziert oder eliminiert, um fl\u00fcssigeres, nat\u00fcrlicheres und bewegungsscharfes Spielerlebnis sicherzustellen.<\/p>\n<\/p><\/div>\n<div class=\"formalpara\">\n<div class=\"titlepage\">\n<h2 class=\"text-h3 mb-l\">UNTERST\u00dcTZT DIE AKTUELLSTEN SPRACHASSISTENTEN<\/h2>\n<\/div>\n<p class=\"mb-l\">Genie\u00dfen Sie die unkomplizierte Sprachsteuerung und die volle Flexibilit\u00e4t der f\u00fchrenden Sprachassistenten. Verwenden Sie einen Smart-Lautsprecher oder Ihr Handy, um Befehle mit Amazon Alexa, Google Assistant und Apple Siri zu formulieren. Fragen Sie nach Ihrer Lieblingsmusik, drehen Sie die Lautst\u00e4rke hoch, wechseln Sie zum n\u00e4chsten Titel, schalten Sie die Eing\u00e4nge um und vieles mehr. Wechseln Sie zwischen Sprachdiensten oder verwenden Sie nur Ihren Favoriten &#8211; die Wahl liegt bei Ihnen. Die Funktionalit\u00e4t variiert je nach Sprachassistent.<\/p>\n<\/p><\/div>\n<div class=\"formalpara\">\n<div class=\"titlepage\">\n<h2 class=\"text-h3 mb-l\">HIGH-RESOLUTION AUDIO<\/h2>\n<\/div>\n<p class=\"mb-l\">Entdecken Sie die unglaubliche Klangtreue hochaufl\u00f6sender Audio-Dateien und genie\u00dfen Sie Musik so, wie der K\u00fcnstler sie konzipierte. Der AVC-X3700H mit AKM 32-Bit-D\/A-Wandlern verf\u00fcgt \u00fcber eine hochaufl\u00f6sende Audio-Dekodierung f\u00fcr mehrere verlustfreie Dateiformate, darunter ALAC, FLAC und WAV mit bis zu 24-Bit\/192-kHz. Er ist auch mit 2,8\/5,6 MHz DSD-Dateien kompatibel (DSD ist das Audiocodierungsformat von SACD). Spielen Sie sie von Speichermedien \u00fcber die USB-Schnittstelle an der Vorderseite oder \u00fcber Netzwerkquellen ab. Der AVC-X3700H unterst\u00fctzt auch andere Dateitypen wie MP3, WMA und AAC.<\/p>\n<\/p><\/div>\n<div class=\"formalpara\">\n<div class=\"titlepage\">\n<h2 class=\"text-h3 mb-l\">Bluetooth-Audio\u00fcbertragung<\/h2>\n<\/div>\n<p class=\"mb-l\">Genie\u00dfen Sie den Sound, ohne das ganze Haus zu wecken, indem Sie den Ton Ihres AV-Verst\u00e4rkers an Ihre Bluetooth-Kopfh\u00f6rer \u00fcbertragen. Mit dem AVC-X3700H k\u00f6nnen Sie den Ton sogar gleichzeitig \u00fcber Bluetooth-Kopfh\u00f6rer und angeschlossene Lautsprecher wiedergeben.<\/p>\n<\/p><\/div>\n<div class=\"formalpara\">\n<div class=\"titlepage\">\n<h2 class=\"text-h3 mb-l\">EINFACHE EINRICHTUNG<\/h2>\n<\/div>\n<p class=\"mb-l\">Die mitgelieferte Kurzanleitung enth\u00e4lt einfache, klare Anweisungen f\u00fcr den Einstieg. Sobald Sie Ihren Fernseher \u00fcber HDMI an den AVC-X3700H anschlie\u00dfen, erscheint auf dem Bildschirm der Denon Installations-Assistent, der Sie Schritt f\u00fcr Schritt durch die Einrichtung f\u00fchrt. F\u00fcr eine vereinfachte Installation sind die Lautsprecheranschl\u00fcsse farblich markiert und horizontal angeordnet. Der AVC-X3700H benennt die HDMI-Eing\u00e4nge automatisch, sobald eine Quelle angeschlossen wird. Nach Belieben k\u00f6nnen Sie die HDMI-Eing\u00e4nge auch selbstst\u00e4ndig benennen.<\/p>\n<\/p><\/div>\n<div class=\"formalpara\">\n<div class=\"titlepage\">\n<h2 class=\"text-h3 mb-l\">KABELLOSES MUSIKSTREAMING MIT HEOS BUILT-IN<\/h2>\n<\/div>\n<p class=\"mb-l\">Mit der integrierten HEOS Technologie und weiteren HEOS Built-in Produkten k\u00f6nnen Sie Ihre Lieblingsmusik in jedem Raum Ihres Zuhauses genie\u00dfen und so ein kabelloses Audioerlebnis f\u00fcr das ganze Haus erzielen. Spielen Sie in jedem Raum das gleiche Lied oder w\u00e4hlen Sie ein anderes aus f\u00fcr jeden verbundenen Raum &#8211; die Wahl liegt bei Ihnen. Zudem werden Amazon Alexa, Google Assistant und Apple Siri unterst\u00fctzt, um Ihnen die neueste Sprachsteuerung und unglaublichen Sound f\u00fcr all Ihr Entertainment zu bieten. Gruppieren Sie Ihre Denon Home Speaker f\u00fcr Audioerlebnisse im ganzen Haus.<\/p>\n<\/p><\/div>\n<p class=\"mb-l\">HEOS unterst\u00fctzt Spotify Free und Premium, Amazon Music HD, TuneIn, SoundCloud, TIDAL und weitere (Verf\u00fcgbarkeit kann je nach Region variieren, ggfs. ist ein zus\u00e4tzliches Abo erforderlich).<\/p>\n<div class=\"formalpara\">\n<div class=\"titlepage\">\n<h2 class=\"text-h3 mb-l\">Vorbereitet f\u00fcr benutzerdefinierte Installationen<\/h2>\n<\/div>\n<p class=\"mb-l\">Der Denon AVC-X3700H kann extern und \u00fcber IP gesteuert werden und l\u00e4sst sich daher problemlos anpassen und in Integrationsl\u00f6sungen anderer Anbieter einbinden. Er kann \u00fcber die IP von Steuerger\u00e4ten namhafter Anbieter bedient werden und bietet Control4 SDDP (Simple Device Detection Protocol) f\u00fcr eine nahtlose Verbindung mit der Heimautomatisierung von Control4. Auf der R\u00fcckseite befindet sich ein IR-Eingang zum Anschluss an einen aktiven externen kommerziell erh\u00e4ltlichen Fernbedienungsempf\u00e4nger. Weitere Denon Ger\u00e4te, wie etwa CD-Player, lassen sich dann ebenfalls in die Fernbedienungskette einschleifen und steuern.<\/p>\n<\/p><\/div>\n<\/p><\/div>\n<li class=\"mb-m\">\n<div class=\"flex flex-col m:flex-row gap-s m:gap-xl\">\n<div class=\"text-h3 min-w-[244px] max-w-[244px]\">Typ \/ Leistung<\/div>\n<div class=\"flex flex-col gap-s\"><span class=\"ml-3xs pl-[15px] relative before:absolute before:w-[8px] before:h-[8px] before:bg-dark before:top-[8px] before:left-0 before:rounded-full\">9.2 AV Receiver<\/span><span class=\"ml-3xs pl-[15px] relative before:absolute before:w-[8px] before:h-[8px] before:bg-dark before:top-[8px] before:left-0 before:rounded-full\">9 Kan\u00e4le<\/span><span class=\"ml-3xs pl-[15px] relative before:absolute before:w-[8px] before:h-[8px] before:bg-dark before:top-[8px] before:left-0 before:rounded-full\">2 Subwoofer<\/span><span class=\"ml-3xs pl-[15px] relative before:absolute before:w-[8px] before:h-[8px] before:bg-dark before:top-[8px] before:left-0 before:rounded-full\">Sinusleistung je Kanal: 180W<\/span><span class=\"ml-3xs pl-[15px] relative before:absolute before:w-[8px] before:h-[8px] before:bg-dark before:top-[8px] before:left-0 before:rounded-full\">Impedanz(1%Klirr. ,1KHz): 6\u03a9 Ohm<\/span><\/div>\n<\/div>\n<\/li>\n<li class=\"mb-m\">\n<div class=\"flex flex-col m:flex-row gap-s m:gap-xl\">\n<div class=\"text-h3 min-w-[244px] max-w-[244px]\">Unterst\u00fctzte Audioformate<\/div>\n<div class=\"flex flex-col gap-s\"><span class=\"ml-3xs pl-[15px] relative before:absolute before:w-[8px] before:h-[8px] before:bg-dark before:top-[8px] before:left-0 before:rounded-full\">Dolby TrueHD<\/span><span class=\"ml-3xs pl-[15px] relative before:absolute before:w-[8px] before:h-[8px] before:bg-dark before:top-[8px] before:left-0 before:rounded-full\">Dolby Atmos<\/span><span class=\"ml-3xs pl-[15px] relative before:absolute before:w-[8px] before:h-[8px] before:bg-dark before:top-[8px] before:left-0 before:rounded-full\">DTS 96\/24<\/span><span class=\"ml-3xs pl-[15px] relative before:absolute before:w-[8px] before:h-[8px] before:bg-dark before:top-[8px] before:left-0 before:rounded-full\">DTS-HD Master<\/span><\/div>\n<\/div>\n<\/li>\n<li class=\"mb-m\">\n<div class=\"flex flex-col m:flex-row gap-s m:gap-xl\">\n<div class=\"text-h3 min-w-[244px] max-w-[244px]\">Video<\/div>\n<div class=\"flex flex-col gap-s\"><span class=\"ml-3xs pl-[15px] relative before:absolute before:w-[8px] before:h-[8px] before:bg-dark before:top-[8px] before:left-0 before:rounded-full\">4K \/ Ultra HD kompatibel via HDMI<\/span><span class=\"ml-3xs pl-[15px] relative before:absolute before:w-[8px] before:h-[8px] before:bg-dark before:top-[8px] before:left-0 before:rounded-full\">unterst\u00fctzt das Abspielen von 3D Medien und 3D Inhalten<\/span><\/div>\n<\/div>\n<\/li>\n<li class=\"mb-m\">\n<div class=\"flex flex-col m:flex-row gap-s m:gap-xl\">\n<div class=\"text-h3 min-w-[244px] max-w-[244px]\">Netzwerk\/ Kommunikation<\/div>\n<div class=\"flex flex-col gap-s\"><span class=\"ml-3xs pl-[15px] relative before:absolute before:w-[8px] before:h-[8px] before:bg-dark before:top-[8px] before:left-0 before:rounded-full\">Airplay integriert<\/span><span class=\"ml-3xs pl-[15px] relative before:absolute before:w-[8px] before:h-[8px] before:bg-dark before:top-[8px] before:left-0 before:rounded-full\">Spotify Connect integriert<\/span><span class=\"ml-3xs pl-[15px] relative before:absolute before:w-[8px] before:h-[8px] before:bg-dark before:top-[8px] before:left-0 before:rounded-full\">Komfortable Steuerung via App: ja (Android+IOS)<\/span><span class=\"ml-3xs pl-[15px] relative before:absolute before:w-[8px] before:h-[8px] before:bg-dark before:top-[8px] before:left-0 before:rounded-full\">Bereit f\u00fcr weitere Musikstreaming-Dienste<\/span><span class=\"ml-3xs pl-[15px] relative before:absolute before:w-[8px] before:h-[8px] before:bg-dark before:top-[8px] before:left-0 before:rounded-full\">Ethernet \/ LAN Anschluss m\u00f6glich<\/span><span class=\"ml-3xs pl-[15px] relative before:absolute before:w-[8px] before:h-[8px] before:bg-dark before:top-[8px] before:left-0 before:rounded-full\">DLNA<\/span><\/div>\n<\/div>\n<\/li>\n<li class=\"mb-m\">\n<div class=\"flex flex-col m:flex-row gap-s m:gap-xl\">\n<div class=\"text-h3 min-w-[244px] max-w-[244px]\">Tuner<\/div>\n<div class=\"flex flex-col gap-s\"><span class=\"ml-3xs pl-[15px] relative before:absolute before:w-[8px] before:h-[8px] before:bg-dark before:top-[8px] before:left-0 before:rounded-full\">integrierter Tuner f\u00fcr Webradio<\/span><\/div>\n<\/div>\n<\/li>\n<li class=\"mb-m\">\n<div class=\"flex flex-col m:flex-row gap-s m:gap-xl\">\n<div class=\"text-h3 min-w-[244px] max-w-[244px]\">Wiedergabeformate<\/div>\n<div class=\"flex flex-col gap-s\"><span class=\"ml-3xs pl-[15px] relative before:absolute before:w-[8px] before:h-[8px] before:bg-dark before:top-[8px] before:left-0 before:rounded-full\">MP3<\/span><span class=\"ml-3xs pl-[15px] relative before:absolute before:w-[8px] before:h-[8px] before:bg-dark before:top-[8px] before:left-0 before:rounded-full\">WMA<\/span><span class=\"ml-3xs pl-[15px] relative before:absolute before:w-[8px] before:h-[8px] before:bg-dark before:top-[8px] before:left-0 before:rounded-full\">FLAC<\/span><span class=\"ml-3xs pl-[15px] relative before:absolute before:w-[8px] before:h-[8px] before:bg-dark before:top-[8px] before:left-0 before:rounded-full\">ALAC<\/span><span class=\"ml-3xs pl-[15px] relative before:absolute before:w-[8px] before:h-[8px] before:bg-dark before:top-[8px] before:left-0 before:rounded-full\">WAV<\/span><span class=\"ml-3xs pl-[15px] relative before:absolute before:w-[8px] before:h-[8px] before:bg-dark before:top-[8px] before:left-0 before:rounded-full\">DSD<\/span><span class=\"ml-3xs pl-[15px] relative before:absolute before:w-[8px] before:h-[8px] before:bg-dark before:top-[8px] before:left-0 before:rounded-full\">AAC<\/span><\/div>\n<\/div>\n<\/li>\n<li class=\"mb-m\">\n<div class=\"flex flex-col m:flex-row gap-s m:gap-xl\">\n<div class=\"text-h3 min-w-[244px] max-w-[244px]\">Anschl\u00fcsse<\/div>\n<div class=\"flex flex-col gap-s\"><span class=\"ml-3xs pl-[15px] relative before:absolute before:w-[8px] before:h-[8px] before:bg-dark before:top-[8px] before:left-0 before:rounded-full\">7x HDMI IN<\/span><span class=\"ml-3xs pl-[15px] relative before:absolute before:w-[8px] before:h-[8px] before:bg-dark before:top-[8px] before:left-0 before:rounded-full\">HDMI-ARC<\/span><span class=\"ml-3xs pl-[15px] relative before:absolute before:w-[8px] before:h-[8px] before:bg-dark before:top-[8px] before:left-0 before:rounded-full\">HDMI-CEC<\/span><span class=\"ml-3xs pl-[15px] relative before:absolute before:w-[8px] before:h-[8px] before:bg-dark before:top-[8px] before:left-0 before:rounded-full\">HDMI 2.0<\/span><span class=\"ml-3xs pl-[15px] relative before:absolute before:w-[8px] before:h-[8px] before:bg-dark before:top-[8px] before:left-0 before:rounded-full\">kein davon frontseitig<\/span><span class=\"ml-3xs pl-[15px] relative before:absolute before:w-[8px] before:h-[8px] before:bg-dark before:top-[8px] before:left-0 before:rounded-full\">3x HDMI OUT<\/span><span class=\"ml-3xs pl-[15px] relative before:absolute before:w-[8px] before:h-[8px] before:bg-dark before:top-[8px] before:left-0 before:rounded-full\">2x Digital Audio IN Optisch<\/span><span class=\"ml-3xs pl-[15px] relative before:absolute before:w-[8px] before:h-[8px] before:bg-dark before:top-[8px] before:left-0 before:rounded-full\">2x Digital Audio IN Coax.<\/span><span class=\"ml-3xs pl-[15px] relative before:absolute before:w-[8px] before:h-[8px] before:bg-dark before:top-[8px] before:left-0 before:rounded-full\">6x Analoger Audio-Eingang<\/span><span class=\"ml-3xs pl-[15px] relative before:absolute before:w-[8px] before:h-[8px] before:bg-dark before:top-[8px] before:left-0 before:rounded-full\">kein Analoger Audio-Ausgang<\/span><span class=\"ml-3xs pl-[15px] relative before:absolute before:w-[8px] before:h-[8px] before:bg-dark before:top-[8px] before:left-0 before:rounded-full\">1x Vorverst\u00e4rkerausgang<\/span><span class=\"ml-3xs pl-[15px] relative before:absolute before:w-[8px] before:h-[8px] before:bg-dark before:top-[8px] before:left-0 before:rounded-full\">Phono<\/span><span class=\"ml-3xs pl-[15px] relative before:absolute before:w-[8px] before:h-[8px] before:bg-dark before:top-[8px] before:left-0 before:rounded-full\">2x Komponenten-Anschluss<\/span><span class=\"ml-3xs pl-[15px] relative before:absolute before:w-[8px] before:h-[8px] before:bg-dark before:top-[8px] before:left-0 before:rounded-full\">3x Composite Video Anschluss<\/span><span class=\"ml-3xs pl-[15px] relative before:absolute before:w-[8px] before:h-[8px] before:bg-dark before:top-[8px] before:left-0 before:rounded-full\">1x USB-Anschluss<\/span><span class=\"ml-3xs pl-[15px] relative before:absolute before:w-[8px] before:h-[8px] before:bg-dark before:top-[8px] before:left-0 before:rounded-full\">1x USB Frontseite<\/span><span class=\"ml-3xs pl-[15px] relative before:absolute before:w-[8px] before:h-[8px] before:bg-dark before:top-[8px] before:left-0 before:rounded-full\">11x Lautsprecheranschluss<\/span><span class=\"ml-3xs pl-[15px] relative before:absolute before:w-[8px] before:h-[8px] before:bg-dark before:top-[8px] before:left-0 before:rounded-full\">2x Subwoofer Pre-Out<\/span><span class=\"ml-3xs pl-[15px] relative before:absolute before:w-[8px] before:h-[8px] before:bg-dark before:top-[8px] before:left-0 before:rounded-full\">Kopfh\u00f6reranschluss<\/span><span class=\"ml-3xs pl-[15px] relative before:absolute before:w-[8px] before:h-[8px] before:bg-dark before:top-[8px] before:left-0 before:rounded-full\">Bluetooth<\/span><span class=\"ml-3xs pl-[15px] relative before:absolute before:w-[8px] before:h-[8px] before:bg-dark before:top-[8px] before:left-0 before:rounded-full\">Ethernet\/LAN Anschluss integriert<\/span><span class=\"ml-3xs pl-[15px] relative before:absolute before:w-[8px] before:h-[8px] before:bg-dark before:top-[8px] before:left-0 before:rounded-full\">WLAN \/WiFi integriert<\/span><\/div>\n<\/div>\n<\/li>\n<li class=\"mb-m\">\n<div class=\"flex flex-col m:flex-row gap-s m:gap-xl\">\n<div class=\"text-h3 min-w-[244px] max-w-[244px]\">Bedienung\/Anzeigen<\/div>\n<div class=\"flex flex-col gap-s\"><span class=\"ml-3xs pl-[15px] relative before:absolute before:w-[8px] before:h-[8px] before:bg-dark before:top-[8px] before:left-0 before:rounded-full\">App-Steuerung<\/span><span class=\"ml-3xs pl-[15px] relative before:absolute before:w-[8px] before:h-[8px] before:bg-dark before:top-[8px] before:left-0 before:rounded-full\">GUI\/OSD-Men\u00fc (On Screen)<\/span><\/div>\n<\/div>\n<\/li>\n<li class=\"mb-m\">\n<div class=\"flex flex-col m:flex-row gap-s m:gap-xl\">\n<div class=\"text-h3 min-w-[244px] max-w-[244px]\">Besonderheiten<\/div>\n<div class=\"flex flex-col gap-s\"><span class=\"ml-3xs pl-[15px] relative before:absolute before:w-[8px] before:h-[8px] before:bg-dark before:top-[8px] before:left-0 before:rounded-full\">Gapless Wiedergabe<\/span><span class=\"ml-3xs pl-[15px] relative before:absolute before:w-[8px] before:h-[8px] before:bg-dark before:top-[8px] before:left-0 before:rounded-full\">automatische Lautsprechereinmessung<\/span><span class=\"ml-3xs pl-[15px] relative before:absolute before:w-[8px] before:h-[8px] before:bg-dark before:top-[8px] before:left-0 before:rounded-full\">komfortabler Installations-Assistent f\u00fcr kinderleichte und schnelle Einrichtung<\/span><span class=\"ml-3xs pl-[15px] relative before:absolute before:w-[8px] before:h-[8px] before:bg-dark before:top-[8px] before:left-0 before:rounded-full\">Zukunftssicher: Vorbereitet zur Unterst\u00fctzung von Multiroom Systemen \/ -Installationen<\/span><span class=\"ml-3xs pl-[15px] relative before:absolute before:w-[8px] before:h-[8px] before:bg-dark before:top-[8px] before:left-0 before:rounded-full\">ECO-Mode<\/span><span class=\"ml-3xs pl-[15px] relative before:absolute before:w-[8px] before:h-[8px] before:bg-dark before:top-[8px] before:left-0 before:rounded-full\">Auto Power Standby<\/span><\/div>\n<\/div>\n<\/li>\n<li class=\"mb-m\">\n<div class=\"flex flex-col m:flex-row gap-s m:gap-xl\">\n<div class=\"text-h3 min-w-[244px] max-w-[244px]\">Abmessungen (B x H x T)<\/div>\n<div class=\"flex flex-col gap-s\"><span class=\"ml-3xs pl-[15px] relative before:absolute before:w-[8px] before:h-[8px] before:bg-dark before:top-[8px] before:left-0 before:rounded-full\">Breite: 434 mm<\/span><span class=\"ml-3xs pl-[15px] relative before:absolute before:w-[8px] before:h-[8px] before:bg-dark before:top-[8px] before:left-0 before:rounded-full\">H\u00f6he: 167 mm<\/span><span class=\"ml-3xs pl-[15px] relative before:absolute before:w-[8px] before:h-[8px] before:bg-dark before:top-[8px] before:left-0 before:rounded-full\">Tiefe: 379 mm<\/span><\/div>\n<\/div>\n<\/li>\n<li class=\"mb-m\">\n<div class=\"flex flex-col m:flex-row gap-s m:gap-xl\">\n<div class=\"text-h3 min-w-[244px] max-w-[244px]\">Gewicht<\/div>\n<div class=\"flex flex-col gap-s\"><span class=\"ml-3xs pl-[15px] relative before:absolute before:w-[8px] before:h-[8px] before:bg-dark before:top-[8px] before:left-0 before:rounded-full\">ca. 12,5kg<\/span><\/div>\n<\/div>\n<\/li>\n<li class=\"mb-m\">\n<div class=\"flex flex-col m:flex-row gap-s m:gap-xl\">\n<div class=\"text-h3 min-w-[244px] max-w-[244px]\">Farbe<\/div>\n<div class=\"flex flex-col gap-s\"><span class=\"ml-3xs pl-[15px] relative before:absolute before:w-[8px] before:h-[8px] before:bg-dark before:top-[8px] before:left-0 before:rounded-full\">schwarz<\/span><\/div>\n<\/div>\n<\/li>\n","protected":false},"excerpt":{"rendered":"<li class=\"bullet-list-item\">9.2 AV-Receiver, 9 Kan\u00e4le, Subwoofer: 2 Subwoofer<\/li>\n<li class=\"bullet-list-item\">9 x 180 Watt, Integriertes WLAN und Bluetooth, unterst\u00fctzt 8K-Quellen<\/li>\n<li class=\"bullet-list-item\">3D-Audio: Dolby Atmos, DTS:X, IMAX Enhanced<\/li>\n<li class=\"bullet-list-item\">HEOS Technologie f\u00fcr Multiroom-Streaming aus zahlreichen Quellen<\/li>\n<li class=\"bullet-list-item\">Amazon Alexa, Google Assistant und Siri (\u00fcber AirPlay) Sprachsteuerung<\/li>\n<p> Herstellernummer AVCX3800HBKE2<\/p>","protected":false},"featured_media":45813,"comment_status":"open","ping_status":"closed","template":"","meta":{"_monsterinsights_skip_tracking":false,"_monsterinsights_sitenote_active":false,"_monsterinsights_sitenote_note":"","_monsterinsights_sitenote_category":0,"_uf_show_specific_survey":0,"_uf_disable_surveys":false},"product_brand":[],"product_cat":[491],"product_tag":[],"models":[],"years":[],"class_list":{"0":"post-37813","1":"product","2":"type-product","3":"status-publish","4":"has-post-thumbnail","6":"product_cat-multiroom-systeme","8":"first","9":"instock","10":"sale","11":"featured","12":"shipping-taxable","13":"purchasable","14":"product-type-simple"},"aioseo_notices":[],"acf":[],"_links":{"self":[{"href":"https:\/\/amannforg.com\/de\/wp-json\/wp\/v2\/product\/37813","targetHints":{"allow":["GET"]}}],"collection":[{"href":"https:\/\/amannforg.com\/de\/wp-json\/wp\/v2\/product"}],"about":[{"href":"https:\/\/amannforg.com\/de\/wp-json\/wp\/v2\/types\/product"}],"replies":[{"embeddable":true,"href":"https:\/\/amannforg.com\/de\/wp-json\/wp\/v2\/comments?post=37813"}],"version-history":[{"count":1,"href":"https:\/\/amannforg.com\/de\/wp-json\/wp\/v2\/product\/37813\/revisions"}],"predecessor-version":[{"id":57889,"href":"https:\/\/amannforg.com\/de\/wp-json\/wp\/v2\/product\/37813\/revisions\/57889"}],"wp:featuredmedia":[{"embeddable":true,"href":"https:\/\/amannforg.com\/de\/wp-json\/wp\/v2\/media\/45813"}],"wp:attachment":[{"href":"https:\/\/amannforg.com\/de\/wp-json\/wp\/v2\/media?parent=37813"}],"wp:term":[{"taxonomy":"product_brand","embeddable":true,"href":"https:\/\/amannforg.com\/de\/wp-json\/wp\/v2\/product_brand?post=37813"},{"taxonomy":"product_cat","embeddable":true,"href":"https:\/\/amannforg.com\/de\/wp-json\/wp\/v2\/product_cat?post=37813"},{"taxonomy":"product_tag","embeddable":true,"href":"https:\/\/amannforg.com\/de\/wp-json\/wp\/v2\/product_tag?post=37813"},{"taxonomy":"models","embeddable":true,"href":"https:\/\/amannforg.com\/de\/wp-json\/wp\/v2\/models?post=37813"},{"taxonomy":"years","embeddable":true,"href":"https:\/\/amannforg.com\/de\/wp-json\/wp\/v2\/years?post=37813"}],"curies":[{"name":"wp","href":"https:\/\/api.w.org\/{rel}","templated":true}]}}