{"id":37825,"date":"2026-03-03T23:12:15","date_gmt":"2026-03-03T23:12:15","guid":{"rendered":"https:\/\/amannforg.com\/?post_type=product&#038;p=37825"},"modified":"2026-03-13T11:41:59","modified_gmt":"2026-03-13T11:41:59","slug":"jbl-bar-800-mk-2-7-1-kanal-surround-soundbar-mit-abnehmbaren-lautsprechern-und-kabellosem-subwoofer-schwarz","status":"publish","type":"product","link":"https:\/\/amannforg.com\/de\/produkt\/jbl-bar-800-mk-2-7-1-kanal-surround-soundbar-mit-abnehmbaren-lautsprechern-und-kabellosem-subwoofer-schwarz\/","title":{"rendered":"JBL Bar 800 Mk.2 7.1-Kanal Surround Soundbar mit abnehmbaren Lautsprechern und kabellosem Subwoofer schwarz"},"content":{"rendered":"<div class=\"article\">\n<div class=\"titlepage\">\n<h2 class=\"text-h3 mb-l\">JBL Bar 800 Mk.2 7.1-Kanal-Soundbar-System mit abnehmbaren Lautsprechern und Dolby Atmos<\/h2>\n<\/div><\/div>\n<p>In Sekundenschnelle echten Raumsound erleben:<\/p>\n<p class=\"mb-l\">Du kannst jetzt in Sekundenschnelle echten, beeindruckenden Surround-Sound in Kinoqualit\u00e4t genie\u00dfen. Ernsthaft. Nimm einfach die beiden abnehmbaren, kabellosen Lautsprecher an den beiden Enden der JBL BAR 800MK2 \u2013 das geht sogar mit nur einer Hand \u2013 und platziere sie hinter dir, um mitrei\u00dfenden Surround Sound mit 3D-Dolby Atmos\u00ae Raumeffekten, kr\u00e4ftigem Bass von einem 10-Zoll-Subwoofer und MultiBeam\u2122 3.0 f\u00fcr eine breitere Soundkulisse wie im Kino zu genie\u00dfen.<\/p>\n<p class=\"mb-l\">Und wenn du mal den Raum verlassen musst, w\u00e4hrend dein Lieblingspodcast oder deine Streaming-Playlist auf dem Fernseher l\u00e4uft, nimm einfach einen der kabellosen Lautsprecher mit, um nichts mehr zu verpassen.<\/p>\n<p class=\"mb-l\">Dein Fernseher schafft es nicht mal ann\u00e4hernd, diesen Sound zu liefern. JBL entwickelt seit einem Jahrhundert Lautsprecher der Spitzenklasse f\u00fcr Kinos, Tonstudios und Konzerthallen. Und jetzt bringen wir diese Meisterleistung in dein Wohnzimmer \u2013 mit einem beeindruckenden Kinosound, der nahtlos mit allen Fernsehern funktioniert. Freu dich auf ein unvergleichliches Sounderlebnis.<\/p>\n<div class=\"article\">\n<div class=\"formalpara\">\n<div class=\"titlepage\">\n<h2 class=\"text-h3 mb-l\">Merkmale<\/h2>\n<\/div><\/div>\n<\/div>\n<div class=\"itemizedlist\">\n<ul class=\"bullet-list\">\n<li class=\"bullet-list-item\">\n<div class=\"article\">\n<div class=\"formalpara\">Echter Surround Sound mit <\/div>\n<\/div>\n<div class=\"article\">\n<div class=\"formalpara\">abnehmbaren kabellosen <\/div>\n<\/div>\n<div class=\"article\">\n<div class=\"formalpara\">Lautsprechern<\/div>\n<\/div>\n<\/li>\n<li class=\"bullet-list-item\">\n<div class=\"article\">\n<div class=\"formalpara\">780 W maximale Ausgangsleistung und <\/div>\n<\/div>\n<div class=\"article\">\n<div class=\"formalpara\">ein kabelloser 10-Zoll-Subwoofer<\/div>\n<\/div>\n<\/li>\n<li class=\"bullet-list-item\">\n<div class=\"article\">\n<div class=\"formalpara\">MultiBeam\u2122 3.0<\/div>\n<\/div>\n<\/li>\n<li class=\"bullet-list-item\">\n<div class=\"article\">\n<div class=\"formalpara\">PureVoice 2.0<\/div>\n<\/div>\n<\/li>\n<li class=\"bullet-list-item\">\n<div class=\"article\">\n<div class=\"formalpara\">SmartDetails<\/div>\n<\/div>\n<\/li>\n<li class=\"bullet-list-item\">\n<div class=\"article\">\n<div class=\"formalpara\">Broadcasting<\/div>\n<\/div>\n<\/li>\n<li class=\"bullet-list-item\">\n<div class=\"article\">\n<div class=\"formalpara\">N\u00e4chtlicher H\u00f6rgenuss<\/div>\n<\/div>\n<\/li>\n<li class=\"bullet-list-item\">\n<div class=\"article\">\n<div class=\"formalpara\">E<\/div>\n<\/div>\n<div class=\"article\">\n<div class=\"formalpara\">infache Sound-Kalibrierung<\/div>\n<\/div>\n<\/li>\n<li class=\"bullet-list-item\">\n<div class=\"article\">\n<div class=\"formalpara\">Unterst\u00fctzt alle Systeme und Musik-<\/div>\n<\/div>\n<div class=\"article\">\n<div class=\"formalpara\">Streaming-Dienste<\/div>\n<\/div>\n<\/li>\n<li class=\"bullet-list-item\">\n<div class=\"article\">\n<div class=\"formalpara\">HDMI eARC mit 4K Dolby Vision <\/div>\n<\/div>\n<div class=\"article\">\n<div class=\"formalpara\">P<\/div>\n<\/div>\n<div class=\"article\">\n<div class=\"formalpara\">assthrough<\/div>\n<\/div>\n<\/li>\n<\/ul>\n<\/div>\n<p class=\"mb-l\">\n<div class=\"article\"><span class=\"bold\">Vorteile<\/span> <\/div>\n<\/p>\n<p>Echter Surround Sound mit abnehmbaren kabellosen Lautsprechern:<\/p>\n<p class=\"mb-l\">Es war noch nie so einfach, echten Surround Sound zu erleben. Keine zus\u00e4tzlichen Kabel. Kein Stromanschluss. Nimm einfach die abnehmbaren Surround-Lautsprecher von der Soundbar ab \u2013 das geht sogar mit nur einer Hand \u2013 und platziere sie hinter dir im Raum, um echten Surround Sound zu genie\u00dfen. So einfach ist das. Ob du einen Serienmarathon oder einen Filmabend vor dir hast \u2013 dank der langen Laufzeit der Lautsprecher-Akkus kannst du dich auf stundenlangen immersiven Surround Sound wie im Kino verlassen. Nach dem Filmabend kannst du sie einfach wieder auf die Soundbar stellen, damit sie \u00fcber Nacht aufgeladen werden.<\/p>\n<p>Dolby Atmos\u00ae:<\/p>\n<p class=\"mb-l\">H\u00f6re, wie ein Flugzeug \u00fcber dich hinwegfliegt. Sp\u00fcre, wie eine Menschenmenge an dir vorbeistr\u00f6mt. Oder lass dich vom Beat deiner Lieblingsplaylist mitrei\u00dfen. Erlebe mit dem 3D-Sounderlebnis von Dolby Atmos\u00ae au\u00dfergew\u00f6hnlichen Kinosound aus allen Richtungen.<\/p>\n<p>MultiBeam\u2122 3.0:<\/p>\n<p class=\"mb-l\">Wo auch immer du sitzt, du bist mittendrin im Geschehen. Unser MultiBeam\u2122 3.0 schafft eine breite, kino\u00e4hnliche Soundb\u00fchne, die jede Highspeed-Jagd oder epische Kampfszene zum Leben erweckt. Der Schall breitet sich in deinem gesamten Raum aus und l\u00e4sst dich immersiven, authentischen und realistischen Sound erleben.<\/p>\n<p>PureVoice 2.0:<\/p>\n<p class=\"mb-l\">Verpasse keinen leise gesprochenen Dialog oder gefl\u00fcsterten Plot-Twist. PureVoice 2.0, exklusiv von JBL, verst\u00e4rkt oder optimiert automatisch Dialoge je nach den Umgebungsger\u00e4uschen der jeweiligen Szene und der Lautst\u00e4rke deiner Soundbar. So h\u00f6rst du immer jedes Wort, klar und deutlich, in Kinoqualit\u00e4t.<\/p>\n<p>SmartDetails:<\/p>\n<p class=\"mb-l\">H\u00f6re alle Feinheiten im Soundmix eines Films, genau wie im Kino. Vom Knarzen einer T\u00fcr bis hin zu einem Schrei in der Ferne \u2013 dank der JBL-exklusiven fortschrittlichen Sound-Enhancement-Technologie nimmst du jedes Detail so wahr, wie es Filmemacher in einem klaren, ausgewogenen Klangfeld beabsichtigten.<\/p>\n<p>Broadcasting:<\/p>\n<p class=\"mb-l\">Wenn das Spiel der Spiele l\u00e4uft, willst du nat\u00fcrlich keine Sekunde davon verpassen, auch wenn du gerade in der K\u00fcche besch\u00e4ftigt bist. Nimm einfach einen \u2013 oder f\u00fcr puren Stereo-Sound beide \u2013 der abnehmbaren kabellosen Lautsprecher mit und h\u00f6re in Filmqualit\u00e4t das Gleiche wie deine Familie und dein Besuch im Raum nebenan.<\/p>\n<p>N\u00e4chtlicher H\u00f6rgenuss:<\/p>\n<p class=\"mb-l\">Genie\u00dfe deine Lieblingssendungen oder -filme, ohne andere zu st\u00f6ren. Stelle einfach die abnehmbaren kabellosen Lautsprecher in deine N\u00e4he und schalte in der JBL ONE App auf n\u00e4chtlichen H\u00f6rgenuss um. Die Soundbar und der Subwoofer werden dann automatisch stummgeschaltet, w\u00e4hrend die Lautsprecher f\u00fcr ein privates, hochwertiges Audioerlebnis nur f\u00fcr dich sorgen. Oder f\u00fcr dich und deine Begleitung.<\/p>\n<p>JBL ONE App:<\/p>\n<p class=\"mb-l\">Richte die Soundbar mit der JBL ONE App ein und stimme sie auf deine W\u00fcnsche ab. Passe den Sound im pr\u00e4zisen Equalizer an, durchsuche deine Lieblings-Musik-Apps und statte sie \u00fcber Software-Upgrades mit den neuesten Funktionen aus \u2013 direkt von deiner Couch aus.<\/p>\n<div class=\"article\">\n<div class=\"formalpara\">\n<div class=\"titlepage\">\n<h2 class=\"text-h3 mb-l\">Verpackungsinhalt: <\/h2>\n<\/div><\/div>\n<\/div>\n<p class=\"mb-l\">\n<div class=\"article\">\n<div class=\"formalpara\">1x Haupt-Soundbar<\/div>\n<\/div>\n<p class=\"mb-l\">\n<div class=\"article\">2x Abnehmbare kabellose Surround-Lautsprecher<\/div>\n<\/p>\n<p class=\"mb-l\">\n<div class=\"article\">1x Kabelloser Subwoofer<\/div>\n<\/p>\n<p class=\"mb-l\">\n<div class=\"article\">Fernbedienung mit 2 x Batterien<\/div>\n<\/p>\n<p class=\"mb-l\">\n<div class=\"article\">Netzkabel (bis zu 6 St\u00fcck, je nach Region)<\/div>\n<\/p>\n<p class=\"mb-l\">\n<div class=\"article\">1 HDMI-Kabel<\/div>\n<\/p>\n<p class=\"mb-l\">\n<div class=\"article\">2 x L-f\u00f6rmige Wandhalterung (Haupt-Soundbar) + 2 x U-f\u00f6rmige Wandhalterung (f\u00fcr Surround-Lautsprecher) mit Schrauben<\/div>\n<\/p>\n<p class=\"mb-l\">\n<div class=\"article\">4 x Seitenkappen<\/div>\n<\/p>\n<p class=\"mb-l\">\n<div class=\"article\">Kurzanleitung<\/div>\n<\/p>\n<p class=\"mb-l\">\n<div class=\"article\">Sicherheitsanweisungen und Garantiekarte<\/div>\n<\/p>\n<p class=\"mb-l\">\n<div class=\"article\">Schablone f\u00fcr Wandmontage<\/div>\n<\/p>\n<li class=\"mb-m\">\n<div class=\"flex flex-col m:flex-row gap-s m:gap-xl\">\n<div class=\"text-h3 min-w-[244px] max-w-[244px]\">System<\/div>\n<div class=\"flex flex-col gap-s\"><span class=\"ml-3xs pl-[15px] relative before:absolute before:w-[8px] before:h-[8px] before:bg-dark before:top-[8px] before:left-0 before:rounded-full\">Typ: Soundbar<\/span><span class=\"ml-3xs pl-[15px] relative before:absolute before:w-[8px] before:h-[8px] before:bg-dark before:top-[8px] before:left-0 before:rounded-full\">(integriertes) Lautsprechersystem: 5.1.2 System<\/span><span class=\"ml-3xs pl-[15px] relative before:absolute before:w-[8px] before:h-[8px] before:bg-dark before:top-[8px] before:left-0 before:rounded-full\">Ausgangsleistung: 780 W<\/span><span class=\"ml-3xs pl-[15px] relative before:absolute before:w-[8px] before:h-[8px] before:bg-dark before:top-[8px] before:left-0 before:rounded-full\">1 Subwoofer<\/span><span class=\"ml-3xs pl-[15px] relative before:absolute before:w-[8px] before:h-[8px] before:bg-dark before:top-[8px] before:left-0 before:rounded-full\">Typ Subwoofer: Aktiv<\/span><\/div>\n<\/div>\n<\/li>\n<li class=\"mb-m\">\n<div class=\"flex flex-col m:flex-row gap-s m:gap-xl\">\n<div class=\"text-h3 min-w-[244px] max-w-[244px]\">Spezifikationen<\/div>\n<div class=\"flex flex-col gap-s\"><span class=\"ml-3xs pl-[15px] relative before:absolute before:w-[8px] before:h-[8px] before:bg-dark before:top-[8px] before:left-0 before:rounded-full\"><span class=\"\">HDMI<\/span>4K \/ UHD kompatibel via HDMI<\/span><span class=\"ml-3xs pl-[15px] relative before:absolute before:w-[8px] before:h-[8px] before:bg-dark before:top-[8px] before:left-0 before:rounded-full\">1x Digital Audio In Optisch<\/span><span class=\"ml-3xs pl-[15px] relative before:absolute before:w-[8px] before:h-[8px] before:bg-dark before:top-[8px] before:left-0 before:rounded-full\">1x HDMI Video In<\/span><span class=\"ml-3xs pl-[15px] relative before:absolute before:w-[8px] before:h-[8px] before:bg-dark before:top-[8px] before:left-0 before:rounded-full\">1x HDMI Video Out<\/span><span class=\"ml-3xs pl-[15px] relative before:absolute before:w-[8px] before:h-[8px] before:bg-dark before:top-[8px] before:left-0 before:rounded-full\">HDMI HDCP-Version: 2.3<\/span><span class=\"ml-3xs pl-[15px] relative before:absolute before:w-[8px] before:h-[8px] before:bg-dark before:top-[8px] before:left-0 before:rounded-full\">HDR-Durchleitung: HDR10, Dolby Vision<span class=\"\">USB<\/span>USB Typ A<\/span><span class=\"ml-3xs pl-[15px] relative before:absolute before:w-[8px] before:h-[8px] before:bg-dark before:top-[8px] before:left-0 before:rounded-full\">USB-Leistung: 5 V DC, 0,5 A<\/span><span class=\"ml-3xs pl-[15px] relative before:absolute before:w-[8px] before:h-[8px] before:bg-dark before:top-[8px] before:left-0 before:rounded-full\">Unterst\u00fctztes Dateiformat: MP3<\/span><span class=\"ml-3xs pl-[15px] relative before:absolute before:w-[8px] before:h-[8px] before:bg-dark before:top-[8px] before:left-0 before:rounded-full\">MP3-Abtastrate: 16\u201348 kHz<\/span><span class=\"ml-3xs pl-[15px] relative before:absolute before:w-[8px] before:h-[8px] before:bg-dark before:top-[8px] before:left-0 before:rounded-full\">MP3-Bitrate: 80\u2013320 kpbs<span class=\"\">Kabellose Verbindung<\/span>Bluetooth-Version: 5.3<\/span><span class=\"ml-3xs pl-[15px] relative before:absolute before:w-[8px] before:h-[8px] before:bg-dark before:top-[8px] before:left-0 before:rounded-full\">Bluetooth-Profil: A2DP 1.2, AVRCP 1.5<\/span><span class=\"ml-3xs pl-[15px] relative before:absolute before:w-[8px] before:h-[8px] before:bg-dark before:top-[8px] before:left-0 before:rounded-full\">Bluetooth-\u00dcbertragungsfrequenzbereich: 2400 MHz\u20132483,5 MHz<\/span><span class=\"ml-3xs pl-[15px] relative before:absolute before:w-[8px] before:h-[8px] before:bg-dark before:top-[8px] before:left-0 before:rounded-full\">Bluetooth-\u00dcbertragungsleistung: &lt; 15 dBm (EIRP)<\/span><span class=\"ml-3xs pl-[15px] relative before:absolute before:w-[8px] before:h-[8px] before:bg-dark before:top-[8px] before:left-0 before:rounded-full\">WLAN: IEEE 802.11 a\/b\/g\/n\/ac\/ax (2,4 GHz\/5 GHz)<\/span><span class=\"ml-3xs pl-[15px] relative before:absolute before:w-[8px] before:h-[8px] before:bg-dark before:top-[8px] before:left-0 before:rounded-full\">2,4 GHz WLAN-\u00dcbertragungsleistung: &lt; 20 dBm (EIRP)<\/span><\/div>\n<\/div>\n<\/li>\n<li class=\"mb-m\">\n<div class=\"flex flex-col m:flex-row gap-s m:gap-xl\">\n<div class=\"text-h3 min-w-[244px] max-w-[244px]\">Audio<\/div>\n<div class=\"flex flex-col gap-s\"><span class=\"ml-3xs pl-[15px] relative before:absolute before:w-[8px] before:h-[8px] before:bg-dark before:top-[8px] before:left-0 before:rounded-full\"><span class=\"\">Frequenzgang:<\/span>35 Hz-20 kHz<span class=\"\">Audioeing\u00e4nge:<\/span>1 optisch, Bluetooth, USB (USB-Wiedergabe ist in der US-Version erh\u00e4ltlich. F\u00fcr andere Versionen ist USB nur f\u00fcr Wartungen vorgesehen.)<\/span><\/div>\n<\/div>\n<\/li>\n<li class=\"mb-m\">\n<div class=\"flex flex-col m:flex-row gap-s m:gap-xl\">\n<div class=\"text-h3 min-w-[244px] max-w-[244px]\">Kommunikation<\/div>\n<div class=\"flex flex-col gap-s\"><span class=\"ml-3xs pl-[15px] relative before:absolute before:w-[8px] before:h-[8px] before:bg-dark before:top-[8px] before:left-0 before:rounded-full\">WLAN<\/span><span class=\"ml-3xs pl-[15px] relative before:absolute before:w-[8px] before:h-[8px] before:bg-dark before:top-[8px] before:left-0 before:rounded-full\">Bluetooth<\/span><\/div>\n<\/div>\n<\/li>\n<li class=\"mb-m\">\n<div class=\"flex flex-col m:flex-row gap-s m:gap-xl\">\n<div class=\"text-h3 min-w-[244px] max-w-[244px]\">Farbe<\/div>\n<div class=\"flex flex-col gap-s\"><span class=\"ml-3xs pl-[15px] relative before:absolute before:w-[8px] before:h-[8px] before:bg-dark before:top-[8px] before:left-0 before:rounded-full\">Schwarz<\/span><\/div>\n<\/div>\n<\/li>\n<li class=\"mb-m\">\n<div class=\"flex flex-col m:flex-row gap-s m:gap-xl\">\n<div class=\"text-h3 min-w-[244px] max-w-[244px]\">Abmessungen<\/div>\n<div class=\"flex flex-col gap-s\"><span class=\"ml-3xs pl-[15px] relative before:absolute before:w-[8px] before:h-[8px] before:bg-dark before:top-[8px] before:left-0 before:rounded-full\"><span class=\"\">Soundbar<\/span><\/span><span class=\"ml-3xs pl-[15px] relative before:absolute before:w-[8px] before:h-[8px] before:bg-dark before:top-[8px] before:left-0 before:rounded-full\">Position: Front<\/span><span class=\"ml-3xs pl-[15px] relative before:absolute before:w-[8px] before:h-[8px] before:bg-dark before:top-[8px] before:left-0 before:rounded-full\">Anzahl: 1<\/span><span class=\"ml-3xs pl-[15px] relative before:absolute before:w-[8px] before:h-[8px] before:bg-dark before:top-[8px] before:left-0 before:rounded-full\">Abmessungen: 854 x 52 x 128 mm (B x H x T)<\/span><span class=\"ml-3xs pl-[15px] relative before:absolute before:w-[8px] before:h-[8px] before:bg-dark before:top-[8px] before:left-0 before:rounded-full\">Gewicht: 2,8 kg<\/span><span class=\"ml-3xs pl-[15px] relative before:absolute before:w-[8px] before:h-[8px] before:bg-dark before:top-[8px] before:left-0 before:rounded-full\"><span class=\"\">Subwoofer<\/span><\/span><span class=\"ml-3xs pl-[15px] relative before:absolute before:w-[8px] before:h-[8px] before:bg-dark before:top-[8px] before:left-0 before:rounded-full\">Position: Sub<\/span><span class=\"ml-3xs pl-[15px] relative before:absolute before:w-[8px] before:h-[8px] before:bg-dark before:top-[8px] before:left-0 before:rounded-full\">Abmessungen: 325 x 400 x 325 mm (B x H x T)<\/span><span class=\"ml-3xs pl-[15px] relative before:absolute before:w-[8px] before:h-[8px] before:bg-dark before:top-[8px] before:left-0 before:rounded-full\">Gewicht: 8,1 kg<\/span><span class=\"ml-3xs pl-[15px] relative before:absolute before:w-[8px] before:h-[8px] before:bg-dark before:top-[8px] before:left-0 before:rounded-full\"><span class=\"\">Abnehmbare Surround-Lautsprecher<\/span><\/span><span class=\"ml-3xs pl-[15px] relative before:absolute before:w-[8px] before:h-[8px] before:bg-dark before:top-[8px] before:left-0 before:rounded-full\">Position: Side<\/span><span class=\"ml-3xs pl-[15px] relative before:absolute before:w-[8px] before:h-[8px] before:bg-dark before:top-[8px] before:left-0 before:rounded-full\">Anzahl: 2<\/span><span class=\"ml-3xs pl-[15px] relative before:absolute before:w-[8px] before:h-[8px] before:bg-dark before:top-[8px] before:left-0 before:rounded-full\">Abmessungen: 169 x 52 x 128 mm (B x H x T)<\/span><span class=\"ml-3xs pl-[15px] relative before:absolute before:w-[8px] before:h-[8px] before:bg-dark before:top-[8px] before:left-0 before:rounded-full\">Gewicht: 0,7 kg<\/span><\/div>\n<\/div>\n<\/li>\n","protected":false},"excerpt":{"rendered":"<li class=\"bullet-list-item\">True Dolby Atmos\u00ae Surround Sound<\/li>\n<li class=\"bullet-list-item\">Echter Surround Sound mit abnehmbaren Surround-Lautsprechern<\/li>\n<li class=\"bullet-list-item\">780 W Ausgangsleistung<\/li>\n<li class=\"bullet-list-item\">PureVoice-Technologie f\u00fcr optimierte Dialogqualit\u00e4t<\/li>\n<li class=\"bullet-list-item\">HDMI eARC mit 4K Dolby Vision Passthrough<\/li>\n<p> Herstellernummer JBLBAR800M2BLKEP<\/p>","protected":false},"featured_media":45825,"comment_status":"open","ping_status":"closed","template":"","meta":{"_monsterinsights_skip_tracking":false,"_monsterinsights_sitenote_active":false,"_monsterinsights_sitenote_note":"","_monsterinsights_sitenote_category":0,"_uf_show_specific_survey":0,"_uf_disable_surveys":false},"product_brand":[],"product_cat":[491],"product_tag":[],"models":[],"years":[],"class_list":{"0":"post-37825","1":"product","2":"type-product","3":"status-publish","4":"has-post-thumbnail","6":"product_cat-multiroom-systeme","8":"first","9":"instock","10":"sale","11":"featured","12":"shipping-taxable","13":"purchasable","14":"product-type-simple"},"aioseo_notices":[],"acf":[],"_links":{"self":[{"href":"https:\/\/amannforg.com\/de\/wp-json\/wp\/v2\/product\/37825","targetHints":{"allow":["GET"]}}],"collection":[{"href":"https:\/\/amannforg.com\/de\/wp-json\/wp\/v2\/product"}],"about":[{"href":"https:\/\/amannforg.com\/de\/wp-json\/wp\/v2\/types\/product"}],"replies":[{"embeddable":true,"href":"https:\/\/amannforg.com\/de\/wp-json\/wp\/v2\/comments?post=37825"}],"version-history":[{"count":1,"href":"https:\/\/amannforg.com\/de\/wp-json\/wp\/v2\/product\/37825\/revisions"}],"predecessor-version":[{"id":57891,"href":"https:\/\/amannforg.com\/de\/wp-json\/wp\/v2\/product\/37825\/revisions\/57891"}],"wp:featuredmedia":[{"embeddable":true,"href":"https:\/\/amannforg.com\/de\/wp-json\/wp\/v2\/media\/45825"}],"wp:attachment":[{"href":"https:\/\/amannforg.com\/de\/wp-json\/wp\/v2\/media?parent=37825"}],"wp:term":[{"taxonomy":"product_brand","embeddable":true,"href":"https:\/\/amannforg.com\/de\/wp-json\/wp\/v2\/product_brand?post=37825"},{"taxonomy":"product_cat","embeddable":true,"href":"https:\/\/amannforg.com\/de\/wp-json\/wp\/v2\/product_cat?post=37825"},{"taxonomy":"product_tag","embeddable":true,"href":"https:\/\/amannforg.com\/de\/wp-json\/wp\/v2\/product_tag?post=37825"},{"taxonomy":"models","embeddable":true,"href":"https:\/\/amannforg.com\/de\/wp-json\/wp\/v2\/models?post=37825"},{"taxonomy":"years","embeddable":true,"href":"https:\/\/amannforg.com\/de\/wp-json\/wp\/v2\/years?post=37825"}],"curies":[{"name":"wp","href":"https:\/\/api.w.org\/{rel}","templated":true}]}}