{"id":38077,"date":"2026-03-03T23:14:21","date_gmt":"2026-03-03T23:14:21","guid":{"rendered":"https:\/\/amannforg.com\/?post_type=product&#038;p=38077"},"modified":"2026-03-07T16:29:42","modified_gmt":"2026-03-07T16:29:42","slug":"harman-kardon-goplay-3-design-bluetooth-lautsprecher-mit-subwoofer-schwarz","status":"publish","type":"product","link":"https:\/\/amannforg.com\/de\/produkt\/harman-kardon-goplay-3-design-bluetooth-lautsprecher-mit-subwoofer-schwarz\/","title":{"rendered":"Harman Kardon Go+Play 3 Design Bluetooth-Lautsprecher mit Subwoofer Schwarz"},"content":{"rendered":"<div class=\"article\">\n<div class=\"formalpara\">\n<div class=\"titlepage\">\n<h2 class=\"text-h3 mb-l\">Highlights<\/h2>\n<\/div>\n<p class=\"mb-l\">\n<div class=\"itemizedlist\">\n<ul class=\"bullet-list\">\n<li class=\"bullet-list-item\">\n<p class=\"mb-l\">Hervorragende Klangleistung mit Drei-Wege-Lautsprechern<\/p>\n<\/li>\n<li class=\"bullet-list-item\">\n<p class=\"mb-l\">Charakteristisches Design, elegant gestaltet aus hochwertigen Materialien<\/p>\n<\/li>\n<li class=\"bullet-list-item\">\n<p class=\"mb-l\">Eingebauter Akku<\/p>\n<\/li>\n<li class=\"bullet-list-item\">\n<p class=\"mb-l\">Bluetooth-Musik-Streaming<\/p>\n<\/li>\n<li class=\"bullet-list-item\">\n<p class=\"mb-l\">USB-Ladeanschluss<\/p>\n<\/li>\n<li class=\"bullet-list-item\">\n<p class=\"mb-l\">Automatische Selbstoptimierungsfunktion<\/p>\n<\/li>\n<li class=\"bullet-list-item\">\n<p class=\"mb-l\">Dual-Fernfeld-Mikrofone<\/p>\n<\/li>\n<li class=\"bullet-list-item\">\n<p class=\"mb-l\">Kopplungstaste<\/p>\n<\/li>\n<li class=\"bullet-list-item\">\n<p class=\"mb-l\">Teilweise aus 100 % recyceltem Polyestergarn, 90 % recyceltAluminium und 85 % recycelter Kunststof<\/p>\n<\/li>\n<\/ul>\n<\/div>\n<\/p><\/div>\n<div class=\"formalpara\">\n<div class=\"titlepage\">\n<h2 class=\"text-h3 mb-l\">Schlankes Design und herausragender Klang \u2013 drinnen oder drau\u00dfen<\/h2>\n<\/div>\n<p class=\"mb-l\">Mit seiner raffinierten Silhouette, dem hochwertigen Griff aus Aluminium und dem Touch-Feld aus geh\u00e4rtetem Glas sieht der Harman Kardon Go + Play 3 nicht nur sch\u00f6n aus, sondern klingt auch noch besser \u2013 dank seiner hohen Leistung und seines kristallklaren 3-Wege-Stereo-Klangs. Au\u00dferdem passt er sich automatisch an seine neue Umgebung an, sodass deine Musik immer so gut wie m\u00f6glich klingt.<\/p>\n<\/p><\/div>\n<p class=\"mb-l\">Der integrierte 8-Stunden-Akku reicht f\u00fcr einen ganzen Arbeitstag, und der praktische USB-Ladeanschluss sorgt daf\u00fcr, dass deinem Smartphone nicht mitten in deiner Deep-Focus-Playlist der Akku ausgeht. Und selbst wenn du bei deiner n\u00e4chsten Telefonkonferenz am anderen Ende des Tisches sitzt, sorgen die zwei integrierten Mikrofone daf\u00fcr, dass du laut und klar geh\u00f6rt wirst. Noch nicht genug? Koppel zwei Go + Play 3s kabellos f\u00fcr deine n\u00e4chste Party.<\/p>\n<p class=\"mb-l\">Der Harman Kardon Go + Play 3 ist der Lautsprecher, der immer f\u00fcr dich da ist.<\/p>\n<div class=\"formalpara\">\n<div class=\"titlepage\">\n<h2 class=\"text-h3 mb-l\">Hervorragende Soundleistung mit Drei-Wege-Lautsprechern<\/h2>\n<\/div>\n<p class=\"mb-l\">Das Drei-Wege-Lautsprecher-Design des Harman Kardon Go + Play 3 bietet eine detaillierte, klare Stereo-Abbildung. Sein nach unten abstrahlender 5-Zoll-Subwoofer liefert kr\u00e4ftige und pr\u00e4zise B\u00e4sse. Duale Hocht\u00f6ner und Mittelt\u00f6ner sorgen f\u00fcr eine einwandfreie Stimm- und Instrumentenwiedergabe, w\u00e4hrend ein zus\u00e4tzlicher passiver Radiator an der Vorderseite tiefe B\u00e4sse raushaut.<\/p>\n<\/p><\/div>\n<div class=\"formalpara\">\n<div class=\"titlepage\">\n<h2 class=\"text-h3 mb-l\">Charakteristisches Design, elegant gestaltet aus hochwertigen Materialien<\/h2>\n<\/div>\n<p class=\"mb-l\">Der Harman Kardon&#8217;s Go + Play 3 hat eine vertraute Form, aber in seiner aktuellen Generation verf\u00fcgt er \u00fcber ein Touch-Feld aus geh\u00e4rtetem Glas, das reaktionsschnell und vollst\u00e4ndig intuitiv zu bedienen ist. Der Gitterstoff ist ein subtiler Blickfang, und der schlanke, aber robuste Griff aus hochwertigem Aluminium ist ergonomisch geformt, sodass du ihn leicht durch dein Haus tragen kannst.<\/p>\n<\/p><\/div>\n<div class=\"formalpara\">\n<div class=\"titlepage\">\n<h2 class=\"text-h3 mb-l\">Eingebauter Akku<\/h2>\n<\/div>\n<p class=\"mb-l\">Mit dem wiederaufladbaren integrierten Akku kannst du den Harman Kardon Go + Play 3 \u00fcberall in deinem Zuhause genie\u00dfen und ihn f\u00fcr bis zu 8 Stunden Spielzeit einfach von einem Raum in einen anderen transportieren.<\/p>\n<\/p><\/div>\n<\/p><\/div>\n<li class=\"mb-m\">\n<div class=\"flex flex-col m:flex-row gap-s m:gap-xl\">\n<div class=\"text-h3 min-w-[244px] max-w-[244px]\">Typ \/ Kommunikation<\/div>\n<div class=\"flex flex-col gap-s\"><span class=\"ml-3xs pl-[15px] relative before:absolute before:w-[8px] before:h-[8px] before:bg-dark before:top-[8px] before:left-0 before:rounded-full\">Bluetooth-Version: 5.2<\/span><span class=\"ml-3xs pl-[15px] relative before:absolute before:w-[8px] before:h-[8px] before:bg-dark before:top-[8px] before:left-0 before:rounded-full\">Unterst\u00fctzt: A2DP V1.3, AVRCP V1.6<\/span><span class=\"ml-3xs pl-[15px] relative before:absolute before:w-[8px] before:h-[8px] before:bg-dark before:top-[8px] before:left-0 before:rounded-full\">Bluetooth-\u00dcbertragungsleistung: \u226410 dBm<\/span><span class=\"ml-3xs pl-[15px] relative before:absolute before:w-[8px] before:h-[8px] before:bg-dark before:top-[8px] before:left-0 before:rounded-full\">Frequenzbereich f\u00fcr die Bluetooth-\u00dcbertragung: 2,400 \u2013 2,4835 GHz<\/span><\/div>\n<\/div>\n<\/li>\n<li class=\"mb-m\">\n<div class=\"flex flex-col m:flex-row gap-s m:gap-xl\">\n<div class=\"text-h3 min-w-[244px] max-w-[244px]\">Stromversorgung<\/div>\n<div class=\"flex flex-col gap-s\"><span class=\"ml-3xs pl-[15px] relative before:absolute before:w-[8px] before:h-[8px] before:bg-dark before:top-[8px] before:left-0 before:rounded-full\">Portabel &#8211; mit integriertem Akku f\u00fcr Betrieb ohne Stromanschluss<\/span><span class=\"ml-3xs pl-[15px] relative before:absolute before:w-[8px] before:h-[8px] before:bg-dark before:top-[8px] before:left-0 before:rounded-full\">Laufzeit: ca. 8 Stunden (je nach Lautst\u00e4rke und Audioinhalt)<\/span><span class=\"ml-3xs pl-[15px] relative before:absolute before:w-[8px] before:h-[8px] before:bg-dark before:top-[8px] before:left-0 before:rounded-full\">100 \u2013 240 V ~ 50\/60 Hz<\/span><\/div>\n<\/div>\n<\/li>\n<li class=\"mb-m\">\n<div class=\"flex flex-col m:flex-row gap-s m:gap-xl\">\n<div class=\"text-h3 min-w-[244px] max-w-[244px]\">Anschl\u00fcsse<\/div>\n<div class=\"flex flex-col gap-s\"><span class=\"ml-3xs pl-[15px] relative before:absolute before:w-[8px] before:h-[8px] before:bg-dark before:top-[8px] before:left-0 before:rounded-full\">USB-Eingang<\/span><\/div>\n<\/div>\n<\/li>\n<li class=\"mb-m\">\n<div class=\"flex flex-col m:flex-row gap-s m:gap-xl\">\n<div class=\"text-h3 min-w-[244px] max-w-[244px]\">Ausstattung<\/div>\n<div class=\"flex flex-col gap-s\"><span class=\"ml-3xs pl-[15px] relative before:absolute before:w-[8px] before:h-[8px] before:bg-dark before:top-[8px] before:left-0 before:rounded-full\">komfortable App-Steuerung: ja (Android+IOS)<\/span><span class=\"ml-3xs pl-[15px] relative before:absolute before:w-[8px] before:h-[8px] before:bg-dark before:top-[8px] before:left-0 before:rounded-full\">Freisprechfunktion f\u00fcr Telefonie<\/span><\/div>\n<\/div>\n<\/li>\n<li class=\"mb-m\">\n<div class=\"flex flex-col m:flex-row gap-s m:gap-xl\">\n<div class=\"text-h3 min-w-[244px] max-w-[244px]\">Farbe<\/div>\n<div class=\"flex flex-col gap-s\"><span class=\"ml-3xs pl-[15px] relative before:absolute before:w-[8px] before:h-[8px] before:bg-dark before:top-[8px] before:left-0 before:rounded-full\">Schwarz<\/span><\/div>\n<\/div>\n<\/li>\n<li class=\"mb-m\">\n<div class=\"flex flex-col m:flex-row gap-s m:gap-xl\">\n<div class=\"text-h3 min-w-[244px] max-w-[244px]\">Ma\u00dfe in mm (B x H x T)<\/div>\n<div class=\"flex flex-col gap-s\"><span class=\"ml-3xs pl-[15px] relative before:absolute before:w-[8px] before:h-[8px] before:bg-dark before:top-[8px] before:left-0 before:rounded-full\">H\u00f6he: 240 mm<\/span><span class=\"ml-3xs pl-[15px] relative before:absolute before:w-[8px] before:h-[8px] before:bg-dark before:top-[8px] before:left-0 before:rounded-full\">Breite: 439 mm<\/span><span class=\"ml-3xs pl-[15px] relative before:absolute before:w-[8px] before:h-[8px] before:bg-dark before:top-[8px] before:left-0 before:rounded-full\">Tiefe: 192 mm<\/span><\/div>\n<\/div>\n<\/li>\n<li class=\"mb-m\">\n<div class=\"flex flex-col m:flex-row gap-s m:gap-xl\">\n<div class=\"text-h3 min-w-[244px] max-w-[244px]\">Gewicht<\/div>\n<div class=\"flex flex-col gap-s\"><span class=\"ml-3xs pl-[15px] relative before:absolute before:w-[8px] before:h-[8px] before:bg-dark before:top-[8px] before:left-0 before:rounded-full\">ca. 4,6 kg<\/span><\/div>\n<\/div>\n<\/li>\n","protected":false},"excerpt":{"rendered":"<li class=\"bullet-list-item\">Kabelloses Bluetooth-Streaming<\/li>\n<li class=\"bullet-list-item\">Wiederaufladbarer Akku<\/li>\n<li class=\"bullet-list-item\">Automatische Selbstoptimierungsfunktion <\/li>\n<li class=\"bullet-list-item\">Hervorragende Klangleistung mit Drei-Wege-Lautsprechern <\/li>\n<li class=\"bullet-list-item\">Hochwertige Materialien<\/li>\n<p> Herstellernummer HKGOPLAY3BLKEP<\/p>","protected":false},"featured_media":45912,"comment_status":"open","ping_status":"closed","template":"","meta":{"_monsterinsights_skip_tracking":false,"_monsterinsights_sitenote_active":false,"_monsterinsights_sitenote_note":"","_monsterinsights_sitenote_category":0,"_uf_show_specific_survey":0,"_uf_disable_surveys":false},"product_brand":[],"product_cat":[492],"product_tag":[],"models":[],"years":[],"class_list":{"0":"post-38077","1":"product","2":"type-product","3":"status-publish","4":"has-post-thumbnail","6":"product_cat-lautsprecher","8":"first","9":"instock","10":"sale","11":"shipping-taxable","12":"purchasable","13":"product-type-simple"},"aioseo_notices":[],"acf":[],"_links":{"self":[{"href":"https:\/\/amannforg.com\/de\/wp-json\/wp\/v2\/product\/38077","targetHints":{"allow":["GET"]}}],"collection":[{"href":"https:\/\/amannforg.com\/de\/wp-json\/wp\/v2\/product"}],"about":[{"href":"https:\/\/amannforg.com\/de\/wp-json\/wp\/v2\/types\/product"}],"replies":[{"embeddable":true,"href":"https:\/\/amannforg.com\/de\/wp-json\/wp\/v2\/comments?post=38077"}],"version-history":[{"count":1,"href":"https:\/\/amannforg.com\/de\/wp-json\/wp\/v2\/product\/38077\/revisions"}],"predecessor-version":[{"id":57906,"href":"https:\/\/amannforg.com\/de\/wp-json\/wp\/v2\/product\/38077\/revisions\/57906"}],"wp:featuredmedia":[{"embeddable":true,"href":"https:\/\/amannforg.com\/de\/wp-json\/wp\/v2\/media\/45912"}],"wp:attachment":[{"href":"https:\/\/amannforg.com\/de\/wp-json\/wp\/v2\/media?parent=38077"}],"wp:term":[{"taxonomy":"product_brand","embeddable":true,"href":"https:\/\/amannforg.com\/de\/wp-json\/wp\/v2\/product_brand?post=38077"},{"taxonomy":"product_cat","embeddable":true,"href":"https:\/\/amannforg.com\/de\/wp-json\/wp\/v2\/product_cat?post=38077"},{"taxonomy":"product_tag","embeddable":true,"href":"https:\/\/amannforg.com\/de\/wp-json\/wp\/v2\/product_tag?post=38077"},{"taxonomy":"models","embeddable":true,"href":"https:\/\/amannforg.com\/de\/wp-json\/wp\/v2\/models?post=38077"},{"taxonomy":"years","embeddable":true,"href":"https:\/\/amannforg.com\/de\/wp-json\/wp\/v2\/years?post=38077"}],"curies":[{"name":"wp","href":"https:\/\/api.w.org\/{rel}","templated":true}]}}