{"id":40307,"date":"2026-03-03T23:33:08","date_gmt":"2026-03-03T23:33:08","guid":{"rendered":"https:\/\/amannforg.com\/?post_type=product&#038;p=40307"},"modified":"2026-03-13T11:43:30","modified_gmt":"2026-03-13T11:43:30","slug":"lg-43ur78006lk-109cm-43-4k-led-smart-tv-fernseher","status":"publish","type":"product","link":"https:\/\/amannforg.com\/de\/produkt\/lg-43ur78006lk-109cm-43-4k-led-smart-tv-fernseher\/","title":{"rendered":"LG 43UR78006LK 109cm 43&#8243; 4K LED Smart TV Fernseher"},"content":{"rendered":"<div class=\"article\">\n<div class=\"titlepage\">\n<h2 class=\"text-h3 mb-l\">LG 43UR78006LK 109cm 43&#8243; 4K Ultra HD Smart TV Fernseher AI Sound<\/h2>\n<\/div>\n<div class=\"formalpara\">\n<div class=\"titlepage\">\n<h2 class=\"text-h3 mb-l\">Highlights<\/h2>\n<\/div>\n<p class=\"mb-l\">\n<div class=\"itemizedlist\">\n<ul class=\"bullet-list\">\n<li class=\"bullet-list-item\">\n<p class=\"mb-l\">4K LCD TV mit Direct LED-Backlight<\/p>\n<\/li>\n<li class=\"bullet-list-item\">\n<p class=\"mb-l\">\u03b15 Gen6 4K AI-Prozessor mit AI Sound und AI Brightness Control<\/p>\n<\/li>\n<li class=\"bullet-list-item\">\n<p class=\"mb-l\">Bild wie vom Regisseur gewollt mit dem Filmmaker Mode\u2122<\/p>\n<\/li>\n<li class=\"bullet-list-item\">\n<p class=\"mb-l\">Gute HDR-Unterst\u00fctzung mit HDR10 Pro und HLG<\/p>\n<\/li>\n<li class=\"bullet-list-item\">\n<p class=\"mb-l\">Unterst\u00fctzt WOW Interface<\/p>\n<\/li>\n<\/ul>\n<\/div>\n<\/p><\/div>\n<p class=\"mb-l\">Einfach besseres Entertainment genie\u00dfen. Genau das verspricht der LG UHD TV UR78 mit seinem 4K LCD-Panel mit Direct LEDs sowie dem integrierten \u03b15 Gen6 4K AI-Prozessor mit HDR10 Pro und dem fortschrittlichen AI Sound.<\/p>\n<div class=\"formalpara\">\n<div class=\"titlepage\">\n<h2 class=\"text-h3 mb-l\">Energieeffizienz<\/h2>\n<\/div>\n<p class=\"mb-l\">\n<div class=\"itemizedlist\">\n<ul class=\"bullet-list\">\n<li class=\"bullet-list-item\">\n<p class=\"mb-l\">Energieeffizienzklasse: G<\/p>\n<\/li>\n<li class=\"bullet-list-item\">\n<p class=\"mb-l\">\u00d8 Leistungsaufnahme: 54 kWh\/1000h<\/p>\n<\/li>\n<li class=\"bullet-list-item\">\n<p class=\"mb-l\">Energieeffizienzklasse HDR: G<\/p>\n<\/li>\n<li class=\"bullet-list-item\">\n<p class=\"mb-l\">\u00d8 Leistungsaufnahme HDR: 83 kWh\/1000h<\/p>\n<\/li>\n<\/ul>\n<\/div>\n<\/p><\/div>\n<div class=\"formalpara\">\n<div class=\"titlepage\">\n<h2 class=\"text-h3 mb-l\">Gaming<\/h2>\n<\/div>\n<p class=\"mb-l\">\n<div class=\"itemizedlist\">\n<ul class=\"bullet-list\">\n<li class=\"bullet-list-item\">\n<p class=\"mb-l\">Unterst\u00fctzt HGiG f\u00fcr \u00fcberzeugende HDR-Darstellung<\/p>\n<\/li>\n<li class=\"bullet-list-item\">\n<p class=\"mb-l\">Dank Game Optimizer optimale Unterst\u00fctzung von ALLM<\/p>\n<\/li>\n<li class=\"bullet-list-item\">\n<p class=\"mb-l\">Unterst\u00fctzt HGiG f\u00fcr \u00fcberzeugende HDR-Darstellung<\/p>\n<\/li>\n<\/ul>\n<\/div>\n<\/p><\/div>\n<div class=\"formalpara\">\n<div class=\"titlepage\">\n<h2 class=\"text-h3 mb-l\">Smart TV<\/h2>\n<\/div>\n<p class=\"mb-l\">\n<div class=\"itemizedlist\">\n<ul class=\"bullet-list\">\n<li class=\"bullet-list-item\">\n<p class=\"mb-l\">WebOS 23 mit LG ThinQ<\/p>\n<\/li>\n<li class=\"bullet-list-item\">\n<p class=\"mb-l\">Amazon Alexa integriert<\/p>\n<\/li>\n<li class=\"bullet-list-item\">\n<p class=\"mb-l\">Kompatibel zu Apple AirPlay 2 und Apple HomeKit<\/p>\n<\/li>\n<li class=\"bullet-list-item\">\n<p class=\"mb-l\">Home Dashboard f\u00fcr komfortable Bedienung aller angeschlossenen Ger\u00e4te<\/p>\n<\/li>\n<li class=\"bullet-list-item\">\n<p class=\"mb-l\">Standard-Fernbedienung im Lieferumfang enthalten<\/p>\n<\/li>\n<\/ul>\n<\/div>\n<\/p><\/div>\n<div class=\"formalpara\">\n<div class=\"titlepage\">\n<h2 class=\"text-h3 mb-l\">Anschl\u00fcsse<\/h2>\n<\/div>\n<p class=\"mb-l\">\n<div class=\"itemizedlist\">\n<ul class=\"bullet-list\">\n<li class=\"bullet-list-item\">\n<p class=\"mb-l\">3x HDMI (eARC, ALLM)<\/p>\n<\/li>\n<li class=\"bullet-list-item\">\n<p class=\"mb-l\">2x USB 2.0<\/p>\n<\/li>\n<li class=\"bullet-list-item\">\n<p class=\"mb-l\">1x LAN (Ethernet)<\/p>\n<\/li>\n<li class=\"bullet-list-item\">\n<p class=\"mb-l\">WiFi 5 (802.11ac)<\/p>\n<\/li>\n<li class=\"bullet-list-item\">\n<p class=\"mb-l\">1x LAN (Ethernet)<\/p>\n<\/li>\n<li class=\"bullet-list-item\">\n<p class=\"mb-l\">Optischer Ausgang<\/p>\n<\/li>\n<li class=\"bullet-list-item\">\n<p class=\"mb-l\">CI+ Slot<\/p>\n<\/li>\n<\/ul>\n<\/div>\n<\/p><\/div>\n<\/p><\/div>\n<li class=\"mb-m\">\n<div class=\"flex flex-col m:flex-row gap-s m:gap-xl\">\n<div class=\"text-h3 min-w-[244px] max-w-[244px]\">Energie<\/div>\n<div class=\"flex flex-col gap-s\"><span class=\"ml-3xs pl-[15px] relative before:absolute before:w-[8px] before:h-[8px] before:bg-dark before:top-[8px] before:left-0 before:rounded-full\">der j\u00e4hrliche Energiebedarf liegt bei : 121 kWh<\/span><span class=\"ml-3xs pl-[15px] relative before:absolute before:w-[8px] before:h-[8px] before:bg-dark before:top-[8px] before:left-0 before:rounded-full\">Standby-Modus<\/span><span class=\"ml-3xs pl-[15px] relative before:absolute before:w-[8px] before:h-[8px] before:bg-dark before:top-[8px] before:left-0 before:rounded-full\">sichtbare Diagonale: 109 cm \/ 43 Zoll<\/span><\/div>\n<\/div>\n<\/li>\n<li class=\"mb-m\">\n<div class=\"flex flex-col m:flex-row gap-s m:gap-xl\">\n<div class=\"text-h3 min-w-[244px] max-w-[244px]\">Display<\/div>\n<div class=\"flex flex-col gap-s\"><span class=\"ml-3xs pl-[15px] relative before:absolute before:w-[8px] before:h-[8px] before:bg-dark before:top-[8px] before:left-0 before:rounded-full\">Technologie: LED \/ LCD-Fernseher<\/span><span class=\"ml-3xs pl-[15px] relative before:absolute before:w-[8px] before:h-[8px] before:bg-dark before:top-[8px] before:left-0 before:rounded-full\">Bildtechnologie: LG UHD TV 4K<\/span><span class=\"ml-3xs pl-[15px] relative before:absolute before:w-[8px] before:h-[8px] before:bg-dark before:top-[8px] before:left-0 before:rounded-full\">Diagonale in cm: 109 cm<\/span><span class=\"ml-3xs pl-[15px] relative before:absolute before:w-[8px] before:h-[8px] before:bg-dark before:top-[8px] before:left-0 before:rounded-full\">Diagonale in Zoll: 43 Zoll<\/span><span class=\"ml-3xs pl-[15px] relative before:absolute before:w-[8px] before:h-[8px] before:bg-dark before:top-[8px] before:left-0 before:rounded-full\">Aufl\u00f6sung: 3.840 x 2.160 Pixel<\/span><span class=\"ml-3xs pl-[15px] relative before:absolute before:w-[8px] before:h-[8px] before:bg-dark before:top-[8px] before:left-0 before:rounded-full\">HD-Spezifikation: 4K \/ Ultra HD<\/span><span class=\"ml-3xs pl-[15px] relative before:absolute before:w-[8px] before:h-[8px] before:bg-dark before:top-[8px] before:left-0 before:rounded-full\">Bildwiederholungsrate: 50\/60 Hz<\/span><span class=\"ml-3xs pl-[15px] relative before:absolute before:w-[8px] before:h-[8px] before:bg-dark before:top-[8px] before:left-0 before:rounded-full\">Bildverbesserungs-Technologie: AI Picture<\/span><span class=\"ml-3xs pl-[15px] relative before:absolute before:w-[8px] before:h-[8px] before:bg-dark before:top-[8px] before:left-0 before:rounded-full\">Bauweise: Direct LED<\/span><span class=\"ml-3xs pl-[15px] relative before:absolute before:w-[8px] before:h-[8px] before:bg-dark before:top-[8px] before:left-0 before:rounded-full\">Wiedergabe von 4K Inhalten mit 60Hz<\/span><span class=\"ml-3xs pl-[15px] relative before:absolute before:w-[8px] before:h-[8px] before:bg-dark before:top-[8px] before:left-0 before:rounded-full\">Dolby Vision f\u00e4hig &#8211; Unterst\u00fctzt dynamische Inhalte mit 12 Bit Farbtiefe<\/span><span class=\"ml-3xs pl-[15px] relative before:absolute before:w-[8px] before:h-[8px] before:bg-dark before:top-[8px] before:left-0 before:rounded-full\">HDR10 f\u00e4hig &#8211; Unterst\u00fctzung von High Dynamic Range Inhalten mit 10 Bit Farbtiefe<\/span><span class=\"ml-3xs pl-[15px] relative before:absolute before:w-[8px] before:h-[8px] before:bg-dark before:top-[8px] before:left-0 before:rounded-full\">HLG f\u00e4hig &#8211; Unterst\u00fctzung von Hybrid Log Gamma Inhalten<\/span><\/div>\n<\/div>\n<\/li>\n<li class=\"mb-m\">\n<div class=\"flex flex-col m:flex-row gap-s m:gap-xl\">\n<div class=\"text-h3 min-w-[244px] max-w-[244px]\">Audio<\/div>\n<div class=\"flex flex-col gap-s\"><span class=\"ml-3xs pl-[15px] relative before:absolute before:w-[8px] before:h-[8px] before:bg-dark before:top-[8px] before:left-0 before:rounded-full\">Lautsprecher: 20 Watt<\/span><\/div>\n<\/div>\n<\/li>\n<li class=\"mb-m\">\n<div class=\"flex flex-col m:flex-row gap-s m:gap-xl\">\n<div class=\"text-h3 min-w-[244px] max-w-[244px]\">Tuner<\/div>\n<div class=\"flex flex-col gap-s\"><span class=\"ml-3xs pl-[15px] relative before:absolute before:w-[8px] before:h-[8px] before:bg-dark before:top-[8px] before:left-0 before:rounded-full\">integrierter HD Triple Tuner (DVB- T\/C\/S2)<\/span><\/div>\n<\/div>\n<\/li>\n<li class=\"mb-m\">\n<div class=\"flex flex-col m:flex-row gap-s m:gap-xl\">\n<div class=\"text-h3 min-w-[244px] max-w-[244px]\">Anschl\u00fcsse<\/div>\n<div class=\"flex flex-col gap-s\"><span class=\"ml-3xs pl-[15px] relative before:absolute before:w-[8px] before:h-[8px] before:bg-dark before:top-[8px] before:left-0 before:rounded-full\">3 HDMI-Anschl\u00fcsse<\/span><span class=\"ml-3xs pl-[15px] relative before:absolute before:w-[8px] before:h-[8px] before:bg-dark before:top-[8px] before:left-0 before:rounded-full\">HDMI 2.0 Anschluss integriert<\/span><span class=\"ml-3xs pl-[15px] relative before:absolute before:w-[8px] before:h-[8px] before:bg-dark before:top-[8px] before:left-0 before:rounded-full\">CEC (Consumer Electronics Control)<\/span><span class=\"ml-3xs pl-[15px] relative before:absolute before:w-[8px] before:h-[8px] before:bg-dark before:top-[8px] before:left-0 before:rounded-full\">2 USB-Anschl\u00fcsse<\/span><span class=\"ml-3xs pl-[15px] relative before:absolute before:w-[8px] before:h-[8px] before:bg-dark before:top-[8px] before:left-0 before:rounded-full\">Ethernet (LAN)<\/span><span class=\"ml-3xs pl-[15px] relative before:absolute before:w-[8px] before:h-[8px] before:bg-dark before:top-[8px] before:left-0 before:rounded-full\">WLAN f\u00e4hig<\/span><span class=\"ml-3xs pl-[15px] relative before:absolute before:w-[8px] before:h-[8px] before:bg-dark before:top-[8px] before:left-0 before:rounded-full\">1 CI+ Slot(s)<\/span><span class=\"ml-3xs pl-[15px] relative before:absolute before:w-[8px] before:h-[8px] before:bg-dark before:top-[8px] before:left-0 before:rounded-full\">optischer Digitalausgang<\/span><\/div>\n<\/div>\n<\/li>\n<li class=\"mb-m\">\n<div class=\"flex flex-col m:flex-row gap-s m:gap-xl\">\n<div class=\"text-h3 min-w-[244px] max-w-[244px]\">Sonstiges<\/div>\n<div class=\"flex flex-col gap-s\"><span class=\"ml-3xs pl-[15px] relative before:absolute before:w-[8px] before:h-[8px] before:bg-dark before:top-[8px] before:left-0 before:rounded-full\">Farbe: schwarz<\/span><span class=\"ml-3xs pl-[15px] relative before:absolute before:w-[8px] before:h-[8px] before:bg-dark before:top-[8px] before:left-0 before:rounded-full\">Kunststoff-Design<\/span><\/div>\n<\/div>\n<\/li>\n<li class=\"mb-m\">\n<div class=\"flex flex-col m:flex-row gap-s m:gap-xl\">\n<div class=\"text-h3 min-w-[244px] max-w-[244px]\">Smart TV<\/div>\n<div class=\"flex flex-col gap-s\"><span class=\"ml-3xs pl-[15px] relative before:absolute before:w-[8px] before:h-[8px] before:bg-dark before:top-[8px] before:left-0 before:rounded-full\">SMART TV<\/span><span class=\"ml-3xs pl-[15px] relative before:absolute before:w-[8px] before:h-[8px] before:bg-dark before:top-[8px] before:left-0 before:rounded-full\">Betriebssystem: WebOS 23<\/span><\/div>\n<\/div>\n<\/li>\n<li class=\"mb-m\">\n<div class=\"flex flex-col m:flex-row gap-s m:gap-xl\">\n<div class=\"text-h3 min-w-[244px] max-w-[244px]\">Bedienkomfort<\/div>\n<div class=\"flex flex-col gap-s\"><span class=\"ml-3xs pl-[15px] relative before:absolute before:w-[8px] before:h-[8px] before:bg-dark before:top-[8px] before:left-0 before:rounded-full\">Unterst\u00fctzte Formate: HEVC,<\/span><span class=\"ml-3xs pl-[15px] relative before:absolute before:w-[8px] before:h-[8px] before:bg-dark before:top-[8px] before:left-0 before:rounded-full\">PVR &#8211; USB-Recording<\/span><span class=\"ml-3xs pl-[15px] relative before:absolute before:w-[8px] before:h-[8px] before:bg-dark before:top-[8px] before:left-0 before:rounded-full\">Hbb TV<\/span><span class=\"ml-3xs pl-[15px] relative before:absolute before:w-[8px] before:h-[8px] before:bg-dark before:top-[8px] before:left-0 before:rounded-full\">elektronischer Programmguide<\/span><span class=\"ml-3xs pl-[15px] relative before:absolute before:w-[8px] before:h-[8px] before:bg-dark before:top-[8px] before:left-0 before:rounded-full\">DLNA-zertifiziert<\/span><span class=\"ml-3xs pl-[15px] relative before:absolute before:w-[8px] before:h-[8px] before:bg-dark before:top-[8px] before:left-0 before:rounded-full\">Youtube<\/span><span class=\"ml-3xs pl-[15px] relative before:absolute before:w-[8px] before:h-[8px] before:bg-dark before:top-[8px] before:left-0 before:rounded-full\">Apps<\/span><span class=\"ml-3xs pl-[15px] relative before:absolute before:w-[8px] before:h-[8px] before:bg-dark before:top-[8px] before:left-0 before:rounded-full\">Streaming Funktion<\/span><\/div>\n<\/div>\n<\/li>\n<li class=\"mb-m\">\n<div class=\"flex flex-col m:flex-row gap-s m:gap-xl\">\n<div class=\"text-h3 min-w-[244px] max-w-[244px]\">Lieferumfang<\/div>\n<div class=\"flex flex-col gap-s\"><span class=\"ml-3xs pl-[15px] relative before:absolute before:w-[8px] before:h-[8px] before:bg-dark before:top-[8px] before:left-0 before:rounded-full\">Fernbedienung f\u00fcr SMART TV<\/span><span class=\"ml-3xs pl-[15px] relative before:absolute before:w-[8px] before:h-[8px] before:bg-dark before:top-[8px] before:left-0 before:rounded-full\">Benutzerhandbuch<\/span><\/div>\n<\/div>\n<\/li>\n<li class=\"mb-m\">\n<div class=\"flex flex-col m:flex-row gap-s m:gap-xl\">\n<div class=\"text-h3 min-w-[244px] max-w-[244px]\">Service<\/div>\n<div class=\"flex flex-col gap-s\"><span class=\"ml-3xs pl-[15px] relative before:absolute before:w-[8px] before:h-[8px] before:bg-dark before:top-[8px] before:left-0 before:rounded-full\">Vom Hersteller f\u00fcr den deutschen\/\u00f6sterreichischen Markt autorisiertes Produkt mit vollem Funktionsumfang<\/span><span class=\"ml-3xs pl-[15px] relative before:absolute before:w-[8px] before:h-[8px] before:bg-dark before:top-[8px] before:left-0 before:rounded-full\">L\u00e4nge der Garantie: 24 Monate<\/span><span class=\"ml-3xs pl-[15px] relative before:absolute before:w-[8px] before:h-[8px] before:bg-dark before:top-[8px] before:left-0 before:rounded-full\">zus\u00e4tzliche Service- und Supportinformationen finden Sie <a class=\"ulink\" href=\"http:\/\/www.cyberport.de\/Hersteller\" target=\"_blank\">hier<\/a><\/span><\/div>\n<\/div>\n<\/li>\n<li class=\"mb-m\">\n<div class=\"flex flex-col m:flex-row gap-s m:gap-xl\">\n<div class=\"text-h3 min-w-[244px] max-w-[244px]\">Abmessungen (B x H x T)<\/div>\n<div class=\"flex flex-col gap-s\"><span class=\"ml-3xs pl-[15px] relative before:absolute before:w-[8px] before:h-[8px] before:bg-dark before:top-[8px] before:left-0 before:rounded-full\">Breite ohne Fu\u00df: 967 mm<\/span><span class=\"ml-3xs pl-[15px] relative before:absolute before:w-[8px] before:h-[8px] before:bg-dark before:top-[8px] before:left-0 before:rounded-full\">H\u00f6he ohne Fu\u00df: 564 mm<\/span><span class=\"ml-3xs pl-[15px] relative before:absolute before:w-[8px] before:h-[8px] before:bg-dark before:top-[8px] before:left-0 before:rounded-full\">Tiefe ohne Fu\u00df: 57 mm<\/span><span class=\"ml-3xs pl-[15px] relative before:absolute before:w-[8px] before:h-[8px] before:bg-dark before:top-[8px] before:left-0 before:rounded-full\">Breite : 967 mm<\/span><span class=\"ml-3xs pl-[15px] relative before:absolute before:w-[8px] before:h-[8px] before:bg-dark before:top-[8px] before:left-0 before:rounded-full\">H\u00f6he : 621 mm<\/span><span class=\"ml-3xs pl-[15px] relative before:absolute before:w-[8px] before:h-[8px] before:bg-dark before:top-[8px] before:left-0 before:rounded-full\">Tiefe : 216 mm<\/span><span class=\"ml-3xs pl-[15px] relative before:absolute before:w-[8px] before:h-[8px] before:bg-dark before:top-[8px] before:left-0 before:rounded-full\">Gewicht ohne Fu\u00df: 8,8kg<\/span><span class=\"ml-3xs pl-[15px] relative before:absolute before:w-[8px] before:h-[8px] before:bg-dark before:top-[8px] before:left-0 before:rounded-full\">Gewicht : 8,9kg<\/span><span class=\"ml-3xs pl-[15px] relative before:absolute before:w-[8px] before:h-[8px] before:bg-dark before:top-[8px] before:left-0 before:rounded-full\">VESA-Norm f\u00fcr Wandhalterung: 200 x 200 mm<\/span><\/div>\n<\/div>\n<\/li>\n<li class=\"mb-m\">\n<div class=\"flex flex-col m:flex-row gap-s m:gap-xl\">\n<div class=\"text-h3 min-w-[244px] max-w-[244px]\">Energieeffizienzklasse<\/div>\n<div class=\"flex flex-col gap-s\"><span class=\"ml-3xs pl-[15px] relative before:absolute before:w-[8px] before:h-[8px] before:bg-dark before:top-[8px] before:left-0 before:rounded-full\">G auf einer Skala von A (sehr effizient) bis G (weniger effizient)<\/span><\/div>\n<\/div>\n<\/li>\n","protected":false},"excerpt":{"rendered":"<li class=\"bullet-list-item\">Energieeffizienzklasse: G<\/li>\n<li class=\"bullet-list-item\">Diagonale: 109 cm \/ 43 Zoll, 4K \/ Ultra HD, 50\/60 Hz<\/li>\n<li class=\"bullet-list-item\">3x HDMI, 2x USB, WLAN , LAN-Anschluss<\/li>\n<li class=\"bullet-list-item\">HD Triple Tuner (DVB-T\/C\/S2)<\/li>\n<li class=\"bullet-list-item\">LED \/ LCD-TV, schwarz, DLNA-zertifiziert<\/li>\n<p> Herstellernummer 43UR78006LK.AEU<\/p>","protected":false},"featured_media":46049,"comment_status":"open","ping_status":"closed","template":"","meta":{"_monsterinsights_skip_tracking":false,"_monsterinsights_sitenote_active":false,"_monsterinsights_sitenote_note":"","_monsterinsights_sitenote_category":0,"_uf_show_specific_survey":0,"_uf_disable_surveys":false},"product_brand":[],"product_cat":[498],"product_tag":[],"models":[],"years":[],"class_list":{"0":"post-40307","1":"product","2":"type-product","3":"status-publish","4":"has-post-thumbnail","6":"product_cat-fernseher","8":"first","9":"instock","10":"sale","11":"featured","12":"shipping-taxable","13":"purchasable","14":"product-type-simple"},"aioseo_notices":[],"acf":[],"_links":{"self":[{"href":"https:\/\/amannforg.com\/de\/wp-json\/wp\/v2\/product\/40307","targetHints":{"allow":["GET"]}}],"collection":[{"href":"https:\/\/amannforg.com\/de\/wp-json\/wp\/v2\/product"}],"about":[{"href":"https:\/\/amannforg.com\/de\/wp-json\/wp\/v2\/types\/product"}],"replies":[{"embeddable":true,"href":"https:\/\/amannforg.com\/de\/wp-json\/wp\/v2\/comments?post=40307"}],"version-history":[{"count":1,"href":"https:\/\/amannforg.com\/de\/wp-json\/wp\/v2\/product\/40307\/revisions"}],"predecessor-version":[{"id":57930,"href":"https:\/\/amannforg.com\/de\/wp-json\/wp\/v2\/product\/40307\/revisions\/57930"}],"wp:featuredmedia":[{"embeddable":true,"href":"https:\/\/amannforg.com\/de\/wp-json\/wp\/v2\/media\/46049"}],"wp:attachment":[{"href":"https:\/\/amannforg.com\/de\/wp-json\/wp\/v2\/media?parent=40307"}],"wp:term":[{"taxonomy":"product_brand","embeddable":true,"href":"https:\/\/amannforg.com\/de\/wp-json\/wp\/v2\/product_brand?post=40307"},{"taxonomy":"product_cat","embeddable":true,"href":"https:\/\/amannforg.com\/de\/wp-json\/wp\/v2\/product_cat?post=40307"},{"taxonomy":"product_tag","embeddable":true,"href":"https:\/\/amannforg.com\/de\/wp-json\/wp\/v2\/product_tag?post=40307"},{"taxonomy":"models","embeddable":true,"href":"https:\/\/amannforg.com\/de\/wp-json\/wp\/v2\/models?post=40307"},{"taxonomy":"years","embeddable":true,"href":"https:\/\/amannforg.com\/de\/wp-json\/wp\/v2\/years?post=40307"}],"curies":[{"name":"wp","href":"https:\/\/api.w.org\/{rel}","templated":true}]}}