{"id":41024,"date":"2026-03-03T23:55:18","date_gmt":"2026-03-03T23:55:18","guid":{"rendered":"https:\/\/amannforg.com\/?post_type=product&#038;p=41024"},"modified":"2026-03-07T16:29:47","modified_gmt":"2026-03-07T16:29:47","slug":"siemens-wg44b2071-waschmaschine-9kg-1400u-min","status":"publish","type":"product","link":"https:\/\/amannforg.com\/de\/produkt\/siemens-wg44b2071-waschmaschine-9kg-1400u-min\/","title":{"rendered":"Siemens WG44B2071 Waschmaschine 9kg 1400U\/min"},"content":{"rendered":"<p class=\"mb-l\">\n<div class=\"titlepage\">\n<h2 class=\"text-h3 mb-l\">Siemens iQ700 WG44B2071 \u2013 Effizienz trifft moderne Waschpower<\/h2>\n<\/div>\n<p class=\"mb-l\">Entdecke die Siemens iQ700 WG44B2071 \u2013 einen leistungsstarken Frontlader mit 9 kg Fassungsverm\u00f6gen und 1400 U\/min, der deine W\u00e4schepflege auf ein neues Level hebt.<\/p>\n<p class=\"mb-l\">Entwickelt f\u00fcr Familien und Vielw\u00e4scher vereint dieses Premium-Ger\u00e4t fortschrittliche Technologie, intuitive Bedienung und energiesparende Effizienz in einem eleganten Design.<\/p>\n<p class=\"mb-l\">Mit innovativen Funktionen wie iQdrive-Motor f\u00fcr besonders leisen, langlebigen Betrieb und intelligenter Automatik-Beladungserkennung passt die Maschine Waschzeit, Wasser- und Energieverbrauch perfekt an jede W\u00e4scheladung an. Das bedeutet saubere Ergebnisse, maximale Schonung f\u00fcr deine Kleidung und weniger Aufwand f\u00fcr dich.<\/p>\n<p class=\"mb-l\">Erlebe smarte Waschprogramme f\u00fcr jede Textilart, von empfindlicher W\u00e4sche bis stark verschmutzten Alltagsklamotten \u2013 effizient, schonend und zuverl\u00e4ssig. Die variable Schleuderzahl bis 1400 U\/min sorgt f\u00fcr optimale Restfeuchte-Reduzierung und k\u00fcrzere Trockenzeiten.<\/p>\n<p class=\"mb-l\">Siemens iQ700 WG44B2071 \u2013 Leistung, auf die du dich verlassen kannst. F\u00fcr saubere W\u00e4sche, jeden Tag.<\/p>\n<p class=\"mb-l\"><span class=\"bold\">Home Connect &#8211; Bedienen deine Waschmaschine von wo du willst, wann du willst.<\/span><\/p>\n<p class=\"mb-l\">Neue Technologien revolutionieren den Alltag, indem sie alle Lebensbereiche Schritt f\u00fcr Schritt vernetzter und intelligenter machen. Mit Siemens Hausger\u00e4ten und Home Connect profitierst du jetzt auch zu Hause von dieser Entwicklung. Die Kombination von WLAN-f\u00e4higen Hausger\u00e4ten, intelligenter Software und der intuitiven Home Connect App bietet dir eine Vielzahl einzigartiger Anwendungsm\u00f6glichkeiten. Einige erleichtern die Arbeit, andere er\u00f6ffnen v\u00f6llig neue Perspektiven \u2013 und alle machen deinen Alltag effizienter und angenehmer als je zuvor. So kannst du den Dingen Zeit widmen, die du liebst. F\u00fcr das Au\u00dfergew\u00f6hnliche im Leben.<\/p>\n<p class=\"mb-l\"><span class=\"bold\">speedPack XL &#8211; W\u00e4hle, wie lange der Waschgang dauern soll.<\/span><\/p>\n<p class=\"mb-l\">Mit der zeitsparenden varioSpeed-Option kannst du den Waschgang beschleunigen oder ein Schnellprogramm (59, 30 oder 15 Minuten) w\u00e4hlen. Du kannst die Zeit aber auch \u00fcber myTime manuell einstellen. Damit das W\u00e4schewaschen in deinen Tagesplan passt.<\/p>\n<p class=\"mb-l\"><span class=\"bold\">Antiflecken System &#8211; Gezieltes Vorgehen gegen Flecken.<\/span><\/p>\n<p class=\"mb-l\">Verbringe keine wertvolle Zeit damit zu \u00fcberlegen, welches Programm am besten f\u00fcr die Entfernung der 16 hartn\u00e4ckigsten Fleckenarten wie z.B. Rotwein, Gras oder Schokolade geeignet ist. W\u00e4hle einfach den Fleck aus und lasse ihn schon von der Antiflecken-Vorw\u00e4sche entfernen, bevor das eigentliche Waschprogramm beginnt.<\/p>\n<p class=\"mb-l\"><span class=\"bold\">smartFinish &#8211; Macht deine Waschmaschine zur B\u00fcgelhilfe.<\/span><\/p>\n<p class=\"mb-l\">Das smartfinish Programm ist die L\u00f6sung bei trockener, geknitterter W\u00e4sche. Es setzt sanften, aber effektiven Dampf ein, der Knitterfalten um bis zu 50% reduziert. smartFinish ist das Dampfbad f\u00fcr deine Kleidung nach dem Trocknen und hilft, hartn\u00e4ckige Falten vor dem Tragen zu beseitigen. Und das in nur 23 Minuten. B\u00fcgeln wird so fast \u00fcberfl\u00fcssig und einem faltenfreien Auftritt steht nichts im Wege.<\/p>\n<p class=\"mb-l\"><span class=\"bold\">Mini load &#8211; Wasche Einzelteile und kleine W\u00e4scheposten schnell und effizient.<\/span><\/p>\n<p class=\"mb-l\">Nutze die Option Mini load f\u00fcr schonendes, effizientes und schnelles Waschen von Einzelteilen, kleinen W\u00e4schemengen oder neuen Kleidungsst\u00fccken.<\/p>\n<p class=\"mb-l\"><span class=\"bold\">Fern\u00fcberwachung &#8211; Behalte dein Ger\u00e4t immer im Blick.<\/span><\/p>\n<p class=\"mb-l\">Dank Home Connect ist Entspannung jetzt nur noch einen Klick entfernt: du kannst die Einstellungen deiner Waschmaschine im Auge behalten und erh\u00e4lst Push-Nachrichten, sobald das gew\u00e4hlte Programm durchgelaufen ist.<\/p>\n<p class=\"mb-l\"><span class=\"bold\">Fernsteuerung &#8211; W\u00e4hle und starte Programme deiner Maschine \u00fcber die Home Connect App.<\/span><\/p>\n<p class=\"mb-l\">Deine W\u00e4sche sollte sich deinem Zeitplan anpassen und nicht umgekehrt. Mit der Home Connect App kannst du jederzeit bequem von unterwegs Programme ausw\u00e4hlen und den Waschvorgang starten. Damit die W\u00e4sche genau dann fertig ist, wenn du sie brauchst.<\/p>\n<p class=\"mb-l\"><span class=\"bold\">Push-Benachrichtigung &#8211; Wissen, wann die W\u00e4sche fertig ist oder Waschmittel nachgef\u00fcllt werden muss.<\/span><\/p>\n<p class=\"mb-l\">Dank Home Connect ist Entspannung jetzt nur noch einen Klick entfernt: du kannst die Einstellungen deiner Waschmaschine im Auge behalten und erh\u00e4lst Push-Nachrichten, sobald das gew\u00e4hlte Programm durchgelaufen ist.<\/p>\n<p class=\"mb-l\"><span class=\"bold\">Remote Diagnostic &#8211; Ferndiagnose f\u00fcr Fehleranalyse<\/span><\/p>\n<p class=\"mb-l\">Wenn ein Problem mit deinem Ger\u00e4t auftritt, bietet die Home Connect App eine komfortable Ferndiagnose an. Mit deiner Genehmigung greift der Kundendienst online auf das Ger\u00e4t zu, um die Fehlerursache zu ermitteln. Wenn das Problem nicht sofort behoben werden kann und ein pers\u00f6nlicher Kundendienstbesuch erforderlich ist, so wird ein Siemens Techniker verst\u00e4ndigt.<\/p>\n<p class=\"mb-l\"><span class=\"bold\">Outdoor-Programm &#8211; Schonende Reinigung f\u00fcr deine Outdoor-Bekleidung.<\/span><\/p>\n<p class=\"mb-l\">Outdoor-Textilien m\u00fcssen besonders schonend behandelt werden. Denn verklebte N\u00e4hte, Membranbeschichtungen und wasserabweisende Materialien vertragen keine starke Hitze. Das Outdoor-Programm w\u00e4scht alles bei konstant niedriger Temperatur und schont somit N\u00e4hte und Beschichtungen.<\/p>\n<p class=\"mb-l\"><span class=\"bold\">aquaStop\u00ae &#8211; Schutz vor Wassersch\u00e4den.<\/span><\/p>\n<p class=\"mb-l\">Das aquaStop\u00ae-System verhindert jede Art von Wasserschaden \u2013 sei es durch eine undichten Zulaufschlauch oder am Ger\u00e4t selbst. Sobald eine Undichtigkeit erkannt wird, stellt aquaStop\u00ae den Wasserzulauf direkt an der Armatur ab.<\/p>\n<p class=\"mb-l\"><span class=\"bold\">Trommelinnenbeleuchtung &#8211; Optimal beleuchteter Innenraum.<\/span><\/p>\n<p class=\"mb-l\">Die LED-Trommelinnenbeleuchtung schaltet sich beim Einschalten des Ger\u00e4ts, nach dem \u00d6ffnen und Schlie\u00dfen der T\u00fcr sowie beim Start des Trocknerprogramms ein. Die Beleuchtung schaltet sich automatisch aus, um Energie zu sparen.<\/p>\n<p class=\"mb-l\"><span class=\"bold\">Softtrommel &#8211; Besonders effektive und extrem schonende W\u00e4schepflege.<\/span><\/p>\n<p class=\"mb-l\">Die besonders schonende Softtrommel gestattet eine noch schnellere Durchflutung deiner W\u00e4sche \u2013 wirkungsvoll unterst\u00fctzt durch die neuen asymmetrischen Mitnehmer. Somit ist eine schnelle, sichere und schonende W\u00e4schepflege gew\u00e4hrleistet.<\/p>\n<li class=\"mb-m\">\n<div class=\"flex flex-col m:flex-row gap-s m:gap-xl\">\n<div class=\"text-h3 min-w-[244px] max-w-[244px]\">Waschen<\/div>\n<div class=\"flex flex-col gap-s\"><span class=\"\"><\/p>\n<ul class=\"flex flex-col gap-s\">\n<li class=\"ml-3xs pl-[15px] relative before:absolute before:w-[8px] before:h-[8px] before:bg-dark before:top-[8px] before:left-0 before:rounded-full\">Drehzahl: 1400 r\/min<\/li>\n<li class=\"ml-3xs pl-[15px] relative before:absolute before:w-[8px] before:h-[8px] before:bg-dark before:top-[8px] before:left-0 before:rounded-full\">Waschkapazit\u00e4t: 9 kg<\/li>\n<\/ul>\n<p><\/span><\/div>\n<\/div>\n<\/li>\n<li class=\"mb-m\">\n<div class=\"flex flex-col m:flex-row gap-s m:gap-xl\">\n<div class=\"text-h3 min-w-[244px] max-w-[244px]\">Haushalt<\/div>\n<div class=\"flex flex-col gap-s\"><span class=\"\"><\/p>\n<ul class=\"flex flex-col gap-s\">\n<li class=\"ml-3xs pl-[15px] relative before:absolute before:w-[8px] before:h-[8px] before:bg-dark before:top-[8px] before:left-0 before:rounded-full\">Auslaufschutz: AquaStop<\/li>\n<li class=\"ml-3xs pl-[15px] relative before:absolute before:w-[8px] before:h-[8px] before:bg-dark before:top-[8px] before:left-0 before:rounded-full\">Bauart: Standger\u00e4t<\/li>\n<li class=\"ml-3xs pl-[15px] relative before:absolute before:w-[8px] before:h-[8px] before:bg-dark before:top-[8px] before:left-0 before:rounded-full\">Beladungstyp: Frontlader<\/li>\n<\/ul>\n<p><\/span><\/div>\n<\/div>\n<\/li>\n<li class=\"mb-m\">\n<div class=\"flex flex-col m:flex-row gap-s m:gap-xl\">\n<div class=\"text-h3 min-w-[244px] max-w-[244px]\">Kompatibilit\u00e4t<\/div>\n<div class=\"flex flex-col gap-s\"><span class=\"\"><\/p>\n<ul class=\"flex flex-col gap-s\">\n<li class=\"ml-3xs pl-[15px] relative before:absolute before:w-[8px] before:h-[8px] before:bg-dark before:top-[8px] before:left-0 before:rounded-full\">Home Connect<\/li>\n<\/ul>\n<p><\/span><\/div>\n<\/div>\n<\/li>\n<li class=\"mb-m\">\n<div class=\"flex flex-col m:flex-row gap-s m:gap-xl\">\n<div class=\"text-h3 min-w-[244px] max-w-[244px]\">Farbe<\/div>\n<div class=\"flex flex-col gap-s\"><span class=\"\"><\/p>\n<ul class=\"flex flex-col gap-s\">\n<li class=\"ml-3xs pl-[15px] relative before:absolute before:w-[8px] before:h-[8px] before:bg-dark before:top-[8px] before:left-0 before:rounded-full\">Wei\u00df<\/li>\n<\/ul>\n<p><\/span><\/div>\n<\/div>\n<\/li>\n<li class=\"mb-m\">\n<div class=\"flex flex-col m:flex-row gap-s m:gap-xl\">\n<div class=\"text-h3 min-w-[244px] max-w-[244px]\">Abmessungen \/ Gewicht<\/div>\n<div class=\"flex flex-col gap-s\"><span class=\"\"><\/p>\n<ul class=\"flex flex-col gap-s\">\n<li class=\"ml-3xs pl-[15px] relative before:absolute before:w-[8px] before:h-[8px] before:bg-dark before:top-[8px] before:left-0 before:rounded-full\">Breite: 598 mm<\/li>\n<li class=\"ml-3xs pl-[15px] relative before:absolute before:w-[8px] before:h-[8px] before:bg-dark before:top-[8px] before:left-0 before:rounded-full\">H\u00f6he: 845 mm<\/li>\n<li class=\"ml-3xs pl-[15px] relative before:absolute before:w-[8px] before:h-[8px] before:bg-dark before:top-[8px] before:left-0 before:rounded-full\">Tiefe: 590 mm<\/li>\n<li class=\"ml-3xs pl-[15px] relative before:absolute before:w-[8px] before:h-[8px] before:bg-dark before:top-[8px] before:left-0 before:rounded-full\">Gewicht: 82.6 kg<\/li>\n<\/ul>\n<p><\/span><\/div>\n<\/div>\n<\/li>\n<li class=\"mb-m\">\n<div class=\"flex flex-col m:flex-row gap-s m:gap-xl\">\n<div class=\"text-h3 min-w-[244px] max-w-[244px]\">Energieeffizienzklasse<\/div>\n<div class=\"flex flex-col gap-s\"><span class=\"\"><\/p>\n<ul class=\"flex flex-col gap-s\">\n<li class=\"ml-3xs pl-[15px] relative before:absolute before:w-[8px] before:h-[8px] before:bg-dark before:top-[8px] before:left-0 before:rounded-full\">A<\/li>\n<\/ul>\n<p><\/span><\/div>\n<\/div>\n<\/li>\n","protected":false},"excerpt":{"rendered":"<li class=\"bullet-list-item\">Energieeffizienzklasse: A<\/li>\n<li class=\"bullet-list-item\">Frontlader, 9 kg Nennkapazit\u00e4t je Waschvorgang<\/li>\n<li class=\"bullet-list-item\">Kompatibel mit Home Connect, AquaStop Auslaufschutz<\/li>\n<li class=\"bullet-list-item\">Max. 1400 U\/min.<\/li>\n<li class=\"bullet-list-item\">Standger\u00e4t, Ma\u00dfe: B 59.8 cm x H 84.5 cm x T 59 cm<\/li>\n<p> Herstellernummer WG44B2071<\/p>","protected":false},"featured_media":46115,"comment_status":"open","ping_status":"closed","template":"","meta":{"_monsterinsights_skip_tracking":false,"_monsterinsights_sitenote_active":false,"_monsterinsights_sitenote_note":"","_monsterinsights_sitenote_category":0,"_uf_show_specific_survey":0,"_uf_disable_surveys":false},"product_brand":[],"product_cat":[499],"product_tag":[],"models":[],"years":[],"class_list":{"0":"post-41024","1":"product","2":"type-product","3":"status-publish","4":"has-post-thumbnail","6":"product_cat-waschmaschinen-trockner","8":"first","9":"instock","10":"sale","11":"shipping-taxable","12":"purchasable","13":"product-type-simple"},"aioseo_notices":[],"acf":[],"_links":{"self":[{"href":"https:\/\/amannforg.com\/de\/wp-json\/wp\/v2\/product\/41024","targetHints":{"allow":["GET"]}}],"collection":[{"href":"https:\/\/amannforg.com\/de\/wp-json\/wp\/v2\/product"}],"about":[{"href":"https:\/\/amannforg.com\/de\/wp-json\/wp\/v2\/types\/product"}],"replies":[{"embeddable":true,"href":"https:\/\/amannforg.com\/de\/wp-json\/wp\/v2\/comments?post=41024"}],"version-history":[{"count":1,"href":"https:\/\/amannforg.com\/de\/wp-json\/wp\/v2\/product\/41024\/revisions"}],"predecessor-version":[{"id":57941,"href":"https:\/\/amannforg.com\/de\/wp-json\/wp\/v2\/product\/41024\/revisions\/57941"}],"wp:featuredmedia":[{"embeddable":true,"href":"https:\/\/amannforg.com\/de\/wp-json\/wp\/v2\/media\/46115"}],"wp:attachment":[{"href":"https:\/\/amannforg.com\/de\/wp-json\/wp\/v2\/media?parent=41024"}],"wp:term":[{"taxonomy":"product_brand","embeddable":true,"href":"https:\/\/amannforg.com\/de\/wp-json\/wp\/v2\/product_brand?post=41024"},{"taxonomy":"product_cat","embeddable":true,"href":"https:\/\/amannforg.com\/de\/wp-json\/wp\/v2\/product_cat?post=41024"},{"taxonomy":"product_tag","embeddable":true,"href":"https:\/\/amannforg.com\/de\/wp-json\/wp\/v2\/product_tag?post=41024"},{"taxonomy":"models","embeddable":true,"href":"https:\/\/amannforg.com\/de\/wp-json\/wp\/v2\/models?post=41024"},{"taxonomy":"years","embeddable":true,"href":"https:\/\/amannforg.com\/de\/wp-json\/wp\/v2\/years?post=41024"}],"curies":[{"name":"wp","href":"https:\/\/api.w.org\/{rel}","templated":true}]}}