{"id":41057,"date":"2026-03-03T23:55:41","date_gmt":"2026-03-03T23:55:41","guid":{"rendered":"https:\/\/amannforg.com\/?post_type=product&#038;p=41057"},"modified":"2026-03-07T16:29:48","modified_gmt":"2026-03-07T16:29:48","slug":"aeg-l9wef80690-series-9000-sensidry-waschtrockner-9-kg-6-kg-1600-u-min","status":"publish","type":"product","link":"https:\/\/amannforg.com\/de\/produkt\/aeg-l9wef80690-series-9000-sensidry-waschtrockner-9-kg-6-kg-1600-u-min\/","title":{"rendered":"AEG L9WEF80690 Series 9000 SensiDry Waschtrockner 9 kg \/ 6 kg, 1600 U\/min."},"content":{"rendered":"<p class=\"mb-l\">\n<div class=\"titlepage\">\n<h2 class=\"text-h3 mb-l\">AEG Series 9000 SensiDry\u00ae L9WEF80690 Waschtrockner<\/h2>\n<\/div>\n<p class=\"mb-l\">\n<div class=\"titlepage\">\n<h2 class=\"text-h3 mb-l\">AEG Waschtrockner der Serie 9000 mit AbsoluteCare\u00ae System<\/h2>\n<\/div>\n<p class=\"mb-l\">Die 9000 AbsoluteCare\u00ae Waschtrockner mit W\u00e4rmepumpentechnologie steuern die Trommelbewegung und -temperatur pr\u00e4zise, wodurch Wolle nicht einl\u00e4uft und Seide ideal in Form bleibt. Das AbsoluteCare\u00ae-System reaktiviert zudem die Impr\u00e4gnierung deiner Outdoor-Kleidung und wurde mit der Woolmark Blue Zertifizierung ausgezeichnet.<\/p>\n<p class=\"mb-l\">\n<div class=\"titlepage\">\n<h2 class=\"text-h3 mb-l\">SensiDry\u00ae: Bis zu 55 %*** Energieersparnis und gleichm\u00e4\u00dfige Trocknung<\/h2>\n<\/div>\n<p class=\"mb-l\">Die energiesparende SensiDry\u00ae- W\u00e4rmepumpentechnologie nutzt pr\u00e4zise Sensoren, die f\u00fcr gleichm\u00e4\u00dfige Trockenergebnisse sorgen &#8211; bei halber Temperatur*. Deine Textilien werden geschont und du sparst bis zu 55 %*** Energie.<\/p>\n<p class=\"mb-l\"><i>*Gem\u00e4\u00df interner Tests zum Vergleich der max. Lufteintrittstemperatur der Trommel von W\u00e4rmepumpen und Kondenswaschtrocknern. ***Gem\u00e4\u00df interner Tests, die den Energieverbrauch von W\u00e4rmepumpen- und Kondenstrocknern bei Trocknung mit Eco 40\u201360-Zyklen und max. Ladung (6 kg IEC-Baumwolle) vergleichen.<\/i><\/p>\n<p class=\"mb-l\">\n<div class=\"titlepage\">\n<h2 class=\"text-h3 mb-l\">DualSense\u00ae: Wolle, Seide oder Outdoor-Kleidung optimal waschen und trocknen<\/h2>\n<\/div>\n<p class=\"mb-l\">Die DualSense\u00ae-Technologie stimmt Temperatur und Trommelbewegung auf die Art Ihrer Textilien ab und macht dadurch eine schonende und sichere Pflege m\u00f6glich. So kann alles was gewaschen wurde, auch problemlos getrocknet werden. Wolle wird flach in der Trommel liegend \u2013 ohne<\/p>\n<p class=\"mb-l\">\n<div class=\"titlepage\">\n<h2 class=\"text-h3 mb-l\">ProSense\u00ae Mengenautomatik: Spart Zeit, Wasser und Energie*<\/h2>\n<\/div>\n<p class=\"mb-l\">Die Sensoren der ProSense\u00ae Mengenautomatik ermitteln automatisch die W\u00e4schemenge f\u00fcr einen ma\u00dfgeschneiderten Wasch- und Trockenzyklus. Zeit-, Wasser- und Energieverbrauch werden gesenkt. So erh\u00e4lt deine W\u00e4sche exakt die richtige Pflege bei jedem Waschvorgang.<\/p>\n<p class=\"mb-l\"><i>*Interner Test zum Zeit-, Wasser- und Energiebedarf eines ProSense\u00ae-30 \u00b0C-Baumwollwaschgangs bei maximaler Ladung im Vergleich zu einer 1-kg-Ladung.<\/i><\/p>\n<p class=\"mb-l\">\n<div class=\"titlepage\">\n<h2 class=\"text-h3 mb-l\">NonStop 3h\/3kg-Programm: 3 kg waschen und trocknen in 3 Stunden<\/h2>\n<\/div>\n<p class=\"mb-l\">Das Nonstop 3h\/3kg-Proamm erm\u00f6glicht es dir, mit nur einem Knopfdruck deine W\u00e4sche in k\u00fcrzester Zeit zu waschen und zu trocknen. Damit du deine Lieblingskleidungsst\u00fccke direkt wieder anziehen kannst.<\/p>\n<p class=\"mb-l\">\n<div class=\"titlepage\">\n<h2 class=\"text-h3 mb-l\">ProSteam Dampf-Programm: Auffrischen statt Waschen. Mit 96 % weniger Wasser<\/h2>\n<\/div>\n<p class=\"mb-l\">Mit dem Dampf-Programm erh\u00e4ltst du das Frisch Gewaschen-Gef\u00fchl in 25 Min. Ger\u00fcche werden neutralisiert und vorhandene Falten reduziert. Das spart dir Zeit und Energie und ben\u00f6tigt nur 2 L Wasser. F\u00fcr einen zus\u00e4tzlichen Frische-Effekt f\u00fcge einfach unseren Steam Fragrance hinzu.<\/p>\n<div class=\"itemizedlist\">\n<ul class=\"bullet-list\">\n<li class=\"bullet-list-item\">EcoLine &#8211; Unsere energieeffizientesten Ger\u00e4te<\/li>\n<li class=\"bullet-list-item\">LAVAMAT KOMBI Waschtrockner mit W\u00e4rmepumpentechnologie<\/li>\n<li class=\"bullet-list-item\">SensiDry\u00ae -schonend und energiesparend<\/li>\n<li class=\"bullet-list-item\">ProSteam\u00ae &#8211; Auffrischfunktion mit Dampf<\/li>\n<li class=\"bullet-list-item\">ProSense\u00ae &#8211; Mengenautomatik<\/li>\n<li class=\"bullet-list-item\">Trocknungsprinzip: W\u00e4rmepumpentrockner<\/li>\n<li class=\"bullet-list-item\">Waschtrockner f\u00fcr 9,0 kg Waschen und 6.0 kg im NonStop Betrieb Waschen und Trocknen<\/li>\n<li class=\"bullet-list-item\">Inverter Motor &#8211; Extrem leiser Betrieb und l\u00e4ngere Lebensdauer (10 Jahre Motor-Garantie bei Registrierung)<\/li>\n<li class=\"bullet-list-item\">Auswahltasten f\u00fcr Waschen\/Trocknen<\/li>\n<li class=\"bullet-list-item\">Extra gro\u00dfe Einf\u00fcll\u00f6ffnung 340 mm<\/li>\n<li class=\"bullet-list-item\">Schleuderzahl: 1600 U\/min<\/li>\n<li class=\"bullet-list-item\">ProTex Schontrommel<\/li>\n<li class=\"bullet-list-item\">ProSteam\u00ae &#8211; Auffrischfunktion mit Dampf<\/li>\n<li class=\"bullet-list-item\">Programme: Baumwolle, Feinw\u00e4sche, Eco 40-60, Nonstop 3H\/3Kg, Outdoor\/Impr\u00e4gnieren, Extra Sp\u00fclen, Schleudern\/Pumpen, Auffrischen mit Dampf, Pflegeleicht, Handw\u00e4sche<\/li>\n<li class=\"bullet-list-item\">Handw\u00e4sche<\/li>\n<li class=\"bullet-list-item\">Gro\u00dfes LED-Display<\/li>\n<li class=\"bullet-list-item\">Schaumerkennung<\/li>\n<li class=\"bullet-list-item\">Programmablauf-Anzeige<\/li>\n<li class=\"bullet-list-item\">Restzeitanzeige<\/li>\n<li class=\"bullet-list-item\">Restzeitanzeige<\/li>\n<li class=\"bullet-list-item\">Startzeitvorwahl<\/li>\n<li class=\"bullet-list-item\">Nachlegefunktion<\/li>\n<\/ul>\n<\/div>\n<li class=\"mb-m\">\n<div class=\"flex flex-col m:flex-row gap-s m:gap-xl\">\n<div class=\"text-h3 min-w-[244px] max-w-[244px]\">Waschen<\/div>\n<div class=\"flex flex-col gap-s\"><span class=\"\"><\/p>\n<ul class=\"flex flex-col gap-s\">\n<li class=\"ml-3xs pl-[15px] relative before:absolute before:w-[8px] before:h-[8px] before:bg-dark before:top-[8px] before:left-0 before:rounded-full\">Drehzahl: 1600 r\/min<\/li>\n<li class=\"ml-3xs pl-[15px] relative before:absolute before:w-[8px] before:h-[8px] before:bg-dark before:top-[8px] before:left-0 before:rounded-full\">Waschkapazit\u00e4t: 9 kg<\/li>\n<\/ul>\n<p><\/span><\/div>\n<\/div>\n<\/li>\n<li class=\"mb-m\">\n<div class=\"flex flex-col m:flex-row gap-s m:gap-xl\">\n<div class=\"text-h3 min-w-[244px] max-w-[244px]\">Trocknen<\/div>\n<div class=\"flex flex-col gap-s\"><span class=\"\"><\/p>\n<ul class=\"flex flex-col gap-s\">\n<li class=\"ml-3xs pl-[15px] relative before:absolute before:w-[8px] before:h-[8px] before:bg-dark before:top-[8px] before:left-0 before:rounded-full\">Trocknerkapazit\u00e4t: 6 kg<\/li>\n<li class=\"ml-3xs pl-[15px] relative before:absolute before:w-[8px] before:h-[8px] before:bg-dark before:top-[8px] before:left-0 before:rounded-full\">Trocknertechnologie: W\u00e4rmepumpentrockner<\/li>\n<\/ul>\n<p><\/span><\/div>\n<\/div>\n<\/li>\n<li class=\"mb-m\">\n<div class=\"flex flex-col m:flex-row gap-s m:gap-xl\">\n<div class=\"text-h3 min-w-[244px] max-w-[244px]\">Haushalt<\/div>\n<div class=\"flex flex-col gap-s\"><span class=\"\"><\/p>\n<ul class=\"flex flex-col gap-s\">\n<li class=\"ml-3xs pl-[15px] relative before:absolute before:w-[8px] before:h-[8px] before:bg-dark before:top-[8px] before:left-0 before:rounded-full\">Auslaufschutz: AquaStop<\/li>\n<li class=\"ml-3xs pl-[15px] relative before:absolute before:w-[8px] before:h-[8px] before:bg-dark before:top-[8px] before:left-0 before:rounded-full\">Startzeitvorwahl in h: 24 h<\/li>\n<li class=\"ml-3xs pl-[15px] relative before:absolute before:w-[8px] before:h-[8px] before:bg-dark before:top-[8px] before:left-0 before:rounded-full\">Bauart: Standger\u00e4t<\/li>\n<li class=\"ml-3xs pl-[15px] relative before:absolute before:w-[8px] before:h-[8px] before:bg-dark before:top-[8px] before:left-0 before:rounded-full\">Beladungstyp: Frontlader<\/li>\n<\/ul>\n<p><\/span><\/div>\n<\/div>\n<\/li>\n<li class=\"mb-m\">\n<div class=\"flex flex-col m:flex-row gap-s m:gap-xl\">\n<div class=\"text-h3 min-w-[244px] max-w-[244px]\">Abmessungen \/ Gewicht<\/div>\n<div class=\"flex flex-col gap-s\"><span class=\"\"><\/p>\n<ul class=\"flex flex-col gap-s\">\n<li class=\"ml-3xs pl-[15px] relative before:absolute before:w-[8px] before:h-[8px] before:bg-dark before:top-[8px] before:left-0 before:rounded-full\">Breite: 597 mm<\/li>\n<li class=\"ml-3xs pl-[15px] relative before:absolute before:w-[8px] before:h-[8px] before:bg-dark before:top-[8px] before:left-0 before:rounded-full\">H\u00f6he: 870 mm<\/li>\n<li class=\"ml-3xs pl-[15px] relative before:absolute before:w-[8px] before:h-[8px] before:bg-dark before:top-[8px] before:left-0 before:rounded-full\">Tiefe: 660 mm<\/li>\n<li class=\"ml-3xs pl-[15px] relative before:absolute before:w-[8px] before:h-[8px] before:bg-dark before:top-[8px] before:left-0 before:rounded-full\">Gewicht: 98.5 kg<\/li>\n<\/ul>\n<p><\/span><\/div>\n<\/div>\n<\/li>\n<li class=\"mb-m\">\n<div class=\"flex flex-col m:flex-row gap-s m:gap-xl\">\n<div class=\"text-h3 min-w-[244px] max-w-[244px]\">Energieeffizienzklasse<\/div>\n<div class=\"flex flex-col gap-s\"><span class=\"\"><\/p>\n<ul class=\"flex flex-col gap-s\">\n<li class=\"ml-3xs pl-[15px] relative before:absolute before:w-[8px] before:h-[8px] before:bg-dark before:top-[8px] before:left-0 before:rounded-full\">C<\/li>\n<\/ul>\n<p><\/span><\/div>\n<\/div>\n<\/li>\n","protected":false},"excerpt":{"rendered":"<li class=\"bullet-list-item\">Energieeffizienzklasse: C<\/li>\n<li class=\"bullet-list-item\">Frontlader, AquaStop Auslaufschutz,  Startzeitvorwahl bis 24 h<\/li>\n<li class=\"bullet-list-item\">9 kg Nennkapazit\u00e4t (Waschen), 6 kg Nennkapazit\u00e4t (Trocknen)<\/li>\n<li class=\"bullet-list-item\">Ma\u00dfe in cm: B 59.7 cm x H 87 cm x T 66 cm<\/li>\n<p> Herstellernummer L9WEF80690<\/p>","protected":false},"featured_media":46145,"comment_status":"open","ping_status":"closed","template":"","meta":{"_monsterinsights_skip_tracking":false,"_monsterinsights_sitenote_active":false,"_monsterinsights_sitenote_note":"","_monsterinsights_sitenote_category":0,"_uf_show_specific_survey":0,"_uf_disable_surveys":false},"product_brand":[],"product_cat":[499],"product_tag":[],"models":[],"years":[],"class_list":{"0":"post-41057","1":"product","2":"type-product","3":"status-publish","4":"has-post-thumbnail","6":"product_cat-waschmaschinen-trockner","8":"first","9":"instock","10":"sale","11":"shipping-taxable","12":"purchasable","13":"product-type-simple"},"aioseo_notices":[],"acf":[],"_links":{"self":[{"href":"https:\/\/amannforg.com\/de\/wp-json\/wp\/v2\/product\/41057","targetHints":{"allow":["GET"]}}],"collection":[{"href":"https:\/\/amannforg.com\/de\/wp-json\/wp\/v2\/product"}],"about":[{"href":"https:\/\/amannforg.com\/de\/wp-json\/wp\/v2\/types\/product"}],"replies":[{"embeddable":true,"href":"https:\/\/amannforg.com\/de\/wp-json\/wp\/v2\/comments?post=41057"}],"version-history":[{"count":1,"href":"https:\/\/amannforg.com\/de\/wp-json\/wp\/v2\/product\/41057\/revisions"}],"predecessor-version":[{"id":57946,"href":"https:\/\/amannforg.com\/de\/wp-json\/wp\/v2\/product\/41057\/revisions\/57946"}],"wp:featuredmedia":[{"embeddable":true,"href":"https:\/\/amannforg.com\/de\/wp-json\/wp\/v2\/media\/46145"}],"wp:attachment":[{"href":"https:\/\/amannforg.com\/de\/wp-json\/wp\/v2\/media?parent=41057"}],"wp:term":[{"taxonomy":"product_brand","embeddable":true,"href":"https:\/\/amannforg.com\/de\/wp-json\/wp\/v2\/product_brand?post=41057"},{"taxonomy":"product_cat","embeddable":true,"href":"https:\/\/amannforg.com\/de\/wp-json\/wp\/v2\/product_cat?post=41057"},{"taxonomy":"product_tag","embeddable":true,"href":"https:\/\/amannforg.com\/de\/wp-json\/wp\/v2\/product_tag?post=41057"},{"taxonomy":"models","embeddable":true,"href":"https:\/\/amannforg.com\/de\/wp-json\/wp\/v2\/models?post=41057"},{"taxonomy":"years","embeddable":true,"href":"https:\/\/amannforg.com\/de\/wp-json\/wp\/v2\/years?post=41057"}],"curies":[{"name":"wp","href":"https:\/\/api.w.org\/{rel}","templated":true}]}}