{"id":41063,"date":"2026-03-03T23:55:45","date_gmt":"2026-03-03T23:55:45","guid":{"rendered":"https:\/\/amannforg.com\/?post_type=product&#038;p=41063"},"modified":"2026-03-07T16:29:48","modified_gmt":"2026-03-07T16:29:48","slug":"siemens-wg44g2z22-waschmaschine-9-kg-1400-u-min","status":"publish","type":"product","link":"https:\/\/amannforg.com\/de\/produkt\/siemens-wg44g2z22-waschmaschine-9-kg-1400-u-min\/","title":{"rendered":"Siemens WG44G2Z22 Waschmaschine 9 kg 1400 U\/min"},"content":{"rendered":"<div class=\"titlepage\">\n<h2 class=\"text-h3 mb-l\">Siemens WG44G2Z22 iQ500 &#8211; Waschmaschine, Frontlader &#8211; 9 kg &#8211; 1400 U\/min.<\/h2>\n<\/div>\n<div class=\"titlepage\">\n<h2 class=\"text-h3 mb-l\">Features<\/h2>\n<\/div>\n<p class=\"mb-l\">speedPack L: Programme beschleunigen oder in nur 15 Minuten waschen. Du Antiflecken-Antiflecken-System: entfernt vier hartn\u00e4ckige Fleckenarten ganz ohne Vorbehandlung.<\/p>\n<p class=\"mb-l\">Smart-Finish: reduziert Knitterfalten um bis zu 50% &#8211; f\u00fcr weniger Zeit am B\u00fcgelbrett.<\/p>\n<p class=\"mb-l\">IQdrive: effizient, langlebig und leise.<\/p>\n<p class=\"mb-l\">WaterPerfect Plus: optimale Wassernutzung, durch pr\u00e4zise Beladungserkennung.<\/p>\n<p class=\"mb-l\">\n<div class=\"titlepage\">\n<h2 class=\"text-h3 mb-l\">Clevere Optionen f\u00fcr blitzsaubere W\u00e4sche in weniger Zeit.<\/h2>\n<\/div>\n<p class=\"mb-l\">Keine Zeit f\u00fcr einen vollen Waschgang? Die Option varioSpeed hilft dir, wertvolle Zeit zu sparen. Stelle dir einfach die gew\u00fcnschte Laufzeit ein, oder nutze die Programme super15&#8242; und super30&#8242;, die dir in nur 15 oder 30 Minuten perfekt saubere W\u00e4sche liefern.<\/p>\n<p class=\"mb-l\">\n<div class=\"titlepage\">\n<h2 class=\"text-h3 mb-l\">Wirksam selbst gegen die hartn\u00e4ckigsten Flecken.<\/h2>\n<\/div>\n<p class=\"mb-l\">Das Antiflecken-System entfernt gezielt vier der h\u00e4ufigsten Fleckenarten \u2013 Wein, Fett, Blut und Gras \u2013 ganz ohne Zusatzmittel oder manuelle Vorbehandlung. Durch Anpassung der Wassertemperatur, der Trommelgeschwindigkeit und der Einweichzeit wird jede Fleckenart ganz gezielt behandelt.<\/p>\n<p class=\"mb-l\">\n<div class=\"titlepage\">\n<h2 class=\"text-h3 mb-l\">Macht deine Waschmaschine zur B\u00fcgelhilfe.<\/h2>\n<\/div>\n<p class=\"mb-l\">Das smartfinish Programm ist die L\u00f6sung bei trockener, geknitterter W\u00e4sche. Es setzt sanften, aber effektiven Dampf ein, der Knitterfalten um bis zu 50% reduziert. smartFinish ist das Dampfbad f\u00fcr deine Kleidung nach dem Trocknen und hilft, hartn\u00e4ckige Falten vor dem Tragen zu beseitigen. Und das in nur 23 Minuten. B\u00fcgeln wird so fast \u00fcberfl\u00fcssig und einem faltenfreien Auftritt steht nichts im Wege.<\/p>\n<p class=\"mb-l\">\n<div class=\"titlepage\">\n<h2 class=\"text-h3 mb-l\">Effizient, langlebig und leise.<\/h2>\n<\/div>\n<p class=\"mb-l\">Ob weniger Energieverbrauch bei gleicher Leistung, kurze Programmzeiten mit besten Ergebnissen oder selbst bei h\u00f6chsten Schleuderzahlen angenehm leise \u2013 das alles ist f\u00fcr den b\u00fcrstenlosen iQdrive\u2011Motor kein Problem. Und bei all diesen Vorteilen l\u00e4uft er noch nahezu verschlei\u00dffrei.<\/p>\n<p class=\"mb-l\">\n<div class=\"titlepage\">\n<h2 class=\"text-h3 mb-l\">Optimale Wassernutzung, durch pr\u00e4zise Beladungserkennung.<\/h2>\n<\/div>\n<p class=\"mb-l\">Die ausgekl\u00fcgelte Sensorik des Wassermanagement-Systems waterPerfect Plus sorgt f\u00fcr h\u00f6chste Wassereffizienz. Sie erkennt nicht nur die Textilart, sondern auch pr\u00e4zise in 256 Abstufungen die jeweilige Beladungsmenge. Abh\u00e4ngig von diesen beiden Faktoren wird die erforderliche Wassermenge bestimmt. So erzielt waterPerfect Plus mit jedem Waschgang ein perfektes Waschergebnis bei optimalem Wasserverbrauch.<\/p>\n<p class=\"mb-l\">\n<div class=\"titlepage\">\n<h2 class=\"text-h3 mb-l\">Schonende Reinigung f\u00fcr deine Outdoor-Bekleidung.<\/h2>\n<\/div>\n<p class=\"mb-l\">Outdoor-Textilien m\u00fcssen besonders schonend behandelt werden. Denn verklebte N\u00e4hte, Membranbeschichtungen und wasserabweisende Materialien vertragen keine starke Hitze. Das Outdoor-Programm w\u00e4scht alles bei konstant niedriger Temperatur und schont somit N\u00e4hte und Beschichtungen.<\/p>\n<p class=\"mb-l\">\n<div class=\"titlepage\">\n<h2 class=\"text-h3 mb-l\">Unsere energieeffizienteste Waschmaschine.<\/h2>\n<\/div>\n<p class=\"mb-l\">Waschmaschinen mit der besten Energie-Effizienzklasse A \u2013 f\u00fcr effiziente und perfekte Waschergebnisse ohne Kompromisse.<\/p>\n<p class=\"mb-l\">\n<div class=\"titlepage\">\n<h2 class=\"text-h3 mb-l\">Optimale Wassernutzung, durch pr\u00e4zise Beladungserkennung.<\/h2>\n<\/div>\n<p class=\"mb-l\">Die ausgekl\u00fcgelte Sensorik des Wassermanagement-Systems waterPerfect Plus sorgt f\u00fcr h\u00f6chste Wassereffizienz. Sie erkennt nicht nur die Textilart, sondern auch pr\u00e4zise in 256 Abstufungen die jeweilige Beladungsmenge. Abh\u00e4ngig von diesen beiden Faktoren wird die erforderliche Wassermenge bestimmt. So erzielt waterPerfect Plus mit jedem Waschgang ein perfektes Waschergebnis bei optimalem Wasserverbrauch.<\/p>\n<p class=\"mb-l\">\n<div class=\"titlepage\">\n<h2 class=\"text-h3 mb-l\">Die zahlreichen Funktionen und Optionen immer im Blick. Einfach anzuwenden durch Sensortasten.<\/h2>\n<\/div>\n<p class=\"mb-l\">\n<div class=\"titlepage\">\n<h2 class=\"text-h3 mb-l\">Besonders effektive und extrem schonende W\u00e4schepflege.<\/h2>\n<\/div>\n<p class=\"mb-l\">Die besonders schonende Softtrommel gestattet eine noch schnellere Durchflutung deiner W\u00e4sche \u2013 wirkungsvoll unterst\u00fctzt durch die neuen asymmetrischen Mitnehmer. Somit ist eine schnelle, sichere und schonende W\u00e4schepflege gew\u00e4hrleistet.<\/p>\n<p class=\"mb-l\">\n<div class=\"titlepage\">\n<h2 class=\"text-h3 mb-l\">voltMonitor<\/h2>\n<\/div>\n<p class=\"mb-l\">voltMonitor f\u00fcr zuverl\u00e4ssige Informationen \u00fcber Schwankungen in der Stromzufuhr.<\/p>\n<li class=\"mb-m\">\n<div class=\"flex flex-col m:flex-row gap-s m:gap-xl\">\n<div class=\"text-h3 min-w-[244px] max-w-[244px]\">Waschen<\/div>\n<div class=\"flex flex-col gap-s\"><span class=\"\"><\/p>\n<ul class=\"flex flex-col gap-s\">\n<li class=\"ml-3xs pl-[15px] relative before:absolute before:w-[8px] before:h-[8px] before:bg-dark before:top-[8px] before:left-0 before:rounded-full\">Drehzahl: 1400 r\/min<\/li>\n<li class=\"ml-3xs pl-[15px] relative before:absolute before:w-[8px] before:h-[8px] before:bg-dark before:top-[8px] before:left-0 before:rounded-full\">Waschkapazit\u00e4t: 9 kg<\/li>\n<\/ul>\n<p><\/span><\/div>\n<\/div>\n<\/li>\n<li class=\"mb-m\">\n<div class=\"flex flex-col m:flex-row gap-s m:gap-xl\">\n<div class=\"text-h3 min-w-[244px] max-w-[244px]\">Haushalt<\/div>\n<div class=\"flex flex-col gap-s\"><span class=\"\"><\/p>\n<ul class=\"flex flex-col gap-s\">\n<li class=\"ml-3xs pl-[15px] relative before:absolute before:w-[8px] before:h-[8px] before:bg-dark before:top-[8px] before:left-0 before:rounded-full\">Bauart: Standger\u00e4t<\/li>\n<li class=\"ml-3xs pl-[15px] relative before:absolute before:w-[8px] before:h-[8px] before:bg-dark before:top-[8px] before:left-0 before:rounded-full\">Beladungstyp: Frontlader<\/li>\n<\/ul>\n<p><\/span><\/div>\n<\/div>\n<\/li>\n<li class=\"mb-m\">\n<div class=\"flex flex-col m:flex-row gap-s m:gap-xl\">\n<div class=\"text-h3 min-w-[244px] max-w-[244px]\">Farbe<\/div>\n<div class=\"flex flex-col gap-s\"><span class=\"\"><\/p>\n<ul class=\"flex flex-col gap-s\">\n<li class=\"ml-3xs pl-[15px] relative before:absolute before:w-[8px] before:h-[8px] before:bg-dark before:top-[8px] before:left-0 before:rounded-full\">Wei\u00df<\/li>\n<\/ul>\n<p><\/span><\/div>\n<\/div>\n<\/li>\n<li class=\"mb-m\">\n<div class=\"flex flex-col m:flex-row gap-s m:gap-xl\">\n<div class=\"text-h3 min-w-[244px] max-w-[244px]\">Abmessungen \/ Gewicht<\/div>\n<div class=\"flex flex-col gap-s\"><span class=\"\"><\/p>\n<ul class=\"flex flex-col gap-s\">\n<li class=\"ml-3xs pl-[15px] relative before:absolute before:w-[8px] before:h-[8px] before:bg-dark before:top-[8px] before:left-0 before:rounded-full\">Breite: 598 mm<\/li>\n<li class=\"ml-3xs pl-[15px] relative before:absolute before:w-[8px] before:h-[8px] before:bg-dark before:top-[8px] before:left-0 before:rounded-full\">H\u00f6he: 845 mm<\/li>\n<li class=\"ml-3xs pl-[15px] relative before:absolute before:w-[8px] before:h-[8px] before:bg-dark before:top-[8px] before:left-0 before:rounded-full\">Tiefe: 590 mm<\/li>\n<li class=\"ml-3xs pl-[15px] relative before:absolute before:w-[8px] before:h-[8px] before:bg-dark before:top-[8px] before:left-0 before:rounded-full\">Gewicht: 72.6 kg<\/li>\n<\/ul>\n<p><\/span><\/div>\n<\/div>\n<\/li>\n<li class=\"mb-m\">\n<div class=\"flex flex-col m:flex-row gap-s m:gap-xl\">\n<div class=\"text-h3 min-w-[244px] max-w-[244px]\">Energieeffizienzklasse<\/div>\n<div class=\"flex flex-col gap-s\"><span class=\"\"><\/p>\n<ul class=\"flex flex-col gap-s\">\n<li class=\"ml-3xs pl-[15px] relative before:absolute before:w-[8px] before:h-[8px] before:bg-dark before:top-[8px] before:left-0 before:rounded-full\">A<\/li>\n<\/ul>\n<p><\/span><\/div>\n<\/div>\n<\/li>\n<li class=\"mb-m\">\n<div class=\"flex flex-col m:flex-row gap-s m:gap-xl\">\n<div class=\"text-h3 min-w-[244px] max-w-[244px]\">Ger\u00e4uschentwicklung<\/div>\n<div class=\"flex flex-col gap-s\"><span class=\"\"><\/p>\n<ul class=\"flex flex-col gap-s\">\n<li class=\"ml-3xs pl-[15px] relative before:absolute before:w-[8px] before:h-[8px] before:bg-dark before:top-[8px] before:left-0 before:rounded-full\">71 dB<\/li>\n<\/ul>\n<p><\/span><\/div>\n<\/div>\n<\/li>\n","protected":false},"excerpt":{"rendered":"<li class=\"bullet-list-item\">Energieeffizienzklasse: A<\/li>\n<li class=\"bullet-list-item\">Frontlader, 9 kg Nennkapazit\u00e4t je Waschvorgang<\/li>\n<li class=\"bullet-list-item\">Max. 1400 U\/min.<\/li>\n<li class=\"bullet-list-item\">Standger\u00e4t, Ma\u00dfe: B 59.8 cm x H 84.5 cm x T 59 cm<\/li>\n<p> Herstellernummer WG44G2Z22<\/p>","protected":false},"featured_media":46151,"comment_status":"open","ping_status":"closed","template":"","meta":{"_monsterinsights_skip_tracking":false,"_monsterinsights_sitenote_active":false,"_monsterinsights_sitenote_note":"","_monsterinsights_sitenote_category":0,"_uf_show_specific_survey":0,"_uf_disable_surveys":false},"product_brand":[],"product_cat":[499],"product_tag":[],"models":[],"years":[],"class_list":{"0":"post-41063","1":"product","2":"type-product","3":"status-publish","4":"has-post-thumbnail","6":"product_cat-waschmaschinen-trockner","8":"first","9":"instock","10":"sale","11":"shipping-taxable","12":"purchasable","13":"product-type-simple"},"aioseo_notices":[],"acf":[],"_links":{"self":[{"href":"https:\/\/amannforg.com\/de\/wp-json\/wp\/v2\/product\/41063","targetHints":{"allow":["GET"]}}],"collection":[{"href":"https:\/\/amannforg.com\/de\/wp-json\/wp\/v2\/product"}],"about":[{"href":"https:\/\/amannforg.com\/de\/wp-json\/wp\/v2\/types\/product"}],"replies":[{"embeddable":true,"href":"https:\/\/amannforg.com\/de\/wp-json\/wp\/v2\/comments?post=41063"}],"version-history":[{"count":1,"href":"https:\/\/amannforg.com\/de\/wp-json\/wp\/v2\/product\/41063\/revisions"}],"predecessor-version":[{"id":57947,"href":"https:\/\/amannforg.com\/de\/wp-json\/wp\/v2\/product\/41063\/revisions\/57947"}],"wp:featuredmedia":[{"embeddable":true,"href":"https:\/\/amannforg.com\/de\/wp-json\/wp\/v2\/media\/46151"}],"wp:attachment":[{"href":"https:\/\/amannforg.com\/de\/wp-json\/wp\/v2\/media?parent=41063"}],"wp:term":[{"taxonomy":"product_brand","embeddable":true,"href":"https:\/\/amannforg.com\/de\/wp-json\/wp\/v2\/product_brand?post=41063"},{"taxonomy":"product_cat","embeddable":true,"href":"https:\/\/amannforg.com\/de\/wp-json\/wp\/v2\/product_cat?post=41063"},{"taxonomy":"product_tag","embeddable":true,"href":"https:\/\/amannforg.com\/de\/wp-json\/wp\/v2\/product_tag?post=41063"},{"taxonomy":"models","embeddable":true,"href":"https:\/\/amannforg.com\/de\/wp-json\/wp\/v2\/models?post=41063"},{"taxonomy":"years","embeddable":true,"href":"https:\/\/amannforg.com\/de\/wp-json\/wp\/v2\/years?post=41063"}],"curies":[{"name":"wp","href":"https:\/\/api.w.org\/{rel}","templated":true}]}}