{"id":41106,"date":"2026-03-03T23:56:05","date_gmt":"2026-03-03T23:56:05","guid":{"rendered":"https:\/\/amannforg.com\/?post_type=product&#038;p=41106"},"modified":"2026-03-07T16:29:49","modified_gmt":"2026-03-07T16:29:49","slug":"siemens-wq33g2d40-iq500-warmepumpen-trockner","status":"publish","type":"product","link":"https:\/\/amannforg.com\/de\/produkt\/siemens-wq33g2d40-iq500-warmepumpen-trockner\/","title":{"rendered":"Siemens WQ33G2D40 iQ500 W\u00e4rmepumpen-Trockner"},"content":{"rendered":"<p class=\"mb-l\">Sicher dir exzellente Trocknungsergebnisse und sparst dabei bares Geld. Dank des cleveren Energiesparsystems, das auf W\u00e4rmepumpentechnologie und dem iQdrive-Motor basiert, helfen dir Siemens-Trockner, kostbare Energie zu sparen \u2013 bei besten Resultaten.<\/p>\n<p class=\"mb-l\">Programmablauf auf einen Blick.<\/p>\n<p class=\"mb-l\">Individuelle Programmeinstellungen sind \u00fcber die darumliegenden Tasten ebenso komfortabel wie einfach anw\u00e4hlbar. Schon vor dem Start des Waschprogramms zeigt Ihnen das Display den Verbrauch von Wasser und Strom an. In jeweils 1 \u2013 5 Strichen wird die Menge des Verbrauchs signalisiert, von sparsam bis normal. So kann zum Start entschieden werden, welches Programm die optimaleNutzung von Wasser und Zeit gew\u00e4hrleistet.<\/p>\n<p class=\"mb-l\">Sicheres, pr\u00e4zises und schonendes Trocknen.<\/p>\n<p class=\"mb-l\">Intelligente Sensoren sorgen f\u00fcr einen schonenden, gleichm\u00e4\u00dfigen Trocknungsvorgang: Temperatursensoren verhindern \u00dcberhitzen, w\u00e4hrend Feuchtigkeitssensoren daf\u00fcr sorgen, dass deine W\u00e4sche nicht zu stark getrocknet wird. Alles wird schonend und pr\u00e4zise getrocknet \u2013 das spart Energie und Zeit beim B\u00fcgeln.<\/p>\n<p class=\"mb-l\">Schonendes Trocknen deiner Outdoor-Bekleidung.<\/p>\n<p class=\"mb-l\">Outdoor-Textilien sollten besonders schonend behandelt werden \u2013 vor allem beim Trocknen. Denn verklebte N\u00e4hte, Membranbeschichtungen und wasserabweisende Materialien vertragen keine starke Hitze. Das Outdoor-Programm trocknet alles bei konstant niedriger Temperatur und misst permanent die Restfeuchte, damit alles auf den Punkt getrocknet wird.<\/p>\n<p class=\"mb-l\">Kleine Beladungen schnell und schonend trocknen.<\/p>\n<p class=\"mb-l\">Das Programm super40&#8242; trocknet kleine Beladungen (1 kg) schonend in nur 40 Minuten. Dabei wird die Restfeuchte w\u00e4hrend des Trockenvorgangs fortlaufend gemessen. Dieses Programm eignet sich ideal f\u00fcr Kunstfasern, leichte Baumwolltextilien oder Mischgewebe (unempfindliche Textilien).<\/p>\n<p class=\"mb-l\">F\u00fcr einen perfekt ausgeleuchteten Innenraum.<\/p>\n<p class=\"mb-l\">Stets alles im Blick: Die LED-Trommelbeleuchtung aktiviert sich beim Einschalten des Ger\u00e4ts, nach dem \u00d6ffnen und Schlie\u00dfen der T\u00fcr sowie beim Start des Trockenprogramms. Die Beleuchtung schaltet sich dann automatisch ab, um Energie zu sparen.<\/p>\n<p class=\"mb-l\">Sanftes, schonendes Trocknen.<\/p>\n<p class=\"mb-l\">Das softDry-Trommelsystem sch\u00fctzt deine empfindliche W\u00e4sche. Es sorgt f\u00fcr einen kontinuierlichen Luftstrom, h\u00e4lt die Temperatur konstant und verteilt die warme Luft mit seinen wellenartigen Mitnehmern sanft und gleichm\u00e4\u00dfig. Die Trommelstruktur l\u00e4sst die W\u00e4sche wie auf einem Luftkissen durch den Innenraum gleiten.<\/p>\n<li class=\"mb-m\">\n<div class=\"flex flex-col m:flex-row gap-s m:gap-xl\">\n<div class=\"text-h3 min-w-[244px] max-w-[244px]\">Haushalt<\/div>\n<div class=\"flex flex-col gap-s\"><span class=\"\"><\/p>\n<ul class=\"flex flex-col gap-s\">\n<li class=\"ml-3xs pl-[15px] relative before:absolute before:w-[8px] before:h-[8px] before:bg-dark before:top-[8px] before:left-0 before:rounded-full\">Bauart: Standger\u00e4t<\/li>\n<li class=\"ml-3xs pl-[15px] relative before:absolute before:w-[8px] before:h-[8px] before:bg-dark before:top-[8px] before:left-0 before:rounded-full\">Beladungstyp: Frontlader<\/li>\n<\/ul>\n<p><\/span><\/div>\n<\/div>\n<\/li>\n<li class=\"mb-m\">\n<div class=\"flex flex-col m:flex-row gap-s m:gap-xl\">\n<div class=\"text-h3 min-w-[244px] max-w-[244px]\">Trocknen<\/div>\n<div class=\"flex flex-col gap-s\"><span class=\"\"><\/p>\n<ul class=\"flex flex-col gap-s\">\n<li class=\"ml-3xs pl-[15px] relative before:absolute before:w-[8px] before:h-[8px] before:bg-dark before:top-[8px] before:left-0 before:rounded-full\">Trocknerkapazit\u00e4t: 8 kg<\/li>\n<li class=\"ml-3xs pl-[15px] relative before:absolute before:w-[8px] before:h-[8px] before:bg-dark before:top-[8px] before:left-0 before:rounded-full\">Trocknertechnologie: Kondenstrockner<\/li>\n<\/ul>\n<p><\/span><\/div>\n<\/div>\n<\/li>\n<li class=\"mb-m\">\n<div class=\"flex flex-col m:flex-row gap-s m:gap-xl\">\n<div class=\"text-h3 min-w-[244px] max-w-[244px]\">Abmessungen \/ Gewicht<\/div>\n<div class=\"flex flex-col gap-s\"><span class=\"\"><\/p>\n<ul class=\"flex flex-col gap-s\">\n<li class=\"ml-3xs pl-[15px] relative before:absolute before:w-[8px] before:h-[8px] before:bg-dark before:top-[8px] before:left-0 before:rounded-full\">Breite: 598 mm<\/li>\n<li class=\"ml-3xs pl-[15px] relative before:absolute before:w-[8px] before:h-[8px] before:bg-dark before:top-[8px] before:left-0 before:rounded-full\">H\u00f6he: 842 mm<\/li>\n<li class=\"ml-3xs pl-[15px] relative before:absolute before:w-[8px] before:h-[8px] before:bg-dark before:top-[8px] before:left-0 before:rounded-full\">Tiefe: 613 mm<\/li>\n<li class=\"ml-3xs pl-[15px] relative before:absolute before:w-[8px] before:h-[8px] before:bg-dark before:top-[8px] before:left-0 before:rounded-full\">Gewicht: 53.5 kg<\/li>\n<\/ul>\n<p><\/span><\/div>\n<\/div>\n<\/li>\n<li class=\"mb-m\">\n<div class=\"flex flex-col m:flex-row gap-s m:gap-xl\">\n<div class=\"text-h3 min-w-[244px] max-w-[244px]\">Energieeffizienzklasse<\/div>\n<div class=\"flex flex-col gap-s\"><span class=\"\"><\/p>\n<ul class=\"flex flex-col gap-s\">\n<li class=\"ml-3xs pl-[15px] relative before:absolute before:w-[8px] before:h-[8px] before:bg-dark before:top-[8px] before:left-0 before:rounded-full\">C<\/li>\n<\/ul>\n<p><\/span><\/div>\n<\/div>\n<\/li>\n","protected":false},"excerpt":{"rendered":"<li class=\"bullet-list-item\">Energieeffizienzklasse: C<\/li>\n<li class=\"bullet-list-item\">Kondenstrockner (Standger\u00e4t)<\/li>\n<li class=\"bullet-list-item\">Frontlader, Kapazit\u00e4t 8 kg<\/li>\n<li class=\"bullet-list-item\">Freistehend, Ma\u00dfe: B 59.8 cm x H 84.2 cm x T 61.3 cm<\/li>\n<p> Herstellernummer WQ33G2D40<\/p>","protected":false},"featured_media":46193,"comment_status":"open","ping_status":"closed","template":"","meta":{"_monsterinsights_skip_tracking":false,"_monsterinsights_sitenote_active":false,"_monsterinsights_sitenote_note":"","_monsterinsights_sitenote_category":0,"_uf_show_specific_survey":0,"_uf_disable_surveys":false},"product_brand":[],"product_cat":[499],"product_tag":[],"models":[],"years":[],"class_list":{"0":"post-41106","1":"product","2":"type-product","3":"status-publish","4":"has-post-thumbnail","6":"product_cat-waschmaschinen-trockner","8":"first","9":"instock","10":"sale","11":"shipping-taxable","12":"purchasable","13":"product-type-simple"},"aioseo_notices":[],"acf":[],"_links":{"self":[{"href":"https:\/\/amannforg.com\/de\/wp-json\/wp\/v2\/product\/41106","targetHints":{"allow":["GET"]}}],"collection":[{"href":"https:\/\/amannforg.com\/de\/wp-json\/wp\/v2\/product"}],"about":[{"href":"https:\/\/amannforg.com\/de\/wp-json\/wp\/v2\/types\/product"}],"replies":[{"embeddable":true,"href":"https:\/\/amannforg.com\/de\/wp-json\/wp\/v2\/comments?post=41106"}],"version-history":[{"count":1,"href":"https:\/\/amannforg.com\/de\/wp-json\/wp\/v2\/product\/41106\/revisions"}],"predecessor-version":[{"id":57954,"href":"https:\/\/amannforg.com\/de\/wp-json\/wp\/v2\/product\/41106\/revisions\/57954"}],"wp:featuredmedia":[{"embeddable":true,"href":"https:\/\/amannforg.com\/de\/wp-json\/wp\/v2\/media\/46193"}],"wp:attachment":[{"href":"https:\/\/amannforg.com\/de\/wp-json\/wp\/v2\/media?parent=41106"}],"wp:term":[{"taxonomy":"product_brand","embeddable":true,"href":"https:\/\/amannforg.com\/de\/wp-json\/wp\/v2\/product_brand?post=41106"},{"taxonomy":"product_cat","embeddable":true,"href":"https:\/\/amannforg.com\/de\/wp-json\/wp\/v2\/product_cat?post=41106"},{"taxonomy":"product_tag","embeddable":true,"href":"https:\/\/amannforg.com\/de\/wp-json\/wp\/v2\/product_tag?post=41106"},{"taxonomy":"models","embeddable":true,"href":"https:\/\/amannforg.com\/de\/wp-json\/wp\/v2\/models?post=41106"},{"taxonomy":"years","embeddable":true,"href":"https:\/\/amannforg.com\/de\/wp-json\/wp\/v2\/years?post=41106"}],"curies":[{"name":"wp","href":"https:\/\/api.w.org\/{rel}","templated":true}]}}