{"id":41243,"date":"2026-03-03T23:57:13","date_gmt":"2026-03-03T23:57:13","guid":{"rendered":"https:\/\/amannforg.com\/?post_type=product&#038;p=41243"},"modified":"2026-03-07T16:29:53","modified_gmt":"2026-03-07T16:29:53","slug":"lg-f4wr709g-waschmaschine-9-kg-1360-u-min","status":"publish","type":"product","link":"https:\/\/amannforg.com\/de\/produkt\/lg-f4wr709g-waschmaschine-9-kg-1360-u-min\/","title":{"rendered":"LG F4WR709G Waschmaschine 9 kg 1360 U\/min"},"content":{"rendered":"<p class=\"mb-l\">\n<div class=\"titlepage\">\n<h2 class=\"text-h3 mb-l\">LG F4WR709G Waschmaschine 9kg Wei\u00df<\/h2>\n<\/div>\n<p class=\"mb-l\">\n<div class=\"titlepage\">\n<h2 class=\"text-h3 mb-l\">A-10%: Ganze 10% effizienter als der Grenzwert f\u00fcr eine &#8220;A-Klasse<\/h2>\n<\/div>\n<p class=\"mb-l\">Sparen Sie Kosten und Energie bei einem optimalen Waschergebnis.<\/p>\n<p class=\"mb-l\">\n<div class=\"titlepage\">\n<h2 class=\"text-h3 mb-l\">Erleben Sie die Vorz\u00fcge von \u201eTriple-A\u201c der LG Waschmaschinen<\/h2>\n<\/div>\n<p class=\"mb-l\">Mit \u201eTriple A\u201c f\u00fcr Energieeffizienz, Schleuderleistung und Ger\u00e4uschpegel gekennzeichnet.<\/p>\n<p class=\"mb-l\">\n<div class=\"titlepage\">\n<h2 class=\"text-h3 mb-l\">Intelligente Pflege mit 18% mehr Faserschutz<\/h2>\n<\/div>\n<p class=\"mb-l\">AI Direct Drive\u00ae basiert auf umfangreichen Daten \u00fcber die gesamte Wascherfahrung und w\u00e4hlt den perfekten Waschgang, der Ihre W\u00e4sche optimal schont.<\/p>\n<p class=\"mb-l\">\n<div class=\"titlepage\">\n<h2 class=\"text-h3 mb-l\">Was ist AI Direct Drive\u00ae?<\/h2>\n<\/div>\n<p class=\"mb-l\">AI Direct Drive\u00ae erkennt nicht nur das Gewicht der W\u00e4sche, sondern auch die Empfindlichkeit des Stoffes, und w\u00e4hlt eigenst\u00e4ndig den optimalen Waschgang f\u00fcr das jeweilige Gewebe aus.<\/p>\n<p class=\"mb-l\">\n<div class=\"titlepage\">\n<h2 class=\"text-h3 mb-l\">Gr\u00fcndliche und schonende Tiefenreinigung mit Dampf<\/h2>\n<\/div>\n<p class=\"mb-l\">Die LG Steam Technologie beseitigt 99,9% aller Allergene, wie z. B. Hausstaubmilben, die Allergien oder Atemprobleme verursachen k\u00f6nnen.*<\/p>\n<p class=\"mb-l\">\n<div class=\"titlepage\">\n<h2 class=\"text-h3 mb-l\">99,9% ige Allergen-Entfernung<\/h2>\n<\/div>\n<p class=\"mb-l\">Der Dampf entfernt bis zu 99,9% der Allergene.<\/p>\n<p class=\"mb-l\">\n<div class=\"titlepage\">\n<h2 class=\"text-h3 mb-l\">Gr\u00fcndliche Reinigung in 39 Minuten<\/h2>\n<\/div>\n<p class=\"mb-l\">Mit TurboWash\u00ae360\u02da wird Ihre W\u00e4sche in nur 39 Minuten gr\u00fcndlich gereinigt \u2013 inklusive Faserschutz! Die 3D-Multi-D\u00fcsen bewegen sich in 4 Richtungen und erreichen jeden Millimeter Ihrer W\u00e4sche.<\/p>\n<p class=\"mb-l\">\n<div class=\"titlepage\">\n<h2 class=\"text-h3 mb-l\">Gr\u00f6\u00dfere Kapazit\u00e4t im gleichen Raum<\/h2>\n<\/div>\n<p class=\"mb-l\">G\u00f6nnen Sie sich eine gr\u00f6\u00dfere Waschtrommel \u2013 bei identischem Platzbedarf!<\/p>\n<p class=\"mb-l\">\n<div class=\"titlepage\">\n<h2 class=\"text-h3 mb-l\">Haltbarer und hygienischer<\/h2>\n<\/div>\n<p class=\"mb-l\">Verst\u00e4rkte, robuste und elegante Au\u00dfent\u00fcr aus geh\u00e4rtetem Glas und hygienische und langlebige Edelstahl-Waschtrommel.<\/p>\n<p class=\"mb-l\">\n<div class=\"titlepage\">\n<h2 class=\"text-h3 mb-l\">Auff\u00e4llig und elegant<\/h2>\n<\/div>\n<p class=\"mb-l\">Verbesserte Ablesbarkeit des Displays und gro\u00dfer Metall-Drehschalter.<\/p>\n<p class=\"mb-l\">\n<div class=\"titlepage\">\n<h2 class=\"text-h3 mb-l\">Intelligentes Ger\u00e4t<\/h2>\n<\/div>\n<p class=\"mb-l\">Dank LG ThinQ\u00ae-Technologie ist Ihre Waschmaschine nun intelligent \u2013 von der Fernbedienung bis zum Herunterladen von weiteren Waschprogrammen. Die Handhabung ist kinderleicht \u2013 Zugriff auf die aktuellsten Innovationen erhalten Sie \u00fcber WLAN.<\/p>\n<li class=\"mb-m\">\n<div class=\"flex flex-col m:flex-row gap-s m:gap-xl\">\n<div class=\"text-h3 min-w-[244px] max-w-[244px]\">Waschen<\/div>\n<div class=\"flex flex-col gap-s\"><span class=\"\"><\/p>\n<ul class=\"flex flex-col gap-s\">\n<li class=\"ml-3xs pl-[15px] relative before:absolute before:w-[8px] before:h-[8px] before:bg-dark before:top-[8px] before:left-0 before:rounded-full\">Drehzahl: 1400 r\/min<\/li>\n<li class=\"ml-3xs pl-[15px] relative before:absolute before:w-[8px] before:h-[8px] before:bg-dark before:top-[8px] before:left-0 before:rounded-full\">Waschkapazit\u00e4t: 9 kg<\/li>\n<\/ul>\n<p><\/span><\/div>\n<\/div>\n<\/li>\n<li class=\"mb-m\">\n<div class=\"flex flex-col m:flex-row gap-s m:gap-xl\">\n<div class=\"text-h3 min-w-[244px] max-w-[244px]\">Haushalt<\/div>\n<div class=\"flex flex-col gap-s\"><span class=\"\"><\/p>\n<ul class=\"flex flex-col gap-s\">\n<li class=\"ml-3xs pl-[15px] relative before:absolute before:w-[8px] before:h-[8px] before:bg-dark before:top-[8px] before:left-0 before:rounded-full\">Bauart: Standger\u00e4t<\/li>\n<li class=\"ml-3xs pl-[15px] relative before:absolute before:w-[8px] before:h-[8px] before:bg-dark before:top-[8px] before:left-0 before:rounded-full\">Beladungstyp: Frontlader<\/li>\n<\/ul>\n<p><\/span><\/div>\n<\/div>\n<\/li>\n<li class=\"mb-m\">\n<div class=\"flex flex-col m:flex-row gap-s m:gap-xl\">\n<div class=\"text-h3 min-w-[244px] max-w-[244px]\">Kompatibilit\u00e4t<\/div>\n<div class=\"flex flex-col gap-s\"><span class=\"\"><\/p>\n<ul class=\"flex flex-col gap-s\">\n<li class=\"ml-3xs pl-[15px] relative before:absolute before:w-[8px] before:h-[8px] before:bg-dark before:top-[8px] before:left-0 before:rounded-full\">ThinQ\u00ae<\/li>\n<\/ul>\n<p><\/span><\/div>\n<\/div>\n<\/li>\n<li class=\"mb-m\">\n<div class=\"flex flex-col m:flex-row gap-s m:gap-xl\">\n<div class=\"text-h3 min-w-[244px] max-w-[244px]\">Farbe<\/div>\n<div class=\"flex flex-col gap-s\"><span class=\"\"><\/p>\n<ul class=\"flex flex-col gap-s\">\n<li class=\"ml-3xs pl-[15px] relative before:absolute before:w-[8px] before:h-[8px] before:bg-dark before:top-[8px] before:left-0 before:rounded-full\">Wei\u00df<\/li>\n<\/ul>\n<p><\/span><\/div>\n<\/div>\n<\/li>\n<li class=\"mb-m\">\n<div class=\"flex flex-col m:flex-row gap-s m:gap-xl\">\n<div class=\"text-h3 min-w-[244px] max-w-[244px]\">Abmessungen \/ Gewicht<\/div>\n<div class=\"flex flex-col gap-s\"><span class=\"\"><\/p>\n<ul class=\"flex flex-col gap-s\">\n<li class=\"ml-3xs pl-[15px] relative before:absolute before:w-[8px] before:h-[8px] before:bg-dark before:top-[8px] before:left-0 before:rounded-full\">Breite: 600 mm<\/li>\n<li class=\"ml-3xs pl-[15px] relative before:absolute before:w-[8px] before:h-[8px] before:bg-dark before:top-[8px] before:left-0 before:rounded-full\">H\u00f6he: 850 mm<\/li>\n<li class=\"ml-3xs pl-[15px] relative before:absolute before:w-[8px] before:h-[8px] before:bg-dark before:top-[8px] before:left-0 before:rounded-full\">Tiefe: 565 mm<\/li>\n<li class=\"ml-3xs pl-[15px] relative before:absolute before:w-[8px] before:h-[8px] before:bg-dark before:top-[8px] before:left-0 before:rounded-full\">Gewicht: 67 kg<\/li>\n<\/ul>\n<p><\/span><\/div>\n<\/div>\n<\/li>\n<li class=\"mb-m\">\n<div class=\"flex flex-col m:flex-row gap-s m:gap-xl\">\n<div class=\"text-h3 min-w-[244px] max-w-[244px]\">Energieeffizienzklasse<\/div>\n<div class=\"flex flex-col gap-s\"><span class=\"\"><\/p>\n<ul class=\"flex flex-col gap-s\">\n<li class=\"ml-3xs pl-[15px] relative before:absolute before:w-[8px] before:h-[8px] before:bg-dark before:top-[8px] before:left-0 before:rounded-full\">A<\/li>\n<\/ul>\n<p><\/span><\/div>\n<\/div>\n<\/li>\n<li class=\"mb-m\">\n<div class=\"flex flex-col m:flex-row gap-s m:gap-xl\">\n<div class=\"text-h3 min-w-[244px] max-w-[244px]\">Ger\u00e4uschentwicklung<\/div>\n<div class=\"flex flex-col gap-s\"><span class=\"\"><\/p>\n<ul class=\"flex flex-col gap-s\">\n<li class=\"ml-3xs pl-[15px] relative before:absolute before:w-[8px] before:h-[8px] before:bg-dark before:top-[8px] before:left-0 before:rounded-full\">71 dB<\/li>\n<\/ul>\n<p><\/span><\/div>\n<\/div>\n<\/li>\n","protected":false},"excerpt":{"rendered":"<li class=\"bullet-list-item\">Energieeffizienzklasse: A<\/li>\n<li class=\"bullet-list-item\">Frontlader, 9 kg Nennkapazit\u00e4t je Waschvorgang<\/li>\n<li class=\"bullet-list-item\">Kompatibel mit ThinQ\u00ae<\/li>\n<li class=\"bullet-list-item\">Max. 1400 U\/min.<\/li>\n<li class=\"bullet-list-item\">Standger\u00e4t, Ma\u00dfe: B 60 cm x H 85 cm x T 56.5 cm<\/li>\n<p> Herstellernummer F4WR709G<\/p>","protected":false},"featured_media":46329,"comment_status":"open","ping_status":"closed","template":"","meta":{"_monsterinsights_skip_tracking":false,"_monsterinsights_sitenote_active":false,"_monsterinsights_sitenote_note":"","_monsterinsights_sitenote_category":0,"_uf_show_specific_survey":0,"_uf_disable_surveys":false},"product_brand":[],"product_cat":[499],"product_tag":[],"models":[],"years":[],"class_list":{"0":"post-41243","1":"product","2":"type-product","3":"status-publish","4":"has-post-thumbnail","6":"product_cat-waschmaschinen-trockner","8":"first","9":"instock","10":"sale","11":"shipping-taxable","12":"purchasable","13":"product-type-simple"},"aioseo_notices":[],"acf":[],"_links":{"self":[{"href":"https:\/\/amannforg.com\/de\/wp-json\/wp\/v2\/product\/41243","targetHints":{"allow":["GET"]}}],"collection":[{"href":"https:\/\/amannforg.com\/de\/wp-json\/wp\/v2\/product"}],"about":[{"href":"https:\/\/amannforg.com\/de\/wp-json\/wp\/v2\/types\/product"}],"replies":[{"embeddable":true,"href":"https:\/\/amannforg.com\/de\/wp-json\/wp\/v2\/comments?post=41243"}],"version-history":[{"count":1,"href":"https:\/\/amannforg.com\/de\/wp-json\/wp\/v2\/product\/41243\/revisions"}],"predecessor-version":[{"id":57978,"href":"https:\/\/amannforg.com\/de\/wp-json\/wp\/v2\/product\/41243\/revisions\/57978"}],"wp:featuredmedia":[{"embeddable":true,"href":"https:\/\/amannforg.com\/de\/wp-json\/wp\/v2\/media\/46329"}],"wp:attachment":[{"href":"https:\/\/amannforg.com\/de\/wp-json\/wp\/v2\/media?parent=41243"}],"wp:term":[{"taxonomy":"product_brand","embeddable":true,"href":"https:\/\/amannforg.com\/de\/wp-json\/wp\/v2\/product_brand?post=41243"},{"taxonomy":"product_cat","embeddable":true,"href":"https:\/\/amannforg.com\/de\/wp-json\/wp\/v2\/product_cat?post=41243"},{"taxonomy":"product_tag","embeddable":true,"href":"https:\/\/amannforg.com\/de\/wp-json\/wp\/v2\/product_tag?post=41243"},{"taxonomy":"models","embeddable":true,"href":"https:\/\/amannforg.com\/de\/wp-json\/wp\/v2\/models?post=41243"},{"taxonomy":"years","embeddable":true,"href":"https:\/\/amannforg.com\/de\/wp-json\/wp\/v2\/years?post=41243"}],"curies":[{"name":"wp","href":"https:\/\/api.w.org\/{rel}","templated":true}]}}