{"id":41249,"date":"2026-03-03T23:57:15","date_gmt":"2026-03-03T23:57:15","guid":{"rendered":"https:\/\/amannforg.com\/?post_type=product&#038;p=41249"},"modified":"2026-03-07T16:29:53","modified_gmt":"2026-03-07T16:29:53","slug":"bosch-wna13470-serie-4-waschtrockner-8-kg-5-kg-1400-u-min","status":"publish","type":"product","link":"https:\/\/amannforg.com\/de\/produkt\/bosch-wna13470-serie-4-waschtrockner-8-kg-5-kg-1400-u-min\/","title":{"rendered":"Bosch WNA13470 Serie 4 Waschtrockner 8 kg \/ 5 kg, 1400 U\/min."},"content":{"rendered":"<p class=\"mb-l\">\n<div class=\"titlepage\">\n<h2 class=\"text-h3 mb-l\">Bosch WNA13470 Serie 4 Waschtrockner 8\/5 kg, 1400 U\/min.<\/h2>\n<\/div>\n<p class=\"mb-l\">Der Waschtrockner mit Iron Assist Dampfbehandlung trocknet ebenso effizient wie er w\u00e4scht und reduziert zudem die Faltenbildung. Waschen und Trocknen bis zu 5 kg in einem Arbeitsgang.<\/p>\n<div class=\"itemizedlist\">\n<ul class=\"bullet-list\">\n<li class=\"bullet-list-item\">Wash &amp; Dry: bis zu 5 kg in einem Durchgang waschen und trocknen oder bis zu 8 kg nur waschen.<\/li>\n<li class=\"bullet-list-item\">Auto Dry: trocknet deine W\u00e4sche genauso, wie du es w\u00fcnschst.<\/li>\n<li class=\"bullet-list-item\">Iron Assist: eine clevere Dampfbehandlung, die die Fasern getrockneter W\u00e4sche gl\u00e4ttet.<\/li>\n<li class=\"bullet-list-item\">Eco Silence Drive\u2122: der leise, effiziente und langlebige Antrieb.<\/li>\n<li class=\"bullet-list-item\">Wash &amp; Dry 60&#8242;: Waschen und Trocknen von kleinen Beladungen in nur 60 Minuten.<\/li>\n<\/ul>\n<\/div>\n<p class=\"mb-l\">\n<div class=\"titlepage\">\n<h2 class=\"text-h3 mb-l\">8 kg waschen oder 5 kg waschen und trocknen<\/h2>\n<\/div>\n<p class=\"mb-l\">\n<div class=\"titlepage\">\n<h2 class=\"text-h3 mb-l\">Waschen und trocknen in einem Arbeitsgang.<\/h2>\n<\/div>\n<p class=\"mb-l\">Kein Platz f\u00fcr einen Trockner? Kein Problem. Bosch Waschtrockner mit Auto Dry trocknen genauso effizient wie du w\u00e4scht. Auto Dry misst kontinuierlich die Luftfeuchtigkeit und erkennt automatisch, wann der optimale Trocknungsgrad erreicht ist. So sorgt die clevere Funktion f\u00fcr eine punktgenaue, schonende Trocknung. Perfekt auf die jeweilige Textilart abgestimmte Wash &amp; Dry Programme bieten dir zuverl\u00e4ssig beste Ergebnisse. Waschen, trocknen, anziehen \u2013 erlebe die Bosch Waschtrockner mit Auto Dry.<\/p>\n<p class=\"mb-l\">\n<div class=\"titlepage\">\n<h2 class=\"text-h3 mb-l\">Auto Dry<\/h2>\n<\/div>\n<p class=\"mb-l\">\n<div class=\"titlepage\">\n<h2 class=\"text-h3 mb-l\">Erkennt automatisch den optimalen Trocknungsgrad.<\/h2>\n<\/div>\n<p class=\"mb-l\">Feature IconF\u00fclle deinen Trockner oder Waschtrockner einfach mit bis zu zehn Kilogramm W\u00e4sche. Auto Dry liefert dir deine W\u00e4sche b\u00fcgelfeucht, schranktrocken oder extratrocken \u2013 ganz wie du es w\u00fcnschst. Intelligente Sensoren messen kontinuierlich die Temperatur und Feuchtigkeit, um deine W\u00e4sche vor \u00dcberhitzen und Austrocknen zu sch\u00fctzen. Eine Sorge weniger.<\/p>\n<p class=\"mb-l\">\n<div class=\"titlepage\">\n<h2 class=\"text-h3 mb-l\">Iron Assist<\/h2>\n<\/div>\n<p class=\"mb-l\">\n<div class=\"titlepage\">\n<h2 class=\"text-h3 mb-l\">Deine B\u00fcgelhilfe.<\/h2>\n<\/div>\n<p class=\"mb-l\">Nur ein Tastendruck und der Stapel mit der B\u00fcgelw\u00e4sche schrumpft. Das Programm Iron Assist erzeugt in der Trocknertrommel nat\u00fcrlichen Wasserdampf, der die vorgew\u00e4rmte W\u00e4sche durchdringt und sie sichtbar gl\u00e4ttet. Du kannst mit Iron Assist auch st\u00f6rende Ger\u00fcche aus Textilien entfernen oder nur kurz getragene Teile auffrischen. Perfekt geeignet f\u00fcr Jacken, Oberhemden, Wollsachen und sogar Anz\u00fcge.<\/p>\n<p class=\"mb-l\">\n<div class=\"titlepage\">\n<h2 class=\"text-h3 mb-l\">Eco Silence Drive\u2122<\/h2>\n<\/div>\n<p class=\"mb-l\">\n<div class=\"titlepage\">\n<h2 class=\"text-h3 mb-l\">F\u00fcr ein langes und besonders leises Waschmaschinenleben.<\/h2>\n<\/div>\n<p class=\"mb-l\">Unsere allt\u00e4gliche Ger\u00e4uschkulisse braucht ganz bestimmt keine Verst\u00e4rkung. Deshalb haben wir den Eco Silence Drive\u2122 entwickelt. Er ist so leise, dass du wom\u00f6glich vergessen wirst, dass dein Waschtrockner \u00fcberhaupt l\u00e4uft. Dieser b\u00fcrstenlose, energieeffiziente Antrieb reduziert Reibungsger\u00e4usche und ist obendrein auf eine besonders lange Lebensdauer ausgelegt.<\/p>\n<p class=\"mb-l\">\n<div class=\"titlepage\">\n<h2 class=\"text-h3 mb-l\">Wash &amp; Dry 60 Minuten<\/h2>\n<\/div>\n<p class=\"mb-l\">\n<div class=\"titlepage\">\n<h2 class=\"text-h3 mb-l\">Waschen und Trocknen in nur 60 Minuten.<\/h2>\n<\/div>\n<p class=\"mb-l\">Manchmal muss es einfach schnell gehen. Mit dem Wash &amp; Dry 60&#8242; Programm W\u00e4schst und Trocknest du bis zu 1 kg W\u00e4sche in nur 60 Minuten. Dieses Programm ist geeignet f\u00fcr leicht verschmutzte Kleidung und zum Waschen und Trocknen von hitzeunempfindlicher Materialien wie Baumwolle oder Leinen.<\/p>\n<p class=\"mb-l\">\n<div class=\"titlepage\">\n<h2 class=\"text-h3 mb-l\">Gro\u00dfes LED-Display<\/h2>\n<\/div>\n<p class=\"mb-l\">\n<div class=\"titlepage\">\n<h2 class=\"text-h3 mb-l\">Gro\u00dfe LED-Anzeige f\u00fcr eine leichte, intuitive Bedienung.<\/h2>\n<\/div>\n<p class=\"mb-l\">Verwirrende und komplizierte Waschg\u00e4nge geh\u00f6ren dank des Waschtrockners mit gro\u00dfem LED-Display der Vergangenheit an! \u00dcber leicht lesbare Einstellungen und klare Anweisungen kannst du dein Waschprogramm passend zu deinen Bed\u00fcrfnissen w\u00e4hlen. Kein R\u00e4tselraten mehr, kein frustrierendes Ausprobieren. Unser Waschtrockner erm\u00f6glicht ein praktisches, intuitives und entspanntes W\u00e4schewaschen, damit du dich den Dingen widmen kannst, die dir wirklich wichtig sind.<\/p>\n<p class=\"mb-l\">\n<div class=\"titlepage\">\n<h2 class=\"text-h3 mb-l\">Sportswear Waschen und Trocknen<\/h2>\n<\/div>\n<p class=\"mb-l\">\n<div class=\"titlepage\">\n<h2 class=\"text-h3 mb-l\">Das beste Wasch- und Trocknungsprogramm f\u00fcr deine Sportbekleidung.<\/h2>\n<\/div>\n<p class=\"mb-l\">Ideal f\u00fcr effektives und effizientes Waschen und Trocknen von Sportbekleidung, wie zum Beispiel Mikrofaser, Fleece oder Synthetik. Diese Textilien verschmutzen \u00fcblicherweise nur leicht, weshalb ein kurzer Wasch- und Sp\u00fclgang bei niedriger Temperatur ausreicht. Sportbekleidung besteht oft aus Synthetikfasern, die leicht knittern. Daher ist das Sportswear-Spezialprogramm mit seinen niedrigen Waschtemperaturen besonders schonend f\u00fcr diese empfindlichen Textilien. Die geringe Schleuderdrehzahl und das kurze Auflockern am Ende reduziert au\u00dferdem die Knitterbildung.<\/p>\n<p class=\"mb-l\">\n<div class=\"titlepage\">\n<h2 class=\"text-h3 mb-l\">Speed Perfect<\/h2>\n<\/div>\n<p class=\"mb-l\">\n<div class=\"titlepage\">\n<h2 class=\"text-h3 mb-l\">65% schneller Waschen ohne Kompromisse.<\/h2>\n<\/div>\n<p class=\"mb-l\">Speed Perfect ist eine spezielle Funktion, die f\u00fcr Situationen entwickelt wurde, in denen es auf die Zeit ankommt. Mit Speed Perfect kannst du deine Waschzeit ohne Kompromisse bei den Ergebnissen um bis zu 65 % verk\u00fcrzen. Es kann mit den meisten Programmen, allen Beladungen und Textilien kombiniert werden. Wenn du zum Beispiel das Mischprogramm in Kombination mit Speed Perfect w\u00e4hlst, kannst du bis zu 4 Kilogramm gemischte Beladung in nur 41 Minuten gr\u00fcndlich waschen. (*Unterschied zwischen der Dauer des Pflegeleicht-Programms 40 \u00b0C und der Dauer des Pflegeleicht-Programms 40 \u00b0C in Kombination mit der Option SpeedPerfect.)<\/p>\n<p class=\"mb-l\">\n<div class=\"titlepage\">\n<h2 class=\"text-h3 mb-l\">Active Water Plus<\/h2>\n<\/div>\n<p class=\"mb-l\">\n<div class=\"titlepage\">\n<h2 class=\"text-h3 mb-l\">Hocheffiziente Wassernutzung bei kleineren Beladungen.<\/h2>\n<\/div>\n<p class=\"mb-l\">Feature IconEine Bosch Waschmaschine spart viel Wasser und Aufwand. Unsere Active Water Plus-Technologie liefert perfekte Ergebnisse und verbraucht dabei auch bei kleinen Beladungen nur genau die Wassermenge, die f\u00fcr jeden Waschgang ben\u00f6tigt wird. Seine integrierten Sensoren passen den Wasserverbrauch je nach Textilart und Beladung automatisch an.<\/p>\n<p class=\"mb-l\">\n<div class=\"titlepage\">\n<h2 class=\"text-h3 mb-l\">Nachlegefunktion<\/h2>\n<\/div>\n<p class=\"mb-l\">\n<div class=\"titlepage\">\n<h2 class=\"text-h3 mb-l\">Kein Waschen einzelner Socken mehr dank der Nachlegefunktion.<\/h2>\n<\/div>\n<p class=\"mb-l\">Feature IconEine Socke beim Beladen der Waschmaschine vergessen? Kein Problem! Dank der Nachlegefunktion kannst du den Waschvorgang unterbrechen und die vergessenen W\u00e4schest\u00fccke nachlegen. Kein Frust mehr beim Waschen, sondern die Gewissheit, nichts vergessen zu haben. Die innovative und praktische Nachlegefunktion ist eine echte Erleichterung f\u00fcr deine Waschroutine.<\/p>\n<p class=\"mb-l\">\n<div class=\"titlepage\">\n<h2 class=\"text-h3 mb-l\">AquaStop<\/h2>\n<\/div>\n<p class=\"mb-l\">\n<div class=\"titlepage\">\n<h2 class=\"text-h3 mb-l\">W\u00e4schewaschen ohne Wasserschaden dank AquaStop.<\/h2>\n<\/div>\n<p class=\"mb-l\">Feature IconDu fragst dich, ob bei deiner Waschmaschine Wasser auslaufen k\u00f6nnte? Keine Sorge, AquaStop verhindert das zuverl\u00e4ssig! Das einzigartige AquaStop-System verhindert auslaufendes Wasser, sodass du ganz entspannt W\u00e4sche waschen kannst. Mit diesem verl\u00e4sslichen und effizienten Waschtrockner geh\u00f6ren potenzielle Wassersch\u00e4den der Vergangenheit an.<\/p>\n<li class=\"mb-m\">\n<div class=\"flex flex-col m:flex-row gap-s m:gap-xl\">\n<div class=\"text-h3 min-w-[244px] max-w-[244px]\">Waschen<\/div>\n<div class=\"flex flex-col gap-s\"><span class=\"\"><\/p>\n<ul class=\"flex flex-col gap-s\">\n<li class=\"ml-3xs pl-[15px] relative before:absolute before:w-[8px] before:h-[8px] before:bg-dark before:top-[8px] before:left-0 before:rounded-full\">Drehzahl: 1400 r\/min<\/li>\n<li class=\"ml-3xs pl-[15px] relative before:absolute before:w-[8px] before:h-[8px] before:bg-dark before:top-[8px] before:left-0 before:rounded-full\">Waschkapazit\u00e4t: 8 kg<\/li>\n<\/ul>\n<p><\/span><\/div>\n<\/div>\n<\/li>\n<li class=\"mb-m\">\n<div class=\"flex flex-col m:flex-row gap-s m:gap-xl\">\n<div class=\"text-h3 min-w-[244px] max-w-[244px]\">Haushalt<\/div>\n<div class=\"flex flex-col gap-s\"><span class=\"\"><\/p>\n<ul class=\"flex flex-col gap-s\">\n<li class=\"ml-3xs pl-[15px] relative before:absolute before:w-[8px] before:h-[8px] before:bg-dark before:top-[8px] before:left-0 before:rounded-full\">Auslaufschutz: AquaStop<\/li>\n<li class=\"ml-3xs pl-[15px] relative before:absolute before:w-[8px] before:h-[8px] before:bg-dark before:top-[8px] before:left-0 before:rounded-full\">Startzeitvorwahl in h: 24 h<\/li>\n<li class=\"ml-3xs pl-[15px] relative before:absolute before:w-[8px] before:h-[8px] before:bg-dark before:top-[8px] before:left-0 before:rounded-full\">Bauart: Standger\u00e4t<\/li>\n<li class=\"ml-3xs pl-[15px] relative before:absolute before:w-[8px] before:h-[8px] before:bg-dark before:top-[8px] before:left-0 before:rounded-full\">Beladungstyp: Frontlader<\/li>\n<\/ul>\n<p><\/span><\/div>\n<\/div>\n<\/li>\n<li class=\"mb-m\">\n<div class=\"flex flex-col m:flex-row gap-s m:gap-xl\">\n<div class=\"text-h3 min-w-[244px] max-w-[244px]\">Trocknerkapazit\u00e4t<\/div>\n<div class=\"flex flex-col gap-s\"><span class=\"\"><\/p>\n<ul class=\"flex flex-col gap-s\">\n<li class=\"ml-3xs pl-[15px] relative before:absolute before:w-[8px] before:h-[8px] before:bg-dark before:top-[8px] before:left-0 before:rounded-full\">5 kg<\/li>\n<\/ul>\n<p><\/span><\/div>\n<\/div>\n<\/li>\n<li class=\"mb-m\">\n<div class=\"flex flex-col m:flex-row gap-s m:gap-xl\">\n<div class=\"text-h3 min-w-[244px] max-w-[244px]\">Abmessungen \/ Gewicht<\/div>\n<div class=\"flex flex-col gap-s\"><span class=\"\"><\/p>\n<ul class=\"flex flex-col gap-s\">\n<li class=\"ml-3xs pl-[15px] relative before:absolute before:w-[8px] before:h-[8px] before:bg-dark before:top-[8px] before:left-0 before:rounded-full\">Breite: 598 mm<\/li>\n<li class=\"ml-3xs pl-[15px] relative before:absolute before:w-[8px] before:h-[8px] before:bg-dark before:top-[8px] before:left-0 before:rounded-full\">H\u00f6he: 848 mm<\/li>\n<li class=\"ml-3xs pl-[15px] relative before:absolute before:w-[8px] before:h-[8px] before:bg-dark before:top-[8px] before:left-0 before:rounded-full\">Tiefe: 590 mm<\/li>\n<li class=\"ml-3xs pl-[15px] relative before:absolute before:w-[8px] before:h-[8px] before:bg-dark before:top-[8px] before:left-0 before:rounded-full\">Gewicht: 71.93 kg<\/li>\n<\/ul>\n<p><\/span><\/div>\n<\/div>\n<\/li>\n<li class=\"mb-m\">\n<div class=\"flex flex-col m:flex-row gap-s m:gap-xl\">\n<div class=\"text-h3 min-w-[244px] max-w-[244px]\">Energieeffizienzklasse<\/div>\n<div class=\"flex flex-col gap-s\"><span class=\"\"><\/p>\n<ul class=\"flex flex-col gap-s\">\n<li class=\"ml-3xs pl-[15px] relative before:absolute before:w-[8px] before:h-[8px] before:bg-dark before:top-[8px] before:left-0 before:rounded-full\">E<\/li>\n<\/ul>\n<p><\/span><\/div>\n<\/div>\n<\/li>\n","protected":false},"excerpt":{"rendered":"<li class=\"bullet-list-item\">Energieeffizienzklasse: E<\/li>\n<li class=\"bullet-list-item\">Frontlader, AquaStop Auslaufschutz,  Startzeitvorwahl bis 24 h<\/li>\n<li class=\"bullet-list-item\">8 kg Nennkapazit\u00e4t (Waschen), 5 kg Nennkapazit\u00e4t (Trocknen)<\/li>\n<li class=\"bullet-list-item\">Ma\u00dfe in cm: B 59.8 cm x H 84.8 cm x T 59 cm<\/li>\n<p> Herstellernummer WNA13470<\/p>","protected":false},"featured_media":46335,"comment_status":"open","ping_status":"closed","template":"","meta":{"_monsterinsights_skip_tracking":false,"_monsterinsights_sitenote_active":false,"_monsterinsights_sitenote_note":"","_monsterinsights_sitenote_category":0,"_uf_show_specific_survey":0,"_uf_disable_surveys":false},"product_brand":[],"product_cat":[499],"product_tag":[],"models":[],"years":[],"class_list":{"0":"post-41249","1":"product","2":"type-product","3":"status-publish","4":"has-post-thumbnail","6":"product_cat-waschmaschinen-trockner","8":"first","9":"instock","10":"sale","11":"shipping-taxable","12":"purchasable","13":"product-type-simple"},"aioseo_notices":[],"acf":[],"_links":{"self":[{"href":"https:\/\/amannforg.com\/de\/wp-json\/wp\/v2\/product\/41249","targetHints":{"allow":["GET"]}}],"collection":[{"href":"https:\/\/amannforg.com\/de\/wp-json\/wp\/v2\/product"}],"about":[{"href":"https:\/\/amannforg.com\/de\/wp-json\/wp\/v2\/types\/product"}],"replies":[{"embeddable":true,"href":"https:\/\/amannforg.com\/de\/wp-json\/wp\/v2\/comments?post=41249"}],"version-history":[{"count":1,"href":"https:\/\/amannforg.com\/de\/wp-json\/wp\/v2\/product\/41249\/revisions"}],"predecessor-version":[{"id":57979,"href":"https:\/\/amannforg.com\/de\/wp-json\/wp\/v2\/product\/41249\/revisions\/57979"}],"wp:featuredmedia":[{"embeddable":true,"href":"https:\/\/amannforg.com\/de\/wp-json\/wp\/v2\/media\/46335"}],"wp:attachment":[{"href":"https:\/\/amannforg.com\/de\/wp-json\/wp\/v2\/media?parent=41249"}],"wp:term":[{"taxonomy":"product_brand","embeddable":true,"href":"https:\/\/amannforg.com\/de\/wp-json\/wp\/v2\/product_brand?post=41249"},{"taxonomy":"product_cat","embeddable":true,"href":"https:\/\/amannforg.com\/de\/wp-json\/wp\/v2\/product_cat?post=41249"},{"taxonomy":"product_tag","embeddable":true,"href":"https:\/\/amannforg.com\/de\/wp-json\/wp\/v2\/product_tag?post=41249"},{"taxonomy":"models","embeddable":true,"href":"https:\/\/amannforg.com\/de\/wp-json\/wp\/v2\/models?post=41249"},{"taxonomy":"years","embeddable":true,"href":"https:\/\/amannforg.com\/de\/wp-json\/wp\/v2\/years?post=41249"}],"curies":[{"name":"wp","href":"https:\/\/api.w.org\/{rel}","templated":true}]}}