{"id":41465,"date":"2026-03-03T23:59:20","date_gmt":"2026-03-03T23:59:20","guid":{"rendered":"https:\/\/amannforg.com\/?post_type=product&#038;p=41465"},"modified":"2026-03-07T16:29:59","modified_gmt":"2026-03-07T16:29:59","slug":"siemens-sn53es22ce-iq300-geschirrspuler-60cm-teilintegrierbar-eekb","status":"publish","type":"product","link":"https:\/\/amannforg.com\/de\/produkt\/siemens-sn53es22ce-iq300-geschirrspuler-60cm-teilintegrierbar-eekb\/","title":{"rendered":"Siemens SN53ES22CE iQ300 Geschirrsp\u00fcler 60cm teilintegrierbar EEK:B"},"content":{"rendered":"<p class=\"mb-l\"><span class=\"bold\">Siemens <\/span><\/p>\n<div class=\"titlepage\">\n<h2 class=\"text-h3 mb-l\">SN53ES04TE<\/h2>\n<\/div>\n<p> iQ300 Teilintegrierter Geschirrsp\u00fcler B 60cm<\/p>\n<div class=\"itemizedlist\">\n<ul class=\"bullet-list\">\n<li class=\"bullet-list-item\">varioSpeed Plus: Geschirr bis zu drei Mal schneller sp\u00fclen und trocknen.<\/li>\n<li class=\"bullet-list-item\">flex K\u00f6rbe: f\u00fcr viel Flexibilit\u00e4t und Bedienkomfort beim Be- und Entladen.<\/li>\n<li class=\"bullet-list-item\">Home Connect-App: steuer deinen smarten Geschirrsp\u00fcler von \u00fcberall aus.<\/li>\n<li class=\"bullet-list-item\">aquaStop\u00ae: eine Siemens Hausger\u00e4te Garantie bei Wassersch\u00e4den &#8211; ein Ger\u00e4teleben lang.<\/li>\n<li class=\"bullet-list-item\">autoOpen dry: die automatische T\u00fcr\u00f6ffnung f\u00fcr hoch effiziente Trocknungsergebnisse.<\/li>\n<\/ul>\n<\/div>\n<p class=\"mb-l\"><span class=\"bold\">varioSpeed Plus<\/span><\/p>\n<p class=\"mb-l\">Die schnelle und clevere Reinigung.<\/p>\n<p class=\"mb-l\">Sp\u00fcle und trockne das Geschirr bis zu drei Mal schneller, aber mit demselben exzellenten Ergebnis. Mit varioSpeed Plus kannst du au\u00dferdem jederzeit den Sp\u00fclturbo einschalten, auch wenn der Sp\u00fclgang bereits l\u00e4uft. Und das Beste: du kannst varioSpeed Plus \u00fcber die Home Connect-App auf deinem Ger\u00e4t aktivieren und steuern. Ist das nicht smart?<\/p>\n<p class=\"mb-l\"><span class=\"bold\">flex K\u00f6rbe<\/span><\/p>\n<p class=\"mb-l\">F\u00fcr viel Flexibilit\u00e4t und Bedienkomfort beim Be- und Entladen.<\/p>\n<p class=\"mb-l\">Bereit f\u00fcr dein Geschirr: Die neuen flex-K\u00f6rbe und Schubladen bietet dir viel Flexibilit\u00e4t und Bedienkomfort beim Be- und Entladen. Ob Teller, T\u00f6pfe, Tassen oder Weingl\u00e4ser \u2013 in Siemens Geschirrsp\u00fclern mit flex-K\u00f6rben findet jedes Geschirrteil schnell seinen Platz.<\/p>\n<p class=\"mb-l\"><span class=\"bold\">Die Home Connect-App<\/span><\/p>\n<p class=\"mb-l\">Spart Zeit und Aufwand.<\/p>\n<p class=\"mb-l\">Das Leben ist schon hektisch genug. Siemens Geschirrsp\u00fcler mit Home Connect sind da, um es dir leichter zu machen. Dank unserer Partnerschaft mit Amazon Alexa* kannst du deinen smarten Geschirrsp\u00fcler \u00fcber die Home Connect-App oder deinen smarten Lautsprecher steuern. Beschleunige z. B. das Sp\u00fclprogramm oder schalte das Silence-Programm ein. Die App kann sogar Geschirrsp\u00fcltabs nachbestellen. So wird das Leben ein bisschen einfacher. *Nicht \u00fcberall verf\u00fcgbar.<\/p>\n<p class=\"mb-l\"><span class=\"bold\">aquaStop\u00ae<\/span><\/p>\n<p class=\"mb-l\">aquaStop\u00ae: eine Garantie bei Wassersch\u00e4den<\/p>\n<p class=\"mb-l\">Das aquaStop\u00ae-System verhindert jede Art von Wasserschaden \u2013 sei es durch eine undichten Zulaufschlauch oder am Ger\u00e4t selbst. Sobald eine Undichtigkeit erkannt wird, stellt aquaStop\u00ae den Wasserzulauf direkt an der Armatur ab. F\u00fcr diese garantierte Sicherheit haftet Siemens ein Sp\u00fclerleben lang.<\/p>\n<p class=\"mb-l\"><span class=\"bold\">programmDownload<\/span><\/p>\n<p class=\"mb-l\">Immer auf dem neuesten Stand.<\/p>\n<p class=\"mb-l\">Siemens verbessert st\u00e4ndig seine Geschirrsp\u00fclprogramme, damit dein Geschirr schneller, sauberer und energieeffizienter gesp\u00fclt werden kann. Keine Sorge! Mit dem programmDownload unserer Home-Connect-f\u00e4higen Geschirrsp\u00fcler profitierst du immer von unseren Innovationen! Personalisiere deinen Geschirrsp\u00fcler und lade zus\u00e4tzliche Programme herunter, die deinen individuellen Bed\u00fcrfnissen entsprechen.<\/p>\n<p class=\"mb-l\"><span class=\"bold\">Programm-Assistent<\/span><\/p>\n<p class=\"mb-l\">Einfache Programmauswahl.<\/p>\n<p class=\"mb-l\">Ist praktisch und spart Zeit: Der Programm-Assistent wei\u00df immer, welches Sp\u00fclprogramm am besten geeignet ist. \u00d6ffne auf deinem Smartphone einfach die Home-Connect-App, w\u00e4hle die Geschirrart, den Verschmutzungsgrad sowie deine Pr\u00e4ferenzen, wie Energieeffizienz, Trockengrad, Geschwindigkeit und Ger\u00e4uschpegel, und die App sagt dir, welches Programm am besten hierf\u00fcr geeignet ist.Du sparst Zeit und dein Geschirr wird gl\u00e4nzend sauber.<\/p>\n<p class=\"mb-l\"><span class=\"bold\">Im Handumdrehen zu deinem Favoriten.<\/span><\/p>\n<p class=\"mb-l\">Die Favoriten-Taste macht deinen Geschirrsp\u00fcler noch individueller. Gebe deine am h\u00e4ufigsten verwendeten Programme und Optionen ein und starte diese dann per Tastendruck oder \u00fcber die Home Connect-App.<\/p>\n<p class=\"mb-l\"><span class=\"bold\">Sprachsteuerung<\/span><\/p>\n<p class=\"mb-l\">Dein Geschirrsp\u00fcler h\u00f6rt auf dein Kommando.<\/p>\n<p class=\"mb-l\">Dank der Partnerschaft mit Amazon Alexa und Google Assistant kann dein Geschirrsp\u00fcler auch per Sprachbefehl gesteuert werden. Bitte pr\u00fcfe, ob der entsprechende &#8220;Home Connect&#8221; Skill in der Alexa App oder der &#8220;Home Connect&#8221; Dienst in der Google Home App f\u00fcr dein Land &amp; Sprache verf\u00fcgbar ist. Aktiviere den jeweiligen Skill\/Dienst, um die Verbindung zwischen dem Sprachassistenten und deinem Haushaltsger\u00e4t herzustellen. Sobald verbunden, hast du Zugriff auf mehrere Sprachbefehle f\u00fcr deinen Geschirrsp\u00fcler.<\/p>\n<p class=\"mb-l\"><span class=\"bold\">Fernsteuerung<\/span><\/p>\n<p class=\"mb-l\">W\u00e4hle und starte dein Sp\u00fclprogramm bequem \u00fcber die Home Connect App.<\/p>\n<p class=\"mb-l\">Mit der Home Connect App kannst du problemlos Programme und Funktionen ausw\u00e4hlen und deinen Geschirrsp\u00fcler jederzeit von unterwegs starten. So hast du die Gewissheit, dass dein Geschirr genau dann sauber und trocken ist, wenn du es brauchst.<\/p>\n<p class=\"mb-l\"><span class=\"bold\">Remote Monitoring<\/span><\/p>\n<p class=\"mb-l\">Behalte deinen Geschirrsp\u00fcler stets im Blick.<\/p>\n<p class=\"mb-l\">Mit Home Connect kannst du jederzeit nach deinem Geschirrsp\u00fcler von Siemens sehen \u2013 egal, wo du dich gerade befindest. Du musst nicht mehr pers\u00f6nlich nachsehen, ob das Ger\u00e4t noch l\u00e4uft. Wenn das Geschirr sauber und trocken ist, erh\u00e4lst du eine Push-Benachrichtigung von der Home Connect App.<\/p>\n<p class=\"mb-l\"><span class=\"bold\">Remote Diagnostics<\/span><\/p>\n<p class=\"mb-l\">Praktischer Ger\u00e4te-Check.<\/p>\n<p class=\"mb-l\">Wenn ein Problem mit deinem Geschirrsp\u00fcler auftritt, bietet Home Connect eine komfortable Ferndiagnose. Mit deiner Genehmigung greift der Kundendienst online auf das Ger\u00e4t zu, um die Fehlerursache zu ermitteln. Wenn die Fehlfunktion nicht sofort behoben werden kann und ein pers\u00f6nlicher Kundendienstbesuch erforderlich ist, kommt der erfahrene Siemens-Techniker perfekt vorbereitet und mit den ben\u00f6tigten Ersatzteilen zu dir nach Hause.<\/p>\n<p class=\"mb-l\"><span class=\"bold\">automatikProgramm<\/span><\/p>\n<p class=\"mb-l\">Automatische Optimierung des gesamten Sp\u00fclprozess f\u00fcr gl\u00e4nzende Sp\u00fclergebnisse und maximale Effizienz.<\/p>\n<p class=\"mb-l\">Sobald das automatikProgramm gestartet wird, pr\u00fcft der aquaSensor den Verschmutzungsgrad des Wassers und steuert Zeitpunkt und Menge der Frischwasserzugabe sowie die Geschirrsp\u00fcltemperatur. Auf diese Weise passt dein Geschirrsp\u00fcler die Einstellungen automatisch f\u00fcr bestm\u00f6gliche Ergebnisse an.<\/p>\n<p class=\"mb-l\"><span class=\"bold\">iQdrive<\/span><\/p>\n<p class=\"mb-l\">Effizient, langlebig und leise.<\/p>\n<p class=\"mb-l\">Weniger Energieverbrauch bei gleicher Leistung, kurze Programmzeiten mit optimalen Ergebnissen und in allen Programmen immer angenehm leise \u2013 diese Vorteile bietet der iQdrive-Motor. Und bei all diesen Vorteilen l\u00e4uft er noch nahezu verschlei\u00dffrei.<\/p>\n<p class=\"mb-l\"><span class=\"bold\">Maschinenpflege<\/span><\/p>\n<p class=\"mb-l\">Mit unserem Maschinenpflege-Programm wird dein Geschirrsp\u00fcler in nur einem Reinigungszyklus von Kalk und Fettteilchen befreit. So bleibt deine Maschine immer in Top-Zustand.<\/p>\n<p class=\"mb-l\"><span class=\"bold\">dosierAssistent<\/span><\/p>\n<p class=\"mb-l\">Optimale Verwendung des Reinigers f\u00fcr maximal perfekte Sp\u00fclergebnisse.<\/p>\n<p class=\"mb-l\">Mit dem dosierAssistent entfaltet dein Reiniger seine volle Kraft f\u00fcr maximale Leistung. Der Sp\u00fcltab f\u00e4llt direkt in eine kleine Auffangschale. Ein gezielter Wasserstrahl l\u00f6st den Tab kontrolliert und schnell auf. Das Reinigungsmittel verteilt sich gleichm\u00e4\u00dfig in der gesamten Maschine und du erh\u00e4lst immer ein optimales Reinigungsergebnis.<\/p>\n<li class=\"mb-m\">\n<div class=\"flex flex-col m:flex-row gap-s m:gap-xl\">\n<div class=\"text-h3 min-w-[244px] max-w-[244px]\">Sp\u00fclen<\/div>\n<div class=\"flex flex-col gap-s\"><span class=\"\"><\/p>\n<ul class=\"flex flex-col gap-s\">\n<li class=\"ml-3xs pl-[15px] relative before:absolute before:w-[8px] before:h-[8px] before:bg-dark before:top-[8px] before:left-0 before:rounded-full\">Bestecksystem: Besteckschublade<\/li>\n<li class=\"ml-3xs pl-[15px] relative before:absolute before:w-[8px] before:h-[8px] before:bg-dark before:top-[8px] before:left-0 before:rounded-full\">Kapazit\u00e4t in Ma\u00dfgedecken: 14<\/li>\n<\/ul>\n<p><\/span><\/div>\n<\/div>\n<\/li>\n<li class=\"mb-m\">\n<div class=\"flex flex-col m:flex-row gap-s m:gap-xl\">\n<div class=\"text-h3 min-w-[244px] max-w-[244px]\">Haushalt<\/div>\n<div class=\"flex flex-col gap-s\"><span class=\"\"><\/p>\n<ul class=\"flex flex-col gap-s\">\n<li class=\"ml-3xs pl-[15px] relative before:absolute before:w-[8px] before:h-[8px] before:bg-dark before:top-[8px] before:left-0 before:rounded-full\">Auslaufschutz: AquaStop<\/li>\n<li class=\"ml-3xs pl-[15px] relative before:absolute before:w-[8px] before:h-[8px] before:bg-dark before:top-[8px] before:left-0 before:rounded-full\">Bauart: Teilintegrierbar<\/li>\n<\/ul>\n<p><\/span><\/div>\n<\/div>\n<\/li>\n<li class=\"mb-m\">\n<div class=\"flex flex-col m:flex-row gap-s m:gap-xl\">\n<div class=\"text-h3 min-w-[244px] max-w-[244px]\">Sonderma\u00dfe<\/div>\n<div class=\"flex flex-col gap-s\"><span class=\"\"><\/p>\n<ul class=\"flex flex-col gap-s\">\n<li class=\"ml-3xs pl-[15px] relative before:absolute before:w-[8px] before:h-[8px] before:bg-dark before:top-[8px] before:left-0 before:rounded-full\">Nischen-Breite: 600 mm<\/li>\n<li class=\"ml-3xs pl-[15px] relative before:absolute before:w-[8px] before:h-[8px] before:bg-dark before:top-[8px] before:left-0 before:rounded-full\">Nischen-H\u00f6he: 815 mm<\/li>\n<li class=\"ml-3xs pl-[15px] relative before:absolute before:w-[8px] before:h-[8px] before:bg-dark before:top-[8px] before:left-0 before:rounded-full\">Nischen-Tiefe: 550 mm<\/li>\n<\/ul>\n<p><\/span><\/div>\n<\/div>\n<\/li>\n<li class=\"mb-m\">\n<div class=\"flex flex-col m:flex-row gap-s m:gap-xl\">\n<div class=\"text-h3 min-w-[244px] max-w-[244px]\">Kompatibilit\u00e4t<\/div>\n<div class=\"flex flex-col gap-s\"><span class=\"\"><\/p>\n<ul class=\"flex flex-col gap-s\">\n<li class=\"ml-3xs pl-[15px] relative before:absolute before:w-[8px] before:h-[8px] before:bg-dark before:top-[8px] before:left-0 before:rounded-full\">Home Connect<\/li>\n<\/ul>\n<p><\/span><\/div>\n<\/div>\n<\/li>\n<li class=\"mb-m\">\n<div class=\"flex flex-col m:flex-row gap-s m:gap-xl\">\n<div class=\"text-h3 min-w-[244px] max-w-[244px]\">Abmessungen \/ Gewicht<\/div>\n<div class=\"flex flex-col gap-s\"><span class=\"\"><\/p>\n<ul class=\"flex flex-col gap-s\">\n<li class=\"ml-3xs pl-[15px] relative before:absolute before:w-[8px] before:h-[8px] before:bg-dark before:top-[8px] before:left-0 before:rounded-full\">Breite: 598 mm<\/li>\n<li class=\"ml-3xs pl-[15px] relative before:absolute before:w-[8px] before:h-[8px] before:bg-dark before:top-[8px] before:left-0 before:rounded-full\">H\u00f6he: 815 mm<\/li>\n<li class=\"ml-3xs pl-[15px] relative before:absolute before:w-[8px] before:h-[8px] before:bg-dark before:top-[8px] before:left-0 before:rounded-full\">Tiefe: 573 mm<\/li>\n<li class=\"ml-3xs pl-[15px] relative before:absolute before:w-[8px] before:h-[8px] before:bg-dark before:top-[8px] before:left-0 before:rounded-full\">Gewicht: 35.9 kg<\/li>\n<\/ul>\n<p><\/span><\/div>\n<\/div>\n<\/li>\n<li class=\"mb-m\">\n<div class=\"flex flex-col m:flex-row gap-s m:gap-xl\">\n<div class=\"text-h3 min-w-[244px] max-w-[244px]\">Energieeffizienzklasse<\/div>\n<div class=\"flex flex-col gap-s\"><span class=\"\"><\/p>\n<ul class=\"flex flex-col gap-s\">\n<li class=\"ml-3xs pl-[15px] relative before:absolute before:w-[8px] before:h-[8px] before:bg-dark before:top-[8px] before:left-0 before:rounded-full\">A<\/li>\n<\/ul>\n<p><\/span><\/div>\n<\/div>\n<\/li>\n","protected":false},"excerpt":{"rendered":"<li class=\"bullet-list-item\">Energieeffizienzklasse: A<\/li>\n<li class=\"bullet-list-item\">Kapazit\u00e4t f\u00fcr 14 Ma\u00dfgedecke<\/li>\n<li class=\"bullet-list-item\">Bestecksystem: Besteckschublade<\/li>\n<li class=\"bullet-list-item\">Kompatibel mit Home Connect, AquaStop Auslaufschutz<\/li>\n<li class=\"bullet-list-item\">M\u00f6belfront separat erh\u00e4ltlich, Nischenma\u00df: B 60 cm x H 60 cm x T N\/A<\/li>\n<p> Herstellernummer SN53ES22CE<\/p>","protected":false},"featured_media":46551,"comment_status":"open","ping_status":"closed","template":"","meta":{"_monsterinsights_skip_tracking":false,"_monsterinsights_sitenote_active":false,"_monsterinsights_sitenote_note":"","_monsterinsights_sitenote_category":0,"_uf_show_specific_survey":0,"_uf_disable_surveys":false},"product_brand":[],"product_cat":[500],"product_tag":[],"models":[],"years":[],"class_list":{"0":"post-41465","1":"product","2":"type-product","3":"status-publish","4":"has-post-thumbnail","6":"product_cat-spulmaschinen","8":"first","9":"instock","10":"sale","11":"shipping-taxable","12":"purchasable","13":"product-type-simple"},"aioseo_notices":[],"acf":[],"_links":{"self":[{"href":"https:\/\/amannforg.com\/de\/wp-json\/wp\/v2\/product\/41465","targetHints":{"allow":["GET"]}}],"collection":[{"href":"https:\/\/amannforg.com\/de\/wp-json\/wp\/v2\/product"}],"about":[{"href":"https:\/\/amannforg.com\/de\/wp-json\/wp\/v2\/types\/product"}],"replies":[{"embeddable":true,"href":"https:\/\/amannforg.com\/de\/wp-json\/wp\/v2\/comments?post=41465"}],"version-history":[{"count":1,"href":"https:\/\/amannforg.com\/de\/wp-json\/wp\/v2\/product\/41465\/revisions"}],"predecessor-version":[{"id":58016,"href":"https:\/\/amannforg.com\/de\/wp-json\/wp\/v2\/product\/41465\/revisions\/58016"}],"wp:featuredmedia":[{"embeddable":true,"href":"https:\/\/amannforg.com\/de\/wp-json\/wp\/v2\/media\/46551"}],"wp:attachment":[{"href":"https:\/\/amannforg.com\/de\/wp-json\/wp\/v2\/media?parent=41465"}],"wp:term":[{"taxonomy":"product_brand","embeddable":true,"href":"https:\/\/amannforg.com\/de\/wp-json\/wp\/v2\/product_brand?post=41465"},{"taxonomy":"product_cat","embeddable":true,"href":"https:\/\/amannforg.com\/de\/wp-json\/wp\/v2\/product_cat?post=41465"},{"taxonomy":"product_tag","embeddable":true,"href":"https:\/\/amannforg.com\/de\/wp-json\/wp\/v2\/product_tag?post=41465"},{"taxonomy":"models","embeddable":true,"href":"https:\/\/amannforg.com\/de\/wp-json\/wp\/v2\/models?post=41465"},{"taxonomy":"years","embeddable":true,"href":"https:\/\/amannforg.com\/de\/wp-json\/wp\/v2\/years?post=41465"}],"curies":[{"name":"wp","href":"https:\/\/api.w.org\/{rel}","templated":true}]}}