{"id":41484,"date":"2026-03-03T23:59:30","date_gmt":"2026-03-03T23:59:30","guid":{"rendered":"https:\/\/amannforg.com\/?post_type=product&#038;p=41484"},"modified":"2026-03-13T11:42:34","modified_gmt":"2026-03-13T11:42:34","slug":"bosch-spv2ikx10e-serie-2-geschirrspuler-45cm-vollintegrierbar-eekf","status":"publish","type":"product","link":"https:\/\/amannforg.com\/de\/produkt\/bosch-spv2ikx10e-serie-2-geschirrspuler-45cm-vollintegrierbar-eekf\/","title":{"rendered":"Bosch SPV2IKX10E Serie 2 Geschirrsp\u00fcler 45cm vollintegrierbar EEK:F"},"content":{"rendered":"<div class=\"titlepage\">\n<h2 class=\"text-h3 mb-l\">Info Light \u2013 ein roter Punkt, der Auskunft gibt.<\/h2>\n<\/div>\n<p class=\"mb-l\">Ein roter Lichtpunkt auf dem Fu\u00dfboden gibt dir Auskunft dar\u00fcber, ob dein vollintegrierter Geschirrsp\u00fcler noch l\u00e4uft oder bereits fertig ist.<\/p>\n<div class=\"titlepage\">\n<h2 class=\"text-h3 mb-l\">Lade Programme herunter, die perfekt in deinen Alltag passen.\ufeff<\/h2>\n<\/div>\n<p class=\"mb-l\">Sp\u00fclmaschinenprogramme sind nicht immer optimal auf deine individuellen Bed\u00fcrfnisse abgestimmt? Bei Bosch Geschirrsp\u00fclern mit Programm Download k\u00f6nnen zus\u00e4tzliche Geschirrsp\u00fclprogramme \u00fcber die Home Connect App heruntergeladen werden. Der Programm Download sorgt f\u00fcr perfekte Sp\u00fclergebnisse, die genau auf deine Bed\u00fcrfnisse zugeschnitten sind.<\/p>\n<div class=\"titlepage\">\n<h2 class=\"text-h3 mb-l\">Best\u00e4tigte Hygieneleistung.<\/h2>\n<\/div>\n<p class=\"mb-l\">Viren wie Corona und Influenza werden in Eco 50 \u00b0C wirksam inaktiviert. Getestet vom Institut f\u00fcr integrative Hygiene und Virologie (Hygiene-Label Stufe 1). Bei Programmen mit h\u00f6herer Temperatur l\u00e4sst sich ein noch h\u00f6heres Hygienelevel erreichen, das gegen widerstandsf\u00e4higere Viren, einschlie\u00dflich beh\u00fcllter und unbeh\u00fcllter Viren, wirksam ist. Best\u00e4tigt f\u00fcr das Intensiv 70 \u00b0C und Maschinenpflegeprogramm (Hygiene-Label Stufe 3).<\/p>\n<div class=\"titlepage\">\n<h2 class=\"text-h3 mb-l\">Der AquaStop garantiert den Schutz vor Wassersch\u00e4den.<\/h2>\n<\/div>\n<p class=\"mb-l\">Der Auslaufschutz geh\u00f6rt zu den wichtigsten Funktionen von Geschirrsp\u00fclern. Unser AquaStop-System bietet dir einen ausfallsicheren Auslaufschutz. Wenn der Sensor ein Leck entdeckt, stoppt der Geschirrsp\u00fcler automatisch und pumpt das Wasser \u00fcber einen doppelwandigen Schlauch ab. Mit AquaStop bist du vor Wassersch\u00e4den gesch\u00fctzt \u2013 und zwar \u00fcber die gesamte Lebensdauer deines Ger\u00e4ts.<\/p>\n<div class=\"titlepage\">\n<h2 class=\"text-h3 mb-l\">Ferndiagnose bei Fehlermeldung.<\/h2>\n<\/div>\n<p class=\"mb-l\">Eines deiner Haushaltsger\u00e4te funktioniert nicht so, wie es sollte? Dann hilft dir die Bosch Ferndiagnose. Kontaktiere telefonisch den Bosch Kundendienst, der mit deinem Einverst\u00e4ndnis die Fehlermeldung deines Ger\u00e4tes per Ferndiagnose lokalisiert und dir eine genaue Anweisung gibt, wie du die Fehlermeldung beheben kannst. L\u00e4sst sich das Problem per Ferndiagnose nicht l\u00f6sen, kann ein Bosch Servicetechniker benachrichtigt werden, der m\u00f6gliche Ersatzteile direkt vor Ort austauscht. Intelligenter Support, intelligente L\u00f6sungen.<\/p>\n<div class=\"titlepage\">\n<h2 class=\"text-h3 mb-l\">Extra leise, wann immer du es ben\u00f6tigst.<\/h2>\n<\/div>\n<p class=\"mb-l\">Manchmal brauchst du es zu Hause besonders ruhig, um dich auf deine t\u00e4glichen Aufgaben zu konzentrieren. Die Silence on demand-Funktion kann per Home Connect App aktiviert werden und bringt deinen Geschirrsp\u00fcler bei Bedarf zum Schweigen. Durch eine aktive Pause reduziert sie den L\u00e4rm f\u00fcr bis zu 30 Minuten auf ein Minimum, w\u00e4hrend der Geschirrsp\u00fcler weiterl\u00e4uft. Mit der Silence on demand-Funktion kannst du dich auf das Wesentliche konzentrieren.<\/p>\n<li class=\"mb-m\">\n<div class=\"flex flex-col m:flex-row gap-s m:gap-xl\">\n<div class=\"text-h3 min-w-[244px] max-w-[244px]\">Sp\u00fclen<\/div>\n<div class=\"flex flex-col gap-s\"><span class=\"\"><\/p>\n<ul class=\"flex flex-col gap-s\">\n<li class=\"ml-3xs pl-[15px] relative before:absolute before:w-[8px] before:h-[8px] before:bg-dark before:top-[8px] before:left-0 before:rounded-full\">Bestecksystem: Besteckschublade<\/li>\n<li class=\"ml-3xs pl-[15px] relative before:absolute before:w-[8px] before:h-[8px] before:bg-dark before:top-[8px] before:left-0 before:rounded-full\">Kapazit\u00e4t in Ma\u00dfgedecken: 9<\/li>\n<\/ul>\n<p><\/span><\/div>\n<\/div>\n<\/li>\n<li class=\"mb-m\">\n<div class=\"flex flex-col m:flex-row gap-s m:gap-xl\">\n<div class=\"text-h3 min-w-[244px] max-w-[244px]\">Haushalt<\/div>\n<div class=\"flex flex-col gap-s\"><span class=\"\"><\/p>\n<ul class=\"flex flex-col gap-s\">\n<li class=\"ml-3xs pl-[15px] relative before:absolute before:w-[8px] before:h-[8px] before:bg-dark before:top-[8px] before:left-0 before:rounded-full\">Auslaufschutz: AquaStop<\/li>\n<li class=\"ml-3xs pl-[15px] relative before:absolute before:w-[8px] before:h-[8px] before:bg-dark before:top-[8px] before:left-0 before:rounded-full\">Bauart: Vollintegrierbar<\/li>\n<\/ul>\n<p><\/span><\/div>\n<\/div>\n<\/li>\n<li class=\"mb-m\">\n<div class=\"flex flex-col m:flex-row gap-s m:gap-xl\">\n<div class=\"text-h3 min-w-[244px] max-w-[244px]\">Kompatibilit\u00e4t<\/div>\n<div class=\"flex flex-col gap-s\"><span class=\"\"><\/p>\n<ul class=\"flex flex-col gap-s\">\n<li class=\"ml-3xs pl-[15px] relative before:absolute before:w-[8px] before:h-[8px] before:bg-dark before:top-[8px] before:left-0 before:rounded-full\">Home Connect<\/li>\n<\/ul>\n<p><\/span><\/div>\n<\/div>\n<\/li>\n<li class=\"mb-m\">\n<div class=\"flex flex-col m:flex-row gap-s m:gap-xl\">\n<div class=\"text-h3 min-w-[244px] max-w-[244px]\">Sonderma\u00dfe<\/div>\n<div class=\"flex flex-col gap-s\"><span class=\"\"><\/p>\n<ul class=\"flex flex-col gap-s\">\n<li class=\"ml-3xs pl-[15px] relative before:absolute before:w-[8px] before:h-[8px] before:bg-dark before:top-[8px] before:left-0 before:rounded-full\">Nischen-Breite: 450 mm<\/li>\n<li class=\"ml-3xs pl-[15px] relative before:absolute before:w-[8px] before:h-[8px] before:bg-dark before:top-[8px] before:left-0 before:rounded-full\">Nischen-H\u00f6he: 815 mm<\/li>\n<li class=\"ml-3xs pl-[15px] relative before:absolute before:w-[8px] before:h-[8px] before:bg-dark before:top-[8px] before:left-0 before:rounded-full\">Nischen-Tiefe: 550 mm<\/li>\n<\/ul>\n<p><\/span><\/div>\n<\/div>\n<\/li>\n<li class=\"mb-m\">\n<div class=\"flex flex-col m:flex-row gap-s m:gap-xl\">\n<div class=\"text-h3 min-w-[244px] max-w-[244px]\">Abmessungen \/ Gewicht<\/div>\n<div class=\"flex flex-col gap-s\"><span class=\"\"><\/p>\n<ul class=\"flex flex-col gap-s\">\n<li class=\"ml-3xs pl-[15px] relative before:absolute before:w-[8px] before:h-[8px] before:bg-dark before:top-[8px] before:left-0 before:rounded-full\">Breite: 448 mm<\/li>\n<li class=\"ml-3xs pl-[15px] relative before:absolute before:w-[8px] before:h-[8px] before:bg-dark before:top-[8px] before:left-0 before:rounded-full\">H\u00f6he: 815 mm<\/li>\n<li class=\"ml-3xs pl-[15px] relative before:absolute before:w-[8px] before:h-[8px] before:bg-dark before:top-[8px] before:left-0 before:rounded-full\">Tiefe: 550 mm<\/li>\n<li class=\"ml-3xs pl-[15px] relative before:absolute before:w-[8px] before:h-[8px] before:bg-dark before:top-[8px] before:left-0 before:rounded-full\">Gewicht: 26.5 kg<\/li>\n<\/ul>\n<p><\/span><\/div>\n<\/div>\n<\/li>\n<li class=\"mb-m\">\n<div class=\"flex flex-col m:flex-row gap-s m:gap-xl\">\n<div class=\"text-h3 min-w-[244px] max-w-[244px]\">Energieeffizienzklasse<\/div>\n<div class=\"flex flex-col gap-s\"><span class=\"\"><\/p>\n<ul class=\"flex flex-col gap-s\">\n<li class=\"ml-3xs pl-[15px] relative before:absolute before:w-[8px] before:h-[8px] before:bg-dark before:top-[8px] before:left-0 before:rounded-full\">F<\/li>\n<\/ul>\n<p><\/span><\/div>\n<\/div>\n<\/li>\n","protected":false},"excerpt":{"rendered":"<li class=\"bullet-list-item\">Energieeffizienzklasse: F<\/li>\n<li class=\"bullet-list-item\">Kapazit\u00e4t f\u00fcr 9 Ma\u00dfgedecke<\/li>\n<li class=\"bullet-list-item\">Bestecksystem: Besteckschublade<\/li>\n<li class=\"bullet-list-item\">Kompatibel mit Home Connect, AquaStop Auslaufschutz<\/li>\n<li class=\"bullet-list-item\">M\u00f6belfront separat erh\u00e4ltlich, Nischenma\u00df: B 45 cm x H 45 cm x T N\/A<\/li>\n<p> Herstellernummer SPV2IKX10E<\/p>","protected":false},"featured_media":46570,"comment_status":"open","ping_status":"closed","template":"","meta":{"_monsterinsights_skip_tracking":false,"_monsterinsights_sitenote_active":false,"_monsterinsights_sitenote_note":"","_monsterinsights_sitenote_category":0,"_uf_show_specific_survey":0,"_uf_disable_surveys":false},"product_brand":[],"product_cat":[500],"product_tag":[],"models":[],"years":[],"class_list":{"0":"post-41484","1":"product","2":"type-product","3":"status-publish","4":"has-post-thumbnail","6":"product_cat-spulmaschinen","8":"first","9":"instock","10":"sale","11":"featured","12":"shipping-taxable","13":"purchasable","14":"product-type-simple"},"aioseo_notices":[],"acf":[],"_links":{"self":[{"href":"https:\/\/amannforg.com\/de\/wp-json\/wp\/v2\/product\/41484","targetHints":{"allow":["GET"]}}],"collection":[{"href":"https:\/\/amannforg.com\/de\/wp-json\/wp\/v2\/product"}],"about":[{"href":"https:\/\/amannforg.com\/de\/wp-json\/wp\/v2\/types\/product"}],"replies":[{"embeddable":true,"href":"https:\/\/amannforg.com\/de\/wp-json\/wp\/v2\/comments?post=41484"}],"version-history":[{"count":1,"href":"https:\/\/amannforg.com\/de\/wp-json\/wp\/v2\/product\/41484\/revisions"}],"predecessor-version":[{"id":58020,"href":"https:\/\/amannforg.com\/de\/wp-json\/wp\/v2\/product\/41484\/revisions\/58020"}],"wp:featuredmedia":[{"embeddable":true,"href":"https:\/\/amannforg.com\/de\/wp-json\/wp\/v2\/media\/46570"}],"wp:attachment":[{"href":"https:\/\/amannforg.com\/de\/wp-json\/wp\/v2\/media?parent=41484"}],"wp:term":[{"taxonomy":"product_brand","embeddable":true,"href":"https:\/\/amannforg.com\/de\/wp-json\/wp\/v2\/product_brand?post=41484"},{"taxonomy":"product_cat","embeddable":true,"href":"https:\/\/amannforg.com\/de\/wp-json\/wp\/v2\/product_cat?post=41484"},{"taxonomy":"product_tag","embeddable":true,"href":"https:\/\/amannforg.com\/de\/wp-json\/wp\/v2\/product_tag?post=41484"},{"taxonomy":"models","embeddable":true,"href":"https:\/\/amannforg.com\/de\/wp-json\/wp\/v2\/models?post=41484"},{"taxonomy":"years","embeddable":true,"href":"https:\/\/amannforg.com\/de\/wp-json\/wp\/v2\/years?post=41484"}],"curies":[{"name":"wp","href":"https:\/\/api.w.org\/{rel}","templated":true}]}}