{"id":41507,"date":"2026-03-03T23:59:40","date_gmt":"2026-03-03T23:59:40","guid":{"rendered":"https:\/\/amannforg.com\/?post_type=product&#038;p=41507"},"modified":"2026-03-07T16:30:00","modified_gmt":"2026-03-07T16:30:00","slug":"siemens-sn87tx00ce-iq700-geschirrspuler-60cm-vollintegrierbar-eekb","status":"publish","type":"product","link":"https:\/\/amannforg.com\/de\/produkt\/siemens-sn87tx00ce-iq700-geschirrspuler-60cm-vollintegrierbar-eekb\/","title":{"rendered":"Siemens SN87TX00CE iQ700 Geschirrsp\u00fcler 60cm vollintegrierbar EEKB"},"content":{"rendered":"<p class=\"mb-l\">Die schnelle und clevere Reinigung.<\/p>\n<p class=\"mb-l\">Sp\u00fcle und trockne das Geschirr bis zu drei Mal schneller, aber mit demselben exzellenten Ergebnis. Mit varioSpeed Plus kannst du au\u00dferdem jederzeit den Sp\u00fclturbo einschalten, auch wenn der Sp\u00fclgang bereits l\u00e4uft. Und das Beste: du kannst varioSpeed Plus \u00fcber die Home Connect-App auf deinem Ger\u00e4t aktivieren und steuern. Ist das nicht smart?.<\/p>\n<p>Schonende und effiziente Trocknung dank Zeolith.<\/p>\n<p class=\"mb-l\">Der Zeolith-Beh\u00e4lter unter dem Sp\u00fclerinnenraum enth\u00e4lt nat\u00fcrliche Mineralien. W\u00e4hrend der Trocknungsphase nehmen die Zeolith-K\u00fcgelchen Feuchtigkeit auf und geben diese anschliessend in Form von heisser Luft ab. Unterschiedlichstes Geschirr, einschliesslich schwer zu trocknenden Kunststoffen, wird somit effizient (ressourcenschonend) und effektiv (fleckenfrei) getrocknet. Die Regenerierungsphase w\u00e4hrend des darauffolgenden Sp\u00fclgangs garantiert eine lang anhaltende und wartungsfreie Nutzung, so dass stets ein hervorragendes Trocknungsergebnis erzielt wird.<\/p>\n<p>Ultimativ energieeffizientes Geschirrsp\u00fclen.<\/p>\n<p class=\"mb-l\">Wer Ressourcen sparen m\u00f6chte und gleichzeitig ein Top-Sp\u00fclergebnis erwartet, musste bisher Kompromisse eingehen. Jetzt nicht mehr: Unser hocheffizientes Energiespar-System basiert auf der Zeolith-Technologie, einer innovativen Isolierung auf Schaumstoffbasis mit cleverer Elektronik. Damit erreichen unsere Geschirrsp\u00fcler die Energieklasse A. Jedes Mal, jederzeit, ohne Kompromisse, weder bei Programmen noch bei Optionen. Bei unseren Siemens-Geschirrsp\u00fclern mit dem Energielabel A kannst du dich in jeder Situation auf effiziente und perfekte Sp\u00fclergebnisse verlassen.<\/p>\n<p>Dein Geschirrsp\u00fcler wei\u00df es am besten.<\/p>\n<p class=\"mb-l\">Du willst nicht lange \u00fcberlegen m\u00fcssen, welches Programm am besten passt? Dann lass deinen Geschirrsp\u00fcler die richtigen Einstellungen w\u00e4hlen und und das Sp\u00fclprogramm bei Bedarf beschleunigen. Gib deinem Geschirrsp\u00fcler einfach \u00fcber die Home-Connect-App Feedback, wie zufrieden du mit der Dauer des Programms und den Reinigungs- sowie Trockungsergebnissen bist. Der Geschirrsp\u00fcler passt auf dieser Basis seine Einstellungen an und erstellt f\u00fcr dich ein individuell ma\u00dfgeschneidertes Sp\u00fclprogramm. Dar\u00fcber hinaus bietet dir das Programm volle Transparenz bei Wasser- und Energieverbrauch. Und du hast mehr Zeit f\u00fcr die wirklich wichtigen Dinge!.<\/p>\n<div class=\"itemizedlist\">\n<ul class=\"bullet-list\">\n<li class=\"bullet-list-item\">varioSpeed Plus: Geschirr bis zu drei Mal schneller sp\u00fclen und trocknen.<\/li>\n<li class=\"bullet-list-item\">Zeolith\u00ae Technologie und Shine&amp;Dry: schonende und effiziente Trocknung.<\/li>\n<li class=\"bullet-list-item\">Energieeffizienzklasse A: unser energieeffizientester Geschirrsp\u00fcler.<\/li>\n<li class=\"bullet-list-item\">intelligentProgramm: kreiere dein ma\u00dfgeschneidertes Sp\u00fclprogramm.<\/li>\n<li class=\"bullet-list-item\">flexComfort Pro: leicht zug\u00e4ngliche K\u00f6rbe speziell f\u00fcr Gl\u00e4ser.<\/li>\n<\/ul>\n<\/div>\n<li class=\"mb-m\">\n<div class=\"flex flex-col m:flex-row gap-s m:gap-xl\">\n<div class=\"text-h3 min-w-[244px] max-w-[244px]\">Sp\u00fclen<\/div>\n<div class=\"flex flex-col gap-s\"><span class=\"\"><\/p>\n<ul class=\"flex flex-col gap-s\">\n<li class=\"ml-3xs pl-[15px] relative before:absolute before:w-[8px] before:h-[8px] before:bg-dark before:top-[8px] before:left-0 before:rounded-full\">Bestecksystem: Besteckschublade<\/li>\n<li class=\"ml-3xs pl-[15px] relative before:absolute before:w-[8px] before:h-[8px] before:bg-dark before:top-[8px] before:left-0 before:rounded-full\">Kapazit\u00e4t in Ma\u00dfgedecken: 14<\/li>\n<\/ul>\n<p><\/span><\/div>\n<\/div>\n<\/li>\n<li class=\"mb-m\">\n<div class=\"flex flex-col m:flex-row gap-s m:gap-xl\">\n<div class=\"text-h3 min-w-[244px] max-w-[244px]\">Haushalt<\/div>\n<div class=\"flex flex-col gap-s\"><span class=\"\"><\/p>\n<ul class=\"flex flex-col gap-s\">\n<li class=\"ml-3xs pl-[15px] relative before:absolute before:w-[8px] before:h-[8px] before:bg-dark before:top-[8px] before:left-0 before:rounded-full\">Auslaufschutz: AquaStop<\/li>\n<li class=\"ml-3xs pl-[15px] relative before:absolute before:w-[8px] before:h-[8px] before:bg-dark before:top-[8px] before:left-0 before:rounded-full\">Bauart: Vollintegrierbar<\/li>\n<\/ul>\n<p><\/span><\/div>\n<\/div>\n<\/li>\n<li class=\"mb-m\">\n<div class=\"flex flex-col m:flex-row gap-s m:gap-xl\">\n<div class=\"text-h3 min-w-[244px] max-w-[244px]\">Sonderma\u00dfe<\/div>\n<div class=\"flex flex-col gap-s\"><span class=\"\"><\/p>\n<ul class=\"flex flex-col gap-s\">\n<li class=\"ml-3xs pl-[15px] relative before:absolute before:w-[8px] before:h-[8px] before:bg-dark before:top-[8px] before:left-0 before:rounded-full\">Nischen-Breite: 600 mm<\/li>\n<li class=\"ml-3xs pl-[15px] relative before:absolute before:w-[8px] before:h-[8px] before:bg-dark before:top-[8px] before:left-0 before:rounded-full\">Nischen-H\u00f6he: 815 mm<\/li>\n<li class=\"ml-3xs pl-[15px] relative before:absolute before:w-[8px] before:h-[8px] before:bg-dark before:top-[8px] before:left-0 before:rounded-full\">Nischen-Tiefe: 550 mm<\/li>\n<\/ul>\n<p><\/span><\/div>\n<\/div>\n<\/li>\n<li class=\"mb-m\">\n<div class=\"flex flex-col m:flex-row gap-s m:gap-xl\">\n<div class=\"text-h3 min-w-[244px] max-w-[244px]\">Kompatibilit\u00e4t<\/div>\n<div class=\"flex flex-col gap-s\"><span class=\"\"><\/p>\n<ul class=\"flex flex-col gap-s\">\n<li class=\"ml-3xs pl-[15px] relative before:absolute before:w-[8px] before:h-[8px] before:bg-dark before:top-[8px] before:left-0 before:rounded-full\">Home Connect<\/li>\n<\/ul>\n<p><\/span><\/div>\n<\/div>\n<\/li>\n<li class=\"mb-m\">\n<div class=\"flex flex-col m:flex-row gap-s m:gap-xl\">\n<div class=\"text-h3 min-w-[244px] max-w-[244px]\">Abmessungen \/ Gewicht<\/div>\n<div class=\"flex flex-col gap-s\"><span class=\"\"><\/p>\n<ul class=\"flex flex-col gap-s\">\n<li class=\"ml-3xs pl-[15px] relative before:absolute before:w-[8px] before:h-[8px] before:bg-dark before:top-[8px] before:left-0 before:rounded-full\">Breite: 598 mm<\/li>\n<li class=\"ml-3xs pl-[15px] relative before:absolute before:w-[8px] before:h-[8px] before:bg-dark before:top-[8px] before:left-0 before:rounded-full\">H\u00f6he: 815 mm<\/li>\n<li class=\"ml-3xs pl-[15px] relative before:absolute before:w-[8px] before:h-[8px] before:bg-dark before:top-[8px] before:left-0 before:rounded-full\">Tiefe: 550 mm<\/li>\n<li class=\"ml-3xs pl-[15px] relative before:absolute before:w-[8px] before:h-[8px] before:bg-dark before:top-[8px] before:left-0 before:rounded-full\">Gewicht: 43.10 kg<\/li>\n<\/ul>\n<p><\/span><\/div>\n<\/div>\n<\/li>\n<li class=\"mb-m\">\n<div class=\"flex flex-col m:flex-row gap-s m:gap-xl\">\n<div class=\"text-h3 min-w-[244px] max-w-[244px]\">Energieeffizienzklasse<\/div>\n<div class=\"flex flex-col gap-s\"><span class=\"\"><\/p>\n<ul class=\"flex flex-col gap-s\">\n<li class=\"ml-3xs pl-[15px] relative before:absolute before:w-[8px] before:h-[8px] before:bg-dark before:top-[8px] before:left-0 before:rounded-full\">A<\/li>\n<\/ul>\n<p><\/span><\/div>\n<\/div>\n<\/li>\n","protected":false},"excerpt":{"rendered":"<li class=\"bullet-list-item\">Energieeffizienzklasse: A<\/li>\n<li class=\"bullet-list-item\">Kapazit\u00e4t f\u00fcr 14 Ma\u00dfgedecke<\/li>\n<li class=\"bullet-list-item\">Bestecksystem: Besteckschublade<\/li>\n<li class=\"bullet-list-item\">Kompatibel mit Home Connect, AquaStop Auslaufschutz<\/li>\n<li class=\"bullet-list-item\">M\u00f6belfront separat erh\u00e4ltlich, Nischenma\u00df: B 60 cm x H 60 cm x T N\/A<\/li>\n<p> Herstellernummer SN87TX00CE<\/p>","protected":false},"featured_media":46593,"comment_status":"open","ping_status":"closed","template":"","meta":{"_monsterinsights_skip_tracking":false,"_monsterinsights_sitenote_active":false,"_monsterinsights_sitenote_note":"","_monsterinsights_sitenote_category":0,"_uf_show_specific_survey":0,"_uf_disable_surveys":false},"product_brand":[],"product_cat":[500],"product_tag":[],"models":[],"years":[],"class_list":{"0":"post-41507","1":"product","2":"type-product","3":"status-publish","4":"has-post-thumbnail","6":"product_cat-spulmaschinen","8":"first","9":"instock","10":"sale","11":"shipping-taxable","12":"purchasable","13":"product-type-simple"},"aioseo_notices":[],"acf":[],"_links":{"self":[{"href":"https:\/\/amannforg.com\/de\/wp-json\/wp\/v2\/product\/41507","targetHints":{"allow":["GET"]}}],"collection":[{"href":"https:\/\/amannforg.com\/de\/wp-json\/wp\/v2\/product"}],"about":[{"href":"https:\/\/amannforg.com\/de\/wp-json\/wp\/v2\/types\/product"}],"replies":[{"embeddable":true,"href":"https:\/\/amannforg.com\/de\/wp-json\/wp\/v2\/comments?post=41507"}],"version-history":[{"count":1,"href":"https:\/\/amannforg.com\/de\/wp-json\/wp\/v2\/product\/41507\/revisions"}],"predecessor-version":[{"id":58024,"href":"https:\/\/amannforg.com\/de\/wp-json\/wp\/v2\/product\/41507\/revisions\/58024"}],"wp:featuredmedia":[{"embeddable":true,"href":"https:\/\/amannforg.com\/de\/wp-json\/wp\/v2\/media\/46593"}],"wp:attachment":[{"href":"https:\/\/amannforg.com\/de\/wp-json\/wp\/v2\/media?parent=41507"}],"wp:term":[{"taxonomy":"product_brand","embeddable":true,"href":"https:\/\/amannforg.com\/de\/wp-json\/wp\/v2\/product_brand?post=41507"},{"taxonomy":"product_cat","embeddable":true,"href":"https:\/\/amannforg.com\/de\/wp-json\/wp\/v2\/product_cat?post=41507"},{"taxonomy":"product_tag","embeddable":true,"href":"https:\/\/amannforg.com\/de\/wp-json\/wp\/v2\/product_tag?post=41507"},{"taxonomy":"models","embeddable":true,"href":"https:\/\/amannforg.com\/de\/wp-json\/wp\/v2\/models?post=41507"},{"taxonomy":"years","embeddable":true,"href":"https:\/\/amannforg.com\/de\/wp-json\/wp\/v2\/years?post=41507"}],"curies":[{"name":"wp","href":"https:\/\/api.w.org\/{rel}","templated":true}]}}