{"id":42630,"date":"2026-03-04T00:10:30","date_gmt":"2026-03-04T00:10:30","guid":{"rendered":"https:\/\/amannforg.com\/?post_type=product&#038;p=42630"},"modified":"2026-03-07T16:30:02","modified_gmt":"2026-03-07T16:30:02","slug":"ecoflow-wave-3-tragbare-klimaanlage","status":"publish","type":"product","link":"https:\/\/amannforg.com\/de\/produkt\/ecoflow-wave-3-tragbare-klimaanlage\/","title":{"rendered":"EcoFlow WAVE 3 Tragbare Klimaanlage"},"content":{"rendered":"<p class=\"mb-l\">\n<div class=\"titlepage\">\n<h2 class=\"text-h3 mb-l\">EcoFlow WAVE 3 Tragbare Klimaanlage <\/h2>\n<\/div>\n<p class=\"mb-l\">Leistungsstarke, tragbare Klimaanlage f\u00fcr jedes Abenteuer.<\/p>\n<p class=\"mb-l\">Komfort an jedem Ort.<\/p>\n<p class=\"mb-l\">\n<div class=\"titlepage\">\n<h2 class=\"text-h3 mb-l\">Was EcoFlow WAVE 3 einzigartig macht<\/h2>\n<\/div>\n<p class=\"mb-l\">\n<div class=\"titlepage\">\n<h2 class=\"text-h3 mb-l\">Raum blitzschnell k\u00fchlen oder w\u00e4rmen<\/h2>\n<\/div>\n<p class=\"mb-l\">Erleben Sie schnelle Erfrischung mit 6\u202f100 BTU K\u00fchlleistung (8 \u00b0C Temperaturabfall in 15 Min.1) oder 6\u202f800 BTU Heizleistung (9 \u00b0C Temperaturanstieg in 15 Min.2).<\/p>\n<p class=\"mb-l\">\n<div class=\"titlepage\">\n<h2 class=\"text-h3 mb-l\">Bis zu 8 Stunden kabelloser Komfort<\/h2>\n<\/div>\n<p class=\"mb-l\">Dauerhafter Komfort mit der Zusatzbatterie, die bis zu 8 Stunden3 Laufzeit bietet.<\/p>\n<p class=\"mb-l\">\n<div class=\"titlepage\">\n<h2 class=\"text-h3 mb-l\">Nahtlose Steuerung per EcoFlow App<\/h2>\n<\/div>\n<p class=\"mb-l\">Passen Sie die Einstellungen bequem per App an \u2013 jederzeit und von \u00fcberall.<\/p>\n<p class=\"mb-l\">\n<div class=\"titlepage\">\n<h2 class=\"text-h3 mb-l\">Mehr Wege zum Aufladen<\/h2>\n<\/div>\n<p class=\"mb-l\">Verschiedene Ladem\u00f6glichkeiten stellen sicher, dass Sie Ihre WAVE 3 weiterhin betreiben k\u00f6nnen und ununterbrochenen Komfort genie\u00dfen.<\/p>\n<p class=\"mb-l\">\n<div class=\"titlepage\">\n<h2 class=\"text-h3 mb-l\">Einfache Installation<\/h2>\n<\/div>\n<p class=\"mb-l\">Der isolierte Abluftschlauch erm\u00f6glicht eine flexible und unkomplizierte Montage \u2013 perfekt f\u00fcr den Outdoor-Einsatz.<\/p>\n<p class=\"mb-l\">\n<div class=\"titlepage\">\n<h2 class=\"text-h3 mb-l\">\u00dcberragende K\u00fchl- und Heizleistung<\/h2>\n<\/div>\n<p class=\"mb-l\">6\u202f100 BTU K\u00fchlleistungIn nur wenigen Minuten erfrischen<\/p>\n<p class=\"mb-l\">Senkung um 8 \u00b0C in nur 15 Minuten1 mit 6\u202f100 BTU Leistung, f\u00fcr das perfekte Klima in jeder Situation.<\/p>\n<p class=\"mb-l\">\n<div class=\"titlepage\">\n<h2 class=\"text-h3 mb-l\">6\u202f800 BTU Heizleistung &#8211; Es kann auch heizen<\/h2>\n<\/div>\n<p class=\"mb-l\">W\u00e4rmen Sie sich schnell auf mit 6\u202f800 BTU Heizleistung, die die Temperatur in nur 15 Minuten um 9 \u00b0C erh\u00f6ht2 \u2013 ideal, um bei k\u00fchlen Outdoor-Aktivit\u00e4ten wie Herbst-Camping angenehm warm zu bleiben.<\/p>\n<p class=\"mb-l\">\n<div class=\"titlepage\">\n<h2 class=\"text-h3 mb-l\">1024 Wh LFP-Zusatzbatterie*Bis zu 8 Stunden kabelloser Komfort<\/h2>\n<\/div>\n<p class=\"mb-l\">Die Zusatzbatterie bietet bis zu 8 Stunden ununterbrochene Nutzung3 \u2013 perfekt f\u00fcr eine ganze Nacht erholsamen Schlaf. Hochwertige LFP-Zellen garantieren eine Lebensdauer von bis zu 10 Jahren bei t\u00e4glichem Gebrauch.<\/p>\n<p class=\"mb-l\"><i>*Die EcoFlow WAVE 3 Zusatzbatterie wird separat verkauft.<\/i><\/p>\n<p class=\"mb-l\">\n<div class=\"titlepage\">\n<h2 class=\"text-h3 mb-l\">Smarte Steuerung \u2013 Immer zur Hand<\/h2>\n<\/div>\n<p class=\"mb-l\">Powered by EcoFlow OasisAlles in einer App<\/p>\n<p class=\"mb-l\">Verwalten Sie alles ganz einfach \u2013 von der aktuellen Batteriestatusanzeige \u00fcber Wasserablauf-Benachrichtigungen, Modus\u00e4nderungen bis hin zu geplanten Abschaltungen \u2013 alles direkt von Ihrem Smartphone, egal wo Sie sind.<\/p>\n<p class=\"mb-l\">\n<div class=\"titlepage\">\n<h2 class=\"text-h3 mb-l\">Intelligente Modi f\u00fcr maximalen Komfort<\/h2>\n<\/div>\n<p class=\"mb-l\">\n<div class=\"titlepage\">\n<h2 class=\"text-h3 mb-l\">Automatische Funktion<\/h2>\n<\/div>\n<p class=\"mb-l\">Wechselt automatisch auf Heizen, wenn die Temperatur sinkt und h\u00e4lt Sie selbst bei k\u00fchlen Camping-Trips in den Bergen warm f\u00fcr eine erholsame Nachtruhe.<\/p>\n<p class=\"mb-l\">\n<div class=\"titlepage\">\n<h2 class=\"text-h3 mb-l\">Haustierpflege<\/h2>\n<\/div>\n<p class=\"mb-l\">Stellen Sie \u00fcber die App einen Temperaturbereich von 35 bis 45 \u00b0C ein, um Ihr Haustier vor Hitzschlag zu sch\u00fctzen. \u00dcberschreitet die Temperatur den Wert, startet die WAVE 3 automatisch die K\u00fchlung und sendet eine Benachrichtigung.<\/p>\n<p class=\"mb-l\">\n<div class=\"titlepage\">\n<h2 class=\"text-h3 mb-l\">Entfeuchtungsfunktion<\/h2>\n<\/div>\n<p class=\"mb-l\">Passt die Luftfeuchtigkeit auf das gew\u00fcnschte Niveau an, damit Sie sich auch w\u00e4hrend der Regenzeit wohlf\u00fchlen.<\/p>\n<p class=\"mb-l\">\n<div class=\"titlepage\">\n<h2 class=\"text-h3 mb-l\">Schlafmodus<\/h2>\n<\/div>\n<p class=\"mb-l\">Arbeitet mit nur 44 dB, etwa so laut wie ein ruhiges Gespr\u00e4ch und sorgt f\u00fcr ungest\u00f6rten Schlaf.<\/p>\n<p class=\"mb-l\">\n<div class=\"titlepage\">\n<h2 class=\"text-h3 mb-l\">Wasserablauf Erinnerung<\/h2>\n<\/div>\n<p class=\"mb-l\">Wenn der Wassertank fast voll ist, erinnert die App an die Entleerung f\u00fcr optimale Leistung.<\/p>\n<p class=\"mb-l\">\n<div class=\"titlepage\">\n<h2 class=\"text-h3 mb-l\">Schnellladung in nur 75 Minuten<\/h2>\n<\/div>\n<p class=\"mb-l\">Unbegrenzte K\u00fchlung f\u00fcr unterwegs<\/p>\n<p class=\"mb-l\">Durch die Kombination von AC- und Solarladung kann die Zusatzbatterie in nur 75 Minuten vollst\u00e4ndig aufgeladen werden. Mit dem EcoFlow Batterieladeger\u00e4t k\u00f6nnen Sie w\u00e4hrend der Fahrt laden \u2013 1 Stunde Fahrt und Sie bleiben die ganze Nacht \u00fcber komfortabel.<\/p>\n<p class=\"mb-l\">\n<div class=\"titlepage\">\n<h2 class=\"text-h3 mb-l\">Solarladung (400 W)<\/h2>\n<\/div>\n<p class=\"mb-l\">In 3 Stunden vollst\u00e4ndig aufgeladen. Ladeanschluss: XT60 an der Zusatzbatterie.<\/p>\n<p class=\"mb-l\">\n<div class=\"titlepage\">\n<h2 class=\"text-h3 mb-l\">EcoFlow Batterieladeger\u00e4t (400 W\/800 W)<\/h2>\n<\/div>\n<p class=\"mb-l\">Laden w\u00e4hrend der Fahrt. In 1,7 Stunden sind Sie startklar. Ladeanschluss: Sowohl WAVE 3 als auch Zusatzbatterie (nicht empfohlen, WAVE 3 direkt zu verwenden aufgrund instabiler Stromversorgung).<\/p>\n<p class=\"mb-l\">\n<div class=\"titlepage\">\n<h2 class=\"text-h3 mb-l\">AC Ladung (700 W) In 2 Stunden vollst\u00e4ndig aufgeladen.<\/h2>\n<\/div>\n<p class=\"mb-l\">Ladeanschluss: XT150 an WAVE 3 und Zusatzbatterie.<\/p>\n<p class=\"mb-l\">\n<div class=\"titlepage\">\n<h2 class=\"text-h3 mb-l\">Kfz-Stromanschluss (100 W)<\/h2>\n<\/div>\n<p class=\"mb-l\">Notladung in 10,8 Stunden. Ladeanschluss: XT60 an der Zusatzbatterie.<\/p>\n<p class=\"mb-l\">\n<div class=\"titlepage\">\n<h2 class=\"text-h3 mb-l\">K\u00fchlen mit R\u00fccksicht auf die Umwelt<\/h2>\n<\/div>\n<p class=\"mb-l\">Der Einsatz von R290-K\u00e4ltemittel bei EcoFlow reduziert die Umweltbelastung im Vergleich zu herk\u00f6mmlichen K\u00e4ltemitteln und sch\u00fctzt den Planeten. In 10 Jahren wird CO2-Emissionen um ca. 2\u202f041 kg gesenkt, was dem Einsparen von 130 B\u00e4umen entspricht, die nicht gef\u00e4llt werden m\u00fcssen.<\/p>\n<p class=\"mb-l\"><i>1 Getestet in einem 10 m\u00b3 Raum bei 15 \u00b0C. Die Leistung kann je nach Raumgr\u00f6\u00dfe und Temperatur variieren. <\/i><\/p>\n<p class=\"mb-l\"><i>2 Getestet in einem 10 m\u00b3 Raum bei 15 \u00b0C. Ergebnisse k\u00f6nnen je nach Bedingungen abweichen. <\/i><\/p>\n<p class=\"mb-l\"><i>3 8 Stunden kabelloser Betrieb im Eco Modus unter optimalen Bedingungen. Die Batterielaufzeit kann je nach Nutzung und Umgebung variieren.<\/i><\/p>\n<li class=\"mb-m\">\n<div class=\"flex flex-col m:flex-row gap-s m:gap-xl\">\n<div class=\"text-h3 min-w-[244px] max-w-[244px]\">Technische Daten<\/div>\n<div class=\"flex flex-col gap-s\"><span class=\"ml-3xs pl-[15px] relative before:absolute before:w-[8px] before:h-[8px] before:bg-dark before:top-[8px] before:left-0 before:rounded-full\">Abmessungen<\/span><span class=\"ml-3xs pl-[15px] relative before:absolute before:w-[8px] before:h-[8px] before:bg-dark before:top-[8px] before:left-0 before:rounded-full\">Nettogewicht Ca. 15,6 kg<\/span><span class=\"ml-3xs pl-[15px] relative before:absolute before:w-[8px] before:h-[8px] before:bg-dark before:top-[8px] before:left-0 before:rounded-full\">Abmessungen 519 \u00d7 297 \u00d7 336 mm (20,4 \u00d7 11,7 \u00d7 13,2 Zoll)<\/span><span class=\"ml-3xs pl-[15px] relative before:absolute before:w-[8px] before:h-[8px] before:bg-dark before:top-[8px] before:left-0 before:rounded-full\">K\u00fchlen und Heizen<\/span><span class=\"ml-3xs pl-[15px] relative before:absolute before:w-[8px] before:h-[8px] before:bg-dark before:top-[8px] before:left-0 before:rounded-full\">K\u00fchlleistung 1 800 W (6 100 BTU)<\/span><span class=\"ml-3xs pl-[15px] relative before:absolute before:w-[8px] before:h-[8px] before:bg-dark before:top-[8px] before:left-0 before:rounded-full\">Heizleistung 2 000W (6 800 BTU)<\/span><span class=\"ml-3xs pl-[15px] relative before:absolute before:w-[8px] before:h-[8px] before:bg-dark before:top-[8px] before:left-0 before:rounded-full\">Temperatur-Einstellbereich 16-30 \u2103<\/span><span class=\"ml-3xs pl-[15px] relative before:absolute before:w-[8px] before:h-[8px] before:bg-dark before:top-[8px] before:left-0 before:rounded-full\">K\u00e4ltemittel\/Menge R290\/112 g<\/span><span class=\"ml-3xs pl-[15px] relative before:absolute before:w-[8px] before:h-[8px] before:bg-dark before:top-[8px] before:left-0 before:rounded-full\">Luftmenge 330 m\u00b3\/h<\/span><span class=\"ml-3xs pl-[15px] relative before:absolute before:w-[8px] before:h-[8px] before:bg-dark before:top-[8px] before:left-0 before:rounded-full\">Nennk\u00fchlleistung (AC\/DC) 690 W\/640 W<\/span><span class=\"ml-3xs pl-[15px] relative before:absolute before:w-[8px] before:h-[8px] before:bg-dark before:top-[8px] before:left-0 before:rounded-full\">Nenneingangsleistung der Heizung (AC\/DC) 645 W\/606 W<\/span><span class=\"ml-3xs pl-[15px] relative before:absolute before:w-[8px] before:h-[8px] before:bg-dark before:top-[8px] before:left-0 before:rounded-full\">K\u00fchleffizienz (AC\/DC) 2,6\/2,8<\/span><span class=\"ml-3xs pl-[15px] relative before:absolute before:w-[8px] before:h-[8px] before:bg-dark before:top-[8px] before:left-0 before:rounded-full\">Heizeffizienz (AC\/DC) 3,1\/3,3<\/span><span class=\"ml-3xs pl-[15px] relative before:absolute before:w-[8px] before:h-[8px] before:bg-dark before:top-[8px] before:left-0 before:rounded-full\">Eingang<\/span><span class=\"ml-3xs pl-[15px] relative before:absolute before:w-[8px] before:h-[8px] before:bg-dark before:top-[8px] before:left-0 before:rounded-full\">AC Eingang 100-240 V~ 50\/60 Hz, 820 W max.<\/span><span class=\"ml-3xs pl-[15px] relative before:absolute before:w-[8px] before:h-[8px] before:bg-dark before:top-[8px] before:left-0 before:rounded-full\">Zusatzbatterie-Eingang 700 W max.<\/span><span class=\"ml-3xs pl-[15px] relative before:absolute before:w-[8px] before:h-[8px] before:bg-dark before:top-[8px] before:left-0 before:rounded-full\">Sonstiges<\/span><span class=\"ml-3xs pl-[15px] relative before:absolute before:w-[8px] before:h-[8px] before:bg-dark before:top-[8px] before:left-0 before:rounded-full\">Betriebstemperatur 5-50 \u2103<\/span><span class=\"ml-3xs pl-[15px] relative before:absolute before:w-[8px] before:h-[8px] before:bg-dark before:top-[8px] before:left-0 before:rounded-full\">IP-Schutzklasse IPX4<\/span><span class=\"ml-3xs pl-[15px] relative before:absolute before:w-[8px] before:h-[8px] before:bg-dark before:top-[8px] before:left-0 before:rounded-full\">Ger\u00e4uschpegel 44-58 dB<\/span><span class=\"ml-3xs pl-[15px] relative before:absolute before:w-[8px] before:h-[8px] before:bg-dark before:top-[8px] before:left-0 before:rounded-full\">Fernsteuerung App (WLAN (2.4G\/5G), Bluetooth)<\/span><span class=\"ml-3xs pl-[15px] relative before:absolute before:w-[8px] before:h-[8px] before:bg-dark before:top-[8px] before:left-0 before:rounded-full\">Laufzeit mit EcoFlow Zusatzbatterie 2-8 Std.<\/span><\/div>\n<\/div>\n<\/li>\n<li class=\"mb-m\">\n<div class=\"flex flex-col m:flex-row gap-s m:gap-xl\">\n<div class=\"text-h3 min-w-[244px] max-w-[244px]\">Lieferumfang<\/div>\n<div class=\"flex flex-col gap-s\"><span class=\"ml-3xs pl-[15px] relative before:absolute before:w-[8px] before:h-[8px] before:bg-dark before:top-[8px] before:left-0 before:rounded-full\">EcoFlow WAVE 3<\/span><span class=\"ml-3xs pl-[15px] relative before:absolute before:w-[8px] before:h-[8px] before:bg-dark before:top-[8px] before:left-0 before:rounded-full\">Isolierte Abluftleitung<\/span><span class=\"ml-3xs pl-[15px] relative before:absolute before:w-[8px] before:h-[8px] before:bg-dark before:top-[8px] before:left-0 before:rounded-full\">Abluftleitung-Adapterabdeckungen (A, B, C)<\/span><span class=\"ml-3xs pl-[15px] relative before:absolute before:w-[8px] before:h-[8px] before:bg-dark before:top-[8px] before:left-0 before:rounded-full\">Abflussrohr<\/span><span class=\"ml-3xs pl-[15px] relative before:absolute before:w-[8px] before:h-[8px] before:bg-dark before:top-[8px] before:left-0 before:rounded-full\">Kabelwickler<\/span><span class=\"ml-3xs pl-[15px] relative before:absolute before:w-[8px] before:h-[8px] before:bg-dark before:top-[8px] before:left-0 before:rounded-full\">Schablone f\u00fcr Leitungsgr\u00f6\u00dfe<\/span><span class=\"ml-3xs pl-[15px] relative before:absolute before:w-[8px] before:h-[8px] before:bg-dark before:top-[8px] before:left-0 before:rounded-full\">Sicherheitshinweise, Schnellstartanleitung und Garantiekarte<\/span><\/div>\n<\/div>\n<\/li>\n","protected":false},"excerpt":{"rendered":"<li class=\"bullet-list-item\">Energieeffizienzklasse: A<\/li>\n<li class=\"bullet-list-item\">Keine Installation notwendig! \u00dcberall einsetzbar<\/li>\n<li class=\"bullet-list-item\">8 lange Stunden wohl temperierte Luft <\/li>\n<li class=\"bullet-list-item\">44 dB: Perfekt f\u00fcr ruhigen Schlaf<\/li>\n<li class=\"bullet-list-item\">Mit R290: Die umweltfreundliche L\u00f6sung gegen Hitze<\/li>\n<p> Herstellernummer EFWAVE3-EU-NBOX<\/p>","protected":false},"featured_media":42815,"comment_status":"open","ping_status":"closed","template":"","meta":{"_monsterinsights_skip_tracking":false,"_monsterinsights_sitenote_active":false,"_monsterinsights_sitenote_note":"","_monsterinsights_sitenote_category":0,"_uf_show_specific_survey":0,"_uf_disable_surveys":false},"product_brand":[],"product_cat":[371],"product_tag":[],"models":[],"years":[],"class_list":{"0":"post-42630","1":"product","2":"type-product","3":"status-publish","4":"has-post-thumbnail","6":"product_cat-raumklima-zeit","8":"first","9":"instock","10":"sale","11":"shipping-taxable","12":"purchasable","13":"product-type-simple"},"aioseo_notices":[],"acf":[],"_links":{"self":[{"href":"https:\/\/amannforg.com\/de\/wp-json\/wp\/v2\/product\/42630","targetHints":{"allow":["GET"]}}],"collection":[{"href":"https:\/\/amannforg.com\/de\/wp-json\/wp\/v2\/product"}],"about":[{"href":"https:\/\/amannforg.com\/de\/wp-json\/wp\/v2\/types\/product"}],"replies":[{"embeddable":true,"href":"https:\/\/amannforg.com\/de\/wp-json\/wp\/v2\/comments?post=42630"}],"version-history":[{"count":1,"href":"https:\/\/amannforg.com\/de\/wp-json\/wp\/v2\/product\/42630\/revisions"}],"predecessor-version":[{"id":58045,"href":"https:\/\/amannforg.com\/de\/wp-json\/wp\/v2\/product\/42630\/revisions\/58045"}],"wp:featuredmedia":[{"embeddable":true,"href":"https:\/\/amannforg.com\/de\/wp-json\/wp\/v2\/media\/42815"}],"wp:attachment":[{"href":"https:\/\/amannforg.com\/de\/wp-json\/wp\/v2\/media?parent=42630"}],"wp:term":[{"taxonomy":"product_brand","embeddable":true,"href":"https:\/\/amannforg.com\/de\/wp-json\/wp\/v2\/product_brand?post=42630"},{"taxonomy":"product_cat","embeddable":true,"href":"https:\/\/amannforg.com\/de\/wp-json\/wp\/v2\/product_cat?post=42630"},{"taxonomy":"product_tag","embeddable":true,"href":"https:\/\/amannforg.com\/de\/wp-json\/wp\/v2\/product_tag?post=42630"},{"taxonomy":"models","embeddable":true,"href":"https:\/\/amannforg.com\/de\/wp-json\/wp\/v2\/models?post=42630"},{"taxonomy":"years","embeddable":true,"href":"https:\/\/amannforg.com\/de\/wp-json\/wp\/v2\/years?post=42630"}],"curies":[{"name":"wp","href":"https:\/\/api.w.org\/{rel}","templated":true}]}}