{"id":42725,"date":"2026-03-04T00:11:25","date_gmt":"2026-03-04T00:11:25","guid":{"rendered":"https:\/\/amannforg.com\/?post_type=product&#038;p=42725"},"modified":"2026-03-07T16:30:03","modified_gmt":"2026-03-07T16:30:03","slug":"bosch-cool-4000-mobiles-klimagerat","status":"publish","type":"product","link":"https:\/\/amannforg.com\/de\/produkt\/bosch-cool-4000-mobiles-klimagerat\/","title":{"rendered":"Bosch Cool 4000 mobiles Klimager\u00e4t"},"content":{"rendered":"<p class=\"mb-l\">\n<div class=\"titlepage\">\n<h2 class=\"text-h3 mb-l\">Mit nur einem Klick in hei\u00dfen Jahreszeiten ausgeschlafen, konzentriert und entspannt bleiben<\/h2>\n<\/div>\n<div class=\"itemizedlist\">\n<ul class=\"bullet-list\">\n<li class=\"bullet-list-item\">W\u00e4hlen Sie aus 3 vollautomatisierten, zu Ihrer Alltagssituation passenden Klimatisierungsmodi (Bosch Easy Cool Select)<\/li>\n<li class=\"bullet-list-item\">Im Schlaf-Modus werden alle Leuchten des Ger\u00e4ts ausgeschaltet und durch eine intelligente Temperatursteuerung reguliert.<\/li>\n<li class=\"bullet-list-item\">Der Ruhe-Modus reduziert Ger\u00e4usche auf ein Minimum, damit Sie Ihre produktive Zeit Zuhause vollumf\u00e4nglich nutzen k\u00f6nnen<\/li>\n<li class=\"bullet-list-item\">Im Auto-Modus wird die K\u00fchlleistung automatisch basierend auf der gew\u00fcnschten sowie der aktuellen Temperatur reguliert<\/li>\n<\/ul>\n<\/div>\n<p class=\"mb-l\">\n<div class=\"titlepage\">\n<h2 class=\"text-h3 mb-l\">Optimale K\u00fchlleistung dank Auto Swing<\/h2>\n<\/div>\n<div class=\"itemizedlist\">\n<ul class=\"bullet-list\">\n<li class=\"bullet-list-item\">Maximale K\u00fchlung f\u00fcr Raumgr\u00f6\u00dfen bis 35 m\u00b2 (2,6 kW K\u00fchlleistung)<\/li>\n<li class=\"bullet-list-item\">Die Auto Swing bewegt sich automatisch auf und ab, um den k\u00fchlen Luftstrom gleichm\u00e4\u00dfig zu verteilen<\/li>\n<li class=\"bullet-list-item\">Mit der Auto Swing erreichen Sie schnell Ihre gew\u00fcnschte Temperatur im Raum<\/li>\n<li class=\"bullet-list-item\">Einfach ein effizientes K\u00fchlsystem mit nachhaltigem K\u00e4ltemittel<\/li>\n<li class=\"bullet-list-item\">Energieeffizienz A+ f\u00fcrs K\u00fchlen<\/li>\n<li class=\"bullet-list-item\">Sparen Sie bis zu 20% an Energie im Vergleich zu einem Energieeffizienz A-Klasse Model (z.B. Bosch Cool 2000)<\/li>\n<\/ul>\n<\/div>\n<p class=\"mb-l\">\n<div class=\"titlepage\">\n<h2 class=\"text-h3 mb-l\">Einfach umweltfreundlich \u2013 R290 ist ein nat\u00fcrliches K\u00e4ltemittel mit geringem Erderw\u00e4rmungspotenzial<\/h2>\n<\/div>\n<div class=\"itemizedlist\">\n<ul class=\"bullet-list\">\n<li class=\"bullet-list-item\">Problemlose Handhabung und Steuerung dank hochwertigem Bosch-Design<\/li>\n<li class=\"bullet-list-item\">Das selbsterkl\u00e4rende Display sowie die Fernbedienung mit Timerfunktion sorgen f\u00fcr einfachste Steuerung<\/li>\n<li class=\"bullet-list-item\">Integrierte Griffe und R\u00e4der erm\u00f6glichen einen einfachen Transport durch das ganze Haus<\/li>\n<li class=\"bullet-list-item\">Handhabung und Aufbewahrung des Ger\u00e4ts waren nie einfacher dank des integrierten Schlauchkonzepts<\/li>\n<\/ul>\n<\/div>\n<p class=\"mb-l\">\n<div class=\"titlepage\">\n<h2 class=\"text-h3 mb-l\">Genie\u00dfen Sie zus\u00e4tzlichen Komfort durch die 3-in-1-L\u00f6sung von Bosch<\/h2>\n<\/div>\n<div class=\"itemizedlist\">\n<ul class=\"bullet-list\">\n<li class=\"bullet-list-item\">Sorgen Sie stets f\u00fcr eine angenehme Umgebung mit zus\u00e4tzlichen Entfeuchtungs- und Ventilationsl\u00f6sungen<\/li>\n<li class=\"bullet-list-item\">Entfeuchtung &#8211; entfernt bis zu 50 Liter Wasser pro Tag aus der Luft<\/li>\n<li class=\"bullet-list-item\">Ventilation &#8211; mit drei Drehzahlstufen<\/li>\n<\/ul>\n<\/div>\n<li class=\"mb-m\">\n<div class=\"flex flex-col m:flex-row gap-s m:gap-xl\">\n<div class=\"text-h3 min-w-[244px] max-w-[244px]\">Lieferumfang<\/div>\n<div class=\"flex flex-col gap-s\"><span class=\"\"><\/p>\n<ul class=\"flex flex-col gap-s\">\n<li class=\"ml-3xs pl-[15px] relative before:absolute before:w-[8px] before:h-[8px] before:bg-dark before:top-[8px] before:left-0 before:rounded-full\">Fernbedienung<\/li>\n<\/ul>\n<p><\/span><\/div>\n<\/div>\n<\/li>\n<li class=\"mb-m\">\n<div class=\"flex flex-col m:flex-row gap-s m:gap-xl\">\n<div class=\"text-h3 min-w-[244px] max-w-[244px]\">K\u00fchlen \/ Heizen<\/div>\n<div class=\"flex flex-col gap-s\"><span class=\"\"><\/p>\n<ul class=\"flex flex-col gap-s\">\n<li class=\"ml-3xs pl-[15px] relative before:absolute before:w-[8px] before:h-[8px] before:bg-dark before:top-[8px] before:left-0 before:rounded-full\">Typ: Klimageraet<\/li>\n<li class=\"ml-3xs pl-[15px] relative before:absolute before:w-[8px] before:h-[8px] before:bg-dark before:top-[8px] before:left-0 before:rounded-full\">EER: 2.6 St<\/li>\n<li class=\"ml-3xs pl-[15px] relative before:absolute before:w-[8px] before:h-[8px] before:bg-dark before:top-[8px] before:left-0 before:rounded-full\">Entfeuchtungsleistung pro Tag: 50.0 l<\/li>\n<li class=\"ml-3xs pl-[15px] relative before:absolute before:w-[8px] before:h-[8px] before:bg-dark before:top-[8px] before:left-0 before:rounded-full\">Geschwindigkeitsstufen: 3 St<\/li>\n<li class=\"ml-3xs pl-[15px] relative before:absolute before:w-[8px] before:h-[8px] before:bg-dark before:top-[8px] before:left-0 before:rounded-full\">Max. Raumgr\u00f6\u00dfe: 35 m\u00b2<\/li>\n<li class=\"ml-3xs pl-[15px] relative before:absolute before:w-[8px] before:h-[8px] before:bg-dark before:top-[8px] before:left-0 before:rounded-full\">K\u00fchlleistung in kW: 2.6 kW<\/li>\n<li class=\"ml-3xs pl-[15px] relative before:absolute before:w-[8px] before:h-[8px] before:bg-dark before:top-[8px] before:left-0 before:rounded-full\">K\u00fchlmittel: R290<\/li>\n<\/ul>\n<p><\/span><\/div>\n<\/div>\n<\/li>\n<li class=\"mb-m\">\n<div class=\"flex flex-col m:flex-row gap-s m:gap-xl\">\n<div class=\"text-h3 min-w-[244px] max-w-[244px]\">Farbe \/ Material<\/div>\n<div class=\"flex flex-col gap-s\"><span class=\"\"><\/p>\n<ul class=\"flex flex-col gap-s\">\n<li class=\"ml-3xs pl-[15px] relative before:absolute before:w-[8px] before:h-[8px] before:bg-dark before:top-[8px] before:left-0 before:rounded-full\">Farbe: Wei\u00df<\/li>\n<li class=\"ml-3xs pl-[15px] relative before:absolute before:w-[8px] before:h-[8px] before:bg-dark before:top-[8px] before:left-0 before:rounded-full\">Material: Kunststoff<\/li>\n<\/ul>\n<p><\/span><\/div>\n<\/div>\n<\/li>\n<li class=\"mb-m\">\n<div class=\"flex flex-col m:flex-row gap-s m:gap-xl\">\n<div class=\"text-h3 min-w-[244px] max-w-[244px]\">Leistung<\/div>\n<div class=\"flex flex-col gap-s\"><span class=\"\"><\/p>\n<ul class=\"flex flex-col gap-s\">\n<li class=\"ml-3xs pl-[15px] relative before:absolute before:w-[8px] before:h-[8px] before:bg-dark before:top-[8px] before:left-0 before:rounded-full\">1100 W<\/li>\n<\/ul>\n<p><\/span><\/div>\n<\/div>\n<\/li>\n<li class=\"mb-m\">\n<div class=\"flex flex-col m:flex-row gap-s m:gap-xl\">\n<div class=\"text-h3 min-w-[244px] max-w-[244px]\">Abmessungen \/ Gewicht<\/div>\n<div class=\"flex flex-col gap-s\"><span class=\"\"><\/p>\n<ul class=\"flex flex-col gap-s\">\n<li class=\"ml-3xs pl-[15px] relative before:absolute before:w-[8px] before:h-[8px] before:bg-dark before:top-[8px] before:left-0 before:rounded-full\">Breite: 420 mm<\/li>\n<li class=\"ml-3xs pl-[15px] relative before:absolute before:w-[8px] before:h-[8px] before:bg-dark before:top-[8px] before:left-0 before:rounded-full\">H\u00f6he: 720 mm<\/li>\n<li class=\"ml-3xs pl-[15px] relative before:absolute before:w-[8px] before:h-[8px] before:bg-dark before:top-[8px] before:left-0 before:rounded-full\">Tiefe: 338 mm<\/li>\n<li class=\"ml-3xs pl-[15px] relative before:absolute before:w-[8px] before:h-[8px] before:bg-dark before:top-[8px] before:left-0 before:rounded-full\">Gewicht: 30.7 kg<\/li>\n<\/ul>\n<p><\/span><\/div>\n<\/div>\n<\/li>\n<li class=\"mb-m\">\n<div class=\"flex flex-col m:flex-row gap-s m:gap-xl\">\n<div class=\"text-h3 min-w-[244px] max-w-[244px]\">Energieeffizienzklasse<\/div>\n<div class=\"flex flex-col gap-s\"><span class=\"\"><\/p>\n<ul class=\"flex flex-col gap-s\">\n<li class=\"ml-3xs pl-[15px] relative before:absolute before:w-[8px] before:h-[8px] before:bg-dark before:top-[8px] before:left-0 before:rounded-full\">A+<\/li>\n<\/ul>\n<p><\/span><\/div>\n<\/div>\n<\/li>\n<li class=\"mb-m\">\n<div class=\"flex flex-col m:flex-row gap-s m:gap-xl\">\n<div class=\"text-h3 min-w-[244px] max-w-[244px]\">Technische Eigenschaften<\/div>\n<div class=\"flex flex-col gap-s\"><span class=\"\"><\/p>\n<ul class=\"flex flex-col gap-s\">\n<li class=\"ml-3xs pl-[15px] relative before:absolute before:w-[8px] before:h-[8px] before:bg-dark before:top-[8px] before:left-0 before:rounded-full\">sonstige Eigenschaften: LED-Display<\/li>\n<li class=\"ml-3xs pl-[15px] relative before:absolute before:w-[8px] before:h-[8px] before:bg-dark before:top-[8px] before:left-0 before:rounded-full\">Betriebsger\u00e4usch (innen): 64 dB<\/li>\n<\/ul>\n<p><\/span><\/div>\n<\/div>\n<\/li>\n","protected":false},"excerpt":{"rendered":"<li class=\"bullet-list-item\">Typ: Klimageraet; K\u00fchlleistung: 2.6 kW<\/li>\n<li class=\"bullet-list-item\">Energieeffizienklasse: A+<\/li>\n<li class=\"bullet-list-item\">Farbe: Wei\u00df, Lieferumfang: Fernbedienung<\/li>\n<li class=\"bullet-list-item\">Geschwindigkeitsstufen: 3<\/li>\n<p> Herstellernummer 7733702543<\/p>","protected":false},"featured_media":42931,"comment_status":"open","ping_status":"closed","template":"","meta":{"_monsterinsights_skip_tracking":false,"_monsterinsights_sitenote_active":false,"_monsterinsights_sitenote_note":"","_monsterinsights_sitenote_category":0,"_uf_show_specific_survey":0,"_uf_disable_surveys":false},"product_brand":[],"product_cat":[371],"product_tag":[],"models":[],"years":[],"class_list":{"0":"post-42725","1":"product","2":"type-product","3":"status-publish","4":"has-post-thumbnail","6":"product_cat-raumklima-zeit","8":"first","9":"instock","10":"sale","11":"shipping-taxable","12":"purchasable","13":"product-type-simple"},"aioseo_notices":[],"acf":[],"_links":{"self":[{"href":"https:\/\/amannforg.com\/de\/wp-json\/wp\/v2\/product\/42725","targetHints":{"allow":["GET"]}}],"collection":[{"href":"https:\/\/amannforg.com\/de\/wp-json\/wp\/v2\/product"}],"about":[{"href":"https:\/\/amannforg.com\/de\/wp-json\/wp\/v2\/types\/product"}],"replies":[{"embeddable":true,"href":"https:\/\/amannforg.com\/de\/wp-json\/wp\/v2\/comments?post=42725"}],"version-history":[{"count":1,"href":"https:\/\/amannforg.com\/de\/wp-json\/wp\/v2\/product\/42725\/revisions"}],"predecessor-version":[{"id":58055,"href":"https:\/\/amannforg.com\/de\/wp-json\/wp\/v2\/product\/42725\/revisions\/58055"}],"wp:featuredmedia":[{"embeddable":true,"href":"https:\/\/amannforg.com\/de\/wp-json\/wp\/v2\/media\/42931"}],"wp:attachment":[{"href":"https:\/\/amannforg.com\/de\/wp-json\/wp\/v2\/media?parent=42725"}],"wp:term":[{"taxonomy":"product_brand","embeddable":true,"href":"https:\/\/amannforg.com\/de\/wp-json\/wp\/v2\/product_brand?post=42725"},{"taxonomy":"product_cat","embeddable":true,"href":"https:\/\/amannforg.com\/de\/wp-json\/wp\/v2\/product_cat?post=42725"},{"taxonomy":"product_tag","embeddable":true,"href":"https:\/\/amannforg.com\/de\/wp-json\/wp\/v2\/product_tag?post=42725"},{"taxonomy":"models","embeddable":true,"href":"https:\/\/amannforg.com\/de\/wp-json\/wp\/v2\/models?post=42725"},{"taxonomy":"years","embeddable":true,"href":"https:\/\/amannforg.com\/de\/wp-json\/wp\/v2\/years?post=42725"}],"curies":[{"name":"wp","href":"https:\/\/api.w.org\/{rel}","templated":true}]}}