{"id":42902,"date":"2026-03-04T00:13:43","date_gmt":"2026-03-04T00:13:43","guid":{"rendered":"https:\/\/amannforg.com\/?post_type=product&#038;p=42902"},"modified":"2026-03-07T16:30:04","modified_gmt":"2026-03-07T16:30:04","slug":"dometic-cff-20-kompressor-kuhlbox-21l-12-24v-100-240v","status":"publish","type":"product","link":"https:\/\/amannforg.com\/de\/produkt\/dometic-cff-20-kompressor-kuhlbox-21l-12-24v-100-240v\/","title":{"rendered":"Dometic CFF 20 Kompressor-K\u00fchlbox 21l 12\/24V; 100-240V"},"content":{"rendered":"<div class=\"article\">\n<div class=\"titlepage\">\n<h2 class=\"text-h3 mb-l\">Dometic CFF 20<\/h2>\n<\/div>\n<div class=\"formalpara\">\n<div class=\"titlepage\">\n<h2 class=\"text-h3 mb-l\">Tragbare Kompressork\u00fchlbox, 21 l &#8211; Extrem kompaktes Design<\/h2>\n<\/div>\n<p class=\"mb-l\">Diese bemerkenswert leichten Kompressork\u00fchlboxen sind genauso bedienerfreundlich wie ein thermoelektrisches Aggregat. Dank ihrer belastbaren Tragegriffe k\u00f6nnen sie \u00fcberall hin mitgenommen werden. Die K\u00fchlboxen zu verstauen bereitet auch keine Probleme mehr, denn mit ihrer schlanken Ausf\u00fchrung passen sie perfekt in jede Nische. Auch die Energieeffizienz kann sich sehen lassen: ein beeindruckender Temperaturbereich von +20 \u00b0C bis -18 \u00b0C bei minimalem Stromverbrauch \u2013 selbst bei Au\u00dfentemperaturen bis +32 \u00b0C. K\u00fchlboxen der Dometic CoolFreeze CFF Serie sind in ihrem Design auf ihre Schwestermodelle der CFX Serie abgestimmt und k\u00f6nnen wie diese an 12\/24-V Gleichstrom oder 220\u2013240 V Wechselstrom angeschlossen werden.<\/p>\n<\/p><\/div>\n<div class=\"formalpara\">\n<div class=\"titlepage\">\n<h2 class=\"text-h3 mb-l\">Features:<\/h2>\n<\/div>\n<p class=\"mb-l\">\n<div class=\"itemizedlist\">\n<ul class=\"bullet-list\">\n<li class=\"bullet-list-item\">\n<p class=\"mb-l\">Temperaturbereich: +20 \u00b0C bis -18 \u00b0C<\/p>\n<\/li>\n<li class=\"bullet-list-item\">\n<p class=\"mb-l\">digitale Temperaturanzeige bietet raschen \u00dcberblick \u00fcber die Temperatureinstellungen<\/p>\n<\/li>\n<li class=\"bullet-list-item\">\n<p class=\"mb-l\">21 l Nutzinhalt f\u00fcr komfortables K\u00fchlen<\/p>\n<\/li>\n<li class=\"bullet-list-item\">\n<p class=\"mb-l\">Leichter Zugang &#8211; Beidseitig zu \u00f6ffnender Deckel<\/p>\n<\/li>\n<li class=\"bullet-list-item\">\n<p class=\"mb-l\">Hervorragende Isolierung f\u00fcr hohe K\u00fchl-\/Gefrierleistung und Energieeffizienz<\/p>\n<\/li>\n<li class=\"bullet-list-item\">\n<p class=\"mb-l\">Robustes und kompaktes Design, extrem guter Tragekomfort<\/p>\n<\/li>\n<li class=\"bullet-list-item\">\n<p class=\"mb-l\">Energieeffiziente LED-Innenbeleuchtung<\/p>\n<\/li>\n<\/ul>\n<\/div>\n<\/p><\/div>\n<div class=\"formalpara\">\n<div class=\"titlepage\">\n<h2 class=\"text-h3 mb-l\">K\u00fchlkomfort leicht gemacht<\/h2>\n<\/div>\n<p class=\"mb-l\">Modernste Kompressortechnologie und das superschlanke, leichte Design der Dometic CFF 20 machen mobiles K\u00fchlen von Lebensmitteln und Getr\u00e4nken zum Kinderspiel. Er bietet einen Temperaturbereich von +20 \u00b0C bis -18 \u00b0C bei minimalem Stromverbrauch, unabh\u00e4ngig von der Umgebungstemperatur, und liefert damit eine Spitzenleistung. Einfach cool bleiben, auch unterwegs!<\/p>\n<\/p><\/div>\n<\/p><\/div>\n<li class=\"mb-m\">\n<div class=\"flex flex-col m:flex-row gap-s m:gap-xl\">\n<div class=\"text-h3 min-w-[244px] max-w-[244px]\">Energieeffizienzklasse<\/div>\n<div class=\"flex flex-col gap-s\"><span class=\"ml-3xs pl-[15px] relative before:absolute before:w-[8px] before:h-[8px] before:bg-dark before:top-[8px] before:left-0 before:rounded-full\">C auf einer Skala von A (h\u00f6chste Effizienz) bis G (geringste Effizienz)<\/span><\/div>\n<\/div>\n<\/li>\n<li class=\"mb-m\">\n<div class=\"flex flex-col m:flex-row gap-s m:gap-xl\">\n<div class=\"text-h3 min-w-[244px] max-w-[244px]\">Sicherheit<\/div>\n<div class=\"flex flex-col gap-s\"><\/div>\n<\/div>\n<\/li>\n<li class=\"mb-m\">\n<div class=\"flex flex-col m:flex-row gap-s m:gap-xl\">\n<div class=\"text-h3 min-w-[244px] max-w-[244px]\">Typ<\/div>\n<div class=\"flex flex-col gap-s\"><span class=\"ml-3xs pl-[15px] relative before:absolute before:w-[8px] before:h-[8px] before:bg-dark before:top-[8px] before:left-0 before:rounded-full\">K\u00fchlbox<\/span><\/div>\n<\/div>\n<\/li>\n<li class=\"mb-m\">\n<div class=\"flex flex-col m:flex-row gap-s m:gap-xl\">\n<div class=\"text-h3 min-w-[244px] max-w-[244px]\">Bauform<\/div>\n<div class=\"flex flex-col gap-s\"><span class=\"ml-3xs pl-[15px] relative before:absolute before:w-[8px] before:h-[8px] before:bg-dark before:top-[8px] before:left-0 before:rounded-full\">Mobilger\u00e4t<\/span><\/div>\n<\/div>\n<\/li>\n<li class=\"mb-m\">\n<div class=\"flex flex-col m:flex-row gap-s m:gap-xl\">\n<div class=\"text-h3 min-w-[244px] max-w-[244px]\">Farbe<\/div>\n<div class=\"flex flex-col gap-s\"><span class=\"ml-3xs pl-[15px] relative before:absolute before:w-[8px] before:h-[8px] before:bg-dark before:top-[8px] before:left-0 before:rounded-full\">Grau<\/span><span class=\"ml-3xs pl-[15px] relative before:absolute before:w-[8px] before:h-[8px] before:bg-dark before:top-[8px] before:left-0 before:rounded-full\">Seitenw\u00e4nde in: Grau<\/span><\/div>\n<\/div>\n<\/li>\n<li class=\"mb-m\">\n<div class=\"flex flex-col m:flex-row gap-s m:gap-xl\">\n<div class=\"text-h3 min-w-[244px] max-w-[244px]\">Energieverbrauch<\/div>\n<div class=\"flex flex-col gap-s\"><span class=\"ml-3xs pl-[15px] relative before:absolute before:w-[8px] before:h-[8px] before:bg-dark before:top-[8px] before:left-0 before:rounded-full\">40 kWh \/ Jahr<\/span><\/div>\n<\/div>\n<\/li>\n<li class=\"mb-m\">\n<div class=\"flex flex-col m:flex-row gap-s m:gap-xl\">\n<div class=\"text-h3 min-w-[244px] max-w-[244px]\">Klimaklasse<\/div>\n<div class=\"flex flex-col gap-s\"><span class=\"ml-3xs pl-[15px] relative before:absolute before:w-[8px] before:h-[8px] before:bg-dark before:top-[8px] before:left-0 before:rounded-full\">N-T (geeignet f\u00fcr Umgebungstemperaturen von +16 \u00b0C bis +43 \u00b0C)<\/span><\/div>\n<\/div>\n<\/li>\n<li class=\"mb-m\">\n<div class=\"flex flex-col m:flex-row gap-s m:gap-xl\">\n<div class=\"text-h3 min-w-[244px] max-w-[244px]\">Nutzinhalt<\/div>\n<div class=\"flex flex-col gap-s\"><span class=\"ml-3xs pl-[15px] relative before:absolute before:w-[8px] before:h-[8px] before:bg-dark before:top-[8px] before:left-0 before:rounded-full\">21 Liter Gesamt<\/span><span class=\"ml-3xs pl-[15px] relative before:absolute before:w-[8px] before:h-[8px] before:bg-dark before:top-[8px] before:left-0 before:rounded-full\">21 Liter K\u00fchlen<\/span><\/div>\n<\/div>\n<\/li>\n<li class=\"mb-m\">\n<div class=\"flex flex-col m:flex-row gap-s m:gap-xl\">\n<div class=\"text-h3 min-w-[244px] max-w-[244px]\">Ger\u00e4uschemission<\/div>\n<div class=\"flex flex-col gap-s\"><span class=\"ml-3xs pl-[15px] relative before:absolute before:w-[8px] before:h-[8px] before:bg-dark before:top-[8px] before:left-0 before:rounded-full\">48 dB(A) re 1pW<\/span><\/div>\n<\/div>\n<\/li>\n<li class=\"mb-m\">\n<div class=\"flex flex-col m:flex-row gap-s m:gap-xl\">\n<div class=\"text-h3 min-w-[244px] max-w-[244px]\">K\u00fchltechnik<\/div>\n<div class=\"flex flex-col gap-s\"><span class=\"ml-3xs pl-[15px] relative before:absolute before:w-[8px] before:h-[8px] before:bg-dark before:top-[8px] before:left-0 before:rounded-full\">Kompressortechnik<\/span><\/div>\n<\/div>\n<\/li>\n<li class=\"mb-m\">\n<div class=\"flex flex-col m:flex-row gap-s m:gap-xl\">\n<div class=\"text-h3 min-w-[244px] max-w-[244px]\">Abmessungen<\/div>\n<div class=\"flex flex-col gap-s\"><span class=\"ml-3xs pl-[15px] relative before:absolute before:w-[8px] before:h-[8px] before:bg-dark before:top-[8px] before:left-0 before:rounded-full\">Ger\u00e4tema\u00dfe:<\/span><span class=\"ml-3xs pl-[15px] relative before:absolute before:w-[8px] before:h-[8px] before:bg-dark before:top-[8px] before:left-0 before:rounded-full\">43 cm x 28,3 cm x 66 cm (H x B x T)<\/span><\/div>\n<\/div>\n<\/li>\n<li class=\"mb-m\">\n<div class=\"flex flex-col m:flex-row gap-s m:gap-xl\">\n<div class=\"text-h3 min-w-[244px] max-w-[244px]\">Gewicht<\/div>\n<div class=\"flex flex-col gap-s\"><span class=\"ml-3xs pl-[15px] relative before:absolute before:w-[8px] before:h-[8px] before:bg-dark before:top-[8px] before:left-0 before:rounded-full\">10,5 kg<\/span><\/div>\n<\/div>\n<\/li>\n","protected":false},"excerpt":{"rendered":"<li class=\"bullet-list-item\">Energieeffizienzklasse: C<\/li>\n<li class=\"bullet-list-item\">Energieverbrauch ca.: 40 kWh \/ Jahr<\/li>\n<li class=\"bullet-list-item\">Nutzinhalt: 21 Liter K\u00fchlen <\/li>\n<li class=\"bullet-list-item\">Ger\u00e4uschemission: 48 dB (A) re 1pW<\/li>\n<li class=\"bullet-list-item\">Ma\u00dfe: 43 cm x 28,3 cm x 66 cm (HxBxT)<\/li>\n<p> Herstellernummer 9600028325<\/p>","protected":false},"featured_media":46630,"comment_status":"open","ping_status":"closed","template":"","meta":{"_monsterinsights_skip_tracking":false,"_monsterinsights_sitenote_active":false,"_monsterinsights_sitenote_note":"","_monsterinsights_sitenote_category":0,"_uf_show_specific_survey":0,"_uf_disable_surveys":false},"product_brand":[],"product_cat":[503],"product_tag":[],"models":[],"years":[],"class_list":{"0":"post-42902","1":"product","2":"type-product","3":"status-publish","4":"has-post-thumbnail","6":"product_cat-kuhlen-gefrieren","8":"first","9":"instock","10":"sale","11":"shipping-taxable","12":"purchasable","13":"product-type-simple"},"aioseo_notices":[],"acf":[],"_links":{"self":[{"href":"https:\/\/amannforg.com\/de\/wp-json\/wp\/v2\/product\/42902","targetHints":{"allow":["GET"]}}],"collection":[{"href":"https:\/\/amannforg.com\/de\/wp-json\/wp\/v2\/product"}],"about":[{"href":"https:\/\/amannforg.com\/de\/wp-json\/wp\/v2\/types\/product"}],"replies":[{"embeddable":true,"href":"https:\/\/amannforg.com\/de\/wp-json\/wp\/v2\/comments?post=42902"}],"version-history":[{"count":1,"href":"https:\/\/amannforg.com\/de\/wp-json\/wp\/v2\/product\/42902\/revisions"}],"predecessor-version":[{"id":58064,"href":"https:\/\/amannforg.com\/de\/wp-json\/wp\/v2\/product\/42902\/revisions\/58064"}],"wp:featuredmedia":[{"embeddable":true,"href":"https:\/\/amannforg.com\/de\/wp-json\/wp\/v2\/media\/46630"}],"wp:attachment":[{"href":"https:\/\/amannforg.com\/de\/wp-json\/wp\/v2\/media?parent=42902"}],"wp:term":[{"taxonomy":"product_brand","embeddable":true,"href":"https:\/\/amannforg.com\/de\/wp-json\/wp\/v2\/product_brand?post=42902"},{"taxonomy":"product_cat","embeddable":true,"href":"https:\/\/amannforg.com\/de\/wp-json\/wp\/v2\/product_cat?post=42902"},{"taxonomy":"product_tag","embeddable":true,"href":"https:\/\/amannforg.com\/de\/wp-json\/wp\/v2\/product_tag?post=42902"},{"taxonomy":"models","embeddable":true,"href":"https:\/\/amannforg.com\/de\/wp-json\/wp\/v2\/models?post=42902"},{"taxonomy":"years","embeddable":true,"href":"https:\/\/amannforg.com\/de\/wp-json\/wp\/v2\/years?post=42902"}],"curies":[{"name":"wp","href":"https:\/\/api.w.org\/{rel}","templated":true}]}}