{"id":47859,"date":"2026-03-11T11:37:46","date_gmt":"2026-03-11T11:37:46","guid":{"rendered":"https:\/\/amannforg.com\/?post_type=product&#038;p=47859"},"modified":"2026-03-13T11:19:44","modified_gmt":"2026-03-13T11:19:44","slug":"canon-powershot-g7-x-mkiii-black-vlogger","status":"publish","type":"product","link":"https:\/\/amannforg.com\/de\/produkt\/canon-powershot-g7-x-mkiii-black-vlogger\/","title":{"rendered":"Canon Powershot G7 X Mkiii Black Vlogger"},"content":{"rendered":"<div>\n<dl>\n<dt>Kamera-Typ:<\/dt>\n<dd>Kompaktkamera<\/dd>\n<dt>Megapixel (ca.):<\/dt>\n<dd>20,1 MP<\/dd>\n<dt>Sensor-Typ:<\/dt>\n<dd>CMOS<\/dd>\n<dt>Maximale Bildaufl\u00f6sung:<\/dt>\n<dd>5472 x 3648 Pixel<\/dd>\n<dt>Foto Aufl\u00f6sung(en):<\/dt>\n<dd>5472 x 3648, 3648 x 2432, 2736 x 1824, 2400 x 1600, 4864 x 3648, 3248 x 2432, 2432 x 1824, 2112 x 1600, 5472 x 3072, 3648 x 2048, 2736 x 1536, 2400 x 1344, 3648 x 3648, 2432 x 2432, 1824 x 1824, 1600 x 1600<\/dd>\n<dt>Bildstabilisator:<\/dt>\n<dd>Ja<\/dd>\n<dt>Unterst\u00fctzte Bildformate:<\/dt>\n<dd>JPEG, RAW<\/dd>\n<dt>Unterst\u00fctzte Seitenverh\u00e4ltnisse:<\/dt>\n<dd>1:1, 3:2, 4:3, 16:9<\/dd>\n<dt>Megapixel insgesamt:<\/dt>\n<dd>20,9 MP<\/dd>\n<dt>Optischer Zoom:<\/dt>\n<dd>4,2x<\/dd>\n<dt>Digitaler Zoom:<\/dt>\n<dd>4x<\/dd>\n<dt>Brennweitenbereich:<\/dt>\n<dd>8.8 &#8211; 36.8 mm<\/dd>\n<dt>Minimum Brennweite (\u00e4quivalent 35 mm Kleinbild):<\/dt>\n<dd>24 mm<\/dd>\n<dt>Maximum Brennweite (\u00e4quivalent 35 mm Kleinbild):<\/dt>\n<dd>100 mm<\/dd>\n<dt>Minimale Blendenzahl:<\/dt>\n<dd>1,8<\/dd>\n<dt>Maximale Blendenzahl:<\/dt>\n<dd>2,8<\/dd>\n<dt>Objektivaufbau (Elemente\/Gruppen):<\/dt>\n<dd>11\/9<\/dd>\n<dt>Extra-\/Smart-Zoom:<\/dt>\n<dd>8,4x<\/dd>\n<dt>Kombinierter Zoom:<\/dt>\n<dd>17x<\/dd>\n<dt>Anzahl der asp\u00e4rischen Linsen:<\/dt>\n<dd>3<\/dd>\n<dt>Fokus:<\/dt>\n<dd>TTL<\/dd>\n<dt>Fokuseinstellung:<\/dt>\n<dd>Auto\/Manuell<\/dd>\n<dt>Autofokus (AF)-Modi:<\/dt>\n<dd>AI Fokus, Kontinuierlicher Autofocus, Servo AF, Einzelbild-Autofokus<\/dd>\n<dt>AF-Objekterkennung:<\/dt>\n<dd>Gesicht<\/dd>\n<dt>Gesichtserkennung:<\/dt>\n<dd>Ja<\/dd>\n<dt>Normaler Fokusbereich (Tele):<\/dt>\n<dd>0.4 m<\/dd>\n<dt>Normaler Fokusbereich (Weitwinkel):<\/dt>\n<dd>0.05 m<\/dd>\n<dt>Autofokus (AF)-Punkte:<\/dt>\n<dd>31<\/dd>\n<dt>AF-Lock:<\/dt>\n<dd>Ja<\/dd>\n<dt>AF-Hilfslicht:<\/dt>\n<dd>Ja<\/dd>\n<dt>ISO-Empfindlichkeit (min):<\/dt>\n<dd>125<\/dd>\n<dt>ISO-Empfindlichkeit (max):<\/dt>\n<dd>12800<\/dd>\n<dt>Belichtungstyp:<\/dt>\n<dd>Zeitautomatik AE, Auto, Manuell, Blendenautomatik AE<\/dd>\n<dt>Belichtungskorrektur:<\/dt>\n<dd>\u00b1 3EV (1\/3EV step)<\/dd>\n<dt>Belichtungsmessung:<\/dt>\n<dd>Mittenbetonte, Evaluative (Mehrfeld), Spot<\/dd>\n<dt>ISO-Empfindlichkeit:<\/dt>\n<dd>125, 160, 200, 250, 320, 400, 500, 640, 800, 1000, 1250, 1600, 2000, 2500, 3200, 4000, 5000, 6400, 8000, 10000, 12800<\/dd>\n<dt>Automatische Belichtungsspeicherung (AE):<\/dt>\n<dd>Ja<\/dd>\n<dt>K\u00fcrzeste Verschlusszeit:<\/dt>\n<dd>1\/25600 s<\/dd>\n<dt>L\u00e4ngste Verschlusszeit:<\/dt>\n<dd>1 s<\/dd>\n<dt>Verschlusstyp:<\/dt>\n<dd>Elektronisch<\/dd>\n<dt>Blitz-Modi:<\/dt>\n<dd>Auto, Blitz Aus, Flash an, Manuell, Rote-Augen-Reduzierung, Zweiter Vorhang Synchro, Langsame Synchronisation<\/dd>\n<dt>Blitzlicht-Messwertspeicherung:<\/dt>\n<dd>Ja<\/dd>\n<dt>Blitzreichweite (Weitwinkel):<\/dt>\n<dd>0,5 &#8211; 7 m<\/dd>\n<dt>Blitzreichweite (Tele):<\/dt>\n<dd>0,4 &#8211; 4 m<\/dd>\n<dt>Blitzsynchronzeit:<\/dt>\n<dd>1\/2000 s<\/dd>\n<dt>Blitzbelichtungskorrektur:<\/dt>\n<dd>Ja<\/dd>\n<dt>Blitzbelichtungskorrekturbereich:<\/dt>\n<dd>\u00b12EV (1\/3 EV step)<\/dd>\n<dt>Videoaufnahme:<\/dt>\n<dd>Ja<\/dd>\n<dt>Maximale Video-Aufl\u00f6sung:<\/dt>\n<dd>3840 x 2160 Pixel<\/dd>\n<dt>HD-Typ:<\/dt>\n<dd>4K Ultra HD<\/dd>\n<dt>Video-Aufl\u00f6sung:<\/dt>\n<dd>1280 x 720,1920 x 1080,3840 x 2160<\/dd>\n<dt>Unterst\u00fctzte Videoformate:<\/dt>\n<dd>AVC, H.264, MP4, MPEG4<\/dd>\n<dt>Eingebautes Mikrofon:<\/dt>\n<dd>Ja<\/dd>\n<dt>Audio-System:<\/dt>\n<dd>Stereo<\/dd>\n<dt>Unterst\u00fctzte Audioformate:<\/dt>\n<dd>LC-AAC<\/dd>\n<dt>Kompatible Speicherkarten:<\/dt>\n<dd>SD, SDHC, SDXC<\/dd>\n<dt>Speicherkartensteckpl\u00e4tze:<\/dt>\n<dd>1<\/dd>\n<dt>Display:<\/dt>\n<dd>LCD<\/dd>\n<dt>Touchscreen:<\/dt>\n<dd>Ja<\/dd>\n<dt>Bildschirmdiagonale:<\/dt>\n<dd>7,62 cm (3&#8243;)<\/dd>\n<dt>Bildschirmdiagonale (cm):<\/dt>\n<dd>7,5 cm<\/dd>\n<dt>Bildschirmaufl\u00f6sung (numerisch):<\/dt>\n<dd>1040000 Pixel<\/dd>\n<dt>Display-Seitenverh\u00e4ltnis:<\/dt>\n<dd>3:2<\/dd>\n<dt>Ausklappbarer Bildschirm:<\/dt>\n<dd>Ja<\/dd>\n<dt>Dreh- und schwenkbares Display:<\/dt>\n<dd>Ja<\/dd>\n<dt>PictBridge:<\/dt>\n<dd>Ja<\/dd>\n<dt>HDMI:<\/dt>\n<dd>Ja<\/dd>\n<dt>USB-Anschlusstyp:<\/dt>\n<dd>USB Typ-C<\/dd>\n<dt>HDMI-Steckverbindertyp:<\/dt>\n<dd>Micro<\/dd>\n<dt>Mikrofon-Eingang:<\/dt>\n<dd>Ja<\/dd>\n<dt>Bluetooth:<\/dt>\n<dd>Ja<\/dd>\n<dt>WLAN:<\/dt>\n<dd>Ja<\/dd>\n<dt>WLAN-Standards:<\/dt>\n<dd>802.11b, 802.11g, Wi-Fi 4 (802.11n)<\/dd>\n<dt>Wei\u00dfabgleich:<\/dt>\n<dd>Auto, Wolkig, Benutzerdefinierte Modi, Tageslicht, Flash, Fluoreszierend, Schatten, Tungsten<\/dd>\n<dt>Bildstile:<\/dt>\n<dd>Portr\u00e4t, Selbstportrait<\/dd>\n<dt>Selbstausl\u00f6ser Verz\u00f6gerung:<\/dt>\n<dd>2,10 s<\/dd>\n<dt>Stativbefestigung:<\/dt>\n<dd>Ja<\/dd>\n<dt>Helligkeitseinstellung:<\/dt>\n<dd>Ja<\/dd>\n<dt>Multiburst-Modus:<\/dt>\n<dd>Ja<\/dd>\n<dt>Dioptrienausgleich:<\/dt>\n<dd>Ja<\/dd>\n<dt>Histogramm:<\/dt>\n<dd>Ja<\/dd>\n<dt>Direktdruck:<\/dt>\n<dd>Ja<\/dd>\n<dt>Orientierungssensor:<\/dt>\n<dd>Ja<\/dd>\n<dt>Kamera-Dateisystem:<\/dt>\n<dd>DPOF 1.1, Exif 2.21<\/dd>\n<dt>Eingebauter Prozessor:<\/dt>\n<dd>Ja<\/dd>\n<dt>Bildprozessor:<\/dt>\n<dd>DIGIC 8<\/dd>\n<dt>Produktfarbe:<\/dt>\n<dd>Schwarz<\/dd>\n<dt>Akku-\/Batterietechnologie:<\/dt>\n<dd>Lithium-Ion (Li-Ion)<\/dd>\n<dt>Akkulaufzeit (CIPA Standard):<\/dt>\n<dd>265 Sch\u00fcsse<\/dd>\n<dt>Betriebstemperatur:<\/dt>\n<dd>0 &#8211; 40 \u00b0C<\/dd>\n<dt>Relative Luftfeuchtigkeit in Betrieb:<\/dt>\n<dd>10 &#8211; 90%<\/dd>\n<dt>Breite:<\/dt>\n<dd>105,5 mm<\/dd>\n<dt>Tiefe:<\/dt>\n<dd>41,4 mm<\/dd>\n<dt>H\u00f6he:<\/dt>\n<dd>60,9 mm<\/dd>\n<dt>Gewicht (mit Batterie):<\/dt>\n<dd>340 g<\/dd>\n<dt>Trageschlaufe enthalten:<\/dt>\n<dd>Ja<\/dd>\n<dt>Mitgelieferte Kabel:<\/dt>\n<dd>AC<\/dd>\n<dt>Ladeger\u00e4t enthalten:<\/dt>\n<dd>Ja<\/dd>\n<dt>Akkus\/Batterien enthalten:<\/dt>\n<dd>Ja<\/dd>\n<dt>Schnellstart\u00fcbersicht:<\/dt>\n<dd>Ja<\/dd>\n<\/dl>\n<dl>\n<dt>Sensortyp:<\/dt>\n<dd>CMOS<\/dd>\n<dt>Maximale Pixel (in Millionen):<\/dt>\n<dd>20.9<\/dd>\n<dt>Sucher:<\/dt>\n<dd>LCD-Display<\/dd>\n<dt>Produkttyp:<\/dt>\n<dd>Kompaktkamera<\/dd>\n<dt>Optischer Zoom (x-fach):<\/dt>\n<dd>4<\/dd>\n<dt>Digitaler Zoom (x-fach):<\/dt>\n<dd>4<\/dd>\n<dt>Breite in mm:<\/dt>\n<dd>105<\/dd>\n<dt>Gewicht in g:<\/dt>\n<dd>304<\/dd>\n<dt>Speicherkarten-Typ:<\/dt>\n<dd>SDXC<\/dd>\n<dt>Tiefe in mm:<\/dt>\n<dd>41.4<\/dd>\n<dt>Effektive Pixel (in Millionen):<\/dt>\n<dd>20.1<\/dd>\n<dt>H\u00f6he in mm:<\/dt>\n<dd>60.9<\/dd>\n<dt>Niedrigste Brennweite in mm:<\/dt>\n<dd>24<\/dd>\n<dt>H\u00f6chste Brennweite in mm:<\/dt>\n<dd>100<\/dd>\n<dt>Bildschirmgr\u00f6\u00dfe in Zoll:<\/dt>\n<dd>3<\/dd>\n<dt>WLAN:<\/dt>\n<dd>ja<\/dd>\n<dt>Bildschirmaufl\u00f6sung in Pixel:<\/dt>\n<dd>1040000<\/dd>\n<dt>Video-Aufl\u00f6sung in Pixel (Breite):<\/dt>\n<dd>3840<\/dd>\n<dt>Video-Aufl\u00f6sung in Pixel (H\u00f6he):<\/dt>\n<dd>2160<\/dd>\n<dt>RAW Dateiformat:<\/dt>\n<dd>ja<\/dd>\n<dt>Maximale Blende Tele:<\/dt>\n<dd>2.8<\/dd>\n<dt>Maximale Blende Weitwinkel:<\/dt>\n<dd>1.8<\/dd>\n<dt>Sensorgr\u00f6\u00dfe:<\/dt>\n<dd>13,2 x 8,8 mm<\/dd>\n<dt>Bildstabilisator:<\/dt>\n<dd>optisch<\/dd>\n<dt>Gesichtserkennung:<\/dt>\n<dd>YES<\/dd>\n<dt>Klappbarer LCD-Monitor:<\/dt>\n<dd>FOLDABLE SELFIE LCD<\/dd>\n<dt>Blendenautomatik:<\/dt>\n<dd>ja<\/dd>\n<dt>Zeitautomatik:<\/dt>\n<dd>ja<\/dd>\n<dt>Touchscreen:<\/dt>\n<dd>ja<\/dd>\n<dt>Anzahl Objektive im Kit:<\/dt>\n<dd>0<\/dd>\n<dt>Objektiv 1:<\/dt>\n<dd><\/dd>\n<dt>Objektiv 2:<\/dt>\n<dd><\/dd>\n<dt>Kamerageh\u00e4use \/ Kit:<\/dt>\n<dd>Kamerageh\u00e4use<\/dd>\n<dt>Microphone Port:<\/dt>\n<dd>Yes<\/dd>\n<dt>Abmessungen in mm (B x H x T):<\/dt>\n<dd><\/dd>\n<dt>Brennweite in mm:<\/dt>\n<dd><\/dd>\n<dt>Video-Aufl\u00f6sung in Pixel:<\/dt>\n<dd><\/dd>\n<dt>Maximale Blende:<\/dt>\n<dd><\/dd>\n<dt>Bildschirmgr\u00f6\u00dfe in cm:<\/dt>\n<dd><\/dd>\n<dt>Bildschirmgr\u00f6\u00dfe:<\/dt>\n<dd><\/dd>\n<dt>Crop-Faktor:<\/dt>\n<dd><\/dd>\n<\/dl>\n<p>Mit dem PowerShot G7 X Mark III Vlogger-Kit kannst du deiner Kreativit\u00e4t freien Lauf lassen und noch bessere Vlogs erstellen. Das 4,2fach Zoomobjektiv mit Lichtst\u00e4rke 1:1,8-2,8 sorgt f\u00fcr hochwertige Aufnahmen. Nimm das perfekte Selfie mit 20,1 Megapixeln auf oder teile deine wichtigen Momente in 4K auf Social Media. Der 1,0-Zoll-Typ Stacked CMOS-Sensor bietet erstklassige Low-Light-Eigenschaften und erm\u00f6glicht eine attraktive Hintergrundunsch\u00e4rfe. Mit dem Griffstativ kannst du dank des ergonomischen Designs auch \u00fcber einen langen Zeitraum hinweg komfortabel filmen. Zudem bietet es eine Fernbedienung, mit der du die Kamera vom anderen Ende des Raums aus steuern kannst. Das Kit wird durch eine 64 GB SD-Speicherkarte abgerundet \u2013 damit du dich auf Videos konzentrieren kannst, die dein Publikum begeistern und dir keine Sorgen machen musst, ob der Speicherplatz ausreicht.<\/p>\n<p>Canon PowerShot Kit Vlogger Premium G7 X Mark III, noir. Type d&#8217;appareil photo: Appareil-photo compact, M\u00e9gapixel: 20,1 MP, Type de capteur: CMOS, R\u00e9solution d&#8217;image maximale: 5472 x 3648 pixels. La sensibilit\u00e9 ISO (max): 12800. Zoom optique: 4,2x, Zoom num\u00e9rique: 4x, Longueur focale: 8.8 &#8211; 36.8 mm. Wifi. Type HD: 4K Ultra HD, R\u00e9solution vid\u00e9o maximale: 3840 x 2160 pixels. Taille de l&#8217;\u00e9cran: 7,62 cm (3&#8243;), \u00c9cran tactile. PictBridge. Couleur du produit: Noir<\/p><\/div>\n<p> , <!----><!----><\/p>\n<section aria-label=\"Produktdaten\">\n<dl class=\"pdp-attribute-list\"><!--[--><\/p>\n<div class=\"pdp-attribute-list__item\">\n<dt data-test=\"attribute-list-title\" class=\"pdp-attribute-list__title\">Lieferumfang<\/dt>\n<dd class=\"pdp-attribute-list__values\" data-test=\"attribute-list-values\"><!--[--><\/p>\n<div data-test-item_text=\"Trageschlaufe, AC Ladeger\u00e4t, Akkus\/Batterien, Schnellstart\u00fcbersicht, Griffstativ, 64 GB SD-Speicherkarte\" class=\"pdp-attribute-list__value\">\n<div class=\"pdp-attribute-list__item-text\">\n<div>Trageschlaufe, AC Ladeger\u00e4t, Akkus\/Batterien, Schnellstart\u00fcbersicht, Griffstativ, 64 GB SD-Speicherkarte<\/div>\n<\/div>\n<\/div>\n<p><!--]--><\/dd>\n<\/div>\n<div class=\"pdp-attribute-list__item--single-row pdp-attribute-list__item\">\n<dt data-test=\"attribute-list-title\" class=\"pdp-attribute-list__title\">Optischer Zoom<\/dt>\n<dd class=\"pdp-attribute-list__values\" data-test=\"attribute-list-values\"><!--[--><\/p>\n<div data-test-item_text=\"4.2\" class=\"pdp-attribute-list__value\">\n<div class=\"pdp-attribute-list__item-text\">\n<div>4.2<\/div>\n<\/div>\n<\/div>\n<p><!--]--><\/dd>\n<\/div>\n<div class=\"pdp-attribute-list__item--single-row pdp-attribute-list__item\">\n<dt data-test=\"attribute-list-title\" class=\"pdp-attribute-list__title\">Farbe<\/dt>\n<dd class=\"pdp-attribute-list__values\" data-test=\"attribute-list-values\"><!--[--><\/p>\n<div data-test-item_text=\"Schwarz\" class=\"pdp-attribute-list__value\">\n<div class=\"pdp-attribute-list__item-text\">\n<div>Schwarz<\/div>\n<\/div>\n<\/div>\n<p><!--]--><\/dd>\n<\/div>\n<div class=\"pdp-attribute-list__item--single-row pdp-attribute-list__item\">\n<dt data-test=\"attribute-list-title\" class=\"pdp-attribute-list__title\">Ma\u00dfe<\/dt>\n<dd class=\"pdp-attribute-list__values\" data-test=\"attribute-list-values\"><!--[--><\/p>\n<div data-test-item_text=\"10,55 cm x 6,09 cm x 4,14 cm\" class=\"pdp-attribute-list__value\">\n<div class=\"pdp-attribute-list__item-text\">\n<div>10,55 cm x 6,09 cm x 4,14 cm<\/div>\n<\/div>\n<\/div>\n<p><!--]--><\/dd>\n<\/div>\n<div class=\"pdp-attribute-list__item--single-row pdp-attribute-list__item\">\n<dt data-test=\"attribute-list-title\" class=\"pdp-attribute-list__title\">Bildschirmgr\u00f6\u00dfe<\/dt>\n<dd class=\"pdp-attribute-list__values\" data-test=\"attribute-list-values\"><!--[--><\/p>\n<div data-test-item_text=\"7.62 Zoll\" class=\"pdp-attribute-list__value\">\n<div class=\"pdp-attribute-list__item-text\">\n<div>7.62 Zoll<\/div>\n<\/div>\n<\/div>\n<p><!--]--><\/dd>\n<\/div>\n<div class=\"pdp-attribute-list__item--single-row pdp-attribute-list__item\">\n<dt data-test=\"attribute-list-title\" class=\"pdp-attribute-list__title\">Gewicht<\/dt>\n<dd class=\"pdp-attribute-list__values\" data-test=\"attribute-list-values\"><!--[--><\/p>\n<div data-test-item_text=\"0.34 kg\" class=\"pdp-attribute-list__value\">\n<div class=\"pdp-attribute-list__item-text\">\n<div>0.34 kg<\/div>\n<\/div>\n<\/div>\n<p><!--]--><\/dd>\n<\/div>\n<div class=\"pdp-attribute-list__item--single-row pdp-attribute-list__item\">\n<dt data-test=\"attribute-list-title\" class=\"pdp-attribute-list__title\">Hersteller<\/dt>\n<dd class=\"pdp-attribute-list__values\" data-test=\"attribute-list-values\"><!--[--><\/p>\n<div data-test-item_text=\"Canon\" class=\"pdp-attribute-list__value\"><a class=\"rd-link rd-link--primary pdp-attribute-list__link\" href=\"https:\/\/www.kaufland.de\/m\/canon\/~47623\/\"><!--[--><!--]--><span class=\"rd-link__text\"><!--[--><\/p>\n<div><span>Canon<\/span><\/div>\n<p><!--]--><\/span><!----><\/a><\/div>\n<p><!--]--><\/dd>\n<\/div>\n<div class=\"pdp-attribute-list__item--single-row pdp-attribute-list__item\">\n<dt data-test=\"attribute-list-title\" class=\"pdp-attribute-list__title\">Kameraaufl\u00f6sung<\/dt>\n<dd class=\"pdp-attribute-list__values\" data-test=\"attribute-list-values\"><!--[--><\/p>\n<div data-test-item_text=\"20.1 Megapixel\" class=\"pdp-attribute-list__value\">\n<div class=\"pdp-attribute-list__item-text\">\n<div>20.1 Megapixel<\/div>\n<\/div>\n<\/div>\n<p><!--]--><\/dd>\n<\/div>\n<div class=\"pdp-attribute-list__item--single-row pdp-attribute-list__item\">\n<dt data-test=\"attribute-list-title\" class=\"pdp-attribute-list__title\">Enth\u00e4lt Batterien<\/dt>\n<dd class=\"pdp-attribute-list__values\" data-test=\"attribute-list-values\"><!--[--><\/p>\n<div data-test-item_text=\"Ja\" class=\"pdp-attribute-list__value\">\n<div class=\"pdp-attribute-list__item-text\">\n<div>Ja<\/div>\n<\/div>\n<\/div>\n<p><!--]--><\/dd>\n<\/div>\n<div class=\"pdp-attribute-list__item--single-row pdp-attribute-list__item\">\n<dt data-test=\"attribute-list-title\" class=\"pdp-attribute-list__title\">Modell<\/dt>\n<dd class=\"pdp-attribute-list__values\" data-test=\"attribute-list-values\"><!--[--><\/p>\n<div data-test-item_text=\"Powershot G7 X Mkiii\" class=\"pdp-attribute-list__value\">\n<div class=\"pdp-attribute-list__item-text\">\n<div>Powershot G7 X Mkiii<\/div>\n<\/div>\n<\/div>\n<p><!--]--><\/dd>\n<\/div>\n<div class=\"pdp-attribute-list__item--single-row pdp-attribute-list__item\">\n<dt data-test=\"attribute-list-title\" class=\"pdp-attribute-list__title\">EAN<\/dt>\n<dd class=\"pdp-attribute-list__values\" data-test=\"attribute-list-values\"><!--[--><\/p>\n<div data-test-item_text=\"8714574664910\" class=\"pdp-attribute-list__value\">\n<div class=\"pdp-attribute-list__item-text\">\n<div>8714574664910<\/div>\n<\/div>\n<\/div>\n<p><!--]--><\/dd>\n<\/div>\n<div class=\"pdp-attribute-list__item--single-row pdp-attribute-list__item\">\n<dt data-test=\"attribute-list-title\" class=\"pdp-attribute-list__title\">Herstellernummer<\/dt>\n<dd class=\"pdp-attribute-list__values\" data-test=\"attribute-list-values\"><!--[--><\/p>\n<div data-test-item_text=\"3637C027\" class=\"pdp-attribute-list__value\">\n<div class=\"pdp-attribute-list__item-text\">\n<div>3637C027<\/div>\n<\/div>\n<\/div>\n<p><!--]--><\/dd>\n<\/div>\n<p><!--]--><\/dl>\n<\/section>\n","protected":false},"excerpt":{"rendered":"<p>, <\/p>\n<dt data-test=\"attribute-list-title\" class=\"pdp-attribute-list__title\">EAN<\/dt>\n<dd class=\"pdp-attribute-list__values\" data-test=\"attribute-list-values\"><!--[--><\/p>\n<div data-test-item_text=\"8714574664910\" class=\"pdp-attribute-list__value\">\n<div class=\"pdp-attribute-list__item-text\">\n<div>8714574664910<\/div>\n<\/div>\n<\/div>\n<p><!--]--><\/dd>\n<p>, <\/p>\n<dt data-test=\"attribute-list-title\" class=\"pdp-attribute-list__title\">Gewicht<\/dt>\n<dd class=\"pdp-attribute-list__values\" data-test=\"attribute-list-values\"><!--[--><\/p>\n<div data-test-item_text=\"0.34 kg\" class=\"pdp-attribute-list__value\">\n<div class=\"pdp-attribute-list__item-text\">\n<div>0.34 kg<\/div>\n<\/div>\n<\/div>\n<p><!--]--><\/dd>\n","protected":false},"featured_media":58478,"comment_status":"open","ping_status":"closed","template":"","meta":{"_monsterinsights_skip_tracking":false,"_monsterinsights_sitenote_active":false,"_monsterinsights_sitenote_note":"","_monsterinsights_sitenote_category":0,"_uf_show_specific_survey":0,"_uf_disable_surveys":false},"product_brand":[],"product_cat":[516],"product_tag":[],"models":[],"years":[],"class_list":{"0":"post-47859","1":"product","2":"type-product","3":"status-publish","4":"has-post-thumbnail","6":"product_cat-foto-video","8":"first","9":"instock","10":"sale","11":"featured","12":"shipping-taxable","13":"purchasable","14":"product-type-simple"},"aioseo_notices":[],"acf":[],"_links":{"self":[{"href":"https:\/\/amannforg.com\/de\/wp-json\/wp\/v2\/product\/47859","targetHints":{"allow":["GET"]}}],"collection":[{"href":"https:\/\/amannforg.com\/de\/wp-json\/wp\/v2\/product"}],"about":[{"href":"https:\/\/amannforg.com\/de\/wp-json\/wp\/v2\/types\/product"}],"replies":[{"embeddable":true,"href":"https:\/\/amannforg.com\/de\/wp-json\/wp\/v2\/comments?post=47859"}],"version-history":[{"count":1,"href":"https:\/\/amannforg.com\/de\/wp-json\/wp\/v2\/product\/47859\/revisions"}],"predecessor-version":[{"id":58481,"href":"https:\/\/amannforg.com\/de\/wp-json\/wp\/v2\/product\/47859\/revisions\/58481"}],"wp:featuredmedia":[{"embeddable":true,"href":"https:\/\/amannforg.com\/de\/wp-json\/wp\/v2\/media\/58478"}],"wp:attachment":[{"href":"https:\/\/amannforg.com\/de\/wp-json\/wp\/v2\/media?parent=47859"}],"wp:term":[{"taxonomy":"product_brand","embeddable":true,"href":"https:\/\/amannforg.com\/de\/wp-json\/wp\/v2\/product_brand?post=47859"},{"taxonomy":"product_cat","embeddable":true,"href":"https:\/\/amannforg.com\/de\/wp-json\/wp\/v2\/product_cat?post=47859"},{"taxonomy":"product_tag","embeddable":true,"href":"https:\/\/amannforg.com\/de\/wp-json\/wp\/v2\/product_tag?post=47859"},{"taxonomy":"models","embeddable":true,"href":"https:\/\/amannforg.com\/de\/wp-json\/wp\/v2\/models?post=47859"},{"taxonomy":"years","embeddable":true,"href":"https:\/\/amannforg.com\/de\/wp-json\/wp\/v2\/years?post=47859"}],"curies":[{"name":"wp","href":"https:\/\/api.w.org\/{rel}","templated":true}]}}