{"id":47932,"date":"2026-03-11T11:40:00","date_gmt":"2026-03-11T11:40:00","guid":{"rendered":"https:\/\/amannforg.com\/?post_type=product&#038;p=47932"},"modified":"2026-03-13T11:19:45","modified_gmt":"2026-03-13T11:19:45","slug":"dji-mavic-3-pro-cine-premium-combo","status":"publish","type":"product","link":"https:\/\/amannforg.com\/de\/produkt\/dji-mavic-3-pro-cine-premium-combo\/","title":{"rendered":"DJI Mavic 3 Pro Cine Premium Combo"},"content":{"rendered":"<div>\n<h3><strong>DJI Mavic 3 Pro<\/strong><\/h3>\n<p><strong><strong>Inspiration im Fokus<\/strong><\/strong><\/p>\n<ul>\n<li>4\/3 CMOS Hasselblad-Kamera<\/li>\n<li>Zwei Telekameras<\/li>\n<li>Alle drei Kameras unterst\u00fctzen Apple ProRes<\/li>\n<li>43 min max. Flugzeit<\/li>\n<li>Omnidirektionale Hindernisvermeidung<\/li>\n<\/ul>\n<p>Die DJI Mavic 3-Serie bietet eine Bildgebungsleistung der n\u00e4chsten Generation. Das Dreifachkamerasystem der Mavic 3 Pro l\u00e4utet eine neue \u00c4ra der Kameradrohnen ein, indem sie drei Bildsensoren und Objektive mit unterschiedlichen Brennweiten aufnimmt. Dank einer einer Hasselblad-Kamera und zwei Telekameras er\u00f6ffnet die Mavic 3 Pro neue Perspektiven f\u00fcr Aufnahmen, sodass man kreative Freiheit weiter ausleben, faszinierende Landschaften einfangen, fotografisches Storytelling erkunden und filmische Meisterwerke kreieren kann.<\/p>\n<p><strong>Lieferumfang:<\/strong><br \/>1x Mavic&nbsp;3&nbsp;Pro Cine<br \/><strong>1x RC&nbsp;Pro Fernsteuerung<\/strong><br \/>1x RC&nbsp;Pro Steuerkn\u00fcppel (Paar)<br \/><strong>3x Mavic&nbsp;3 Intelligent Flight Battery<\/strong><br \/><strong>6x Mavic&nbsp;3 Ger\u00e4uscharme Propeller (Paar)<\/strong><br \/>1x Netzkabel f\u00fcr DJI&nbsp;USB-C Netzteil (100W)<br \/>1x USB-C Netzteil (100W)<br \/>2x USB-C auf USB-C Kabel<br \/>1x Mavic&nbsp;3 Akkuladestation (100W)<br \/>1x Mavic&nbsp;3&nbsp;Pro Schutzh\u00fclle<br \/>1x Mavic&nbsp;3&nbsp;Pro ND-Filterset (ND8\/16\/32\/64)<br \/>1x 10&nbsp;Gbit\/s Lightspeed-Datenkabel<br \/>1x Umh\u00e4ngetasche<\/p>\n<p>&nbsp;<\/p>\n<dl>\n<dt>Typ:<\/dt>\n<dd>Mini-Drohne<\/dd>\n<dt>Produktfarbe:<\/dt>\n<dd>Grau<\/dd>\n<dt>Drohnenklasse:<\/dt>\n<dd>C2<\/dd>\n<dt>Anzahl der Rotoren:<\/dt>\n<dd>4 Rotoren<\/dd>\n<dt>H\u00f6chstgeschwindigkeit:<\/dt>\n<dd>21 m\/s<\/dd>\n<dt>H\u00f6chstgewichtskapazit\u00e4t:<\/dt>\n<dd>0,963 kg<\/dd>\n<dt>Maximale Flugh\u00f6he:<\/dt>\n<dd>6000 m<\/dd>\n<dt>Maximaler Neigungswinkel:<\/dt>\n<dd>35\u00b0<\/dd>\n<dt>Maximale Aufstiegsgeschwindigkeit:<\/dt>\n<dd>8 m\/s<\/dd>\n<dt>Maximale Senkgeschwindigkeit:<\/dt>\n<dd>6 m\/s<\/dd>\n<dt>Maximale Windbest\u00e4ndigkeit:<\/dt>\n<dd>12 m\/s<\/dd>\n<dt>Maximale Flugzeit:<\/dt>\n<dd>43 min<\/dd>\n<dt>Schwebezeit (max.):<\/dt>\n<dd>37 min<\/dd>\n<dt>GPS:<\/dt>\n<dd>Ja<\/dd>\n<dt>WLAN:<\/dt>\n<dd>Ja<\/dd>\n<dt>WLAN-Standards:<\/dt>\n<dd>Wi-Fi 6 (802.11ax)<\/dd>\n<dt>Megapixel (ca.):<\/dt>\n<dd>12 MP<\/dd>\n<dt>Maximale Video-Aufl\u00f6sung:<\/dt>\n<dd>5120 x 2700 Pixel<\/dd>\n<dt>Video-Aufl\u00f6sung:<\/dt>\n<dd>1920 x 1080,3840 x 2160,4096 x 2160,5120 \u00d7 2700<\/dd>\n<dt>Sensor-Typ:<\/dt>\n<dd>CMOS<\/dd>\n<dt>Blickwinkel (FOV):<\/dt>\n<dd>15\u00b0<\/dd>\n<dt>Bitrate bei maximaler Videoaufl\u00f6sung:<\/dt>\n<dd>3772 Mbit\/s<\/dd>\n<dt>Unterst\u00fctzte Videoformate:<\/dt>\n<dd>AVC, H.264, H.265, HEVC, MOV, MP4, MPEG4<\/dd>\n<dt>Kamera Verschlusszeit:<\/dt>\n<dd>2-1\/8000 s<\/dd>\n<dt>Maximale Bildaufl\u00f6sung:<\/dt>\n<dd>4000 x 3000 Pixel<\/dd>\n<dt>Unterst\u00fctzte Bildformate:<\/dt>\n<dd>DNG, JPEG<\/dd>\n<dt>Format\u00e4quivalent (Objektiv):<\/dt>\n<dd>16,6 cm<\/dd>\n<dt>Normaler Fokusbereich:<\/dt>\n<dd>3 m<\/dd>\n<dt>Videoaufnahme ISO-Empfindlichkeit (normal):<\/dt>\n<dd>100 &#8211; 6400<\/dd>\n<dt>Videoaufnahme ISO-Empfindlichkeit (D-Log):<\/dt>\n<dd>400 &#8211; 1600<\/dd>\n<dt>Videoaufnahme ISO-Empfindlichkeit (HLG):<\/dt>\n<dd>100 &#8211; 1600<\/dd>\n<dt>Nachtmodusaufnahme ISO-Empfindlichkeit (normal):<\/dt>\n<dd>800 &#8211; 12800<\/dd>\n<dt>Unterst\u00fctzte Dateisysteme:<\/dt>\n<dd>exFAT<\/dd>\n<dt>Mechanischer Kippbereich:<\/dt>\n<dd>-140 &#8211; 50\u00b0<\/dd>\n<dt>Mechanischer Schwenkbereich:<\/dt>\n<dd>-23 &#8211; 23\u00b0<\/dd>\n<dt>Mechanischer Rollbereich:<\/dt>\n<dd>-50 &#8211; 50\u00b0<\/dd>\n<dt>Maximale Regelgeschwindigkeit (Neigung):<\/dt>\n<dd>100 \u00b0\/Sekunde<\/dd>\n<dt>Niedrigste Latenz:<\/dt>\n<dd>120 ms<\/dd>\n<dt>Speicherkartenslot(s):<\/dt>\n<dd>Ja<\/dd>\n<dt>Speicherkapazit\u00e4t:<\/dt>\n<dd>1 TB<\/dd>\n<dt>Kompatible Speicherkarten:<\/dt>\n<dd>MicroSD (TransFlash)<\/dd>\n<dt>Max. Speicherkartengr\u00f6\u00dfe:<\/dt>\n<dd>512 GB<\/dd>\n<dt>Anzahl der USB-Anschl\u00fcsse:<\/dt>\n<dd>2<\/dd>\n<dt>Batteriebetrieben:<\/dt>\n<dd>Ja<\/dd>\n<dt>Akku-\/Batterietechnologie:<\/dt>\n<dd>Lithium-Ion (Li-Ion)<\/dd>\n<dt>Akku-\/Batteriekapazit\u00e4t:<\/dt>\n<dd>5000 mAh<\/dd>\n<dt>Akku-\/Batteriespannung:<\/dt>\n<dd>15,4 V<\/dd>\n<dt>Batteriekapazit\u00e4t:<\/dt>\n<dd>77 Wh<\/dd>\n<dt>Ladezeit:<\/dt>\n<dd>96 min<\/dd>\n<dt>Betriebstemperatur:<\/dt>\n<dd>-10 &#8211; 40 \u00b0C<\/dd>\n<dt>Antennentyp:<\/dt>\n<dd>2T4R<\/dd>\n<dt>Anzahl der Antennen:<\/dt>\n<dd>4<\/dd>\n<dt>Breite:<\/dt>\n<dd>290,8 mm<\/dd>\n<dt>Tiefe:<\/dt>\n<dd>347,5 mm<\/dd>\n<dt>H\u00f6he:<\/dt>\n<dd>107,7 mm<\/dd>\n<dt>Fernbedienung enthalten:<\/dt>\n<dd>Ja<\/dd>\n<dt>Ladeger\u00e4t:<\/dt>\n<dd>Ja<\/dd>\n<\/dl>\n<p>Produkttypen<br \/>Drohne mit Kamera, faltbare Drohne, Quadrocopter<br \/>Einsatzbereich<br \/>Video<br \/>Schwierigkeitsgrade<br \/>f\u00fcr Fortgeschrittene, f\u00fcr Anf\u00e4nger, f\u00fcr Profis<br \/>Altersempfehlung ab<br \/>18 Jahre<br \/>Modell<br \/>RC-Ausf\u00fchrung<br \/>RTF (Ready-to-Fly)<br \/>Schutzfunktionen<br \/>Abschaltautomatik, Altitude Hold, automatische H\u00f6henregelung, automatische Stabilit\u00e4tskontrolle, Batteriestandsanzeige, Fail Safe, Geofencing, Warnung bei niedrigem Batteriestand, Return to Home<br \/>RC-Funktionen<br \/>QuickShots, Body-Tracking, Follow Me, Sport-Modus<br \/>Hinderniserkennung<br \/>abw\u00e4rts, aufw\u00e4rts, r\u00fcckw\u00e4rts, seitlich, vorw\u00e4rts<br \/>Ortungssystem<br \/>Beidou, GALILEO, GPS<br \/>Ausstattung<br \/>4 Motoren, faltbare Rotoren<br \/>max. Geschwindigkeit<br \/>76 km\/h \/ 21 m\/s<br \/>Betriebstemperatur<br \/>-10 bis +40 \u00b0C<br \/>Beleuchtung<br \/>Positions-LEDs<br \/>max. Flugh\u00f6he<br \/>6.000 m<br \/>Sinkrate<br \/>6 m\/s<br \/>Steigrate<br \/>8 m\/s<br \/>Lieferumfang<br \/>Fernsteuerung, 1x RC Kabel USB-C, 1x RC-Kabel (Standard Micro-USB-Anschluss), 3 Flugakkus, Ladehub, ND-Filterset, Transporttasche, Propeller (8)<br \/>L\u00e4nge<br \/>348 mm<br \/>Abfluggewicht<br \/>963 g<br \/>Abmessungen gefaltet<br \/>213 x 98 x 95 mm<br \/>Breite<br \/>291 mm<br \/>H\u00f6he<br \/>108 mm<br \/>Windwiderstand<br \/>12 m\/s<br \/>Anschl\u00fcsse Drohne<br \/>Micro-SD, Micro-USB<br \/>Rahmenmaterial<br \/>Kunststoff<br \/>Farbe<br \/>grau<br \/>Kamera<br \/>Kameratyp<br \/>integrierte Kamera<br \/>Framerate bei 2,7K<br \/>120 fps<br \/>Anzahl Kameras<br \/>3<br \/>ISO-Bereich (Foto)<br \/>100 &#8211; 6.400<br \/>ISO-Bereich (Video)<br \/>100 &#8211; 6.400<br \/>Kamera-Modell<br \/>Hasselblad<br \/>Aufnahmeprogramme<br \/>Video, Zeitraffer<br \/>Videoaufl\u00f6sungen<br \/>4K (UHD), 5.2K<br \/>Sichtfeld<br \/>84\u00b0<br \/>Framerate bei 4K<br \/>120 fps<br \/>Bildformate<br \/>JPEG, DNG, MP4, Apple ProRes, MOV<br \/>Framerate bei Full HD<br \/>200 fps<br \/>Blende<br \/>f\/2.8 &#8211; f\/11<br \/>Framerate bei HD<br \/>200 fps<br \/>Sensoren<br \/>4\/3&#8243;, CMOS, 1\/1.3&#8243; CMOS, 1\/2&#8243; CMOS<br \/>Fotoaufl\u00f6sung<br \/>20 MP, 48 MP, 12 MP<br \/>Lichtst\u00e4rken<br \/>2.8, 3.4<br \/>interner Speicher<br \/>1.000 GB<br \/>Digital-Zoom<br \/>28 fach<br \/>Einstellm\u00f6glichkeiten<br \/>Belichtung, Blende, ISO, Wei\u00dfabgleich<br \/>Gimbal<br \/>Neigen: -140\u00b0 bis 50\u00b0, Rollen: -50\u00b0 bis 50\u00b0, Schwenken: -23\u00b0 bis 23\u00b0<br \/>elektronischer Bildstabilisator<br \/>nein<br \/>Brennweiten<br \/>24 mm, 70 mm, 166 mm<br \/>Fernsteuerung<br \/>Frequenzbereiche<br \/>5,8 GHz, 2,4 GHz<br \/>\u00dcbertragungsreichweite<br \/>8.000 m<br \/>Anschl\u00fcsse Fernsteuerung<br \/>USB<br \/>Fernsteuerung<br \/>DJI RC Pro<br \/>Reichweite Bild\u00fcbertragung<br \/>8.000 m<br \/>\u00dcbertragungsart<br \/>Funk<br \/>Telemetriedaten<br \/>Batteriestandsanzeige, Echtzeit-\u00dcbertragung, Entfernung, Fluggeschwindigkeit, H\u00f6hensensor, Kompass<br \/>Flugakku<br \/>Flugzeit<br \/>43 min<br \/>Ladezeit<br \/>96 min<br \/>Energie<br \/>77 Wh<br \/>Gewicht Flugakku<br \/>336 g<br \/>Akkukapazit\u00e4t<br \/>5.000 mAh<br \/>Akkuart<br \/>LiPo 4S<br \/>Akkuspannung<br \/>15,4 V<br \/>Akku austauschbar<br \/>ja<br \/>Ladeger\u00e4t<br \/>Ladespannung<br \/>17,6 V<br \/>Hinweise<br \/>Bitte beachten Sie<br \/>F\u00fcr Drohnen mit einem Abfluggewicht ab 500g bis 2kg wird der kleine EU-Drohnenf\u00fchrerschein (EU Kompetenznachweis) und gro\u00dfe EU-Drohnenf\u00fchrerschein (EU-Fernpiloten-Zeugnis) ben\u00f6tigt., Bitte beachten Sie die jeweiligen Sonderregeln und \u00dcbergangsbestimmungen von nicht klassifizierten Drohnen., Der Betreiber der Drohne muss sich beim Luftfahrtbundesamt (LBA) registrieren. Die e-ID mu\u00df auf der Drohne sichtbar angebracht werden., Das Mindestalter betr\u00e4gt 16 Jahre., Eine Haftpflichtversicherung ist in Deutschland f\u00fcr alle Drohnen vorgeschrieben., Ab 120 m Flugh\u00f6he muss in Deutschland eine beh\u00f6rdliche Ausnahmeerlaubnis eingeholt werden.<br \/>Achtung<br \/>Bitte beachten Sie die aktuellen Regelungen zum Einsatz von Drohnen.<\/p>\n<p>DJI Mavic 3 Pro Inspiration im Fokus 4\/3 CMOS Hasselblad-Kamera Zwei Telekameras Alle drei Kameras untersttzen Apple ProRes 43 min max. Flugzeit Omnidirektionale Hindernisvermeidung Die DJI Mavic 3-Serie bietet eine Bildgebungsleistung der nchsten Generation. Das Dreifachkamerasystem der Mavic 3 Pro lutet eine neue ra der Kameradrohnen ein, indem sie drei Bildsensoren und Objektive mit unterschiedlichen Brennweiten aufnimmt. Dank einer einer Hasselblad-Kamera und zwei Telekameras erffnet die Mavic 3 Pro neue Perspektiven fr Aufnahmen, sodass man kreative Freiheit weiter ausleben, faszinierende Landschaften einfangen, fotografisches Storytelling erkunden und filmische Meisterwerke kreieren kann. Kamerasystem Unbertroffene Drei-Kamera-Bildgebung Eine Kameradrohne, drei Objektive und unendliche Fantasie. Die Mavic 3 Pro kann mit den verschiedenen Brennweiten des Dreikamerasystems eine noch reichhaltigere Kamerasprache ausdrcken und Kreativitt mit berlegenen Multi-Szenario-Funktionen umsetzen. Man kann auf das Display tippen, um zwischen verschiedenen Brennweiten zu wechseln und ganz einfach verschiedene Kompositionsstile fr verschiedene Szenarien integrieren. Verwandele deine Inspiration in Einfallsreichtum mit der verbesserten Effizienz der Tri-Kamera-Luftaufnahmen. 4\/3 CMOS Hasselblad-Kamera 24 mm quivalente Brennweite f\/2,8 bis f\/11 20 MP 1\/1,3-Zoll CMOS mittlere Telekamera 70 mm quivalente Brennweite 3 optischer Zoom f\/2,8 48 MP 1\/2-Zoll CMOS Telekamera 166 mm quivalente Brennweite 7 optischer Zoom 28x Hybrid-Zoom f\/3,4 12 MP Hasselblad-Kamera, immense Detailschrfe Die Mavic 3 Pro erbt die 4\/3-CMOS Hasselblad-Kamera der Mavic 3-Serie und ist der nchste Schritt fr die professionelle Kreativitt. Die Hasselblad-Kamera untersttzt die Aufnahme von 12-Bit-RAW-Fotos mit einem nativen Dynamikbereich von bis zu 12,8 Blendenstufen und prsentiert unvergessliche Bilddetails. Da die Hasselblad Natural Colour Solution (HNCS) die Farben, die das menschliche Auge wahrnimmt, przise wiederherstellt, erhlt man beeindruckende Aufnahmen, ohne dass schwere Nachproduktionen oder komplexe Farbvoreinstellungen erforderlich sind. Professionelle Videospezifikationen 5,1K\/50fps HLG DCI 4K\/120fps Nachtmodus 10-Bit D-Log Hyperlapse Der neue 10-Bit-D-Log M-Farbmodus untersttzt die Aufzeichnung von bis zu einer Milliarde Farben. Selbst in kontrastreichen Szenarien wie Sonnenauf- und untergngenbietet es natrliche Farbabstufungen mit feinen Details fr ein visuelles Erlebnis im gesamten Spektrum. Die Mavic 3 Pro Cine bietet umfangreiche Optionen fr professionelle Foto- und Videografen. Alle drei Kameras untersttzen die Codierungen Apple ProRes 422 HQ, Apple ProRes 422 und Apple ProRes 422 LT. Sie hat auch eine integrierte 1 TB-SSD und ein 10 Gbit\/s Lightspeed-Datenkabel, um professionelles Filmen weiter zu erleichtern. 70-mm Mittlere Telekamera, dynamische Einfassungsmglichkeiten Die mittlere Telekamera passt zu verschiedenen Themen und Szenen. Sie komprimiert die Tiefenschrfe und den Fokus, um das Motiv hervorzuheben und einen robusten visuellen Schwerpunkt zu schaffen, der der Kamerabewegung ein einzigartiges Raumgefhl verleiht. So konzentriert man sich einfach auf die Inspiration und lsst die Mavic 3 Pro vor den eigenen Augen ein Konzert von Licht und Schatten auffhren. Vielseitige Videospezifikationen 4K\/60fps Geniee eine hohe Bildqualitt und erkunde die Mglichkeit des fotografischen Storytellings mit der Brennweite von 70 mm, um die visuelle Spannung zu erhhen. 10-Bit D-Log M Der neue D-Log M-Farbmodus kann Aufnahmen mit einem hohen Dynamikumfang aufnehmen und eine effizientere Farbkorrektur ermglichen. HLG Die Aufzeichnung im HLG-Modus speichert mehr Farbinformationen und markiert Details fr mehr Flexibilitt whrend der Nachbearbeitung. Hyperlapse Nimm Zeitraffervideos mit dem 3-fachen optischen Zoom auf und nutze die einzigartige rumliche Kompression der 70-mm-Brennweite. 166-mm-Telekamera, mit Zoom Die verbesserte Telekamera verfgt ber eine hhere Auflsung und eine breitere Blende von f\/3,4. Sie untersttzt die Aufnahme von 4K\/60fps-Videos mit 7-fachem optischem Zoom und 12MP-Fotos. Der Hybrid-Zoom erreicht bis zu 28x. Einfach heranholen und in reiche Bilddetails eintauchen. 4K\/60 fps, Tele-Kreativitt entfesselt Es ist ungefhrlich, nahe heranzufliegen. Du kannst Tiere mhelos aus der Ferne beobachten, ohne sie zu stren, oder schneebedeckte Berge und Gebude sicher ausfindig machen und hochwertige Luftaufnahmen mit Effizienz und Sicherheit machen. Lnger fliegen, mehr spren Branchenfhrende Leistung Verlngerte Flugzeit Die Mavic 3 Pro bietet bis zu 43 Minuten Flugzeit, sodass du mehr Sicherheit beim Fliegen haben und weniger Zeit damit verbringen, sich um den Akkuladezustand zu kmmern. Du hast alles unter Kontrolle, von der Flugroutenplanung bis zur<\/p>\n<p>DJI Mavic 3 Pro Cine Premium Combo. Anzahl der Rotoren: 4 Rotoren. Megapixel (ca.): 12 MP, Maximale Video-Aufl\u00f6sung: 5120 x 2700 Pixel. Maximale Geschwindigkeit: 21 m\/s, H\u00f6chstgewichtskapazit\u00e4t: 0,963 kg. Akku-\/Batterietechnologie: Lithium-Ion (Li-Ion), Akku-\/Batteriekapazit\u00e4t: 5000 mAh. Speicherkapazit\u00e4t: 1 TB, Kompatible Speicherkarten: MicroSD (TransFlash). WLAN, WLAN-Standards: Wi-Fi 6 (802.11ax). Produktfarbe: Grau<\/p><\/div>\n<p> , <!----><!----><\/p>\n<section aria-label=\"Produktdaten\">\n<dl class=\"pdp-attribute-list\"><!--[--><\/p>\n<div class=\"pdp-attribute-list__item--single-row pdp-attribute-list__item\">\n<dt data-test=\"attribute-list-title\" class=\"pdp-attribute-list__title\">Batterie- \/ Akkukapazit\u00e4t<\/dt>\n<dd class=\"pdp-attribute-list__values\" data-test=\"attribute-list-values\"><!--[--><\/p>\n<div data-test-item_text=\"5 Ah\" class=\"pdp-attribute-list__value\">\n<div class=\"pdp-attribute-list__item-text\">\n<div>5 Ah<\/div>\n<\/div>\n<\/div>\n<p><!--]--><\/dd>\n<\/div>\n<div class=\"pdp-attribute-list__item--single-row pdp-attribute-list__item\">\n<dt data-test=\"attribute-list-title\" class=\"pdp-attribute-list__title\">Kameraaufl\u00f6sung<\/dt>\n<dd class=\"pdp-attribute-list__values\" data-test=\"attribute-list-values\"><!--[--><\/p>\n<div data-test-item_text=\"12 Megapixel\" class=\"pdp-attribute-list__value\">\n<div class=\"pdp-attribute-list__item-text\">\n<div>12 Megapixel<\/div>\n<\/div>\n<\/div>\n<p><!--]--><\/dd>\n<\/div>\n<div class=\"pdp-attribute-list__item--single-row pdp-attribute-list__item\">\n<dt data-test=\"attribute-list-title\" class=\"pdp-attribute-list__title\">Farbe<\/dt>\n<dd class=\"pdp-attribute-list__values\" data-test=\"attribute-list-values\"><!--[--><\/p>\n<div data-test-item_text=\"Grau\" class=\"pdp-attribute-list__value\">\n<div class=\"pdp-attribute-list__item-text\">\n<div>Grau<\/div>\n<\/div>\n<\/div>\n<p><!--]--><\/dd>\n<\/div>\n<div class=\"pdp-attribute-list__item--single-row pdp-attribute-list__item\">\n<dt data-test=\"attribute-list-title\" class=\"pdp-attribute-list__title\">Gewicht<\/dt>\n<dd class=\"pdp-attribute-list__values\" data-test=\"attribute-list-values\"><!--[--><\/p>\n<div data-test-item_text=\"4433 g\" class=\"pdp-attribute-list__value\">\n<div class=\"pdp-attribute-list__item-text\">\n<div>4433 g<\/div>\n<\/div>\n<\/div>\n<p><!--]--><\/dd>\n<\/div>\n<div class=\"pdp-attribute-list__item--single-row pdp-attribute-list__item\">\n<dt data-test=\"attribute-list-title\" class=\"pdp-attribute-list__title\">Hersteller<\/dt>\n<dd class=\"pdp-attribute-list__values\" data-test=\"attribute-list-values\"><!--[--><\/p>\n<div data-test-item_text=\"dji\" class=\"pdp-attribute-list__value\"><a class=\"rd-link rd-link--primary pdp-attribute-list__link\" href=\"https:\/\/www.kaufland.de\/m\/dji\/~788326\/\"><!--[--><!--]--><span class=\"rd-link__text\"><!--[--><\/p>\n<div><span>dji<\/span><\/div>\n<p><!--]--><\/span><!----><\/a><\/div>\n<p><!--]--><\/dd>\n<\/div>\n<div class=\"pdp-attribute-list__item--single-row pdp-attribute-list__item\">\n<dt data-test=\"attribute-list-title\" class=\"pdp-attribute-list__title\">Herstellernummer<\/dt>\n<dd class=\"pdp-attribute-list__values\" data-test=\"attribute-list-values\"><!--[--><\/p>\n<div data-test-item_text=\"GLO-6735\" class=\"pdp-attribute-list__value\">\n<div class=\"pdp-attribute-list__item-text\">\n<div>GLO-6735<\/div>\n<\/div>\n<\/div>\n<p><!--]--><\/dd>\n<\/div>\n<div class=\"pdp-attribute-list__item--single-row pdp-attribute-list__item\">\n<dt data-test=\"attribute-list-title\" class=\"pdp-attribute-list__title\">EAN<\/dt>\n<dd class=\"pdp-attribute-list__values\" data-test=\"attribute-list-values\"><!--[--><\/p>\n<div data-test-item_text=\"6941565957078\" class=\"pdp-attribute-list__value\">\n<div class=\"pdp-attribute-list__item-text\">\n<div>6941565957078<\/div>\n<\/div>\n<\/div>\n<p><!--]--><\/dd>\n<\/div>\n<p><!--]--><\/dl>\n<\/section>\n","protected":false},"excerpt":{"rendered":"<p>, , <\/p>\n<dt data-test=\"attribute-list-title\" class=\"pdp-attribute-list__title\">Herstellernummer<\/dt>\n<dd class=\"pdp-attribute-list__values\" data-test=\"attribute-list-values\"><!--[--><\/p>\n<div data-test-item_text=\"GLO-6735\" class=\"pdp-attribute-list__value\">\n<div class=\"pdp-attribute-list__item-text\">\n<div>GLO-6735<\/div>\n<\/div>\n<\/div>\n<p><!--]--><\/dd>\n","protected":false},"featured_media":58482,"comment_status":"open","ping_status":"closed","template":"","meta":{"_monsterinsights_skip_tracking":false,"_monsterinsights_sitenote_active":false,"_monsterinsights_sitenote_note":"","_monsterinsights_sitenote_category":0,"_uf_show_specific_survey":0,"_uf_disable_surveys":false},"product_brand":[],"product_cat":[517],"product_tag":[],"models":[],"years":[],"class_list":{"0":"post-47932","1":"product","2":"type-product","3":"status-publish","4":"has-post-thumbnail","6":"product_cat-modellbau-fahrzeuge","8":"first","9":"instock","10":"sale","11":"featured","12":"shipping-taxable","13":"purchasable","14":"product-type-simple"},"aioseo_notices":[],"acf":[],"_links":{"self":[{"href":"https:\/\/amannforg.com\/de\/wp-json\/wp\/v2\/product\/47932","targetHints":{"allow":["GET"]}}],"collection":[{"href":"https:\/\/amannforg.com\/de\/wp-json\/wp\/v2\/product"}],"about":[{"href":"https:\/\/amannforg.com\/de\/wp-json\/wp\/v2\/types\/product"}],"replies":[{"embeddable":true,"href":"https:\/\/amannforg.com\/de\/wp-json\/wp\/v2\/comments?post=47932"}],"version-history":[{"count":1,"href":"https:\/\/amannforg.com\/de\/wp-json\/wp\/v2\/product\/47932\/revisions"}],"predecessor-version":[{"id":58492,"href":"https:\/\/amannforg.com\/de\/wp-json\/wp\/v2\/product\/47932\/revisions\/58492"}],"wp:featuredmedia":[{"embeddable":true,"href":"https:\/\/amannforg.com\/de\/wp-json\/wp\/v2\/media\/58482"}],"wp:attachment":[{"href":"https:\/\/amannforg.com\/de\/wp-json\/wp\/v2\/media?parent=47932"}],"wp:term":[{"taxonomy":"product_brand","embeddable":true,"href":"https:\/\/amannforg.com\/de\/wp-json\/wp\/v2\/product_brand?post=47932"},{"taxonomy":"product_cat","embeddable":true,"href":"https:\/\/amannforg.com\/de\/wp-json\/wp\/v2\/product_cat?post=47932"},{"taxonomy":"product_tag","embeddable":true,"href":"https:\/\/amannforg.com\/de\/wp-json\/wp\/v2\/product_tag?post=47932"},{"taxonomy":"models","embeddable":true,"href":"https:\/\/amannforg.com\/de\/wp-json\/wp\/v2\/models?post=47932"},{"taxonomy":"years","embeddable":true,"href":"https:\/\/amannforg.com\/de\/wp-json\/wp\/v2\/years?post=47932"}],"curies":[{"name":"wp","href":"https:\/\/api.w.org\/{rel}","templated":true}]}}