{"id":47945,"date":"2026-03-04T08:00:42","date_gmt":"2026-03-04T08:00:42","guid":{"rendered":"https:\/\/amannforg.com\/?post_type=product&#038;p=47945"},"modified":"2026-03-13T11:44:02","modified_gmt":"2026-03-13T11:44:02","slug":"32gb-2x16gb-crucial-pro-ddr5-6000-cl48-udimm-ram-gaming-speicherkit","status":"publish","type":"product","link":"https:\/\/amannforg.com\/de\/produkt\/32gb-2x16gb-crucial-pro-ddr5-6000-cl48-udimm-ram-gaming-speicherkit\/","title":{"rendered":"32GB (2x16GB) Crucial Pro DDR5-6000 CL48 UDIMM RAM Gaming Speicherkit"},"content":{"rendered":"<div class=\"article\">\n<div class=\"titlepage\">\n<h2 class=\"text-h3 mb-l\">Hochleistungs-Arbeitsspeicher zum Gamen und \u00dcbertakten<\/h2>\n<\/div><\/div>\n<p class=\"mb-l\">\n<div class=\"article\"> <\/div>\n<\/p>\n<p class=\"mb-l\">\n<div class=\"article\">Crucial\u00ae DDR5 Pro Speicher verf\u00fcgt \u00fcber eine beeindruckende Geschwindigkeit und enorme Bandbreite, wie sie zur Unterst\u00fctzung von Next-Gen Multi-Core-CPUs erforderlich sind.1 Dar\u00fcber hinaus entf\u00e4llt der Zwang, sich mit \u00dcbertakten, Latenzoptimierung, der Jagd nach Dies und LEDs auseinandersetzen zu m\u00fcssen. Diese innovative Technologie erm\u00f6glicht ein besseres Multitasking, schnelleres Laden, Analysieren, Bearbeiten und Rendern. Spielen Sie mit h\u00f6heren Bildwiederholraten, greifen Sie Daten schneller auf Daten zu, steigern Sie die Produktivit\u00e4t, um Zeit und Geld zu sparen, reduzieren Sie die Verz\u00f6gerung bei hohen Workloads erheblich, und optimieren Sie die Energieeffizienz gegen\u00fcber der vorherigen Generation mit Intel\u00ae XMP 3.0 und AMD EXPO\u21222-Unterst\u00fctzung auf allen Modulen.. Mit 6000 MT\/s und 16 GB Dichten und einem trendigen Hitzeverteiler kann Crucial DDR5 Pro Speicher f\u00fcr Ihren Computer1 ein unglaubliches Tempo erreichen, wie es fr\u00fcher nur mit extrem leistungsstarkem Speicher m\u00f6glich war.<\/div>\n<\/p>\n<p class=\"mb-l\">\n<div class=\"article\"> <\/div>\n<\/p>\n<div class=\"article\">\n<div class=\"formalpara\">\n<div class=\"titlepage\">\n<h2 class=\"text-h3 mb-l\">Features:<\/h2>\n<\/div><\/div>\n<\/div>\n<p class=\"mb-l\">\n<div class=\"article\">\n<div class=\"formalpara\"> <\/div>\n<\/div>\n<div class=\"itemizedlist\">\n<ul class=\"bullet-list\">\n<li class=\"bullet-list-item\">\n<div class=\"article\">W\u00e4rmeableitung und trendiges Design dank flachem Aluminium-Hitzeverteiler<\/div>\n<\/li>\n<li class=\"bullet-list-item\">\n<div class=\"article\">Heruntertakten von Systemen m\u00f6glich, die nur 5200 oder 4800 MT\/s unterst\u00fctzen<\/div>\n<\/li>\n<li class=\"bullet-list-item\">\n<div class=\"article\">Intel\u00ae XMP 3.0 und AMD EXPO\u2122 f\u00fcr die einfache Leistungswiederherstellung2<\/div>\n<\/li>\n<li class=\"bullet-list-item\">\n<div class=\"article\">6000 MT\/s \u2013 die 1,75-fachen Datenraten von DDR4<\/div>\n<\/li>\n<li class=\"bullet-list-item\">\n<div class=\"article\">13.\/12. Generation Intel\u00ae Core oder AMD Ryzen\u2122 7000 Serie Desktop-CPUs und h\u00f6her<\/div>\n<\/li>\n<\/ul>\n<\/div>\n<div class=\"article\"> <\/div>\n<div class=\"article\">\n<div class=\"formalpara\">\n<div class=\"titlepage\">\n<h2 class=\"text-h3 mb-l\">Flacher mattschwarzer Aluminium-Hitzeverteiler<\/h2>\n<\/div><\/div>\n<\/div>\n<p class=\"mb-l\">\n<div class=\"article\">\n<div class=\"formalpara\">Leiten Sie die W\u00e4rme des Moduls ab und werten Sie Ihr Gaming-System mit einem trendigen, stilvollen Look auf. Mit unserem integrierten flachen Hitzeverteiler passt Crucial\u00ae DDR5 Pro DRAM sogar in kleinere PCs.<\/div>\n<\/div>\n<p class=\"mb-l\">\n<div class=\"article\"> <\/div>\n<\/p>\n<div class=\"article\">\n<div class=\"formalpara\">\n<div class=\"titlepage\">\n<h2 class=\"text-h3 mb-l\">Unterst\u00fctzt Intel\u00ae XMP 3.0 und AMD EXPO\u2122 auf dem gleichen Modul<\/h2>\n<\/div><\/div>\n<\/div>\n<p class=\"mb-l\">\n<div class=\"article\">\n<div class=\"formalpara\">Sorgen Sie bei CPUs, die die Nenngeschwindigkeiten des Speichers unterdr\u00fccken, f\u00fcr eine einfache Leistungswiederherstellung, indem Sie Intel\u00ae XMP 3.0 oder AMD EXPO2 in den UEFI\/BIOS Einstellungen aktivieren. Genie\u00dfen Sie den vollen Wert Ihrer Investition, ohne einen zu hohen Preis f\u00fcr die Leistung zu zahlen.<\/div>\n<\/div>\n<p class=\"mb-l\">\n<div class=\"article\"> <\/div>\n<\/p>\n<div class=\"article\">\n<div class=\"formalpara\">\n<div class=\"titlepage\">\n<h2 class=\"text-h3 mb-l\">Benutzerfreundlicher Speicher f\u00fcr Gaming-Rigs<\/h2>\n<\/div><\/div>\n<\/div>\n<p class=\"mb-l\">\n<div class=\"article\">\n<div class=\"formalpara\">1,75-mal schneller als DDR4, um die Bildwiederholrate im Spiel zu beschleunigen und Bildschirmrisse zu vermeiden. Upgraden Sie Ihr Gaming-Rig mit unserem trendigen Design, ohne sich mit der Jagd nach B\/E-Dies, LEDs, riskanten \u00dcbertaktungsgeschwindigkeiten oder Latenzoptimierung auseinandersetzen zu m\u00fcssen.<\/div>\n<\/div>\n<p class=\"mb-l\">\n<div class=\"article\"> <\/div>\n<\/p>\n<div class=\"article\">\n<div class=\"formalpara\">\n<div class=\"titlepage\">\n<h2 class=\"text-h3 mb-l\">Verbesserte Produktivit\u00e4t f\u00fcr Kreative und Profis<\/h2>\n<\/div><\/div>\n<\/div>\n<p class=\"mb-l\">\n<div class=\"article\">\n<div class=\"formalpara\">Mit der doppelten Bandbreite gegen\u00fcber der vorangegangenen Generation erm\u00f6glicht Crucial DDR5 Pro Next-Level-Multitasking und eine schnellere Verarbeitung, sodass Sie selbst schwierige Workloads in k\u00fcrzerer Zeit bew\u00e4ltigen k\u00f6nnen.<\/div>\n<\/div>\n<p class=\"mb-l\">\n<div class=\"article\"> <\/div>\n<\/p>\n<div class=\"article\">\n<div class=\"formalpara\">\n<div class=\"titlepage\">\n<h2 class=\"text-h3 mb-l\">Qualit\u00e4t und Zuverl\u00e4ssigkeit von Micron<\/h2>\n<\/div><\/div>\n<\/div>\n<p class=\"mb-l\">\n<div class=\"article\">\n<div class=\"formalpara\">Als einer von nur drei globalen Speicherherstellern und mit 45 Jahren Erfahrung im Bereich Speicher bietet Micron hochmoderne Ingenieursleistungen und zeigt hervorragende Tests auf Komponenten- und Modulebene f\u00fcr alle Crucial DRAM-Produkte.<\/div>\n<\/div>\n<p class=\"mb-l\">\n<div class=\"article\"> <\/div>\n<\/p>\n<p class=\"mb-l\">\n<div class=\"article\"> <\/div>\n<\/p>\n<p class=\"mb-l\">\n<div class=\"article\"> <\/div>\n<\/p>\n<p class=\"mb-l\">\n<div class=\"article\"> <\/div>\n<\/p>\n<li class=\"mb-m\">\n<div class=\"flex flex-col m:flex-row gap-s m:gap-xl\">\n<div class=\"text-h3 min-w-[244px] max-w-[244px]\">Speichertechnologie<\/div>\n<div class=\"flex flex-col gap-s\"><span class=\"ml-3xs pl-[15px] relative before:absolute before:w-[8px] before:h-[8px] before:bg-dark before:top-[8px] before:left-0 before:rounded-full\">DDR5-RAM<\/span><\/div>\n<\/div>\n<\/li>\n<li class=\"mb-m\">\n<div class=\"flex flex-col m:flex-row gap-s m:gap-xl\">\n<div class=\"text-h3 min-w-[244px] max-w-[244px]\">Module<\/div>\n<div class=\"flex flex-col gap-s\"><span class=\"ml-3xs pl-[15px] relative before:absolute before:w-[8px] before:h-[8px] before:bg-dark before:top-[8px] before:left-0 before:rounded-full\">2 St\u00fcck<\/span><\/div>\n<\/div>\n<\/li>\n<li class=\"mb-m\">\n<div class=\"flex flex-col m:flex-row gap-s m:gap-xl\">\n<div class=\"text-h3 min-w-[244px] max-w-[244px]\">Gesamtkapazit\u00e4t<\/div>\n<div class=\"flex flex-col gap-s\"><span class=\"ml-3xs pl-[15px] relative before:absolute before:w-[8px] before:h-[8px] before:bg-dark before:top-[8px] before:left-0 before:rounded-full\">32 GB<\/span><\/div>\n<\/div>\n<\/li>\n<li class=\"mb-m\">\n<div class=\"flex flex-col m:flex-row gap-s m:gap-xl\">\n<div class=\"text-h3 min-w-[244px] max-w-[244px]\">Geschwindigkeit<\/div>\n<div class=\"flex flex-col gap-s\"><span class=\"ml-3xs pl-[15px] relative before:absolute before:w-[8px] before:h-[8px] before:bg-dark before:top-[8px] before:left-0 before:rounded-full\">6000 MHz<\/span><\/div>\n<\/div>\n<\/li>\n<li class=\"mb-m\">\n<div class=\"flex flex-col m:flex-row gap-s m:gap-xl\">\n<div class=\"text-h3 min-w-[244px] max-w-[244px]\">Timings<\/div>\n<div class=\"flex flex-col gap-s\"><span class=\"ml-3xs pl-[15px] relative before:absolute before:w-[8px] before:h-[8px] before:bg-dark before:top-[8px] before:left-0 before:rounded-full\">CAS Latency (CL) 48<\/span><\/div>\n<\/div>\n<\/li>\n<li class=\"mb-m\">\n<div class=\"flex flex-col m:flex-row gap-s m:gap-xl\">\n<div class=\"text-h3 min-w-[244px] max-w-[244px]\">ECC-Unterst\u00fctzung<\/div>\n<div class=\"flex flex-col gap-s\"><span class=\"ml-3xs pl-[15px] relative before:absolute before:w-[8px] before:h-[8px] before:bg-dark before:top-[8px] before:left-0 before:rounded-full\">nein<\/span><\/div>\n<\/div>\n<\/li>\n<li class=\"mb-m\">\n<div class=\"flex flex-col m:flex-row gap-s m:gap-xl\">\n<div class=\"text-h3 min-w-[244px] max-w-[244px]\">Registered<\/div>\n<div class=\"flex flex-col gap-s\"><span class=\"ml-3xs pl-[15px] relative before:absolute before:w-[8px] before:h-[8px] before:bg-dark before:top-[8px] before:left-0 before:rounded-full\">nein<\/span><\/div>\n<\/div>\n<\/li>\n<li class=\"mb-m\">\n<div class=\"flex flex-col m:flex-row gap-s m:gap-xl\">\n<div class=\"text-h3 min-w-[244px] max-w-[244px]\">Anschluss<\/div>\n<div class=\"flex flex-col gap-s\"><span class=\"ml-3xs pl-[15px] relative before:absolute before:w-[8px] before:h-[8px] before:bg-dark before:top-[8px] before:left-0 before:rounded-full\">288-pin<\/span><\/div>\n<\/div>\n<\/li>\n<li class=\"mb-m\">\n<div class=\"flex flex-col m:flex-row gap-s m:gap-xl\">\n<div class=\"text-h3 min-w-[244px] max-w-[244px]\">Spannung<\/div>\n<div class=\"flex flex-col gap-s\"><span class=\"ml-3xs pl-[15px] relative before:absolute before:w-[8px] before:h-[8px] before:bg-dark before:top-[8px] before:left-0 before:rounded-full\">1,1 Volt<\/span><\/div>\n<\/div>\n<\/li>\n<li class=\"mb-m\">\n<div class=\"flex flex-col m:flex-row gap-s m:gap-xl\">\n<div class=\"text-h3 min-w-[244px] max-w-[244px]\">Besonderheiten<\/div>\n<div class=\"flex flex-col gap-s\"><span class=\"ml-3xs pl-[15px] relative before:absolute before:w-[8px] before:h-[8px] before:bg-dark before:top-[8px] before:left-0 before:rounded-full\">Overclocking Module<\/span><\/div>\n<\/div>\n<\/li>\n","protected":false},"excerpt":{"rendered":"<li class=\"bullet-list-item\">32 GB (RAM-Module: 2 St\u00fcck)<\/li>\n<li class=\"bullet-list-item\">DDR5-RAM 6000 MHz  <\/li>\n<li class=\"bullet-list-item\">CAS Latency (CL) 48<\/li>\n<li class=\"bullet-list-item\">Anschluss:288-pin, Spannung:1,1 Volt<\/li>\n<li class=\"bullet-list-item\">Besonderheiten: Overclocking Module<\/li>\n<p> Herstellernummer CP2K16G60C48U5<\/p>","protected":false},"featured_media":47946,"comment_status":"open","ping_status":"closed","template":"","meta":{"_monsterinsights_skip_tracking":false,"_monsterinsights_sitenote_active":false,"_monsterinsights_sitenote_note":"","_monsterinsights_sitenote_category":0,"_uf_show_specific_survey":0,"_uf_disable_surveys":false},"product_brand":[],"product_cat":[506],"product_tag":[],"models":[],"years":[],"class_list":{"0":"post-47945","1":"product","2":"type-product","3":"status-publish","4":"has-post-thumbnail","6":"product_cat-pc-systeme","8":"first","9":"instock","10":"sale","11":"featured","12":"shipping-taxable","13":"purchasable","14":"product-type-simple"},"aioseo_notices":[],"acf":[],"_links":{"self":[{"href":"https:\/\/amannforg.com\/de\/wp-json\/wp\/v2\/product\/47945","targetHints":{"allow":["GET"]}}],"collection":[{"href":"https:\/\/amannforg.com\/de\/wp-json\/wp\/v2\/product"}],"about":[{"href":"https:\/\/amannforg.com\/de\/wp-json\/wp\/v2\/types\/product"}],"replies":[{"embeddable":true,"href":"https:\/\/amannforg.com\/de\/wp-json\/wp\/v2\/comments?post=47945"}],"version-history":[{"count":1,"href":"https:\/\/amannforg.com\/de\/wp-json\/wp\/v2\/product\/47945\/revisions"}],"predecessor-version":[{"id":58168,"href":"https:\/\/amannforg.com\/de\/wp-json\/wp\/v2\/product\/47945\/revisions\/58168"}],"wp:featuredmedia":[{"embeddable":true,"href":"https:\/\/amannforg.com\/de\/wp-json\/wp\/v2\/media\/47946"}],"wp:attachment":[{"href":"https:\/\/amannforg.com\/de\/wp-json\/wp\/v2\/media?parent=47945"}],"wp:term":[{"taxonomy":"product_brand","embeddable":true,"href":"https:\/\/amannforg.com\/de\/wp-json\/wp\/v2\/product_brand?post=47945"},{"taxonomy":"product_cat","embeddable":true,"href":"https:\/\/amannforg.com\/de\/wp-json\/wp\/v2\/product_cat?post=47945"},{"taxonomy":"product_tag","embeddable":true,"href":"https:\/\/amannforg.com\/de\/wp-json\/wp\/v2\/product_tag?post=47945"},{"taxonomy":"models","embeddable":true,"href":"https:\/\/amannforg.com\/de\/wp-json\/wp\/v2\/models?post=47945"},{"taxonomy":"years","embeddable":true,"href":"https:\/\/amannforg.com\/de\/wp-json\/wp\/v2\/years?post=47945"}],"curies":[{"name":"wp","href":"https:\/\/api.w.org\/{rel}","templated":true}]}}