{"id":48036,"date":"2026-03-04T08:01:57","date_gmt":"2026-03-04T08:01:57","guid":{"rendered":"https:\/\/amannforg.com\/?post_type=product&#038;p=48036"},"modified":"2026-03-07T16:30:18","modified_gmt":"2026-03-07T16:30:18","slug":"zotac-zbox-pi336-pico-mini-pc-barebone-n6211-4gb-128gb-intel-uhd-win11pro","status":"publish","type":"product","link":"https:\/\/amannforg.com\/de\/produkt\/zotac-zbox-pi336-pico-mini-pc-barebone-n6211-4gb-128gb-intel-uhd-win11pro\/","title":{"rendered":"ZOTAC ZBOX PI336 PICO Mini-PC Barebone N6211 4GB\/128GB Intel UHD Win11Pro"},"content":{"rendered":"<div class=\"article\">\n<div class=\"titlepage\">\n<h2 class=\"text-h3 mb-l\">ZOTAC ZBOX PI336 PICO Mini-PC Barebone N6211 4GB\/128GB Intel UHD Win11Pro<\/h2>\n<\/div>\n<p class=\"mb-l\">Entdecke unendliche M\u00f6glichkeiten, wo immer es hingeht mit der 4K f\u00e4higen ZOTAC ZBOX pico, angetrieben von einem Intel\u00ae Celeron\u00ae N6211 Prozessor und mit vorinstalliertem Windows 11. Die brandneue ZBOX PI336 pico ist einer der kleinsten vollwertigen Desktop-PCs der Welt mit einem ultrakompakten Formfaktor, die der eines externen Speicherlaufwerks \u00e4hnelt. Mit der Unterst\u00fctzung von zwei 4K-Displays, erweiterbarem Speicher \u00fcber micro SDXC, Erweiterungsanschl\u00fcssen in Desktop-Gr\u00f6\u00dfe und einem l\u00fcfterlosen Design, das f\u00fcr zus\u00e4tzliche Robustheit und eine l\u00e4ngere Lebensdauer des Systems sorgt, ist die ZBOX PI336 pico die ideale Media-Hub-, Sicherheits- und Digital Signage-L\u00f6sung f\u00fcr jedes Zuhause, B\u00fcro oder jeden Arbeitsplatz. <\/p>\n<div class=\"formalpara\">\n<div class=\"titlepage\">\n<h2 class=\"text-h3 mb-l\">Highlights: <\/h2>\n<\/div>\n<p class=\"mb-l\">\n<div class=\"itemizedlist\">\n<ul class=\"bullet-list\">\n<li class=\"bullet-list-item\">\n<p class=\"mb-l\">Passiv K\u00fchlung<\/p>\n<\/li>\n<li class=\"bullet-list-item\">\n<p class=\"mb-l\">Intel Celeron N6211 Dual-Core-Prozessor<\/p>\n<\/li>\n<li class=\"bullet-list-item\">\n<p class=\"mb-l\">Ultrakompaktes Design, VESA-Montage bereit<\/p>\n<\/li>\n<li class=\"bullet-list-item\">\n<p class=\"mb-l\">Langer Produktlebenszyklus<\/p>\n<\/li>\n<li class=\"bullet-list-item\">\n<p class=\"mb-l\">4K@60Hz ready mit HDMI 2.0 und DisplayPort 1.4<\/p>\n<\/li>\n<li class=\"bullet-list-item\">\n<p class=\"mb-l\">4 GB LPDDR4x Onboard-Arbeitsspeicher<\/p>\n<\/li>\n<li class=\"bullet-list-item\">\n<p class=\"mb-l\">128GB eMMC Onboard-Speicher<\/p>\n<\/li>\n<li class=\"bullet-list-item\">\n<p class=\"mb-l\">3x USB 3.1 Gen2-Anschl\u00fcsse (1 Typ-C)<\/p>\n<\/li>\n<li class=\"bullet-list-item\">\n<p class=\"mb-l\">Intel WiFi 6E, Gigabit Ethernet und Bluetooth 5.2<\/p>\n<\/li>\n<li class=\"bullet-list-item\">\n<p class=\"mb-l\">Windows 11 Pro vorinstalliert<\/p>\n<\/li>\n<li class=\"bullet-list-item\">\n<p class=\"mb-l\">3 Jahre Standardgarantie + 2 Jahre nach Registrierung.<\/p>\n<\/li>\n<\/ul>\n<\/div>\n<\/p><\/div>\n<div class=\"formalpara\">\n<div class=\"titlepage\">\n<h2 class=\"text-h3 mb-l\">KLEINER FUSSABDRUCK. GROSSER EINFLUSS.<\/h2>\n<\/div>\n<p class=\"mb-l\">Der ZOTAC ZBOX PI336 pico ist eine der weltweit kleinsten vollwertigen Desktop-PCs, der bequem in die Hostentasche passt. Mit Unterst\u00fctzung f\u00fcr gleichzeitiges Dual-4K-Display, erweiterbarem Speicher \u00fcber Micro-SDXC, Erweiterungsports in Desktop-Gr\u00f6\u00dfe und vorinstalliertem Windows 11 Pro-Betriebssystem, bietet der Mini-PC der ZBOX P-Serie die Leistung und das Gef\u00fchl wie jeder andere Desktop-PC, aber in einem erstaunlich ultrakompakten Formfaktor.<\/p>\n<\/p><\/div>\n<div class=\"formalpara\">\n<div class=\"titlepage\">\n<h2 class=\"text-h3 mb-l\">BEW\u00c4LTIGE AUFGABEN VON \u00dcBERALL<\/h2>\n<\/div>\n<p class=\"mb-l\">Es kann vor Ort oder von einem entfernten Standort aus gearbeitet werden, da der ZBOX PI336 pico die Leistung und Flexibilit\u00e4t bietet, die ben\u00f6tigt wird.<\/p>\n<\/p><\/div>\n<div class=\"formalpara\">\n<div class=\"titlepage\">\n<h2 class=\"text-h3 mb-l\">STARKE ENERGIEEFFIZIENTE LEISTUNG<\/h2>\n<\/div>\n<p class=\"mb-l\">Ausgestattet mit dem Intel\u00ae Celeron\u00ae N6211 Dual-Core-Prozessor bietet der ZBOX pico eine h\u00f6here Geschwindigkeit und h\u00f6here Energieeffizienz und ist damit die einfache L\u00f6sung f\u00fcr allt\u00e4gliche Computerarbeiten, Heimunterhaltung und dedizierte Aufgaben.<\/p>\n<\/p><\/div>\n<div class=\"formalpara\">\n<div class=\"titlepage\">\n<h2 class=\"text-h3 mb-l\">MEHR GESCHWINDIGKEIT UND KAPAZIT\u00c4T<\/h2>\n<\/div>\n<p class=\"mb-l\">Der ZBOX pico wird mit 4 GB LPDDR4X-Speicher und ger\u00e4umigem 128-GB-Speicher geliefert. Es kann einfach zwischen Aufgaben und Daten\u00fcbertragung gewechselt, Dokumente, Videos &amp; Fotos gespeichert werden u.v.m. und das alles auf einem tragbaren Ger\u00e4t. Es wird mehr mehr Speicherplatz ben\u00f6tigt? Ein freier Micro-SDXC-Slot steht bereit.<\/p>\n<\/p><\/div>\n<div class=\"formalpara\">\n<div class=\"titlepage\">\n<h2 class=\"text-h3 mb-l\">EINE SYMPHONIE DER STILLE<\/h2>\n<\/div>\n<p class=\"mb-l\">Auch der kleinste ZBOX Mini-PC ist komplett ger\u00e4uschlos. Mit einem l\u00fcfterlosen passiv gek\u00fchlten Design, allen Solid-State-Komponenten und einen langlebigem Metallgeh\u00e4use ausgestattet, verf\u00fcgt die ZBOX pico \u00fcber keine beweglichen Teile \u2013 was zu zus\u00e4tzlicher Haltbarkeit und l\u00e4ngerer Systemlebensdauer f\u00fchrt.<\/p>\n<\/p><\/div>\n<div class=\"formalpara\">\n<div class=\"titlepage\">\n<h2 class=\"text-h3 mb-l\">ERH\u00d6HTE LEBENSDAUER<\/h2>\n<\/div>\n<p class=\"mb-l\">Eine langfristige Stabilit\u00e4t eines Produkts ist von entscheidender Bedeutung. Die ZBOX PI336 pico bietet eine solide und langlebige Grundlage f\u00fcr Gesch\u00e4ftsprojekte und Equipment, die auf Stabilit\u00e4t, Zuverl\u00e4ssigkeit und lange Haltbarbkeit eines Produkts angewiesen sind.<\/p>\n<\/p><\/div>\n<div class=\"formalpara\">\n<div class=\"titlepage\">\n<h2 class=\"text-h3 mb-l\">MINI MORE POSSIBILITIES<\/h2>\n<\/div>\n<p class=\"mb-l\">Der kleine Mini-PC kann gleichzeitig zwei 4K-Displays bedienen &amp; Cloud-basierte Anwendungen nutzen, um eine breite Masse an Businessm\u00f6glichkeiten zu bieten.<\/p>\n<\/p><\/div>\n<div class=\"formalpara\">\n<div class=\"titlepage\">\n<h2 class=\"text-h3 mb-l\">MINI MORE VERSATILITY<\/h2>\n<\/div>\n<p class=\"mb-l\">Ein einfacher Transport der ZBOX Pico von einem Ort zum n\u00e4chsten oder verstauen des Mini-PCs mit der mitgelieferten Halterung, um Platz auf dem Schreibtisch zu sparen.<\/p>\n<\/p><\/div>\n<\/p><\/div>\n<li class=\"mb-m\">\n<div class=\"flex flex-col m:flex-row gap-s m:gap-xl\">\n<div class=\"text-h3 min-w-[244px] max-w-[244px]\">Geh\u00e4use<\/div>\n<div class=\"flex flex-col gap-s\"><span class=\"ml-3xs pl-[15px] relative before:absolute before:w-[8px] before:h-[8px] before:bg-dark before:top-[8px] before:left-0 before:rounded-full\">Mini-PC Geh\u00e4use<\/span><\/div>\n<\/div>\n<\/li>\n<li class=\"mb-m\">\n<div class=\"flex flex-col m:flex-row gap-s m:gap-xl\">\n<div class=\"text-h3 min-w-[244px] max-w-[244px]\">Prozessor<\/div>\n<div class=\"flex flex-col gap-s\"><span class=\"ml-3xs pl-[15px] relative before:absolute before:w-[8px] before:h-[8px] before:bg-dark before:top-[8px] before:left-0 before:rounded-full\">Intel\u00ae Celeron\u00ae N6211 Prozessor<\/span><span class=\"ml-3xs pl-[15px] relative before:absolute before:w-[8px] before:h-[8px] before:bg-dark before:top-[8px] before:left-0 before:rounded-full\">1,2 GHz mit Turbo-Boost bis zu 3,0 GHz, 1,5 MB Cache<\/span><span class=\"ml-3xs pl-[15px] relative before:absolute before:w-[8px] before:h-[8px] before:bg-dark before:top-[8px] before:left-0 before:rounded-full\">Dual-Core<\/span><\/div>\n<\/div>\n<\/li>\n<li class=\"mb-m\">\n<div class=\"flex flex-col m:flex-row gap-s m:gap-xl\">\n<div class=\"text-h3 min-w-[244px] max-w-[244px]\">Arbeitsspeicher<\/div>\n<div class=\"flex flex-col gap-s\"><span class=\"ml-3xs pl-[15px] relative before:absolute before:w-[8px] before:h-[8px] before:bg-dark before:top-[8px] before:left-0 before:rounded-full\">4GB LPDDR4x 3200MT\/s (onboard)<\/span><span class=\"ml-3xs pl-[15px] relative before:absolute before:w-[8px] before:h-[8px] before:bg-dark before:top-[8px] before:left-0 before:rounded-full\">maximal erweiterbar auf 16 GB LPDDR4-SDRAM<\/span><span class=\"ml-3xs pl-[15px] relative before:absolute before:w-[8px] before:h-[8px] before:bg-dark before:top-[8px] before:left-0 before:rounded-full\">2 Steckpl\u00e4tze gesamt, davon 2 frei<\/span><\/div>\n<\/div>\n<\/li>\n<li class=\"mb-m\">\n<div class=\"flex flex-col m:flex-row gap-s m:gap-xl\">\n<div class=\"text-h3 min-w-[244px] max-w-[244px]\">Festplatten<\/div>\n<div class=\"flex flex-col gap-s\"><span class=\"ml-3xs pl-[15px] relative before:absolute before:w-[8px] before:h-[8px] before:bg-dark before:top-[8px] before:left-0 before:rounded-full\">128 GB SATA<\/span><\/div>\n<\/div>\n<\/li>\n<li class=\"mb-m\">\n<div class=\"flex flex-col m:flex-row gap-s m:gap-xl\">\n<div class=\"text-h3 min-w-[244px] max-w-[244px]\">Mainboard<\/div>\n<div class=\"flex flex-col gap-s\"><span class=\"ml-3xs pl-[15px] relative before:absolute before:w-[8px] before:h-[8px] before:bg-dark before:top-[8px] before:left-0 before:rounded-full\">k.A.<\/span><\/div>\n<\/div>\n<\/li>\n<li class=\"mb-m\">\n<div class=\"flex flex-col m:flex-row gap-s m:gap-xl\">\n<div class=\"text-h3 min-w-[244px] max-w-[244px]\">Grafik<\/div>\n<div class=\"flex flex-col gap-s\"><span class=\"ml-3xs pl-[15px] relative before:absolute before:w-[8px] before:h-[8px] before:bg-dark before:top-[8px] before:left-0 before:rounded-full\">Intel UHD Grafik (Shared RAM)<\/span><span class=\"ml-3xs pl-[15px] relative before:absolute before:w-[8px] before:h-[8px] before:bg-dark before:top-[8px] before:left-0 before:rounded-full\">HDMI<\/span><span class=\"ml-3xs pl-[15px] relative before:absolute before:w-[8px] before:h-[8px] before:bg-dark before:top-[8px] before:left-0 before:rounded-full\">1x DP (Displayport)<\/span><\/div>\n<\/div>\n<\/li>\n<li class=\"mb-m\">\n<div class=\"flex flex-col m:flex-row gap-s m:gap-xl\">\n<div class=\"text-h3 min-w-[244px] max-w-[244px]\">Laufwerke<\/div>\n<div class=\"flex flex-col gap-s\"><span class=\"ml-3xs pl-[15px] relative before:absolute before:w-[8px] before:h-[8px] before:bg-dark before:top-[8px] before:left-0 before:rounded-full\">Dieses Ger\u00e4t verf\u00fcgt \u00fcber kein optisches Laufwerk.<\/span><span class=\"ml-3xs pl-[15px] relative before:absolute before:w-[8px] before:h-[8px] before:bg-dark before:top-[8px] before:left-0 before:rounded-full\">Passende Laufwerke und Brenner finden Sie als Zubeh\u00f6r an diesem Artikel.<\/span><\/div>\n<\/div>\n<\/li>\n<li class=\"mb-m\">\n<div class=\"flex flex-col m:flex-row gap-s m:gap-xl\">\n<div class=\"text-h3 min-w-[244px] max-w-[244px]\">Schnittstellen<\/div>\n<div class=\"flex flex-col gap-s\"><span class=\"ml-3xs pl-[15px] relative before:absolute before:w-[8px] before:h-[8px] before:bg-dark before:top-[8px] before:left-0 before:rounded-full\">HDMI 2.0 (bis zu 3840&#215;2160@60Hz)<\/span><span class=\"ml-3xs pl-[15px] relative before:absolute before:w-[8px] before:h-[8px] before:bg-dark before:top-[8px] before:left-0 before:rounded-full\">DisplayPort 1.4 (bis zu 4096&#215;2160@60Hz)<\/span><span class=\"ml-3xs pl-[15px] relative before:absolute before:w-[8px] before:h-[8px] before:bg-dark before:top-[8px] before:left-0 before:rounded-full\">Dual Display Ready<\/span><span class=\"ml-3xs pl-[15px] relative before:absolute before:w-[8px] before:h-[8px] before:bg-dark before:top-[8px] before:left-0 before:rounded-full\">1 x Kopfh\u00f6rer\/Mikrofon Kombibuchse<\/span><span class=\"ml-3xs pl-[15px] relative before:absolute before:w-[8px] before:h-[8px] before:bg-dark before:top-[8px] before:left-0 before:rounded-full\">3 x USB 3.1 (1 Type-C)<\/span><span class=\"ml-3xs pl-[15px] relative before:absolute before:w-[8px] before:h-[8px] before:bg-dark before:top-[8px] before:left-0 before:rounded-full\">10\/100\/1000 Ethernet<\/span><\/div>\n<\/div>\n<\/li>\n<li class=\"mb-m\">\n<div class=\"flex flex-col m:flex-row gap-s m:gap-xl\">\n<div class=\"text-h3 min-w-[244px] max-w-[244px]\">Kommunikation<\/div>\n<div class=\"flex flex-col gap-s\"><span class=\"ml-3xs pl-[15px] relative before:absolute before:w-[8px] before:h-[8px] before:bg-dark before:top-[8px] before:left-0 before:rounded-full\">10\/100\/1000 MBit\/s Gigabit Ethernet LAN<\/span><span class=\"ml-3xs pl-[15px] relative before:absolute before:w-[8px] before:h-[8px] before:bg-dark before:top-[8px] before:left-0 before:rounded-full\">Wireless LAN 802.11 ax (abw\u00e4rtskompatibel zu b\/g\/n\/ac)<\/span><span class=\"ml-3xs pl-[15px] relative before:absolute before:w-[8px] before:h-[8px] before:bg-dark before:top-[8px] before:left-0 before:rounded-full\">Bluetooth 5.2<\/span><\/div>\n<\/div>\n<\/li>\n<li class=\"mb-m\">\n<div class=\"flex flex-col m:flex-row gap-s m:gap-xl\">\n<div class=\"text-h3 min-w-[244px] max-w-[244px]\">Betriebssystem<\/div>\n<div class=\"flex flex-col gap-s\"><span class=\"ml-3xs pl-[15px] relative before:absolute before:w-[8px] before:h-[8px] before:bg-dark before:top-[8px] before:left-0 before:rounded-full\">Windows 11 Professional<\/span><\/div>\n<\/div>\n<\/li>\n<li class=\"mb-m\">\n<div class=\"flex flex-col m:flex-row gap-s m:gap-xl\">\n<div class=\"text-h3 min-w-[244px] max-w-[244px]\">Abmessungen (B x H x T)<\/div>\n<div class=\"flex flex-col gap-s\"><span class=\"ml-3xs pl-[15px] relative before:absolute before:w-[8px] before:h-[8px] before:bg-dark before:top-[8px] before:left-0 before:rounded-full\">115 x 22 x 75 mm<\/span><\/div>\n<\/div>\n<\/li>\n<li class=\"mb-m\">\n<div class=\"flex flex-col m:flex-row gap-s m:gap-xl\">\n<div class=\"text-h3 min-w-[244px] max-w-[244px]\">Gewicht<\/div>\n<div class=\"flex flex-col gap-s\"><span class=\"ml-3xs pl-[15px] relative before:absolute before:w-[8px] before:h-[8px] before:bg-dark before:top-[8px] before:left-0 before:rounded-full\">k. A.<\/span><\/div>\n<\/div>\n<\/li>\n<li class=\"mb-m\">\n<div class=\"flex flex-col m:flex-row gap-s m:gap-xl\">\n<div class=\"text-h3 min-w-[244px] max-w-[244px]\">Lieferumfang<\/div>\n<div class=\"flex flex-col gap-s\"><span class=\"ml-3xs pl-[15px] relative before:absolute before:w-[8px] before:h-[8px] before:bg-dark before:top-[8px] before:left-0 before:rounded-full\">ZBOX PI336 pico mit Windows 11 Pro<\/span><span class=\"ml-3xs pl-[15px] relative before:absolute before:w-[8px] before:h-[8px] before:bg-dark before:top-[8px] before:left-0 before:rounded-full\">Universal-Stromadapter mit mehreren Steckern<\/span><span class=\"ml-3xs pl-[15px] relative before:absolute before:w-[8px] before:h-[8px] before:bg-dark before:top-[8px] before:left-0 before:rounded-full\">Halterung<\/span><span class=\"ml-3xs pl-[15px] relative before:absolute before:w-[8px] before:h-[8px] before:bg-dark before:top-[8px] before:left-0 before:rounded-full\">2 x Befestigungsschrauben<\/span><span class=\"ml-3xs pl-[15px] relative before:absolute before:w-[8px] before:h-[8px] before:bg-dark before:top-[8px] before:left-0 before:rounded-full\">CTIA\/OMTP-Adapter<\/span><span class=\"ml-3xs pl-[15px] relative before:absolute before:w-[8px] before:h-[8px] before:bg-dark before:top-[8px] before:left-0 before:rounded-full\">Garantiekarte<\/span><span class=\"ml-3xs pl-[15px] relative before:absolute before:w-[8px] before:h-[8px] before:bg-dark before:top-[8px] before:left-0 before:rounded-full\">Anleitung zur Schnellinstallation<\/span><span class=\"ml-3xs pl-[15px] relative before:absolute before:w-[8px] before:h-[8px] before:bg-dark before:top-[8px] before:left-0 before:rounded-full\">USB-Laufwerk mit O\/S-Wiederherstellung<\/span><\/div>\n<\/div>\n<\/li>\n","protected":false},"excerpt":{"rendered":"<li class=\"bullet-list-item\">Intel\u00ae Celeron\u00ae N6211 Prozessor (bis zu 3,0 GHz), Dual-Core<\/li>\n<li class=\"bullet-list-item\">4 GB RAM, 128 GB Festplatte, USB 3.0<\/li>\n<li class=\"bullet-list-item\">Intel UHD Grafik, HDMI, DisplayPort<\/li>\n<li class=\"bullet-list-item\">Formfaktor: Mini-PC, WLAN, BT, Giga LAN<\/li>\n<li class=\"bullet-list-item\">Windows 11 Professional <\/li>\n<p> Herstellernummer ZBOX PI336-W5C<\/p>","protected":false},"featured_media":48058,"comment_status":"open","ping_status":"closed","template":"","meta":{"_monsterinsights_skip_tracking":false,"_monsterinsights_sitenote_active":false,"_monsterinsights_sitenote_note":"","_monsterinsights_sitenote_category":0,"_uf_show_specific_survey":0,"_uf_disable_surveys":false},"product_brand":[],"product_cat":[506],"product_tag":[],"models":[],"years":[],"class_list":{"0":"post-48036","1":"product","2":"type-product","3":"status-publish","4":"has-post-thumbnail","6":"product_cat-pc-systeme","8":"first","9":"instock","10":"sale","11":"shipping-taxable","12":"purchasable","13":"product-type-simple"},"aioseo_notices":[],"acf":[],"_links":{"self":[{"href":"https:\/\/amannforg.com\/de\/wp-json\/wp\/v2\/product\/48036","targetHints":{"allow":["GET"]}}],"collection":[{"href":"https:\/\/amannforg.com\/de\/wp-json\/wp\/v2\/product"}],"about":[{"href":"https:\/\/amannforg.com\/de\/wp-json\/wp\/v2\/types\/product"}],"replies":[{"embeddable":true,"href":"https:\/\/amannforg.com\/de\/wp-json\/wp\/v2\/comments?post=48036"}],"version-history":[{"count":1,"href":"https:\/\/amannforg.com\/de\/wp-json\/wp\/v2\/product\/48036\/revisions"}],"predecessor-version":[{"id":58196,"href":"https:\/\/amannforg.com\/de\/wp-json\/wp\/v2\/product\/48036\/revisions\/58196"}],"wp:featuredmedia":[{"embeddable":true,"href":"https:\/\/amannforg.com\/de\/wp-json\/wp\/v2\/media\/48058"}],"wp:attachment":[{"href":"https:\/\/amannforg.com\/de\/wp-json\/wp\/v2\/media?parent=48036"}],"wp:term":[{"taxonomy":"product_brand","embeddable":true,"href":"https:\/\/amannforg.com\/de\/wp-json\/wp\/v2\/product_brand?post=48036"},{"taxonomy":"product_cat","embeddable":true,"href":"https:\/\/amannforg.com\/de\/wp-json\/wp\/v2\/product_cat?post=48036"},{"taxonomy":"product_tag","embeddable":true,"href":"https:\/\/amannforg.com\/de\/wp-json\/wp\/v2\/product_tag?post=48036"},{"taxonomy":"models","embeddable":true,"href":"https:\/\/amannforg.com\/de\/wp-json\/wp\/v2\/models?post=48036"},{"taxonomy":"years","embeddable":true,"href":"https:\/\/amannforg.com\/de\/wp-json\/wp\/v2\/years?post=48036"}],"curies":[{"name":"wp","href":"https:\/\/api.w.org\/{rel}","templated":true}]}}