{"id":48248,"date":"2026-03-11T11:59:16","date_gmt":"2026-03-11T11:59:16","guid":{"rendered":"https:\/\/amannforg.com\/?post_type=product&#038;p=48248"},"modified":"2026-03-13T11:19:56","modified_gmt":"2026-03-13T11:19:56","slug":"dreame-v12-inox-handstaubsauger","status":"publish","type":"product","link":"https:\/\/amannforg.com\/de\/produkt\/dreame-v12-inox-handstaubsauger\/","title":{"rendered":"Dreame V12 Inox Handstaubsauger"},"content":{"rendered":"<div><b>BAHNBRECHENDE SPITZENTECHNOLOGIE F\u00dcR HOCHEFFIZIENTE LEISTUNG<\/b><br \/>Mit Dreame T20 Mistral Pro k\u00f6nnen Sie so lange Staub saugen, wie Sie m\u00f6chten. Der beutellose Staubsauger wird mit zwei austauschbaren Akkus geliefert, die unabh\u00e4ngig voneinander aufgeladen werden k\u00f6nnen, damit Sie nie wieder mit leerem Akku dastehen.<\/p>\n<p><b>INKL. ZWEI AUSTAUSCHBARE AKKUS<\/b><br \/>Das neue Modell von Dreame wird mit zwei austauschbaren Akkus geliefert, die unabh\u00e4ngig voneinander aufgeladen werden, damit Sie weiter Staub saugen k\u00f6nnen, w\u00e4hrend sich ein Akku im Ladeger\u00e4t befindet.<br \/>Jeder Akku bietet eine Betriebszeit von 70 Minuten, d. h, die Betriebsdauer des Stielstaubsaugers Dreame T20 Mistral Pro mit den zwei Akkus betr\u00e4gt insgesamt 140 Minuten mit einer Akkuladung.<\/p>\n<p><b>GRENZENLOSE LEISTUNG<\/b><br \/>Dreame T20 Mistral Pro ist mit einem leistungsstarken Motor ausgestattet, der bis zu 125.000 U\/min erreicht und im Vergleich zu anderen Modellen eine sehr hohe Leistung erzielt.<br \/>Das Modell T20 Mistral Pro bietet au\u00dferdem eine Saugleistung von 150AW und 25.000 Pa, die<br \/>die Effizienz und Leistungsf\u00e4higkeit des Staubsaugers deutlich erh\u00f6ht.<\/p>\n<p><b>ZWEI AUSTAUSCHBARE D\u00dcSEN<\/b><br \/>Dreame T20 Mistral Pro wird mit zwei austauschbaren D\u00fcsen geliefert &#8211; eine Speziald\u00fcse mit B\u00fcrstenwalze f\u00fcr Hartb\u00f6den und eine Speziald\u00fcse mit B\u00fcrstenwalze f\u00fcr Teppiche. Die D\u00fcse f\u00fcr Hartb\u00f6den verf\u00fcgt \u00fcber einen Magnet, der zur Befestigung des Wischaufsatzes dient.<\/p>\n<p>Die Speziald\u00fcse f\u00fcr Teppiche und Teppichb\u00f6den erkennt die Art des Bodens und erh\u00f6ht automatisch die Saugleistung falls erforderlich. Au\u00dferdem ist die Teppichbodend\u00fcse mit einer B\u00fcrstenwalze im speziellen V-Design ausgestattet mit der auch lange Haare m\u00fchelos aufgesaugt werden k\u00f6nnen, ohne dass sie sich in der B\u00fcrste verheddern.<\/p>\n<p><b>LCD-DIGITALBILDSCHIRM MIT TASTENSPERRE<\/b><br \/>Dreame T20 Mistral verf\u00fcgt \u00fcber ein Digitaldisplay auf dem der Power-Button verriegelt werden kann. Dadurch ist die Reinigung wesentlich bequemer und einfacher.<br \/>Auf dem LCD-Farbbildschirm werden Informationen zum Ger\u00e4t in Echtzeit angezeigt und es kann neben der Saugmodi auch die Saugst\u00e4rke manuell eingestellt werden. Auf dem Bildschirm k\u00f6nnen Sie den Akkustand \u00fcberpr\u00fcfen und zu einem anderen Saugmodus<br \/>wechseln. Des Weiteren werden auf dem Display Fehlermeldungen und Hinweise zur<br \/>Filterreinigung angezeigt.<\/p>\n<p><b>ABWASCHBARER HEPA-FILTER<\/b><br \/>Sowohl der Staubbeh\u00e4lter als auch die Filter von Dreame T20 Mistral Pro k\u00f6nnen abgewaschen<br \/>werden, wodurch die Lebensdauer des Ger\u00e4ts verl\u00e4ngert wird.<br \/>F\u00fcr ein einwandfreies Staubsaugerlebnis ist es empfehlenswert dieses Zubeh\u00f6r regelm\u00e4\u00dfig zu reinigen und so m\u00f6gliche Fehler durch die Ansammlung von Staub oder Schmutz zu vermeiden.<br \/>Der HEPA-Filter des Bodenstaubsaugers T20 Mistral Pro befindet sich direkt hinter dem Motor, damit der Luftstrom optimal und ohne Hindernisse flie\u00dfen kann.<\/p>\n<p><b>PRAKTISCHE TASTENSPERRE<\/b><br \/>Mit Dreame T20 Mistral Pro ist es nicht notwendig die Taste w\u00e4hrend des Staubsaugens gedr\u00fcckt zu halten. Durch die Aktivierung der Tastensperre ist das Reinigen wesentlich bequemer und einfacher.<\/p>\n<p><b>5-FACH-FILTERSYSTEM MIT HEPA-FILTER UND 12-ZYKLONENTECHNOLOGIE<\/b><br \/>Dreame T20 Mistral Pro verf\u00fcgt \u00fcber ein fortschrittliches 5-fach-Filtersystem inklusive HEPA-Filter. Der HEPA-Filter der Klasse H12 filtert die kleinen Partikel mit einem Durchmesser geringer als 0,3 \u00b5m, w\u00e4hrend die anderen Filter Feinstaub effizient eliminieren, die gro\u00dfen Partikel trennen und Schadstoffe wirksam blockieren.<br \/> Dadurch wird, im Vergleich zu Vorg\u00e4ngermodellen, die Lebensdauer der Filter verdoppelt.<\/p>\n<p><b>LEICHTES UND ERGONOMISCHES DESIGN<\/b><br \/>Der Motor und Akku des kabellosen Staubsaugers Dreame T20 Mistral Pro wurden mit einem ergonomischen Design entwickelt, um beides am oberen Ende des Akkusaugers anzubringen. Dadurch ist der Stielsauger besonders handlich und erm\u00f6glicht bequeme Reinigung, selbst an hohen oder schwierig erreichbaren Stellen.<\/p>\n<p><b>DER PERFEKTE STAUBSAUGER F\u00dcR WOHNUNGEN MIT HAUSTIEREN<\/b><br \/>Dreame T20 Mistral Pro ist ideal f\u00fcr alle Arten von Wohnungen, einschlie\u00dflich Wohnungen mit<br \/>Haustieren.<br \/>Tierhaare werden durch die erh\u00f6hte Saugleistung effektiv entfernt und die gr\u00fcndliche<br \/>Reinigung von l\u00e4stigen Haaren auf Teppichen, Sofas und anderen Oberfl\u00e4chen wird mit dem innovativen Staubsauger zum Kinderspiel.<br \/>Genie\u00dfen Sie mithilfe des Stabstaubsaugers von Dreame ein Zuhause frei von Tierhaaren!<\/p>\n<p> Dar\u00fcber hinaus steht Verbrauchern ein ausgezeichneter, personalisierter  mit Rat und Tat zur Seite.<\/p>\n<p><strong>Spezifikationen<\/strong><\/p>\n<p>Markenname: Dreame<br \/>\nBescheinigung:br&gt;<br \/>\nUrsprung: CN (Herkunft)<br \/>\nLeistung (W): 550W<br \/>\nSpannung (V): 25 V<br \/>\nFunktion: Schleife-Saugen<br \/>\nStaub box kapazit\u00e4t (L): 0,5 L<br \/>\nStaub-Speicher-Art: Zyklonstaub Eimer<br \/>\nAkkulaufzeit: 1 Stunde und 30 Minuten<br \/>\nBeutel oder Bagless: Bagless<br \/>\nInstallation: Hand<br \/>\nTIMING-Reservierung: Nein<br \/>\nLCD: Ja<br \/>\nFernbedienung: Nein<br \/>\nSpezielle Saugd\u00fcse: Flache Saugd\u00fcse<br \/>\nFiltertyp: Zyklon<br \/>\nModellnummer: Dreame V12 Vacuum Cleaner<br \/>\nTurbo pinsel: YES<br \/>\nKabell\u00e4nge (m): wireless<br \/>\nReinigungsweg: Gelegentliche Art<br \/>\nMaximum noise: 73dB<br \/>\nGr\u00f6\u00dfe (mm): 300*300*75<br \/>\nTurbo pinsel: YES<\/p>\n<p><strong>Funktion<\/strong><\/p>\n<p>Funktion 1: Cordless Vacuum Cleaner<br \/>\nFunktion 2: Vacuum Cleaner<br \/>\nFunktion 3: Powerful Suction<br \/>\nFunktion 4: 27000Pa<br \/>\nFunktion 5: LED<br \/>\nFunktion 6: Wireless Handheld<br \/>\nFunktion 7: Wireless Vacuum Cleaner<br \/>\nFunktion 8: Dust Collector<br \/>\nFunktion 9: B\u00fcrstenloser Motor<\/p>\n<p><strong>150,000rpm2 High Speed Motor f\u00fcr eine Tiefer Reinigung<\/strong><\/p>\n<p><strong>90 minuten Umfangreiche Laufzeit, dass Leicht Reinigt bis zu 170 \u33a1 Gro\u00dfe R\u00e4ume<\/strong><\/p>\n<p><strong>V-form Alle Oberfl\u00e4che Boden Pinsel Effektiv Griff Boden Reinigung Probleme<\/strong><\/p>\n<p><strong>Milbe Entfernung Rate bis zu 99.9%<\/strong><br \/>\nDie leistungsstarke saug hilft zu erreichen tief in die stoff, die bereitstellung ihrer haut eine hygiene und sichere umgebung.<\/p>\n<p><strong>Track Echtzeit Reinigung Status mit die Smart LED HD Volle Farbe Bildschirm<\/strong><\/p>\n<p><strong>Eine Einfache Touch zu Starten Kontinuierliche Reinigung<\/strong><br \/>\nSet elektrische schloss zu starten kontinuierliche reinigung modus. Oncethe schloss ist auf, die reiniger automatisch l\u00e4uft durch selbst, die ist bequem und flexible f\u00fcr boden reinigung und t\u00e4glichen milbe entfernung.<\/p>\n<p><strong>6 reinigung Vorteile<\/strong><br \/>\n* 150,000rpm high speed motor<br \/>\n* 90 minuten super lange laufzeit<br \/>\n* V-form alle oberfl\u00e4che pinsel<br \/>\n* Smart LED HD volle farbe bildschirm<br \/>\n* Bis zu 99.9% milbe entfernung rate<br \/>\n* 8-b\u00fchne l\u00e4rm reduktion<\/p>\n<p><strong>Verschiedene Reinigungs Werkzeuge zu Erf\u00fcllen Verschiedene Reinigung Bed\u00fcrfnisse<\/strong><br \/>\n* Neue Funktion: Spalt reinigung beleuchtung<br \/>\n* Neue Funktion: Reinigen den boden der m\u00f6bel<br \/>\n* Bieten sanfte pflege zu zart oberfl\u00e4che<br \/>\n* Reinigen schwer-zu-erreichen hohe orten<br \/>\n* Sauber schmale ecken<\/p>\n<p><strong>Core Technologien<\/strong><br \/>\n* Dreame RAUM 5,0 hohe geschwindigkeit motor<br \/>\n* 12-kegel selbst-reinigung zyklon<br \/>\n* 5-b\u00fchne tiefe filtration<br \/>\n* Smartcool k\u00fchlung technologie<br \/>\n* Smart strom versorgung system<\/p>\n<p><strong>Mehr R\u00fccksichts Designs<\/strong><br \/>\n* Lagerung und lade 2-in-1 wand halterung.<br \/>\n* Entladen schmutzige inhalt mit einem einfachen klick ohne sie den staub und schmutz.<br \/>\n* Einfache montage mit die schnalle design.<br \/>\n* Waschbar filter und rollen, die den verbrauch.<\/p>\n<p><strong>Packing List<\/strong><\/p>\n<ul>\n<li>The principle machine x1<\/li>\n<li><strong>Electric mite removal brush x1<\/strong><\/li>\n<li><strong>Power Adaptor x1<\/strong><\/li>\n<li><strong>Dust removal soft brush x1<\/strong><\/li>\n<li><strong>Metal rod x1<\/strong><\/li>\n<li><strong>Extension hose x1<\/strong><\/li>\n<li><strong>Crevice cleaning illumination nozzle x1<\/strong><\/li>\n<li><strong>Storage and charging 2- -in-1 wall mount x1<\/strong><\/li>\n<li><strong>2-in-1 brush x1<\/strong><\/li>\n<li><strong>Bottom cleaning connecter x1<\/strong><\/li>\n<li><strong>V-shape all surface floor brush x1<\/strong><\/li>\n<\/ul>\n<p><\/p>\n<div>\n<p> Dreame V12 Akkusauger<\/p>\n<\/div>\n<p><\/p>\n<dl>\n<dt>Produkttyp:<\/dt>\n<dd>2-in-1-Stabstaubsauger<\/dd>\n<dt>Staubbeh\u00e4lter Typ:<\/dt>\n<dd>Beutellos<\/dd>\n<dt>Produktfarbe:<\/dt>\n<dd>Edelstahl<\/dd>\n<dt>B\u00fcrstenform:<\/dt>\n<dd>Rechteckig<\/dd>\n<dt>Reinigungsart:<\/dt>\n<dd>Trocken<\/dd>\n<dt>Vakuum-Luftfilterung:<\/dt>\n<dd>HEPA<\/dd>\n<dt>Schmutztrennungsmethode:<\/dt>\n<dd>Zyklonal<\/dd>\n<dt>Anzahl der Luftfiltrationsstufen:<\/dt>\n<dd>5<\/dd>\n<dt>Geeignet f\u00fcr alle Arten von Oberfl\u00e4chen:<\/dt>\n<dd>Ja<\/dd>\n<dt>Reinigen der Oberfl\u00e4chen:<\/dt>\n<dd>Glatter Boden, Teppich, Harter Boden, Treppenstufen<\/dd>\n<dt>Eingebautes Display:<\/dt>\n<dd>Ja<\/dd>\n<dt>Display-Typ:<\/dt>\n<dd>LCD<\/dd>\n<dt>Waschbarer Filter:<\/dt>\n<dd>Ja<\/dd>\n<dt>Einfaches Fahrsystem:<\/dt>\n<dd>Ja<\/dd>\n<dt>Energiequelle:<\/dt>\n<dd>Akku<\/dd>\n<dt>Saugleistung:<\/dt>\n<dd>27000 Pascal<\/dd>\n<dt>Laufzeit:<\/dt>\n<dd>90 min<\/dd>\n<dt>Staubsaugerb\u00fcrsten enthalten:<\/dt>\n<dd>Walzenb\u00fcrste<\/dd>\n<\/dl>\n<dl>\n<dt>Maximale Leistung in Watt:<\/dt>\n<dd>550<\/dd>\n<dt>Stufenlos einstellbare Leistung:<\/dt>\n<dd>ja<\/dd>\n<dt>Maximales Staubbeh\u00e4lter-Volumen in l:<\/dt>\n<dd>0.5<\/dd>\n<dt>EPA-Filter:<\/dt>\n<dd>ja<\/dd>\n<dt>Elektrische B\u00c31\/4rste:<\/dt>\n<dd>ja<\/dd>\n<dt>Stromversorgung:<\/dt>\n<dd>Akku<\/dd>\n<dt>Gewicht in kg:<\/dt>\n<dd>1.65<\/dd>\n<dt>Bauform:<\/dt>\n<dd>Handstaubsauger<\/dd>\n<dt>Staubbeh\u00e4lter:<\/dt>\n<dd>beutellos<\/dd>\n<dt>Tierhaarb\u00c31\/4rste:<\/dt>\n<dd>ja<\/dd>\n<dt>Funktionen:<\/dt>\n<dd>Trockensaugen<\/dd>\n<dt>Beutellose Technik:<\/dt>\n<dd>Cyclon-Filter<\/dd>\n<dt>Akkuspannung in V:<\/dt>\n<dd>25.2<\/dd>\n<dt>Abnehmbarer Handsauger:<\/dt>\n<dd>ja<\/dd>\n<dt>Saugleistung in Watt:<\/dt>\n<dd>185<\/dd>\n<\/dl>\n<p>Der Dreame V12 ist ein leistungsstarker Akku-Stielstaubsauger. Der neu entwickelte Digitalmotor erreicht eine Saugleistung von bis zu 185 AW. Der Dreame V12 arbeitet mit Multizyklon-Technologie, die f\u00fcr eine effiziente Filtration sorgt. Der gro\u00dfe Akku erm\u00f6glicht eine Laufzeit von bis zu 90 min im Eco Modus. Auch unter M\u00f6beln und anderen schwer erreichbaren Stellen kann mit dem Dreame V12 problemlos gesaugt werden. Daf\u00fcr sorgt ein flexibles Zwischenst\u00fcck, das einfach zwischen Saugrohr und Staubsauger gesteckt werden kann. Der Staubbeh\u00e4lter l\u00e4sst sich nach der Reinigung einfach per Knopfdruck entleeren, sodass man nicht mit dem Staub in Ber\u00fchrung kommt.<\/p>\n<h3>Produkt-Highlights<\/h3>\n<ul>\n<li>150,000rpm2 High Speed Motor f\u00fcr eine Tiefer Reinigung<\/li>\n<li>90 minuten Umfangreiche Laufzeit<\/li>\n<li>Leicht Reinigt bis zu 170 \u33a1 Gro\u00dfe R\u00e4ume<\/li>\n<li>Milbe Entfernung Rate bis zu 99.9%<\/li>\n<li>Smart LED HD Volle Farbe Bildschirm<\/li>\n<\/ul>\n<ul>\n<li>Versiegelte  vom H\u00e4ndler<\/li>\n<li> auf Ihren Namen<\/li>\n<li>Versicherter- mit DHL<\/li>\n<\/ul>\n<p><strong>HIGHLIGHTS<\/strong><\/p>\n<ul>\n<li>Leistungsf\u00e4higer Handstaubsauger mit 27.000Pa Saugleistung<\/li>\n<li>Akku-Leistung: 3.000 mAh; Laufzeit: 8-90 min<\/li>\n<li>Staubbeh\u00e4lter-Volumen: 0,5 l , beutellos<\/li>\n<li>Filter: HEPA H12; Gewicht 2,6kg<\/li>\n<li>Inkl. Wandladestation, M\u00f6belb\u00fcrste, Turbob\u00fcrste, Fugend\u00fcse, Milbenb\u00fcrs<\/li>\n<\/ul>\n<p>&nbsp;<\/p>\n<p><strong>Lieferumfang:<\/strong><\/p>\n<p>1x Hauptger\u00e4t<\/p>\n<p>1x Stretchbarer, weicher Schlauch<\/p>\n<p>1x Knick<\/p>\n<p>1x 2-in-1 Lade- und Aufbewahrungshalterung (einschlie\u00dflich 2 x Schrauben, 2 x D\u00fcbel)<\/p>\n<p>1x 2-in-1 Spaltd\u00fcse<\/p>\n<p>1x 2-in-1 B\u00fcrstend\u00fcse<\/p>\n<p>1x Netzteil<\/p>\n<p>1x Weiche B\u00fcrstenrolle<\/p>\n<p>1x Elektrische Milbenb\u00fcrste<\/p>\n<p>1x Verl\u00e4ngerungsstab<\/p>\n<p>1x Handbuch<\/p>\n<p>Dreame V12 &#8211; Staubsauger &#8211; Stange kurz\/Handger\u00e4t (2-in-1) &#8211; beutellos &#8211; schnurlos Ladeger\u00e4t enthalten<\/p>\n<p>Fehler oder kein Text erhalten<\/p><\/div>\n<p> , <!----><!----><\/p>\n<section aria-label=\"Produktdaten\">\n<dl class=\"pdp-attribute-list\"><!--[--><\/p>\n<div class=\"pdp-attribute-list__item--single-row pdp-attribute-list__item\">\n<dt data-test=\"attribute-list-title\" class=\"pdp-attribute-list__title\">Farbe<\/dt>\n<dd class=\"pdp-attribute-list__values\" data-test=\"attribute-list-values\"><!--[--><\/p>\n<div data-test-item_text=\"Silber\" class=\"pdp-attribute-list__value\">\n<div class=\"pdp-attribute-list__item-text\">\n<div>Silber<\/div>\n<\/div>\n<\/div>\n<p><!--]--><\/dd>\n<\/div>\n<div class=\"pdp-attribute-list__item--single-row pdp-attribute-list__item\">\n<dt data-test=\"attribute-list-title\" class=\"pdp-attribute-list__title\">H\u00f6he<\/dt>\n<dd class=\"pdp-attribute-list__values\" data-test=\"attribute-list-values\"><!--[--><\/p>\n<div data-test-item_text=\"76.5 cm\" class=\"pdp-attribute-list__value\">\n<div class=\"pdp-attribute-list__item-text\">\n<div>76.5 cm<\/div>\n<\/div>\n<\/div>\n<p><!--]--><\/dd>\n<\/div>\n<div class=\"pdp-attribute-list__item\">\n<dt data-test=\"attribute-list-title\" class=\"pdp-attribute-list__title\">Lieferumfang<\/dt>\n<dd class=\"pdp-attribute-list__values\" data-test=\"attribute-list-values\"><!--[--><\/p>\n<div data-test-item_text=\"Akku- \/ Beutelloser Staubsauger, Verl\u00e4ngerungsstange, Verl\u00e4ngerungsschlauch, Ladeadapter, Batterie, 2-in-1-Lade- und Aufbewahrungshalterung, Milbenentfernungsb\u00fcrste, 2-in-1 B\u00fcrste, Mehrfl\u00e4chenb\u00fcrste, Flachd\u00fcse, Handbuch\" class=\"pdp-attribute-list__value\">\n<div class=\"pdp-attribute-list__item-text\">\n<div>Akku- \/ Beutelloser Staubsauger, Verl\u00e4ngerungsstange, Verl\u00e4ngerungsschlauch, Ladeadapter, Batterie, 2-in-1-Lade- und Aufbewahrungshalterung, Milbenentfernungsb\u00fcrste, 2-in-1 B\u00fcrste, Mehrfl\u00e4chenb\u00fcrste, Flachd\u00fcse, Handbuch<\/div>\n<\/div>\n<\/div>\n<p><!--]--><\/dd>\n<\/div>\n<div class=\"pdp-attribute-list__item--single-row pdp-attribute-list__item\">\n<dt data-test=\"attribute-list-title\" class=\"pdp-attribute-list__title\">Breite<\/dt>\n<dd class=\"pdp-attribute-list__values\" data-test=\"attribute-list-values\"><!--[--><\/p>\n<div data-test-item_text=\"17.2 cm\" class=\"pdp-attribute-list__value\">\n<div class=\"pdp-attribute-list__item-text\">\n<div>17.2 cm<\/div>\n<\/div>\n<\/div>\n<p><!--]--><\/dd>\n<\/div>\n<div class=\"pdp-attribute-list__item--single-row pdp-attribute-list__item\">\n<dt data-test=\"attribute-list-title\" class=\"pdp-attribute-list__title\">Spannung<\/dt>\n<dd class=\"pdp-attribute-list__values\" data-test=\"attribute-list-values\"><!--[--><\/p>\n<div data-test-item_text=\"25000 mV\" class=\"pdp-attribute-list__value\">\n<div class=\"pdp-attribute-list__item-text\">\n<div>25000 mV<\/div>\n<\/div>\n<\/div>\n<p><!--]--><\/dd>\n<\/div>\n<div class=\"pdp-attribute-list__item--single-row pdp-attribute-list__item\">\n<dt data-test=\"attribute-list-title\" class=\"pdp-attribute-list__title\">Staubsauger Ausstattung<\/dt>\n<dd class=\"pdp-attribute-list__values\" data-test=\"attribute-list-values\"><!--[--><\/p>\n<div data-test-item_text=\"Beutellos\" class=\"pdp-attribute-list__value\">\n<div class=\"pdp-attribute-list__item-text\">\n<div>Beutellos<\/div>\n<\/div>\n<\/div>\n<p><!--]--><\/dd>\n<\/div>\n<div class=\"pdp-attribute-list__item--single-row pdp-attribute-list__item\">\n<dt data-test=\"attribute-list-title\" class=\"pdp-attribute-list__title\">Gewicht<\/dt>\n<dd class=\"pdp-attribute-list__values\" data-test=\"attribute-list-values\"><!--[--><\/p>\n<div data-test-item_text=\"6.4 kg\" class=\"pdp-attribute-list__value\">\n<div class=\"pdp-attribute-list__item-text\">\n<div>6.4 kg<\/div>\n<\/div>\n<\/div>\n<p><!--]--><\/dd>\n<\/div>\n<div class=\"pdp-attribute-list__item--single-row pdp-attribute-list__item\">\n<dt data-test=\"attribute-list-title\" class=\"pdp-attribute-list__title\">Leistung<\/dt>\n<dd class=\"pdp-attribute-list__values\" data-test=\"attribute-list-values\"><!--[--><\/p>\n<div data-test-item_text=\"550 W\" class=\"pdp-attribute-list__value\">\n<div class=\"pdp-attribute-list__item-text\">\n<div>550 W<\/div>\n<\/div>\n<\/div>\n<p><!--]--><\/dd>\n<\/div>\n<div class=\"pdp-attribute-list__item--single-row pdp-attribute-list__item\">\n<dt data-test=\"attribute-list-title\" class=\"pdp-attribute-list__title\">Modell<\/dt>\n<dd class=\"pdp-attribute-list__values\" data-test=\"attribute-list-values\"><!--[--><\/p>\n<div data-test-item_text=\"V12\" class=\"pdp-attribute-list__value\">\n<div class=\"pdp-attribute-list__item-text\">\n<div>V12<\/div>\n<\/div>\n<\/div>\n<p><!--]--><\/dd>\n<\/div>\n<div class=\"pdp-attribute-list__item--single-row pdp-attribute-list__item\">\n<dt data-test=\"attribute-list-title\" class=\"pdp-attribute-list__title\">Hersteller<\/dt>\n<dd class=\"pdp-attribute-list__values\" data-test=\"attribute-list-values\"><!--[--><\/p>\n<div data-test-item_text=\"Dreame\" class=\"pdp-attribute-list__value\"><a class=\"rd-link rd-link--primary pdp-attribute-list__link\" href=\"https:\/\/www.kaufland.de\/m\/dreame\/~1432313\/\"><!--[--><!--]--><span class=\"rd-link__text\"><!--[--><\/p>\n<div><span>Dreame<\/span><\/div>\n<p><!--]--><\/span><!----><\/a><\/div>\n<p><!--]--><\/dd>\n<\/div>\n<div class=\"pdp-attribute-list__item--single-row pdp-attribute-list__item\">\n<dt data-test=\"attribute-list-title\" class=\"pdp-attribute-list__title\">Fassungsverm\u00f6gen des Wassertanks<\/dt>\n<dd class=\"pdp-attribute-list__values\" data-test=\"attribute-list-values\"><!--[--><\/p>\n<div data-test-item_text=\"0.5 l\" class=\"pdp-attribute-list__value\">\n<div class=\"pdp-attribute-list__item-text\">\n<div>0.5 l<\/div>\n<\/div>\n<\/div>\n<p><!--]--><\/dd>\n<\/div>\n<div class=\"pdp-attribute-list__item--single-row pdp-attribute-list__item\">\n<dt data-test=\"attribute-list-title\" class=\"pdp-attribute-list__title\">Herstellernummer<\/dt>\n<dd class=\"pdp-attribute-list__values\" data-test=\"attribute-list-values\"><!--[--><\/p>\n<div data-test-item_text=\"VVT1\" class=\"pdp-attribute-list__value\">\n<div class=\"pdp-attribute-list__item-text\">\n<div>VVT1<\/div>\n<\/div>\n<\/div>\n<p><!--]--><\/dd>\n<\/div>\n<div class=\"pdp-attribute-list__item--single-row pdp-attribute-list__item\">\n<dt data-test=\"attribute-list-title\" class=\"pdp-attribute-list__title\">EAN<\/dt>\n<dd class=\"pdp-attribute-list__values\" data-test=\"attribute-list-values\"><!--[--><\/p>\n<div data-test-item_text=\"6973734683464\" class=\"pdp-attribute-list__value\">\n<div class=\"pdp-attribute-list__item-text\">\n<div>6973734683464<\/div>\n<\/div>\n<\/div>\n<p><!--]--><\/dd>\n<\/div>\n<p><!--]--><\/dl>\n<\/section>\n","protected":false},"excerpt":{"rendered":"<p>, <\/p>\n<dt data-test=\"attribute-list-title\" class=\"pdp-attribute-list__title\">Fassungsverm\u00f6gen des Wassertanks<\/dt>\n<dd class=\"pdp-attribute-list__values\" data-test=\"attribute-list-values\"><!--[--><\/p>\n<div data-test-item_text=\"0.5 l\" class=\"pdp-attribute-list__value\">\n<div class=\"pdp-attribute-list__item-text\">\n<div>0.5 l<\/div>\n<\/div>\n<\/div>\n<p><!--]--><\/dd>\n<p>, <\/p>\n<dt data-test=\"attribute-list-title\" class=\"pdp-attribute-list__title\">Staubsauger Ausstattung<\/dt>\n<dd class=\"pdp-attribute-list__values\" data-test=\"attribute-list-values\"><!--[--><\/p>\n<div data-test-item_text=\"Beutellos\" class=\"pdp-attribute-list__value\">\n<div class=\"pdp-attribute-list__item-text\">\n<div>Beutellos<\/div>\n<\/div>\n<\/div>\n<p><!--]--><\/dd>\n","protected":false},"featured_media":58577,"comment_status":"open","ping_status":"closed","template":"","meta":{"_monsterinsights_skip_tracking":false,"_monsterinsights_sitenote_active":false,"_monsterinsights_sitenote_note":"","_monsterinsights_sitenote_category":0,"_uf_show_specific_survey":0,"_uf_disable_surveys":false},"product_brand":[],"product_cat":[518],"product_tag":[],"models":[],"years":[],"class_list":{"0":"post-48248","1":"product","2":"type-product","3":"status-publish","4":"has-post-thumbnail","6":"product_cat-haushaltskleingerate","8":"first","9":"instock","10":"sale","11":"featured","12":"shipping-taxable","13":"purchasable","14":"product-type-simple"},"aioseo_notices":[],"acf":[],"_links":{"self":[{"href":"https:\/\/amannforg.com\/de\/wp-json\/wp\/v2\/product\/48248","targetHints":{"allow":["GET"]}}],"collection":[{"href":"https:\/\/amannforg.com\/de\/wp-json\/wp\/v2\/product"}],"about":[{"href":"https:\/\/amannforg.com\/de\/wp-json\/wp\/v2\/types\/product"}],"replies":[{"embeddable":true,"href":"https:\/\/amannforg.com\/de\/wp-json\/wp\/v2\/comments?post=48248"}],"version-history":[{"count":1,"href":"https:\/\/amannforg.com\/de\/wp-json\/wp\/v2\/product\/48248\/revisions"}],"predecessor-version":[{"id":58587,"href":"https:\/\/amannforg.com\/de\/wp-json\/wp\/v2\/product\/48248\/revisions\/58587"}],"wp:featuredmedia":[{"embeddable":true,"href":"https:\/\/amannforg.com\/de\/wp-json\/wp\/v2\/media\/58577"}],"wp:attachment":[{"href":"https:\/\/amannforg.com\/de\/wp-json\/wp\/v2\/media?parent=48248"}],"wp:term":[{"taxonomy":"product_brand","embeddable":true,"href":"https:\/\/amannforg.com\/de\/wp-json\/wp\/v2\/product_brand?post=48248"},{"taxonomy":"product_cat","embeddable":true,"href":"https:\/\/amannforg.com\/de\/wp-json\/wp\/v2\/product_cat?post=48248"},{"taxonomy":"product_tag","embeddable":true,"href":"https:\/\/amannforg.com\/de\/wp-json\/wp\/v2\/product_tag?post=48248"},{"taxonomy":"models","embeddable":true,"href":"https:\/\/amannforg.com\/de\/wp-json\/wp\/v2\/models?post=48248"},{"taxonomy":"years","embeddable":true,"href":"https:\/\/amannforg.com\/de\/wp-json\/wp\/v2\/years?post=48248"}],"curies":[{"name":"wp","href":"https:\/\/api.w.org\/{rel}","templated":true}]}}