{"id":48475,"date":"2026-03-11T12:26:43","date_gmt":"2026-03-11T12:26:43","guid":{"rendered":"https:\/\/amannforg.com\/?post_type=product&#038;p=48475"},"modified":"2026-03-11T14:21:53","modified_gmt":"2026-03-11T14:21:53","slug":"dreame-l40s-pro-ultra-staubsauger-roboter-selbstreinigende-ausfahrbare-wischmopps19000pa-saugkraftdetangling-duobrushhindernisvermeidung-schwarz","status":"publish","type":"product","link":"https:\/\/amannforg.com\/de\/produkt\/dreame-l40s-pro-ultra-staubsauger-roboter-selbstreinigende-ausfahrbare-wischmopps19000pa-saugkraftdetangling-duobrushhindernisvermeidung-schwarz\/","title":{"rendered":"Dreame L40s Pro Ultra Staubsauger Roboter, selbstreinigende Ausfahrbare Wischmopps,19000Pa Saugkraft,Detangling DuoBrush,Hindernisvermeidung, Schwarz"},"content":{"rendered":"<div><b>Wendiges EasyLeap\u2122-System zum \u00dcberwinden von Stufen bis zu 4 cm H\u00f6he3DAdapt\u2122 Intelligente HindernisvermeidungPathfinder\u2122 Intelligente Navigation19.000 Pa Vormax\u2122 SaugleistungHyperStream\u2122 Entwirrende DuoBrushDual-Flex-Arm-Technologie8-in-1 PowerDock\u2122<\/b><\/p>\n<p><b><br \/><\/b><\/p>\n<p><b>Dreame Reinigungstechnologie:<\/b><\/p>\n<p>Saugt kleinste Staubpartikel und groben Schmutz leise mit 19.000 Pa auf: Ausgestattet mit dem TurboForce-Hochgeschwindigkeitsmotor der sechsten Generation sorgt das Vormax-Saugsystem mit 19.000 Pa Saugleistung f\u00fcr eine kraftvolle Schmutzaufnahme aus<\/p>\n<p>Fugen und Teppichen. Der Motor sorgt f\u00fcr einen geringeren Ger\u00e4uschpegel und somit f\u00fcr eine leise und angenehme Reinigung.<\/p>\n<p>Ma\u00dfgeschneiderte Reinigung verschiedener Teppiche: W\u00e4hlen Sie in der Dreamehome-App die passende Teppichpflegestrategie: Herausnehmbare Mopps f\u00fcr trockene Teppiche, Mopplift f\u00fcr kurzflorige Teppiche, Teppich-Komplettreinigung, Intensivreinigung zum<\/p>\n<p>zweimaligen Saugen von Teppichen oder Saugkraftverst\u00e4rkung f\u00fcr eine gr\u00fcndlichere und pr\u00e4zisere Reinigung.<\/p>\n<p>EFFEKTIVE HAARENTFERNUNG F\u00dcR EIN B\u00dcRSTEN OHNE VERWIRRENDE HAARE: Unsere brandneue HyperStream Detangling DuoBrush verf\u00fcgt \u00fcber eine Gummib\u00fcrste mit Borsten und eine TPU-Gummib\u00fcrste, um Schmutz sowohl aus den Fugen Ihrer Hartb\u00f6den als auch aus Ihren<\/p>\n<p>Teppichen effizient zu entfernen. Au\u00dferdem sagt er verfilzten Haaren den Kampf an \u2013 f\u00fcr ein optimales Reinigungsergebnis.<\/p>\n<p>Praktisches All-in-One-PowerDock: Sparen Sie mit dem L40s Pro Ultra bis zu 100 Tage Staubbeh\u00e4lter-Entleerung. Er reinigt seine Wischpads selbstst\u00e4ndig mit 75 \u00b0C hei\u00dfem Wasser und trocknet sie. Damit Sie sich um nichts k\u00fcmmern m\u00fcssen, f\u00fcllt er Reinigungsl\u00f6sung<\/p>\n<p>und Wischwasser selbst auf und reinigt sein Waschbrett nahezu r\u00fcckstandslos.<\/p>\n<ul>\n<li>Einfaches \u00dcberwinden von Hindernissen: Dank des fortschrittlichen EasyLeap-Systems mit kletternden Haupt- und Sekund\u00e4rr\u00e4dern \u00fcberwindet der Saugroboter T\u00fcrschwellen, Schiebet\u00fcrschienen und bis zu 4 cm hohe Stufen ohne Unterbrechungen oder Kollisionen.<\/li>\n<\/ul>\n<p><b><br \/><\/b><\/p>\n<p><b><br \/><\/b><\/p>\n<p><b>Besonderheiten:<\/b><\/p>\n<p>Vormax Doppel-Entwirrungsb\u00fcrste<\/p>\n<p>Ausziehbare Seitenb\u00fcrste<\/p>\n<p>Ausweichen von Gegenst\u00e4nden<\/p>\n<p>Selbstreinigender Mopp<\/p>\n<p>Automatische Entleerung<\/p>\n<p>Sprachsteuerung<\/p>\n<p>Individuelle Teppichreinigung<\/p>\n<p>Vormax Doppel-Entwirrungsb\u00fcrste<\/p>\n<p>Ausziehbare Seitenb\u00fcrste<\/p>\n<p>Ausweichen von Gegenst\u00e4nden<\/p>\n<p>Selbstreinigender Mopp<\/p>\n<p>Automatische Entleerung<\/p>\n<p>Sprachsteuerung<\/p>\n<p>Individuelle Teppichreinigung<\/p>\n<p>Mopphub 10,5 mm<\/p>\n<p>Schnellladung Ja<\/p>\n<p>Selbsttrocknender Mopp (Trocknung mit Hei\u00dfluft)<\/p>\n<p>Hindernisvermeidung Doppellaser + KI + RGB + LED<\/p>\n<p>Automatische Teppicherkennung (Ultraschall)<\/p>\n<p>App-Steuerung Ja<\/p>\n<p>Sprachsteuerung \u00fcber Siri\/Alexa\/Google Assistant Ja<\/p>\n<p>Video\u00fcberwachung per Fernzugriff Ja<\/p>\n<p>Integrierte LED Ja<\/p>\n<p>Maximale Saugleistung 19000 Pa<\/p>\n<p>Nennleistung der Staubabsaugung 600 W<\/p>\n<p>Mopptyp: Zwei rotierende Mopps<\/p>\n<p>Akkukapazit\u00e4t\/Ladezeit: 5200 mAh\/3,5 Stunden<\/p>\n<p>Maximale Laufzeit: 180 min<\/p>\n<p>Ger\u00e4uschpegel \u2264 74 dB(A)<\/p>\n<p>Staubbeh\u00e4lterkapazit\u00e4t \u2013 Roboter: 300 ml<\/p>\n<p>Staubbeh\u00e4lterkapazit\u00e4t \u2013 Dockingstation: 3,2 l<\/p>\n<p>Wassertankkapazit\u00e4t \u2013 Roboter: 80 ml<\/p>\n<p>Wassertankkapazit\u00e4t \u2013 Dockingstation (Frisch-\/Schmutzwassertank): 4,5\/4 l<\/p>\n<\/div>\n<p> , <!----><!----><\/p>\n<section aria-label=\"Produktdaten\">\n<dl class=\"pdp-attribute-list\"><!--[--><\/p>\n<div class=\"pdp-attribute-list__item--single-row pdp-attribute-list__item\">\n<dt data-test=\"attribute-list-title\" class=\"pdp-attribute-list__title\">Leistung<\/dt>\n<dd class=\"pdp-attribute-list__values\" data-test=\"attribute-list-values\"><!--[--><\/p>\n<div data-test-item_text=\"600 W\" class=\"pdp-attribute-list__value\">\n<div class=\"pdp-attribute-list__item-text\">\n<div>600 W<\/div>\n<\/div>\n<\/div>\n<p><!--]--><\/dd>\n<\/div>\n<div class=\"pdp-attribute-list__item\">\n<dt data-test=\"attribute-list-title\" class=\"pdp-attribute-list__title\">Lieferumfang<\/dt>\n<dd class=\"pdp-attribute-list__values\" data-test=\"attribute-list-values\"><!--[--><\/p>\n<div data-test-item_text=\"Saugroboter x1\nBasisstation x1\nHauptb\u00fcrste (vorinstalliert) x1\nB\u00fcrstenschutz (vorinstalliert) x1\nSeitenb\u00fcrste (vorinstalliert) x2\nKalkschutz (vorinstalliert) x1\nStaubbeh\u00e4lter (vormontiert, mit Staubbeh\u00e4lterfilter) x1\nWischpadhalter x2\nWischpad x2\nStaubbeutel (1x vorinstalliert) x2\n200 ml Reinigungsfl\u00fcssigkeit x1\nReinigungszubeh\u00f6r x1\nVerl\u00e4ngerung f\u00fcr die Ladestationsrampe x1\nKurzanleitung x1\nBenutzerhandbuch x1\" class=\"pdp-attribute-list__value\"><\/p>\n<div class=\"pdp-attribute-list__item-text\">\n<div>Saugroboter x1<br \/>\nBasisstation x1<br \/>\nHauptb\u00fcrste (vorinstalliert) x1<br \/>\nB\u00fcrstenschutz (vorinstalliert) x1<br \/>\nSeitenb\u00fcrste (vorinstalliert) x2<br \/>\nKalkschutz (vorinstalliert) x1<br \/>\nStaubbeh\u00e4lter (vormontiert, mit Staubbeh\u00e4lterfilter) x1<br \/>\nWischpadhalter x2<br \/>\nWischpad x2<br \/>\nStaubbeutel (1x vorinstalliert) x2<br \/>\n200 ml Reinigungsfl\u00fcssigkeit x1<br \/>\nReinigungszubeh\u00f6r x1<br \/>\nVerl\u00e4ngerung f\u00fcr die Ladestationsrampe x1<br \/>\nKurzanleitung x1<br \/>\nBenutzerhandbuch x1<\/div>\n<\/div>\n<\/div>\n<p><!--]--><\/dd>\n<\/div>\n<div class=\"pdp-attribute-list__item--single-row pdp-attribute-list__item\">\n<dt data-test=\"attribute-list-title\" class=\"pdp-attribute-list__title\">Fassungsvolumen<\/dt>\n<dd class=\"pdp-attribute-list__values\" data-test=\"attribute-list-values\"><!--[--><\/p>\n<div data-test-item_text=\"4.5 l\" class=\"pdp-attribute-list__value\">\n<div class=\"pdp-attribute-list__item-text\">\n<div>4.5 l<\/div>\n<\/div>\n<\/div>\n<p><!--]--><\/dd>\n<\/div>\n<div class=\"pdp-attribute-list__item--single-row pdp-attribute-list__item\">\n<dt data-test=\"attribute-list-title\" class=\"pdp-attribute-list__title\">Wischfunktion<\/dt>\n<dd class=\"pdp-attribute-list__values\" data-test=\"attribute-list-values\"><!--[--><\/p>\n<div data-test-item_text=\"Ja\" class=\"pdp-attribute-list__value\">\n<div class=\"pdp-attribute-list__item-text\">\n<div>Ja<\/div>\n<\/div>\n<\/div>\n<p><!--]--><\/dd>\n<\/div>\n<div class=\"pdp-attribute-list__item--single-row pdp-attribute-list__item\">\n<dt data-test=\"attribute-list-title\" class=\"pdp-attribute-list__title\">Spannung<\/dt>\n<dd class=\"pdp-attribute-list__values\" data-test=\"attribute-list-values\"><!--[--><\/p>\n<div data-test-item_text=\"14400 mV\" class=\"pdp-attribute-list__value\">\n<div class=\"pdp-attribute-list__item-text\">\n<div>14400 mV<\/div>\n<\/div>\n<\/div>\n<p><!--]--><\/dd>\n<\/div>\n<div class=\"pdp-attribute-list__item--single-row pdp-attribute-list__item\">\n<dt data-test=\"attribute-list-title\" class=\"pdp-attribute-list__title\">Farbe<\/dt>\n<dd class=\"pdp-attribute-list__values\" data-test=\"attribute-list-values\"><!--[--><\/p>\n<div data-test-item_text=\"Schwarz\" class=\"pdp-attribute-list__value\">\n<div class=\"pdp-attribute-list__item-text\">\n<div>Schwarz<\/div>\n<\/div>\n<\/div>\n<p><!--]--><\/dd>\n<\/div>\n<div class=\"pdp-attribute-list__item--single-row pdp-attribute-list__item\">\n<dt data-test=\"attribute-list-title\" class=\"pdp-attribute-list__title\">Hersteller<\/dt>\n<dd class=\"pdp-attribute-list__values\" data-test=\"attribute-list-values\"><!--[--><\/p>\n<div data-test-item_text=\"Dreame\" class=\"pdp-attribute-list__value\"><a class=\"rd-link rd-link--primary pdp-attribute-list__link\" href=\"https:\/\/www.kaufland.de\/m\/dreame\/~1432313\/\"><!--[--><!--]--><span class=\"rd-link__text\"><!--[--><\/p>\n<div><span>Dreame<\/span><\/div>\n<p><!--]--><\/span><!----><\/a><\/div>\n<p><!--]--><\/dd>\n<\/div>\n<div class=\"pdp-attribute-list__item--single-row pdp-attribute-list__item\">\n<dt data-test=\"attribute-list-title\" class=\"pdp-attribute-list__title\">Breite<\/dt>\n<dd class=\"pdp-attribute-list__values\" data-test=\"attribute-list-values\"><!--[--><\/p>\n<div data-test-item_text=\"35 cm\" class=\"pdp-attribute-list__value\">\n<div class=\"pdp-attribute-list__item-text\">\n<div>35 cm<\/div>\n<\/div>\n<\/div>\n<p><!--]--><\/dd>\n<\/div>\n<div class=\"pdp-attribute-list__item--single-row pdp-attribute-list__item\">\n<dt data-test=\"attribute-list-title\" class=\"pdp-attribute-list__title\">Ma\u00dfe<\/dt>\n<dd class=\"pdp-attribute-list__values\" data-test=\"attribute-list-values\"><!--[--><\/p>\n<div data-test-item_text=\"350 x 350 x 103.8 mm\" class=\"pdp-attribute-list__value\">\n<div class=\"pdp-attribute-list__item-text\">\n<div>350 x 350 x 103.8 mm<\/div>\n<\/div>\n<\/div>\n<p><!--]--><\/dd>\n<\/div>\n<div class=\"pdp-attribute-list__item--single-row pdp-attribute-list__item\">\n<dt data-test=\"attribute-list-title\" class=\"pdp-attribute-list__title\">Staubsauger Ausstattung<\/dt>\n<dd class=\"pdp-attribute-list__values\" data-test=\"attribute-list-values\"><!--[--><\/p>\n<div data-test-item_text=\"Beutellos\" class=\"pdp-attribute-list__value\">\n<div class=\"pdp-attribute-list__item-text\">\n<div>Beutellos<\/div>\n<\/div>\n<\/div>\n<p><!--]--><\/dd>\n<\/div>\n<div class=\"pdp-attribute-list__item--single-row pdp-attribute-list__item\">\n<dt data-test=\"attribute-list-title\" class=\"pdp-attribute-list__title\">Modell<\/dt>\n<dd class=\"pdp-attribute-list__values\" data-test=\"attribute-list-values\"><!--[--><\/p>\n<div data-test-item_text=\"Dreame L40s Pro Ultra\" class=\"pdp-attribute-list__value\">\n<div class=\"pdp-attribute-list__item-text\">\n<div>Dreame L40s Pro Ultra<\/div>\n<\/div>\n<\/div>\n<p><!--]--><\/dd>\n<\/div>\n<div class=\"pdp-attribute-list__item--single-row pdp-attribute-list__item\">\n<dt data-test=\"attribute-list-title\" class=\"pdp-attribute-list__title\">L\u00e4nge<\/dt>\n<dd class=\"pdp-attribute-list__values\" data-test=\"attribute-list-values\"><!--[--><\/p>\n<div data-test-item_text=\"35 cm\" class=\"pdp-attribute-list__value\">\n<div class=\"pdp-attribute-list__item-text\">\n<div>35 cm<\/div>\n<\/div>\n<\/div>\n<p><!--]--><\/dd>\n<\/div>\n<div class=\"pdp-attribute-list__item--single-row pdp-attribute-list__item\">\n<dt data-test=\"attribute-list-title\" class=\"pdp-attribute-list__title\">Gefahrgutkennzeichen LI-Versand<\/dt>\n<dd class=\"pdp-attribute-list__values\" data-test=\"attribute-list-values\"><!--[--><\/p>\n<div data-test-item_text=\"UN 3480\" class=\"pdp-attribute-list__value\">\n<div class=\"pdp-attribute-list__item-text\">\n<div>UN 3480<\/div>\n<\/div>\n<\/div>\n<p><!--]--><\/dd>\n<\/div>\n<div class=\"pdp-attribute-list__item--single-row pdp-attribute-list__item\">\n<dt data-test=\"attribute-list-title\" class=\"pdp-attribute-list__title\">Durchmesser<\/dt>\n<dd class=\"pdp-attribute-list__values\" data-test=\"attribute-list-values\"><!--[--><\/p>\n<div data-test-item_text=\"0.35 m\" class=\"pdp-attribute-list__value\">\n<div class=\"pdp-attribute-list__item-text\">\n<div>0.35 m<\/div>\n<\/div>\n<\/div>\n<p><!--]--><\/dd>\n<\/div>\n<div class=\"pdp-attribute-list__item--single-row pdp-attribute-list__item\">\n<dt data-test=\"attribute-list-title\" class=\"pdp-attribute-list__title\">Smart Home kompatibel<\/dt>\n<dd class=\"pdp-attribute-list__values\" data-test=\"attribute-list-values\"><!--[--><\/p>\n<div data-test-item_text=\"Ja\" class=\"pdp-attribute-list__value\"><a class=\"rd-link rd-link--primary pdp-attribute-list__link\" href=\"https:\/\/www.kaufland.de\/c\/staubsauger-roboter\/smart-home\/~32011\/ref-3488=t\/\"><!--[--><!--]--><span class=\"rd-link__text\"><!--[--><\/p>\n<div><span>Ja<\/span><\/div>\n<p><!--]--><\/span><!----><\/a><\/div>\n<p><!--]--><\/dd>\n<\/div>\n<div class=\"pdp-attribute-list__item--single-row pdp-attribute-list__item\">\n<dt data-test=\"attribute-list-title\" class=\"pdp-attribute-list__title\">Gewicht<\/dt>\n<dd class=\"pdp-attribute-list__values\" data-test=\"attribute-list-values\"><!--[--><\/p>\n<div data-test-item_text=\"18.4 kg\" class=\"pdp-attribute-list__value\">\n<div class=\"pdp-attribute-list__item-text\">\n<div>18.4 kg<\/div>\n<\/div>\n<\/div>\n<p><!--]--><\/dd>\n<\/div>\n<div class=\"pdp-attribute-list__item--single-row pdp-attribute-list__item\">\n<dt data-test=\"attribute-list-title\" class=\"pdp-attribute-list__title\">Fassungsverm\u00f6gen des Wassertanks<\/dt>\n<dd class=\"pdp-attribute-list__values\" data-test=\"attribute-list-values\"><!--[--><\/p>\n<div data-test-item_text=\"4.5 l\" class=\"pdp-attribute-list__value\">\n<div class=\"pdp-attribute-list__item-text\">\n<div>4.5 l<\/div>\n<\/div>\n<\/div>\n<p><!--]--><\/dd>\n<\/div>\n<div class=\"pdp-attribute-list__item--single-row pdp-attribute-list__item\">\n<dt data-test=\"attribute-list-title\" class=\"pdp-attribute-list__title\">H\u00f6he<\/dt>\n<dd class=\"pdp-attribute-list__values\" data-test=\"attribute-list-values\"><!--[--><\/p>\n<div data-test-item_text=\"10.4 cm\" class=\"pdp-attribute-list__value\">\n<div class=\"pdp-attribute-list__item-text\">\n<div>10.4 cm<\/div>\n<\/div>\n<\/div>\n<p><!--]--><\/dd>\n<\/div>\n<div class=\"pdp-attribute-list__item--single-row pdp-attribute-list__item\">\n<dt data-test=\"attribute-list-title\" class=\"pdp-attribute-list__title\">Herstellernummer<\/dt>\n<dd class=\"pdp-attribute-list__values\" data-test=\"attribute-list-values\"><!--[--><\/p>\n<div data-test-item_text=\"Dreame L40s Pro Ultra Black\" class=\"pdp-attribute-list__value\">\n<div class=\"pdp-attribute-list__item-text\">\n<div>Dreame L40s Pro Ultra Black<\/div>\n<\/div>\n<\/div>\n<p><!--]--><\/dd>\n<\/div>\n<div class=\"pdp-attribute-list__item--single-row pdp-attribute-list__item\">\n<dt data-test=\"attribute-list-title\" class=\"pdp-attribute-list__title\">EAN<\/dt>\n<dd class=\"pdp-attribute-list__values\" data-test=\"attribute-list-values\"><!--[--><\/p>\n<div data-test-item_text=\"6977328066206\" class=\"pdp-attribute-list__value\">\n<div class=\"pdp-attribute-list__item-text\">\n<div>6977328066206<\/div>\n<\/div>\n<\/div>\n<div data-test-item_text=\"6977328066329\" class=\"pdp-attribute-list__value\">\n<div class=\"pdp-attribute-list__item-text\">\n<div>6977328066329<\/div>\n<\/div>\n<\/div>\n<p><!--]--><\/dd>\n<\/div>\n<p><!--]--><\/dl>\n<\/section>\n","protected":false},"excerpt":{"rendered":"<dt data-test=\"attribute-list-title\" class=\"pdp-attribute-list__title\">Gewicht<\/dt>\n<dd class=\"pdp-attribute-list__values\" data-test=\"attribute-list-values\"><!--[--><\/p>\n<div data-test-item_text=\"18.4 kg\" class=\"pdp-attribute-list__value\">\n<div class=\"pdp-attribute-list__item-text\">\n<div>18.4 kg<\/div>\n<\/div>\n<\/div>\n<p><!--]--><\/dd>\n<p>, <\/p>\n<dt data-test=\"attribute-list-title\" class=\"pdp-attribute-list__title\">Modell<\/dt>\n<dd class=\"pdp-attribute-list__values\" data-test=\"attribute-list-values\"><!--[--><\/p>\n<div data-test-item_text=\"Dreame L40s Pro Ultra\" class=\"pdp-attribute-list__value\">\n<div class=\"pdp-attribute-list__item-text\">\n<div>Dreame L40s Pro Ultra<\/div>\n<\/div>\n<\/div>\n<p><!--]--><\/dd>\n<p>, <\/p>\n<dt data-test=\"attribute-list-title\" class=\"pdp-attribute-list__title\">Farbe<\/dt>\n<dd class=\"pdp-attribute-list__values\" data-test=\"attribute-list-values\"><!--[--><\/p>\n<div data-test-item_text=\"Schwarz\" class=\"pdp-attribute-list__value\">\n<div class=\"pdp-attribute-list__item-text\">\n<div>Schwarz<\/div>\n<\/div>\n<\/div>\n<p><!--]--><\/dd>\n","protected":false},"featured_media":58588,"comment_status":"open","ping_status":"closed","template":"","meta":{"_monsterinsights_skip_tracking":false,"_monsterinsights_sitenote_active":false,"_monsterinsights_sitenote_note":"","_monsterinsights_sitenote_category":0,"_uf_show_specific_survey":0,"_uf_disable_surveys":false},"product_brand":[],"product_cat":[518],"product_tag":[],"models":[],"years":[],"class_list":{"0":"post-48475","1":"product","2":"type-product","3":"status-publish","4":"has-post-thumbnail","6":"product_cat-haushaltskleingerate","8":"first","9":"instock","10":"sale","11":"shipping-taxable","12":"purchasable","13":"product-type-simple"},"aioseo_notices":[],"acf":[],"_links":{"self":[{"href":"https:\/\/amannforg.com\/de\/wp-json\/wp\/v2\/product\/48475","targetHints":{"allow":["GET"]}}],"collection":[{"href":"https:\/\/amannforg.com\/de\/wp-json\/wp\/v2\/product"}],"about":[{"href":"https:\/\/amannforg.com\/de\/wp-json\/wp\/v2\/types\/product"}],"replies":[{"embeddable":true,"href":"https:\/\/amannforg.com\/de\/wp-json\/wp\/v2\/comments?post=48475"}],"version-history":[{"count":1,"href":"https:\/\/amannforg.com\/de\/wp-json\/wp\/v2\/product\/48475\/revisions"}],"predecessor-version":[{"id":58598,"href":"https:\/\/amannforg.com\/de\/wp-json\/wp\/v2\/product\/48475\/revisions\/58598"}],"wp:featuredmedia":[{"embeddable":true,"href":"https:\/\/amannforg.com\/de\/wp-json\/wp\/v2\/media\/58588"}],"wp:attachment":[{"href":"https:\/\/amannforg.com\/de\/wp-json\/wp\/v2\/media?parent=48475"}],"wp:term":[{"taxonomy":"product_brand","embeddable":true,"href":"https:\/\/amannforg.com\/de\/wp-json\/wp\/v2\/product_brand?post=48475"},{"taxonomy":"product_cat","embeddable":true,"href":"https:\/\/amannforg.com\/de\/wp-json\/wp\/v2\/product_cat?post=48475"},{"taxonomy":"product_tag","embeddable":true,"href":"https:\/\/amannforg.com\/de\/wp-json\/wp\/v2\/product_tag?post=48475"},{"taxonomy":"models","embeddable":true,"href":"https:\/\/amannforg.com\/de\/wp-json\/wp\/v2\/models?post=48475"},{"taxonomy":"years","embeddable":true,"href":"https:\/\/amannforg.com\/de\/wp-json\/wp\/v2\/years?post=48475"}],"curies":[{"name":"wp","href":"https:\/\/api.w.org\/{rel}","templated":true}]}}