{"id":48847,"date":"2026-03-11T12:50:48","date_gmt":"2026-03-11T12:50:48","guid":{"rendered":"https:\/\/amannforg.com\/?post_type=product&#038;p=48847"},"modified":"2026-03-13T11:19:30","modified_gmt":"2026-03-13T11:19:30","slug":"bosch-bss825mult-akku-staubsauger-unlimited-8-gen2-kabellos-beutellos-mit-stiel-18-v-duesenbeleuchtung-schnelladen","status":"publish","type":"product","link":"https:\/\/amannforg.com\/de\/produkt\/bosch-bss825mult-akku-staubsauger-unlimited-8-gen2-kabellos-beutellos-mit-stiel-18-v-duesenbeleuchtung-schnelladen\/","title":{"rendered":"BOSCH BSS825MULT Akku Staubsauger (Unlimited 8 Gen2, kabellos, beutellos, mit Stiel, 18 V, D\u00fcsenbeleuchtung, Schnelladen)"},"content":{"rendered":"<div><b>Premium Bosch HEPA Filtersystem. 1<\/b><br \/>Eine gute Luftqualit\u00e4t ist wichtig \u2013 besonders f\u00fcr Allergiker. Dank des HEPA Filtersystems 1 werden 99,995% der Feinstaubpartikel 2 aus der Luft gefiltert und daran gehindert, wieder in den Raum zu gelangen. Die Kombination aus verschiedenen Filtern, Dichtungen und der speziellen Luftf\u00fchrung in der Staubbox sorgt daf\u00fcr, dass die Ausblasluft sauberer ist als die normale Raumluft.<\/p>\n<p><b>Zeit sparen dank 5x schnellerem Laden. 3<\/b><br \/>Bequem die ganze Wohnung saugen, ohne einen Gedanken an das zeitraubende Aufladen verschwenden zu m\u00fcssen. Unser Schnellladeger\u00e4t arbeitet f\u00fcnfmal schneller als die Dockingstation 3 und erm\u00f6glicht ein besonders schnelles Aufladen der 18 V Bosch Akkus. So sparst du Zeit und der Staubsauger ist jederzeit einsatzbereit.<\/p>\n<p>Genie\u00dfe die konstante und kraftvolle Reinigungsleistung der Bosch Staubsauger: Seit \u00fcber 80 Jahren entwickeln und produzieren wir unsere Hochleistungsmotoren in Deutschland und wir erwarten von unseren Staubsaugern nichts anderes als optimale Ergebnisse und ein langes Ger\u00e4teleben.<\/p>\n<p><b>Power For All Alliance. Ein Akku f\u00fcr das gesamte Haus.<\/b><br \/>Die meisten Ger\u00e4te haben unterschiedliche Akkus, was ins Geld gehen kann. Die Wechselakkus von Bosch sind Teil eines der gr\u00f6\u00dften marken\u00fcbergreifenden 18 V Akku-Systeme: der Power For All Alliance. Sie sind kompatibel mit vielen 18 V Elektrowerkzeugen und Gartenger\u00e4ten von Bosch und anderen Marken wie Gardena, Gloria, Wagner und Rapid. So kannst du einen Akku f\u00fcr fast alle Anwendungen in und um Haus und Garten nutzen.<\/p>\n<p><b>Mini-Turbo-D\u00fcse f\u00fcr perfektes Absaugen von Polsterm\u00f6beln.<\/b><br \/>Die Pflege von Polsterm\u00f6beln ist meist sehr zeitaufw\u00e4ndig. Mit der Mini-Turbo-D\u00fcse wird das Absaugen zum Kinderspiel. Auch die Reinigung von schwer zug\u00e4nglichen Stellen geschieht nun m\u00fchelos. Mit der B\u00fcrstenrolle lassen sich Feinstaub und Fasern auf Polsterm\u00f6beln besonders einfach aufnehmen. So kann sogar ein extra breites Sofa schnell und m\u00fchelos gereinigt werden.<\/p>\n<p><b>Reinigung auf allen Ebenen. Boden, Polster, Decke und Auto.<\/b><br \/>Staubsaugen auf allen Ebenen \u2013 vom Boden bis zur Decke \u2013 ist jetzt problemlos m\u00f6glich. Der Staubsauger wird mit n\u00fctzlichem Zubeh\u00f6r geliefert, mit dem du alle Bodenarten sowie andere Oberfl\u00e4chen wie Tische, Polster und sogar den Fahrzeuginnenraum ganz bequem reinigen kannst.<\/p>\n<p><b>Ideal zur Reinigung des Fahrzeuginnenraums.<\/b><br \/>Der Innenraum eines Autos ist generell schwierig zu reinigen und oft ist dabei keine Steckdose in der N\u00e4he. Wie gut, dass dieser Staubsauger das perfekte Zubeh\u00f6r enth\u00e4lt, um jede Stelle problemlos zu erreichen. Eine lange Laufzeit, hohe Flexibilit\u00e4t und einfache Handhabung machen ihn zur optimalen L\u00f6sung f\u00fcr die Reinigung deines Autos.<\/p>\n<p><b>2in1 B\u00fcrste f\u00fcr die einfache und komfortable Reinigung.<\/b><br \/>Die Kombination aus M\u00f6belpinsel und Polsterd\u00fcse macht die Reinigung jetzt noch einfacher. Der M\u00f6belpinsel ist mit seinen weichen Borsten besonders f\u00fcr Schubladen, Tische und M\u00f6bel mit empfindlichen Oberfl\u00e4chen geeignet. Bei Bedarf kann der M\u00f6belpinsel im Handumdrehen in eine Polsterd\u00fcse verwandelt werden.<\/p>\n<p><b>Mit dem ultra-flexiblen Verl\u00e4ngerungsschlauch jede Stelle erreichen.<\/b><br \/>Flexibilit\u00e4t und praktisches Zubeh\u00f6r erm\u00f6glichen eine m\u00fchelose und gr\u00fcndliche Reinigung. Dank des flexiblen Verl\u00e4ngerungsschlauchs k\u00f6nnen auch schwer zug\u00e4ngliche Stellen, Ecken, Lampenschirme und Jalousien erreicht werden. Zus\u00e4tzlich hat er eine elektrische Verbindung f\u00fcr den Antrieb spezieller Aufs\u00e4tze wie z.B. der Mini-Turbo-D\u00fcse zur Reinigung des Fahrzeuginnenraums.<\/p>\n<p><b>Schubladen reinigen, ohne dabei Kleinteile einzusaugen.<\/b><br \/>Die Tastatur- und Schubladend\u00fcse bietet mit ihren kleinen, flexiblen Schl\u00e4uchen eine clevere M\u00f6glichkeit schwierige Stellen zu reinigen, ohne dabei Kleinteile wie M\u00fcnzen oder Heftklammern einzusaugen. So kannst du beispielsweise Staub und Kr\u00fcmel aus K\u00fcchenschubladen ganz einfach entfernen. Dank LED-Beleuchtung ist sie auch ideal f\u00fcr vollgestopfte Schubladen und den Autoinnenraum.<\/p>\n<p>table, td, tr  \/* Aufz\u00e4hlungszeichen *\/ #pdesc_new  \/* Ausf\u00fchrliche Beschreibung *\/ #pdaten_new  \/* Technische Daten *\/ #pdel_new  \/* Lieferumfang *\/ .bluebar_new  \/* Blauer Balken *\/ #produkt_name  #produkt_art  #pdaten_new table tr td   .blau  .blau_groesser  .rot  .fett  .kursiv  .kleiner  .groesser  .img-responsive<\/p>\n<div><\/div>\n<div>Produktbeschreibung<\/div>\n<div>\n<p><strong>BSS825MULT &#8211; Power For All Alliance. Ein Akku f\u00fcr das gesamte Haus.<\/strong><\/p>\n<ul>\n<li><strong>Power For All Alliance: Der Akku ist kompatibel mit zahlreichen Produkten von Bosch und anderen Marken.<\/strong><\/li>\n<li><strong>Hartboden-Softd\u00fcse mit LED-Beleuchtung: f\u00fcr die sanfte Reinigung sensibler Hartb\u00f6den wie z.B. Parkett.<\/strong><\/li>\n<li><strong>Sauberkeit auf allen Ebenen: dank umfangreichem Zubeh\u00f6r wird jede Art von Schmutz vom Boden bis zur Decke beseitigt. Auch zur Autoreinigung geeignet.<\/strong><\/li>\n<li><strong>Cartridge Filtersystem: die Ausblasluft ist dank 99,99% Filterung sauberer als die Raumluft.<\/strong><\/li>\n<\/ul>\n<p><strong>F\u00fcr fast alle Anwendungen geeignet<\/strong><\/p>\n<p>Die meisten Ger\u00e4te haben unterschiedliche Akkus, was ins Geld gehen kann. Die Wechselakkus von Bosch sind Teil eines der gr\u00f6\u00dften marken\u00fcbergreifenden 18 V Akku-Systeme: der Power For All Alliance. Sie sind kompatibel mit vielen 18 V Elektrowerkzeugen und Gartenger\u00e4ten von Bosch und anderen Marken wie Gardena, Gloria, Wagner und Rapid. So kannst du einen Akku f\u00fcr fast alle Anwendungen in und um Haus und Garten nutzen. <\/p>\n<p><strong>Sanfte Reinigung sensibler Hartb\u00f6den.<\/strong><\/p>\n<p>Einige zu reinigende Bereiche ben\u00f6tigen eine besonders sensible Behandlung, wie z.B. Parkettb\u00f6den und Fliesen, die leicht zerkratzen. Die Hartboden-Softd\u00fcse mit LED-Beleuchtung erm\u00f6glicht durch ihre weiche B\u00fcrstenrolle ein sanftes und gleichzeitig gr\u00fcndliches Reinigen der sensiblen Oberfl\u00e4chen \u2013 vollkommen sorgenfrei.<\/p><\/div>\n<div>Technische Daten<\/div>\n<div>\n<table border=\"0\" cellpadding=\"0\" cellspacing=\"0\" width=\"100%\">\n<tbody>\n<tr>\n<td>Ger\u00e4tefarbe<\/td>\n<td>grau<\/td>\n<\/tr>\n<tr>\n<td>Nennspannung Akkupack<\/td>\n<td>18,0 V<\/td>\n<\/tr>\n<tr>\n<td>Nettogewicht (kg)<\/td>\n<td>7,9 kg<\/td>\n<\/tr>\n<tr>\n<td>Abmessungen des Ger\u00e4tes<\/td>\n<td>1304 x 252 x 218 mm<\/td>\n<\/tr>\n<tr>\n<td>Leistungsstufen<\/td>\n<td>3<\/td>\n<\/tr>\n<tr>\n<td>Laufzeit (max)<\/td>\n<td>45 min<\/td>\n<\/tr>\n<tr>\n<td>Filtersystem<\/td>\n<td>Beutellose Staubsauger<\/td>\n<\/tr>\n<\/tbody>\n<\/table>\n<\/div>\n<div>Lieferumfang<\/div>\n<div>\n<ul>\n<li>Bosch BSS825MULT Akkustaubsauger<\/li>\n<li>Bedienungsanleitung<\/li>\n<\/ul>\n<\/div>\n<p>BOSCH<br \/>Akku Staubsauger<br \/>BSS825MULT<br \/>Leistungsstark wie ein Kabelstaubsauger<br \/>Schnellladen: weniger Wartezeit dank 5x schnellerem Laden<br \/>Bosch Power For All Alliance System<br \/>Gewicht: 5,8kg<br \/>Leistung: 18 V, 3 Leistungsstufen<br \/>Staubbeh\u00e4ltervolumen: 0,4 Liter<br \/>Bis zu 45 min. Laufzeit<br \/>Innovative D\u00fcsen: Hartboden-Softd\u00fcse mit LED, AllFloor HighPower D\u00fcse<br \/>HEPA Filtersystem: ideal f\u00fcr Allergiker dank 99,995% Filtration der Feinstaubpartikelund extra sauberer Ausblasluft<br \/>Umfangreiches Zubeh\u00f6r: F\u00fcr jede Reinigungsaufgabe ausgestattet<\/p>\n<dl>\n<dt>Produkttyp:<\/dt>\n<dd>2-in-1-Stabstaubsauger<\/dd>\n<dt>Staubbeh\u00e4lter Typ:<\/dt>\n<dd>Beutellos<\/dd>\n<dt>Produktfarbe:<\/dt>\n<dd>Grau<\/dd>\n<dt>B\u00fcrstenform:<\/dt>\n<dd>Rechteckig<\/dd>\n<dt>Reinigungsart:<\/dt>\n<dd>Trocken<\/dd>\n<dt>Vakuum-Luftfilterung:<\/dt>\n<dd>HEPA<\/dd>\n<dt>Schmutztrennungsmethode:<\/dt>\n<dd>Filterung<\/dd>\n<dt>Waschbarer Filter:<\/dt>\n<dd>Ja<\/dd>\n<dt>Variable Energie:<\/dt>\n<dd>Ja<\/dd>\n<dt>Energiequelle:<\/dt>\n<dd>Akku<\/dd>\n<dt>AC Eingangsspannung:<\/dt>\n<dd>220-240 V<\/dd>\n<dt>AC Eingangsfrequenz:<\/dt>\n<dd>50-60 Hz<\/dd>\n<dt>Akku-\/Batterietechnologie:<\/dt>\n<dd>Lithium-Ion (Li-Ion)<\/dd>\n<dt>Akku-\/Batteriespannung:<\/dt>\n<dd>18 V<\/dd>\n<dt>Anzahl unterst\u00fctzter Akkus\/Batterien:<\/dt>\n<dd>1<\/dd>\n<dt>Laufzeit:<\/dt>\n<dd>45 min<\/dd>\n<dt>Laufzeit mit motorisierter B\u00fcrste (mittlere Drehzahl):<\/dt>\n<dd>28 min<\/dd>\n<dt>Laufzeit mit motorisierter B\u00fcrste (hohe Drehzahl):<\/dt>\n<dd>12 min<\/dd>\n<dt>Ladezeit:<\/dt>\n<dd>1 h<\/dd>\n<dt>Batteriekapazit\u00e4t:<\/dt>\n<dd>5 Ah<\/dd>\n<dt>Verpackungsbreite:<\/dt>\n<dd>290 mm<\/dd>\n<dt>Verpackungstiefe:<\/dt>\n<dd>795 mm<\/dd>\n<dt>Verpackungsh\u00f6he:<\/dt>\n<dd>265 mm<\/dd>\n<dt>Paketgewicht:<\/dt>\n<dd>8,2 kg<\/dd>\n<dt>Breite:<\/dt>\n<dd>252 mm<\/dd>\n<dt>Tiefe:<\/dt>\n<dd>218 mm<\/dd>\n<dt>H\u00f6he:<\/dt>\n<dd>1304 mm<\/dd>\n<dt>Gewicht:<\/dt>\n<dd>5,8 kg<\/dd>\n<dt>Staubsaugerb\u00fcrsten enthalten:<\/dt>\n<dd>Motorbetriebene B\u00fcrsten<\/dd>\n<dt>Polsterd\u00fcse enthalten:<\/dt>\n<dd>Ja<\/dd>\n<dt>Fugend\u00fcse:<\/dt>\n<dd>Ja<\/dd>\n<\/dl>\n<p>Bosch Unlimited Gen2 Serie | 8 BSS825MULT &#8211; Staubsauger &#8211; Stange kurz\/Handger\u00e4t (2-in-1) &#8211; beutellos &#8211; schnurlos &#8211; Grau &#8211; 1 Batterie, Ladeger\u00e4t enthalten<\/p><\/div>\n<p> , <\/p>\n<section class=\"paid-brand-link__wrapper rd-product-description__paid-brand-link\" aria-label=\"Weiter zu Informationen zum Bosch-Shop\" data-v-13f826b9=\"\"><a data-test=\"paid-brand-link\" class=\"paid-brand-link\" aria-label=\"Bosch-Marken-Shop\" href=\"https:\/\/www.kaufland.de\/m\/bosch\/~47237\/\" data-v-13f826b9=\"\"><\/p>\n<div class=\"manufacturer-logo paid-brand-link__logo\" data-v-13f826b9=\"\"><img decoding=\"async\" class=\"manufacturer-logo__image manufacturer-logo__image--paid-brand\" src=\"https:\/\/media.cdn.kaufland.de\/manufacturer\/154x154\/423f43b133a0544017c10b2d9f3cd88a.jpg\" alt=\"Bosch Logo\" aria-label=\"Zu weiteren Produkten von Bosch\"><\/div>\n<div class=\"paid-brand-link__text-wrapper\" data-v-13f826b9=\"\"><span data-v-13f826b9=\"\">Marken-Shop<\/span><span class=\"svg-icon paid-brand-link__icon\" aria-hidden=\"true\" data-v-13f826b9=\"\"><svg role=\"img\" class=\"svg-icon__icon\" focusable=\"false\" viewBox=\"0 0 22 22\" xmlns=\"http:\/\/www.w3.org\/2000\/svg\"><path d=\"m6.71 21.71-1.42-1.42 9.3-9.29-9.3-9.29L6.71.29 17.41 11 6.71 21.71Z\"><\/path><\/svg><\/span><\/div>\n<p><\/a><button class=\"rd-focus-outline paid-brand-link__sponsored-button\" type=\"button\" aria-label=\"Weitere Informationen zu: Warum wird mir diese Anzeige angezeigt?\" data-test=\"paid-brand-link-sponsored-button\" data-v-13f826b9=\"\"><!--[--><!--[--><!--]--><span class=\"rd-button__text\"><!--[--><\/p>\n<div class=\"paid-brand-link__sponsored-button-text-wrapper\" data-v-13f826b9=\"\"><span class=\"paid-brand-link__sponsored-button-text\" data-v-13f826b9=\"\">Gesponsert<\/span><span class=\"svg-icon paid-brand-link__sponsored-button-icon\" aria-hidden=\"true\" data-v-13f826b9=\"\"><svg role=\"img\" class=\"svg-icon__icon\" focusable=\"false\" viewBox=\"0 0 22 22\" xmlns=\"http:\/\/www.w3.org\/2000\/svg\"><path d=\"M11 0C8.82441 0 6.69767 0.645139 4.88873 1.85383C3.07979 3.06253 1.66989 4.78049 0.83733 6.79048C0.00476617 8.80047 -0.213071 11.0122 0.211367 13.146C0.635804 15.2798 1.68345 17.2398 3.22183 18.7782C4.76021 20.3166 6.72022 21.3642 8.85401 21.7886C10.9878 22.2131 13.1995 21.9952 15.2095 21.1627C17.2195 20.3301 18.9375 18.9202 20.1462 17.1113C21.3549 15.3023 22 13.1756 22 11C22 8.08262 20.8411 5.28473 18.7782 3.22183C16.7153 1.15893 13.9174 0 11 0V0ZM11 20C9.21997 20 7.47992 19.4722 5.99987 18.4832C4.51983 17.4943 3.36628 16.0887 2.68509 14.4442C2.0039 12.7996 1.82567 10.99 2.17294 9.24419C2.5202 7.49836 3.37737 5.89471 4.63604 4.63604C5.89472 3.37737 7.49836 2.5202 9.24419 2.17293C10.99 1.82567 12.7996 2.0039 14.4442 2.68508C16.0887 3.36627 17.4943 4.51983 18.4832 5.99987C19.4722 7.47991 20 9.21997 20 11C20 12.1819 19.7672 13.3522 19.3149 14.4442C18.8626 15.5361 18.1997 16.5282 17.364 17.364C16.5282 18.1997 15.5361 18.8626 14.4442 19.3149C13.3522 19.7672 12.1819 20 11 20Z\"><\/path><path d=\"M12 9H10V17H12V9Z\"><\/path><path d=\"M11 8C11.8284 8 12.5 7.32843 12.5 6.5C12.5 5.67157 11.8284 5 11 5C10.1716 5 9.5 5.67157 9.5 6.5C9.5 7.32843 10.1716 8 11 8Z\"><\/path><\/svg><\/span><\/div>\n<p><!--]--><\/span><!--]--><\/button><\/section>\n<p><!----><\/p>\n<section aria-label=\"Produktdaten\">\n<dl class=\"pdp-attribute-list\"><!--[--><\/p>\n<div class=\"pdp-attribute-list__item--single-row pdp-attribute-list__item\">\n<dt data-test=\"attribute-list-title\" class=\"pdp-attribute-list__title\">Farbe<\/dt>\n<dd class=\"pdp-attribute-list__values\" data-test=\"attribute-list-values\"><!--[--><\/p>\n<div data-test-item_text=\"Grau\" class=\"pdp-attribute-list__value\">\n<div class=\"pdp-attribute-list__item-text\">\n<div>Grau<\/div>\n<\/div>\n<\/div>\n<p><!--]--><\/dd>\n<\/div>\n<div class=\"pdp-attribute-list__item--single-row pdp-attribute-list__item\">\n<dt data-test=\"attribute-list-title\" class=\"pdp-attribute-list__title\">Gewicht<\/dt>\n<dd class=\"pdp-attribute-list__values\" data-test=\"attribute-list-values\"><!--[--><\/p>\n<div data-test-item_text=\"5.8 kg\" class=\"pdp-attribute-list__value\">\n<div class=\"pdp-attribute-list__item-text\">\n<div>5.8 kg<\/div>\n<\/div>\n<\/div>\n<p><!--]--><\/dd>\n<\/div>\n<div class=\"pdp-attribute-list__item--single-row pdp-attribute-list__item\">\n<dt data-test=\"attribute-list-title\" class=\"pdp-attribute-list__title\">L\u00e4nge<\/dt>\n<dd class=\"pdp-attribute-list__values\" data-test=\"attribute-list-values\"><!--[--><\/p>\n<div data-test-item_text=\"0.5 cm\" class=\"pdp-attribute-list__value\">\n<div class=\"pdp-attribute-list__item-text\">\n<div>0.5 cm<\/div>\n<\/div>\n<\/div>\n<p><!--]--><\/dd>\n<\/div>\n<div class=\"pdp-attribute-list__item--single-row pdp-attribute-list__item\">\n<dt data-test=\"attribute-list-title\" class=\"pdp-attribute-list__title\">Leistung<\/dt>\n<dd class=\"pdp-attribute-list__values\" data-test=\"attribute-list-values\"><!--[--><\/p>\n<div data-test-item_text=\"18 W\" class=\"pdp-attribute-list__value\">\n<div class=\"pdp-attribute-list__item-text\">\n<div>18 W<\/div>\n<\/div>\n<\/div>\n<p><!--]--><\/dd>\n<\/div>\n<div class=\"pdp-attribute-list__item--single-row pdp-attribute-list__item\">\n<dt data-test=\"attribute-list-title\" class=\"pdp-attribute-list__title\">H\u00f6he<\/dt>\n<dd class=\"pdp-attribute-list__values\" data-test=\"attribute-list-values\"><!--[--><\/p>\n<div data-test-item_text=\"0.5 cm\" class=\"pdp-attribute-list__value\">\n<div class=\"pdp-attribute-list__item-text\">\n<div>0.5 cm<\/div>\n<\/div>\n<\/div>\n<p><!--]--><\/dd>\n<\/div>\n<div class=\"pdp-attribute-list__item--single-row pdp-attribute-list__item\">\n<dt data-test=\"attribute-list-title\" class=\"pdp-attribute-list__title\">Breite<\/dt>\n<dd class=\"pdp-attribute-list__values\" data-test=\"attribute-list-values\"><!--[--><\/p>\n<div data-test-item_text=\"0.5 cm\" class=\"pdp-attribute-list__value\">\n<div class=\"pdp-attribute-list__item-text\">\n<div>0.5 cm<\/div>\n<\/div>\n<\/div>\n<p><!--]--><\/dd>\n<\/div>\n<div class=\"pdp-attribute-list__item--single-row pdp-attribute-list__item\">\n<dt data-test=\"attribute-list-title\" class=\"pdp-attribute-list__title\">Spannung<\/dt>\n<dd class=\"pdp-attribute-list__values\" data-test=\"attribute-list-values\"><!--[--><\/p>\n<div data-test-item_text=\"18000 mV\" class=\"pdp-attribute-list__value\">\n<div class=\"pdp-attribute-list__item-text\">\n<div>18000 mV<\/div>\n<\/div>\n<\/div>\n<p><!--]--><\/dd>\n<\/div>\n<div class=\"pdp-attribute-list__item--single-row pdp-attribute-list__item\">\n<dt data-test=\"attribute-list-title\" class=\"pdp-attribute-list__title\">Hersteller<\/dt>\n<dd class=\"pdp-attribute-list__values\" data-test=\"attribute-list-values\"><!--[--><\/p>\n<div data-test-item_text=\"Bosch\" class=\"pdp-attribute-list__value\"><a class=\"rd-link rd-link--primary pdp-attribute-list__link\" href=\"https:\/\/www.kaufland.de\/m\/bosch\/~47237\/\"><!--[--><!--]--><span class=\"rd-link__text\"><!--[--><\/p>\n<div><span>Bosch<\/span><\/div>\n<p><!--]--><\/span><!----><\/a><\/div>\n<p><!--]--><\/dd>\n<\/div>\n<div class=\"pdp-attribute-list__item--single-row pdp-attribute-list__item\">\n<dt data-test=\"attribute-list-title\" class=\"pdp-attribute-list__title\">Modell<\/dt>\n<dd class=\"pdp-attribute-list__values\" data-test=\"attribute-list-values\"><!--[--><\/p>\n<div data-test-item_text=\"BSS825MULT\" class=\"pdp-attribute-list__value\">\n<div class=\"pdp-attribute-list__item-text\">\n<div>BSS825MULT<\/div>\n<\/div>\n<\/div>\n<p><!--]--><\/dd>\n<\/div>\n<div class=\"pdp-attribute-list__item--single-row pdp-attribute-list__item\">\n<dt data-test=\"attribute-list-title\" class=\"pdp-attribute-list__title\">Staubsauger Ausstattung<\/dt>\n<dd class=\"pdp-attribute-list__values\" data-test=\"attribute-list-values\"><!--[--><\/p>\n<div data-test-item_text=\"Beutellos\" class=\"pdp-attribute-list__value\">\n<div class=\"pdp-attribute-list__item-text\">\n<div>Beutellos<\/div>\n<\/div>\n<\/div>\n<p><!--]--><\/dd>\n<\/div>\n<div class=\"pdp-attribute-list__item\">\n<dt data-test=\"attribute-list-title\" class=\"pdp-attribute-list__title\">Lieferumfang<\/dt>\n<dd class=\"pdp-attribute-list__values\" data-test=\"attribute-list-values\"><!--[--><\/p>\n<div data-test-item_text=\"Bosch BSS825MULT Akkustaubsauger, Bedienungsanleitung, 1 x Ladekabel, 1 x Schnellladeger\u00e4t, 1 x Austauschbarer Akkupack, 1 x Elektrische Minid\u00fcse, 1 x Ladestation, 1 x 2in1 M\u00f6belpinsel &amp; Polsterd\u00fcse, 1 x Zubeh\u00f6r-Clip Saugrohr, 1 x Lange flexible Fugend\u00fcse, 1 x Tastatur und Schubladen D\u00fcse, 1 x XXL-Polsterd\u00fcse mit Clip, 1 x Flexibles Verl\u00e4ngerungsrohr\" class=\"pdp-attribute-list__value\">\n<div class=\"pdp-attribute-list__item-text\">\n<div>Bosch BSS825MULT Akkustaubsauger, Bedienungsanleitung, 1 x Ladekabel, 1 x Schnellladeger\u00e4t, 1 x Austauschbarer Akkupack, 1 x Elektrische Minid\u00fcse, 1 x Ladestation, 1 x 2in1 M\u00f6belpinsel &amp; Polsterd\u00fcse, 1 x Zubeh\u00f6r-Clip Saugrohr, 1 x Lange flexible Fugend\u00fcse, 1 x Tastatur und Schubladen D\u00fcse, 1 x XXL-Polsterd\u00fcse mit Clip, 1 x Flexibles Verl\u00e4ngerungsrohr<\/div>\n<\/div>\n<\/div>\n<p><!--]--><\/dd>\n<\/div>\n<div class=\"pdp-attribute-list__item--single-row pdp-attribute-list__item\">\n<dt data-test=\"attribute-list-title\" class=\"pdp-attribute-list__title\">Ma\u00dfe<\/dt>\n<dd class=\"pdp-attribute-list__values\" data-test=\"attribute-list-values\"><!--[--><\/p>\n<div data-test-item_text=\"1304 x 252 x 218 mm\" class=\"pdp-attribute-list__value\">\n<div class=\"pdp-attribute-list__item-text\">\n<div>1304 x 252 x 218 mm<\/div>\n<\/div>\n<\/div>\n<p><!--]--><\/dd>\n<\/div>\n<div class=\"pdp-attribute-list__item--single-row pdp-attribute-list__item\">\n<dt data-test=\"attribute-list-title\" class=\"pdp-attribute-list__title\">EAN<\/dt>\n<dd class=\"pdp-attribute-list__values\" data-test=\"attribute-list-values\"><!--[--><\/p>\n<div data-test-item_text=\"4242005394654\" class=\"pdp-attribute-list__value\">\n<div class=\"pdp-attribute-list__item-text\">\n<div>4242005394654<\/div>\n<\/div>\n<\/div>\n<p><!--]--><\/dd>\n<\/div>\n<div class=\"pdp-attribute-list__item--single-row pdp-attribute-list__item\">\n<dt data-test=\"attribute-list-title\" class=\"pdp-attribute-list__title\">Herstellernummer<\/dt>\n<dd class=\"pdp-attribute-list__values\" data-test=\"attribute-list-values\"><!--[--><\/p>\n<div data-test-item_text=\"BSS825MULT\" class=\"pdp-attribute-list__value\">\n<div class=\"pdp-attribute-list__item-text\">\n<div>BSS825MULT<\/div>\n<\/div>\n<\/div>\n<p><!--]--><\/dd>\n<\/div>\n<p><!--]--><\/dl>\n<\/section>\n","protected":false},"excerpt":{"rendered":"<p>, <\/p>\n<dt data-test=\"attribute-list-title\" class=\"pdp-attribute-list__title\">Lieferumfang<\/dt>\n<dd class=\"pdp-attribute-list__values\" data-test=\"attribute-list-values\"><!--[--><\/p>\n<div data-test-item_text=\"Bosch BSS825MULT Akkustaubsauger, Bedienungsanleitung, 1 x Ladekabel, 1 x Schnellladeger\u00e4t, 1 x Austauschbarer Akkupack, 1 x Elektrische Minid\u00fcse, 1 x Ladestation, 1 x 2in1 M\u00f6belpinsel &amp; Polsterd\u00fcse, 1 x Zubeh\u00f6r-Clip Saugrohr, 1 x Lange flexible Fugend\u00fcse, 1 x Tastatur und Schubladen D\u00fcse, 1 x XXL-Polsterd\u00fcse mit Clip, 1 x Flexibles Verl\u00e4ngerungsrohr\" class=\"pdp-attribute-list__value\">\n<div class=\"pdp-attribute-list__item-text\">\n<div>Bosch BSS825MULT Akkustaubsauger, Bedienungsanleitung, 1 x Ladekabel, 1 x Schnellladeger\u00e4t, 1 x Austauschbarer Akkupack, 1 x Elektrische Minid\u00fcse, 1 x Ladestation, 1 x 2in1 M\u00f6belpinsel &amp; Polsterd\u00fcse, 1 x Zubeh\u00f6r-Clip Saugrohr, 1 x Lange flexible Fugend\u00fcse, 1 x Tastatur und Schubladen D\u00fcse, 1 x XXL-Polsterd\u00fcse mit Clip, 1 x Flexibles Verl\u00e4ngerungsrohr<\/div>\n<\/div>\n<\/div>\n<p><!--]--><\/dd>\n<p>, <\/p>\n<dt data-test=\"attribute-list-title\" class=\"pdp-attribute-list__title\">Breite<\/dt>\n<dd class=\"pdp-attribute-list__values\" data-test=\"attribute-list-values\"><!--[--><\/p>\n<div data-test-item_text=\"0.5 cm\" class=\"pdp-attribute-list__value\">\n<div class=\"pdp-attribute-list__item-text\">\n<div>0.5 cm<\/div>\n<\/div>\n<\/div>\n<p><!--]--><\/dd>\n","protected":false},"featured_media":58610,"comment_status":"open","ping_status":"closed","template":"","meta":{"_monsterinsights_skip_tracking":false,"_monsterinsights_sitenote_active":false,"_monsterinsights_sitenote_note":"","_monsterinsights_sitenote_category":0,"_uf_show_specific_survey":0,"_uf_disable_surveys":false},"product_brand":[],"product_cat":[518],"product_tag":[],"models":[],"years":[],"class_list":{"0":"post-48847","1":"product","2":"type-product","3":"status-publish","4":"has-post-thumbnail","6":"product_cat-haushaltskleingerate","8":"first","9":"instock","10":"sale","11":"featured","12":"shipping-taxable","13":"purchasable","14":"product-type-simple"},"aioseo_notices":[],"acf":[],"_links":{"self":[{"href":"https:\/\/amannforg.com\/de\/wp-json\/wp\/v2\/product\/48847","targetHints":{"allow":["GET"]}}],"collection":[{"href":"https:\/\/amannforg.com\/de\/wp-json\/wp\/v2\/product"}],"about":[{"href":"https:\/\/amannforg.com\/de\/wp-json\/wp\/v2\/types\/product"}],"replies":[{"embeddable":true,"href":"https:\/\/amannforg.com\/de\/wp-json\/wp\/v2\/comments?post=48847"}],"version-history":[{"count":1,"href":"https:\/\/amannforg.com\/de\/wp-json\/wp\/v2\/product\/48847\/revisions"}],"predecessor-version":[{"id":58620,"href":"https:\/\/amannforg.com\/de\/wp-json\/wp\/v2\/product\/48847\/revisions\/58620"}],"wp:featuredmedia":[{"embeddable":true,"href":"https:\/\/amannforg.com\/de\/wp-json\/wp\/v2\/media\/58610"}],"wp:attachment":[{"href":"https:\/\/amannforg.com\/de\/wp-json\/wp\/v2\/media?parent=48847"}],"wp:term":[{"taxonomy":"product_brand","embeddable":true,"href":"https:\/\/amannforg.com\/de\/wp-json\/wp\/v2\/product_brand?post=48847"},{"taxonomy":"product_cat","embeddable":true,"href":"https:\/\/amannforg.com\/de\/wp-json\/wp\/v2\/product_cat?post=48847"},{"taxonomy":"product_tag","embeddable":true,"href":"https:\/\/amannforg.com\/de\/wp-json\/wp\/v2\/product_tag?post=48847"},{"taxonomy":"models","embeddable":true,"href":"https:\/\/amannforg.com\/de\/wp-json\/wp\/v2\/models?post=48847"},{"taxonomy":"years","embeddable":true,"href":"https:\/\/amannforg.com\/de\/wp-json\/wp\/v2\/years?post=48847"}],"curies":[{"name":"wp","href":"https:\/\/api.w.org\/{rel}","templated":true}]}}