{"id":49320,"date":"2026-03-11T13:02:04","date_gmt":"2026-03-11T13:02:04","guid":{"rendered":"https:\/\/amannforg.com\/?post_type=product&#038;p=49320"},"modified":"2026-03-13T11:19:33","modified_gmt":"2026-03-13T11:19:33","slug":"ecovacs-deebot-t30-omni-schwarz-saugroboter-truemapping-2-0-truedetect-3d","status":"publish","type":"product","link":"https:\/\/amannforg.com\/de\/produkt\/ecovacs-deebot-t30-omni-schwarz-saugroboter-truemapping-2-0-truedetect-3d\/","title":{"rendered":"ECOVACS DEEBOT T30 OMNI schwarz | Saugroboter | TrueMapping 2.0 | TrueDetect 3D"},"content":{"rendered":"<div>\n<ul>\n<li>Produkttypen: Saugroboter, Wischroboter<\/li>\n<li>geeignet f\u00fcr: Hartboden, Teppichboden<\/li>\n<li>Farbe: schwarz<\/li>\n<li>Betriebszeit: 170 Min.<\/li>\n<li>Beh\u00e4ltervolumen: 3 Liter<\/li>\n<li>Saugtechnologie: beutellos, gefilterte Partikel, Feinstaub<\/li>\n<li>Ausstattung: Entleerungsstation<\/li>\n<li>Reinigungsmodi: Schwelle, Kanten, Ecken<\/li>\n<li>Funktionen: Selbstreinigung, Wischfunktion<\/li>\n<li>Anzeigen: Ladekontrollleuchte, Filterwechselanzeige<\/li>\n<li>enthaltene B\u00fcrsten: Gummib\u00fcrste, Elektrob\u00fcrste<\/li>\n<li>Smart Home: mit App-Steuerung, WLAN<\/li>\n<li>unterst\u00fctzte App: Ecovacs Home<\/li>\n<li>Daten\u00fcbertragung: WiFi<\/li>\n<li>Stromversorgung: Akkubetrieb<\/li>\n<li>Akkuart: Lithium-Ionen<\/li>\n<li>Raumerkennung: Laser<\/li>\n<li>Komforteigenschaften: App-steuerbar<\/li>\n<li>max. Reinigungsfl\u00e4che: 446 m\u00b2<\/li>\n<li>geeignet f\u00fcr: Haare, Fl\u00fcssigkeiten, Schmutz, Staub, Flecken, Ger\u00fcche<\/li>\n<li>Saugroboter Reinigungsmethode: trocken, nass<\/li>\n<\/ul>\n<p>Die T30 OMNI-Station ist eine platzsparende L\u00f6sung, denn sie misst nur 409x490x480mm. Das kompakte Design erm\u00f6glicht eine einfache Installation, sogar in engen R\u00e4umen und auch der Wassertank bleibt stets zug\u00e4nglich. Fortgeschrittene Technik minimiert Ger\u00e4usche und sorgt f\u00fcr eine ruhige Nutzererfahrung. Die Station f\u00fchrt selbstst\u00e4ndig Funktionen wie Entleerung, Reinigung, Trocknung und Bef\u00fcllung des Saugroboters aus und erm\u00f6glicht eine komfortable Nutzung ohne Kontakt mit Schmutz oder Staub. Der DEEBOT T30 OMNI Roboter-Staubsauger nutzt die TruEdg Adaptive Edge Mopping Technologie, um eine gr\u00fcndliche Reinigung entlang an Kanten und in Ecken durchzuf\u00fchren. Mit einem 1-mm-Proximity-Sensor und automatischer Hindernisvermeidung navigiert der Roboter intelligent um Hindernisse herum und sorgt so f\u00fcr eine effiziente Reinigungsleistung. Dar\u00fcber hinaus ist er sehr robust gebaut. Der DEEBOT T30 OMNI-Roboter-Staubsauger nutzt die exklusive ZeroTangl-Technologie gegen Haaraufwickeln und erm\u00f6glicht somit einen sehr zuverl\u00e4ssigen Betrieb. Das Design mit Doppelkamm und anti-statischer Hauptb\u00fcrste verhindert effektiv das Verheddern von Haaren an der Hauptb\u00fcrste. Die sehr hohe Saugkraft sorgt f\u00fcr eine gr\u00fcndliche Bodenreinigung auf professionellen Level. Das neue leistungsstarke HyperForce-Saugsystem wurde auf 11.000 Pa aufger\u00fcstet und ist dadurch hoch effizient bei der Entfernung von Schmutz und Staub insbesondere auf Teppichen und Hartb\u00f6den. Der Wischmopp kann um 9 mm angehoben werden, um eine nachgelagerte Verschmutzung zu vermeiden. Die Station ist leicht zu reinigen, indem die beiden seitlichen Kn\u00f6pfe am unteren Rand gedr\u00fcckt werden, um die Wischwasserschale und das gesamte Geh\u00e4use zu reinigen. Das nahtlose Design verhindert R\u00fcckst\u00e4nde in unzug\u00e4nglichen Bereichen.<\/p>\n<p><strong>Akku:<\/strong>1x Akku (14.4V, 5.2Ah, Li-Ionen)<br \/><strong>Farbe:<\/strong> schwarz<br \/><strong>Saugleistung:<\/strong>11000Pa<br \/><strong>Fassungsverm\u00f6gen:<\/strong>300ml Staub, 55ml Frischwasser<br \/><strong>Empfohlene Raumgr\u00f6\u00dfe:<\/strong>bis 100m\u00b2<br \/><strong>Reinigungsmodi:<\/strong>Saugen, Saugen &amp; Wischen<br \/><strong>Navigation:<\/strong>Absturzsensor, Schmutzsensor, Wandlaufsensor, Lasersensor, Hinderniserkennung, Hindernis\u00fcberwindung (bis 20mm), Teppicherkennung (Wischaufsatz-Hebefunktion bis 9mm)<br \/><strong>Filterung:<\/strong> ja<br \/><strong>Besonderheiten:<\/strong>1x Bodenb\u00fcrste, 1x Seitenb\u00fcrste, 2x Wischaufsatz (Mikrofaser-Pad)<br \/><strong>Smart Home:<\/strong>App-Steuerung (Wi-Fi (WLAN), Bluetooth), Sprachassistent<br \/><strong>Betriebsdauer:<\/strong> 200min<br \/><strong>Ladedauer:<\/strong>6h<br \/><strong>Ladesystem:<\/strong> automatisch<br \/><strong>Abmessungen:<\/strong>353x104mm (\u00d8xH)<br \/><strong>Lieferumfang:<\/strong> Station, Seitenb\u00fcrste, 2x Wischpad, 2x Wischaufsatz, Reinigungswerkzeug, Filter<br \/><strong>Farbe Station:<\/strong> wei\u00df, silber<br \/><strong>Besonderheiten Station:<\/strong>automatische Ladefunktion, automatische Nachf\u00fcllfunktion, automatische Staubentladung, automatische Reinigungsfunktion (mit Warmwasser), automatische Trocknungsfunktion (mit Hei\u00dfluft)<br \/><strong>Abmessungen Station:<\/strong>409x480x490mm (BxHxT)<\/p>\n<dl>\n<dt>Staubbeh\u00e4lter Typ:<\/dt>\n<dd>Beutellos<\/dd>\n<dt>Produktfarbe:<\/dt>\n<dd>Schwarz<\/dd>\n<dt>Form:<\/dt>\n<dd>Rund<\/dd>\n<dt>Eingebautes Display:<\/dt>\n<dd>Ja<\/dd>\n<dt>Display-Typ:<\/dt>\n<dd>LCD<\/dd>\n<dt>Fernbedienung:<\/dt>\n<dd>Ja<\/dd>\n<dt>Sto\u00dfstangenschutz:<\/dt>\n<dd>Ja<\/dd>\n<dt>Nasswischen:<\/dt>\n<dd>Ja<\/dd>\n<dt>Staubkapazit\u00e4t (gesamt):<\/dt>\n<dd>0,3 l<\/dd>\n<dt>Automatische R\u00fcckkehr zur Basisstation:<\/dt>\n<dd>Ja<\/dd>\n<dt>Ger\u00e4uschpegel:<\/dt>\n<dd>67 dB<\/dd>\n<dt>Fassungsverm\u00f6gen Wassertank:<\/dt>\n<dd>0,055 l<\/dd>\n<dt>Funktionen der Basisstation:<\/dt>\n<dd>Ladend<\/dd>\n<dt>B\u00fcrstentyp:<\/dt>\n<dd>Walzenb\u00fcrste &amp; Seitenb\u00fcrste<\/dd>\n<dt>Integrierte Sensoren:<\/dt>\n<dd>Infrarotsensor<\/dd>\n<dt>Timer:<\/dt>\n<dd>Ja<\/dd>\n<dt>Einfach zu s\u00e4ubern:<\/dt>\n<dd>Ja<\/dd>\n<dt>Kantenerkennung:<\/dt>\n<dd>Ja<\/dd>\n<dt>Waschbarer Filter:<\/dt>\n<dd>Ja<\/dd>\n<dt>Akku-\/Batterietechnologie:<\/dt>\n<dd>Lithium-Ion (Li-Ion)<\/dd>\n<dt>Akku-\/Batteriekapazit\u00e4t:<\/dt>\n<dd>5200 mAh<\/dd>\n<dt>Laufzeit:<\/dt>\n<dd>200 min<\/dd>\n<dt>Akku-\/Batteriespannung:<\/dt>\n<dd>14,4 V<\/dd>\n<dt>Ladezeit:<\/dt>\n<dd>3,1 h<\/dd>\n<dt>Stromverbrauch (Standardbetrieb):<\/dt>\n<dd>60 W<\/dd>\n<dt>H\u00f6he:<\/dt>\n<dd>99 mm<\/dd>\n<dt>Breite:<\/dt>\n<dd>353 mm<\/dd>\n<dt>Tiefe:<\/dt>\n<dd>351 mm<\/dd>\n<dt>Gewicht:<\/dt>\n<dd>4,1 kg<\/dd>\n<dt>Basisstation Abmessungen (B x T x H):<\/dt>\n<dd>409 x 490 x 480 mm<\/dd>\n<dt>Verpackungsbreite:<\/dt>\n<dd>760 mm<\/dd>\n<dt>Verpackungstiefe:<\/dt>\n<dd>460 mm<\/dd>\n<dt>Verpackungsh\u00f6he:<\/dt>\n<dd>437 mm<\/dd>\n<dt>Paketgewicht:<\/dt>\n<dd>18 kg<\/dd>\n<dt>Benutzerhandbuch:<\/dt>\n<dd>Ja<\/dd>\n<dt>Reinigungstuch:<\/dt>\n<dd>Ja<\/dd>\n<dt>Basisstation:<\/dt>\n<dd>Ja<\/dd>\n<dt>Saugleistung:<\/dt>\n<dd>11000 Pascal<\/dd>\n<dt><\/dt>\n<dd>2 Jahr(e)<\/dd>\n<\/dl>\n<p>Der DEEBOT T30 OMNI von ECOVACS ist ein revolution\u00e4rer Staubsaugerroboter, der mit seiner Omni-Rad-Technologie m\u00fchelos Hindernisse \u00fcberwindet und in jedem Raum reibungslos navigiert. Dank seiner intelligenten Navigation reinigt er effizient und gr\u00fcndlich alle Arten von B\u00f6den. Mit einer Saugleistung von 11000 Pa und der TruEdge-Technologie sorgt er f\u00fcr eine zuverl\u00e4ssige Reinigung ohne Haarverwicklungen. Die OMNI-Station reinigt den Mopp automatisch mit hei\u00dfem Wasser und sorgt so f\u00fcr maximale Hygiene. Mit einer Laufzeit von 200 Minuten und der F\u00e4higkeit, Schwellen von bis zu 20 mm zu \u00fcberwinden, ist der DEEBOT T30 OMNI ein unverzichtbarer Helfer f\u00fcr ein sauberes Zuhause.<\/p>\n<p>ECOVACS DEEBOT T30 OMNI Schwarz Saug-Wisch-Roboter mit Reinigungsstation<\/p>\n<p>ECOVACS DEEBOT T30 OMNI DDX11 &#8211; Staubsauger &#8211; Roboterstaubsauger &#8211; beutellos &#8211; Schwarz<\/p><\/div>\n<p> , <!----><!----><\/p>\n<section aria-label=\"Produktdaten\">\n<dl class=\"pdp-attribute-list\"><!--[--><\/p>\n<div class=\"pdp-attribute-list__item--single-row pdp-attribute-list__item\">\n<dt data-test=\"attribute-list-title\" class=\"pdp-attribute-list__title\">Modell<\/dt>\n<dd class=\"pdp-attribute-list__values\" data-test=\"attribute-list-values\"><!--[--><\/p>\n<div data-test-item_text=\"Ecovacs Deebot T30 Omni Saug-\/Wischroboter\" class=\"pdp-attribute-list__value\">\n<div class=\"pdp-attribute-list__item-text\">\n<div>Ecovacs Deebot T30 Omni Saug-\/Wischroboter<\/div>\n<\/div>\n<\/div>\n<p><!--]--><\/dd>\n<\/div>\n<div class=\"pdp-attribute-list__item--single-row pdp-attribute-list__item\">\n<dt data-test=\"attribute-list-title\" class=\"pdp-attribute-list__title\">Wischfunktion<\/dt>\n<dd class=\"pdp-attribute-list__values\" data-test=\"attribute-list-values\"><!--[--><\/p>\n<div data-test-item_text=\"Ja\" class=\"pdp-attribute-list__value\">\n<div class=\"pdp-attribute-list__item-text\">\n<div>Ja<\/div>\n<\/div>\n<\/div>\n<p><!--]--><\/dd>\n<\/div>\n<div class=\"pdp-attribute-list__item--single-row pdp-attribute-list__item\">\n<dt data-test=\"attribute-list-title\" class=\"pdp-attribute-list__title\">Staubsauger Ausstattung<\/dt>\n<dd class=\"pdp-attribute-list__values\" data-test=\"attribute-list-values\"><!--[--><\/p>\n<div data-test-item_text=\"Beutellos\" class=\"pdp-attribute-list__value\">\n<div class=\"pdp-attribute-list__item-text\">\n<div>Beutellos<\/div>\n<\/div>\n<\/div>\n<p><!--]--><\/dd>\n<\/div>\n<div class=\"pdp-attribute-list__item--single-row pdp-attribute-list__item\">\n<dt data-test=\"attribute-list-title\" class=\"pdp-attribute-list__title\">Lieferumfang<\/dt>\n<dd class=\"pdp-attribute-list__values\" data-test=\"attribute-list-values\"><!--[--><\/p>\n<div data-test-item_text=\"Station, Seitenb\u00fcrste, Wischpad, Wischaufsatz, Reinigungswerkzeug\" class=\"pdp-attribute-list__value\">\n<div class=\"pdp-attribute-list__item-text\">\n<div>Station, Seitenb\u00fcrste, Wischpad, Wischaufsatz, Reinigungswerkzeug<\/div>\n<\/div>\n<\/div>\n<p><!--]--><\/dd>\n<\/div>\n<div class=\"pdp-attribute-list__item--single-row pdp-attribute-list__item\">\n<dt data-test=\"attribute-list-title\" class=\"pdp-attribute-list__title\">Breite<\/dt>\n<dd class=\"pdp-attribute-list__values\" data-test=\"attribute-list-values\"><!--[--><\/p>\n<div data-test-item_text=\"40.9 cm\" class=\"pdp-attribute-list__value\">\n<div class=\"pdp-attribute-list__item-text\">\n<div>40.9 cm<\/div>\n<\/div>\n<\/div>\n<p><!--]--><\/dd>\n<\/div>\n<div class=\"pdp-attribute-list__item--single-row pdp-attribute-list__item\">\n<dt data-test=\"attribute-list-title\" class=\"pdp-attribute-list__title\">L\u00e4nge<\/dt>\n<dd class=\"pdp-attribute-list__values\" data-test=\"attribute-list-values\"><!--[--><\/p>\n<div data-test-item_text=\"49 cm\" class=\"pdp-attribute-list__value\">\n<div class=\"pdp-attribute-list__item-text\">\n<div>49 cm<\/div>\n<\/div>\n<\/div>\n<p><!--]--><\/dd>\n<\/div>\n<div class=\"pdp-attribute-list__item--single-row pdp-attribute-list__item\">\n<dt data-test=\"attribute-list-title\" class=\"pdp-attribute-list__title\">Leistung<\/dt>\n<dd class=\"pdp-attribute-list__values\" data-test=\"attribute-list-values\"><!--[--><\/p>\n<div data-test-item_text=\"60 W\" class=\"pdp-attribute-list__value\">\n<div class=\"pdp-attribute-list__item-text\">\n<div>60 W<\/div>\n<\/div>\n<\/div>\n<p><!--]--><\/dd>\n<\/div>\n<div class=\"pdp-attribute-list__item--single-row pdp-attribute-list__item\">\n<dt data-test=\"attribute-list-title\" class=\"pdp-attribute-list__title\">Spannung<\/dt>\n<dd class=\"pdp-attribute-list__values\" data-test=\"attribute-list-values\"><!--[--><\/p>\n<div data-test-item_text=\"14400 mV\" class=\"pdp-attribute-list__value\">\n<div class=\"pdp-attribute-list__item-text\">\n<div>14400 mV<\/div>\n<\/div>\n<\/div>\n<p><!--]--><\/dd>\n<\/div>\n<div class=\"pdp-attribute-list__item--single-row pdp-attribute-list__item\">\n<dt data-test=\"attribute-list-title\" class=\"pdp-attribute-list__title\">Hersteller<\/dt>\n<dd class=\"pdp-attribute-list__values\" data-test=\"attribute-list-values\"><!--[--><\/p>\n<div data-test-item_text=\"Ecovacs\" class=\"pdp-attribute-list__value\"><a class=\"rd-link rd-link--primary pdp-attribute-list__link\" href=\"https:\/\/www.kaufland.de\/m\/ecovacs\/~791445\/\"><!--[--><!--]--><span class=\"rd-link__text\"><!--[--><\/p>\n<div><span>Ecovacs<\/span><\/div>\n<p><!--]--><\/span><!----><\/a><\/div>\n<p><!--]--><\/dd>\n<\/div>\n<div class=\"pdp-attribute-list__item--single-row pdp-attribute-list__item\">\n<dt data-test=\"attribute-list-title\" class=\"pdp-attribute-list__title\">Fassungsvolumen<\/dt>\n<dd class=\"pdp-attribute-list__values\" data-test=\"attribute-list-values\"><!--[--><\/p>\n<div data-test-item_text=\"0.055 l\" class=\"pdp-attribute-list__value\">\n<div class=\"pdp-attribute-list__item-text\">\n<div>0.055 l<\/div>\n<\/div>\n<\/div>\n<p><!--]--><\/dd>\n<\/div>\n<div class=\"pdp-attribute-list__item--single-row pdp-attribute-list__item\">\n<dt data-test=\"attribute-list-title\" class=\"pdp-attribute-list__title\">Fassungsverm\u00f6gen des Wassertanks<\/dt>\n<dd class=\"pdp-attribute-list__values\" data-test=\"attribute-list-values\"><!--[--><\/p>\n<div data-test-item_text=\"0.055 l\" class=\"pdp-attribute-list__value\">\n<div class=\"pdp-attribute-list__item-text\">\n<div>0.055 l<\/div>\n<\/div>\n<\/div>\n<p><!--]--><\/dd>\n<\/div>\n<div class=\"pdp-attribute-list__item--single-row pdp-attribute-list__item\">\n<dt data-test=\"attribute-list-title\" class=\"pdp-attribute-list__title\">H\u00f6he<\/dt>\n<dd class=\"pdp-attribute-list__values\" data-test=\"attribute-list-values\"><!--[--><\/p>\n<div data-test-item_text=\"48 cm\" class=\"pdp-attribute-list__value\">\n<div class=\"pdp-attribute-list__item-text\">\n<div>48 cm<\/div>\n<\/div>\n<\/div>\n<p><!--]--><\/dd>\n<\/div>\n<div class=\"pdp-attribute-list__item--single-row pdp-attribute-list__item\">\n<dt data-test=\"attribute-list-title\" class=\"pdp-attribute-list__title\">Smart Home kompatibel<\/dt>\n<dd class=\"pdp-attribute-list__values\" data-test=\"attribute-list-values\"><!--[--><\/p>\n<div data-test-item_text=\"Ja\" class=\"pdp-attribute-list__value\"><a class=\"rd-link rd-link--primary pdp-attribute-list__link\" href=\"https:\/\/www.kaufland.de\/c\/staubsauger-roboter\/smart-home\/~32011\/ref-3488=t\/\"><!--[--><!--]--><span class=\"rd-link__text\"><!--[--><\/p>\n<div><span>Ja<\/span><\/div>\n<p><!--]--><\/span><!----><\/a><\/div>\n<p><!--]--><\/dd>\n<\/div>\n<div class=\"pdp-attribute-list__item--single-row pdp-attribute-list__item\">\n<dt data-test=\"attribute-list-title\" class=\"pdp-attribute-list__title\">Ma\u00dfe<\/dt>\n<dd class=\"pdp-attribute-list__values\" data-test=\"attribute-list-values\"><!--[--><\/p>\n<div data-test-item_text=\"353x104mm (\u00d8xH)\" class=\"pdp-attribute-list__value\">\n<div class=\"pdp-attribute-list__item-text\">\n<div>353x104mm (\u00d8xH)<\/div>\n<\/div>\n<\/div>\n<p><!--]--><\/dd>\n<\/div>\n<div class=\"pdp-attribute-list__item--single-row pdp-attribute-list__item\">\n<dt data-test=\"attribute-list-title\" class=\"pdp-attribute-list__title\">Gewicht<\/dt>\n<dd class=\"pdp-attribute-list__values\" data-test=\"attribute-list-values\"><!--[--><\/p>\n<div data-test-item_text=\"4.1 kg\" class=\"pdp-attribute-list__value\">\n<div class=\"pdp-attribute-list__item-text\">\n<div>4.1 kg<\/div>\n<\/div>\n<\/div>\n<p><!--]--><\/dd>\n<\/div>\n<div class=\"pdp-attribute-list__item--single-row pdp-attribute-list__item\">\n<dt data-test=\"attribute-list-title\" class=\"pdp-attribute-list__title\">Farbe<\/dt>\n<dd class=\"pdp-attribute-list__values\" data-test=\"attribute-list-values\"><!--[--><\/p>\n<div data-test-item_text=\"Schwarz\" class=\"pdp-attribute-list__value\">\n<div class=\"pdp-attribute-list__item-text\">\n<div>Schwarz<\/div>\n<\/div>\n<\/div>\n<p><!--]--><\/dd>\n<\/div>\n<div class=\"pdp-attribute-list__item--single-row pdp-attribute-list__item\">\n<dt data-test=\"attribute-list-title\" class=\"pdp-attribute-list__title\">EAN<\/dt>\n<dd class=\"pdp-attribute-list__values\" data-test=\"attribute-list-values\"><!--[--><\/p>\n<div data-test-item_text=\"6970135031580\" class=\"pdp-attribute-list__value\">\n<div class=\"pdp-attribute-list__item-text\">\n<div>6970135031580<\/div>\n<\/div>\n<\/div>\n<p><!--]--><\/dd>\n<\/div>\n<div class=\"pdp-attribute-list__item--single-row pdp-attribute-list__item\">\n<dt data-test=\"attribute-list-title\" class=\"pdp-attribute-list__title\">Herstellernummer<\/dt>\n<dd class=\"pdp-attribute-list__values\" data-test=\"attribute-list-values\"><!--[--><\/p>\n<div data-test-item_text=\"DT30OMNI\" class=\"pdp-attribute-list__value\">\n<div class=\"pdp-attribute-list__item-text\">\n<div>DT30OMNI<\/div>\n<\/div>\n<\/div>\n<p><!--]--><\/dd>\n<\/div>\n<p><!--]--><\/dl>\n<\/section>\n","protected":false},"excerpt":{"rendered":"<dt data-test=\"attribute-list-title\" class=\"pdp-attribute-list__title\">Farbe<\/dt>\n<dd class=\"pdp-attribute-list__values\" data-test=\"attribute-list-values\"><!--[--><\/p>\n<div data-test-item_text=\"Schwarz\" class=\"pdp-attribute-list__value\">\n<div class=\"pdp-attribute-list__item-text\">\n<div>Schwarz<\/div>\n<\/div>\n<\/div>\n<p><!--]--><\/dd>\n<p>, <\/p>\n<dt data-test=\"attribute-list-title\" class=\"pdp-attribute-list__title\">Fassungsverm\u00f6gen des Wassertanks<\/dt>\n<dd class=\"pdp-attribute-list__values\" data-test=\"attribute-list-values\"><!--[--><\/p>\n<div data-test-item_text=\"0.055 l\" class=\"pdp-attribute-list__value\">\n<div class=\"pdp-attribute-list__item-text\">\n<div>0.055 l<\/div>\n<\/div>\n<\/div>\n<p><!--]--><\/dd>\n<p>, <\/p>\n<dt data-test=\"attribute-list-title\" class=\"pdp-attribute-list__title\">L\u00e4nge<\/dt>\n<dd class=\"pdp-attribute-list__values\" data-test=\"attribute-list-values\"><!--[--><\/p>\n<div data-test-item_text=\"49 cm\" class=\"pdp-attribute-list__value\">\n<div class=\"pdp-attribute-list__item-text\">\n<div>49 cm<\/div>\n<\/div>\n<\/div>\n<p><!--]--><\/dd>\n","protected":false},"featured_media":58632,"comment_status":"open","ping_status":"closed","template":"","meta":{"_monsterinsights_skip_tracking":false,"_monsterinsights_sitenote_active":false,"_monsterinsights_sitenote_note":"","_monsterinsights_sitenote_category":0,"_uf_show_specific_survey":0,"_uf_disable_surveys":false},"product_brand":[],"product_cat":[518],"product_tag":[],"models":[],"years":[],"class_list":{"0":"post-49320","1":"product","2":"type-product","3":"status-publish","4":"has-post-thumbnail","6":"product_cat-haushaltskleingerate","8":"first","9":"instock","10":"sale","11":"featured","12":"shipping-taxable","13":"purchasable","14":"product-type-simple"},"aioseo_notices":[],"acf":[],"_links":{"self":[{"href":"https:\/\/amannforg.com\/de\/wp-json\/wp\/v2\/product\/49320","targetHints":{"allow":["GET"]}}],"collection":[{"href":"https:\/\/amannforg.com\/de\/wp-json\/wp\/v2\/product"}],"about":[{"href":"https:\/\/amannforg.com\/de\/wp-json\/wp\/v2\/types\/product"}],"replies":[{"embeddable":true,"href":"https:\/\/amannforg.com\/de\/wp-json\/wp\/v2\/comments?post=49320"}],"version-history":[{"count":1,"href":"https:\/\/amannforg.com\/de\/wp-json\/wp\/v2\/product\/49320\/revisions"}],"predecessor-version":[{"id":58642,"href":"https:\/\/amannforg.com\/de\/wp-json\/wp\/v2\/product\/49320\/revisions\/58642"}],"wp:featuredmedia":[{"embeddable":true,"href":"https:\/\/amannforg.com\/de\/wp-json\/wp\/v2\/media\/58632"}],"wp:attachment":[{"href":"https:\/\/amannforg.com\/de\/wp-json\/wp\/v2\/media?parent=49320"}],"wp:term":[{"taxonomy":"product_brand","embeddable":true,"href":"https:\/\/amannforg.com\/de\/wp-json\/wp\/v2\/product_brand?post=49320"},{"taxonomy":"product_cat","embeddable":true,"href":"https:\/\/amannforg.com\/de\/wp-json\/wp\/v2\/product_cat?post=49320"},{"taxonomy":"product_tag","embeddable":true,"href":"https:\/\/amannforg.com\/de\/wp-json\/wp\/v2\/product_tag?post=49320"},{"taxonomy":"models","embeddable":true,"href":"https:\/\/amannforg.com\/de\/wp-json\/wp\/v2\/models?post=49320"},{"taxonomy":"years","embeddable":true,"href":"https:\/\/amannforg.com\/de\/wp-json\/wp\/v2\/years?post=49320"}],"curies":[{"name":"wp","href":"https:\/\/api.w.org\/{rel}","templated":true}]}}