{"id":49457,"date":"2026-03-11T13:04:36","date_gmt":"2026-03-11T13:04:36","guid":{"rendered":"https:\/\/amannforg.com\/?post_type=product&#038;p=49457"},"modified":"2026-03-13T12:00:23","modified_gmt":"2026-03-13T12:00:23","slug":"roborock-dyad-akku-nass-trockensauger-weiss","status":"publish","type":"product","link":"https:\/\/amannforg.com\/de\/produkt\/roborock-dyad-akku-nass-trockensauger-weiss\/","title":{"rendered":"Roborock Dyad Akku &#8211; Nass-\/Trockensauger wei\u00df"},"content":{"rendered":"<div>\n<div>\n<div><b>Wet &amp; Dry Sauger Next Level Reinigung<\/b><\/div>\n<div>Steinb\u00f6den, Fliesen, Hartholz- oder Laminatb\u00f6den, Saugen und Wischen in nur einem Arbeitsgang. Der Roborock DYAD erkennt nasse oder trockene Verschmutzungen automatisch und stimmt die Saugleistung und den Wasserfluss f\u00fcr eine optimale Reinigung ab. Wischen Sie versch\u00fcttetes mit einem Wisch auf und hinterlassen Sie einen streifenfreien, sauberen Boden. Kabellos und Leistungsstark mit 3 Walzen! Die selbstst\u00e4ndige Selbstreinigungsfunktion schubbt die Rollen und sp\u00fclt die Wasserleitungen, so dass Sie sich Ihre H\u00e4nde nicht mehr schmutzig machen m\u00fcssen.<\/div>\n<div><\/div>\n<div>\n<ul>\n<li>80\u00b0 Grad flexible Rotation des B\u00fcrstenkopfes<\/li>\n<li>Doppelte Walzenb\u00fcrsten<\/li>\n<li>LED Display und Sprachmeldefunktion<\/li>\n<li>Herausragende Saugleistung von 13.000Pa und 3 verschiedene Reinigungsmodi<\/li>\n<li>Staubsauger und Mopp in einem<\/li>\n<li>Selbstreinigung der B\u00fcrsten<\/li>\n<li>Automatische Anpassung der Saugintensit\u00e4t und<\/li>\n<li>Wassermenge im Auto-Mode<\/li>\n<\/ul>\n<\/div>\n<\/div>\n<div>\n<p>Lieferumfang<\/p>\n<ul>\n<li>Roborock R300001 Dyad &#8211; Akku-Nass-\/Trockensauger &#8211; wei\u00df<\/li>\n<\/ul>\n<\/div>\n<div>\n<ul>\n<li>13000Pa starke Saugkraft und 73860 hohe Geschwindigkeit zum Wischen und Schrubben aller Hartb\u00f6den mit den Vorteilen einer langen Lebensdauer, geringer Ger\u00e4uschentwicklung<\/li>\n<li>Einzigartige Doppelb\u00fcrste,Selbst hartn\u00e4ckige Flecken lassen sich schnell entfernen,eine bahnbrechende L\u00f6sung f\u00fcr das Problem der Wasserflecken.<\/li>\n<li>Intelligenter Infrarotsensor,der den Verschmutzungsgrad der Walzenb\u00fcrste in Echtzeit erfasst und automatisch die passende Saugleistung und Wassermenge einstellt(nur im Auto-Modus)<\/li>\n<li>Mit 5000mAh Leistung Lithium-Batterie, kann die Lebensdauer der Batterie bis zu 35min<\/li>\n<li>W\u00e4hrend Sie Ihre B\u00f6den reinigen,reinigen sich Ihre B\u00fcrsten von selbst.<\/li>\n<\/ul>\n<h3><strong>Details<\/strong><\/h3>\n<p>TOP-FEATURE<\/p>\n<p><strong>Top-Features<\/strong><\/p>\n<p>3-in-1-Staubsauger zum Saugen, Schrubben und Wischen des Bodens<\/p>\n<p>ALLGEMEIN<\/p>\n<p><strong>Weitere Vorteile<\/strong><\/p>\n<p>Der Filter im Schmutzwassertank kann Grob- und Feinschmutz zur einfachen Reinigung trennen<br \/>\n35 Minuten Akkulaufzeit<br \/>\nEinzigartiges 3-in-1-Design<br \/>\nIntelligente Schmutzerkennung<br \/>\nReinigung eines gro\u00dfen Hauses von 280 m\u00b2 mit einer einzigen Ladung<\/p>\n<p>HANDHABUNG &amp; KOMFORT<\/p>\n<p><strong>Art des Staubfangbeh\u00e4lters<\/strong><\/p>\n<p>Wassertank und Vakuum integriert<\/p>\n<p><strong>Art der Bedienung<\/strong><\/p>\n<p>Ber\u00fchrungssteuerung<br \/>\nTaste<\/p>\n<p><strong>Displaytechnologie<\/strong><\/p>\n<p>LED<\/p>\n<p><strong>Abstellm\u00f6glichkeiten<\/strong><\/p>\n<p>Base<\/p>\n<p><strong>Detail Schlauchanschluss<\/strong><\/p>\n<p>Um 180\u00b0 drehbar<\/p>\n<p><strong>Art des Saugrohrs<\/strong><\/p>\n<p>flexibles Rohr<\/p>\n<p><strong>Eigenschaften der Bodend\u00fcse<\/strong><\/p>\n<p>Um 180\u00b0 drehbar<\/p>\n<p><strong>Anwendungsgebiet Bodend\u00fcse<\/strong><\/p>\n<p>Keramikfliesen<br \/>\nParkettb\u00f6den<br \/>\nLaminatboden<\/p>\n<p><strong>Eigenschaften der B\u00fcrste<\/strong><\/p>\n<p>Antistatisch<br \/>\nVlies-Kopfh\u00f6henverstellung<\/p>\n<p><strong>Anwendungsgebiet B\u00fcrste<\/strong><\/p>\n<p>Keramikfliesen<br \/>\nParkettb\u00f6den<\/p>\n<p><strong>Eigenschaften der B\u00fcrstenwalze<\/strong><\/p>\n<p>Selbstreinigend<\/p>\n<p><strong>Anwendungsgebiet B\u00fcrstenwalze<\/strong><\/p>\n<p>Parkettb\u00f6den<br \/>\nFliesenboden<\/p>\n<p><strong>Anzahl Rollen am Ger\u00e4t<\/strong><\/p>\n<p>2<\/p>\n<p><strong>Art der Rollen<\/strong><\/p>\n<p>Lenkrollen<\/p>\n<p><strong>Art der Zubeh\u00f6raufbewahrung<\/strong><\/p>\n<p>Basishalterung<\/p>\n<p><strong>Abnehmbare Teile<\/strong><\/p>\n<p>Container<br \/>\nWassertank<br \/>\nDoppelb\u00fcrste<br \/>\nFiltersystem<\/p>\n<p><strong>Anzahl Tragegriffe<\/strong><\/p>\n<p>1 St.<\/p>\n<p>FARBE &amp; MATERIAL<\/p>\n<p><strong>Farbe<\/strong><\/p>\n<p>Wei\u00df<\/p>\n<p><strong>Material Geh\u00e4use<\/strong><\/p>\n<p>Plastik<\/p>\n<p><strong>Material Saugrohr<\/strong><\/p>\n<p>Rostfreier Stahl<\/p>\n<p><strong>Material Saugschlauch<\/strong><\/p>\n<p>Plastik<\/p>\n<p><strong>Material Auffangbeh\u00e4lter<\/strong><\/p>\n<p>Plastik<\/p>\n<p>MASSE &amp; GEWICH<\/p>\n<p><strong>Gewicht<\/strong><\/p>\n<p>5,00 kg<\/p>\n<p>TECHNISCHE DATEN<\/p>\n<p><strong>Leistung<\/strong><\/p>\n<p>260 W<\/p>\n<p><strong>Absicherung<\/strong><\/p>\n<p>1 A<\/p>\n<p><strong>Saugkraft<\/strong><\/p>\n<p>13000,00 bar<\/p>\n<p><strong>Fassungsverm\u00f6gen Staubbeh\u00e4lter<\/strong><\/p>\n<p>0.62 l<\/p>\n<p><strong>Typ Netzstecker<\/strong><\/p>\n<p>Europ\u00e4ischer Stecker<\/p>\n<p><strong>Fassungsverm\u00f6gen Nassschmutzbeh\u00e4lter<\/strong><\/p>\n<p>0.85 l<\/p>\n<p><strong>Mitgeliefertes Zubeh\u00f6r<\/strong><\/p>\n<p>Dayd-Gastgeber<br \/>\nPflegeb\u00fcrste<br \/>\nFilter<br \/>\nEnergieversorgung<br \/>\nObwohl<br \/>\nBenutzerhandbuch<\/p>\n<p><strong>Schutzart<\/strong><\/p>\n<p>IPX 4<\/p>\n<p>AKKU &amp; BETRIEBSZEITEN<\/p>\n<p><strong>Auflademethode<\/strong><\/p>\n<p>mit Ladeger\u00e4t<\/p>\n<p><strong>Akkukapazit\u00e4t<\/strong><\/p>\n<p>5000,00 mAh<\/p>\n<p><strong>Akkulaufzeit (Betrieb)<\/strong><\/p>\n<p>35,00 min<\/p>\n<p><strong>Akkuladefunktionen<\/strong><\/p>\n<p>Schnellladefunktion<br \/>\nStoppfunktion f\u00fcr die Batterieladung<\/p>\n<p><strong>Batterie-\/Akku-Technologie<\/strong><\/p>\n<p>Li-lon<\/p>\n<p>PROGRAMME &amp; FUNKTIONEN<\/p>\n<p><strong>Ein-\/Ausschalter<\/strong><\/p>\n<p>Tasten am Ger\u00e4t<\/p>\n<p><strong>Saugfunktionen<\/strong><\/p>\n<p>Nass Saugfunktion<br \/>\nWaschfunktion<br \/>\nFunktion Trockenabsaugung<\/p>\n<p><strong>Saugkraftregulierung<\/strong><\/p>\n<p>Sprachansagen<\/p>\n<p><strong>Anzahl einstellbarer Reinigungsprogramme<\/strong><\/p>\n<p>3<\/p>\n<p><strong>Kontrollleuchten<\/strong><\/p>\n<p>Anzeige des Ladestatus<br \/>\nBetriebs-Anzeige<\/p>\n<p>REINIGUNG &amp; PFLEGE<\/p>\n<p><strong>Filtersystem<\/strong><\/p>\n<p>HEPA<\/p>\n<p><strong>Auswaschbare Teile<\/strong><\/p>\n<p>Staubsammelbeh\u00e4lter<\/p>\n<p><strong>Staubbeh\u00e4lterfunktionen<\/strong><\/p>\n<p>Mit F\u00fcllstandsanzeige<\/p>\n<p>WISSENSWERTES<\/p>\n<p><strong>Herstellungsland<\/strong><\/p>\n<p>CN<\/p>\n<p><strong>Sprachen Bedienungs-\/Aufbauanleitung<\/strong><\/p>\n<p>DE<\/p>\n<\/div>\n<div>\n<div><\/div>\n<\/div>\n<p><strong>Roborock Dyad WD1S1A, Nass-\/Trockensauger, kabellos<\/strong><\/p>\n<p>Der Artikel ist technisch .  k\u00f6nnen vorhanden sein. Artikel in ge\u00f6ffneter .<\/p>\n<dl>\n<dt>Produkttyp:<\/dt>\n<dd>Standstaubsauger<\/dd>\n<dt>Staubbeh\u00e4lter Typ:<\/dt>\n<dd>Beutellos<\/dd>\n<dt>Produktfarbe:<\/dt>\n<dd>Schwarz, Rot, Wei\u00df<\/dd>\n<dt>Abnehmbarer Wasserbeh\u00e4lter:<\/dt>\n<dd>Ja<\/dd>\n<dt>B\u00fcrstenform:<\/dt>\n<dd>Rechteckig<\/dd>\n<dt>Reinigungsart:<\/dt>\n<dd>Trocken&amp;Nass<\/dd>\n<dt>Display-Typ:<\/dt>\n<dd>LED<\/dd>\n<dt>Entfernbarer Filter:<\/dt>\n<dd>Ja<\/dd>\n<dt>Griffart:<\/dt>\n<dd>Schlaufengriff<\/dd>\n<dt>Energiequelle:<\/dt>\n<dd>Akku<\/dd>\n<dt>Saugleistung:<\/dt>\n<dd>17000 Pascal<\/dd>\n<dt>AC Eingangsspannung:<\/dt>\n<dd>100 &#8211; 240 V<\/dd>\n<dt>Akku-\/Batterietechnologie:<\/dt>\n<dd>Lithium-Ion (Li-Ion)<\/dd>\n<dt>Menge pro Packung:<\/dt>\n<dd>1 St\u00fcck(e)<\/dd>\n<dt>Akku:<\/dt>\n<dd>Ja<\/dd>\n<dt>Breite:<\/dt>\n<dd>191 mm<\/dd>\n<dt>Tiefe:<\/dt>\n<dd>270 mm<\/dd>\n<dt>H\u00f6he:<\/dt>\n<dd>1112 mm<\/dd>\n<dt>Gewicht:<\/dt>\n<dd>4,99 kg<\/dd>\n<dt>Betriebsanleitung:<\/dt>\n<dd>Ja<\/dd>\n<dt>Ladestation:<\/dt>\n<dd>Ja<\/dd>\n<dt>AC-Netzadapter:<\/dt>\n<dd>Ja<\/dd>\n<dt>Anzahl:<\/dt>\n<dd>1<\/dd>\n<\/dl>\n<p>Design | Staubbeh\u00e4lter Typ: Beutellos | Produktfarbe: Schwarz Rot Wei\u00df | Abnehmbarer Wasserbeh\u00e4lter: Ja | B\u00fcrstenform: Rechteckig | | Ergonomie | Entfernbarer Filter: Ja | Griffart: Schlaufengriff | | Energie | Energiequelle: Akku | AC Eingangsspannung: 100 &#8211; 240 V | Akku-\/Batterietechnologie: Lithium-Ion (Li-Ion) | | Gewicht und Abmessungen | Breite: 191 mm | Tiefe: 270 mm | H\u00f6he: 1112 mm | Gewicht: 499 kg | | Lieferumfang | Betriebsanleitung: Ja | Ladestation: Ja | AC-Netzadapter: Ja | Anzahl: 1 | |<\/p>\n<p>Hauptmerkmale Design Staubbeh\u00e4lter Typ Beutellos Produktfarbe Schwarz, Rot, Wei\u00df Abnehmbarer Wasserbeh\u00e4lter Ja B\u00fcrstenform Rechteckig Leistungen Reinigungsart Trocken&amp;Nass Display-Typ LED Ergonomie Entfernbarer Filter Ja Griffart Schlaufengriff Leistung Energiequelle Akku AC Eingangsspannung 100 &#8211; 240 V Akku-\/Batterietechnologie Lithium-Ion (Li-Ion) Verpackungsdaten Menge pro Packung 1 St\u00fcck(e) Akku\/Batterie Akku Ja Gewicht und Abmessungen Breite 191 mm Tiefe 270 mm H\u00f6he 1112 mm Gewicht 4,99 kg Lieferumfang Betriebsanleitung Ja Ladestation Ja AC-Netzadapter Ja Anzahl 1<\/p>\n<p>Roborock WD1S1A51-01. Staubbeh<\/p><\/div>\n<p> , <\/p>\n<section class=\"paid-brand-link__wrapper rd-product-description__paid-brand-link\" aria-label=\"Weiter zu Informationen zum roborock-Shop\" data-v-13f826b9=\"\"><a data-test=\"paid-brand-link\" class=\"paid-brand-link\" aria-label=\"roborock-Marken-Shop\" href=\"https:\/\/www.kaufland.de\/m\/roborock\/~1427137\/\" data-v-13f826b9=\"\"><\/p>\n<div class=\"manufacturer-logo paid-brand-link__logo\" data-v-13f826b9=\"\"><img decoding=\"async\" class=\"manufacturer-logo__image manufacturer-logo__image--paid-brand\" src=\"https:\/\/media.cdn.kaufland.de\/manufacturer\/154x154\/f4686760e529ba657372cd7e3ef52b6a.jpg\" alt=\"roborock Logo\" aria-label=\"Zu weiteren Produkten von roborock\"><\/div>\n<div class=\"paid-brand-link__text-wrapper\" data-v-13f826b9=\"\"><span data-v-13f826b9=\"\">Marken-Shop<\/span><span class=\"svg-icon paid-brand-link__icon\" aria-hidden=\"true\" data-v-13f826b9=\"\"><svg role=\"img\" class=\"svg-icon__icon\" focusable=\"false\" viewBox=\"0 0 22 22\" xmlns=\"http:\/\/www.w3.org\/2000\/svg\"><path d=\"m6.71 21.71-1.42-1.42 9.3-9.29-9.3-9.29L6.71.29 17.41 11 6.71 21.71Z\"><\/path><\/svg><\/span><\/div>\n<p><\/a><button class=\"rd-focus-outline paid-brand-link__sponsored-button\" type=\"button\" aria-label=\"Weitere Informationen zu: Warum wird mir diese Anzeige angezeigt?\" data-test=\"paid-brand-link-sponsored-button\" data-v-13f826b9=\"\"><!--[--><!--[--><!--]--><span class=\"rd-button__text\"><!--[--><\/p>\n<div class=\"paid-brand-link__sponsored-button-text-wrapper\" data-v-13f826b9=\"\"><span class=\"paid-brand-link__sponsored-button-text\" data-v-13f826b9=\"\">Gesponsert<\/span><span class=\"svg-icon paid-brand-link__sponsored-button-icon\" aria-hidden=\"true\" data-v-13f826b9=\"\"><svg role=\"img\" class=\"svg-icon__icon\" focusable=\"false\" viewBox=\"0 0 22 22\" xmlns=\"http:\/\/www.w3.org\/2000\/svg\"><path d=\"M11 0C8.82441 0 6.69767 0.645139 4.88873 1.85383C3.07979 3.06253 1.66989 4.78049 0.83733 6.79048C0.00476617 8.80047 -0.213071 11.0122 0.211367 13.146C0.635804 15.2798 1.68345 17.2398 3.22183 18.7782C4.76021 20.3166 6.72022 21.3642 8.85401 21.7886C10.9878 22.2131 13.1995 21.9952 15.2095 21.1627C17.2195 20.3301 18.9375 18.9202 20.1462 17.1113C21.3549 15.3023 22 13.1756 22 11C22 8.08262 20.8411 5.28473 18.7782 3.22183C16.7153 1.15893 13.9174 0 11 0V0ZM11 20C9.21997 20 7.47992 19.4722 5.99987 18.4832C4.51983 17.4943 3.36628 16.0887 2.68509 14.4442C2.0039 12.7996 1.82567 10.99 2.17294 9.24419C2.5202 7.49836 3.37737 5.89471 4.63604 4.63604C5.89472 3.37737 7.49836 2.5202 9.24419 2.17293C10.99 1.82567 12.7996 2.0039 14.4442 2.68508C16.0887 3.36627 17.4943 4.51983 18.4832 5.99987C19.4722 7.47991 20 9.21997 20 11C20 12.1819 19.7672 13.3522 19.3149 14.4442C18.8626 15.5361 18.1997 16.5282 17.364 17.364C16.5282 18.1997 15.5361 18.8626 14.4442 19.3149C13.3522 19.7672 12.1819 20 11 20Z\"><\/path><path d=\"M12 9H10V17H12V9Z\"><\/path><path d=\"M11 8C11.8284 8 12.5 7.32843 12.5 6.5C12.5 5.67157 11.8284 5 11 5C10.1716 5 9.5 5.67157 9.5 6.5C9.5 7.32843 10.1716 8 11 8Z\"><\/path><\/svg><\/span><\/div>\n<p><!--]--><\/span><!--]--><\/button><\/section>\n<p><!----><\/p>\n<section aria-label=\"Produktdaten\">\n<dl class=\"pdp-attribute-list\"><!--[--><\/p>\n<div class=\"pdp-attribute-list__item--single-row pdp-attribute-list__item\">\n<dt data-test=\"attribute-list-title\" class=\"pdp-attribute-list__title\">Modell<\/dt>\n<dd class=\"pdp-attribute-list__values\" data-test=\"attribute-list-values\"><!--[--><\/p>\n<div data-test-item_text=\"Dyad\" class=\"pdp-attribute-list__value\">\n<div class=\"pdp-attribute-list__item-text\">\n<div>Dyad<\/div>\n<\/div>\n<\/div>\n<p><!--]--><\/dd>\n<\/div>\n<div class=\"pdp-attribute-list__item--single-row pdp-attribute-list__item\">\n<dt data-test=\"attribute-list-title\" class=\"pdp-attribute-list__title\">Breite<\/dt>\n<dd class=\"pdp-attribute-list__values\" data-test=\"attribute-list-values\"><!--[--><\/p>\n<div data-test-item_text=\"19.1 cm\" class=\"pdp-attribute-list__value\">\n<div class=\"pdp-attribute-list__item-text\">\n<div>19.1 cm<\/div>\n<\/div>\n<\/div>\n<p><!--]--><\/dd>\n<\/div>\n<div class=\"pdp-attribute-list__item--single-row pdp-attribute-list__item\">\n<dt data-test=\"attribute-list-title\" class=\"pdp-attribute-list__title\">Ma\u00dfe<\/dt>\n<dd class=\"pdp-attribute-list__values\" data-test=\"attribute-list-values\"><!--[--><\/p>\n<div data-test-item_text=\"191 mm x 1112 mm x 270 mm\" class=\"pdp-attribute-list__value\">\n<div class=\"pdp-attribute-list__item-text\">\n<div>191 mm x 1112 mm x 270 mm<\/div>\n<\/div>\n<\/div>\n<p><!--]--><\/dd>\n<\/div>\n<div class=\"pdp-attribute-list__item--single-row pdp-attribute-list__item\">\n<dt data-test=\"attribute-list-title\" class=\"pdp-attribute-list__title\">Hersteller<\/dt>\n<dd class=\"pdp-attribute-list__values\" data-test=\"attribute-list-values\"><!--[--><\/p>\n<div data-test-item_text=\"roborock\" class=\"pdp-attribute-list__value\"><a class=\"rd-link rd-link--primary pdp-attribute-list__link\" href=\"https:\/\/www.kaufland.de\/m\/roborock\/~1427137\/\"><!--[--><!--]--><span class=\"rd-link__text\"><!--[--><\/p>\n<div><span>roborock<\/span><\/div>\n<p><!--]--><\/span><!----><\/a><\/div>\n<p><!--]--><\/dd>\n<\/div>\n<div class=\"pdp-attribute-list__item--single-row pdp-attribute-list__item\">\n<dt data-test=\"attribute-list-title\" class=\"pdp-attribute-list__title\">Staubsauger Ausstattung<\/dt>\n<dd class=\"pdp-attribute-list__values\" data-test=\"attribute-list-values\"><!--[--><\/p>\n<div data-test-item_text=\"Beutellos\" class=\"pdp-attribute-list__value\">\n<div class=\"pdp-attribute-list__item-text\">\n<div>Beutellos<\/div>\n<\/div>\n<\/div>\n<p><!--]--><\/dd>\n<\/div>\n<div class=\"pdp-attribute-list__item\">\n<dt data-test=\"attribute-list-title\" class=\"pdp-attribute-list__title\">Lieferumfang<\/dt>\n<dd class=\"pdp-attribute-list__values\" data-test=\"attribute-list-values\"><!--[--><\/p>\n<div data-test-item_text=\"Handstaubsauger, Filter, Aufladestation, Netzkabel, Reinigungsb\u00fcrste, Wassertank, Staubbeh\u00e4lter,\" class=\"pdp-attribute-list__value\">\n<div class=\"pdp-attribute-list__item-text\">\n<div>Handstaubsauger, Filter, Aufladestation, Netzkabel, Reinigungsb\u00fcrste, Wassertank, Staubbeh\u00e4lter,<\/div>\n<\/div>\n<\/div>\n<p><!--]--><\/dd>\n<\/div>\n<div class=\"pdp-attribute-list__item--single-row pdp-attribute-list__item\">\n<dt data-test=\"attribute-list-title\" class=\"pdp-attribute-list__title\">H\u00f6he<\/dt>\n<dd class=\"pdp-attribute-list__values\" data-test=\"attribute-list-values\"><!--[--><\/p>\n<div data-test-item_text=\"111.2 cm\" class=\"pdp-attribute-list__value\">\n<div class=\"pdp-attribute-list__item-text\">\n<div>111.2 cm<\/div>\n<\/div>\n<\/div>\n<p><!--]--><\/dd>\n<\/div>\n<div class=\"pdp-attribute-list__item--single-row pdp-attribute-list__item\">\n<dt data-test=\"attribute-list-title\" class=\"pdp-attribute-list__title\">Gewicht<\/dt>\n<dd class=\"pdp-attribute-list__values\" data-test=\"attribute-list-values\"><!--[--><\/p>\n<div data-test-item_text=\"7.38 kg\" class=\"pdp-attribute-list__value\">\n<div class=\"pdp-attribute-list__item-text\">\n<div>7.38 kg<\/div>\n<\/div>\n<\/div>\n<p><!--]--><\/dd>\n<\/div>\n<div class=\"pdp-attribute-list__item--single-row pdp-attribute-list__item\">\n<dt data-test=\"attribute-list-title\" class=\"pdp-attribute-list__title\">Leistung<\/dt>\n<dd class=\"pdp-attribute-list__values\" data-test=\"attribute-list-values\"><!--[--><\/p>\n<div data-test-item_text=\"260 W\" class=\"pdp-attribute-list__value\">\n<div class=\"pdp-attribute-list__item-text\">\n<div>260 W<\/div>\n<\/div>\n<\/div>\n<p><!--]--><\/dd>\n<\/div>\n<div class=\"pdp-attribute-list__item--single-row pdp-attribute-list__item\">\n<dt data-test=\"attribute-list-title\" class=\"pdp-attribute-list__title\">Gefahrgutkennzeichen LI-Versand<\/dt>\n<dd class=\"pdp-attribute-list__values\" data-test=\"attribute-list-values\"><!--[--><\/p>\n<div data-test-item_text=\"UN 3481\" class=\"pdp-attribute-list__value\">\n<div class=\"pdp-attribute-list__item-text\">\n<div>UN 3481<\/div>\n<\/div>\n<\/div>\n<p><!--]--><\/dd>\n<\/div>\n<div class=\"pdp-attribute-list__item--single-row pdp-attribute-list__item\">\n<dt data-test=\"attribute-list-title\" class=\"pdp-attribute-list__title\">Farbe<\/dt>\n<dd class=\"pdp-attribute-list__values\" data-test=\"attribute-list-values\"><!--[--><\/p>\n<div data-test-item_text=\"Schwarz\" class=\"pdp-attribute-list__value\">\n<div class=\"pdp-attribute-list__item-text\">\n<div>Schwarz<\/div>\n<\/div>\n<\/div>\n<div data-test-item_text=\"Rot\" class=\"pdp-attribute-list__value\">\n<div class=\"pdp-attribute-list__item-text\">\n<div>Rot<\/div>\n<\/div>\n<\/div>\n<div data-test-item_text=\"Wei\u00df\" class=\"pdp-attribute-list__value\">\n<div class=\"pdp-attribute-list__item-text\">\n<div>Wei\u00df<\/div>\n<\/div>\n<\/div>\n<p><!--]--><\/dd>\n<\/div>\n<div class=\"pdp-attribute-list__item--single-row pdp-attribute-list__item\">\n<dt data-test=\"attribute-list-title\" class=\"pdp-attribute-list__title\">Spannung<\/dt>\n<dd class=\"pdp-attribute-list__values\" data-test=\"attribute-list-values\"><!--[--><\/p>\n<div data-test-item_text=\"240000 mV\" class=\"pdp-attribute-list__value\">\n<div class=\"pdp-attribute-list__item-text\">\n<div>240000 mV<\/div>\n<\/div>\n<\/div>\n<p><!--]--><\/dd>\n<\/div>\n<div class=\"pdp-attribute-list__item--single-row pdp-attribute-list__item\">\n<dt data-test=\"attribute-list-title\" class=\"pdp-attribute-list__title\">Herstellernummer<\/dt>\n<dd class=\"pdp-attribute-list__values\" data-test=\"attribute-list-values\"><!--[--><\/p>\n<div data-test-item_text=\"R300001\" class=\"pdp-attribute-list__value\">\n<div class=\"pdp-attribute-list__item-text\">\n<div>R300001<\/div>\n<\/div>\n<\/div>\n<p><!--]--><\/dd>\n<\/div>\n<div class=\"pdp-attribute-list__item--single-row pdp-attribute-list__item\">\n<dt data-test=\"attribute-list-title\" class=\"pdp-attribute-list__title\">EAN<\/dt>\n<dd class=\"pdp-attribute-list__values\" data-test=\"attribute-list-values\"><!--[--><\/p>\n<div data-test-item_text=\"6974653810139\" class=\"pdp-attribute-list__value\">\n<div class=\"pdp-attribute-list__item-text\">\n<div>6974653810139<\/div>\n<\/div>\n<\/div>\n<p><!--]--><\/dd>\n<\/div>\n<p><!--]--><\/dl>\n<\/section>\n","protected":false},"excerpt":{"rendered":"<p>, <\/p>\n<dt data-test=\"attribute-list-title\" class=\"pdp-attribute-list__title\">Farbe<\/dt>\n<dd class=\"pdp-attribute-list__values\" data-test=\"attribute-list-values\"><!--[--><\/p>\n<div data-test-item_text=\"Schwarz\" class=\"pdp-attribute-list__value\">\n<div class=\"pdp-attribute-list__item-text\">\n<div>Schwarz<\/div>\n<\/div>\n<\/div>\n<div data-test-item_text=\"Rot\" class=\"pdp-attribute-list__value\">\n<div class=\"pdp-attribute-list__item-text\">\n<div>Rot<\/div>\n<\/div>\n<\/div>\n<div data-test-item_text=\"Wei\u00df\" class=\"pdp-attribute-list__value\">\n<div class=\"pdp-attribute-list__item-text\">\n<div>Wei\u00df<\/div>\n<\/div>\n<\/div>\n<p><!--]--><\/dd>\n<p>, <\/p>\n<dt data-test=\"attribute-list-title\" class=\"pdp-attribute-list__title\">Lieferumfang<\/dt>\n<dd class=\"pdp-attribute-list__values\" data-test=\"attribute-list-values\"><!--[--><\/p>\n<div data-test-item_text=\"Handstaubsauger, Filter, Aufladestation, Netzkabel, Reinigungsb\u00fcrste, Wassertank, Staubbeh\u00e4lter,\" class=\"pdp-attribute-list__value\">\n<div class=\"pdp-attribute-list__item-text\">\n<div>Handstaubsauger, Filter, Aufladestation, Netzkabel, Reinigungsb\u00fcrste, Wassertank, Staubbeh\u00e4lter,<\/div>\n<\/div>\n<\/div>\n<p><!--]--><\/dd>\n","protected":false},"featured_media":58649,"comment_status":"open","ping_status":"closed","template":"","meta":{"_monsterinsights_skip_tracking":false,"_monsterinsights_sitenote_active":false,"_monsterinsights_sitenote_note":"","_monsterinsights_sitenote_category":0,"_uf_show_specific_survey":0,"_uf_disable_surveys":false},"product_brand":[],"product_cat":[518],"product_tag":[],"models":[],"years":[],"class_list":{"0":"post-49457","1":"product","2":"type-product","3":"status-publish","4":"has-post-thumbnail","6":"product_cat-haushaltskleingerate","8":"first","9":"instock","10":"sale","11":"shipping-taxable","12":"purchasable","13":"product-type-simple"},"aioseo_notices":[],"acf":[],"_links":{"self":[{"href":"https:\/\/amannforg.com\/de\/wp-json\/wp\/v2\/product\/49457","targetHints":{"allow":["GET"]}}],"collection":[{"href":"https:\/\/amannforg.com\/de\/wp-json\/wp\/v2\/product"}],"about":[{"href":"https:\/\/amannforg.com\/de\/wp-json\/wp\/v2\/types\/product"}],"replies":[{"embeddable":true,"href":"https:\/\/amannforg.com\/de\/wp-json\/wp\/v2\/comments?post=49457"}],"version-history":[{"count":1,"href":"https:\/\/amannforg.com\/de\/wp-json\/wp\/v2\/product\/49457\/revisions"}],"predecessor-version":[{"id":58659,"href":"https:\/\/amannforg.com\/de\/wp-json\/wp\/v2\/product\/49457\/revisions\/58659"}],"wp:featuredmedia":[{"embeddable":true,"href":"https:\/\/amannforg.com\/de\/wp-json\/wp\/v2\/media\/58649"}],"wp:attachment":[{"href":"https:\/\/amannforg.com\/de\/wp-json\/wp\/v2\/media?parent=49457"}],"wp:term":[{"taxonomy":"product_brand","embeddable":true,"href":"https:\/\/amannforg.com\/de\/wp-json\/wp\/v2\/product_brand?post=49457"},{"taxonomy":"product_cat","embeddable":true,"href":"https:\/\/amannforg.com\/de\/wp-json\/wp\/v2\/product_cat?post=49457"},{"taxonomy":"product_tag","embeddable":true,"href":"https:\/\/amannforg.com\/de\/wp-json\/wp\/v2\/product_tag?post=49457"},{"taxonomy":"models","embeddable":true,"href":"https:\/\/amannforg.com\/de\/wp-json\/wp\/v2\/models?post=49457"},{"taxonomy":"years","embeddable":true,"href":"https:\/\/amannforg.com\/de\/wp-json\/wp\/v2\/years?post=49457"}],"curies":[{"name":"wp","href":"https:\/\/api.w.org\/{rel}","templated":true}]}}